{"id":36216,"date":"2026-04-01T17:12:21","date_gmt":"2026-04-01T17:12:21","guid":{"rendered":"https:\/\/bioswing.ee\/?post_type=product&#038;p=36216"},"modified":"2026-04-01T17:14:33","modified_gmt":"2026-04-01T17:14:33","slug":"bioswing-260-iq-copy-copy-copy-copy-copy-copy-copy-copy-copy-copy-copy-copy-copy-copy-copy","status":"publish","type":"product","link":"https:\/\/bioswing.ee\/sv\/toode\/bioswing-260-iq-copy-copy-copy-copy-copy-copy-copy-copy-copy-copy-copy-copy-copy-copy-copy\/","title":{"rendered":"BIOSWING 260 iQ (Copy) (Copy) (Copy) (Copy) (Copy) (Copy) (Copy) (Copy) (Copy) (Copy) (Copy) (Copy) (Copy) (Copy) (Copy)"},"content":{"rendered":"<h4>BIOSWING 260 iQ<\/h4>\n<ul>\n<li>Ergonomisk kontorsstol med ortopedisk effekt<\/li>\n<li>Integrerad, adaptiv 3D-sitsmekanism<\/li>\n<li>Synkronmekanism med automatisk viktjustering (med finjustering)<\/li>\n<li>Armst\u00f6d med individuellt justerbar h\u00f6jd<\/li>\n<li>Individuell sittlutningsjustering, med antingen b\u00e4ckenstabilisator eller gasfj\u00e4der<\/li>\n<li>Sittdjupet kan justeras f\u00f6r att passa benl\u00e4ngden<\/li>\n<li>Ryggst\u00f6d med justerbar h\u00f6jd, dessutom med integrerad l\u00e4ndryggsformning<\/li>\n<li>Ryggst\u00f6dets h\u00f6jd: 60 cm<\/li>\n<li>Tyg\u00f6verdrag: X-treme FR svart<\/li>\n<li>Stj\u00e4rnfot: Plast, svart<\/li>\n<\/ul>\n<p><iframe title=\"YouTube video player\" src=\"https:\/\/www.youtube.com\/embed\/eWx3ptVNA2o\" width=\"100%\" height=\"450\" frameborder=\"0\" allowfullscreen=\"allowfullscreen\"><\/iframe><\/p>\n<p><iframe title=\"YouTube video player\" src=\"https:\/\/www.youtube.com\/embed\/RdAkGYfQRU0?si=iZjPFPN7BfNfVNQH\" width=\"100%\" height=\"450\" frameborder=\"0\" allowfullscreen=\"allowfullscreen\"><\/iframe><\/p>\n","protected":false},"excerpt":{"rendered":"<h4>Motivation och h\u00e4lsa \u00e4r n\u00e4ra kopplade till hur v\u00e4l stolen \u00e4r i harmoni med en persons anatomi.<\/h4>\n<p>Ju mer exakt en kontorsstol kan anpassas efter dina personliga behov, desto b\u00e4ttre \u2013 s\u00e4rskilt om du beh\u00f6ver sitta under l\u00e4ngre perioder.<br \/>Nedan presenterar vi de viktigaste justeringsm\u00f6jligheterna i 2-serien.<\/p>\n<h4>En BIOSWING 2-serie kontorsstol ger massor av extra r\u00f6relse medan du sitter.<\/h4>\n<p>Tack vare de olika mekanismerna reagerar 2-serien inte bara p\u00e5 varje r\u00f6relse <strong>fr\u00e5n anv\u00e4ndaren,<\/strong> utan anpassar sig ocks\u00e5 individuellt till varje h\u00e5llning som du antar under en l\u00e5ng dag. Dessutom \u00e4r den b\u00e4sta h\u00e5llningen alltid den n\u00e4sta.<br \/>V\u00e5r ryggrad \u00e4lskar en uppr\u00e4tt h\u00e5llning kombinerad med mycket aktiv r\u00f6relse. 2-serien (b\u00e4sts\u00e4ljare) \u00e4r utrustad med antingen en <strong>individuellt justerbar<\/strong> sittlutningsjustering eller b\u00e4ckenstabilisator med ett underbart mjukt svar, s\u00e5 att du enkelt kan r\u00f6ra ditt b\u00e4cken och d\u00e4rmed ocks\u00e5 d<strong>in ryggrad till den naturliga S-formen<\/strong>. <\/p>\n<p><img decoding=\"async\" class=\"alignnone wp-image-916\" src=\"https:\/\/bioswing.ee\/wp-content\/uploads\/2023\/04\/pdf.png\" alt=\"pdf\" width=\"19\" height=\"20\"> <a href=\"https:\/\/bioswing.ee\/wp-content\/uploads\/2023\/04\/produktblatt_260_v02_EN.pdf\" target=\"_blank\" rel=\"noopener\">Download Product Sheet (PDF)<\/a><\/p>\n","protected":false},"featured_media":36143,"template":"","meta":{"_acf_changed":false},"product_brand":[],"product_cat":[],"product_tag":[],"class_list":{"0":"post-36216","1":"product","2":"type-product","3":"status-publish","4":"has-post-thumbnail","7":"first","8":"instock","9":"sale","10":"taxable","11":"shipping-taxable","12":"purchasable","13":"product-type-simple"},"acf":[],"yoast_head":"<!-- This site is optimized with the Yoast SEO plugin v24.3 - https:\/\/yoast.com\/wordpress\/plugins\/seo\/ -->\n<title>BIOSWING 260 iQ (Copy) (Copy) (Copy) (Copy) (Copy) (Copy) (Copy) (Copy) (Copy) (Copy) (Copy) (Copy) (Copy) (Copy) (Copy) - BIOSWING<\/title>\n<meta name=\"robots\" content=\"index, follow, max-snippet:-1, max-image-preview:large, max-video-preview:-1\" \/>\n<link rel=\"canonical\" href=\"https:\/\/bioswing.ee\/sv\/toode\/bioswing-260-iq-copy-copy-copy-copy-copy-copy-copy-copy-copy-copy-copy-copy-copy-copy-copy\/\" \/>\n<meta property=\"og:locale\" content=\"sv_SE\" \/>\n<meta property=\"og:type\" content=\"article\" \/>\n<meta property=\"og:title\" content=\"BIOSWING 260 iQ (Copy) (Copy) (Copy) (Copy) (Copy) (Copy) (Copy) (Copy) (Copy) (Copy) (Copy) (Copy) (Copy) (Copy) (Copy) - BIOSWING\" \/>\n<meta property=\"og:description\" content=\"Motivation och h\u00e4lsa \u00e4r n\u00e4ra kopplade till hur v\u00e4l stolen \u00e4r i harmoni med en persons anatomi. Ju mer exakt en kontorsstol kan anpassas efter dina personliga behov, desto b\u00e4ttre \u2013 s\u00e4rskilt om du beh\u00f6ver sitta under l\u00e4ngre perioder.Nedan presenterar vi de viktigaste justeringsm\u00f6jligheterna i 2-serien.  En BIOSWING 2-serie kontorsstol ger massor av extra r\u00f6relse medan du sitter. Tack vare de olika mekanismerna reagerar 2-serien inte bara p\u00e5 varje r\u00f6relse fr\u00e5n anv\u00e4ndaren, utan anpassar sig ocks\u00e5 individuellt till varje h\u00e5llning som du antar under en l\u00e5ng dag. Dessutom \u00e4r den b\u00e4sta h\u00e5llningen alltid den n\u00e4sta.V\u00e5r ryggrad \u00e4lskar en uppr\u00e4tt h\u00e5llning kombinerad med mycket aktiv r\u00f6relse. 2-serien (b\u00e4sts\u00e4ljare) \u00e4r utrustad med antingen en individuellt justerbar sittlutningsjustering eller b\u00e4ckenstabilisator med ett underbart mjukt svar, s\u00e5 att du enkelt kan r\u00f6ra ditt b\u00e4cken och d\u00e4rmed ocks\u00e5 din ryggrad till den naturliga S-formen.      Download Product Sheet (PDF)\" \/>\n<meta property=\"og:url\" content=\"https:\/\/bioswing.ee\/sv\/toode\/bioswing-260-iq-copy-copy-copy-copy-copy-copy-copy-copy-copy-copy-copy-copy-copy-copy-copy\/\" \/>\n<meta property=\"og:site_name\" content=\"BIOSWING\" \/>\n<meta property=\"article:modified_time\" content=\"2026-04-01T17:14:33+00:00\" \/>\n<meta property=\"og:image\" content=\"https:\/\/bioswing.ee\/wp-content\/uploads\/2026\/04\/bioswing_boogie_oneup_easy_1.jpg\" \/>\n\t<meta property=\"og:image:width\" content=\"800\" \/>\n\t<meta property=\"og:image:height\" content=\"1066\" \/>\n\t<meta property=\"og:image:type\" content=\"image\/jpeg\" \/>\n<meta name=\"twitter:card\" content=\"summary_large_image\" \/>\n<script type=\"application\/ld+json\" class=\"yoast-schema-graph\">{\"@context\":\"https:\/\/schema.org\",\"@graph\":[{\"@type\":\"WebPage\",\"@id\":\"https:\/\/bioswing.ee\/sv\/toode\/bioswing-260-iq-copy-copy-copy-copy-copy-copy-copy-copy-copy-copy-copy-copy-copy-copy-copy\/\",\"url\":\"https:\/\/bioswing.ee\/sv\/toode\/bioswing-260-iq-copy-copy-copy-copy-copy-copy-copy-copy-copy-copy-copy-copy-copy-copy-copy\/\",\"name\":\"BIOSWING 260 iQ (Copy) (Copy) (Copy) (Copy) (Copy) (Copy) (Copy) (Copy) (Copy) (Copy) (Copy) (Copy) (Copy) (Copy) (Copy) - BIOSWING\",\"isPartOf\":{\"@id\":\"https:\/\/bioswing.ee\/#website\"},\"primaryImageOfPage\":{\"@id\":\"https:\/\/bioswing.ee\/sv\/toode\/bioswing-260-iq-copy-copy-copy-copy-copy-copy-copy-copy-copy-copy-copy-copy-copy-copy-copy\/#primaryimage\"},\"image\":{\"@id\":\"https:\/\/bioswing.ee\/sv\/toode\/bioswing-260-iq-copy-copy-copy-copy-copy-copy-copy-copy-copy-copy-copy-copy-copy-copy-copy\/#primaryimage\"},\"thumbnailUrl\":\"https:\/\/bioswing.ee\/wp-content\/uploads\/2026\/04\/bioswing_boogie_oneup_easy_1.jpg\",\"datePublished\":\"2026-04-01T17:12:21+00:00\",\"dateModified\":\"2026-04-01T17:14:33+00:00\",\"breadcrumb\":{\"@id\":\"https:\/\/bioswing.ee\/sv\/toode\/bioswing-260-iq-copy-copy-copy-copy-copy-copy-copy-copy-copy-copy-copy-copy-copy-copy-copy\/#breadcrumb\"},\"inLanguage\":\"sv-SE\",\"potentialAction\":[{\"@type\":\"ReadAction\",\"target\":[\"https:\/\/bioswing.ee\/sv\/toode\/bioswing-260-iq-copy-copy-copy-copy-copy-copy-copy-copy-copy-copy-copy-copy-copy-copy-copy\/\"]}]},{\"@type\":\"ImageObject\",\"inLanguage\":\"sv-SE\",\"@id\":\"https:\/\/bioswing.ee\/sv\/toode\/bioswing-260-iq-copy-copy-copy-copy-copy-copy-copy-copy-copy-copy-copy-copy-copy-copy-copy\/#primaryimage\",\"url\":\"https:\/\/bioswing.ee\/wp-content\/uploads\/2026\/04\/bioswing_boogie_oneup_easy_1.jpg\",\"contentUrl\":\"https:\/\/bioswing.ee\/wp-content\/uploads\/2026\/04\/bioswing_boogie_oneup_easy_1.jpg\",\"width\":800,\"height\":1066},{\"@type\":\"BreadcrumbList\",\"@id\":\"https:\/\/bioswing.ee\/sv\/toode\/bioswing-260-iq-copy-copy-copy-copy-copy-copy-copy-copy-copy-copy-copy-copy-copy-copy-copy\/#breadcrumb\",\"itemListElement\":[{\"@type\":\"ListItem\",\"position\":1,\"name\":\"Home\",\"item\":\"https:\/\/bioswing.ee\/\"},{\"@type\":\"ListItem\",\"position\":2,\"name\":\"SHOP\",\"item\":\"https:\/\/bioswing.ee\/sv\/shop\/\"},{\"@type\":\"ListItem\",\"position\":3,\"name\":\"BIOSWING 260 iQ (Copy) (Copy) (Copy) (Copy) (Copy) (Copy) (Copy) (Copy) (Copy) (Copy) (Copy) (Copy) (Copy) (Copy) (Copy)\"}]},{\"@type\":\"WebSite\",\"@id\":\"https:\/\/bioswing.ee\/#website\",\"url\":\"https:\/\/bioswing.ee\/\",\"name\":\"BIOSWING\",\"description\":\"Smart solutions for healthy sitting\",\"publisher\":{\"@id\":\"https:\/\/bioswing.ee\/#organization\"},\"potentialAction\":[{\"@type\":\"SearchAction\",\"target\":{\"@type\":\"EntryPoint\",\"urlTemplate\":\"https:\/\/bioswing.ee\/?s={search_term_string}\"},\"query-input\":{\"@type\":\"PropertyValueSpecification\",\"valueRequired\":true,\"valueName\":\"search_term_string\"}}],\"inLanguage\":\"sv-SE\"},{\"@type\":\"Organization\",\"@id\":\"https:\/\/bioswing.ee\/#organization\",\"name\":\"BIOSWING\",\"url\":\"https:\/\/bioswing.ee\/\",\"logo\":{\"@type\":\"ImageObject\",\"inLanguage\":\"sv-SE\",\"@id\":\"https:\/\/bioswing.ee\/#\/schema\/logo\/image\/\",\"url\":\"https:\/\/bioswing.ee\/wp-content\/uploads\/2023\/04\/logo_web.png\",\"contentUrl\":\"https:\/\/bioswing.ee\/wp-content\/uploads\/2023\/04\/logo_web.png\",\"width\":140,\"height\":122,\"caption\":\"BIOSWING\"},\"image\":{\"@id\":\"https:\/\/bioswing.ee\/#\/schema\/logo\/image\/\"}}]}<\/script>\n<!-- \/ Yoast SEO plugin. -->","yoast_head_json":{"title":"BIOSWING 260 iQ (Copy) (Copy) (Copy) (Copy) (Copy) (Copy) (Copy) (Copy) (Copy) (Copy) (Copy) (Copy) (Copy) (Copy) (Copy) - BIOSWING","robots":{"index":"index","follow":"follow","max-snippet":"max-snippet:-1","max-image-preview":"max-image-preview:large","max-video-preview":"max-video-preview:-1"},"canonical":"https:\/\/bioswing.ee\/sv\/toode\/bioswing-260-iq-copy-copy-copy-copy-copy-copy-copy-copy-copy-copy-copy-copy-copy-copy-copy\/","og_locale":"sv_SE","og_type":"article","og_title":"BIOSWING 260 iQ (Copy) (Copy) (Copy) (Copy) (Copy) (Copy) (Copy) (Copy) (Copy) (Copy) (Copy) (Copy) (Copy) (Copy) (Copy) - BIOSWING","og_description":"Motivation och h\u00e4lsa \u00e4r n\u00e4ra kopplade till hur v\u00e4l stolen \u00e4r i harmoni med en persons anatomi. Ju mer exakt en kontorsstol kan anpassas efter dina personliga behov, desto b\u00e4ttre \u2013 s\u00e4rskilt om du beh\u00f6ver sitta under l\u00e4ngre perioder.Nedan presenterar vi de viktigaste justeringsm\u00f6jligheterna i 2-serien.  En BIOSWING 2-serie kontorsstol ger massor av extra r\u00f6relse medan du sitter. Tack vare de olika mekanismerna reagerar 2-serien inte bara p\u00e5 varje r\u00f6relse fr\u00e5n anv\u00e4ndaren, utan anpassar sig ocks\u00e5 individuellt till varje h\u00e5llning som du antar under en l\u00e5ng dag. Dessutom \u00e4r den b\u00e4sta h\u00e5llningen alltid den n\u00e4sta.V\u00e5r ryggrad \u00e4lskar en uppr\u00e4tt h\u00e5llning kombinerad med mycket aktiv r\u00f6relse. 2-serien (b\u00e4sts\u00e4ljare) \u00e4r utrustad med antingen en individuellt justerbar sittlutningsjustering eller b\u00e4ckenstabilisator med ett underbart mjukt svar, s\u00e5 att du enkelt kan r\u00f6ra ditt b\u00e4cken och d\u00e4rmed ocks\u00e5 din ryggrad till den naturliga S-formen.      Download Product Sheet (PDF)","og_url":"https:\/\/bioswing.ee\/sv\/toode\/bioswing-260-iq-copy-copy-copy-copy-copy-copy-copy-copy-copy-copy-copy-copy-copy-copy-copy\/","og_site_name":"BIOSWING","article_modified_time":"2026-04-01T17:14:33+00:00","og_image":[{"width":800,"height":1066,"url":"https:\/\/bioswing.ee\/wp-content\/uploads\/2026\/04\/bioswing_boogie_oneup_easy_1.jpg","type":"image\/jpeg"}],"twitter_card":"summary_large_image","schema":{"@context":"https:\/\/schema.org","@graph":[{"@type":"WebPage","@id":"https:\/\/bioswing.ee\/sv\/toode\/bioswing-260-iq-copy-copy-copy-copy-copy-copy-copy-copy-copy-copy-copy-copy-copy-copy-copy\/","url":"https:\/\/bioswing.ee\/sv\/toode\/bioswing-260-iq-copy-copy-copy-copy-copy-copy-copy-copy-copy-copy-copy-copy-copy-copy-copy\/","name":"BIOSWING 260 iQ (Copy) (Copy) (Copy) (Copy) (Copy) (Copy) (Copy) (Copy) (Copy) (Copy) (Copy) (Copy) (Copy) (Copy) (Copy) - BIOSWING","isPartOf":{"@id":"https:\/\/bioswing.ee\/#website"},"primaryImageOfPage":{"@id":"https:\/\/bioswing.ee\/sv\/toode\/bioswing-260-iq-copy-copy-copy-copy-copy-copy-copy-copy-copy-copy-copy-copy-copy-copy-copy\/#primaryimage"},"image":{"@id":"https:\/\/bioswing.ee\/sv\/toode\/bioswing-260-iq-copy-copy-copy-copy-copy-copy-copy-copy-copy-copy-copy-copy-copy-copy-copy\/#primaryimage"},"thumbnailUrl":"https:\/\/bioswing.ee\/wp-content\/uploads\/2026\/04\/bioswing_boogie_oneup_easy_1.jpg","datePublished":"2026-04-01T17:12:21+00:00","dateModified":"2026-04-01T17:14:33+00:00","breadcrumb":{"@id":"https:\/\/bioswing.ee\/sv\/toode\/bioswing-260-iq-copy-copy-copy-copy-copy-copy-copy-copy-copy-copy-copy-copy-copy-copy-copy\/#breadcrumb"},"inLanguage":"sv-SE","potentialAction":[{"@type":"ReadAction","target":["https:\/\/bioswing.ee\/sv\/toode\/bioswing-260-iq-copy-copy-copy-copy-copy-copy-copy-copy-copy-copy-copy-copy-copy-copy-copy\/"]}]},{"@type":"ImageObject","inLanguage":"sv-SE","@id":"https:\/\/bioswing.ee\/sv\/toode\/bioswing-260-iq-copy-copy-copy-copy-copy-copy-copy-copy-copy-copy-copy-copy-copy-copy-copy\/#primaryimage","url":"https:\/\/bioswing.ee\/wp-content\/uploads\/2026\/04\/bioswing_boogie_oneup_easy_1.jpg","contentUrl":"https:\/\/bioswing.ee\/wp-content\/uploads\/2026\/04\/bioswing_boogie_oneup_easy_1.jpg","width":800,"height":1066},{"@type":"BreadcrumbList","@id":"https:\/\/bioswing.ee\/sv\/toode\/bioswing-260-iq-copy-copy-copy-copy-copy-copy-copy-copy-copy-copy-copy-copy-copy-copy-copy\/#breadcrumb","itemListElement":[{"@type":"ListItem","position":1,"name":"Home","item":"https:\/\/bioswing.ee\/"},{"@type":"ListItem","position":2,"name":"SHOP","item":"https:\/\/bioswing.ee\/sv\/shop\/"},{"@type":"ListItem","position":3,"name":"BIOSWING 260 iQ (Copy) (Copy) (Copy) (Copy) (Copy) (Copy) (Copy) (Copy) (Copy) (Copy) (Copy) (Copy) (Copy) (Copy) (Copy)"}]},{"@type":"WebSite","@id":"https:\/\/bioswing.ee\/#website","url":"https:\/\/bioswing.ee\/","name":"BIOSWING","description":"Smart solutions for healthy sitting","publisher":{"@id":"https:\/\/bioswing.ee\/#organization"},"potentialAction":[{"@type":"SearchAction","target":{"@type":"EntryPoint","urlTemplate":"https:\/\/bioswing.ee\/?s={search_term_string}"},"query-input":{"@type":"PropertyValueSpecification","valueRequired":true,"valueName":"search_term_string"}}],"inLanguage":"sv-SE"},{"@type":"Organization","@id":"https:\/\/bioswing.ee\/#organization","name":"BIOSWING","url":"https:\/\/bioswing.ee\/","logo":{"@type":"ImageObject","inLanguage":"sv-SE","@id":"https:\/\/bioswing.ee\/#\/schema\/logo\/image\/","url":"https:\/\/bioswing.ee\/wp-content\/uploads\/2023\/04\/logo_web.png","contentUrl":"https:\/\/bioswing.ee\/wp-content\/uploads\/2023\/04\/logo_web.png","width":140,"height":122,"caption":"BIOSWING"},"image":{"@id":"https:\/\/bioswing.ee\/#\/schema\/logo\/image\/"}}]}},"_links":{"self":[{"href":"https:\/\/bioswing.ee\/sv\/wp-json\/wp\/v2\/product\/36216"}],"collection":[{"href":"https:\/\/bioswing.ee\/sv\/wp-json\/wp\/v2\/product"}],"about":[{"href":"https:\/\/bioswing.ee\/sv\/wp-json\/wp\/v2\/types\/product"}],"wp:featuredmedia":[{"embeddable":true,"href":"https:\/\/bioswing.ee\/sv\/wp-json\/wp\/v2\/media\/36143"}],"wp:attachment":[{"href":"https:\/\/bioswing.ee\/sv\/wp-json\/wp\/v2\/media?parent=36216"}],"wp:term":[{"taxonomy":"product_brand","embeddable":true,"href":"https:\/\/bioswing.ee\/sv\/wp-json\/wp\/v2\/product_brand?post=36216"},{"taxonomy":"product_cat","embeddable":true,"href":"https:\/\/bioswing.ee\/sv\/wp-json\/wp\/v2\/product_cat?post=36216"},{"taxonomy":"product_tag","embeddable":true,"href":"https:\/\/bioswing.ee\/sv\/wp-json\/wp\/v2\/product_tag?post=36216"}],"curies":[{"name":"wp","href":"https:\/\/api.w.org\/{rel}","templated":true}]}}