{"id":14999,"date":"2023-03-31T19:29:21","date_gmt":"2023-03-31T19:29:21","guid":{"rendered":"https:\/\/bioswing.ee\/privacy-policy\/"},"modified":"2024-11-26T12:05:17","modified_gmt":"2024-11-26T12:05:17","slug":"integritetspolicy","status":"publish","type":"page","link":"https:\/\/bioswing.ee\/sv\/integritetspolicy\/","title":{"rendered":"Integritetspolicy"},"content":{"rendered":"<p><div class=\"fusion-fullwidth fullwidth-box fusion-builder-row-1 fusion-flex-container has-pattern-background has-mask-background nonhundred-percent-fullwidth non-hundred-percent-height-scrolling\" style=\"--awb-border-radius-top-left:0px;--awb-border-radius-top-right:0px;--awb-border-radius-bottom-right:0px;--awb-border-radius-bottom-left:0px;--awb-flex-wrap:wrap;\" ><div class=\"fusion-builder-row fusion-row fusion-flex-align-items-center fusion-flex-content-wrap\" style=\"max-width:1248px;margin-left: calc(-4% \/ 2 );margin-right: calc(-4% \/ 2 );\"><div class=\"fusion-layout-column fusion_builder_column fusion-builder-column-0 fusion_builder_column_1_5 1_5 fusion-flex-column\" style=\"--awb-bg-size:cover;--awb-width-large:20%;--awb-margin-top-large:0px;--awb-spacing-right-large:9.6%;--awb-margin-bottom-large:20px;--awb-spacing-left-large:9.6%;--awb-width-medium:20%;--awb-order-medium:0;--awb-spacing-right-medium:9.6%;--awb-spacing-left-medium:9.6%;--awb-width-small:100%;--awb-order-small:0;--awb-spacing-right-small:1.92%;--awb-spacing-left-small:1.92%;\"><div class=\"fusion-column-wrapper fusion-column-has-shadow fusion-flex-justify-content-flex-start fusion-content-layout-column\"><\/div><\/div><div class=\"fusion-layout-column fusion_builder_column fusion-builder-column-1 fusion_builder_column_3_5 3_5 fusion-flex-column\" style=\"--awb-bg-size:cover;--awb-width-large:60%;--awb-margin-top-large:0px;--awb-spacing-right-large:3.2%;--awb-margin-bottom-large:20px;--awb-spacing-left-large:3.2%;--awb-width-medium:60%;--awb-order-medium:0;--awb-spacing-right-medium:3.2%;--awb-spacing-left-medium:3.2%;--awb-width-small:100%;--awb-order-small:0;--awb-spacing-right-small:1.92%;--awb-spacing-left-small:1.92%;\"><div class=\"fusion-column-wrapper fusion-column-has-shadow fusion-flex-justify-content-flex-start fusion-content-layout-column\"><div class=\"fusion-title title fusion-title-1 fusion-sep-none fusion-title-text fusion-title-size-one\"><h1 class=\"fusion-title-heading title-heading-left\" style=\"margin:0;\">Integritetspolicy<\/h1><\/div><div class=\"fusion-text fusion-text-1\"><p>V\u00e5rt kunders och partners f\u00f6rtroende \u00e4r mycket viktigt f\u00f6r oss. Vi vill att alla som delar sina personuppgifter med oss ska vara s\u00e4kra p\u00e5 att vi tar hand om deras uppgifter p\u00e5 b\u00e4sta m\u00f6jliga s\u00e4tt.<\/p>\n<p>Denna integritetspolicy \u00e4r utformad f\u00f6r att skydda privatlivet f\u00f6r tidigare, nuvarande och framtida kunder hos SKS V\u00f5ru O\u00dc. Baserat p\u00e5 detta beskriver vi principerna f\u00f6r insamling, anv\u00e4ndning, lagring, \u00f6verf\u00f6ring och publicering av kunders personuppgifter i enlighet med Estlands lagar och EU-lagstiftning.<\/p>\n<p><strong>Insamling och anv\u00e4ndning av personuppgifter<\/strong><\/p>\n<p>Vi behandlar data som frivilligt delas med oss av en person som personuppgifter. Personuppgifter kan inkludera namn, telefonnummer, e-postadress, gatuadress och annan information.<\/p>\n<p>Vi anv\u00e4nder personuppgifter endast f\u00f6r att ge v\u00e5ra kunder den senaste marknadsinformationen, dela nya utvecklingar, svara p\u00e5 fr\u00e5gor, dela de b\u00e4sta erbjudandena och information om kunddagar, samt andra aktiviteter relaterade till SKS V\u00f5ru O\u00dc:s verksamhet.<\/p>\n<p>SKS V\u00f5ru O\u00dc delar inte, \u00f6verf\u00f6r, modifierar eller anv\u00e4nder personuppgifter p\u00e5 ett ov\u00e4ntat s\u00e4tt, om inte kunden har ett avtal eller om informationsutl\u00e4mnande \u00e4r n\u00f6dv\u00e4ndigt enligt Estlands lagstiftning.<\/p>\n<p>Om du f\u00e5r ovanst\u00e5ende information fr\u00e5n oss utan att ha l\u00e4mnat dina egna personuppgifter, v\u00e4nligen kontakta <a href=\"mailto:info@bioswing.ee\" rel=\"noopener\">info@bioswing.ee<\/a>.<\/p>\n<p>En person har r\u00e4tt att n\u00e4r som helst \u00e5terkalla sitt samtycke genom att skicka en beg\u00e4ran till <a rel=\"noopener\">info@bioswing.ee<\/a>.<\/p>\n<p><strong>Cookies<\/strong><\/p>\n<p>SKS V\u00f5ru O\u00dc anv\u00e4nder cookies p\u00e5 sin webbplats f\u00f6r att analysera din webbl\u00e4sarhistorik. Vi anv\u00e4nder denna information f\u00f6r att g\u00f6ra anv\u00e4ndarupplevelsen mer bekv\u00e4m och relevant f\u00f6r dina behov. Vi anv\u00e4nder ocks\u00e5 cookies f\u00f6r statistisk analys och f\u00f6r att visa dig annonser genom noggrant utvalda tredjepartsapplikationer (som Google, Adroll, Facebook, Mailchimp, etc.).<\/p>\n<p>En cookie \u00e4r en textfil som skickas av de webbplatser som anv\u00e4ndaren bes\u00f6ker och lagras p\u00e5 anv\u00e4ndarens dator. En cookie lagras i anv\u00e4ndarens webbl\u00e4sares filkatalog. Om anv\u00e4ndaren har bes\u00f6kt sidan tidigare, l\u00e4ser webbl\u00e4saren cookien och \u00f6verf\u00f6r relevant information till webbplatsen eller objektet som lagrades i b\u00f6rjan av cookien.<\/p>\n<p>Webbl\u00e4saren har r\u00e4tt att inaktivera anv\u00e4ndningen av cookies. Om du vill g\u00f6ra det m\u00e5ste du \u00e4ndra dina webbl\u00e4sarinst\u00e4llningar.<\/p>\n<p><strong>Villkor f\u00f6r Integritetspolicyn<\/strong><\/p>\n<p>Genom att skicka dina uppgifter och forts\u00e4tta anv\u00e4nda v\u00e5r webbplats godk\u00e4nner och f\u00f6ljer du v\u00e5ra policyer och villkor. SKS V\u00f5ru O\u00dc f\u00f6rbeh\u00e5ller sig r\u00e4tten att vid behov \u00e4ndra de allm\u00e4nna villkoren f\u00f6r integritetspolicyn.<\/p>\n<p>F\u00f6r alla fr\u00e5gor som g\u00e4ller integritetspolicyn, v\u00e4nligen kontakta oss p\u00e5 <a href=\"mailto:info@bioswing.ee\">info@bioswing.ee<\/a>.<\/p>\n<\/div><\/div><\/div><div class=\"fusion-layout-column fusion_builder_column fusion-builder-column-2 fusion_builder_column_1_5 1_5 fusion-flex-column\" style=\"--awb-bg-size:cover;--awb-width-large:20%;--awb-margin-top-large:0px;--awb-spacing-right-large:9.6%;--awb-margin-bottom-large:20px;--awb-spacing-left-large:9.6%;--awb-width-medium:20%;--awb-order-medium:0;--awb-spacing-right-medium:9.6%;--awb-spacing-left-medium:9.6%;--awb-width-small:100%;--awb-order-small:0;--awb-spacing-right-small:1.92%;--awb-spacing-left-small:1.92%;\"><div class=\"fusion-column-wrapper fusion-column-has-shadow fusion-flex-justify-content-flex-start fusion-content-layout-column\"><\/div><\/div><\/div><\/div><div class=\"fusion-fullwidth fullwidth-box fusion-builder-row-2 fusion-flex-container has-pattern-background has-mask-background nonhundred-percent-fullwidth non-hundred-percent-height-scrolling\" style=\"--awb-border-radius-top-left:0px;--awb-border-radius-top-right:0px;--awb-border-radius-bottom-right:0px;--awb-border-radius-bottom-left:0px;--awb-flex-wrap:wrap;\" ><div class=\"fusion-builder-row fusion-row fusion-flex-align-items-flex-start fusion-flex-content-wrap\" style=\"max-width:1248px;margin-left: calc(-4% \/ 2 );margin-right: calc(-4% \/ 2 );\"><\/div><\/div><\/p>\n","protected":false},"excerpt":{"rendered":"","protected":false},"author":1,"featured_media":0,"parent":0,"menu_order":0,"comment_status":"closed","ping_status":"open","template":"","meta":{"_acf_changed":false,"footnotes":""},"class_list":["post-14999","page","type-page","status-publish","hentry"],"acf":[],"yoast_head":"<!-- This site is optimized with the Yoast SEO plugin v24.3 - https:\/\/yoast.com\/wordpress\/plugins\/seo\/ -->\n<title>Integritetspolicy - BIOSWING<\/title>\n<meta name=\"robots\" content=\"index, follow, max-snippet:-1, max-image-preview:large, max-video-preview:-1\" \/>\n<link rel=\"canonical\" href=\"https:\/\/bioswing.ee\/sv\/integritetspolicy\/\" \/>\n<meta property=\"og:locale\" content=\"sv_SE\" \/>\n<meta property=\"og:type\" content=\"article\" \/>\n<meta property=\"og:title\" content=\"Integritetspolicy - BIOSWING\" \/>\n<meta property=\"og:url\" content=\"https:\/\/bioswing.ee\/sv\/integritetspolicy\/\" \/>\n<meta property=\"og:site_name\" content=\"BIOSWING\" \/>\n<meta property=\"article:modified_time\" content=\"2024-11-26T12:05:17+00:00\" \/>\n<meta name=\"twitter:card\" content=\"summary_large_image\" \/>\n<meta name=\"twitter:label1\" content=\"Ber\u00e4knad l\u00e4stid\" \/>\n\t<meta name=\"twitter:data1\" content=\"2 minuter\" \/>\n<script type=\"application\/ld+json\" class=\"yoast-schema-graph\">{\"@context\":\"https:\/\/schema.org\",\"@graph\":[{\"@type\":\"WebPage\",\"@id\":\"https:\/\/bioswing.ee\/sv\/integritetspolicy\/\",\"url\":\"https:\/\/bioswing.ee\/sv\/integritetspolicy\/\",\"name\":\"Integritetspolicy - BIOSWING\",\"isPartOf\":{\"@id\":\"https:\/\/bioswing.ee\/#website\"},\"datePublished\":\"2023-03-31T19:29:21+00:00\",\"dateModified\":\"2024-11-26T12:05:17+00:00\",\"breadcrumb\":{\"@id\":\"https:\/\/bioswing.ee\/sv\/integritetspolicy\/#breadcrumb\"},\"inLanguage\":\"sv-SE\",\"potentialAction\":[{\"@type\":\"ReadAction\",\"target\":[\"https:\/\/bioswing.ee\/sv\/integritetspolicy\/\"]}]},{\"@type\":\"BreadcrumbList\",\"@id\":\"https:\/\/bioswing.ee\/sv\/integritetspolicy\/#breadcrumb\",\"itemListElement\":[{\"@type\":\"ListItem\",\"position\":1,\"name\":\"Home\",\"item\":\"https:\/\/bioswing.ee\/sv\/\"},{\"@type\":\"ListItem\",\"position\":2,\"name\":\"Integritetspolicy\"}]},{\"@type\":\"WebSite\",\"@id\":\"https:\/\/bioswing.ee\/#website\",\"url\":\"https:\/\/bioswing.ee\/\",\"name\":\"BIOSWING\",\"description\":\"Smart solutions for healthy sitting\",\"publisher\":{\"@id\":\"https:\/\/bioswing.ee\/#organization\"},\"potentialAction\":[{\"@type\":\"SearchAction\",\"target\":{\"@type\":\"EntryPoint\",\"urlTemplate\":\"https:\/\/bioswing.ee\/?s={search_term_string}\"},\"query-input\":{\"@type\":\"PropertyValueSpecification\",\"valueRequired\":true,\"valueName\":\"search_term_string\"}}],\"inLanguage\":\"sv-SE\"},{\"@type\":\"Organization\",\"@id\":\"https:\/\/bioswing.ee\/#organization\",\"name\":\"BIOSWING\",\"url\":\"https:\/\/bioswing.ee\/\",\"logo\":{\"@type\":\"ImageObject\",\"inLanguage\":\"sv-SE\",\"@id\":\"https:\/\/bioswing.ee\/#\/schema\/logo\/image\/\",\"url\":\"https:\/\/bioswing.ee\/wp-content\/uploads\/2023\/04\/logo_web.png\",\"contentUrl\":\"https:\/\/bioswing.ee\/wp-content\/uploads\/2023\/04\/logo_web.png\",\"width\":140,\"height\":122,\"caption\":\"BIOSWING\"},\"image\":{\"@id\":\"https:\/\/bioswing.ee\/#\/schema\/logo\/image\/\"}}]}<\/script>\n<!-- \/ Yoast SEO plugin. -->","yoast_head_json":{"title":"Integritetspolicy - BIOSWING","robots":{"index":"index","follow":"follow","max-snippet":"max-snippet:-1","max-image-preview":"max-image-preview:large","max-video-preview":"max-video-preview:-1"},"canonical":"https:\/\/bioswing.ee\/sv\/integritetspolicy\/","og_locale":"sv_SE","og_type":"article","og_title":"Integritetspolicy - BIOSWING","og_url":"https:\/\/bioswing.ee\/sv\/integritetspolicy\/","og_site_name":"BIOSWING","article_modified_time":"2024-11-26T12:05:17+00:00","twitter_card":"summary_large_image","twitter_misc":{"Ber\u00e4knad l\u00e4stid":"2 minuter"},"schema":{"@context":"https:\/\/schema.org","@graph":[{"@type":"WebPage","@id":"https:\/\/bioswing.ee\/sv\/integritetspolicy\/","url":"https:\/\/bioswing.ee\/sv\/integritetspolicy\/","name":"Integritetspolicy - BIOSWING","isPartOf":{"@id":"https:\/\/bioswing.ee\/#website"},"datePublished":"2023-03-31T19:29:21+00:00","dateModified":"2024-11-26T12:05:17+00:00","breadcrumb":{"@id":"https:\/\/bioswing.ee\/sv\/integritetspolicy\/#breadcrumb"},"inLanguage":"sv-SE","potentialAction":[{"@type":"ReadAction","target":["https:\/\/bioswing.ee\/sv\/integritetspolicy\/"]}]},{"@type":"BreadcrumbList","@id":"https:\/\/bioswing.ee\/sv\/integritetspolicy\/#breadcrumb","itemListElement":[{"@type":"ListItem","position":1,"name":"Home","item":"https:\/\/bioswing.ee\/sv\/"},{"@type":"ListItem","position":2,"name":"Integritetspolicy"}]},{"@type":"WebSite","@id":"https:\/\/bioswing.ee\/#website","url":"https:\/\/bioswing.ee\/","name":"BIOSWING","description":"Smart solutions for healthy sitting","publisher":{"@id":"https:\/\/bioswing.ee\/#organization"},"potentialAction":[{"@type":"SearchAction","target":{"@type":"EntryPoint","urlTemplate":"https:\/\/bioswing.ee\/?s={search_term_string}"},"query-input":{"@type":"PropertyValueSpecification","valueRequired":true,"valueName":"search_term_string"}}],"inLanguage":"sv-SE"},{"@type":"Organization","@id":"https:\/\/bioswing.ee\/#organization","name":"BIOSWING","url":"https:\/\/bioswing.ee\/","logo":{"@type":"ImageObject","inLanguage":"sv-SE","@id":"https:\/\/bioswing.ee\/#\/schema\/logo\/image\/","url":"https:\/\/bioswing.ee\/wp-content\/uploads\/2023\/04\/logo_web.png","contentUrl":"https:\/\/bioswing.ee\/wp-content\/uploads\/2023\/04\/logo_web.png","width":140,"height":122,"caption":"BIOSWING"},"image":{"@id":"https:\/\/bioswing.ee\/#\/schema\/logo\/image\/"}}]}},"_links":{"self":[{"href":"https:\/\/bioswing.ee\/sv\/wp-json\/wp\/v2\/pages\/14999"}],"collection":[{"href":"https:\/\/bioswing.ee\/sv\/wp-json\/wp\/v2\/pages"}],"about":[{"href":"https:\/\/bioswing.ee\/sv\/wp-json\/wp\/v2\/types\/page"}],"author":[{"embeddable":true,"href":"https:\/\/bioswing.ee\/sv\/wp-json\/wp\/v2\/users\/1"}],"replies":[{"embeddable":true,"href":"https:\/\/bioswing.ee\/sv\/wp-json\/wp\/v2\/comments?post=14999"}],"version-history":[{"count":2,"href":"https:\/\/bioswing.ee\/sv\/wp-json\/wp\/v2\/pages\/14999\/revisions"}],"predecessor-version":[{"id":15003,"href":"https:\/\/bioswing.ee\/sv\/wp-json\/wp\/v2\/pages\/14999\/revisions\/15003"}],"wp:attachment":[{"href":"https:\/\/bioswing.ee\/sv\/wp-json\/wp\/v2\/media?parent=14999"}],"curies":[{"name":"wp","href":"https:\/\/api.w.org\/{rel}","templated":true}]}}