{"id":14990,"date":"2023-07-13T13:13:28","date_gmt":"2023-07-13T13:13:28","guid":{"rendered":"https:\/\/bioswing.ee\/terms\/"},"modified":"2024-11-26T11:48:34","modified_gmt":"2024-11-26T11:48:34","slug":"forsaljningsvillkor","status":"publish","type":"page","link":"https:\/\/bioswing.ee\/sv\/forsaljningsvillkor\/","title":{"rendered":"F\u00f6rs\u00e4ljningsvillkor"},"content":{"rendered":"<p><div class=\"fusion-fullwidth fullwidth-box fusion-builder-row-1 fusion-flex-container has-pattern-background has-mask-background nonhundred-percent-fullwidth non-hundred-percent-height-scrolling\" style=\"--awb-border-radius-top-left:0px;--awb-border-radius-top-right:0px;--awb-border-radius-bottom-right:0px;--awb-border-radius-bottom-left:0px;--awb-flex-wrap:wrap;\" ><div class=\"fusion-builder-row fusion-row fusion-flex-align-items-center fusion-flex-content-wrap\" style=\"max-width:1248px;margin-left: calc(-4% \/ 2 );margin-right: calc(-4% \/ 2 );\"><div class=\"fusion-layout-column fusion_builder_column fusion-builder-column-0 fusion_builder_column_1_5 1_5 fusion-flex-column\" style=\"--awb-bg-size:cover;--awb-width-large:20%;--awb-margin-top-large:0px;--awb-spacing-right-large:9.6%;--awb-margin-bottom-large:20px;--awb-spacing-left-large:9.6%;--awb-width-medium:20%;--awb-order-medium:0;--awb-spacing-right-medium:9.6%;--awb-spacing-left-medium:9.6%;--awb-width-small:100%;--awb-order-small:0;--awb-spacing-right-small:1.92%;--awb-spacing-left-small:1.92%;\"><div class=\"fusion-column-wrapper fusion-column-has-shadow fusion-flex-justify-content-flex-start fusion-content-layout-column\"><\/div><\/div><div class=\"fusion-layout-column fusion_builder_column fusion-builder-column-1 fusion_builder_column_3_5 3_5 fusion-flex-column\" style=\"--awb-bg-size:cover;--awb-width-large:60%;--awb-margin-top-large:0px;--awb-spacing-right-large:3.2%;--awb-margin-bottom-large:20px;--awb-spacing-left-large:3.2%;--awb-width-medium:60%;--awb-order-medium:0;--awb-spacing-right-medium:3.2%;--awb-spacing-left-medium:3.2%;--awb-width-small:100%;--awb-order-small:0;--awb-spacing-right-small:1.92%;--awb-spacing-left-small:1.92%;\"><div class=\"fusion-column-wrapper fusion-column-has-shadow fusion-flex-justify-content-flex-start fusion-content-layout-column\"><div class=\"fusion-title title fusion-title-1 fusion-sep-none fusion-title-text fusion-title-size-one\"><h1 class=\"fusion-title-heading title-heading-left\" style=\"margin:0;\">F\u00f6rs\u00e4ljningsvillkor<\/h1><\/div><div class=\"fusion-text fusion-text-1\"><h3>Standardvillkor f\u00f6r f\u00f6rs\u00e4ljningsavtal<\/h3>\n<p>Giltiga i webbutiken sedan 01.06.2023<\/p>\n<ol>\n<li><strong>Allm\u00e4nna best\u00e4mmelser<\/strong><br \/>\n1.1. Dessa standardvillkor fastst\u00e4ller de grundl\u00e4ggande principerna f\u00f6r det r\u00e4ttsliga f\u00f6rh\u00e5llandet mellan SKS V\u00f5ru O\u00dc (h\u00e4danefter S\u00e4ljaren) och K\u00f6paren och de allm\u00e4nna villkoren f\u00f6r att sluta transaktioner mellan S\u00e4ljaren och K\u00f6paren (h\u00e4danefter gemensamt parterna). Standardvillkoren g\u00e4ller f\u00f6r alla r\u00e4ttsliga f\u00f6rh\u00e5llanden mellan parterna.<br \/>\n1.2. F\u00f6rutom standardvillkoren regleras de r\u00e4ttsliga f\u00f6rh\u00e5llandena mellan parterna av de r\u00e4ttsliga normerna i Estlands republik och genom en best\u00e4llning eller avtal vid dess f\u00f6rekomst.<br \/>\n1.3. Vid en konflikt mellan standardvillkoren och best\u00e4llningen g\u00e4ller best\u00e4mmelserna i best\u00e4llningen. Vid konflikt mellan standardvillkoren eller best\u00e4llningen och ett avtal, g\u00e4ller best\u00e4mmelserna i avtalet.<br \/>\nD\u00e4r kontexten kr\u00e4ver det, ska ordet i singular inkludera plural och vice versa. Rubrikerna i paragraferna \u00e4r endast med f\u00f6r att underl\u00e4tta l\u00e4sningen och p\u00e5verkar inte tolkningen av inneh\u00e5llet i paragraferna.<br \/>\n1.4. Varje klausul i standardvillkoren ska tolkas tillsammans med de andra klausulerna i standardvillkoren, baserat p\u00e5 meningen och syftet med standardvillkoren.<\/li>\n<li><strong>Definitioner<\/strong><br \/>\n2.1. S\u00e4ljaren \u00e4r SKS V\u00f5ru O\u00dc.<br \/>\n2.2. K\u00f6paren \u00e4r varje fysisk eller juridisk person som k\u00f6per eller \u00f6nskar k\u00f6pa de produkter och\/eller tj\u00e4nster som erbjuds av S\u00e4ljaren.<br \/>\n2.3. Produkten \u00e4r varje m\u00f6bel och andra inredningsvaror som S\u00e4ljaren s\u00e4ljer till K\u00f6paren.<br \/>\n2.4. Tj\u00e4nsten \u00e4r en rumsplan eller inredningsl\u00f6sning som produceras av S\u00e4ljaren p\u00e5 K\u00f6parens beg\u00e4ran, transport av de s\u00e5lda produkterna till den plats som K\u00f6paren angett samt montering och installation av produkten.<br \/>\n2.5. Prislistan \u00e4r ett dokument som godk\u00e4nts av S\u00e4ljaren och som \u00e5terspeglar priserna f\u00f6r produkter och tj\u00e4nster.<br \/>\n2.6. Best\u00e4llningsbekr\u00e4ftelse anses vara ett k\u00f6p- och f\u00f6rs\u00e4ljningsavtal mellan K\u00f6paren och S\u00e4ljaren.<br \/>\n2.7. Leveranstid \u00e4r den tid n\u00e4r Produkten och\/eller tj\u00e4nsten ska vara tillg\u00e4nglig f\u00f6r K\u00f6paren.<\/li>\n<li><strong>Priss\u00e4ttning<\/strong><br \/>\n3.1. De priser som g\u00e4ller f\u00f6r Produkterna och Tj\u00e4nsterna anges i den av S\u00e4ljaren fastst\u00e4llda Prislistan. Priserna i Prislistan inkluderar moms och exkluderar produktens pallkostnad. Priserna i Prislistan inkluderar kostnaden f\u00f6r f\u00f6rpackningen.<br \/>\n3.2. S\u00e4ljaren har r\u00e4tt att ensidigt \u00e4ndra Prislistan. \u00c4ndringarna tr\u00e4der i kraft fr\u00e5n den dag \u00e4ndringarna g\u00f6rs eller fr\u00e5n ett annat datum som fastst\u00e4lls av S\u00e4ljaren. \u00c4ndringar i Prislistan f\u00e5r inte retroaktiv verkan p\u00e5 Priserbjudanden och Best\u00e4llningar som ing\u00e5tts innan \u00e4ndringen av Prislistan.<\/li>\n<li><strong>Betalningsvillkor<\/strong><br \/>\n4.1. S\u00e4ljaren har r\u00e4tt att beg\u00e4ra en f\u00f6rskottsbetalning f\u00f6r Produkten och Tj\u00e4nsten fr\u00e5n K\u00f6paren till det belopp som avtalats med K\u00f6paren innan ordern p\u00e5b\u00f6rjas. F\u00f6r best\u00e4llningar som g\u00f6rs i webbutiken ska en f\u00f6rskottsfaktura betalas i sin helhet f\u00f6r att best\u00e4llningen ska accepteras f\u00f6r utf\u00f6rande.<br \/>\n4.2. Alla belopp som K\u00f6paren ska betala anses vara korrekt betalade till S\u00e4ljaren om respektive belopp har mottagits p\u00e5 S\u00e4ljarens bankkonto.<\/li>\n<li><strong>Best\u00e4llning av Produkt och Tj\u00e4nst<\/strong><br \/>\n5.1. K\u00f6paren l\u00e4mnar en best\u00e4llning till S\u00e4ljaren genom webbutikens milj\u00f6 f\u00f6r att k\u00f6pa Produkten eller Tj\u00e4nsten.<br \/>\n5.2. Best\u00e4llningen kommer att kontrolleras och best\u00e4llningsbekr\u00e4ftelsen samt f\u00f6rskottsfaktura skickas till K\u00f6paren via e-post, transportkostnaden och information om leveranstiden tillkommer vid behov.<br \/>\n5.3. Efter betalning av f\u00f6rskottsfakturan skickas en bekr\u00e4ftelse till K\u00f6paren via e-post ang\u00e5ende utf\u00f6randet av best\u00e4llningen. Bekr\u00e4ftelsen anger den tidpunkt d\u00e5 de produkter som K\u00f6paren best\u00e4llt \u00e4r redo i S\u00e4ljarens lager och hur varorna kommer att levereras till den plats som K\u00f6paren angett. Om K\u00f6paren har best\u00e4llt produkter med olika leveranstider i en och samma best\u00e4llning, ber\u00e4knas leveranstiden baserat p\u00e5 produkten med l\u00e4ngst leveranstid.<\/li>\n<li><strong>Utf\u00f6rande av best\u00e4llning<\/strong><br \/>\n6.1. S\u00e4ljaren b\u00f6rjar fullf\u00f6lja Best\u00e4llningen efter att f\u00f6rskottsfakturan har betalats i tid.<br \/>\n6.2. K\u00f6parens best\u00e4llning och faktura kommer att annulleras om f\u00f6rskottsfakturan inte har betalats inom 7 dagar fr\u00e5n fakturans utf\u00e4rdande.<\/li>\n<li><strong>Leverans av produkt eller tj\u00e4nst<\/strong><br \/>\n7.1. Leverans\/mottagande av Produkten inneb\u00e4r att Produkten st\u00e4lls till K\u00f6parens f\u00f6rfogande beroende p\u00e5 de transportvillkor som avtalats i Best\u00e4llningen.<br \/>\n7.2. Produkten \u00f6verl\u00e4mnas till K\u00f6paren eller K\u00f6parens representant av en representant f\u00f6r transportf\u00f6retaget baserat p\u00e5 ett identitetsdokument.<br \/>\n7.3. K\u00f6paren ska bekr\u00e4fta mottagandet av produkten genom att underteckna leveranskvittot med produktens namn och kvantitet. K\u00f6parens auktoriserade representant m\u00e5ste bevisa sin beh\u00f6righet.<br \/>\n7.4. Om K\u00f6paren inte har accepterat Produkten inom en rimlig tid, men har goda sk\u00e4l till detta, kan S\u00e4ljaren ge K\u00f6paren en ytterligare tidsfrist genom att meddela K\u00f6paren om detta skriftligt. Den specifika tidsfristen ska \u00f6verenskommas mellan parterna fr\u00e5n fall till fall. Om K\u00f6paren inte accepterar Produkten inom den ytterligare tidsfrist som S\u00e4ljaren har gett, har S\u00e4ljaren r\u00e4tt att dra sig ur Best\u00e4llningen.<\/li>\n<li><strong>\u00d6verf\u00f6ring av risker<\/strong><br \/>\n8.1. Risken f\u00f6r oavsiktlig f\u00f6rst\u00f6relse och skada p\u00e5 Produkten \u00f6verg\u00e5r till K\u00f6paren vid leveransen av Produkten.<\/li>\n<li><strong>Skydd av immateriella r\u00e4ttigheter<\/strong><br \/>\n9.1. De dokument som \u00f6verl\u00e4mnas till K\u00f6paren (t.ex. ritningar, skisser, planer osv.) \u00e4r och f\u00f6rblir S\u00e4ljarens immateriella egendom. Dessa dokument f\u00e5r inte kopieras eller g\u00f6ras tillg\u00e4ngliga f\u00f6r tredje part.<\/li>\n<\/ol>\n<\/div><\/div><\/div><div class=\"fusion-layout-column fusion_builder_column fusion-builder-column-2 fusion_builder_column_1_5 1_5 fusion-flex-column\" style=\"--awb-bg-size:cover;--awb-width-large:20%;--awb-margin-top-large:0px;--awb-spacing-right-large:9.6%;--awb-margin-bottom-large:20px;--awb-spacing-left-large:9.6%;--awb-width-medium:20%;--awb-order-medium:0;--awb-spacing-right-medium:9.6%;--awb-spacing-left-medium:9.6%;--awb-width-small:100%;--awb-order-small:0;--awb-spacing-right-small:1.92%;--awb-spacing-left-small:1.92%;\"><div class=\"fusion-column-wrapper fusion-column-has-shadow fusion-flex-justify-content-flex-start fusion-content-layout-column\"><\/div><\/div><\/div><\/div><div class=\"fusion-fullwidth fullwidth-box fusion-builder-row-2 fusion-flex-container has-pattern-background has-mask-background nonhundred-percent-fullwidth non-hundred-percent-height-scrolling\" style=\"--awb-border-radius-top-left:0px;--awb-border-radius-top-right:0px;--awb-border-radius-bottom-right:0px;--awb-border-radius-bottom-left:0px;--awb-flex-wrap:wrap;\" ><div class=\"fusion-builder-row fusion-row fusion-flex-align-items-flex-start fusion-flex-content-wrap\" style=\"max-width:1248px;margin-left: calc(-4% \/ 2 );margin-right: calc(-4% \/ 2 );\"><\/div><\/div><\/p>\n","protected":false},"excerpt":{"rendered":"","protected":false},"author":2,"featured_media":0,"parent":0,"menu_order":0,"comment_status":"closed","ping_status":"closed","template":"100-width.php","meta":{"_acf_changed":false,"footnotes":""},"class_list":["post-14990","page","type-page","status-publish","hentry"],"acf":[],"yoast_head":"<!-- This site is optimized with the Yoast SEO plugin v24.3 - https:\/\/yoast.com\/wordpress\/plugins\/seo\/ -->\n<title>F\u00f6rs\u00e4ljningsvillkor - BIOSWING<\/title>\n<meta name=\"robots\" content=\"index, follow, max-snippet:-1, max-image-preview:large, max-video-preview:-1\" \/>\n<link rel=\"canonical\" href=\"https:\/\/bioswing.ee\/sv\/forsaljningsvillkor\/\" \/>\n<meta property=\"og:locale\" content=\"sv_SE\" \/>\n<meta property=\"og:type\" content=\"article\" \/>\n<meta property=\"og:title\" content=\"F\u00f6rs\u00e4ljningsvillkor - BIOSWING\" \/>\n<meta property=\"og:url\" content=\"https:\/\/bioswing.ee\/sv\/forsaljningsvillkor\/\" \/>\n<meta property=\"og:site_name\" content=\"BIOSWING\" \/>\n<meta property=\"article:modified_time\" content=\"2024-11-26T11:48:34+00:00\" \/>\n<meta name=\"twitter:card\" content=\"summary_large_image\" \/>\n<meta name=\"twitter:label1\" content=\"Ber\u00e4knad l\u00e4stid\" \/>\n\t<meta name=\"twitter:data1\" content=\"5 minuter\" \/>\n<script type=\"application\/ld+json\" class=\"yoast-schema-graph\">{\"@context\":\"https:\/\/schema.org\",\"@graph\":[{\"@type\":\"WebPage\",\"@id\":\"https:\/\/bioswing.ee\/sv\/forsaljningsvillkor\/\",\"url\":\"https:\/\/bioswing.ee\/sv\/forsaljningsvillkor\/\",\"name\":\"F\u00f6rs\u00e4ljningsvillkor - BIOSWING\",\"isPartOf\":{\"@id\":\"https:\/\/bioswing.ee\/#website\"},\"datePublished\":\"2023-07-13T13:13:28+00:00\",\"dateModified\":\"2024-11-26T11:48:34+00:00\",\"breadcrumb\":{\"@id\":\"https:\/\/bioswing.ee\/sv\/forsaljningsvillkor\/#breadcrumb\"},\"inLanguage\":\"sv-SE\",\"potentialAction\":[{\"@type\":\"ReadAction\",\"target\":[\"https:\/\/bioswing.ee\/sv\/forsaljningsvillkor\/\"]}]},{\"@type\":\"BreadcrumbList\",\"@id\":\"https:\/\/bioswing.ee\/sv\/forsaljningsvillkor\/#breadcrumb\",\"itemListElement\":[{\"@type\":\"ListItem\",\"position\":1,\"name\":\"Home\",\"item\":\"https:\/\/bioswing.ee\/sv\/\"},{\"@type\":\"ListItem\",\"position\":2,\"name\":\"F\u00f6rs\u00e4ljningsvillkor\"}]},{\"@type\":\"WebSite\",\"@id\":\"https:\/\/bioswing.ee\/#website\",\"url\":\"https:\/\/bioswing.ee\/\",\"name\":\"BIOSWING\",\"description\":\"Smart solutions for healthy sitting\",\"publisher\":{\"@id\":\"https:\/\/bioswing.ee\/#organization\"},\"potentialAction\":[{\"@type\":\"SearchAction\",\"target\":{\"@type\":\"EntryPoint\",\"urlTemplate\":\"https:\/\/bioswing.ee\/?s={search_term_string}\"},\"query-input\":{\"@type\":\"PropertyValueSpecification\",\"valueRequired\":true,\"valueName\":\"search_term_string\"}}],\"inLanguage\":\"sv-SE\"},{\"@type\":\"Organization\",\"@id\":\"https:\/\/bioswing.ee\/#organization\",\"name\":\"BIOSWING\",\"url\":\"https:\/\/bioswing.ee\/\",\"logo\":{\"@type\":\"ImageObject\",\"inLanguage\":\"sv-SE\",\"@id\":\"https:\/\/bioswing.ee\/#\/schema\/logo\/image\/\",\"url\":\"https:\/\/bioswing.ee\/wp-content\/uploads\/2023\/04\/logo_web.png\",\"contentUrl\":\"https:\/\/bioswing.ee\/wp-content\/uploads\/2023\/04\/logo_web.png\",\"width\":140,\"height\":122,\"caption\":\"BIOSWING\"},\"image\":{\"@id\":\"https:\/\/bioswing.ee\/#\/schema\/logo\/image\/\"}}]}<\/script>\n<!-- \/ Yoast SEO plugin. -->","yoast_head_json":{"title":"F\u00f6rs\u00e4ljningsvillkor - BIOSWING","robots":{"index":"index","follow":"follow","max-snippet":"max-snippet:-1","max-image-preview":"max-image-preview:large","max-video-preview":"max-video-preview:-1"},"canonical":"https:\/\/bioswing.ee\/sv\/forsaljningsvillkor\/","og_locale":"sv_SE","og_type":"article","og_title":"F\u00f6rs\u00e4ljningsvillkor - BIOSWING","og_url":"https:\/\/bioswing.ee\/sv\/forsaljningsvillkor\/","og_site_name":"BIOSWING","article_modified_time":"2024-11-26T11:48:34+00:00","twitter_card":"summary_large_image","twitter_misc":{"Ber\u00e4knad l\u00e4stid":"5 minuter"},"schema":{"@context":"https:\/\/schema.org","@graph":[{"@type":"WebPage","@id":"https:\/\/bioswing.ee\/sv\/forsaljningsvillkor\/","url":"https:\/\/bioswing.ee\/sv\/forsaljningsvillkor\/","name":"F\u00f6rs\u00e4ljningsvillkor - BIOSWING","isPartOf":{"@id":"https:\/\/bioswing.ee\/#website"},"datePublished":"2023-07-13T13:13:28+00:00","dateModified":"2024-11-26T11:48:34+00:00","breadcrumb":{"@id":"https:\/\/bioswing.ee\/sv\/forsaljningsvillkor\/#breadcrumb"},"inLanguage":"sv-SE","potentialAction":[{"@type":"ReadAction","target":["https:\/\/bioswing.ee\/sv\/forsaljningsvillkor\/"]}]},{"@type":"BreadcrumbList","@id":"https:\/\/bioswing.ee\/sv\/forsaljningsvillkor\/#breadcrumb","itemListElement":[{"@type":"ListItem","position":1,"name":"Home","item":"https:\/\/bioswing.ee\/sv\/"},{"@type":"ListItem","position":2,"name":"F\u00f6rs\u00e4ljningsvillkor"}]},{"@type":"WebSite","@id":"https:\/\/bioswing.ee\/#website","url":"https:\/\/bioswing.ee\/","name":"BIOSWING","description":"Smart solutions for healthy sitting","publisher":{"@id":"https:\/\/bioswing.ee\/#organization"},"potentialAction":[{"@type":"SearchAction","target":{"@type":"EntryPoint","urlTemplate":"https:\/\/bioswing.ee\/?s={search_term_string}"},"query-input":{"@type":"PropertyValueSpecification","valueRequired":true,"valueName":"search_term_string"}}],"inLanguage":"sv-SE"},{"@type":"Organization","@id":"https:\/\/bioswing.ee\/#organization","name":"BIOSWING","url":"https:\/\/bioswing.ee\/","logo":{"@type":"ImageObject","inLanguage":"sv-SE","@id":"https:\/\/bioswing.ee\/#\/schema\/logo\/image\/","url":"https:\/\/bioswing.ee\/wp-content\/uploads\/2023\/04\/logo_web.png","contentUrl":"https:\/\/bioswing.ee\/wp-content\/uploads\/2023\/04\/logo_web.png","width":140,"height":122,"caption":"BIOSWING"},"image":{"@id":"https:\/\/bioswing.ee\/#\/schema\/logo\/image\/"}}]}},"_links":{"self":[{"href":"https:\/\/bioswing.ee\/sv\/wp-json\/wp\/v2\/pages\/14990"}],"collection":[{"href":"https:\/\/bioswing.ee\/sv\/wp-json\/wp\/v2\/pages"}],"about":[{"href":"https:\/\/bioswing.ee\/sv\/wp-json\/wp\/v2\/types\/page"}],"author":[{"embeddable":true,"href":"https:\/\/bioswing.ee\/sv\/wp-json\/wp\/v2\/users\/2"}],"replies":[{"embeddable":true,"href":"https:\/\/bioswing.ee\/sv\/wp-json\/wp\/v2\/comments?post=14990"}],"version-history":[{"count":2,"href":"https:\/\/bioswing.ee\/sv\/wp-json\/wp\/v2\/pages\/14990\/revisions"}],"predecessor-version":[{"id":14994,"href":"https:\/\/bioswing.ee\/sv\/wp-json\/wp\/v2\/pages\/14990\/revisions\/14994"}],"wp:attachment":[{"href":"https:\/\/bioswing.ee\/sv\/wp-json\/wp\/v2\/media?parent=14990"}],"curies":[{"name":"wp","href":"https:\/\/api.w.org\/{rel}","templated":true}]}}