{"id":14750,"date":"2023-04-13T12:12:05","date_gmt":"2023-04-13T12:12:05","guid":{"rendered":"https:\/\/bioswing.ee\/varfor-bioswing\/technology\/"},"modified":"2025-01-23T17:00:19","modified_gmt":"2025-01-23T17:00:19","slug":"teknologi","status":"publish","type":"page","link":"https:\/\/bioswing.ee\/sv\/varfor-bioswing\/teknologi\/","title":{"rendered":"TEKNOLOGI"},"content":{"rendered":"<p><div class=\"fusion-fullwidth fullwidth-box fusion-builder-row-1 fusion-flex-container has-pattern-background has-mask-background nonhundred-percent-fullwidth non-hundred-percent-height-scrolling\" style=\"--awb-border-radius-top-left:0px;--awb-border-radius-top-right:0px;--awb-border-radius-bottom-right:0px;--awb-border-radius-bottom-left:0px;--awb-flex-wrap:wrap;\" ><div class=\"fusion-builder-row fusion-row fusion-flex-align-items-center fusion-flex-content-wrap\" style=\"max-width:1248px;margin-left: calc(-4% \/ 2 );margin-right: calc(-4% \/ 2 );\"><div class=\"fusion-layout-column fusion_builder_column fusion-builder-column-0 fusion_builder_column_1_2 1_2 fusion-flex-column\" style=\"--awb-bg-size:cover;--awb-width-large:50%;--awb-margin-top-large:0px;--awb-spacing-right-large:3.84%;--awb-margin-bottom-large:20px;--awb-spacing-left-large:3.84%;--awb-width-medium:50%;--awb-order-medium:0;--awb-spacing-right-medium:3.84%;--awb-spacing-left-medium:3.84%;--awb-width-small:100%;--awb-order-small:0;--awb-spacing-right-small:1.92%;--awb-spacing-left-small:1.92%;\"><div class=\"fusion-column-wrapper fusion-column-has-shadow fusion-flex-justify-content-flex-start fusion-content-layout-column\"><div class=\"fusion-image-element \" style=\"--awb-caption-title-font-family:var(--h2_typography-font-family);--awb-caption-title-font-weight:var(--h2_typography-font-weight);--awb-caption-title-font-style:var(--h2_typography-font-style);--awb-caption-title-size:var(--h2_typography-font-size);--awb-caption-title-transform:var(--h2_typography-text-transform);--awb-caption-title-line-height:var(--h2_typography-line-height);--awb-caption-title-letter-spacing:var(--h2_typography-letter-spacing);\"><span class=\" fusion-imageframe imageframe-none imageframe-1 hover-type-none\"><img decoding=\"async\" width=\"800\" height=\"800\" title=\"tech_1\" src=\"https:\/\/bioswing.ee\/wp-content\/uploads\/2023\/04\/tech_1.jpg\" alt class=\"img-responsive wp-image-14751\" srcset=\"https:\/\/bioswing.ee\/wp-content\/uploads\/2023\/04\/tech_1-200x200.jpg 200w, https:\/\/bioswing.ee\/wp-content\/uploads\/2023\/04\/tech_1-400x400.jpg 400w, https:\/\/bioswing.ee\/wp-content\/uploads\/2023\/04\/tech_1-600x600.jpg 600w, https:\/\/bioswing.ee\/wp-content\/uploads\/2023\/04\/tech_1.jpg 800w\" sizes=\"(max-width: 640px) 100vw, 600px\" \/><\/span><\/div><\/div><\/div><div class=\"fusion-layout-column fusion_builder_column fusion-builder-column-1 fusion_builder_column_1_2 1_2 fusion-flex-column\" style=\"--awb-bg-size:cover;--awb-width-large:50%;--awb-margin-top-large:0px;--awb-spacing-right-large:3.84%;--awb-margin-bottom-large:20px;--awb-spacing-left-large:3.84%;--awb-width-medium:50%;--awb-order-medium:0;--awb-spacing-right-medium:3.84%;--awb-spacing-left-medium:3.84%;--awb-width-small:100%;--awb-order-small:0;--awb-spacing-right-small:1.92%;--awb-spacing-left-small:1.92%;\"><div class=\"fusion-column-wrapper fusion-column-has-shadow fusion-flex-justify-content-flex-start fusion-content-layout-column\"><div class=\"fusion-title title fusion-title-1 fusion-sep-none fusion-title-text fusion-title-size-one\"><h1 class=\"fusion-title-heading title-heading-left\" style=\"margin:0;\">Kvalitet och perfektion in i minsta detalj!<\/h1><\/div><div class=\"fusion-text fusion-text-1\"><p><strong>BIOSWING \u2013 den intelligenta, adaptiva 3D-r\u00f6relsetekniken<\/strong><\/p>\n<p>Den banbrytande uppfinningen av det sv\u00e4ngande BIOSWING-elementet p\u00e5 1980-talet revolutionerade b\u00e5de s\u00e4ttet m\u00e4nniskor sitter p\u00e5 kontoret, sensomotorisk tr\u00e4ning och terapiomr\u00e5det. D\u00e4r stela f\u00f6rbindelser mellan utrustning och golv tidigare var normen, finns nu ett patenterat pendelliknande element med noggrant definierad d\u00e4mpning som kan spegla kroppens rytmiska cykler, kontinuerligt och med stor effekt.<\/p>\n<p>Ett genialt s\u00e4tt att perfekt harmonisera ergonomi, r\u00f6relse och rytm \u2013 med m\u00e4nniskokroppen smart placerad i centrum.<\/p>\n<\/div><\/div><\/div><\/div><\/div><div class=\"fusion-fullwidth fullwidth-box fusion-builder-row-2 fusion-flex-container has-pattern-background has-mask-background nonhundred-percent-fullwidth non-hundred-percent-height-scrolling\" style=\"--awb-border-radius-top-left:0px;--awb-border-radius-top-right:0px;--awb-border-radius-bottom-right:0px;--awb-border-radius-bottom-left:0px;--awb-flex-wrap:wrap;\" ><div class=\"fusion-builder-row fusion-row fusion-flex-align-items-center fusion-flex-content-wrap\" style=\"max-width:1248px;margin-left: calc(-4% \/ 2 );margin-right: calc(-4% \/ 2 );\"><div class=\"fusion-layout-column fusion_builder_column fusion-builder-column-2 fusion_builder_column_1_2 1_2 fusion-flex-column\" style=\"--awb-bg-size:cover;--awb-width-large:50%;--awb-margin-top-large:0px;--awb-spacing-right-large:3.84%;--awb-margin-bottom-large:20px;--awb-spacing-left-large:3.84%;--awb-width-medium:50%;--awb-order-medium:0;--awb-spacing-right-medium:3.84%;--awb-spacing-left-medium:3.84%;--awb-width-small:100%;--awb-order-small:3;--awb-spacing-right-small:1.92%;--awb-spacing-left-small:1.92%;\"><div class=\"fusion-column-wrapper fusion-column-has-shadow fusion-flex-justify-content-flex-start fusion-content-layout-column\"><div class=\"fusion-title title fusion-title-2 fusion-sep-none fusion-title-text fusion-title-size-one\"><h1 class=\"fusion-title-heading title-heading-left\" style=\"margin:0;\">Den adaptiva 3D-sitsmekanismen<\/h1><\/div><div class=\"fusion-text fusion-text-2\"><p>Den adaptiva 3D-sitsmekanismen i BIOSWING-systemet kopplar bort och reflekterar r\u00f6relseimpulserna fr\u00e5n m\u00e4nniskokroppen n\u00e4r den sitter \u2013 exakt och konsekvent.<\/p>\n<p>Den \u00e4r designad f\u00f6r att anpassa sig till m\u00e4nniskokroppens funktionella anatomi och r\u00f6relsespektrumet den utf\u00f6r n\u00e4r den sitter, och justerar sig d\u00e4rf\u00f6r automatiskt och harmoniskt till de naturliga frekvenserna fr\u00e5n 0,8 till 2,7 hertz.<\/p>\n<\/div><\/div><\/div><div class=\"fusion-layout-column fusion_builder_column fusion-builder-column-3 fusion_builder_column_1_2 1_2 fusion-flex-column\" style=\"--awb-bg-size:cover;--awb-width-large:50%;--awb-margin-top-large:0px;--awb-spacing-right-large:3.84%;--awb-margin-bottom-large:20px;--awb-spacing-left-large:3.84%;--awb-width-medium:50%;--awb-order-medium:0;--awb-spacing-right-medium:3.84%;--awb-spacing-left-medium:3.84%;--awb-width-small:100%;--awb-order-small:2;--awb-spacing-right-small:1.92%;--awb-spacing-left-small:1.92%;\"><div class=\"fusion-column-wrapper fusion-column-has-shadow fusion-flex-justify-content-flex-start fusion-content-layout-column\"><div class=\"fusion-image-element \" style=\"--awb-caption-title-font-family:var(--h2_typography-font-family);--awb-caption-title-font-weight:var(--h2_typography-font-weight);--awb-caption-title-font-style:var(--h2_typography-font-style);--awb-caption-title-size:var(--h2_typography-font-size);--awb-caption-title-transform:var(--h2_typography-text-transform);--awb-caption-title-line-height:var(--h2_typography-line-height);--awb-caption-title-letter-spacing:var(--h2_typography-letter-spacing);\"><span class=\" fusion-imageframe imageframe-none imageframe-2 hover-type-none\"><img decoding=\"async\" width=\"800\" height=\"800\" src=\"https:\/\/bioswing.ee\/wp-content\/uploads\/2024\/11\/tech_2_sv.jpg\" alt class=\"img-responsive wp-image-14802\" srcset=\"https:\/\/bioswing.ee\/wp-content\/uploads\/2024\/11\/tech_2_sv-200x200.jpg 200w, https:\/\/bioswing.ee\/wp-content\/uploads\/2024\/11\/tech_2_sv-400x400.jpg 400w, https:\/\/bioswing.ee\/wp-content\/uploads\/2024\/11\/tech_2_sv-600x600.jpg 600w, https:\/\/bioswing.ee\/wp-content\/uploads\/2024\/11\/tech_2_sv.jpg 800w\" sizes=\"(max-width: 640px) 100vw, 600px\" \/><\/span><\/div><\/div><\/div><\/div><\/div><div id=\"p\" class=\"fusion-container-anchor\"><div class=\"fusion-fullwidth fullwidth-box fusion-builder-row-3 fusion-flex-container has-pattern-background has-mask-background nonhundred-percent-fullwidth non-hundred-percent-height-scrolling\" style=\"--awb-border-radius-top-left:0px;--awb-border-radius-top-right:0px;--awb-border-radius-bottom-right:0px;--awb-border-radius-bottom-left:0px;--awb-flex-wrap:wrap;\" ><div class=\"fusion-builder-row fusion-row fusion-flex-align-items-center fusion-flex-content-wrap\" style=\"max-width:1248px;margin-left: calc(-4% \/ 2 );margin-right: calc(-4% \/ 2 );\"><div class=\"fusion-layout-column fusion_builder_column fusion-builder-column-4 fusion_builder_column_1_2 1_2 fusion-flex-column\" style=\"--awb-bg-size:cover;--awb-width-large:50%;--awb-margin-top-large:0px;--awb-spacing-right-large:3.84%;--awb-margin-bottom-large:20px;--awb-spacing-left-large:3.84%;--awb-width-medium:50%;--awb-order-medium:0;--awb-spacing-right-medium:3.84%;--awb-spacing-left-medium:3.84%;--awb-width-small:100%;--awb-order-small:0;--awb-spacing-right-small:1.92%;--awb-spacing-left-small:1.92%;\"><div class=\"fusion-column-wrapper fusion-column-has-shadow fusion-flex-justify-content-flex-start fusion-content-layout-column\"><div class=\"fusion-image-element \" style=\"--awb-caption-title-font-family:var(--h2_typography-font-family);--awb-caption-title-font-weight:var(--h2_typography-font-weight);--awb-caption-title-font-style:var(--h2_typography-font-style);--awb-caption-title-size:var(--h2_typography-font-size);--awb-caption-title-transform:var(--h2_typography-text-transform);--awb-caption-title-line-height:var(--h2_typography-line-height);--awb-caption-title-letter-spacing:var(--h2_typography-letter-spacing);\"><span class=\" fusion-imageframe imageframe-none imageframe-3 hover-type-none\"><img decoding=\"async\" width=\"800\" height=\"800\" title=\"tech_3\" src=\"https:\/\/bioswing.ee\/wp-content\/uploads\/2023\/04\/tech_3.jpg\" alt class=\"img-responsive wp-image-14778\" srcset=\"https:\/\/bioswing.ee\/wp-content\/uploads\/2023\/04\/tech_3-200x200.jpg 200w, https:\/\/bioswing.ee\/wp-content\/uploads\/2023\/04\/tech_3-400x400.jpg 400w, https:\/\/bioswing.ee\/wp-content\/uploads\/2023\/04\/tech_3-600x600.jpg 600w, https:\/\/bioswing.ee\/wp-content\/uploads\/2023\/04\/tech_3.jpg 800w\" sizes=\"(max-width: 640px) 100vw, 600px\" \/><\/span><\/div><iframe width=\"100%\" height=\"315\" src=\"https:\/\/www.youtube.com\/embed\/VpiEfq9rTzQ?si=xJqWBkbkLBZiTJ3o\" title=\"YouTube video player\" frameborder=\"0\" allow=\"accelerometer; autoplay; clipboard-write; encrypted-media; gyroscope; picture-in-picture; web-share\" referrerpolicy=\"strict-origin-when-cross-origin\" allowfullscreen><\/iframe><\/div><\/div><div class=\"fusion-layout-column fusion_builder_column fusion-builder-column-5 fusion_builder_column_1_2 1_2 fusion-flex-column\" style=\"--awb-bg-size:cover;--awb-width-large:50%;--awb-margin-top-large:0px;--awb-spacing-right-large:3.84%;--awb-margin-bottom-large:20px;--awb-spacing-left-large:3.84%;--awb-width-medium:50%;--awb-order-medium:0;--awb-spacing-right-medium:3.84%;--awb-spacing-left-medium:3.84%;--awb-width-small:100%;--awb-order-small:0;--awb-spacing-right-small:1.92%;--awb-spacing-left-small:1.92%;\"><div class=\"fusion-column-wrapper fusion-column-has-shadow fusion-flex-justify-content-flex-start fusion-content-layout-column\"><div class=\"fusion-title title fusion-title-3 fusion-sep-none fusion-title-text fusion-title-size-one\"><h1 class=\"fusion-title-heading title-heading-left\" style=\"margin:0;\">Pendelprincip<\/h1><\/div><div class=\"fusion-text fusion-text-3\"><p>Medan majoriteten av tillverkare v\u00e4ljer bollprincipen (lutningsprincipen), med en design som \u00e4r enklare att genomf\u00f6ra, anv\u00e4nder BIOSWING-teknologin en sitsmekanism baserad p\u00e5 pendelprincipen (se bilden till v\u00e4nster).<\/p>\n<p>Det har p\u00e5 s\u00e5 s\u00e4tt varit m\u00f6jligt att integrera &#8221;intelligent, fysiskt effektiv r\u00f6relsekontroll&#8221; i en stol.<\/p>\n<p>Detta beror p\u00e5 att en pendel fungerar enligt principen om harmoniska och kroppscentrerade sv\u00e4ngande r\u00f6relser.<\/p>\n<p>En person som anv\u00e4nder boll-liknande eller lutande r\u00f6relsel\u00f6sningar i sin stol (se bild till v\u00e4nster) beh\u00f6ver fortfarande aktivt stabilisera sin kropp mot gravitationen hela tiden. Detta \u00e4r fullt l\u00e4mpligt och anv\u00e4ndbart f\u00f6r terapeutiska \u00e4ndam\u00e5l och f\u00f6r korta sessioner. Under l\u00e4ngre perioder orsakar dock en r\u00f6relsel\u00f6sning baserad p\u00e5 boll- eller lutningsprincipen tr\u00f6tthet och utg\u00f6r \u00e4ven en risk f\u00f6r kronisk b\u00e4ckensnedvridning.<\/p>\n<\/div><\/div><\/div><\/div><\/div><\/div><div class=\"fusion-fullwidth fullwidth-box fusion-builder-row-4 fusion-flex-container has-pattern-background has-mask-background nonhundred-percent-fullwidth non-hundred-percent-height-scrolling\" style=\"--awb-border-radius-top-left:0px;--awb-border-radius-top-right:0px;--awb-border-radius-bottom-right:0px;--awb-border-radius-bottom-left:0px;--awb-flex-wrap:wrap;\" ><div class=\"fusion-builder-row fusion-row fusion-flex-align-items-center fusion-flex-content-wrap\" style=\"max-width:1248px;margin-left: calc(-4% \/ 2 );margin-right: calc(-4% \/ 2 );\"><div class=\"fusion-layout-column fusion_builder_column fusion-builder-column-6 fusion_builder_column_1_2 1_2 fusion-flex-column\" style=\"--awb-bg-size:cover;--awb-width-large:50%;--awb-margin-top-large:0px;--awb-spacing-right-large:3.84%;--awb-margin-bottom-large:20px;--awb-spacing-left-large:3.84%;--awb-width-medium:50%;--awb-order-medium:0;--awb-spacing-right-medium:3.84%;--awb-spacing-left-medium:3.84%;--awb-width-small:100%;--awb-order-small:0;--awb-spacing-right-small:1.92%;--awb-spacing-left-small:1.92%;\"><div class=\"fusion-column-wrapper fusion-column-has-shadow fusion-flex-justify-content-flex-start fusion-content-layout-column\"><div class=\"fusion-title title fusion-title-4 fusion-sep-none fusion-title-text fusion-title-size-one\"><h1 class=\"fusion-title-heading title-heading-left\" style=\"margin:0;\">En vision\u00e4r i \u00f6ver 50 \u00e5r och fortfarande passionerad f\u00f6r m\u00e4nniskors v\u00e4lbefinnande: Eduard Haider<\/h1><\/div><div class=\"fusion-text fusion-text-4\"><p>Uppt\u00e4ckaren och uppfinnaren av BIOSWING-id\u00e9n \u00e4r fortfarande full av energi n\u00e4r det g\u00e4ller att optimera arbetsplatser och terapianl\u00e4ggningar. P\u00e5 Pullenreuth-fabriken i Bayern s\u00e4kerst\u00e4ller han med stor charm och entusiasm att varje produkt f\u00e5r den tid och uppm\u00e4rksamhet den beh\u00f6ver f\u00f6r att vara perfekt \u2013 varje dag. P\u00e5 s\u00e5 s\u00e4tt f\u00e5r varje produkt en &#8221;sj\u00e4l&#8221;, s\u00e5 att s\u00e4ga.<\/p>\n<\/div><\/div><\/div><div class=\"fusion-layout-column fusion_builder_column fusion-builder-column-7 fusion_builder_column_1_2 1_2 fusion-flex-column\" style=\"--awb-bg-size:cover;--awb-width-large:50%;--awb-margin-top-large:0px;--awb-spacing-right-large:3.84%;--awb-margin-bottom-large:20px;--awb-spacing-left-large:3.84%;--awb-width-medium:50%;--awb-order-medium:0;--awb-spacing-right-medium:3.84%;--awb-spacing-left-medium:3.84%;--awb-width-small:100%;--awb-order-small:0;--awb-spacing-right-small:1.92%;--awb-spacing-left-small:1.92%;\"><div class=\"fusion-column-wrapper fusion-column-has-shadow fusion-flex-justify-content-flex-start fusion-content-layout-column\"><div class=\"fusion-image-element \" style=\"--awb-caption-title-font-family:var(--h2_typography-font-family);--awb-caption-title-font-weight:var(--h2_typography-font-weight);--awb-caption-title-font-style:var(--h2_typography-font-style);--awb-caption-title-size:var(--h2_typography-font-size);--awb-caption-title-transform:var(--h2_typography-text-transform);--awb-caption-title-line-height:var(--h2_typography-line-height);--awb-caption-title-letter-spacing:var(--h2_typography-letter-spacing);\"><span class=\" fusion-imageframe imageframe-none imageframe-4 hover-type-none\"><img decoding=\"async\" width=\"800\" height=\"800\" title=\"tech_4\" src=\"https:\/\/bioswing.ee\/wp-content\/uploads\/2023\/04\/tech_4.jpg\" alt class=\"img-responsive wp-image-14779\" srcset=\"https:\/\/bioswing.ee\/wp-content\/uploads\/2023\/04\/tech_4-200x200.jpg 200w, https:\/\/bioswing.ee\/wp-content\/uploads\/2023\/04\/tech_4-400x400.jpg 400w, https:\/\/bioswing.ee\/wp-content\/uploads\/2023\/04\/tech_4-600x600.jpg 600w, https:\/\/bioswing.ee\/wp-content\/uploads\/2023\/04\/tech_4.jpg 800w\" sizes=\"(max-width: 640px) 100vw, 600px\" \/><\/span><\/div><\/div><\/div><\/div><\/div><div class=\"fusion-fullwidth fullwidth-box fusion-builder-row-5 fusion-flex-container has-pattern-background has-mask-background nonhundred-percent-fullwidth non-hundred-percent-height-scrolling\" style=\"--awb-border-radius-top-left:0px;--awb-border-radius-top-right:0px;--awb-border-radius-bottom-right:0px;--awb-border-radius-bottom-left:0px;--awb-flex-wrap:wrap;\" ><div class=\"fusion-builder-row fusion-row fusion-flex-align-items-flex-start fusion-flex-content-wrap\" style=\"max-width:1248px;margin-left: calc(-4% \/ 2 );margin-right: calc(-4% \/ 2 );\"><div class=\"fusion-layout-column fusion_builder_column fusion-builder-column-8 fusion_builder_column_1_1 1_1 fusion-flex-column\" style=\"--awb-bg-size:cover;--awb-width-large:100%;--awb-margin-top-large:0px;--awb-spacing-right-large:1.92%;--awb-margin-bottom-large:20px;--awb-spacing-left-large:1.92%;--awb-width-medium:100%;--awb-order-medium:0;--awb-spacing-right-medium:1.92%;--awb-spacing-left-medium:1.92%;--awb-width-small:100%;--awb-order-small:0;--awb-spacing-right-small:1.92%;--awb-spacing-left-small:1.92%;\"><div class=\"fusion-column-wrapper fusion-column-has-shadow fusion-flex-justify-content-flex-start fusion-content-layout-column\"><iframe width=\"100%\" height=\"750\" src=\"https:\/\/www.youtube.com\/embed\/RdAkGYfQRU0\" title=\"YouTube video player\" frameborder=\"0\" allow=\"accelerometer; autoplay; clipboard-write; encrypted-media; gyroscope; picture-in-picture; web-share\" allowfullscreen><\/iframe><\/div><\/div><\/div><\/div><\/p>\n","protected":false},"excerpt":{"rendered":"","protected":false},"author":2,"featured_media":0,"parent":14742,"menu_order":0,"comment_status":"closed","ping_status":"closed","template":"100-width.php","meta":{"_acf_changed":false,"footnotes":""},"class_list":["post-14750","page","type-page","status-publish","hentry"],"acf":[],"yoast_head":"<!-- This site is optimized with the Yoast SEO plugin v24.3 - https:\/\/yoast.com\/wordpress\/plugins\/seo\/ -->\n<title>TEKNOLOGI - BIOSWING<\/title>\n<meta name=\"description\" content=\"Quality and perfection down to the finest detail!BIOSWING \u2013 the intelligent, adaptive 3D movement technology\" \/>\n<meta name=\"robots\" content=\"index, follow, max-snippet:-1, max-image-preview:large, max-video-preview:-1\" \/>\n<link rel=\"canonical\" href=\"https:\/\/bioswing.ee\/sv\/varfor-bioswing\/teknologi\/\" \/>\n<meta property=\"og:locale\" content=\"sv_SE\" \/>\n<meta property=\"og:type\" content=\"article\" \/>\n<meta property=\"og:title\" content=\"TEKNOLOGI - BIOSWING\" \/>\n<meta property=\"og:description\" content=\"Quality and perfection down to the finest detail!BIOSWING \u2013 the intelligent, adaptive 3D movement technology\" \/>\n<meta property=\"og:url\" content=\"https:\/\/bioswing.ee\/sv\/varfor-bioswing\/teknologi\/\" \/>\n<meta property=\"og:site_name\" content=\"BIOSWING\" \/>\n<meta property=\"article:modified_time\" content=\"2025-01-23T17:00:19+00:00\" \/>\n<meta name=\"twitter:card\" content=\"summary_large_image\" \/>\n<meta name=\"twitter:label1\" content=\"Ber\u00e4knad l\u00e4stid\" \/>\n\t<meta name=\"twitter:data1\" content=\"3 minuter\" \/>\n<script type=\"application\/ld+json\" class=\"yoast-schema-graph\">{\"@context\":\"https:\/\/schema.org\",\"@graph\":[{\"@type\":\"WebPage\",\"@id\":\"https:\/\/bioswing.ee\/sv\/varfor-bioswing\/teknologi\/\",\"url\":\"https:\/\/bioswing.ee\/sv\/varfor-bioswing\/teknologi\/\",\"name\":\"TEKNOLOGI - BIOSWING\",\"isPartOf\":{\"@id\":\"https:\/\/bioswing.ee\/#website\"},\"datePublished\":\"2023-04-13T12:12:05+00:00\",\"dateModified\":\"2025-01-23T17:00:19+00:00\",\"description\":\"Quality and perfection down to the finest detail!BIOSWING \u2013 the intelligent, adaptive 3D movement technology\",\"breadcrumb\":{\"@id\":\"https:\/\/bioswing.ee\/sv\/varfor-bioswing\/teknologi\/#breadcrumb\"},\"inLanguage\":\"sv-SE\",\"potentialAction\":[{\"@type\":\"ReadAction\",\"target\":[\"https:\/\/bioswing.ee\/sv\/varfor-bioswing\/teknologi\/\"]}]},{\"@type\":\"BreadcrumbList\",\"@id\":\"https:\/\/bioswing.ee\/sv\/varfor-bioswing\/teknologi\/#breadcrumb\",\"itemListElement\":[{\"@type\":\"ListItem\",\"position\":1,\"name\":\"Home\",\"item\":\"https:\/\/bioswing.ee\/sv\/\"},{\"@type\":\"ListItem\",\"position\":2,\"name\":\"Varf\u00f6r BIOSWING?\",\"item\":\"https:\/\/bioswing.ee\/sv\/varfor-bioswing\/\"},{\"@type\":\"ListItem\",\"position\":3,\"name\":\"TEKNOLOGI\"}]},{\"@type\":\"WebSite\",\"@id\":\"https:\/\/bioswing.ee\/#website\",\"url\":\"https:\/\/bioswing.ee\/\",\"name\":\"BIOSWING\",\"description\":\"Smart solutions for healthy sitting\",\"publisher\":{\"@id\":\"https:\/\/bioswing.ee\/#organization\"},\"potentialAction\":[{\"@type\":\"SearchAction\",\"target\":{\"@type\":\"EntryPoint\",\"urlTemplate\":\"https:\/\/bioswing.ee\/?s={search_term_string}\"},\"query-input\":{\"@type\":\"PropertyValueSpecification\",\"valueRequired\":true,\"valueName\":\"search_term_string\"}}],\"inLanguage\":\"sv-SE\"},{\"@type\":\"Organization\",\"@id\":\"https:\/\/bioswing.ee\/#organization\",\"name\":\"BIOSWING\",\"url\":\"https:\/\/bioswing.ee\/\",\"logo\":{\"@type\":\"ImageObject\",\"inLanguage\":\"sv-SE\",\"@id\":\"https:\/\/bioswing.ee\/#\/schema\/logo\/image\/\",\"url\":\"https:\/\/bioswing.ee\/wp-content\/uploads\/2023\/04\/logo_web.png\",\"contentUrl\":\"https:\/\/bioswing.ee\/wp-content\/uploads\/2023\/04\/logo_web.png\",\"width\":140,\"height\":122,\"caption\":\"BIOSWING\"},\"image\":{\"@id\":\"https:\/\/bioswing.ee\/#\/schema\/logo\/image\/\"}}]}<\/script>\n<!-- \/ Yoast SEO plugin. -->","yoast_head_json":{"title":"TEKNOLOGI - BIOSWING","description":"Quality and perfection down to the finest detail!BIOSWING \u2013 the intelligent, adaptive 3D movement technology","robots":{"index":"index","follow":"follow","max-snippet":"max-snippet:-1","max-image-preview":"max-image-preview:large","max-video-preview":"max-video-preview:-1"},"canonical":"https:\/\/bioswing.ee\/sv\/varfor-bioswing\/teknologi\/","og_locale":"sv_SE","og_type":"article","og_title":"TEKNOLOGI - BIOSWING","og_description":"Quality and perfection down to the finest detail!BIOSWING \u2013 the intelligent, adaptive 3D movement technology","og_url":"https:\/\/bioswing.ee\/sv\/varfor-bioswing\/teknologi\/","og_site_name":"BIOSWING","article_modified_time":"2025-01-23T17:00:19+00:00","twitter_card":"summary_large_image","twitter_misc":{"Ber\u00e4knad l\u00e4stid":"3 minuter"},"schema":{"@context":"https:\/\/schema.org","@graph":[{"@type":"WebPage","@id":"https:\/\/bioswing.ee\/sv\/varfor-bioswing\/teknologi\/","url":"https:\/\/bioswing.ee\/sv\/varfor-bioswing\/teknologi\/","name":"TEKNOLOGI - BIOSWING","isPartOf":{"@id":"https:\/\/bioswing.ee\/#website"},"datePublished":"2023-04-13T12:12:05+00:00","dateModified":"2025-01-23T17:00:19+00:00","description":"Quality and perfection down to the finest detail!BIOSWING \u2013 the intelligent, adaptive 3D movement technology","breadcrumb":{"@id":"https:\/\/bioswing.ee\/sv\/varfor-bioswing\/teknologi\/#breadcrumb"},"inLanguage":"sv-SE","potentialAction":[{"@type":"ReadAction","target":["https:\/\/bioswing.ee\/sv\/varfor-bioswing\/teknologi\/"]}]},{"@type":"BreadcrumbList","@id":"https:\/\/bioswing.ee\/sv\/varfor-bioswing\/teknologi\/#breadcrumb","itemListElement":[{"@type":"ListItem","position":1,"name":"Home","item":"https:\/\/bioswing.ee\/sv\/"},{"@type":"ListItem","position":2,"name":"Varf\u00f6r BIOSWING?","item":"https:\/\/bioswing.ee\/sv\/varfor-bioswing\/"},{"@type":"ListItem","position":3,"name":"TEKNOLOGI"}]},{"@type":"WebSite","@id":"https:\/\/bioswing.ee\/#website","url":"https:\/\/bioswing.ee\/","name":"BIOSWING","description":"Smart solutions for healthy sitting","publisher":{"@id":"https:\/\/bioswing.ee\/#organization"},"potentialAction":[{"@type":"SearchAction","target":{"@type":"EntryPoint","urlTemplate":"https:\/\/bioswing.ee\/?s={search_term_string}"},"query-input":{"@type":"PropertyValueSpecification","valueRequired":true,"valueName":"search_term_string"}}],"inLanguage":"sv-SE"},{"@type":"Organization","@id":"https:\/\/bioswing.ee\/#organization","name":"BIOSWING","url":"https:\/\/bioswing.ee\/","logo":{"@type":"ImageObject","inLanguage":"sv-SE","@id":"https:\/\/bioswing.ee\/#\/schema\/logo\/image\/","url":"https:\/\/bioswing.ee\/wp-content\/uploads\/2023\/04\/logo_web.png","contentUrl":"https:\/\/bioswing.ee\/wp-content\/uploads\/2023\/04\/logo_web.png","width":140,"height":122,"caption":"BIOSWING"},"image":{"@id":"https:\/\/bioswing.ee\/#\/schema\/logo\/image\/"}}]}},"_links":{"self":[{"href":"https:\/\/bioswing.ee\/sv\/wp-json\/wp\/v2\/pages\/14750"}],"collection":[{"href":"https:\/\/bioswing.ee\/sv\/wp-json\/wp\/v2\/pages"}],"about":[{"href":"https:\/\/bioswing.ee\/sv\/wp-json\/wp\/v2\/types\/page"}],"author":[{"embeddable":true,"href":"https:\/\/bioswing.ee\/sv\/wp-json\/wp\/v2\/users\/2"}],"replies":[{"embeddable":true,"href":"https:\/\/bioswing.ee\/sv\/wp-json\/wp\/v2\/comments?post=14750"}],"version-history":[{"count":7,"href":"https:\/\/bioswing.ee\/sv\/wp-json\/wp\/v2\/pages\/14750\/revisions"}],"predecessor-version":[{"id":23141,"href":"https:\/\/bioswing.ee\/sv\/wp-json\/wp\/v2\/pages\/14750\/revisions\/23141"}],"up":[{"embeddable":true,"href":"https:\/\/bioswing.ee\/sv\/wp-json\/wp\/v2\/pages\/14742"}],"wp:attachment":[{"href":"https:\/\/bioswing.ee\/sv\/wp-json\/wp\/v2\/media?parent=14750"}],"curies":[{"name":"wp","href":"https:\/\/api.w.org\/{rel}","templated":true}]}}