{"id":14998,"date":"2023-03-31T19:29:21","date_gmt":"2023-03-31T19:29:21","guid":{"rendered":"https:\/\/bioswing.ee\/privacy-policy\/"},"modified":"2024-11-26T12:06:11","modified_gmt":"2024-11-26T12:06:11","slug":"personvernerklaering","status":"publish","type":"page","link":"https:\/\/bioswing.ee\/no\/personvernerklaering\/","title":{"rendered":"Personvernerkl\u00e6ring"},"content":{"rendered":"<p><div class=\"fusion-fullwidth fullwidth-box fusion-builder-row-1 fusion-flex-container has-pattern-background has-mask-background nonhundred-percent-fullwidth non-hundred-percent-height-scrolling\" style=\"--awb-border-radius-top-left:0px;--awb-border-radius-top-right:0px;--awb-border-radius-bottom-right:0px;--awb-border-radius-bottom-left:0px;--awb-flex-wrap:wrap;\" ><div class=\"fusion-builder-row fusion-row fusion-flex-align-items-center fusion-flex-content-wrap\" style=\"max-width:1248px;margin-left: calc(-4% \/ 2 );margin-right: calc(-4% \/ 2 );\"><div class=\"fusion-layout-column fusion_builder_column fusion-builder-column-0 fusion_builder_column_1_5 1_5 fusion-flex-column\" style=\"--awb-bg-size:cover;--awb-width-large:20%;--awb-margin-top-large:0px;--awb-spacing-right-large:9.6%;--awb-margin-bottom-large:20px;--awb-spacing-left-large:9.6%;--awb-width-medium:20%;--awb-order-medium:0;--awb-spacing-right-medium:9.6%;--awb-spacing-left-medium:9.6%;--awb-width-small:100%;--awb-order-small:0;--awb-spacing-right-small:1.92%;--awb-spacing-left-small:1.92%;\"><div class=\"fusion-column-wrapper fusion-column-has-shadow fusion-flex-justify-content-flex-start fusion-content-layout-column\"><\/div><\/div><div class=\"fusion-layout-column fusion_builder_column fusion-builder-column-1 fusion_builder_column_3_5 3_5 fusion-flex-column\" style=\"--awb-bg-size:cover;--awb-width-large:60%;--awb-margin-top-large:0px;--awb-spacing-right-large:3.2%;--awb-margin-bottom-large:20px;--awb-spacing-left-large:3.2%;--awb-width-medium:60%;--awb-order-medium:0;--awb-spacing-right-medium:3.2%;--awb-spacing-left-medium:3.2%;--awb-width-small:100%;--awb-order-small:0;--awb-spacing-right-small:1.92%;--awb-spacing-left-small:1.92%;\"><div class=\"fusion-column-wrapper fusion-column-has-shadow fusion-flex-justify-content-flex-start fusion-content-layout-column\"><div class=\"fusion-title title fusion-title-1 fusion-sep-none fusion-title-text fusion-title-size-one\"><h1 class=\"fusion-title-heading title-heading-left\" style=\"margin:0;\">Personvernerkl\u00e6ring<\/h1><\/div><div class=\"fusion-text fusion-text-1\"><p>Tilliten fra v\u00e5re kunder og partnere er veldig viktig for oss. Vi \u00f8nsker at alle som deler sine personlige opplysninger med oss, skal v\u00e6re trygge p\u00e5 at vi tar vare p\u00e5 deres data p\u00e5 best mulig m\u00e5te.<\/p>\n<p>Denne personvernerkl\u00e6ringen er laget for \u00e5 beskytte personvernet til tidligere, n\u00e5v\u00e6rende og fremtidige kunder hos SKS V\u00f5ru O\u00dc. Basert p\u00e5 dette beskriver vi prinsippene for innsamling, bruk, lagring, overf\u00f8ring og publisering av kundens personopplysninger i samsvar med Estlands lover og EU-lovgivning.<\/p>\n<p><strong>Innsamling og bruk av personopplysninger<\/strong><\/p>\n<p>Vi behandler data som frivillig deles med oss av en person som personopplysninger. Personopplysninger kan omfatte navn, telefonnummer, e-postadresse, gateadresse og annen informasjon.<\/p>\n<p>Vi bruker personopplysninger kun for \u00e5 gi kundene v\u00e5re den nyeste markedinformasjonen, dele nye utviklinger, svare p\u00e5 sp\u00f8rsm\u00e5l, dele de beste tilbudene og informasjon om kundedager, samt andre aktiviteter relatert til driften av SKS V\u00f5ru O\u00dc.<\/p>\n<p>SKS V\u00f5ru O\u00dc distribuerer, overf\u00f8rer, endrer eller bruker ikke personopplysninger p\u00e5 en uventet m\u00e5te, med mindre kunden har en avtale eller hvis behovet for informasjon utlevering er i samsvar med Estlands lovgivning.<\/p>\n<p>Hvis du mottar informasjonen ovenfor fra oss uten at du har gitt oss dine personopplysninger, vennligst kontakt <a href=\"mailto:info@bioswing.ee\" rel=\"noopener\">info@bioswing.ee<\/a>.<\/p>\n<p>En person har rett til \u00e5 trekke tilbake sitt samtykke n\u00e5r som helst ved \u00e5 sende en foresp\u00f8rsel til <a href=\"mailto:info@bioswing.ee\" rel=\"noopener\">info@bioswing.ee<\/a>.<\/p>\n<p><strong>Cookies<\/strong><\/p>\n<p>SKS V\u00f5ru O\u00dc bruker cookies p\u00e5 nettstedet sitt for \u00e5 analysere nettleserhistorikken din. Vi bruker denne informasjonen for \u00e5 gj\u00f8re brukeropplevelsen mer komfortabel og relevant for dine behov. Vi bruker ogs\u00e5 cookies til statistisk analyse og for \u00e5 vise annonser til deg via n\u00f8ye utvalgte tredjeparts applikasjoner (som Google, Adroll, Facebook, Mailchimp, osv.).<\/p>\n<p>En cookie er en tekstfil som sendes av de nettstedene som brukeren bes\u00f8ker og lagres p\u00e5 brukerens datamaskin. En cookie lagres i brukerens nettleserens filkatalog. Hvis brukeren har bes\u00f8kt nettstedet f\u00f8r, leser nettleseren cookien og overf\u00f8rer relevant informasjon til nettstedet eller objektet som ble lagret da cookien ble laget.<\/p>\n<p>Nettleseren har rett til \u00e5 deaktivere bruken av cookies. Hvis du \u00f8nsker dette, m\u00e5 du endre innstillingene i nettleseren din.<\/p>\n<p><strong>Betingelser for Personvernerkl\u00e6ringen<\/strong><\/p>\n<p>Ved \u00e5 sende inn dine data og fortsette \u00e5 bruke nettstedet v\u00e5rt, f\u00f8lger du og godtar v\u00e5re retningslinjer og betingelser. SKS V\u00f5ru O\u00dc forbeholder seg retten til \u00e5 endre de generelle vilk\u00e5rene for personvernerkl\u00e6ringen etter behov.<\/p>\n<p>For alle sp\u00f8rsm\u00e5l vedr\u00f8rende personvernerkl\u00e6ringen, vennligst kontakt oss p\u00e5 <a href=\"mailto:info@bioswing.ee\" rel=\"noopener\">info@bioswing.ee<\/a>.<\/p>\n<\/div><\/div><\/div><div class=\"fusion-layout-column fusion_builder_column fusion-builder-column-2 fusion_builder_column_1_5 1_5 fusion-flex-column\" style=\"--awb-bg-size:cover;--awb-width-large:20%;--awb-margin-top-large:0px;--awb-spacing-right-large:9.6%;--awb-margin-bottom-large:20px;--awb-spacing-left-large:9.6%;--awb-width-medium:20%;--awb-order-medium:0;--awb-spacing-right-medium:9.6%;--awb-spacing-left-medium:9.6%;--awb-width-small:100%;--awb-order-small:0;--awb-spacing-right-small:1.92%;--awb-spacing-left-small:1.92%;\"><div class=\"fusion-column-wrapper fusion-column-has-shadow fusion-flex-justify-content-flex-start fusion-content-layout-column\"><\/div><\/div><\/div><\/div><div class=\"fusion-fullwidth fullwidth-box fusion-builder-row-2 fusion-flex-container has-pattern-background has-mask-background nonhundred-percent-fullwidth non-hundred-percent-height-scrolling\" style=\"--awb-border-radius-top-left:0px;--awb-border-radius-top-right:0px;--awb-border-radius-bottom-right:0px;--awb-border-radius-bottom-left:0px;--awb-flex-wrap:wrap;\" ><div class=\"fusion-builder-row fusion-row fusion-flex-align-items-flex-start fusion-flex-content-wrap\" style=\"max-width:1248px;margin-left: calc(-4% \/ 2 );margin-right: calc(-4% \/ 2 );\"><\/div><\/div><\/p>\n","protected":false},"excerpt":{"rendered":"","protected":false},"author":1,"featured_media":0,"parent":0,"menu_order":0,"comment_status":"closed","ping_status":"open","template":"","meta":{"_acf_changed":false,"footnotes":""},"class_list":["post-14998","page","type-page","status-publish","hentry"],"acf":[],"yoast_head":"<!-- This site is optimized with the Yoast SEO plugin v24.3 - https:\/\/yoast.com\/wordpress\/plugins\/seo\/ -->\n<title>Personvernerkl\u00e6ring - BIOSWING<\/title>\n<meta name=\"robots\" content=\"index, follow, max-snippet:-1, max-image-preview:large, max-video-preview:-1\" \/>\n<link rel=\"canonical\" href=\"https:\/\/bioswing.ee\/no\/personvernerklaering\/\" \/>\n<meta property=\"og:locale\" content=\"nb_NO\" \/>\n<meta property=\"og:type\" content=\"article\" \/>\n<meta property=\"og:title\" content=\"Personvernerkl\u00e6ring - BIOSWING\" \/>\n<meta property=\"og:url\" content=\"https:\/\/bioswing.ee\/no\/personvernerklaering\/\" \/>\n<meta property=\"og:site_name\" content=\"BIOSWING\" \/>\n<meta property=\"article:modified_time\" content=\"2024-11-26T12:06:11+00:00\" \/>\n<meta name=\"twitter:card\" content=\"summary_large_image\" \/>\n<meta name=\"twitter:label1\" content=\"Ansl. lesetid\" \/>\n\t<meta name=\"twitter:data1\" content=\"2 minutter\" \/>\n<script type=\"application\/ld+json\" class=\"yoast-schema-graph\">{\"@context\":\"https:\/\/schema.org\",\"@graph\":[{\"@type\":\"WebPage\",\"@id\":\"https:\/\/bioswing.ee\/no\/personvernerklaering\/\",\"url\":\"https:\/\/bioswing.ee\/no\/personvernerklaering\/\",\"name\":\"Personvernerkl\u00e6ring - BIOSWING\",\"isPartOf\":{\"@id\":\"https:\/\/bioswing.ee\/#website\"},\"datePublished\":\"2023-03-31T19:29:21+00:00\",\"dateModified\":\"2024-11-26T12:06:11+00:00\",\"breadcrumb\":{\"@id\":\"https:\/\/bioswing.ee\/no\/personvernerklaering\/#breadcrumb\"},\"inLanguage\":\"nb-NO\",\"potentialAction\":[{\"@type\":\"ReadAction\",\"target\":[\"https:\/\/bioswing.ee\/no\/personvernerklaering\/\"]}]},{\"@type\":\"BreadcrumbList\",\"@id\":\"https:\/\/bioswing.ee\/no\/personvernerklaering\/#breadcrumb\",\"itemListElement\":[{\"@type\":\"ListItem\",\"position\":1,\"name\":\"Home\",\"item\":\"https:\/\/bioswing.ee\/no\/\"},{\"@type\":\"ListItem\",\"position\":2,\"name\":\"Personvernerkl\u00e6ring\"}]},{\"@type\":\"WebSite\",\"@id\":\"https:\/\/bioswing.ee\/#website\",\"url\":\"https:\/\/bioswing.ee\/\",\"name\":\"BIOSWING\",\"description\":\"Smart solutions for healthy sitting\",\"publisher\":{\"@id\":\"https:\/\/bioswing.ee\/#organization\"},\"potentialAction\":[{\"@type\":\"SearchAction\",\"target\":{\"@type\":\"EntryPoint\",\"urlTemplate\":\"https:\/\/bioswing.ee\/?s={search_term_string}\"},\"query-input\":{\"@type\":\"PropertyValueSpecification\",\"valueRequired\":true,\"valueName\":\"search_term_string\"}}],\"inLanguage\":\"nb-NO\"},{\"@type\":\"Organization\",\"@id\":\"https:\/\/bioswing.ee\/#organization\",\"name\":\"BIOSWING\",\"url\":\"https:\/\/bioswing.ee\/\",\"logo\":{\"@type\":\"ImageObject\",\"inLanguage\":\"nb-NO\",\"@id\":\"https:\/\/bioswing.ee\/#\/schema\/logo\/image\/\",\"url\":\"https:\/\/bioswing.ee\/wp-content\/uploads\/2023\/04\/logo_web.png\",\"contentUrl\":\"https:\/\/bioswing.ee\/wp-content\/uploads\/2023\/04\/logo_web.png\",\"width\":140,\"height\":122,\"caption\":\"BIOSWING\"},\"image\":{\"@id\":\"https:\/\/bioswing.ee\/#\/schema\/logo\/image\/\"}}]}<\/script>\n<!-- \/ Yoast SEO plugin. -->","yoast_head_json":{"title":"Personvernerkl\u00e6ring - BIOSWING","robots":{"index":"index","follow":"follow","max-snippet":"max-snippet:-1","max-image-preview":"max-image-preview:large","max-video-preview":"max-video-preview:-1"},"canonical":"https:\/\/bioswing.ee\/no\/personvernerklaering\/","og_locale":"nb_NO","og_type":"article","og_title":"Personvernerkl\u00e6ring - BIOSWING","og_url":"https:\/\/bioswing.ee\/no\/personvernerklaering\/","og_site_name":"BIOSWING","article_modified_time":"2024-11-26T12:06:11+00:00","twitter_card":"summary_large_image","twitter_misc":{"Ansl. lesetid":"2 minutter"},"schema":{"@context":"https:\/\/schema.org","@graph":[{"@type":"WebPage","@id":"https:\/\/bioswing.ee\/no\/personvernerklaering\/","url":"https:\/\/bioswing.ee\/no\/personvernerklaering\/","name":"Personvernerkl\u00e6ring - BIOSWING","isPartOf":{"@id":"https:\/\/bioswing.ee\/#website"},"datePublished":"2023-03-31T19:29:21+00:00","dateModified":"2024-11-26T12:06:11+00:00","breadcrumb":{"@id":"https:\/\/bioswing.ee\/no\/personvernerklaering\/#breadcrumb"},"inLanguage":"nb-NO","potentialAction":[{"@type":"ReadAction","target":["https:\/\/bioswing.ee\/no\/personvernerklaering\/"]}]},{"@type":"BreadcrumbList","@id":"https:\/\/bioswing.ee\/no\/personvernerklaering\/#breadcrumb","itemListElement":[{"@type":"ListItem","position":1,"name":"Home","item":"https:\/\/bioswing.ee\/no\/"},{"@type":"ListItem","position":2,"name":"Personvernerkl\u00e6ring"}]},{"@type":"WebSite","@id":"https:\/\/bioswing.ee\/#website","url":"https:\/\/bioswing.ee\/","name":"BIOSWING","description":"Smart solutions for healthy sitting","publisher":{"@id":"https:\/\/bioswing.ee\/#organization"},"potentialAction":[{"@type":"SearchAction","target":{"@type":"EntryPoint","urlTemplate":"https:\/\/bioswing.ee\/?s={search_term_string}"},"query-input":{"@type":"PropertyValueSpecification","valueRequired":true,"valueName":"search_term_string"}}],"inLanguage":"nb-NO"},{"@type":"Organization","@id":"https:\/\/bioswing.ee\/#organization","name":"BIOSWING","url":"https:\/\/bioswing.ee\/","logo":{"@type":"ImageObject","inLanguage":"nb-NO","@id":"https:\/\/bioswing.ee\/#\/schema\/logo\/image\/","url":"https:\/\/bioswing.ee\/wp-content\/uploads\/2023\/04\/logo_web.png","contentUrl":"https:\/\/bioswing.ee\/wp-content\/uploads\/2023\/04\/logo_web.png","width":140,"height":122,"caption":"BIOSWING"},"image":{"@id":"https:\/\/bioswing.ee\/#\/schema\/logo\/image\/"}}]}},"_links":{"self":[{"href":"https:\/\/bioswing.ee\/no\/wp-json\/wp\/v2\/pages\/14998"}],"collection":[{"href":"https:\/\/bioswing.ee\/no\/wp-json\/wp\/v2\/pages"}],"about":[{"href":"https:\/\/bioswing.ee\/no\/wp-json\/wp\/v2\/types\/page"}],"author":[{"embeddable":true,"href":"https:\/\/bioswing.ee\/no\/wp-json\/wp\/v2\/users\/1"}],"replies":[{"embeddable":true,"href":"https:\/\/bioswing.ee\/no\/wp-json\/wp\/v2\/comments?post=14998"}],"version-history":[{"count":2,"href":"https:\/\/bioswing.ee\/no\/wp-json\/wp\/v2\/pages\/14998\/revisions"}],"predecessor-version":[{"id":15004,"href":"https:\/\/bioswing.ee\/no\/wp-json\/wp\/v2\/pages\/14998\/revisions\/15004"}],"wp:attachment":[{"href":"https:\/\/bioswing.ee\/no\/wp-json\/wp\/v2\/media?parent=14998"}],"curies":[{"name":"wp","href":"https:\/\/api.w.org\/{rel}","templated":true}]}}