{"id":14989,"date":"2023-07-13T13:13:28","date_gmt":"2023-07-13T13:13:28","guid":{"rendered":"https:\/\/bioswing.ee\/terms\/"},"modified":"2024-11-26T11:49:33","modified_gmt":"2024-11-26T11:49:33","slug":"salgsbetingelser","status":"publish","type":"page","link":"https:\/\/bioswing.ee\/no\/salgsbetingelser\/","title":{"rendered":"Salgsbetingelser"},"content":{"rendered":"<p><div class=\"fusion-fullwidth fullwidth-box fusion-builder-row-1 fusion-flex-container has-pattern-background has-mask-background nonhundred-percent-fullwidth non-hundred-percent-height-scrolling\" style=\"--awb-border-radius-top-left:0px;--awb-border-radius-top-right:0px;--awb-border-radius-bottom-right:0px;--awb-border-radius-bottom-left:0px;--awb-flex-wrap:wrap;\" ><div class=\"fusion-builder-row fusion-row fusion-flex-align-items-center fusion-flex-content-wrap\" style=\"max-width:1248px;margin-left: calc(-4% \/ 2 );margin-right: calc(-4% \/ 2 );\"><div class=\"fusion-layout-column fusion_builder_column fusion-builder-column-0 fusion_builder_column_1_5 1_5 fusion-flex-column\" style=\"--awb-bg-size:cover;--awb-width-large:20%;--awb-margin-top-large:0px;--awb-spacing-right-large:9.6%;--awb-margin-bottom-large:20px;--awb-spacing-left-large:9.6%;--awb-width-medium:20%;--awb-order-medium:0;--awb-spacing-right-medium:9.6%;--awb-spacing-left-medium:9.6%;--awb-width-small:100%;--awb-order-small:0;--awb-spacing-right-small:1.92%;--awb-spacing-left-small:1.92%;\"><div class=\"fusion-column-wrapper fusion-column-has-shadow fusion-flex-justify-content-flex-start fusion-content-layout-column\"><\/div><\/div><div class=\"fusion-layout-column fusion_builder_column fusion-builder-column-1 fusion_builder_column_3_5 3_5 fusion-flex-column\" style=\"--awb-bg-size:cover;--awb-width-large:60%;--awb-margin-top-large:0px;--awb-spacing-right-large:3.2%;--awb-margin-bottom-large:20px;--awb-spacing-left-large:3.2%;--awb-width-medium:60%;--awb-order-medium:0;--awb-spacing-right-medium:3.2%;--awb-spacing-left-medium:3.2%;--awb-width-small:100%;--awb-order-small:0;--awb-spacing-right-small:1.92%;--awb-spacing-left-small:1.92%;\"><div class=\"fusion-column-wrapper fusion-column-has-shadow fusion-flex-justify-content-flex-start fusion-content-layout-column\"><div class=\"fusion-title title fusion-title-1 fusion-sep-none fusion-title-text fusion-title-size-one\"><h1 class=\"fusion-title-heading title-heading-left\" style=\"margin:0;\">Salgsbetingelser<\/h1><\/div><div class=\"fusion-text fusion-text-1\"><h3>Standardvilk\u00e5r for salgstransaksjoner<\/h3>\n<p>Gyldig i nettbutikken siden 01.06.2023<\/p>\n<ol>\n<li><strong>Generelle bestemmelser<\/strong><br \/>\n1.1. Disse standardvilk\u00e5rene fastsetter de grunnleggende prinsippene for det rettslige forholdet mellom SKS V\u00f5ru O\u00dc (heretter kalt Selgeren) og Kj\u00f8peren og de generelle vilk\u00e5rene for \u00e5 inng\u00e5 transaksjoner mellom Selgeren og Kj\u00f8peren (heretter felles kalt Partene). Standardvilk\u00e5rene gjelder for alle rettslige forhold mellom Partene.<br \/>\n1.2. I tillegg til standardvilk\u00e5rene reguleres de rettslige forholdene mellom Partene av de rettslige normene i Estlands republikk og gjennom en bestilling eller avtale ved dens eksistens.<br \/>\n1.3. Ved konflikt mellom standardvilk\u00e5rene og bestillingen gjelder bestemmelsene i bestillingen. Ved konflikt mellom standardvilk\u00e5rene eller bestillingen og en avtale, gjelder bestemmelsene i avtalen.<br \/>\nDer konteksten krever det, skal ordet i entall inkludere flertall og vice versa. Overskriftene i paragrafene er kun med for \u00e5 lette lesingen og p\u00e5virker ikke tolkningen av innholdet i paragrafene.<br \/>\n1.4. Hver klausul i standardvilk\u00e5rene skal tolkes sammen med de andre klausulene i standardvilk\u00e5rene, basert p\u00e5 meningen og form\u00e5let med standardvilk\u00e5rene.<\/li>\n<li><strong>Definisjoner<\/strong><br \/>\n2.1. Selgeren er SKS V\u00f5ru O\u00dc.<br \/>\n2.2. Kj\u00f8peren er enhver fysisk eller juridisk person som kj\u00f8per eller \u00f8nsker \u00e5 kj\u00f8pe Produktene og\/eller Tjenestene som tilbys av Selgeren.<br \/>\n2.3. Produktet er ethvert m\u00f8bel og andre innredningsvarer som Selgeren selger til Kj\u00f8peren.<br \/>\n2.4. Tjenesten er en romplan eller innredningsl\u00f8sning som produseres av Selgeren p\u00e5 Kj\u00f8perens foresp\u00f8rsel, transport av de solgte produktene til den plasseringen som Kj\u00f8peren angir, samt montering og installasjon av produktet.<br \/>\n2.5. Prislisten er et dokument som er godkjent av Selgeren og som gjenspeiler priser p\u00e5 produkter og tjenester.<br \/>\n2.6. Bestillingsbekreftelse anses som en kj\u00f8ps- og salgsavtale mellom Kj\u00f8peren og Selgeren.<br \/>\n2.7. Leveringstid er den tid da Produktet og\/eller Tjenesten skal v\u00e6re tilgjengelig for Kj\u00f8peren.<\/li>\n<li><strong>Prissetting<\/strong><br \/>\n3.1. Prisene som gjelder for Produktene og Tjenestene er oppgitt i den Prislisten fastsatt av Selgeren. Prisene i Prislisten inkluderer moms og ekskluderer produktets pallkostnad. Prisene i Prislisten inkluderer kostnaden for emballasje.<br \/>\n3.2. Selgeren har rett til ensidig \u00e5 gj\u00f8re endringer i Prislisten. Endringene trer i kraft fra datoen for endringen eller fra en annen dato som fastsettes av Selgeren. Endringer i Prislisten vil ikke ha tilbakevirkende kraft for Prisforesp\u00f8rsler og Bestillinger som ble inng\u00e5tt f\u00f8r endringen av Prislisten.<\/li>\n<li><strong>Betalingsbetingelser<\/strong><br \/>\n4.1. Selgeren har rett til \u00e5 kreve forskuddsbetaling for Produktet og Tjenesten fra Kj\u00f8peren, i det omfanget som er avtalt med Kj\u00f8peren f\u00f8r bestillingen utf\u00f8res. For bestillinger som gj\u00f8res i nettbutikken m\u00e5 forskuddsfakturaen betales fullt ut for at bestillingen skal aksepteres for utf\u00f8relse.<br \/>\n4.2. Alle bel\u00f8p som skal betales av Kj\u00f8peren anses som korrekt betalt til Selgeren dersom respektive bel\u00f8p har blitt mottatt p\u00e5 Selgerens bankkonto.<\/li>\n<li><strong>Bestilling av Produkt og Tjeneste<\/strong><br \/>\n5.1. Kj\u00f8peren sender inn en bestilling til Selgeren via nettbutikkens milj\u00f8 for \u00e5 kj\u00f8pe Produktet eller Tjenesten.<br \/>\n5.2. Bestillingen vil bli kontrollert, bestillingsbekreftelse og forskuddsfaktura vil bli sendt til Kj\u00f8peren via e-post, fraktkostnaden og informasjon om leveringstidspunkt vil bli lagt til om n\u00f8dvendig.<br \/>\n5.3. Etter at forskuddsfakturaen er betalt, vil en bekreftelsesmelding bli sendt til Kj\u00f8peren via e-post vedr\u00f8rende utf\u00f8relsen av bestillingen. Bekreftelsen angir tidspunktet da produktene som Kj\u00f8peren har bestilt er klare p\u00e5 Selgerens lager, og hvordan varene vil bli levert til den angitte plassen. Hvis Kj\u00f8peren har bestilt produkter med ulike leveringstider i \u00e9n bestilling, beregnes leveringstiden basert p\u00e5 produktet med lengst leveringstid.<\/li>\n<li><strong>Utf\u00f8relse av bestilling<\/strong><br \/>\n6.1. Selgeren vil begynne \u00e5 utf\u00f8re Bestillingen etter at forskuddsfakturaen er betalt i tide.<br \/>\n6.2. Kj\u00f8perens bestilling og faktura vil bli kansellert dersom forskuddsfakturaen ikke er betalt innen 7 dager fra fakturaens utstedelse.<\/li>\n<li><strong>Levering av produkt eller tjeneste<\/strong><br \/>\n7.1. Levering\/mottak av Produktet betyr at Produktet gj\u00f8res tilgjengelig for Kj\u00f8peren avhengig av de transportbetingelsene som er avtalt i Bestillingen.<br \/>\n7.2. Produktet overleveres til Kj\u00f8peren eller Kj\u00f8perens representant av en representant for transportfirmaet basert p\u00e5 et identitetsdokument.<br \/>\n7.3. Kj\u00f8peren skal bekrefte mottakelsen av produktet ved \u00e5 signere leveringskvitteringen med produktets navn og antall. Kj\u00f8perens autoriserte representant m\u00e5 bevise sin fullmakt.<br \/>\n7.4. Hvis Kj\u00f8peren ikke har akseptert Produktet innen rimelig tid, men har gode grunner til dette, kan Selgeren gi Kj\u00f8peren en ekstra frist ved \u00e5 varsle Kj\u00f8peren skriftlig om dette. Den spesifikke fristen skal avtales mellom Partene fra sak til sak. Hvis Kj\u00f8peren ikke aksepterer Produktet innen den ekstra fristen som Selgeren har gitt, har Selgeren rett til \u00e5 trekke seg fra Bestillingen.<\/li>\n<li><strong>Overf\u00f8ring av risiko<\/strong><br \/>\n8.1. Risikoen for tilfeldig \u00f8deleggelse og skade p\u00e5 Produktet overg\u00e5r til Kj\u00f8peren p\u00e5 tidspunktet for levering av Produktet.<\/li>\n<li><strong>Beskyttelse av immaterielle rettigheter<\/strong><br \/>\n9.1. Dokumentene som overleveres til Kj\u00f8peren (f.eks. tegninger, skisser, planer osv.) er og forblir Selgerens immaterielle eiendom. Disse dokumentene kan ikke kopieres eller gj\u00f8res tilgjengelig for tredjeparter.<\/li>\n<\/ol>\n<\/div><\/div><\/div><div class=\"fusion-layout-column fusion_builder_column fusion-builder-column-2 fusion_builder_column_1_5 1_5 fusion-flex-column\" style=\"--awb-bg-size:cover;--awb-width-large:20%;--awb-margin-top-large:0px;--awb-spacing-right-large:9.6%;--awb-margin-bottom-large:20px;--awb-spacing-left-large:9.6%;--awb-width-medium:20%;--awb-order-medium:0;--awb-spacing-right-medium:9.6%;--awb-spacing-left-medium:9.6%;--awb-width-small:100%;--awb-order-small:0;--awb-spacing-right-small:1.92%;--awb-spacing-left-small:1.92%;\"><div class=\"fusion-column-wrapper fusion-column-has-shadow fusion-flex-justify-content-flex-start fusion-content-layout-column\"><\/div><\/div><\/div><\/div><div class=\"fusion-fullwidth fullwidth-box fusion-builder-row-2 fusion-flex-container has-pattern-background has-mask-background nonhundred-percent-fullwidth non-hundred-percent-height-scrolling\" style=\"--awb-border-radius-top-left:0px;--awb-border-radius-top-right:0px;--awb-border-radius-bottom-right:0px;--awb-border-radius-bottom-left:0px;--awb-flex-wrap:wrap;\" ><div class=\"fusion-builder-row fusion-row fusion-flex-align-items-flex-start fusion-flex-content-wrap\" style=\"max-width:1248px;margin-left: calc(-4% \/ 2 );margin-right: calc(-4% \/ 2 );\"><\/div><\/div><\/p>\n","protected":false},"excerpt":{"rendered":"","protected":false},"author":2,"featured_media":0,"parent":0,"menu_order":0,"comment_status":"closed","ping_status":"closed","template":"100-width.php","meta":{"_acf_changed":false,"footnotes":""},"class_list":["post-14989","page","type-page","status-publish","hentry"],"acf":[],"yoast_head":"<!-- This site is optimized with the Yoast SEO plugin v24.3 - https:\/\/yoast.com\/wordpress\/plugins\/seo\/ -->\n<title>Salgsbetingelser - BIOSWING<\/title>\n<meta name=\"robots\" content=\"index, follow, max-snippet:-1, max-image-preview:large, max-video-preview:-1\" \/>\n<link rel=\"canonical\" href=\"https:\/\/bioswing.ee\/no\/salgsbetingelser\/\" \/>\n<meta property=\"og:locale\" content=\"nb_NO\" \/>\n<meta property=\"og:type\" content=\"article\" \/>\n<meta property=\"og:title\" content=\"Salgsbetingelser - BIOSWING\" \/>\n<meta property=\"og:url\" content=\"https:\/\/bioswing.ee\/no\/salgsbetingelser\/\" \/>\n<meta property=\"og:site_name\" content=\"BIOSWING\" \/>\n<meta property=\"article:modified_time\" content=\"2024-11-26T11:49:33+00:00\" \/>\n<meta name=\"twitter:card\" content=\"summary_large_image\" \/>\n<meta name=\"twitter:label1\" content=\"Ansl. lesetid\" \/>\n\t<meta name=\"twitter:data1\" content=\"5 minutter\" \/>\n<script type=\"application\/ld+json\" class=\"yoast-schema-graph\">{\"@context\":\"https:\/\/schema.org\",\"@graph\":[{\"@type\":\"WebPage\",\"@id\":\"https:\/\/bioswing.ee\/no\/salgsbetingelser\/\",\"url\":\"https:\/\/bioswing.ee\/no\/salgsbetingelser\/\",\"name\":\"Salgsbetingelser - BIOSWING\",\"isPartOf\":{\"@id\":\"https:\/\/bioswing.ee\/#website\"},\"datePublished\":\"2023-07-13T13:13:28+00:00\",\"dateModified\":\"2024-11-26T11:49:33+00:00\",\"breadcrumb\":{\"@id\":\"https:\/\/bioswing.ee\/no\/salgsbetingelser\/#breadcrumb\"},\"inLanguage\":\"nb-NO\",\"potentialAction\":[{\"@type\":\"ReadAction\",\"target\":[\"https:\/\/bioswing.ee\/no\/salgsbetingelser\/\"]}]},{\"@type\":\"BreadcrumbList\",\"@id\":\"https:\/\/bioswing.ee\/no\/salgsbetingelser\/#breadcrumb\",\"itemListElement\":[{\"@type\":\"ListItem\",\"position\":1,\"name\":\"Home\",\"item\":\"https:\/\/bioswing.ee\/no\/\"},{\"@type\":\"ListItem\",\"position\":2,\"name\":\"Salgsbetingelser\"}]},{\"@type\":\"WebSite\",\"@id\":\"https:\/\/bioswing.ee\/#website\",\"url\":\"https:\/\/bioswing.ee\/\",\"name\":\"BIOSWING\",\"description\":\"Smart solutions for healthy sitting\",\"publisher\":{\"@id\":\"https:\/\/bioswing.ee\/#organization\"},\"potentialAction\":[{\"@type\":\"SearchAction\",\"target\":{\"@type\":\"EntryPoint\",\"urlTemplate\":\"https:\/\/bioswing.ee\/?s={search_term_string}\"},\"query-input\":{\"@type\":\"PropertyValueSpecification\",\"valueRequired\":true,\"valueName\":\"search_term_string\"}}],\"inLanguage\":\"nb-NO\"},{\"@type\":\"Organization\",\"@id\":\"https:\/\/bioswing.ee\/#organization\",\"name\":\"BIOSWING\",\"url\":\"https:\/\/bioswing.ee\/\",\"logo\":{\"@type\":\"ImageObject\",\"inLanguage\":\"nb-NO\",\"@id\":\"https:\/\/bioswing.ee\/#\/schema\/logo\/image\/\",\"url\":\"https:\/\/bioswing.ee\/wp-content\/uploads\/2023\/04\/logo_web.png\",\"contentUrl\":\"https:\/\/bioswing.ee\/wp-content\/uploads\/2023\/04\/logo_web.png\",\"width\":140,\"height\":122,\"caption\":\"BIOSWING\"},\"image\":{\"@id\":\"https:\/\/bioswing.ee\/#\/schema\/logo\/image\/\"}}]}<\/script>\n<!-- \/ Yoast SEO plugin. -->","yoast_head_json":{"title":"Salgsbetingelser - BIOSWING","robots":{"index":"index","follow":"follow","max-snippet":"max-snippet:-1","max-image-preview":"max-image-preview:large","max-video-preview":"max-video-preview:-1"},"canonical":"https:\/\/bioswing.ee\/no\/salgsbetingelser\/","og_locale":"nb_NO","og_type":"article","og_title":"Salgsbetingelser - BIOSWING","og_url":"https:\/\/bioswing.ee\/no\/salgsbetingelser\/","og_site_name":"BIOSWING","article_modified_time":"2024-11-26T11:49:33+00:00","twitter_card":"summary_large_image","twitter_misc":{"Ansl. lesetid":"5 minutter"},"schema":{"@context":"https:\/\/schema.org","@graph":[{"@type":"WebPage","@id":"https:\/\/bioswing.ee\/no\/salgsbetingelser\/","url":"https:\/\/bioswing.ee\/no\/salgsbetingelser\/","name":"Salgsbetingelser - BIOSWING","isPartOf":{"@id":"https:\/\/bioswing.ee\/#website"},"datePublished":"2023-07-13T13:13:28+00:00","dateModified":"2024-11-26T11:49:33+00:00","breadcrumb":{"@id":"https:\/\/bioswing.ee\/no\/salgsbetingelser\/#breadcrumb"},"inLanguage":"nb-NO","potentialAction":[{"@type":"ReadAction","target":["https:\/\/bioswing.ee\/no\/salgsbetingelser\/"]}]},{"@type":"BreadcrumbList","@id":"https:\/\/bioswing.ee\/no\/salgsbetingelser\/#breadcrumb","itemListElement":[{"@type":"ListItem","position":1,"name":"Home","item":"https:\/\/bioswing.ee\/no\/"},{"@type":"ListItem","position":2,"name":"Salgsbetingelser"}]},{"@type":"WebSite","@id":"https:\/\/bioswing.ee\/#website","url":"https:\/\/bioswing.ee\/","name":"BIOSWING","description":"Smart solutions for healthy sitting","publisher":{"@id":"https:\/\/bioswing.ee\/#organization"},"potentialAction":[{"@type":"SearchAction","target":{"@type":"EntryPoint","urlTemplate":"https:\/\/bioswing.ee\/?s={search_term_string}"},"query-input":{"@type":"PropertyValueSpecification","valueRequired":true,"valueName":"search_term_string"}}],"inLanguage":"nb-NO"},{"@type":"Organization","@id":"https:\/\/bioswing.ee\/#organization","name":"BIOSWING","url":"https:\/\/bioswing.ee\/","logo":{"@type":"ImageObject","inLanguage":"nb-NO","@id":"https:\/\/bioswing.ee\/#\/schema\/logo\/image\/","url":"https:\/\/bioswing.ee\/wp-content\/uploads\/2023\/04\/logo_web.png","contentUrl":"https:\/\/bioswing.ee\/wp-content\/uploads\/2023\/04\/logo_web.png","width":140,"height":122,"caption":"BIOSWING"},"image":{"@id":"https:\/\/bioswing.ee\/#\/schema\/logo\/image\/"}}]}},"_links":{"self":[{"href":"https:\/\/bioswing.ee\/no\/wp-json\/wp\/v2\/pages\/14989"}],"collection":[{"href":"https:\/\/bioswing.ee\/no\/wp-json\/wp\/v2\/pages"}],"about":[{"href":"https:\/\/bioswing.ee\/no\/wp-json\/wp\/v2\/types\/page"}],"author":[{"embeddable":true,"href":"https:\/\/bioswing.ee\/no\/wp-json\/wp\/v2\/users\/2"}],"replies":[{"embeddable":true,"href":"https:\/\/bioswing.ee\/no\/wp-json\/wp\/v2\/comments?post=14989"}],"version-history":[{"count":2,"href":"https:\/\/bioswing.ee\/no\/wp-json\/wp\/v2\/pages\/14989\/revisions"}],"predecessor-version":[{"id":14995,"href":"https:\/\/bioswing.ee\/no\/wp-json\/wp\/v2\/pages\/14989\/revisions\/14995"}],"wp:attachment":[{"href":"https:\/\/bioswing.ee\/no\/wp-json\/wp\/v2\/media?parent=14989"}],"curies":[{"name":"wp","href":"https:\/\/api.w.org\/{rel}","templated":true}]}}