{"id":14858,"date":"2023-04-13T12:12:36","date_gmt":"2023-04-13T12:12:36","guid":{"rendered":"https:\/\/bioswing.ee\/hvorfor-bioswing\/more-health\/"},"modified":"2024-11-26T09:04:20","modified_gmt":"2024-11-26T09:04:20","slug":"mer-helse","status":"publish","type":"page","link":"https:\/\/bioswing.ee\/no\/hvorfor-bioswing\/mer-helse\/","title":{"rendered":"MER HELSE"},"content":{"rendered":"<p><div class=\"fusion-fullwidth fullwidth-box fusion-builder-row-1 fusion-flex-container has-pattern-background has-mask-background nonhundred-percent-fullwidth non-hundred-percent-height-scrolling\" style=\"--awb-border-radius-top-left:0px;--awb-border-radius-top-right:0px;--awb-border-radius-bottom-right:0px;--awb-border-radius-bottom-left:0px;--awb-flex-wrap:wrap;\" ><div class=\"fusion-builder-row fusion-row fusion-flex-align-items-center fusion-flex-content-wrap\" style=\"max-width:1248px;margin-left: calc(-4% \/ 2 );margin-right: calc(-4% \/ 2 );\"><div class=\"fusion-layout-column fusion_builder_column fusion-builder-column-0 fusion_builder_column_1_2 1_2 fusion-flex-column\" style=\"--awb-bg-size:cover;--awb-width-large:50%;--awb-margin-top-large:0px;--awb-spacing-right-large:3.84%;--awb-margin-bottom-large:20px;--awb-spacing-left-large:3.84%;--awb-width-medium:50%;--awb-order-medium:0;--awb-spacing-right-medium:3.84%;--awb-spacing-left-medium:3.84%;--awb-width-small:100%;--awb-order-small:0;--awb-spacing-right-small:1.92%;--awb-spacing-left-small:1.92%;\"><div class=\"fusion-column-wrapper fusion-column-has-shadow fusion-flex-justify-content-flex-start fusion-content-layout-column\"><div class=\"fusion-image-element \" style=\"--awb-caption-title-font-family:var(--h2_typography-font-family);--awb-caption-title-font-weight:var(--h2_typography-font-weight);--awb-caption-title-font-style:var(--h2_typography-font-style);--awb-caption-title-size:var(--h2_typography-font-size);--awb-caption-title-transform:var(--h2_typography-text-transform);--awb-caption-title-line-height:var(--h2_typography-line-height);--awb-caption-title-letter-spacing:var(--h2_typography-letter-spacing);\"><span class=\" fusion-imageframe imageframe-none imageframe-1 hover-type-none\"><img decoding=\"async\" width=\"800\" height=\"800\" title=\"mh1\" src=\"https:\/\/bioswing.ee\/wp-content\/uploads\/2023\/04\/mh1.jpg\" alt class=\"img-responsive wp-image-14859\" srcset=\"https:\/\/bioswing.ee\/wp-content\/uploads\/2023\/04\/mh1-200x200.jpg 200w, https:\/\/bioswing.ee\/wp-content\/uploads\/2023\/04\/mh1-400x400.jpg 400w, https:\/\/bioswing.ee\/wp-content\/uploads\/2023\/04\/mh1-600x600.jpg 600w, https:\/\/bioswing.ee\/wp-content\/uploads\/2023\/04\/mh1.jpg 800w\" sizes=\"(max-width: 640px) 100vw, 600px\" \/><\/span><\/div><\/div><\/div><div class=\"fusion-layout-column fusion_builder_column fusion-builder-column-1 fusion_builder_column_1_2 1_2 fusion-flex-column\" style=\"--awb-bg-size:cover;--awb-width-large:50%;--awb-margin-top-large:0px;--awb-spacing-right-large:3.84%;--awb-margin-bottom-large:20px;--awb-spacing-left-large:3.84%;--awb-width-medium:50%;--awb-order-medium:0;--awb-spacing-right-medium:3.84%;--awb-spacing-left-medium:3.84%;--awb-width-small:100%;--awb-order-small:0;--awb-spacing-right-small:1.92%;--awb-spacing-left-small:1.92%;\"><div class=\"fusion-column-wrapper fusion-column-has-shadow fusion-flex-justify-content-flex-start fusion-content-layout-column\"><div class=\"fusion-title title fusion-title-1 fusion-sep-none fusion-title-text fusion-title-size-one\"><h1 class=\"fusion-title-heading title-heading-left\" style=\"margin:0;\"><p>Bevegelse er grunnlaget for alt liv\u2026<br \/>\n\u2026 og hver enkelt individ lengter fundamentalt etter bevegelse.<\/p><\/h1><\/div><div class=\"fusion-text fusion-text-1\"><p>Kroppen v\u00e5r er vert for en rekke unike interaksjoner mellom omtrent 100 trillioner celler i mer enn 200 variasjoner.<br \/>\nEt fascinerende mesterverk med fantastisk potensial som pulserer uavbrutt og som er designet for et liv fullt av bevegelse. V\u00e5re vitale funksjoner har spesifikke rytmer for \u00e5 la kropp og sjel forbli i balanse.<\/p>\n<p>Spennings- og avslapningsprosesser, aktivitet og regenerering, inn\u00e5nding og ut\u00e5nding er noen av de pol\u00e6re kreftene som holder oss i konstant rytmisk bevegelse og bidrar til \u00e5 bestemme v\u00e5r indre syklus.<\/p>\n<p>Og 639 store og sm\u00e5 muskler i kroppen v\u00e5r venter hele tiden p\u00e5 \u00e5 \u00f8ve og trene det perfekte samspillet.<\/p>\n<\/div><\/div><\/div><\/div><\/div><div class=\"fusion-fullwidth fullwidth-box fusion-builder-row-2 fusion-flex-container has-pattern-background has-mask-background nonhundred-percent-fullwidth non-hundred-percent-height-scrolling\" style=\"--awb-border-radius-top-left:0px;--awb-border-radius-top-right:0px;--awb-border-radius-bottom-right:0px;--awb-border-radius-bottom-left:0px;--awb-flex-wrap:wrap;\" ><div class=\"fusion-builder-row fusion-row fusion-flex-align-items-center fusion-flex-content-wrap\" style=\"max-width:1248px;margin-left: calc(-4% \/ 2 );margin-right: calc(-4% \/ 2 );\"><div class=\"fusion-layout-column fusion_builder_column fusion-builder-column-2 fusion_builder_column_1_2 1_2 fusion-flex-column\" style=\"--awb-bg-size:cover;--awb-width-large:50%;--awb-margin-top-large:0px;--awb-spacing-right-large:3.84%;--awb-margin-bottom-large:20px;--awb-spacing-left-large:3.84%;--awb-width-medium:50%;--awb-order-medium:0;--awb-spacing-right-medium:3.84%;--awb-spacing-left-medium:3.84%;--awb-width-small:100%;--awb-order-small:0;--awb-spacing-right-small:1.92%;--awb-spacing-left-small:1.92%;\"><div class=\"fusion-column-wrapper fusion-column-has-shadow fusion-flex-justify-content-flex-start fusion-content-layout-column\"><div class=\"fusion-title title fusion-title-2 fusion-sep-none fusion-title-text fusion-title-size-one\"><h1 class=\"fusion-title-heading title-heading-left\" style=\"margin:0;\">Lekne bevegelser og de resulterende sensoriske stimuliene, f\u00f8lelsene og utfordringene har en avgj\u00f8rende effekt p\u00e5 veien mot full fysisk og mental modenhet.<\/h1><\/div><div class=\"fusion-text fusion-text-2\"><p>\u00c5 tilby et st\u00f8rre antall sensoriske stimuli resulterer i at flere nye stabile forbindelser skapes i barnets hjerne.<\/p>\n<\/div><\/div><\/div><div class=\"fusion-layout-column fusion_builder_column fusion-builder-column-3 fusion_builder_column_1_2 1_2 fusion-flex-column\" style=\"--awb-bg-size:cover;--awb-width-large:50%;--awb-margin-top-large:0px;--awb-spacing-right-large:3.84%;--awb-margin-bottom-large:20px;--awb-spacing-left-large:3.84%;--awb-width-medium:50%;--awb-order-medium:0;--awb-spacing-right-medium:3.84%;--awb-spacing-left-medium:3.84%;--awb-width-small:100%;--awb-order-small:0;--awb-spacing-right-small:1.92%;--awb-spacing-left-small:1.92%;\"><div class=\"fusion-column-wrapper fusion-column-has-shadow fusion-flex-justify-content-flex-start fusion-content-layout-column\"><div class=\"fusion-image-element \" style=\"--awb-caption-title-font-family:var(--h2_typography-font-family);--awb-caption-title-font-weight:var(--h2_typography-font-weight);--awb-caption-title-font-style:var(--h2_typography-font-style);--awb-caption-title-size:var(--h2_typography-font-size);--awb-caption-title-transform:var(--h2_typography-text-transform);--awb-caption-title-line-height:var(--h2_typography-line-height);--awb-caption-title-letter-spacing:var(--h2_typography-letter-spacing);\"><span class=\" fusion-imageframe imageframe-none imageframe-2 hover-type-none\"><img decoding=\"async\" width=\"800\" height=\"800\" title=\"mh2\" src=\"https:\/\/bioswing.ee\/wp-content\/uploads\/2023\/04\/mh2.jpg\" alt class=\"img-responsive wp-image-14864\" srcset=\"https:\/\/bioswing.ee\/wp-content\/uploads\/2023\/04\/mh2-200x200.jpg 200w, https:\/\/bioswing.ee\/wp-content\/uploads\/2023\/04\/mh2-400x400.jpg 400w, https:\/\/bioswing.ee\/wp-content\/uploads\/2023\/04\/mh2-600x600.jpg 600w, https:\/\/bioswing.ee\/wp-content\/uploads\/2023\/04\/mh2.jpg 800w\" sizes=\"(max-width: 640px) 100vw, 600px\" \/><\/span><\/div><\/div><\/div><\/div><\/div><div class=\"fusion-fullwidth fullwidth-box fusion-builder-row-3 fusion-flex-container has-pattern-background has-mask-background nonhundred-percent-fullwidth non-hundred-percent-height-scrolling\" style=\"--awb-border-radius-top-left:0px;--awb-border-radius-top-right:0px;--awb-border-radius-bottom-right:0px;--awb-border-radius-bottom-left:0px;--awb-padding-top:100px;--awb-padding-bottom:100px;--awb-flex-wrap:wrap;\" ><div class=\"fusion-builder-row fusion-row fusion-flex-align-items-center fusion-flex-content-wrap\" style=\"max-width:1248px;margin-left: calc(-4% \/ 2 );margin-right: calc(-4% \/ 2 );\"><div class=\"fusion-layout-column fusion_builder_column fusion-builder-column-4 fusion_builder_column_1_1 1_1 fusion-flex-column\" style=\"--awb-bg-size:cover;--awb-width-large:100%;--awb-margin-top-large:0px;--awb-spacing-right-large:1.92%;--awb-margin-bottom-large:20px;--awb-spacing-left-large:1.92%;--awb-width-medium:100%;--awb-order-medium:0;--awb-spacing-right-medium:1.92%;--awb-spacing-left-medium:1.92%;--awb-width-small:100%;--awb-order-small:0;--awb-spacing-right-small:1.92%;--awb-spacing-left-small:1.92%;\"><div class=\"fusion-column-wrapper fusion-column-has-shadow fusion-flex-justify-content-flex-start fusion-content-layout-column\"><div class=\"fusion-text fusion-text-3\"><p style=\"text-align: center;\">Statistikk fra helseforsikringsselskaper rapporterer en ytterligere \u00f8kning i sykefrav\u00e6r som f\u00f8lge av ryggrads- og skjelettlidelser, til tross for alle innsatsene som er gjort for \u00e5 skape ergonomiske arbeidsplasser.<\/p>\n<p style=\"text-align: center;\">Ryggradsmerter fortsetter \u00e5 innta den lite hederlige f\u00f8rsteplassen blant de individuelle diagnosene, og if\u00f8lge helseforsikringsselskapet DAK og det tyske statlige statistikkontoret, er det en av de dyreste lidelsene i Tyskland. En av de viktigste \u00e5rsakene er akutt mangel p\u00e5 bevegelse.<\/p>\n<p style=\"text-align: center;\">I gjennomsnitt var varigheten for ryggsmerter i 2017 12,4 dager, if\u00f8lge DAK-statistikken, og for skadede skiver var varigheten 42 dager.<\/p>\n<\/div><\/div><\/div><\/div><\/div><\/p>\n","protected":false},"excerpt":{"rendered":"","protected":false},"author":2,"featured_media":0,"parent":14741,"menu_order":0,"comment_status":"closed","ping_status":"closed","template":"100-width.php","meta":{"_acf_changed":false,"footnotes":""},"class_list":["post-14858","page","type-page","status-publish","hentry"],"acf":[],"yoast_head":"<!-- This site is optimized with the Yoast SEO plugin v24.3 - https:\/\/yoast.com\/wordpress\/plugins\/seo\/ -->\n<title>MER HELSE - BIOSWING<\/title>\n<meta name=\"description\" content=\"Movement is the basis of all life\u2026\u2026 and each individual fundamentally yearns for movement.\" \/>\n<meta name=\"robots\" content=\"index, follow, max-snippet:-1, max-image-preview:large, max-video-preview:-1\" \/>\n<link rel=\"canonical\" href=\"https:\/\/bioswing.ee\/no\/hvorfor-bioswing\/mer-helse\/\" \/>\n<meta property=\"og:locale\" content=\"nb_NO\" \/>\n<meta property=\"og:type\" content=\"article\" \/>\n<meta property=\"og:title\" content=\"MER HELSE - BIOSWING\" \/>\n<meta property=\"og:description\" content=\"Movement is the basis of all life\u2026\u2026 and each individual fundamentally yearns for movement.\" \/>\n<meta property=\"og:url\" content=\"https:\/\/bioswing.ee\/no\/hvorfor-bioswing\/mer-helse\/\" \/>\n<meta property=\"og:site_name\" content=\"BIOSWING\" \/>\n<meta property=\"article:modified_time\" content=\"2024-11-26T09:04:20+00:00\" \/>\n<meta name=\"twitter:card\" content=\"summary_large_image\" \/>\n<meta name=\"twitter:label1\" content=\"Ansl. lesetid\" \/>\n\t<meta name=\"twitter:data1\" content=\"2 minutter\" \/>\n<script type=\"application\/ld+json\" class=\"yoast-schema-graph\">{\"@context\":\"https:\/\/schema.org\",\"@graph\":[{\"@type\":\"WebPage\",\"@id\":\"https:\/\/bioswing.ee\/no\/hvorfor-bioswing\/mer-helse\/\",\"url\":\"https:\/\/bioswing.ee\/no\/hvorfor-bioswing\/mer-helse\/\",\"name\":\"MER HELSE - BIOSWING\",\"isPartOf\":{\"@id\":\"https:\/\/bioswing.ee\/#website\"},\"datePublished\":\"2023-04-13T12:12:36+00:00\",\"dateModified\":\"2024-11-26T09:04:20+00:00\",\"description\":\"Movement is the basis of all life\u2026\u2026 and each individual fundamentally yearns for movement.\",\"breadcrumb\":{\"@id\":\"https:\/\/bioswing.ee\/no\/hvorfor-bioswing\/mer-helse\/#breadcrumb\"},\"inLanguage\":\"nb-NO\",\"potentialAction\":[{\"@type\":\"ReadAction\",\"target\":[\"https:\/\/bioswing.ee\/no\/hvorfor-bioswing\/mer-helse\/\"]}]},{\"@type\":\"BreadcrumbList\",\"@id\":\"https:\/\/bioswing.ee\/no\/hvorfor-bioswing\/mer-helse\/#breadcrumb\",\"itemListElement\":[{\"@type\":\"ListItem\",\"position\":1,\"name\":\"Home\",\"item\":\"https:\/\/bioswing.ee\/no\/\"},{\"@type\":\"ListItem\",\"position\":2,\"name\":\"Hvorfor BIOSWING?\",\"item\":\"https:\/\/bioswing.ee\/no\/hvorfor-bioswing\/\"},{\"@type\":\"ListItem\",\"position\":3,\"name\":\"MER HELSE\"}]},{\"@type\":\"WebSite\",\"@id\":\"https:\/\/bioswing.ee\/#website\",\"url\":\"https:\/\/bioswing.ee\/\",\"name\":\"BIOSWING\",\"description\":\"Smart solutions for healthy sitting\",\"publisher\":{\"@id\":\"https:\/\/bioswing.ee\/#organization\"},\"potentialAction\":[{\"@type\":\"SearchAction\",\"target\":{\"@type\":\"EntryPoint\",\"urlTemplate\":\"https:\/\/bioswing.ee\/?s={search_term_string}\"},\"query-input\":{\"@type\":\"PropertyValueSpecification\",\"valueRequired\":true,\"valueName\":\"search_term_string\"}}],\"inLanguage\":\"nb-NO\"},{\"@type\":\"Organization\",\"@id\":\"https:\/\/bioswing.ee\/#organization\",\"name\":\"BIOSWING\",\"url\":\"https:\/\/bioswing.ee\/\",\"logo\":{\"@type\":\"ImageObject\",\"inLanguage\":\"nb-NO\",\"@id\":\"https:\/\/bioswing.ee\/#\/schema\/logo\/image\/\",\"url\":\"https:\/\/bioswing.ee\/wp-content\/uploads\/2023\/04\/logo_web.png\",\"contentUrl\":\"https:\/\/bioswing.ee\/wp-content\/uploads\/2023\/04\/logo_web.png\",\"width\":140,\"height\":122,\"caption\":\"BIOSWING\"},\"image\":{\"@id\":\"https:\/\/bioswing.ee\/#\/schema\/logo\/image\/\"}}]}<\/script>\n<!-- \/ Yoast SEO plugin. -->","yoast_head_json":{"title":"MER HELSE - BIOSWING","description":"Movement is the basis of all life\u2026\u2026 and each individual fundamentally yearns for movement.","robots":{"index":"index","follow":"follow","max-snippet":"max-snippet:-1","max-image-preview":"max-image-preview:large","max-video-preview":"max-video-preview:-1"},"canonical":"https:\/\/bioswing.ee\/no\/hvorfor-bioswing\/mer-helse\/","og_locale":"nb_NO","og_type":"article","og_title":"MER HELSE - BIOSWING","og_description":"Movement is the basis of all life\u2026\u2026 and each individual fundamentally yearns for movement.","og_url":"https:\/\/bioswing.ee\/no\/hvorfor-bioswing\/mer-helse\/","og_site_name":"BIOSWING","article_modified_time":"2024-11-26T09:04:20+00:00","twitter_card":"summary_large_image","twitter_misc":{"Ansl. lesetid":"2 minutter"},"schema":{"@context":"https:\/\/schema.org","@graph":[{"@type":"WebPage","@id":"https:\/\/bioswing.ee\/no\/hvorfor-bioswing\/mer-helse\/","url":"https:\/\/bioswing.ee\/no\/hvorfor-bioswing\/mer-helse\/","name":"MER HELSE - BIOSWING","isPartOf":{"@id":"https:\/\/bioswing.ee\/#website"},"datePublished":"2023-04-13T12:12:36+00:00","dateModified":"2024-11-26T09:04:20+00:00","description":"Movement is the basis of all life\u2026\u2026 and each individual fundamentally yearns for movement.","breadcrumb":{"@id":"https:\/\/bioswing.ee\/no\/hvorfor-bioswing\/mer-helse\/#breadcrumb"},"inLanguage":"nb-NO","potentialAction":[{"@type":"ReadAction","target":["https:\/\/bioswing.ee\/no\/hvorfor-bioswing\/mer-helse\/"]}]},{"@type":"BreadcrumbList","@id":"https:\/\/bioswing.ee\/no\/hvorfor-bioswing\/mer-helse\/#breadcrumb","itemListElement":[{"@type":"ListItem","position":1,"name":"Home","item":"https:\/\/bioswing.ee\/no\/"},{"@type":"ListItem","position":2,"name":"Hvorfor BIOSWING?","item":"https:\/\/bioswing.ee\/no\/hvorfor-bioswing\/"},{"@type":"ListItem","position":3,"name":"MER HELSE"}]},{"@type":"WebSite","@id":"https:\/\/bioswing.ee\/#website","url":"https:\/\/bioswing.ee\/","name":"BIOSWING","description":"Smart solutions for healthy sitting","publisher":{"@id":"https:\/\/bioswing.ee\/#organization"},"potentialAction":[{"@type":"SearchAction","target":{"@type":"EntryPoint","urlTemplate":"https:\/\/bioswing.ee\/?s={search_term_string}"},"query-input":{"@type":"PropertyValueSpecification","valueRequired":true,"valueName":"search_term_string"}}],"inLanguage":"nb-NO"},{"@type":"Organization","@id":"https:\/\/bioswing.ee\/#organization","name":"BIOSWING","url":"https:\/\/bioswing.ee\/","logo":{"@type":"ImageObject","inLanguage":"nb-NO","@id":"https:\/\/bioswing.ee\/#\/schema\/logo\/image\/","url":"https:\/\/bioswing.ee\/wp-content\/uploads\/2023\/04\/logo_web.png","contentUrl":"https:\/\/bioswing.ee\/wp-content\/uploads\/2023\/04\/logo_web.png","width":140,"height":122,"caption":"BIOSWING"},"image":{"@id":"https:\/\/bioswing.ee\/#\/schema\/logo\/image\/"}}]}},"_links":{"self":[{"href":"https:\/\/bioswing.ee\/no\/wp-json\/wp\/v2\/pages\/14858"}],"collection":[{"href":"https:\/\/bioswing.ee\/no\/wp-json\/wp\/v2\/pages"}],"about":[{"href":"https:\/\/bioswing.ee\/no\/wp-json\/wp\/v2\/types\/page"}],"author":[{"embeddable":true,"href":"https:\/\/bioswing.ee\/no\/wp-json\/wp\/v2\/users\/2"}],"replies":[{"embeddable":true,"href":"https:\/\/bioswing.ee\/no\/wp-json\/wp\/v2\/comments?post=14858"}],"version-history":[{"count":4,"href":"https:\/\/bioswing.ee\/no\/wp-json\/wp\/v2\/pages\/14858\/revisions"}],"predecessor-version":[{"id":14874,"href":"https:\/\/bioswing.ee\/no\/wp-json\/wp\/v2\/pages\/14858\/revisions\/14874"}],"up":[{"embeddable":true,"href":"https:\/\/bioswing.ee\/no\/wp-json\/wp\/v2\/pages\/14741"}],"wp:attachment":[{"href":"https:\/\/bioswing.ee\/no\/wp-json\/wp\/v2\/media?parent=14858"}],"curies":[{"name":"wp","href":"https:\/\/api.w.org\/{rel}","templated":true}]}}