{"id":36906,"date":"2026-04-02T09:57:10","date_gmt":"2026-04-02T09:57:10","guid":{"rendered":"https:\/\/bioswing.ee\/?post_type=product&#038;p=36906"},"modified":"2026-04-02T09:59:00","modified_gmt":"2026-04-02T09:59:00","slug":"bioswing-260-iq-copy-copy-copy-copy-copy-copy-copy-copy-copy-copy-copy-copy-copy-copy-copy-copy-copy-copy-copy-copy-copy-copy-copy-copy-copy","status":"publish","type":"product","link":"https:\/\/bioswing.ee\/lv\/toode\/bioswing-260-iq-copy-copy-copy-copy-copy-copy-copy-copy-copy-copy-copy-copy-copy-copy-copy-copy-copy-copy-copy-copy-copy-copy-copy-copy-copy\/","title":{"rendered":"BIOSWING 260 iQ (Copy) (Copy) (Copy) (Copy) (Copy) (Copy) (Copy) (Copy) (Copy) (Copy) (Copy) (Copy) (Copy) (Copy) (Copy) (Copy) (Copy) (Copy) (Copy) (Copy) (Copy) (Copy) (Copy) (Copy) (Copy)"},"content":{"rendered":"<h4>BIOSWING 260 iQ<\/h4>\n<ul>\n<li>Ergonomisks, groz\u0101ms biroja kr\u0113sls ar ortop\u0113disko efektu<\/li>\n<li>Integr\u0113ts adapt\u012bvais 3D s\u0113dek\u013ca meh\u0101nisms<\/li>\n<li>Sinhronais meh\u0101nisms ar autom\u0101tisku svara regul\u0113\u0161anu (kop\u0101 ar prec\u012bzu regul\u0113\u0161anu)<\/li>\n<li>Roku balsti ar individu\u0101li regul\u0113jamu augstumu<\/li>\n<li>Individu\u0101la s\u0113dek\u013ca sl\u012bpuma regul\u0113\u0161ana, izmantojot iegur\u0146a stabilizatoru vai g\u0101zes atsperi.<\/li>\n<li>S\u0113d\u0113\u0161anas dzi\u013cumu var piel\u0101got atbilsto\u0161i k\u0101ju garumam<\/li>\n<li>Atzveltnes ar regul\u0113jamu augstumu, papildus ar integr\u0113tu jostas da\u013cas formu<\/li>\n<li>Atzveltnes augstums: 60 cm<\/li>\n<li>Auduma p\u0101rvalks: X-treme FR melns<\/li>\n<li>Pamatne: Plastmasa, melna<\/li>\n<\/ul>\n<p><iframe width=\"100%\" height=\"450\" src=\"https:\/\/www.youtube.com\/embed\/eWx3ptVNA2o\" title=\"YouTube video player\" frameborder=\"0\" allow=\"accelerometer; autoplay; clipboard-write; encrypted-media; gyroscope; picture-in-picture; web-share\" allowfullscreen=\"\"><\/iframe><\/p>\n<p><iframe width=\"100%\" height=\"450\" src=\"https:\/\/www.youtube.com\/embed\/IG9mh9RTrc4?si=5ujzjyAGVkKTvrRO\" title=\"YouTube video player\" frameborder=\"0\" allow=\"accelerometer; autoplay; clipboard-write; encrypted-media; gyroscope; picture-in-picture; web-share\" allowfullscreen=\"\"><\/iframe><\/p>\n","protected":false},"excerpt":{"rendered":"<h4>Motiv\u0101cija un vesel\u012bba ir cie\u0161i saist\u012bta ar to, cik labi kr\u0113sls ir saska\u0146ots ar cilv\u0113ka anatomiju.<\/h4>\n<p>Jo prec\u012bz\u0101k biroja kr\u0113slu var piel\u0101got atbilsto\u0161i j\u016bsu person\u012bgajiem apst\u0101k\u013ciem, jo lab\u0101k &#8211; jo \u012bpa\u0161i, ja jums nepiecie\u0161ams s\u0113d\u0113t ilgu laiku.<\/p>\n<p>T\u0101l\u0101k m\u0113s iepaz\u012bstin\u0101m ar svar\u012bg\u0101kaj\u0101m regul\u0113\u0161anas iesp\u0113j\u0101m 2. s\u0113rijas produktos.<\/p>\n<h4>\u201cBIOSWING\u201d 2. s\u0113rijas biroja kr\u0113sls nodro\u0161ina daudz papildu kust\u012bbu s\u0113d\u0113\u0161anas laik\u0101.<\/h4>\n<p>Pateicoties da\u017e\u0101diem meh\u0101nismiem, 2. s\u0113rija ne tikai rea\u0123\u0113 uz <strong>katru lietot\u0101ja kust\u012bbu<\/strong>, bet ar\u012b individu\u0101li piel\u0101gojas katrai pozai, ko j\u016bs ie\u0146emat visas dienas garum\u0101. Turkl\u0101t lab\u0101k\u0101 poza vienm\u0113r ir n\u0101kam\u0101 poza.<\/p>\n<p>M\u016bsu mugurkauls m\u012bl vertik\u0101lu st\u0101ju, kas apvienota ar daudz akt\u012bv\u0101m kust\u012bb\u0101m. 2. s\u0113rija (popul\u0101r\u0101k\u0101 s\u0113rija) ir apr\u012bkota ar individu\u0101li regul\u0113jamu s\u0113dek\u013ca sl\u012bpuma regulatoru vai iegur\u0146a stabilizatoru ar br\u012bni\u0161\u0137\u012bgi maigu reakciju, lai j\u016bs var\u0113tu viegli p\u0101rvietot savu iegurni un t\u0101d\u0113j\u0101di ar\u012b mugurkaulu dabisk\u0101 S form\u0101.<\/p>\n<p>K\u0101ds no m\u016bsu daudzajiem ergonomikas ekspertiem labpr\u0101t par\u0101d\u012bs jums abu meh\u0101nismu at\u0161\u0137ir\u012bbas un \u013caus tos izm\u0113\u0123in\u0101t.<\/p>\n<p>Akt\u012bva kust\u012bba apvienojum\u0101 ar vertik\u0101lu st\u0101ju ir labv\u0113l\u012bga mugurkaulam. Izmantojot <strong>individu\u0101li regul\u0113jamo s\u0113dek\u013ca sl\u012bpuma regul\u0113\u0161anas iesp\u0113ju<\/strong>, varat piel\u0101got jebkura 2. s\u0113rijas mode\u013ca sl\u012bpumu, lai tas piln\u012bb\u0101 atbilstu j\u016bsu vajadz\u012bb\u0101m un j\u016bsu <strong>mugurkauls saglab\u0101tu savu dabisko S formu<\/strong>, pateicoties j\u016bsu iegur\u0146a izl\u012bdzin\u0101\u0161anai.<\/p>\n<p><img decoding=\"async\" class=\"alignnone wp-image-916\" src=\"https:\/\/bioswing.ee\/wp-content\/uploads\/2023\/04\/pdf.png\" alt=\"pdf\" width=\"19\" height=\"20\"> <a href=\"https:\/\/bioswing.ee\/wp-content\/uploads\/2023\/04\/produktblatt_260_v02_EN.pdf\" target=\"_blank\" rel=\"noopener\">Lejupiel\u0101d\u0113t produkta lapu (PDF)<\/a><\/p>\n","protected":false},"featured_media":36977,"template":"","meta":{"_acf_changed":false},"product_brand":[],"product_cat":[],"product_tag":[],"class_list":{"0":"post-36906","1":"product","2":"type-product","3":"status-publish","4":"has-post-thumbnail","7":"first","8":"instock","9":"sale","10":"taxable","11":"shipping-taxable","12":"purchasable","13":"product-type-simple"},"acf":[],"yoast_head":"<!-- This site is optimized with the Yoast SEO plugin v24.3 - https:\/\/yoast.com\/wordpress\/plugins\/seo\/ -->\n<title>BIOSWING 260 iQ (Copy) (Copy) (Copy) (Copy) (Copy) (Copy) (Copy) (Copy) (Copy) (Copy) (Copy) (Copy) (Copy) (Copy) (Copy) (Copy) (Copy) (Copy) (Copy) (Copy) (Copy) (Copy) (Copy) (Copy) (Copy) - BIOSWING<\/title>\n<meta name=\"robots\" content=\"index, follow, max-snippet:-1, max-image-preview:large, max-video-preview:-1\" \/>\n<link rel=\"canonical\" href=\"https:\/\/bioswing.ee\/lv\/toode\/bioswing-260-iq-copy-copy-copy-copy-copy-copy-copy-copy-copy-copy-copy-copy-copy-copy-copy-copy-copy-copy-copy-copy-copy-copy-copy-copy-copy\/\" \/>\n<meta property=\"og:locale\" content=\"lv_LV\" \/>\n<meta property=\"og:type\" content=\"article\" \/>\n<meta property=\"og:title\" content=\"BIOSWING 260 iQ (Copy) (Copy) (Copy) (Copy) (Copy) (Copy) (Copy) (Copy) (Copy) (Copy) (Copy) (Copy) (Copy) (Copy) (Copy) (Copy) (Copy) (Copy) (Copy) (Copy) (Copy) (Copy) (Copy) (Copy) (Copy) - BIOSWING\" \/>\n<meta property=\"og:description\" content=\"Motiv\u0101cija un vesel\u012bba ir cie\u0161i saist\u012bta ar to, cik labi kr\u0113sls ir saska\u0146ots ar cilv\u0113ka anatomiju. Jo prec\u012bz\u0101k biroja kr\u0113slu var piel\u0101got atbilsto\u0161i j\u016bsu person\u012bgajiem apst\u0101k\u013ciem, jo lab\u0101k - jo \u012bpa\u0161i, ja jums nepiecie\u0161ams s\u0113d\u0113t ilgu laiku. T\u0101l\u0101k m\u0113s iepaz\u012bstin\u0101m ar svar\u012bg\u0101kaj\u0101m regul\u0113\u0161anas iesp\u0113j\u0101m 2. s\u0113rijas produktos. \u201cBIOSWING\u201d 2. s\u0113rijas biroja kr\u0113sls nodro\u0161ina daudz papildu kust\u012bbu s\u0113d\u0113\u0161anas laik\u0101. Pateicoties da\u017e\u0101diem meh\u0101nismiem, 2. s\u0113rija ne tikai rea\u0123\u0113 uz katru lietot\u0101ja kust\u012bbu, bet ar\u012b individu\u0101li piel\u0101gojas katrai pozai, ko j\u016bs ie\u0146emat visas dienas garum\u0101. Turkl\u0101t lab\u0101k\u0101 poza vienm\u0113r ir n\u0101kam\u0101 poza. M\u016bsu mugurkauls m\u012bl vertik\u0101lu st\u0101ju, kas apvienota ar daudz akt\u012bv\u0101m kust\u012bb\u0101m. 2. s\u0113rija (popul\u0101r\u0101k\u0101 s\u0113rija) ir apr\u012bkota ar individu\u0101li regul\u0113jamu s\u0113dek\u013ca sl\u012bpuma regulatoru vai iegur\u0146a stabilizatoru ar br\u012bni\u0161\u0137\u012bgi maigu reakciju, lai j\u016bs var\u0113tu viegli p\u0101rvietot savu iegurni un t\u0101d\u0113j\u0101di ar\u012b mugurkaulu dabisk\u0101 S form\u0101. K\u0101ds no m\u016bsu daudzajiem ergonomikas ekspertiem labpr\u0101t par\u0101d\u012bs jums abu meh\u0101nismu at\u0161\u0137ir\u012bbas un \u013caus tos izm\u0113\u0123in\u0101t. Akt\u012bva kust\u012bba apvienojum\u0101 ar vertik\u0101lu st\u0101ju ir labv\u0113l\u012bga mugurkaulam. Izmantojot individu\u0101li regul\u0113jamo s\u0113dek\u013ca sl\u012bpuma regul\u0113\u0161anas iesp\u0113ju, varat piel\u0101got jebkura 2. s\u0113rijas mode\u013ca sl\u012bpumu, lai tas piln\u012bb\u0101 atbilstu j\u016bsu vajadz\u012bb\u0101m un j\u016bsu mugurkauls saglab\u0101tu savu dabisko S formu, pateicoties j\u016bsu iegur\u0146a izl\u012bdzin\u0101\u0161anai.  Lejupiel\u0101d\u0113t produkta lapu (PDF)\" \/>\n<meta property=\"og:url\" content=\"https:\/\/bioswing.ee\/lv\/toode\/bioswing-260-iq-copy-copy-copy-copy-copy-copy-copy-copy-copy-copy-copy-copy-copy-copy-copy-copy-copy-copy-copy-copy-copy-copy-copy-copy-copy\/\" \/>\n<meta property=\"og:site_name\" content=\"BIOSWING\" \/>\n<meta property=\"article:modified_time\" content=\"2026-04-02T09:59:00+00:00\" \/>\n<meta property=\"og:image\" content=\"https:\/\/bioswing.ee\/wp-content\/uploads\/2026\/04\/bioswing_350_1-1.jpg\" \/>\n\t<meta property=\"og:image:width\" content=\"800\" \/>\n\t<meta property=\"og:image:height\" content=\"1067\" \/>\n\t<meta property=\"og:image:type\" content=\"image\/jpeg\" \/>\n<meta name=\"twitter:card\" content=\"summary_large_image\" \/>\n<meta name=\"twitter:label1\" content=\"Est. reading time\" \/>\n\t<meta name=\"twitter:data1\" content=\"1 minute\" \/>\n<script type=\"application\/ld+json\" class=\"yoast-schema-graph\">{\"@context\":\"https:\/\/schema.org\",\"@graph\":[{\"@type\":\"WebPage\",\"@id\":\"https:\/\/bioswing.ee\/lv\/toode\/bioswing-260-iq-copy-copy-copy-copy-copy-copy-copy-copy-copy-copy-copy-copy-copy-copy-copy-copy-copy-copy-copy-copy-copy-copy-copy-copy-copy\/\",\"url\":\"https:\/\/bioswing.ee\/lv\/toode\/bioswing-260-iq-copy-copy-copy-copy-copy-copy-copy-copy-copy-copy-copy-copy-copy-copy-copy-copy-copy-copy-copy-copy-copy-copy-copy-copy-copy\/\",\"name\":\"BIOSWING 260 iQ (Copy) (Copy) (Copy) (Copy) (Copy) (Copy) (Copy) (Copy) (Copy) (Copy) (Copy) (Copy) (Copy) (Copy) (Copy) (Copy) (Copy) (Copy) (Copy) (Copy) (Copy) (Copy) (Copy) (Copy) (Copy) - BIOSWING\",\"isPartOf\":{\"@id\":\"https:\/\/bioswing.ee\/#website\"},\"primaryImageOfPage\":{\"@id\":\"https:\/\/bioswing.ee\/lv\/toode\/bioswing-260-iq-copy-copy-copy-copy-copy-copy-copy-copy-copy-copy-copy-copy-copy-copy-copy-copy-copy-copy-copy-copy-copy-copy-copy-copy-copy\/#primaryimage\"},\"image\":{\"@id\":\"https:\/\/bioswing.ee\/lv\/toode\/bioswing-260-iq-copy-copy-copy-copy-copy-copy-copy-copy-copy-copy-copy-copy-copy-copy-copy-copy-copy-copy-copy-copy-copy-copy-copy-copy-copy\/#primaryimage\"},\"thumbnailUrl\":\"https:\/\/bioswing.ee\/wp-content\/uploads\/2026\/04\/bioswing_360_1.jpg\",\"datePublished\":\"2026-04-02T09:57:10+00:00\",\"dateModified\":\"2026-04-02T09:59:00+00:00\",\"breadcrumb\":{\"@id\":\"https:\/\/bioswing.ee\/lv\/toode\/bioswing-260-iq-copy-copy-copy-copy-copy-copy-copy-copy-copy-copy-copy-copy-copy-copy-copy-copy-copy-copy-copy-copy-copy-copy-copy-copy-copy\/#breadcrumb\"},\"inLanguage\":\"lv-LV\",\"potentialAction\":[{\"@type\":\"ReadAction\",\"target\":[\"https:\/\/bioswing.ee\/lv\/toode\/bioswing-260-iq-copy-copy-copy-copy-copy-copy-copy-copy-copy-copy-copy-copy-copy-copy-copy-copy-copy-copy-copy-copy-copy-copy-copy-copy-copy\/\"]}]},{\"@type\":\"ImageObject\",\"inLanguage\":\"lv-LV\",\"@id\":\"https:\/\/bioswing.ee\/lv\/toode\/bioswing-260-iq-copy-copy-copy-copy-copy-copy-copy-copy-copy-copy-copy-copy-copy-copy-copy-copy-copy-copy-copy-copy-copy-copy-copy-copy-copy\/#primaryimage\",\"url\":\"https:\/\/bioswing.ee\/wp-content\/uploads\/2026\/04\/bioswing_360_1.jpg\",\"contentUrl\":\"https:\/\/bioswing.ee\/wp-content\/uploads\/2026\/04\/bioswing_360_1.jpg\",\"width\":800,\"height\":1067},{\"@type\":\"BreadcrumbList\",\"@id\":\"https:\/\/bioswing.ee\/lv\/toode\/bioswing-260-iq-copy-copy-copy-copy-copy-copy-copy-copy-copy-copy-copy-copy-copy-copy-copy-copy-copy-copy-copy-copy-copy-copy-copy-copy-copy\/#breadcrumb\",\"itemListElement\":[{\"@type\":\"ListItem\",\"position\":1,\"name\":\"Home\",\"item\":\"https:\/\/bioswing.ee\/\"},{\"@type\":\"ListItem\",\"position\":2,\"name\":\"Shop\",\"item\":\"https:\/\/bioswing.ee\/lv\/shop-2\/\"},{\"@type\":\"ListItem\",\"position\":3,\"name\":\"BIOSWING 260 iQ (Copy) (Copy) (Copy) (Copy) (Copy) (Copy) (Copy) (Copy) (Copy) (Copy) (Copy) (Copy) (Copy) (Copy) (Copy) (Copy) (Copy) (Copy) (Copy) (Copy) (Copy) (Copy) (Copy) (Copy) (Copy)\"}]},{\"@type\":\"WebSite\",\"@id\":\"https:\/\/bioswing.ee\/#website\",\"url\":\"https:\/\/bioswing.ee\/\",\"name\":\"BIOSWING\",\"description\":\"Smart solutions for healthy sitting\",\"publisher\":{\"@id\":\"https:\/\/bioswing.ee\/#organization\"},\"potentialAction\":[{\"@type\":\"SearchAction\",\"target\":{\"@type\":\"EntryPoint\",\"urlTemplate\":\"https:\/\/bioswing.ee\/?s={search_term_string}\"},\"query-input\":{\"@type\":\"PropertyValueSpecification\",\"valueRequired\":true,\"valueName\":\"search_term_string\"}}],\"inLanguage\":\"lv-LV\"},{\"@type\":\"Organization\",\"@id\":\"https:\/\/bioswing.ee\/#organization\",\"name\":\"BIOSWING\",\"url\":\"https:\/\/bioswing.ee\/\",\"logo\":{\"@type\":\"ImageObject\",\"inLanguage\":\"lv-LV\",\"@id\":\"https:\/\/bioswing.ee\/#\/schema\/logo\/image\/\",\"url\":\"https:\/\/bioswing.ee\/wp-content\/uploads\/2023\/04\/logo_web.png\",\"contentUrl\":\"https:\/\/bioswing.ee\/wp-content\/uploads\/2023\/04\/logo_web.png\",\"width\":140,\"height\":122,\"caption\":\"BIOSWING\"},\"image\":{\"@id\":\"https:\/\/bioswing.ee\/#\/schema\/logo\/image\/\"}}]}<\/script>\n<!-- \/ Yoast SEO plugin. -->","yoast_head_json":{"title":"BIOSWING 260 iQ (Copy) (Copy) (Copy) (Copy) (Copy) (Copy) (Copy) (Copy) (Copy) (Copy) (Copy) (Copy) (Copy) (Copy) (Copy) (Copy) (Copy) (Copy) (Copy) (Copy) (Copy) (Copy) (Copy) (Copy) (Copy) - BIOSWING","robots":{"index":"index","follow":"follow","max-snippet":"max-snippet:-1","max-image-preview":"max-image-preview:large","max-video-preview":"max-video-preview:-1"},"canonical":"https:\/\/bioswing.ee\/lv\/toode\/bioswing-260-iq-copy-copy-copy-copy-copy-copy-copy-copy-copy-copy-copy-copy-copy-copy-copy-copy-copy-copy-copy-copy-copy-copy-copy-copy-copy\/","og_locale":"lv_LV","og_type":"article","og_title":"BIOSWING 260 iQ (Copy) (Copy) (Copy) (Copy) (Copy) (Copy) (Copy) (Copy) (Copy) (Copy) (Copy) (Copy) (Copy) (Copy) (Copy) (Copy) (Copy) (Copy) (Copy) (Copy) (Copy) (Copy) (Copy) (Copy) (Copy) - BIOSWING","og_description":"Motiv\u0101cija un vesel\u012bba ir cie\u0161i saist\u012bta ar to, cik labi kr\u0113sls ir saska\u0146ots ar cilv\u0113ka anatomiju. Jo prec\u012bz\u0101k biroja kr\u0113slu var piel\u0101got atbilsto\u0161i j\u016bsu person\u012bgajiem apst\u0101k\u013ciem, jo lab\u0101k - jo \u012bpa\u0161i, ja jums nepiecie\u0161ams s\u0113d\u0113t ilgu laiku. T\u0101l\u0101k m\u0113s iepaz\u012bstin\u0101m ar svar\u012bg\u0101kaj\u0101m regul\u0113\u0161anas iesp\u0113j\u0101m 2. s\u0113rijas produktos. \u201cBIOSWING\u201d 2. s\u0113rijas biroja kr\u0113sls nodro\u0161ina daudz papildu kust\u012bbu s\u0113d\u0113\u0161anas laik\u0101. Pateicoties da\u017e\u0101diem meh\u0101nismiem, 2. s\u0113rija ne tikai rea\u0123\u0113 uz katru lietot\u0101ja kust\u012bbu, bet ar\u012b individu\u0101li piel\u0101gojas katrai pozai, ko j\u016bs ie\u0146emat visas dienas garum\u0101. Turkl\u0101t lab\u0101k\u0101 poza vienm\u0113r ir n\u0101kam\u0101 poza. M\u016bsu mugurkauls m\u012bl vertik\u0101lu st\u0101ju, kas apvienota ar daudz akt\u012bv\u0101m kust\u012bb\u0101m. 2. s\u0113rija (popul\u0101r\u0101k\u0101 s\u0113rija) ir apr\u012bkota ar individu\u0101li regul\u0113jamu s\u0113dek\u013ca sl\u012bpuma regulatoru vai iegur\u0146a stabilizatoru ar br\u012bni\u0161\u0137\u012bgi maigu reakciju, lai j\u016bs var\u0113tu viegli p\u0101rvietot savu iegurni un t\u0101d\u0113j\u0101di ar\u012b mugurkaulu dabisk\u0101 S form\u0101. K\u0101ds no m\u016bsu daudzajiem ergonomikas ekspertiem labpr\u0101t par\u0101d\u012bs jums abu meh\u0101nismu at\u0161\u0137ir\u012bbas un \u013caus tos izm\u0113\u0123in\u0101t. Akt\u012bva kust\u012bba apvienojum\u0101 ar vertik\u0101lu st\u0101ju ir labv\u0113l\u012bga mugurkaulam. Izmantojot individu\u0101li regul\u0113jamo s\u0113dek\u013ca sl\u012bpuma regul\u0113\u0161anas iesp\u0113ju, varat piel\u0101got jebkura 2. s\u0113rijas mode\u013ca sl\u012bpumu, lai tas piln\u012bb\u0101 atbilstu j\u016bsu vajadz\u012bb\u0101m un j\u016bsu mugurkauls saglab\u0101tu savu dabisko S formu, pateicoties j\u016bsu iegur\u0146a izl\u012bdzin\u0101\u0161anai.  Lejupiel\u0101d\u0113t produkta lapu (PDF)","og_url":"https:\/\/bioswing.ee\/lv\/toode\/bioswing-260-iq-copy-copy-copy-copy-copy-copy-copy-copy-copy-copy-copy-copy-copy-copy-copy-copy-copy-copy-copy-copy-copy-copy-copy-copy-copy\/","og_site_name":"BIOSWING","article_modified_time":"2026-04-02T09:59:00+00:00","og_image":[{"width":800,"height":1067,"url":"https:\/\/bioswing.ee\/wp-content\/uploads\/2026\/04\/bioswing_350_1-1.jpg","type":"image\/jpeg"}],"twitter_card":"summary_large_image","twitter_misc":{"Est. reading time":"1 minute"},"schema":{"@context":"https:\/\/schema.org","@graph":[{"@type":"WebPage","@id":"https:\/\/bioswing.ee\/lv\/toode\/bioswing-260-iq-copy-copy-copy-copy-copy-copy-copy-copy-copy-copy-copy-copy-copy-copy-copy-copy-copy-copy-copy-copy-copy-copy-copy-copy-copy\/","url":"https:\/\/bioswing.ee\/lv\/toode\/bioswing-260-iq-copy-copy-copy-copy-copy-copy-copy-copy-copy-copy-copy-copy-copy-copy-copy-copy-copy-copy-copy-copy-copy-copy-copy-copy-copy\/","name":"BIOSWING 260 iQ (Copy) (Copy) (Copy) (Copy) (Copy) (Copy) (Copy) (Copy) (Copy) (Copy) (Copy) (Copy) (Copy) (Copy) (Copy) (Copy) (Copy) (Copy) (Copy) (Copy) (Copy) (Copy) (Copy) (Copy) (Copy) - BIOSWING","isPartOf":{"@id":"https:\/\/bioswing.ee\/#website"},"primaryImageOfPage":{"@id":"https:\/\/bioswing.ee\/lv\/toode\/bioswing-260-iq-copy-copy-copy-copy-copy-copy-copy-copy-copy-copy-copy-copy-copy-copy-copy-copy-copy-copy-copy-copy-copy-copy-copy-copy-copy\/#primaryimage"},"image":{"@id":"https:\/\/bioswing.ee\/lv\/toode\/bioswing-260-iq-copy-copy-copy-copy-copy-copy-copy-copy-copy-copy-copy-copy-copy-copy-copy-copy-copy-copy-copy-copy-copy-copy-copy-copy-copy\/#primaryimage"},"thumbnailUrl":"https:\/\/bioswing.ee\/wp-content\/uploads\/2026\/04\/bioswing_360_1.jpg","datePublished":"2026-04-02T09:57:10+00:00","dateModified":"2026-04-02T09:59:00+00:00","breadcrumb":{"@id":"https:\/\/bioswing.ee\/lv\/toode\/bioswing-260-iq-copy-copy-copy-copy-copy-copy-copy-copy-copy-copy-copy-copy-copy-copy-copy-copy-copy-copy-copy-copy-copy-copy-copy-copy-copy\/#breadcrumb"},"inLanguage":"lv-LV","potentialAction":[{"@type":"ReadAction","target":["https:\/\/bioswing.ee\/lv\/toode\/bioswing-260-iq-copy-copy-copy-copy-copy-copy-copy-copy-copy-copy-copy-copy-copy-copy-copy-copy-copy-copy-copy-copy-copy-copy-copy-copy-copy\/"]}]},{"@type":"ImageObject","inLanguage":"lv-LV","@id":"https:\/\/bioswing.ee\/lv\/toode\/bioswing-260-iq-copy-copy-copy-copy-copy-copy-copy-copy-copy-copy-copy-copy-copy-copy-copy-copy-copy-copy-copy-copy-copy-copy-copy-copy-copy\/#primaryimage","url":"https:\/\/bioswing.ee\/wp-content\/uploads\/2026\/04\/bioswing_360_1.jpg","contentUrl":"https:\/\/bioswing.ee\/wp-content\/uploads\/2026\/04\/bioswing_360_1.jpg","width":800,"height":1067},{"@type":"BreadcrumbList","@id":"https:\/\/bioswing.ee\/lv\/toode\/bioswing-260-iq-copy-copy-copy-copy-copy-copy-copy-copy-copy-copy-copy-copy-copy-copy-copy-copy-copy-copy-copy-copy-copy-copy-copy-copy-copy\/#breadcrumb","itemListElement":[{"@type":"ListItem","position":1,"name":"Home","item":"https:\/\/bioswing.ee\/"},{"@type":"ListItem","position":2,"name":"Shop","item":"https:\/\/bioswing.ee\/lv\/shop-2\/"},{"@type":"ListItem","position":3,"name":"BIOSWING 260 iQ (Copy) (Copy) (Copy) (Copy) (Copy) (Copy) (Copy) (Copy) (Copy) (Copy) (Copy) (Copy) (Copy) (Copy) (Copy) (Copy) (Copy) (Copy) (Copy) (Copy) (Copy) (Copy) (Copy) (Copy) (Copy)"}]},{"@type":"WebSite","@id":"https:\/\/bioswing.ee\/#website","url":"https:\/\/bioswing.ee\/","name":"BIOSWING","description":"Smart solutions for healthy sitting","publisher":{"@id":"https:\/\/bioswing.ee\/#organization"},"potentialAction":[{"@type":"SearchAction","target":{"@type":"EntryPoint","urlTemplate":"https:\/\/bioswing.ee\/?s={search_term_string}"},"query-input":{"@type":"PropertyValueSpecification","valueRequired":true,"valueName":"search_term_string"}}],"inLanguage":"lv-LV"},{"@type":"Organization","@id":"https:\/\/bioswing.ee\/#organization","name":"BIOSWING","url":"https:\/\/bioswing.ee\/","logo":{"@type":"ImageObject","inLanguage":"lv-LV","@id":"https:\/\/bioswing.ee\/#\/schema\/logo\/image\/","url":"https:\/\/bioswing.ee\/wp-content\/uploads\/2023\/04\/logo_web.png","contentUrl":"https:\/\/bioswing.ee\/wp-content\/uploads\/2023\/04\/logo_web.png","width":140,"height":122,"caption":"BIOSWING"},"image":{"@id":"https:\/\/bioswing.ee\/#\/schema\/logo\/image\/"}}]}},"_links":{"self":[{"href":"https:\/\/bioswing.ee\/lv\/wp-json\/wp\/v2\/product\/36906"}],"collection":[{"href":"https:\/\/bioswing.ee\/lv\/wp-json\/wp\/v2\/product"}],"about":[{"href":"https:\/\/bioswing.ee\/lv\/wp-json\/wp\/v2\/types\/product"}],"wp:featuredmedia":[{"embeddable":true,"href":"https:\/\/bioswing.ee\/lv\/wp-json\/wp\/v2\/media\/36977"}],"wp:attachment":[{"href":"https:\/\/bioswing.ee\/lv\/wp-json\/wp\/v2\/media?parent=36906"}],"wp:term":[{"taxonomy":"product_brand","embeddable":true,"href":"https:\/\/bioswing.ee\/lv\/wp-json\/wp\/v2\/product_brand?post=36906"},{"taxonomy":"product_cat","embeddable":true,"href":"https:\/\/bioswing.ee\/lv\/wp-json\/wp\/v2\/product_cat?post=36906"},{"taxonomy":"product_tag","embeddable":true,"href":"https:\/\/bioswing.ee\/lv\/wp-json\/wp\/v2\/product_tag?post=36906"}],"curies":[{"name":"wp","href":"https:\/\/api.w.org\/{rel}","templated":true}]}}