{"id":2041,"date":"2023-07-13T13:13:28","date_gmt":"2023-07-13T13:13:28","guid":{"rendered":"https:\/\/bioswing.ee\/terms\/"},"modified":"2023-08-08T12:29:57","modified_gmt":"2023-08-08T12:29:57","slug":"pardosanas-noteikumi","status":"publish","type":"page","link":"https:\/\/bioswing.ee\/lv\/pardosanas-noteikumi\/","title":{"rendered":"P\u0100RDO\u0160ANAS NOTEIKUMI"},"content":{"rendered":"<p><div class=\"fusion-fullwidth fullwidth-box fusion-builder-row-1 fusion-flex-container has-pattern-background has-mask-background nonhundred-percent-fullwidth non-hundred-percent-height-scrolling\" style=\"--awb-border-radius-top-left:0px;--awb-border-radius-top-right:0px;--awb-border-radius-bottom-right:0px;--awb-border-radius-bottom-left:0px;--awb-flex-wrap:wrap;\" ><div class=\"fusion-builder-row fusion-row fusion-flex-align-items-center fusion-flex-content-wrap\" style=\"max-width:1248px;margin-left: calc(-4% \/ 2 );margin-right: calc(-4% \/ 2 );\"><div class=\"fusion-layout-column fusion_builder_column fusion-builder-column-0 fusion_builder_column_1_5 1_5 fusion-flex-column\" style=\"--awb-bg-size:cover;--awb-width-large:20%;--awb-margin-top-large:0px;--awb-spacing-right-large:9.6%;--awb-margin-bottom-large:20px;--awb-spacing-left-large:9.6%;--awb-width-medium:20%;--awb-order-medium:0;--awb-spacing-right-medium:9.6%;--awb-spacing-left-medium:9.6%;--awb-width-small:100%;--awb-order-small:0;--awb-spacing-right-small:1.92%;--awb-spacing-left-small:1.92%;\"><div class=\"fusion-column-wrapper fusion-column-has-shadow fusion-flex-justify-content-flex-start fusion-content-layout-column\"><\/div><\/div><div class=\"fusion-layout-column fusion_builder_column fusion-builder-column-1 fusion_builder_column_3_5 3_5 fusion-flex-column\" style=\"--awb-bg-size:cover;--awb-width-large:60%;--awb-margin-top-large:0px;--awb-spacing-right-large:3.2%;--awb-margin-bottom-large:20px;--awb-spacing-left-large:3.2%;--awb-width-medium:60%;--awb-order-medium:0;--awb-spacing-right-medium:3.2%;--awb-spacing-left-medium:3.2%;--awb-width-small:100%;--awb-order-small:0;--awb-spacing-right-small:1.92%;--awb-spacing-left-small:1.92%;\"><div class=\"fusion-column-wrapper fusion-column-has-shadow fusion-flex-justify-content-flex-start fusion-content-layout-column\"><div class=\"fusion-title title fusion-title-1 fusion-sep-none fusion-title-text fusion-title-size-one\"><h1 class=\"fusion-title-heading title-heading-left\" style=\"margin:0;\">P\u0101rdo\u0161anas noteikumi<\/h1><\/div><div class=\"fusion-text fusion-text-1\"><p><strong>P\u0101rdo\u0161anas dar\u012bjumu standarta noteikumi<\/strong><\/p>\n<p>Tie\u0161saistes veikal\u0101 der\u012bgs no 01.06.2023.<\/p>\n<ol>\n<li><strong> Visp\u0101r\u0113ji noteikumi<br \/>\n<\/strong>1.1. \u0160ie Standarta noteikumi nosaka \u201cSKS V\u00f5ru\u201d O\u00dc (turpm\u0101k tekst\u0101 &#8211; P\u0101rdev\u0113js) un Pirc\u0113ja tiesisko attiec\u012bbu pamatprincipus un visp\u0101r\u012bgos noteikumus un nosac\u012bjumus dar\u012bjumu nosl\u0113g\u0161anai starp P\u0101rdev\u0113ju un Pirc\u0113ju (turpm\u0101k kop\u0101 &#8211; Puses). Standarta noteikumi un nosac\u012bjumi attiecas uz vis\u0101m tiesiskaj\u0101m attiec\u012bb\u0101m, kas rodas starp Pus\u0113m.<br \/>\n1.2. Papildus Standarta noteikumiem Pu\u0161u tiesisk\u0101s attiec\u012bbas regul\u0113 Igaunijas Republikas ties\u012bbu normas un pas\u016bt\u012bjums vai l\u012bgums, ja t\u0101ds past\u0101v.<br \/>\n1.3. Ja rodas pretrunas starp Standarta noteikumiem un Pas\u016bt\u012bjumu, tiek piem\u0113roti Pas\u016bt\u012bjuma noteikumi. Ja Standarta noteikumi vai Pas\u016bt\u012bjums ir pretrun\u0101 ar L\u012bgumu, piem\u0113ro L\u012bguma noteikumus.<br \/>\nJa to prasa konteksts, v\u0101rdi vienskaitl\u012b ietver daudzskaitli un otr\u0101di. Klauzulu virsraksti Standarta noteikumos ir iek\u013cauti tikai \u0113rt\u0101kai las\u012b\u0161anai un nek\u0101d\u0101 veid\u0101 neietekm\u0113 \u0161o klauzulu satura interpret\u0101ciju.<br \/>\n1.4. Katra Standarta noteikumu klauzula ir j\u0101interpret\u0113 kop\u0101 ar cit\u0101m Standarta noteikumu klauzul\u0101m, pamatojoties uz Standarta noteikumu noz\u012bmi un m\u0113r\u0137i.<\/li>\n<li><strong> Defin\u012bcijas<br \/>\n<\/strong>2.1. P\u0101rdev\u0113js ir \u201cSKS V\u00f5ru\u201d O\u00dc.<br \/>\n2.2. Pirc\u0113js ir jebkura fiziska vai juridiska persona, kas ieg\u0101d\u0101jas vai v\u0113las ieg\u0101d\u0101ties P\u0101rdev\u0113ja pied\u0101v\u0101tos Produktus un\/vai Pakalpojumus.<br \/>\n2.3. Produkts ir jebkuras m\u0113beles un citas m\u0113be\u013cu preces, ko P\u0101rdev\u0113js p\u0101rdod Pirc\u0113jam.<br \/>\n2.4. Pakalpojums ir telpas pl\u0101ns vai interjera dizaina risin\u0101jums, ko p\u0113c Pirc\u0113ja piepras\u012bjuma izstr\u0101d\u0101 P\u0101rdev\u0113js, p\u0101rdoto produktu transport\u0113\u0161ana uz Pirc\u0113ja nor\u0101d\u012bto vietu un produkta mont\u0101\u017ea un uzst\u0101d\u012b\u0161ana.<br \/>\n2.5. Cenu saraksts ir P\u0101rdev\u0113ja apstiprin\u0101ts dokuments, kur\u0101 atspogu\u013cotas produktu un pakalpojumu cenas.<br \/>\n2.6. Pas\u016bt\u012bjuma apstiprin\u0101jums tiek uzskat\u012bts par pirkuma un p\u0101rdo\u0161anas l\u012bgumu starp Pirc\u0113ju un P\u0101rdev\u0113ju.<br \/>\n2.7. Pas\u016bt\u012bjuma izpildes termi\u0146\u0161 ir laiks, kad Produktam un\/vai sniegtajam Pakalpojumam j\u0101b\u016bt pieejamam Pirc\u0113jam.<\/li>\n<li><strong> Cenas<br \/>\n<\/strong>3.1. Produktu un Pakalpojumu cenas ir nor\u0101d\u012btas P\u0101rdev\u0113ja izveidotaj\u0101 Cenr\u0101d\u012b. Cenr\u0101d\u012b noteiktaj\u0101s cen\u0101s ir iek\u013cauts PVN, un taj\u0101s nav iek\u013cauta produkta paletes cena. Cenr\u0101d\u012b nor\u0101d\u012btaj\u0101s cen\u0101s ir iek\u013cautas iepakojuma izmaksas.<br \/>\n3.2. P\u0101rdev\u0113jam ir ties\u012bbas vienpus\u0113ji veikt izmai\u0146as Cenr\u0101d\u012b. Izmai\u0146as st\u0101jas sp\u0113k\u0101 no izmai\u0146u veik\u0161anas dienas vai no cita P\u0101rdev\u0113ja noteikt\u0101 termi\u0146a. Cenr\u0101\u017ea groz\u012bjumiem nav atpaka\u013cejo\u0161a sp\u0113ka attiec\u012bb\u0101 uz Cenu pied\u0101v\u0101jumiem un Pas\u016bt\u012bjumiem, kas nosl\u0113gti pirms Cenr\u0101\u017ea groz\u012bjumu izdar\u012b\u0161anas.<\/li>\n<li><strong> Apmaksas nosac\u012bjumi<br \/>\n<\/strong>4.1. P\u0101rdev\u0113jam ir ties\u012bbas piepras\u012bt no Pirc\u0113ja avansa maks\u0101jumu par Produktu un Pakalpojumu t\u0101d\u0101 apm\u0113r\u0101, k\u0101d\u0101 tas ir saska\u0146ots ar Pirc\u0113ju pirms Pas\u016bt\u012bjuma izpildes uzs\u0101k\u0161anas. Lai pas\u016bt\u012bjumu pie\u0146emtu izpildei, par tie\u0161saistes veikal\u0101 veiktajiem pas\u016bt\u012bjumiem ir piln\u012bb\u0101 j\u0101apmaks\u0101 priek\u0161apmaksas r\u0113\u0137ins.<br \/>\n4.2. Visas Pirc\u0113ja maks\u0101jam\u0101s summas tiek uzskat\u012btas par pien\u0101c\u012bgi samaks\u0101t\u0101m P\u0101rdev\u0113jam, ja attiec\u012bg\u0101 summa ir sa\u0146emta P\u0101rdev\u0113ja bankas kont\u0101.<\/li>\n<li><strong> Produkta un pakalpojuma pas\u016bt\u012b\u0161ana<br \/>\n<\/strong>5.1. Pirc\u0113js, izmantojot tie\u0161saistes veikala vidi, iesniedz P\u0101rdev\u0113jam pas\u016bt\u012bjumu, lai ieg\u0101d\u0101tos preci vai pakalpojumu.<br \/>\n5.2. Pas\u016bt\u012bjums tiks p\u0101rbaud\u012bts, Pirc\u0113jam pa e-pastu tiks nos\u016bt\u012bts pas\u016bt\u012bjuma apstiprin\u0101jums un priek\u0161apmaksas r\u0113\u0137ins, vajadz\u012bbas gad\u012bjum\u0101 tiks pievienotas transporta izmaksas un inform\u0101cija par pieg\u0101des laiku.<br \/>\n5.3. P\u0113c priek\u0161apmaksas r\u0113\u0137ina apmaksas Pirc\u0113jam pa e-pastu tiks nos\u016bt\u012bta apstiprin\u0101juma v\u0113stule par pas\u016bt\u012bjuma izpildi. Apstiprin\u0101juma v\u0113stul\u0113 ir nor\u0101d\u012bts laiks, l\u012bdz kuram Pirc\u0113ja pas\u016bt\u012btie produkti ir gatavi P\u0101rdev\u0113ja noliktav\u0101, un k\u0101 preces tiks pieg\u0101d\u0101tas uz Pirc\u0113ja nor\u0101d\u012bto vietu. Ja Pirc\u0113js ar vienu pas\u016bt\u012bjumu ir pas\u016bt\u012bjis produktus ar da\u017e\u0101diem pieg\u0101des termi\u0146iem, tad Pas\u016bt\u012bjuma pieg\u0101des termi\u0146\u0161 tiek apr\u0113\u0137in\u0101ts atbilsto\u0161i produktam ar gar\u0101ko pieg\u0101des termi\u0146u.<\/li>\n<li><strong> Pas\u016bt\u012bjuma izpilde<br \/>\n<\/strong>6.1. P\u0101rdev\u0113js s\u0101ks izpild\u012bt Pas\u016bt\u012bjumu p\u0113c savlaic\u012bgas priek\u0161apmaksas piepras\u012bjuma apmaksas.<br \/>\n6.2. Pirc\u0113ja pas\u016bt\u012bjums un r\u0113\u0137ins tiks anul\u0113ts, ja priek\u0161apmaksas r\u0113\u0137ins netiks apmaks\u0101ts 7 dienu laik\u0101 p\u0113c r\u0113\u0137ina izrakst\u012b\u0161anas.<\/li>\n<li><strong> Produkta vai pakalpojuma pieg\u0101de<br \/>\n<\/strong>7.1. Preces pieg\u0101de \/ sa\u0146em\u0161ana noz\u012bm\u0113 Preces nodo\u0161anu Pirc\u0113ja r\u012bc\u012bb\u0101 atkar\u012bb\u0101 no transporta nosac\u012bjumiem, par kuriem pan\u0101kta vieno\u0161an\u0101s Pas\u016bt\u012bjum\u0101.<br \/>\n7.2. Produktu Pirc\u0113jam vai Pirc\u0113ja p\u0101rst\u0101vim nodod transporta uz\u0146\u0113muma p\u0101rst\u0101vis, pamatojoties uz identifik\u0101cijas dokumentu.<br \/>\n7.3. Pirc\u0113js apliecina produkta sa\u0146em\u0161anu, parakstot pavadz\u012bmi, kur\u0101 nor\u0101d\u012bts produkta nosaukums un daudzums. Pirc\u0113ja pilnvarotajam p\u0101rst\u0101vim ir j\u0101pier\u0101da savas pilnvaras.<br \/>\n7.4. Ja Pirc\u0113js nav pie\u0146\u0113mis produktu sapr\u0101t\u012bg\u0101 termi\u0146\u0101, bet tam ir pamatoti iemesli, P\u0101rdev\u0113js var pie\u0161\u0137irt Pirc\u0113jam papildu termi\u0146u, par to rakstiski pazi\u0146ojot Pirc\u0113jam. Par konkr\u0113to termi\u0146u Puses vienojas katr\u0101 gad\u012bjum\u0101 atsevi\u0161\u0137i. Ja Pirc\u0113js nepie\u0146em Produktu P\u0101rdev\u0113ja noteiktaj\u0101 papildu termi\u0146\u0101, P\u0101rdev\u0113jam ir ties\u012bbas atteikties no Pas\u016bt\u012bjuma.<\/li>\n<li><strong> Riska nodo\u0161ana<br \/>\n<\/strong>8.1. Produkta nejau\u0161as izn\u012bcin\u0101\u0161anas un boj\u0101juma risks p\u0101riet uz Pirc\u0113ju Produkta pieg\u0101des br\u012bd\u012b.<\/li>\n<li><strong> Intelektu\u0101l\u0101 \u012bpa\u0161uma aizsardz\u012bba<br \/>\n<\/strong>9.1. Pirc\u0113jam nodotie dokumenti (piem\u0113ram, ras\u0113jumi, skices, pl\u0101ni u.t.t.) ir un paliek P\u0101rdev\u0113ja intelektu\u0101lais \u012bpa\u0161ums. \u0160os dokumentus nedr\u012bkst kop\u0113t vai dar\u012bt pieejamus tre\u0161aj\u0101m person\u0101m.<\/li>\n<\/ol>\n<\/div><\/div><\/div><div class=\"fusion-layout-column fusion_builder_column fusion-builder-column-2 fusion_builder_column_1_5 1_5 fusion-flex-column\" style=\"--awb-bg-size:cover;--awb-width-large:20%;--awb-margin-top-large:0px;--awb-spacing-right-large:9.6%;--awb-margin-bottom-large:20px;--awb-spacing-left-large:9.6%;--awb-width-medium:20%;--awb-order-medium:0;--awb-spacing-right-medium:9.6%;--awb-spacing-left-medium:9.6%;--awb-width-small:100%;--awb-order-small:0;--awb-spacing-right-small:1.92%;--awb-spacing-left-small:1.92%;\"><div class=\"fusion-column-wrapper fusion-column-has-shadow fusion-flex-justify-content-flex-start fusion-content-layout-column\"><\/div><\/div><\/div><\/div><div class=\"fusion-fullwidth fullwidth-box fusion-builder-row-2 fusion-flex-container has-pattern-background has-mask-background nonhundred-percent-fullwidth non-hundred-percent-height-scrolling\" style=\"--awb-border-radius-top-left:0px;--awb-border-radius-top-right:0px;--awb-border-radius-bottom-right:0px;--awb-border-radius-bottom-left:0px;--awb-flex-wrap:wrap;\" ><div class=\"fusion-builder-row fusion-row fusion-flex-align-items-flex-start fusion-flex-content-wrap\" style=\"max-width:1248px;margin-left: calc(-4% \/ 2 );margin-right: calc(-4% \/ 2 );\"><\/div><\/div><\/p>\n","protected":false},"excerpt":{"rendered":"","protected":false},"author":2,"featured_media":0,"parent":0,"menu_order":0,"comment_status":"closed","ping_status":"closed","template":"100-width.php","meta":{"_acf_changed":false,"footnotes":""},"class_list":["post-2041","page","type-page","status-publish","hentry"],"acf":[],"yoast_head":"<!-- This site is optimized with the Yoast SEO plugin v24.3 - https:\/\/yoast.com\/wordpress\/plugins\/seo\/ -->\n<title>P\u0100RDO\u0160ANAS NOTEIKUMI - BIOSWING<\/title>\n<meta name=\"robots\" content=\"index, follow, max-snippet:-1, max-image-preview:large, max-video-preview:-1\" \/>\n<link rel=\"canonical\" href=\"https:\/\/bioswing.ee\/terms\/\" \/>\n<meta property=\"og:locale\" content=\"lv_LV\" \/>\n<meta property=\"og:type\" content=\"article\" \/>\n<meta property=\"og:title\" content=\"P\u0100RDO\u0160ANAS NOTEIKUMI - BIOSWING\" \/>\n<meta property=\"og:url\" content=\"https:\/\/bioswing.ee\/terms\/\" \/>\n<meta property=\"og:site_name\" content=\"BIOSWING\" \/>\n<meta property=\"article:modified_time\" content=\"2023-08-08T12:29:57+00:00\" \/>\n<meta name=\"twitter:card\" content=\"summary_large_image\" \/>\n<meta name=\"twitter:label1\" content=\"Est. reading time\" \/>\n\t<meta name=\"twitter:data1\" content=\"14 minutes\" \/>\n<script type=\"application\/ld+json\" class=\"yoast-schema-graph\">{\"@context\":\"https:\/\/schema.org\",\"@graph\":[{\"@type\":\"WebPage\",\"@id\":\"https:\/\/bioswing.ee\/terms\/\",\"url\":\"https:\/\/bioswing.ee\/terms\/\",\"name\":\"P\u0100RDO\u0160ANAS NOTEIKUMI - BIOSWING\",\"isPartOf\":{\"@id\":\"https:\/\/bioswing.ee\/#website\"},\"datePublished\":\"2023-07-13T13:13:28+00:00\",\"dateModified\":\"2023-08-08T12:29:57+00:00\",\"breadcrumb\":{\"@id\":\"https:\/\/bioswing.ee\/terms\/#breadcrumb\"},\"inLanguage\":\"lv-LV\",\"potentialAction\":[{\"@type\":\"ReadAction\",\"target\":[\"https:\/\/bioswing.ee\/terms\/\"]}]},{\"@type\":\"BreadcrumbList\",\"@id\":\"https:\/\/bioswing.ee\/terms\/#breadcrumb\",\"itemListElement\":[{\"@type\":\"ListItem\",\"position\":1,\"name\":\"Home\",\"item\":\"https:\/\/bioswing.ee\/lv\/\"},{\"@type\":\"ListItem\",\"position\":2,\"name\":\"P\u0100RDO\u0160ANAS NOTEIKUMI\"}]},{\"@type\":\"WebSite\",\"@id\":\"https:\/\/bioswing.ee\/#website\",\"url\":\"https:\/\/bioswing.ee\/\",\"name\":\"BIOSWING\",\"description\":\"Smart solutions for healthy sitting\",\"publisher\":{\"@id\":\"https:\/\/bioswing.ee\/#organization\"},\"potentialAction\":[{\"@type\":\"SearchAction\",\"target\":{\"@type\":\"EntryPoint\",\"urlTemplate\":\"https:\/\/bioswing.ee\/?s={search_term_string}\"},\"query-input\":{\"@type\":\"PropertyValueSpecification\",\"valueRequired\":true,\"valueName\":\"search_term_string\"}}],\"inLanguage\":\"lv-LV\"},{\"@type\":\"Organization\",\"@id\":\"https:\/\/bioswing.ee\/#organization\",\"name\":\"BIOSWING\",\"url\":\"https:\/\/bioswing.ee\/\",\"logo\":{\"@type\":\"ImageObject\",\"inLanguage\":\"lv-LV\",\"@id\":\"https:\/\/bioswing.ee\/#\/schema\/logo\/image\/\",\"url\":\"https:\/\/bioswing.ee\/wp-content\/uploads\/2023\/04\/logo_web.png\",\"contentUrl\":\"https:\/\/bioswing.ee\/wp-content\/uploads\/2023\/04\/logo_web.png\",\"width\":140,\"height\":122,\"caption\":\"BIOSWING\"},\"image\":{\"@id\":\"https:\/\/bioswing.ee\/#\/schema\/logo\/image\/\"}}]}<\/script>\n<!-- \/ Yoast SEO plugin. -->","yoast_head_json":{"title":"P\u0100RDO\u0160ANAS NOTEIKUMI - BIOSWING","robots":{"index":"index","follow":"follow","max-snippet":"max-snippet:-1","max-image-preview":"max-image-preview:large","max-video-preview":"max-video-preview:-1"},"canonical":"https:\/\/bioswing.ee\/terms\/","og_locale":"lv_LV","og_type":"article","og_title":"P\u0100RDO\u0160ANAS NOTEIKUMI - BIOSWING","og_url":"https:\/\/bioswing.ee\/terms\/","og_site_name":"BIOSWING","article_modified_time":"2023-08-08T12:29:57+00:00","twitter_card":"summary_large_image","twitter_misc":{"Est. reading time":"14 minutes"},"schema":{"@context":"https:\/\/schema.org","@graph":[{"@type":"WebPage","@id":"https:\/\/bioswing.ee\/terms\/","url":"https:\/\/bioswing.ee\/terms\/","name":"P\u0100RDO\u0160ANAS NOTEIKUMI - BIOSWING","isPartOf":{"@id":"https:\/\/bioswing.ee\/#website"},"datePublished":"2023-07-13T13:13:28+00:00","dateModified":"2023-08-08T12:29:57+00:00","breadcrumb":{"@id":"https:\/\/bioswing.ee\/terms\/#breadcrumb"},"inLanguage":"lv-LV","potentialAction":[{"@type":"ReadAction","target":["https:\/\/bioswing.ee\/terms\/"]}]},{"@type":"BreadcrumbList","@id":"https:\/\/bioswing.ee\/terms\/#breadcrumb","itemListElement":[{"@type":"ListItem","position":1,"name":"Home","item":"https:\/\/bioswing.ee\/lv\/"},{"@type":"ListItem","position":2,"name":"P\u0100RDO\u0160ANAS NOTEIKUMI"}]},{"@type":"WebSite","@id":"https:\/\/bioswing.ee\/#website","url":"https:\/\/bioswing.ee\/","name":"BIOSWING","description":"Smart solutions for healthy sitting","publisher":{"@id":"https:\/\/bioswing.ee\/#organization"},"potentialAction":[{"@type":"SearchAction","target":{"@type":"EntryPoint","urlTemplate":"https:\/\/bioswing.ee\/?s={search_term_string}"},"query-input":{"@type":"PropertyValueSpecification","valueRequired":true,"valueName":"search_term_string"}}],"inLanguage":"lv-LV"},{"@type":"Organization","@id":"https:\/\/bioswing.ee\/#organization","name":"BIOSWING","url":"https:\/\/bioswing.ee\/","logo":{"@type":"ImageObject","inLanguage":"lv-LV","@id":"https:\/\/bioswing.ee\/#\/schema\/logo\/image\/","url":"https:\/\/bioswing.ee\/wp-content\/uploads\/2023\/04\/logo_web.png","contentUrl":"https:\/\/bioswing.ee\/wp-content\/uploads\/2023\/04\/logo_web.png","width":140,"height":122,"caption":"BIOSWING"},"image":{"@id":"https:\/\/bioswing.ee\/#\/schema\/logo\/image\/"}}]}},"_links":{"self":[{"href":"https:\/\/bioswing.ee\/lv\/wp-json\/wp\/v2\/pages\/2041"}],"collection":[{"href":"https:\/\/bioswing.ee\/lv\/wp-json\/wp\/v2\/pages"}],"about":[{"href":"https:\/\/bioswing.ee\/lv\/wp-json\/wp\/v2\/types\/page"}],"author":[{"embeddable":true,"href":"https:\/\/bioswing.ee\/lv\/wp-json\/wp\/v2\/users\/2"}],"replies":[{"embeddable":true,"href":"https:\/\/bioswing.ee\/lv\/wp-json\/wp\/v2\/comments?post=2041"}],"version-history":[{"count":1,"href":"https:\/\/bioswing.ee\/lv\/wp-json\/wp\/v2\/pages\/2041\/revisions"}],"predecessor-version":[{"id":2048,"href":"https:\/\/bioswing.ee\/lv\/wp-json\/wp\/v2\/pages\/2041\/revisions\/2048"}],"wp:attachment":[{"href":"https:\/\/bioswing.ee\/lv\/wp-json\/wp\/v2\/media?parent=2041"}],"curies":[{"name":"wp","href":"https:\/\/api.w.org\/{rel}","templated":true}]}}