{"id":2026,"date":"2023-03-31T19:29:21","date_gmt":"2023-03-31T19:29:21","guid":{"rendered":"https:\/\/bioswing.ee\/privacy-policy\/"},"modified":"2023-08-08T12:18:50","modified_gmt":"2023-08-08T12:18:50","slug":"konfidencialitates-politika","status":"publish","type":"page","link":"https:\/\/bioswing.ee\/lv\/konfidencialitates-politika\/","title":{"rendered":"Konfidencialit\u0101tes politika"},"content":{"rendered":"<p><div class=\"fusion-fullwidth fullwidth-box fusion-builder-row-1 fusion-flex-container has-pattern-background has-mask-background nonhundred-percent-fullwidth non-hundred-percent-height-scrolling\" style=\"--awb-border-radius-top-left:0px;--awb-border-radius-top-right:0px;--awb-border-radius-bottom-right:0px;--awb-border-radius-bottom-left:0px;--awb-flex-wrap:wrap;\" ><div class=\"fusion-builder-row fusion-row fusion-flex-align-items-center fusion-flex-content-wrap\" style=\"max-width:1248px;margin-left: calc(-4% \/ 2 );margin-right: calc(-4% \/ 2 );\"><div class=\"fusion-layout-column fusion_builder_column fusion-builder-column-0 fusion_builder_column_1_5 1_5 fusion-flex-column\" style=\"--awb-bg-size:cover;--awb-width-large:20%;--awb-margin-top-large:0px;--awb-spacing-right-large:9.6%;--awb-margin-bottom-large:20px;--awb-spacing-left-large:9.6%;--awb-width-medium:20%;--awb-order-medium:0;--awb-spacing-right-medium:9.6%;--awb-spacing-left-medium:9.6%;--awb-width-small:100%;--awb-order-small:0;--awb-spacing-right-small:1.92%;--awb-spacing-left-small:1.92%;\"><div class=\"fusion-column-wrapper fusion-column-has-shadow fusion-flex-justify-content-flex-start fusion-content-layout-column\"><\/div><\/div><div class=\"fusion-layout-column fusion_builder_column fusion-builder-column-1 fusion_builder_column_3_5 3_5 fusion-flex-column\" style=\"--awb-bg-size:cover;--awb-width-large:60%;--awb-margin-top-large:0px;--awb-spacing-right-large:3.2%;--awb-margin-bottom-large:20px;--awb-spacing-left-large:3.2%;--awb-width-medium:60%;--awb-order-medium:0;--awb-spacing-right-medium:3.2%;--awb-spacing-left-medium:3.2%;--awb-width-small:100%;--awb-order-small:0;--awb-spacing-right-small:1.92%;--awb-spacing-left-small:1.92%;\"><div class=\"fusion-column-wrapper fusion-column-has-shadow fusion-flex-justify-content-flex-start fusion-content-layout-column\"><div class=\"fusion-title title fusion-title-1 fusion-sep-none fusion-title-text fusion-title-size-one\"><h1 class=\"fusion-title-heading title-heading-left\" style=\"margin:0;\">Konfidencialit\u0101tes politika<\/h1><\/div><div class=\"fusion-text fusion-text-1\"><p>M\u016bsu klientu un partneru uztic\u012bba mums ir \u013coti svar\u012bga. M\u0113s v\u0113lamies, lai ikviens, kur\u0161 ar mums dal\u0101s ar saviem personas datiem, b\u016btu p\u0101rliecin\u0101ts, ka m\u0113s par vi\u0146a datiem r\u016bp\u0113jamies vislab\u0101kaj\u0101 iesp\u0113jamaj\u0101 veid\u0101.<\/p>\n<p>\u0160\u012b konfidencialit\u0101tes politika ir izstr\u0101d\u0101ta, lai aizsarg\u0101tu \u201cSKS V\u00f5ru\u201d O\u00dc biju\u0161o, eso\u0161o un n\u0101kotnes klientu priv\u0101tumu. Pamatojoties uz to, m\u0113s izkl\u0101st\u0101m klientu personas datu v\u0101k\u0161anas, izmanto\u0161anas, glab\u0101\u0161anas, p\u0101rs\u016bt\u012b\u0161anas un public\u0113\u0161anas principus saska\u0146\u0101 ar Igaunijas Republikas ties\u012bbu aktiem un Eiropas Savien\u012bbas ties\u012bbu aktiem.<\/p>\n<p><strong>Personas datu v\u0101k\u0161ana un izmanto\u0161ana<\/strong><\/p>\n<p>Datus, kurus persona br\u012bvpr\u0101t\u012bgi sniedz mums, m\u0113s uzskat\u0101m par personas datiem. Personas dati var ietvert v\u0101rdu, t\u0101lru\u0146a numuru, e-pasta adresi, ielas adresi un citu inform\u0101ciju.<\/p>\n<p>M\u0113s izmantojam personas datus tikai, lai sniegtu saviem klientiem jaun\u0101ko tirgus inform\u0101ciju, dal\u012btos ar jaunumiem, atbild\u0113tu uz jaut\u0101jumiem, dal\u012btos ar lab\u0101kajiem pied\u0101v\u0101jumiem un inform\u0101ciju par klientu dien\u0101m, k\u0101 ar\u012b cit\u0101m darb\u012bb\u0101m, kas saist\u012btas ar \u201cSKS V\u00f5ru\u201d O\u00dc darb\u012bbu.<\/p>\n<p>\u201cSKS V\u00f5ru\u201d O\u00dc neizplat\u012bs, nep\u0101rs\u016bt\u012bs, nemain\u012bs un neizmantos nek\u0101dus personas datus neparedz\u0113t\u0101 veid\u0101, ja vien klients nav nosl\u0113dzis l\u012bgumu vai ja inform\u0101cijas izpau\u0161anas nepiecie\u0161am\u012bba neizriet no Igaunijas Republikas ties\u012bbu aktiem.<\/p>\n<p>Ja no mums sa\u0146emat iepriek\u0161 min\u0113to inform\u0101ciju, nesniedzot mums savu personisko inform\u0101ciju, l\u016bdzu, sazinieties ar mums\u00a0<a href=\"mailto:info@bioswing.ee\">info@bioswing.ee<\/a>.<\/p>\n<p>Personai ir ties\u012bbas jebkur\u0101 laik\u0101 atsaukt savu piekri\u0161anu, nos\u016btot piepras\u012bjumu uz \u0161\u0101du adresi <a href=\"mailto:info@bioswing.ee\">info@bioswing.ee<\/a>.<\/p>\n<p><strong>S\u012bkdatnes<\/strong><\/p>\n<p>\u201cSKS V\u00f5ru\u201d O\u00dc sav\u0101 t\u012bmek\u013ca vietn\u0113 izmanto s\u012bkdatnes, lai analiz\u0113tu j\u016bsu p\u0101rl\u016bko\u0161anas v\u0113sturi. M\u0113s izmantojam \u0161o inform\u0101ciju, lai padar\u012btu lieto\u0161anas pieredzi \u0113rt\u0101ku un atbilsto\u0161\u0101ku j\u016bsu vajadz\u012bb\u0101m. M\u0113s izmantojam s\u012bkfailus ar\u012b statistikas anal\u012bzei un rekl\u0101mu r\u0101d\u012b\u0161anai, izmantojot r\u016bp\u012bgi atlas\u012btas tre\u0161o pu\u0161u programmas (piem\u0113ram, Google, Adroll, Facebook, Mailchimp u. c.).<\/p>\n<p>S\u012bkdatne ir teksta datne, ko nos\u016bta lietot\u0101ja apmekl\u0113t\u0101s vietnes un kas tiek saglab\u0101ta lietot\u0101ja dator\u0101. S\u012bkdatne tiek saglab\u0101ta lietot\u0101ja t\u012bmek\u013ca p\u0101rl\u016bkprogrammas failu direktorij\u0101. Ja lietot\u0101js ir apmekl\u0113jis vietni iepriek\u0161, p\u0101rl\u016bkprogramma nolasa s\u012bkdatni un nos\u016bta attiec\u012bgo inform\u0101ciju uz t\u012bmek\u013ca vietni vai vienumu, kas tika saglab\u0101ts s\u012bkdatnes s\u0101kum\u0101. Pla\u0161\u0101ka inform\u0101cija par s\u012bkdatn\u0113m ir pieejama vietn\u0113\u00a0<a href=\"http:\/\/www.aki.ee\/et\/kupsised\">www.aki.ee\/et\/kupsised<\/a>.<\/p>\n<p>T\u012bmek\u013ca p\u0101rl\u016bkprogrammai ir ties\u012bbas atsp\u0113jot s\u012bkdat\u0146u izmanto\u0161anu. Ja v\u0113laties, jums j\u0101maina t\u012bmek\u013ca p\u0101rl\u016bkprogrammas iestat\u012bjumi.<\/p>\n<p><strong>Konfidencialit\u0101tes politika Noteikumi un nosac\u012bjumi<\/strong><\/p>\n<p>Nos\u016btot savus datus un turpinot izmantot m\u016bsu vietni, j\u016bs iev\u0113rojat un piekr\u012btat m\u016bsu noteikumiem un nosac\u012bjumiem. \u201cSKS V\u00f5ru\u201d O\u00dc patur ties\u012bbas nepiecie\u0161am\u012bbas gad\u012bjum\u0101 main\u012bt priv\u0101tuma politikas visp\u0101r\u012bgos noteikumus un nosac\u012bjumus.<\/p>\n<p>Attiec\u012bb\u0101 uz visiem jaut\u0101jumiem par konfidencialit\u0101tes politiku, l\u016bdzu, sazinieties ar mums, rakstot uz \u0161\u0101du adresi.\u00a0<a href=\"mailto:info@bioswing.ee\">info@bioswing.ee<\/a><\/p>\n<\/div><\/div><\/div><div class=\"fusion-layout-column fusion_builder_column fusion-builder-column-2 fusion_builder_column_1_5 1_5 fusion-flex-column\" style=\"--awb-bg-size:cover;--awb-width-large:20%;--awb-margin-top-large:0px;--awb-spacing-right-large:9.6%;--awb-margin-bottom-large:20px;--awb-spacing-left-large:9.6%;--awb-width-medium:20%;--awb-order-medium:0;--awb-spacing-right-medium:9.6%;--awb-spacing-left-medium:9.6%;--awb-width-small:100%;--awb-order-small:0;--awb-spacing-right-small:1.92%;--awb-spacing-left-small:1.92%;\"><div class=\"fusion-column-wrapper fusion-column-has-shadow fusion-flex-justify-content-flex-start fusion-content-layout-column\"><\/div><\/div><\/div><\/div><div class=\"fusion-fullwidth fullwidth-box fusion-builder-row-2 fusion-flex-container has-pattern-background has-mask-background nonhundred-percent-fullwidth non-hundred-percent-height-scrolling\" style=\"--awb-border-radius-top-left:0px;--awb-border-radius-top-right:0px;--awb-border-radius-bottom-right:0px;--awb-border-radius-bottom-left:0px;--awb-flex-wrap:wrap;\" ><div class=\"fusion-builder-row fusion-row fusion-flex-align-items-flex-start fusion-flex-content-wrap\" style=\"max-width:1248px;margin-left: calc(-4% \/ 2 );margin-right: calc(-4% \/ 2 );\"><\/div><\/div><\/p>\n","protected":false},"excerpt":{"rendered":"","protected":false},"author":1,"featured_media":0,"parent":0,"menu_order":0,"comment_status":"closed","ping_status":"open","template":"","meta":{"_acf_changed":false,"footnotes":""},"class_list":["post-2026","page","type-page","status-publish","hentry"],"acf":[],"yoast_head":"<!-- This site is optimized with the Yoast SEO plugin v24.3 - https:\/\/yoast.com\/wordpress\/plugins\/seo\/ -->\n<title>Konfidencialit\u0101tes politika - BIOSWING<\/title>\n<meta name=\"robots\" content=\"index, follow, max-snippet:-1, max-image-preview:large, max-video-preview:-1\" \/>\n<link rel=\"canonical\" href=\"https:\/\/bioswing.ee\/privacy-policy\/\" \/>\n<meta property=\"og:locale\" content=\"lv_LV\" \/>\n<meta property=\"og:type\" content=\"article\" \/>\n<meta property=\"og:title\" content=\"Konfidencialit\u0101tes politika - BIOSWING\" \/>\n<meta property=\"og:url\" content=\"https:\/\/bioswing.ee\/privacy-policy\/\" \/>\n<meta property=\"og:site_name\" content=\"BIOSWING\" \/>\n<meta property=\"article:modified_time\" content=\"2023-08-08T12:18:50+00:00\" \/>\n<meta name=\"twitter:card\" content=\"summary_large_image\" \/>\n<meta name=\"twitter:label1\" content=\"Est. reading time\" \/>\n\t<meta name=\"twitter:data1\" content=\"12 minutes\" \/>\n<script type=\"application\/ld+json\" class=\"yoast-schema-graph\">{\"@context\":\"https:\/\/schema.org\",\"@graph\":[{\"@type\":\"WebPage\",\"@id\":\"https:\/\/bioswing.ee\/privacy-policy\/\",\"url\":\"https:\/\/bioswing.ee\/privacy-policy\/\",\"name\":\"Konfidencialit\u0101tes politika - BIOSWING\",\"isPartOf\":{\"@id\":\"https:\/\/bioswing.ee\/#website\"},\"datePublished\":\"2023-03-31T19:29:21+00:00\",\"dateModified\":\"2023-08-08T12:18:50+00:00\",\"breadcrumb\":{\"@id\":\"https:\/\/bioswing.ee\/privacy-policy\/#breadcrumb\"},\"inLanguage\":\"lv-LV\",\"potentialAction\":[{\"@type\":\"ReadAction\",\"target\":[\"https:\/\/bioswing.ee\/privacy-policy\/\"]}]},{\"@type\":\"BreadcrumbList\",\"@id\":\"https:\/\/bioswing.ee\/privacy-policy\/#breadcrumb\",\"itemListElement\":[{\"@type\":\"ListItem\",\"position\":1,\"name\":\"Home\",\"item\":\"https:\/\/bioswing.ee\/lv\/\"},{\"@type\":\"ListItem\",\"position\":2,\"name\":\"Konfidencialit\u0101tes politika\"}]},{\"@type\":\"WebSite\",\"@id\":\"https:\/\/bioswing.ee\/#website\",\"url\":\"https:\/\/bioswing.ee\/\",\"name\":\"BIOSWING\",\"description\":\"Smart solutions for healthy sitting\",\"publisher\":{\"@id\":\"https:\/\/bioswing.ee\/#organization\"},\"potentialAction\":[{\"@type\":\"SearchAction\",\"target\":{\"@type\":\"EntryPoint\",\"urlTemplate\":\"https:\/\/bioswing.ee\/?s={search_term_string}\"},\"query-input\":{\"@type\":\"PropertyValueSpecification\",\"valueRequired\":true,\"valueName\":\"search_term_string\"}}],\"inLanguage\":\"lv-LV\"},{\"@type\":\"Organization\",\"@id\":\"https:\/\/bioswing.ee\/#organization\",\"name\":\"BIOSWING\",\"url\":\"https:\/\/bioswing.ee\/\",\"logo\":{\"@type\":\"ImageObject\",\"inLanguage\":\"lv-LV\",\"@id\":\"https:\/\/bioswing.ee\/#\/schema\/logo\/image\/\",\"url\":\"https:\/\/bioswing.ee\/wp-content\/uploads\/2023\/04\/logo_web.png\",\"contentUrl\":\"https:\/\/bioswing.ee\/wp-content\/uploads\/2023\/04\/logo_web.png\",\"width\":140,\"height\":122,\"caption\":\"BIOSWING\"},\"image\":{\"@id\":\"https:\/\/bioswing.ee\/#\/schema\/logo\/image\/\"}}]}<\/script>\n<!-- \/ Yoast SEO plugin. -->","yoast_head_json":{"title":"Konfidencialit\u0101tes politika - BIOSWING","robots":{"index":"index","follow":"follow","max-snippet":"max-snippet:-1","max-image-preview":"max-image-preview:large","max-video-preview":"max-video-preview:-1"},"canonical":"https:\/\/bioswing.ee\/privacy-policy\/","og_locale":"lv_LV","og_type":"article","og_title":"Konfidencialit\u0101tes politika - BIOSWING","og_url":"https:\/\/bioswing.ee\/privacy-policy\/","og_site_name":"BIOSWING","article_modified_time":"2023-08-08T12:18:50+00:00","twitter_card":"summary_large_image","twitter_misc":{"Est. reading time":"12 minutes"},"schema":{"@context":"https:\/\/schema.org","@graph":[{"@type":"WebPage","@id":"https:\/\/bioswing.ee\/privacy-policy\/","url":"https:\/\/bioswing.ee\/privacy-policy\/","name":"Konfidencialit\u0101tes politika - BIOSWING","isPartOf":{"@id":"https:\/\/bioswing.ee\/#website"},"datePublished":"2023-03-31T19:29:21+00:00","dateModified":"2023-08-08T12:18:50+00:00","breadcrumb":{"@id":"https:\/\/bioswing.ee\/privacy-policy\/#breadcrumb"},"inLanguage":"lv-LV","potentialAction":[{"@type":"ReadAction","target":["https:\/\/bioswing.ee\/privacy-policy\/"]}]},{"@type":"BreadcrumbList","@id":"https:\/\/bioswing.ee\/privacy-policy\/#breadcrumb","itemListElement":[{"@type":"ListItem","position":1,"name":"Home","item":"https:\/\/bioswing.ee\/lv\/"},{"@type":"ListItem","position":2,"name":"Konfidencialit\u0101tes politika"}]},{"@type":"WebSite","@id":"https:\/\/bioswing.ee\/#website","url":"https:\/\/bioswing.ee\/","name":"BIOSWING","description":"Smart solutions for healthy sitting","publisher":{"@id":"https:\/\/bioswing.ee\/#organization"},"potentialAction":[{"@type":"SearchAction","target":{"@type":"EntryPoint","urlTemplate":"https:\/\/bioswing.ee\/?s={search_term_string}"},"query-input":{"@type":"PropertyValueSpecification","valueRequired":true,"valueName":"search_term_string"}}],"inLanguage":"lv-LV"},{"@type":"Organization","@id":"https:\/\/bioswing.ee\/#organization","name":"BIOSWING","url":"https:\/\/bioswing.ee\/","logo":{"@type":"ImageObject","inLanguage":"lv-LV","@id":"https:\/\/bioswing.ee\/#\/schema\/logo\/image\/","url":"https:\/\/bioswing.ee\/wp-content\/uploads\/2023\/04\/logo_web.png","contentUrl":"https:\/\/bioswing.ee\/wp-content\/uploads\/2023\/04\/logo_web.png","width":140,"height":122,"caption":"BIOSWING"},"image":{"@id":"https:\/\/bioswing.ee\/#\/schema\/logo\/image\/"}}]}},"_links":{"self":[{"href":"https:\/\/bioswing.ee\/lv\/wp-json\/wp\/v2\/pages\/2026"}],"collection":[{"href":"https:\/\/bioswing.ee\/lv\/wp-json\/wp\/v2\/pages"}],"about":[{"href":"https:\/\/bioswing.ee\/lv\/wp-json\/wp\/v2\/types\/page"}],"author":[{"embeddable":true,"href":"https:\/\/bioswing.ee\/lv\/wp-json\/wp\/v2\/users\/1"}],"replies":[{"embeddable":true,"href":"https:\/\/bioswing.ee\/lv\/wp-json\/wp\/v2\/comments?post=2026"}],"version-history":[{"count":1,"href":"https:\/\/bioswing.ee\/lv\/wp-json\/wp\/v2\/pages\/2026\/revisions"}],"predecessor-version":[{"id":2034,"href":"https:\/\/bioswing.ee\/lv\/wp-json\/wp\/v2\/pages\/2026\/revisions\/2034"}],"wp:attachment":[{"href":"https:\/\/bioswing.ee\/lv\/wp-json\/wp\/v2\/media?parent=2026"}],"curies":[{"name":"wp","href":"https:\/\/api.w.org\/{rel}","templated":true}]}}