{"id":1974,"date":"2023-04-13T09:53:58","date_gmt":"2023-04-13T09:53:58","guid":{"rendered":"https:\/\/bioswing.ee\/about-us\/"},"modified":"2025-04-14T18:32:38","modified_gmt":"2025-04-14T18:32:38","slug":"par-mums","status":"publish","type":"page","link":"https:\/\/bioswing.ee\/lv\/par-mums\/","title":{"rendered":"PAR MUMS"},"content":{"rendered":"<div class=\"fusion-fullwidth fullwidth-box fusion-builder-row-1 fusion-flex-container has-pattern-background has-mask-background nonhundred-percent-fullwidth non-hundred-percent-height-scrolling\" style=\"--awb-border-radius-top-left:0px;--awb-border-radius-top-right:0px;--awb-border-radius-bottom-right:0px;--awb-border-radius-bottom-left:0px;--awb-flex-wrap:wrap;\" ><div class=\"fusion-builder-row fusion-row fusion-flex-align-items-flex-start fusion-flex-content-wrap\" style=\"max-width:1248px;margin-left: calc(-4% \/ 2 );margin-right: calc(-4% \/ 2 );\"><div class=\"fusion-layout-column fusion_builder_column fusion-builder-column-0 fusion_builder_column_1_2 1_2 fusion-flex-column\" style=\"--awb-bg-size:cover;--awb-width-large:50%;--awb-margin-top-large:0px;--awb-spacing-right-large:3.84%;--awb-margin-bottom-large:20px;--awb-spacing-left-large:3.84%;--awb-width-medium:50%;--awb-order-medium:0;--awb-spacing-right-medium:3.84%;--awb-spacing-left-medium:3.84%;--awb-width-small:100%;--awb-order-small:0;--awb-spacing-right-small:1.92%;--awb-spacing-left-small:1.92%;\"><div class=\"fusion-column-wrapper fusion-column-has-shadow fusion-flex-justify-content-flex-start fusion-content-layout-column\"><div class=\"fusion-image-element \" style=\"--awb-caption-title-font-family:var(--h2_typography-font-family);--awb-caption-title-font-weight:var(--h2_typography-font-weight);--awb-caption-title-font-style:var(--h2_typography-font-style);--awb-caption-title-size:var(--h2_typography-font-size);--awb-caption-title-transform:var(--h2_typography-text-transform);--awb-caption-title-line-height:var(--h2_typography-line-height);--awb-caption-title-letter-spacing:var(--h2_typography-letter-spacing);\"><span class=\" fusion-imageframe imageframe-none imageframe-1 hover-type-none\"><img decoding=\"async\" width=\"688\" height=\"1000\" title=\"portrait_eduard_haider_2020-688&#215;1000\" src=\"https:\/\/bioswing.ee\/wp-content\/uploads\/2025\/04\/portrait_eduard_haider_2020-688x1000-1.jpg\" alt class=\"img-responsive wp-image-27767\" srcset=\"https:\/\/bioswing.ee\/wp-content\/uploads\/2025\/04\/portrait_eduard_haider_2020-688x1000-1-200x291.jpg 200w, https:\/\/bioswing.ee\/wp-content\/uploads\/2025\/04\/portrait_eduard_haider_2020-688x1000-1-400x581.jpg 400w, https:\/\/bioswing.ee\/wp-content\/uploads\/2025\/04\/portrait_eduard_haider_2020-688x1000-1-600x872.jpg 600w, https:\/\/bioswing.ee\/wp-content\/uploads\/2025\/04\/portrait_eduard_haider_2020-688x1000-1.jpg 688w\" sizes=\"(max-width: 640px) 100vw, 600px\" \/><\/span><\/div><\/div><\/div><div class=\"fusion-layout-column fusion_builder_column fusion-builder-column-1 fusion_builder_column_1_2 1_2 fusion-flex-column\" style=\"--awb-bg-size:cover;--awb-width-large:50%;--awb-margin-top-large:0px;--awb-spacing-right-large:3.84%;--awb-margin-bottom-large:20px;--awb-spacing-left-large:3.84%;--awb-width-medium:50%;--awb-order-medium:0;--awb-spacing-right-medium:3.84%;--awb-spacing-left-medium:3.84%;--awb-width-small:100%;--awb-order-small:0;--awb-spacing-right-small:1.92%;--awb-spacing-left-small:1.92%;\"><div class=\"fusion-column-wrapper fusion-column-has-shadow fusion-flex-justify-content-flex-start fusion-content-layout-column\"><div class=\"fusion-title title fusion-title-1 fusion-sep-none fusion-title-text fusion-title-size-one\"><h1 class=\"fusion-title-heading title-heading-left\" style=\"margin:0;\">Ekskluz\u012bvs tirdzniec\u012bbas p\u0101rst\u0101vis Baltijas un Zieme\u013cvalst\u012bs Haider Bioswing produktiem<\/h1><\/div><div class=\"fusion-text fusion-text-1\"><p><strong>Aizrau\u0161an\u0101s ar vesel\u012bbu, ergonomiku un cilv\u0113ku labkl\u0101j\u012bbu.<\/strong><\/p>\n<p>Uz\u0146\u0113muma dibin\u0101t\u0101js Eduards Haiders, dom\u0101jot par muguras s\u0101p\u0113m, ko izj\u016bt daudzi cilv\u0113ki, pag\u0101ju\u0161\u0101 gadsimta 80. gadu s\u0101kum\u0101 uz\u0146\u0113muma ra\u017eotn\u0113 Bav\u0101rijas zieme\u013caustrumos izstr\u0101d\u0101ja un konstru\u0113ja pirmos atdal\u012btos un sv\u0101rstveida darba kr\u0113slus.<\/p>\n<p>Vi\u0146u iedvesmoja amerik\u0101\u0146u neirologa Denisa Makgintija\u00a0 eksperimenti un atkl\u0101jumi, kur\u0161 1982. gad\u0101 pier\u0101d\u012bja, ka sv\u0101rst\u012bgas kust\u012bbas var veicin\u0101t fizisko un gar\u012bgo veiktsp\u0113ju.<\/p>\n<p>Izgudrojot \u201cBIOSWING\u201d s\u0113dek\u013cu sist\u0113mu, vi\u0146\u0161 \u012bstenoja savu redz\u0113jumu par vesel\u012bgu un akt\u012bvu s\u0113d\u0113\u0161anu un 1983. gad\u0101 to patent\u0113ja.<\/p>\n<p>Cie\u0161i sadarbojoties ar augst\u0101k\u0101s izgl\u012bt\u012bbas iest\u0101d\u0113m, medic\u012bnas speci\u0101listiem un terapeitiem, vi\u0146\u0161 pilnveidoja un optimiz\u0113ja savus pirmos produktus, lai rad\u012btu jaunas produktu l\u012bnijas un papildu pielietojuma jomas: \u0161ie inovat\u012bvie un rado\u0161ie sasniegumi tika dokument\u0113ti kopum\u0101 10 patentos.<\/p>\n<p>P\u0113d\u0113jo 35 gadu laik\u0101 ir rad\u012bti izcili risin\u0101jumi, pamatojoties uz atsaist\u012btiem oscilatoriem, kurus ikdien\u0101 ar saviem pacientiem izmanto t\u016bksto\u0161iem fizioterapeitu.<\/p>\n<p>L\u012bdz pat \u0161ai dienai uz\u0146\u0113mums ir palicis uztic\u012bgs savai galvenajai misijai: izstr\u0101d\u0101t un ra\u017eot augst\u0101k\u0101s klases risin\u0101jumus, kas veicina cilv\u0113ka vesel\u012bbu, veiktsp\u0113ju un labsaj\u016btu. \u0160o m\u0113r\u0137i ir \u012bstenojusi kvalific\u0113ta un motiv\u0113ta aptuveni 100 darbinieku komanda, kas dienu no dienas dara visu iesp\u0113jamo.<\/p>\n<p>Ra\u017eo\u0161anas strat\u0113\u0123ijas &#8220;<strong>ra\u017eots V\u0101cij\u0101<\/strong>&#8221; un &#8220;<strong>viss zem viena jumta<\/strong>&#8221; ir izr\u0101d\u012bju\u0161\u0101s efekt\u012bvas, jo visas s\u0113dvietu, apm\u0101c\u012bbas un terapijas sist\u0113mu da\u013cas ir izstr\u0101d\u0101tas Pullenreutas r\u016bpn\u012bc\u0101 un ra\u017eotas uz vietas, izmantojot augstas kvalit\u0101tes materi\u0101lus. Prasm\u012bgs roku darbs apvienojum\u0101 ar jaun\u0101kaj\u0101m tehnolo\u0123ij\u0101m \u013cauj rad\u012bt ilgm\u016b\u017e\u012bgus un augstas kvalit\u0101tes produktus, kurus jau daudzus gadus izmanto terapeiti, vesel\u012bbas entuziasti un pras\u012bgi klienti.<\/p>\n<p>M\u016bsu daudzie ergonomikas eksperti aptuveni 150 specializ\u0113tajos mazumtirdzniec\u012bbas un konsult\u0101ciju uz\u0146\u0113mumos V\u0101cij\u0101, Austrij\u0101 un \u0160veic\u0113 nodro\u0161ina, ka visi klienti sa\u0146em vislab\u0101ko iesp\u0113jamo padomu un uzticamu p\u0113cp\u0101rdo\u0161anas atbalstu.<\/p>\n<\/div><div class=\"fusion-text fusion-text-2\"><p style=\"text-align: left;\"><img decoding=\"async\" class=\"alignnone wp-image-4913 alignleft\" src=\"https:\/\/bioswing.ee\/wp-content\/uploads\/2023\/08\/pdf.png\" alt=\"\" width=\"21\" height=\"23\" \/>\u00a0<a href=\"https:\/\/bioswing.ee\/wp-content\/uploads\/2024\/10\/BIOSWING_Product_overview_2024_lv.pdf\" target=\"_blank\" rel=\"noopener\">Bioswing produktu p\u0101rskats<\/a><\/p>\n<\/div><\/div><\/div><\/div><\/div>\n","protected":false},"excerpt":{"rendered":"","protected":false},"author":2,"featured_media":0,"parent":0,"menu_order":0,"comment_status":"closed","ping_status":"closed","template":"100-width.php","meta":{"_acf_changed":false,"footnotes":""},"class_list":["post-1974","page","type-page","status-publish","hentry"],"acf":[],"yoast_head":"<!-- This site is optimized with the Yoast SEO plugin v24.3 - https:\/\/yoast.com\/wordpress\/plugins\/seo\/ -->\n<title>PAR MUMS - BIOSWING<\/title>\n<meta name=\"description\" content=\"Ra\u017eots un izgatavots V\u0101cij\u0101Aizrau\u0161an\u0101s ar vesel\u012bbu, ergonomiku un cilv\u0113ku labkl\u0101j\u012bbu.\" \/>\n<meta name=\"robots\" content=\"index, follow, max-snippet:-1, max-image-preview:large, max-video-preview:-1\" \/>\n<link rel=\"canonical\" href=\"https:\/\/bioswing.ee\/lv\/par-mums\/\" \/>\n<meta property=\"og:locale\" content=\"lv_LV\" \/>\n<meta property=\"og:type\" content=\"article\" \/>\n<meta property=\"og:title\" content=\"PAR MUMS - BIOSWING\" \/>\n<meta property=\"og:description\" content=\"Ra\u017eots un izgatavots V\u0101cij\u0101Aizrau\u0161an\u0101s ar vesel\u012bbu, ergonomiku un cilv\u0113ku labkl\u0101j\u012bbu.\" \/>\n<meta property=\"og:url\" content=\"https:\/\/bioswing.ee\/lv\/par-mums\/\" \/>\n<meta property=\"og:site_name\" content=\"BIOSWING\" \/>\n<meta property=\"article:modified_time\" content=\"2025-04-14T18:32:38+00:00\" \/>\n<meta property=\"og:image\" content=\"https:\/\/bioswing.ee\/wp-content\/uploads\/2023\/08\/pdf.png\" \/>\n<meta name=\"twitter:card\" content=\"summary_large_image\" \/>\n<meta name=\"twitter:label1\" content=\"Est. reading time\" \/>\n\t<meta name=\"twitter:data1\" content=\"2 minutes\" \/>\n<script type=\"application\/ld+json\" class=\"yoast-schema-graph\">{\"@context\":\"https:\/\/schema.org\",\"@graph\":[{\"@type\":\"WebPage\",\"@id\":\"https:\/\/bioswing.ee\/lv\/par-mums\/\",\"url\":\"https:\/\/bioswing.ee\/lv\/par-mums\/\",\"name\":\"PAR MUMS - BIOSWING\",\"isPartOf\":{\"@id\":\"https:\/\/bioswing.ee\/#website\"},\"primaryImageOfPage\":{\"@id\":\"https:\/\/bioswing.ee\/lv\/par-mums\/#primaryimage\"},\"image\":{\"@id\":\"https:\/\/bioswing.ee\/lv\/par-mums\/#primaryimage\"},\"thumbnailUrl\":\"https:\/\/bioswing.ee\/wp-content\/uploads\/2023\/08\/pdf.png\",\"datePublished\":\"2023-04-13T09:53:58+00:00\",\"dateModified\":\"2025-04-14T18:32:38+00:00\",\"description\":\"Ra\u017eots un izgatavots V\u0101cij\u0101Aizrau\u0161an\u0101s ar vesel\u012bbu, ergonomiku un cilv\u0113ku labkl\u0101j\u012bbu.\",\"breadcrumb\":{\"@id\":\"https:\/\/bioswing.ee\/lv\/par-mums\/#breadcrumb\"},\"inLanguage\":\"lv-LV\",\"potentialAction\":[{\"@type\":\"ReadAction\",\"target\":[\"https:\/\/bioswing.ee\/lv\/par-mums\/\"]}]},{\"@type\":\"ImageObject\",\"inLanguage\":\"lv-LV\",\"@id\":\"https:\/\/bioswing.ee\/lv\/par-mums\/#primaryimage\",\"url\":\"https:\/\/bioswing.ee\/wp-content\/uploads\/2023\/08\/pdf.png\",\"contentUrl\":\"https:\/\/bioswing.ee\/wp-content\/uploads\/2023\/08\/pdf.png\"},{\"@type\":\"BreadcrumbList\",\"@id\":\"https:\/\/bioswing.ee\/lv\/par-mums\/#breadcrumb\",\"itemListElement\":[{\"@type\":\"ListItem\",\"position\":1,\"name\":\"Home\",\"item\":\"https:\/\/bioswing.ee\/lv\/\"},{\"@type\":\"ListItem\",\"position\":2,\"name\":\"PAR MUMS\"}]},{\"@type\":\"WebSite\",\"@id\":\"https:\/\/bioswing.ee\/#website\",\"url\":\"https:\/\/bioswing.ee\/\",\"name\":\"BIOSWING\",\"description\":\"Smart solutions for healthy sitting\",\"publisher\":{\"@id\":\"https:\/\/bioswing.ee\/#organization\"},\"potentialAction\":[{\"@type\":\"SearchAction\",\"target\":{\"@type\":\"EntryPoint\",\"urlTemplate\":\"https:\/\/bioswing.ee\/?s={search_term_string}\"},\"query-input\":{\"@type\":\"PropertyValueSpecification\",\"valueRequired\":true,\"valueName\":\"search_term_string\"}}],\"inLanguage\":\"lv-LV\"},{\"@type\":\"Organization\",\"@id\":\"https:\/\/bioswing.ee\/#organization\",\"name\":\"BIOSWING\",\"url\":\"https:\/\/bioswing.ee\/\",\"logo\":{\"@type\":\"ImageObject\",\"inLanguage\":\"lv-LV\",\"@id\":\"https:\/\/bioswing.ee\/#\/schema\/logo\/image\/\",\"url\":\"https:\/\/bioswing.ee\/wp-content\/uploads\/2023\/04\/logo_web.png\",\"contentUrl\":\"https:\/\/bioswing.ee\/wp-content\/uploads\/2023\/04\/logo_web.png\",\"width\":140,\"height\":122,\"caption\":\"BIOSWING\"},\"image\":{\"@id\":\"https:\/\/bioswing.ee\/#\/schema\/logo\/image\/\"}}]}<\/script>\n<!-- \/ Yoast SEO plugin. -->","yoast_head_json":{"title":"PAR MUMS - BIOSWING","description":"Ra\u017eots un izgatavots V\u0101cij\u0101Aizrau\u0161an\u0101s ar vesel\u012bbu, ergonomiku un cilv\u0113ku labkl\u0101j\u012bbu.","robots":{"index":"index","follow":"follow","max-snippet":"max-snippet:-1","max-image-preview":"max-image-preview:large","max-video-preview":"max-video-preview:-1"},"canonical":"https:\/\/bioswing.ee\/lv\/par-mums\/","og_locale":"lv_LV","og_type":"article","og_title":"PAR MUMS - BIOSWING","og_description":"Ra\u017eots un izgatavots V\u0101cij\u0101Aizrau\u0161an\u0101s ar vesel\u012bbu, ergonomiku un cilv\u0113ku labkl\u0101j\u012bbu.","og_url":"https:\/\/bioswing.ee\/lv\/par-mums\/","og_site_name":"BIOSWING","article_modified_time":"2025-04-14T18:32:38+00:00","og_image":[{"url":"https:\/\/bioswing.ee\/wp-content\/uploads\/2023\/08\/pdf.png","type":"","width":"","height":""}],"twitter_card":"summary_large_image","twitter_misc":{"Est. reading time":"2 minutes"},"schema":{"@context":"https:\/\/schema.org","@graph":[{"@type":"WebPage","@id":"https:\/\/bioswing.ee\/lv\/par-mums\/","url":"https:\/\/bioswing.ee\/lv\/par-mums\/","name":"PAR MUMS - BIOSWING","isPartOf":{"@id":"https:\/\/bioswing.ee\/#website"},"primaryImageOfPage":{"@id":"https:\/\/bioswing.ee\/lv\/par-mums\/#primaryimage"},"image":{"@id":"https:\/\/bioswing.ee\/lv\/par-mums\/#primaryimage"},"thumbnailUrl":"https:\/\/bioswing.ee\/wp-content\/uploads\/2023\/08\/pdf.png","datePublished":"2023-04-13T09:53:58+00:00","dateModified":"2025-04-14T18:32:38+00:00","description":"Ra\u017eots un izgatavots V\u0101cij\u0101Aizrau\u0161an\u0101s ar vesel\u012bbu, ergonomiku un cilv\u0113ku labkl\u0101j\u012bbu.","breadcrumb":{"@id":"https:\/\/bioswing.ee\/lv\/par-mums\/#breadcrumb"},"inLanguage":"lv-LV","potentialAction":[{"@type":"ReadAction","target":["https:\/\/bioswing.ee\/lv\/par-mums\/"]}]},{"@type":"ImageObject","inLanguage":"lv-LV","@id":"https:\/\/bioswing.ee\/lv\/par-mums\/#primaryimage","url":"https:\/\/bioswing.ee\/wp-content\/uploads\/2023\/08\/pdf.png","contentUrl":"https:\/\/bioswing.ee\/wp-content\/uploads\/2023\/08\/pdf.png"},{"@type":"BreadcrumbList","@id":"https:\/\/bioswing.ee\/lv\/par-mums\/#breadcrumb","itemListElement":[{"@type":"ListItem","position":1,"name":"Home","item":"https:\/\/bioswing.ee\/lv\/"},{"@type":"ListItem","position":2,"name":"PAR MUMS"}]},{"@type":"WebSite","@id":"https:\/\/bioswing.ee\/#website","url":"https:\/\/bioswing.ee\/","name":"BIOSWING","description":"Smart solutions for healthy sitting","publisher":{"@id":"https:\/\/bioswing.ee\/#organization"},"potentialAction":[{"@type":"SearchAction","target":{"@type":"EntryPoint","urlTemplate":"https:\/\/bioswing.ee\/?s={search_term_string}"},"query-input":{"@type":"PropertyValueSpecification","valueRequired":true,"valueName":"search_term_string"}}],"inLanguage":"lv-LV"},{"@type":"Organization","@id":"https:\/\/bioswing.ee\/#organization","name":"BIOSWING","url":"https:\/\/bioswing.ee\/","logo":{"@type":"ImageObject","inLanguage":"lv-LV","@id":"https:\/\/bioswing.ee\/#\/schema\/logo\/image\/","url":"https:\/\/bioswing.ee\/wp-content\/uploads\/2023\/04\/logo_web.png","contentUrl":"https:\/\/bioswing.ee\/wp-content\/uploads\/2023\/04\/logo_web.png","width":140,"height":122,"caption":"BIOSWING"},"image":{"@id":"https:\/\/bioswing.ee\/#\/schema\/logo\/image\/"}}]}},"_links":{"self":[{"href":"https:\/\/bioswing.ee\/lv\/wp-json\/wp\/v2\/pages\/1974"}],"collection":[{"href":"https:\/\/bioswing.ee\/lv\/wp-json\/wp\/v2\/pages"}],"about":[{"href":"https:\/\/bioswing.ee\/lv\/wp-json\/wp\/v2\/types\/page"}],"author":[{"embeddable":true,"href":"https:\/\/bioswing.ee\/lv\/wp-json\/wp\/v2\/users\/2"}],"replies":[{"embeddable":true,"href":"https:\/\/bioswing.ee\/lv\/wp-json\/wp\/v2\/comments?post=1974"}],"version-history":[{"count":8,"href":"https:\/\/bioswing.ee\/lv\/wp-json\/wp\/v2\/pages\/1974\/revisions"}],"predecessor-version":[{"id":27885,"href":"https:\/\/bioswing.ee\/lv\/wp-json\/wp\/v2\/pages\/1974\/revisions\/27885"}],"wp:attachment":[{"href":"https:\/\/bioswing.ee\/lv\/wp-json\/wp\/v2\/media?parent=1974"}],"curies":[{"name":"wp","href":"https:\/\/api.w.org\/{rel}","templated":true}]}}