{"id":1876,"date":"2023-04-13T12:12:36","date_gmt":"2023-04-13T12:12:36","guid":{"rendered":"https:\/\/bioswing.ee\/kapec-izveleties-bioswing\/more-health\/"},"modified":"2023-08-24T12:18:57","modified_gmt":"2023-08-24T12:18:57","slug":"vairak-veselibas","status":"publish","type":"page","link":"https:\/\/bioswing.ee\/lv\/kapec-izveleties-bioswing\/vairak-veselibas\/","title":{"rendered":"VAIR\u0100K VESEL\u012aBAS"},"content":{"rendered":"<p><div class=\"fusion-fullwidth fullwidth-box fusion-builder-row-1 fusion-flex-container has-pattern-background has-mask-background nonhundred-percent-fullwidth non-hundred-percent-height-scrolling\" style=\"--awb-border-radius-top-left:0px;--awb-border-radius-top-right:0px;--awb-border-radius-bottom-right:0px;--awb-border-radius-bottom-left:0px;--awb-flex-wrap:wrap;\" ><div class=\"fusion-builder-row fusion-row fusion-flex-align-items-center fusion-flex-content-wrap\" style=\"max-width:1248px;margin-left: calc(-4% \/ 2 );margin-right: calc(-4% \/ 2 );\"><div class=\"fusion-layout-column fusion_builder_column fusion-builder-column-0 fusion_builder_column_1_2 1_2 fusion-flex-column\" style=\"--awb-bg-size:cover;--awb-width-large:50%;--awb-margin-top-large:0px;--awb-spacing-right-large:3.84%;--awb-margin-bottom-large:20px;--awb-spacing-left-large:3.84%;--awb-width-medium:50%;--awb-order-medium:0;--awb-spacing-right-medium:3.84%;--awb-spacing-left-medium:3.84%;--awb-width-small:100%;--awb-order-small:0;--awb-spacing-right-small:1.92%;--awb-spacing-left-small:1.92%;\"><div class=\"fusion-column-wrapper fusion-column-has-shadow fusion-flex-justify-content-flex-start fusion-content-layout-column\"><div class=\"fusion-image-element \" style=\"--awb-caption-title-font-family:var(--h2_typography-font-family);--awb-caption-title-font-weight:var(--h2_typography-font-weight);--awb-caption-title-font-style:var(--h2_typography-font-style);--awb-caption-title-size:var(--h2_typography-font-size);--awb-caption-title-transform:var(--h2_typography-text-transform);--awb-caption-title-line-height:var(--h2_typography-line-height);--awb-caption-title-letter-spacing:var(--h2_typography-letter-spacing);\"><span class=\" fusion-imageframe imageframe-none imageframe-1 hover-type-none\"><img decoding=\"async\" width=\"800\" height=\"800\" title=\"mh1\" src=\"https:\/\/bioswing.ee\/wp-content\/uploads\/2023\/04\/mh1.jpg\" alt class=\"img-responsive wp-image-1601\" srcset=\"https:\/\/bioswing.ee\/wp-content\/uploads\/2023\/04\/mh1-200x200.jpg 200w, https:\/\/bioswing.ee\/wp-content\/uploads\/2023\/04\/mh1-400x400.jpg 400w, https:\/\/bioswing.ee\/wp-content\/uploads\/2023\/04\/mh1-600x600.jpg 600w, https:\/\/bioswing.ee\/wp-content\/uploads\/2023\/04\/mh1.jpg 800w\" sizes=\"(max-width: 640px) 100vw, 600px\" \/><\/span><\/div><\/div><\/div><div class=\"fusion-layout-column fusion_builder_column fusion-builder-column-1 fusion_builder_column_1_2 1_2 fusion-flex-column\" style=\"--awb-bg-size:cover;--awb-width-large:50%;--awb-margin-top-large:0px;--awb-spacing-right-large:3.84%;--awb-margin-bottom-large:20px;--awb-spacing-left-large:3.84%;--awb-width-medium:50%;--awb-order-medium:0;--awb-spacing-right-medium:3.84%;--awb-spacing-left-medium:3.84%;--awb-width-small:100%;--awb-order-small:0;--awb-spacing-right-small:1.92%;--awb-spacing-left-small:1.92%;\"><div class=\"fusion-column-wrapper fusion-column-has-shadow fusion-flex-justify-content-flex-start fusion-content-layout-column\"><div class=\"fusion-title title fusion-title-1 fusion-sep-none fusion-title-text fusion-title-size-one\"><h1 class=\"fusion-title-heading title-heading-left\" style=\"margin:0;\">Jebkuras dz\u012bv\u012bbas pamat\u0101 ir kust\u012bba&#8230;<br \/>\n&#8230; un katrs cilv\u0113ks sav\u0101 b\u016bt\u012bb\u0101 ilgojas p\u0113c kust\u012bbas.<\/h1><\/div><div class=\"fusion-text fusion-text-1\"><p>M\u016bsu organism\u0101 notiek daudz unik\u0101lu mijiedarb\u012bbu starp aptuveni 100 triljoniem \u0161\u016bnu vair\u0101k nek\u0101 200 vari\u0101cij\u0101s.<br \/>\nAizraujo\u0161s \u0161edevrs ar satrieco\u0161u potenci\u0101lu, kas nep\u0101rtraukti puls\u0113 un ir paredz\u0113ts kust\u012bbu pilnai dz\u012bvei. M\u016bsu dz\u012bv\u012bbas funkcij\u0101m ir noteikts ritms, kas \u013cauj \u0137ermenim un dv\u0113selei saglab\u0101t l\u012bdzsvaru.<\/p>\n<p>Sasprindzin\u0101jums un atsl\u0101bums, aktivit\u0101te un re\u0123ener\u0101cija, ieelpa un izelpa ir da\u017ei no pol\u0101rajiem sp\u0113kiem, kas uztur m\u016bs past\u0101v\u012bg\u0101 ritmisk\u0101 kust\u012bb\u0101 un pal\u012bdz noteikt m\u016bsu iek\u0161\u0113jo ciklu.<\/p>\n<p>Un 639 lielie un mazie musku\u013ci m\u016bsu \u0137ermen\u012b past\u0101v\u012bgi gaida, lai izm\u0113\u0123in\u0101tu un tren\u0113tu perfektu sasp\u0113li.<\/p>\n<\/div><\/div><\/div><\/div><\/div><div class=\"fusion-fullwidth fullwidth-box fusion-builder-row-2 fusion-flex-container has-pattern-background has-mask-background nonhundred-percent-fullwidth non-hundred-percent-height-scrolling\" style=\"--awb-border-radius-top-left:0px;--awb-border-radius-top-right:0px;--awb-border-radius-bottom-right:0px;--awb-border-radius-bottom-left:0px;--awb-flex-wrap:wrap;\" ><div class=\"fusion-builder-row fusion-row fusion-flex-align-items-center fusion-flex-content-wrap\" style=\"max-width:1248px;margin-left: calc(-4% \/ 2 );margin-right: calc(-4% \/ 2 );\"><div class=\"fusion-layout-column fusion_builder_column fusion-builder-column-2 fusion_builder_column_1_2 1_2 fusion-flex-column\" style=\"--awb-bg-size:cover;--awb-width-large:50%;--awb-margin-top-large:0px;--awb-spacing-right-large:3.84%;--awb-margin-bottom-large:20px;--awb-spacing-left-large:3.84%;--awb-width-medium:50%;--awb-order-medium:0;--awb-spacing-right-medium:3.84%;--awb-spacing-left-medium:3.84%;--awb-width-small:100%;--awb-order-small:0;--awb-spacing-right-small:1.92%;--awb-spacing-left-small:1.92%;\"><div class=\"fusion-column-wrapper fusion-column-has-shadow fusion-flex-justify-content-flex-start fusion-content-layout-column\"><div class=\"fusion-title title fusion-title-2 fusion-sep-none fusion-title-text fusion-title-size-one\"><h1 class=\"fusion-title-heading title-heading-left\" style=\"margin:0;\">Rota\u013c\u012bg\u0101m kust\u012bb\u0101m un no t\u0101m izrieto\u0161ajiem sensorajiem stimuliem, emocij\u0101m un izaicin\u0101jumiem ir iz\u0161\u0137iro\u0161a ietekme ce\u013c\u0101 uz piln\u012bgu fizisko un gar\u012bgo briedumu.<\/h1><\/div><div class=\"fusion-text fusion-text-2\"><p>Pied\u0101v\u0101jot liel\u0101ku skaitu sensoro stimulu, b\u0113rna smadzen\u0113s veidojas vair\u0101k jaunu stabilu savienojumu.<\/p>\n<\/div><\/div><\/div><div class=\"fusion-layout-column fusion_builder_column fusion-builder-column-3 fusion_builder_column_1_2 1_2 fusion-flex-column\" style=\"--awb-bg-size:cover;--awb-width-large:50%;--awb-margin-top-large:0px;--awb-spacing-right-large:3.84%;--awb-margin-bottom-large:20px;--awb-spacing-left-large:3.84%;--awb-width-medium:50%;--awb-order-medium:0;--awb-spacing-right-medium:3.84%;--awb-spacing-left-medium:3.84%;--awb-width-small:100%;--awb-order-small:0;--awb-spacing-right-small:1.92%;--awb-spacing-left-small:1.92%;\"><div class=\"fusion-column-wrapper fusion-column-has-shadow fusion-flex-justify-content-flex-start fusion-content-layout-column\"><div class=\"fusion-image-element \" style=\"--awb-caption-title-font-family:var(--h2_typography-font-family);--awb-caption-title-font-weight:var(--h2_typography-font-weight);--awb-caption-title-font-style:var(--h2_typography-font-style);--awb-caption-title-size:var(--h2_typography-font-size);--awb-caption-title-transform:var(--h2_typography-text-transform);--awb-caption-title-line-height:var(--h2_typography-line-height);--awb-caption-title-letter-spacing:var(--h2_typography-letter-spacing);\"><span class=\" fusion-imageframe imageframe-none imageframe-2 hover-type-none\"><img decoding=\"async\" width=\"800\" height=\"800\" title=\"mh2\" src=\"https:\/\/bioswing.ee\/wp-content\/uploads\/2023\/04\/mh2.jpg\" alt class=\"img-responsive wp-image-1606\" srcset=\"https:\/\/bioswing.ee\/wp-content\/uploads\/2023\/04\/mh2-200x200.jpg 200w, https:\/\/bioswing.ee\/wp-content\/uploads\/2023\/04\/mh2-400x400.jpg 400w, https:\/\/bioswing.ee\/wp-content\/uploads\/2023\/04\/mh2-600x600.jpg 600w, https:\/\/bioswing.ee\/wp-content\/uploads\/2023\/04\/mh2.jpg 800w\" sizes=\"(max-width: 640px) 100vw, 600px\" \/><\/span><\/div><\/div><\/div><\/div><\/div><div class=\"fusion-fullwidth fullwidth-box fusion-builder-row-3 fusion-flex-container has-pattern-background has-mask-background nonhundred-percent-fullwidth non-hundred-percent-height-scrolling\" style=\"--awb-border-radius-top-left:0px;--awb-border-radius-top-right:0px;--awb-border-radius-bottom-right:0px;--awb-border-radius-bottom-left:0px;--awb-padding-top:100px;--awb-padding-bottom:100px;--awb-flex-wrap:wrap;\" ><div class=\"fusion-builder-row fusion-row fusion-flex-align-items-center fusion-flex-content-wrap\" style=\"max-width:1248px;margin-left: calc(-4% \/ 2 );margin-right: calc(-4% \/ 2 );\"><div class=\"fusion-layout-column fusion_builder_column fusion-builder-column-4 fusion_builder_column_1_1 1_1 fusion-flex-column\" style=\"--awb-bg-size:cover;--awb-width-large:100%;--awb-margin-top-large:0px;--awb-spacing-right-large:1.92%;--awb-margin-bottom-large:20px;--awb-spacing-left-large:1.92%;--awb-width-medium:100%;--awb-order-medium:0;--awb-spacing-right-medium:1.92%;--awb-spacing-left-medium:1.92%;--awb-width-small:100%;--awb-order-small:0;--awb-spacing-right-small:1.92%;--awb-spacing-left-small:1.92%;\"><div class=\"fusion-column-wrapper fusion-column-has-shadow fusion-flex-justify-content-flex-start fusion-content-layout-column\"><div class=\"fusion-text fusion-text-3\"><p style=\"text-align: center;\">Vesel\u012bbas apdro\u0161in\u0101\u0161anas sabiedr\u012bbu statistikas dati liecina, ka, neraugoties uz visiem centieniem izveidot ergonomiskas darba vietas, turpina pieaugt slim\u012bbas atva\u013cin\u0101jumu skaits, ko izraisa mugurkaula un skeleta saslim\u0161anas.<\/p>\n<p style=\"text-align: center;\">Muguras s\u0101pes joproj\u0101m ie\u0146em negodpilno pirmo vietu starp individu\u0101laj\u0101m diagnoz\u0113m, un saska\u0146\u0101 ar vesel\u012bbas apdro\u0161in\u0101\u0161anas sabiedr\u012bbas DAK un V\u0101cijas Feder\u0101l\u0101 statistikas biroja datiem t\u0101s ir viena no visd\u0101rg\u0101kaj\u0101m saslim\u0161an\u0101m V\u0101cij\u0101. Viens no t\u0101s galvenajiem c\u0113lo\u0146iem ir ak\u016bts kust\u012bbu tr\u016bkums.<\/p>\n<p style=\"text-align: center;\">Saska\u0146\u0101 ar DAK statistikas datiem 2017. gad\u0101 muguras s\u0101pju ilgums bija vid\u0113ji 12,4 dienas, bet boj\u0101tu disku gad\u012bjum\u0101 \u0161is ilgums bija 42 dienas.<\/p>\n<\/div><\/div><\/div><\/div><\/div><\/p>\n","protected":false},"excerpt":{"rendered":"","protected":false},"author":2,"featured_media":0,"parent":1788,"menu_order":0,"comment_status":"closed","ping_status":"closed","template":"100-width.php","meta":{"_acf_changed":false,"footnotes":""},"class_list":["post-1876","page","type-page","status-publish","hentry"],"acf":[],"yoast_head":"<!-- This site is optimized with the Yoast SEO plugin v24.3 - https:\/\/yoast.com\/wordpress\/plugins\/seo\/ -->\n<title>VAIR\u0100K VESEL\u012aBAS - BIOSWING<\/title>\n<meta name=\"description\" content=\"Jebkuras dz\u012bv\u012bbas pamat\u0101 ir kust\u012bba\u2026\u2026 un katrs cilv\u0113ks sav\u0101 b\u016bt\u012bb\u0101 ilgojas p\u0113c kust\u012bbas.\" \/>\n<meta name=\"robots\" content=\"index, follow, max-snippet:-1, max-image-preview:large, max-video-preview:-1\" \/>\n<link rel=\"canonical\" href=\"https:\/\/bioswing.ee\/lv\/kapec-izveleties-bioswing\/vairak-veselibas\/\" \/>\n<meta property=\"og:locale\" content=\"lv_LV\" \/>\n<meta property=\"og:type\" content=\"article\" \/>\n<meta property=\"og:title\" content=\"VAIR\u0100K VESEL\u012aBAS - BIOSWING\" \/>\n<meta property=\"og:description\" content=\"Jebkuras dz\u012bv\u012bbas pamat\u0101 ir kust\u012bba\u2026\u2026 un katrs cilv\u0113ks sav\u0101 b\u016bt\u012bb\u0101 ilgojas p\u0113c kust\u012bbas.\" \/>\n<meta property=\"og:url\" content=\"https:\/\/bioswing.ee\/lv\/kapec-izveleties-bioswing\/vairak-veselibas\/\" \/>\n<meta property=\"og:site_name\" content=\"BIOSWING\" \/>\n<meta property=\"article:modified_time\" content=\"2023-08-24T12:18:57+00:00\" \/>\n<meta name=\"twitter:card\" content=\"summary_large_image\" \/>\n<meta name=\"twitter:label1\" content=\"Est. reading time\" \/>\n\t<meta name=\"twitter:data1\" content=\"9 minutes\" \/>\n<script type=\"application\/ld+json\" class=\"yoast-schema-graph\">{\"@context\":\"https:\/\/schema.org\",\"@graph\":[{\"@type\":\"WebPage\",\"@id\":\"https:\/\/bioswing.ee\/lv\/kapec-izveleties-bioswing\/vairak-veselibas\/\",\"url\":\"https:\/\/bioswing.ee\/lv\/kapec-izveleties-bioswing\/vairak-veselibas\/\",\"name\":\"VAIR\u0100K VESEL\u012aBAS - BIOSWING\",\"isPartOf\":{\"@id\":\"https:\/\/bioswing.ee\/#website\"},\"datePublished\":\"2023-04-13T12:12:36+00:00\",\"dateModified\":\"2023-08-24T12:18:57+00:00\",\"description\":\"Jebkuras dz\u012bv\u012bbas pamat\u0101 ir kust\u012bba\u2026\u2026 un katrs cilv\u0113ks sav\u0101 b\u016bt\u012bb\u0101 ilgojas p\u0113c kust\u012bbas.\",\"breadcrumb\":{\"@id\":\"https:\/\/bioswing.ee\/lv\/kapec-izveleties-bioswing\/vairak-veselibas\/#breadcrumb\"},\"inLanguage\":\"lv-LV\",\"potentialAction\":[{\"@type\":\"ReadAction\",\"target\":[\"https:\/\/bioswing.ee\/lv\/kapec-izveleties-bioswing\/vairak-veselibas\/\"]}]},{\"@type\":\"BreadcrumbList\",\"@id\":\"https:\/\/bioswing.ee\/lv\/kapec-izveleties-bioswing\/vairak-veselibas\/#breadcrumb\",\"itemListElement\":[{\"@type\":\"ListItem\",\"position\":1,\"name\":\"Home\",\"item\":\"https:\/\/bioswing.ee\/lv\/\"},{\"@type\":\"ListItem\",\"position\":2,\"name\":\"K\u0100P\u0112C IZV\u0112L\u0112TIES \u201cBIOSWING\u201d?\",\"item\":\"https:\/\/bioswing.ee\/why-bioswing\/\"},{\"@type\":\"ListItem\",\"position\":3,\"name\":\"VAIR\u0100K VESEL\u012aBAS\"}]},{\"@type\":\"WebSite\",\"@id\":\"https:\/\/bioswing.ee\/#website\",\"url\":\"https:\/\/bioswing.ee\/\",\"name\":\"BIOSWING\",\"description\":\"Smart solutions for healthy sitting\",\"publisher\":{\"@id\":\"https:\/\/bioswing.ee\/#organization\"},\"potentialAction\":[{\"@type\":\"SearchAction\",\"target\":{\"@type\":\"EntryPoint\",\"urlTemplate\":\"https:\/\/bioswing.ee\/?s={search_term_string}\"},\"query-input\":{\"@type\":\"PropertyValueSpecification\",\"valueRequired\":true,\"valueName\":\"search_term_string\"}}],\"inLanguage\":\"lv-LV\"},{\"@type\":\"Organization\",\"@id\":\"https:\/\/bioswing.ee\/#organization\",\"name\":\"BIOSWING\",\"url\":\"https:\/\/bioswing.ee\/\",\"logo\":{\"@type\":\"ImageObject\",\"inLanguage\":\"lv-LV\",\"@id\":\"https:\/\/bioswing.ee\/#\/schema\/logo\/image\/\",\"url\":\"https:\/\/bioswing.ee\/wp-content\/uploads\/2023\/04\/logo_web.png\",\"contentUrl\":\"https:\/\/bioswing.ee\/wp-content\/uploads\/2023\/04\/logo_web.png\",\"width\":140,\"height\":122,\"caption\":\"BIOSWING\"},\"image\":{\"@id\":\"https:\/\/bioswing.ee\/#\/schema\/logo\/image\/\"}}]}<\/script>\n<!-- \/ Yoast SEO plugin. -->","yoast_head_json":{"title":"VAIR\u0100K VESEL\u012aBAS - BIOSWING","description":"Jebkuras dz\u012bv\u012bbas pamat\u0101 ir kust\u012bba\u2026\u2026 un katrs cilv\u0113ks sav\u0101 b\u016bt\u012bb\u0101 ilgojas p\u0113c kust\u012bbas.","robots":{"index":"index","follow":"follow","max-snippet":"max-snippet:-1","max-image-preview":"max-image-preview:large","max-video-preview":"max-video-preview:-1"},"canonical":"https:\/\/bioswing.ee\/lv\/kapec-izveleties-bioswing\/vairak-veselibas\/","og_locale":"lv_LV","og_type":"article","og_title":"VAIR\u0100K VESEL\u012aBAS - BIOSWING","og_description":"Jebkuras dz\u012bv\u012bbas pamat\u0101 ir kust\u012bba\u2026\u2026 un katrs cilv\u0113ks sav\u0101 b\u016bt\u012bb\u0101 ilgojas p\u0113c kust\u012bbas.","og_url":"https:\/\/bioswing.ee\/lv\/kapec-izveleties-bioswing\/vairak-veselibas\/","og_site_name":"BIOSWING","article_modified_time":"2023-08-24T12:18:57+00:00","twitter_card":"summary_large_image","twitter_misc":{"Est. reading time":"9 minutes"},"schema":{"@context":"https:\/\/schema.org","@graph":[{"@type":"WebPage","@id":"https:\/\/bioswing.ee\/lv\/kapec-izveleties-bioswing\/vairak-veselibas\/","url":"https:\/\/bioswing.ee\/lv\/kapec-izveleties-bioswing\/vairak-veselibas\/","name":"VAIR\u0100K VESEL\u012aBAS - BIOSWING","isPartOf":{"@id":"https:\/\/bioswing.ee\/#website"},"datePublished":"2023-04-13T12:12:36+00:00","dateModified":"2023-08-24T12:18:57+00:00","description":"Jebkuras dz\u012bv\u012bbas pamat\u0101 ir kust\u012bba\u2026\u2026 un katrs cilv\u0113ks sav\u0101 b\u016bt\u012bb\u0101 ilgojas p\u0113c kust\u012bbas.","breadcrumb":{"@id":"https:\/\/bioswing.ee\/lv\/kapec-izveleties-bioswing\/vairak-veselibas\/#breadcrumb"},"inLanguage":"lv-LV","potentialAction":[{"@type":"ReadAction","target":["https:\/\/bioswing.ee\/lv\/kapec-izveleties-bioswing\/vairak-veselibas\/"]}]},{"@type":"BreadcrumbList","@id":"https:\/\/bioswing.ee\/lv\/kapec-izveleties-bioswing\/vairak-veselibas\/#breadcrumb","itemListElement":[{"@type":"ListItem","position":1,"name":"Home","item":"https:\/\/bioswing.ee\/lv\/"},{"@type":"ListItem","position":2,"name":"K\u0100P\u0112C IZV\u0112L\u0112TIES \u201cBIOSWING\u201d?","item":"https:\/\/bioswing.ee\/why-bioswing\/"},{"@type":"ListItem","position":3,"name":"VAIR\u0100K VESEL\u012aBAS"}]},{"@type":"WebSite","@id":"https:\/\/bioswing.ee\/#website","url":"https:\/\/bioswing.ee\/","name":"BIOSWING","description":"Smart solutions for healthy sitting","publisher":{"@id":"https:\/\/bioswing.ee\/#organization"},"potentialAction":[{"@type":"SearchAction","target":{"@type":"EntryPoint","urlTemplate":"https:\/\/bioswing.ee\/?s={search_term_string}"},"query-input":{"@type":"PropertyValueSpecification","valueRequired":true,"valueName":"search_term_string"}}],"inLanguage":"lv-LV"},{"@type":"Organization","@id":"https:\/\/bioswing.ee\/#organization","name":"BIOSWING","url":"https:\/\/bioswing.ee\/","logo":{"@type":"ImageObject","inLanguage":"lv-LV","@id":"https:\/\/bioswing.ee\/#\/schema\/logo\/image\/","url":"https:\/\/bioswing.ee\/wp-content\/uploads\/2023\/04\/logo_web.png","contentUrl":"https:\/\/bioswing.ee\/wp-content\/uploads\/2023\/04\/logo_web.png","width":140,"height":122,"caption":"BIOSWING"},"image":{"@id":"https:\/\/bioswing.ee\/#\/schema\/logo\/image\/"}}]}},"_links":{"self":[{"href":"https:\/\/bioswing.ee\/lv\/wp-json\/wp\/v2\/pages\/1876"}],"collection":[{"href":"https:\/\/bioswing.ee\/lv\/wp-json\/wp\/v2\/pages"}],"about":[{"href":"https:\/\/bioswing.ee\/lv\/wp-json\/wp\/v2\/types\/page"}],"author":[{"embeddable":true,"href":"https:\/\/bioswing.ee\/lv\/wp-json\/wp\/v2\/users\/2"}],"replies":[{"embeddable":true,"href":"https:\/\/bioswing.ee\/lv\/wp-json\/wp\/v2\/comments?post=1876"}],"version-history":[{"count":3,"href":"https:\/\/bioswing.ee\/lv\/wp-json\/wp\/v2\/pages\/1876\/revisions"}],"predecessor-version":[{"id":1892,"href":"https:\/\/bioswing.ee\/lv\/wp-json\/wp\/v2\/pages\/1876\/revisions\/1892"}],"up":[{"embeddable":true,"href":"https:\/\/bioswing.ee\/lv\/wp-json\/wp\/v2\/pages\/1788"}],"wp:attachment":[{"href":"https:\/\/bioswing.ee\/lv\/wp-json\/wp\/v2\/media?parent=1876"}],"curies":[{"name":"wp","href":"https:\/\/api.w.org\/{rel}","templated":true}]}}