{"id":1850,"date":"2023-04-13T12:11:49","date_gmt":"2023-04-13T12:11:49","guid":{"rendered":"https:\/\/bioswing.ee\/kapec-izveleties-bioswing\/vision\/"},"modified":"2024-12-05T11:12:53","modified_gmt":"2024-12-05T11:12:53","slug":"vizija","status":"publish","type":"page","link":"https:\/\/bioswing.ee\/lv\/kapec-izveleties-bioswing\/vizija\/","title":{"rendered":"V\u012aZIJA"},"content":{"rendered":"<p><div class=\"fusion-fullwidth fullwidth-box fusion-builder-row-1 fusion-flex-container has-pattern-background has-mask-background nonhundred-percent-fullwidth non-hundred-percent-height-scrolling\" style=\"--awb-border-radius-top-left:0px;--awb-border-radius-top-right:0px;--awb-border-radius-bottom-right:0px;--awb-border-radius-bottom-left:0px;--awb-flex-wrap:wrap;\" ><div class=\"fusion-builder-row fusion-row fusion-flex-align-items-center fusion-flex-content-wrap\" style=\"max-width:1248px;margin-left: calc(-4% \/ 2 );margin-right: calc(-4% \/ 2 );\"><div class=\"fusion-layout-column fusion_builder_column fusion-builder-column-0 fusion_builder_column_1_2 1_2 fusion-flex-column\" style=\"--awb-bg-size:cover;--awb-width-large:50%;--awb-margin-top-large:0px;--awb-spacing-right-large:3.84%;--awb-margin-bottom-large:20px;--awb-spacing-left-large:3.84%;--awb-width-medium:50%;--awb-order-medium:0;--awb-spacing-right-medium:3.84%;--awb-spacing-left-medium:3.84%;--awb-width-small:100%;--awb-order-small:0;--awb-spacing-right-small:1.92%;--awb-spacing-left-small:1.92%;\"><div class=\"fusion-column-wrapper fusion-column-has-shadow fusion-flex-justify-content-flex-start fusion-content-layout-column\"><div class=\"fusion-image-element \" style=\"--awb-caption-title-font-family:var(--h2_typography-font-family);--awb-caption-title-font-weight:var(--h2_typography-font-weight);--awb-caption-title-font-style:var(--h2_typography-font-style);--awb-caption-title-size:var(--h2_typography-font-size);--awb-caption-title-transform:var(--h2_typography-text-transform);--awb-caption-title-line-height:var(--h2_typography-line-height);--awb-caption-title-letter-spacing:var(--h2_typography-letter-spacing);\"><span class=\" fusion-imageframe imageframe-none imageframe-1 hover-type-none\"><img decoding=\"async\" width=\"800\" height=\"800\" title=\"v1\" src=\"https:\/\/bioswing.ee\/wp-content\/uploads\/2023\/04\/v1.jpg\" alt class=\"img-responsive wp-image-1586\" srcset=\"https:\/\/bioswing.ee\/wp-content\/uploads\/2023\/04\/v1-200x200.jpg 200w, https:\/\/bioswing.ee\/wp-content\/uploads\/2023\/04\/v1-400x400.jpg 400w, https:\/\/bioswing.ee\/wp-content\/uploads\/2023\/04\/v1-600x600.jpg 600w, https:\/\/bioswing.ee\/wp-content\/uploads\/2023\/04\/v1.jpg 800w\" sizes=\"(max-width: 640px) 100vw, 600px\" \/><\/span><\/div><\/div><\/div><div class=\"fusion-layout-column fusion_builder_column fusion-builder-column-1 fusion_builder_column_1_2 1_2 fusion-flex-column\" style=\"--awb-bg-size:cover;--awb-width-large:50%;--awb-margin-top-large:0px;--awb-spacing-right-large:3.84%;--awb-margin-bottom-large:20px;--awb-spacing-left-large:3.84%;--awb-width-medium:50%;--awb-order-medium:0;--awb-spacing-right-medium:3.84%;--awb-spacing-left-medium:3.84%;--awb-width-small:100%;--awb-order-small:0;--awb-spacing-right-small:1.92%;--awb-spacing-left-small:1.92%;\"><div class=\"fusion-column-wrapper fusion-column-has-shadow fusion-flex-justify-content-flex-start fusion-content-layout-column\"><div class=\"fusion-title title fusion-title-1 fusion-sep-none fusion-title-text fusion-title-size-one\"><h1 class=\"fusion-title-heading title-heading-left\" style=\"margin:0;\">Izmantojiet sev\u012b eso\u0161o ener\u0123iju!<\/h1><\/div><div class=\"fusion-text fusion-text-1\"><p>M\u016bsu \u0137ermenis ir \u012bsts dabas br\u012bnums. Visas funkcijas ir perfekti koordin\u0113tas un atbilst dabas likumiem. Aizraujo\u0161a mijiedarb\u012bba starp musku\u013ciem, nerviem, ma\u0146u org\u0101niem, asinsvadiem un vad\u012bbas blokiem smadzen\u0113s, kas nemit\u012bgi puls\u0113 sav\u0101 ritm\u0101 un ir paredz\u0113ti dz\u012bvei (gr. <em>bios<\/em>) piln\u0101 spar\u0101.<\/p>\n<\/div><\/div><\/div><\/div><\/div><div class=\"fusion-fullwidth fullwidth-box fusion-builder-row-2 fusion-flex-container has-pattern-background has-mask-background nonhundred-percent-fullwidth non-hundred-percent-height-scrolling\" style=\"--awb-border-radius-top-left:0px;--awb-border-radius-top-right:0px;--awb-border-radius-bottom-right:0px;--awb-border-radius-bottom-left:0px;--awb-flex-wrap:wrap;\" ><div class=\"fusion-builder-row fusion-row fusion-flex-align-items-center fusion-flex-content-wrap\" style=\"max-width:1248px;margin-left: calc(-4% \/ 2 );margin-right: calc(-4% \/ 2 );\"><div class=\"fusion-layout-column fusion_builder_column fusion-builder-column-2 fusion_builder_column_1_2 1_2 fusion-flex-column\" style=\"--awb-bg-size:cover;--awb-width-large:50%;--awb-margin-top-large:0px;--awb-spacing-right-large:3.84%;--awb-margin-bottom-large:20px;--awb-spacing-left-large:3.84%;--awb-width-medium:50%;--awb-order-medium:0;--awb-spacing-right-medium:3.84%;--awb-spacing-left-medium:3.84%;--awb-width-small:100%;--awb-order-small:0;--awb-spacing-right-small:1.92%;--awb-spacing-left-small:1.92%;\"><div class=\"fusion-column-wrapper fusion-column-has-shadow fusion-flex-justify-content-flex-start fusion-content-layout-column\"><div class=\"fusion-title title fusion-title-2 fusion-sep-none fusion-title-text fusion-title-size-one\"><h1 class=\"fusion-title-heading title-heading-left\" style=\"margin:0;\">Dz\u012bvojiet sav\u0101 ritm\u0101: ar \u201cBIOSWING\u201d<\/h1><\/div><div class=\"fusion-text fusion-text-2\"><p>Ar \u0161o \u201cBIOSWING\u201d tehnolo\u0123iju kr\u0113slu varat b\u016bt dro\u0161i, ka visi j\u016bsu impulsi tiks atspogu\u013coti &#8211; nep\u0101rtraukti, autom\u0101tiski un \u013coti efekt\u012bvi. S\u0101kot ar sirdsdarb\u012bbu, elpo\u0161anu un \u0137erme\u0146a kust\u012bb\u0101m un beidzot ar \u012bsu treni\u0146u biroj\u0101. Tas aktiviz\u0113, tren\u0113, mobiliz\u0113, stabiliz\u0113 &#8211; un nodro\u0161ina izcili pat\u012bkamu s\u0113d\u0113\u0161anas pieredzi.<\/p>\n<\/div><\/div><\/div><div class=\"fusion-layout-column fusion_builder_column fusion-builder-column-3 fusion_builder_column_1_2 1_2 fusion-flex-column\" style=\"--awb-bg-size:cover;--awb-width-large:50%;--awb-margin-top-large:0px;--awb-spacing-right-large:3.84%;--awb-margin-bottom-large:20px;--awb-spacing-left-large:3.84%;--awb-width-medium:50%;--awb-order-medium:0;--awb-spacing-right-medium:3.84%;--awb-spacing-left-medium:3.84%;--awb-width-small:100%;--awb-order-small:0;--awb-spacing-right-small:1.92%;--awb-spacing-left-small:1.92%;\"><div class=\"fusion-column-wrapper fusion-column-has-shadow fusion-flex-justify-content-flex-start fusion-content-layout-column\"><div class=\"fusion-image-element \" style=\"--awb-caption-title-font-family:var(--h2_typography-font-family);--awb-caption-title-font-weight:var(--h2_typography-font-weight);--awb-caption-title-font-style:var(--h2_typography-font-style);--awb-caption-title-size:var(--h2_typography-font-size);--awb-caption-title-transform:var(--h2_typography-text-transform);--awb-caption-title-line-height:var(--h2_typography-line-height);--awb-caption-title-letter-spacing:var(--h2_typography-letter-spacing);\"><span class=\" fusion-imageframe imageframe-none imageframe-2 hover-type-none\"><img decoding=\"async\" width=\"800\" height=\"800\" title=\"v\" src=\"https:\/\/bioswing.ee\/wp-content\/uploads\/2023\/04\/v.jpg\" alt class=\"img-responsive wp-image-1591\" srcset=\"https:\/\/bioswing.ee\/wp-content\/uploads\/2023\/04\/v-200x200.jpg 200w, https:\/\/bioswing.ee\/wp-content\/uploads\/2023\/04\/v-400x400.jpg 400w, https:\/\/bioswing.ee\/wp-content\/uploads\/2023\/04\/v-600x600.jpg 600w, https:\/\/bioswing.ee\/wp-content\/uploads\/2023\/04\/v.jpg 800w\" sizes=\"(max-width: 640px) 100vw, 600px\" \/><\/span><\/div><\/div><\/div><\/div><\/div><div class=\"fusion-fullwidth fullwidth-box fusion-builder-row-3 fusion-flex-container has-pattern-background has-mask-background nonhundred-percent-fullwidth non-hundred-percent-height-scrolling\" style=\"--awb-border-radius-top-left:0px;--awb-border-radius-top-right:0px;--awb-border-radius-bottom-right:0px;--awb-border-radius-bottom-left:0px;--awb-flex-wrap:wrap;\" ><div class=\"fusion-builder-row fusion-row fusion-flex-align-items-center fusion-flex-content-wrap\" style=\"max-width:1248px;margin-left: calc(-4% \/ 2 );margin-right: calc(-4% \/ 2 );\"><div class=\"fusion-layout-column fusion_builder_column fusion-builder-column-4 fusion_builder_column_1_2 1_2 fusion-flex-column\" style=\"--awb-bg-size:cover;--awb-width-large:50%;--awb-margin-top-large:0px;--awb-spacing-right-large:3.84%;--awb-margin-bottom-large:20px;--awb-spacing-left-large:3.84%;--awb-width-medium:50%;--awb-order-medium:0;--awb-spacing-right-medium:3.84%;--awb-spacing-left-medium:3.84%;--awb-width-small:100%;--awb-order-small:0;--awb-spacing-right-small:1.92%;--awb-spacing-left-small:1.92%;\"><div class=\"fusion-column-wrapper fusion-column-has-shadow fusion-flex-justify-content-flex-start fusion-content-layout-column\"><div class=\"fusion-image-element \" style=\"--awb-caption-title-font-family:var(--h2_typography-font-family);--awb-caption-title-font-weight:var(--h2_typography-font-weight);--awb-caption-title-font-style:var(--h2_typography-font-style);--awb-caption-title-size:var(--h2_typography-font-size);--awb-caption-title-transform:var(--h2_typography-text-transform);--awb-caption-title-line-height:var(--h2_typography-line-height);--awb-caption-title-letter-spacing:var(--h2_typography-letter-spacing);\"><span class=\" fusion-imageframe imageframe-none imageframe-3 hover-type-none\"><img decoding=\"async\" width=\"800\" height=\"800\" title=\"v3\" src=\"https:\/\/bioswing.ee\/wp-content\/uploads\/2023\/04\/v3.jpg\" alt class=\"img-responsive wp-image-1596\" srcset=\"https:\/\/bioswing.ee\/wp-content\/uploads\/2023\/04\/v3-200x200.jpg 200w, https:\/\/bioswing.ee\/wp-content\/uploads\/2023\/04\/v3-400x400.jpg 400w, https:\/\/bioswing.ee\/wp-content\/uploads\/2023\/04\/v3-600x600.jpg 600w, https:\/\/bioswing.ee\/wp-content\/uploads\/2023\/04\/v3.jpg 800w\" sizes=\"(max-width: 640px) 100vw, 600px\" \/><\/span><\/div><\/div><\/div><div class=\"fusion-layout-column fusion_builder_column fusion-builder-column-5 fusion_builder_column_1_2 1_2 fusion-flex-column\" style=\"--awb-bg-size:cover;--awb-width-large:50%;--awb-margin-top-large:0px;--awb-spacing-right-large:3.84%;--awb-margin-bottom-large:20px;--awb-spacing-left-large:3.84%;--awb-width-medium:50%;--awb-order-medium:0;--awb-spacing-right-medium:3.84%;--awb-spacing-left-medium:3.84%;--awb-width-small:100%;--awb-order-small:0;--awb-spacing-right-small:1.92%;--awb-spacing-left-small:1.92%;\"><div class=\"fusion-column-wrapper fusion-column-has-shadow fusion-flex-justify-content-flex-start fusion-content-layout-column\"><div class=\"fusion-title title fusion-title-3 fusion-sep-none fusion-title-text fusion-title-size-one\"><h1 class=\"fusion-title-heading title-heading-left\" style=\"margin:0;\">Viss ir ritms, ritms ir dz\u012bve.<\/h1><\/div><div class=\"fusion-text fusion-text-3\"><p>Bet, kad ritms beidzas, kad tas tiek kav\u0113ts, trauc\u0113ts vai piln\u012bb\u0101 p\u0101rtraukts, s\u0101kas st\u012bvums &#8211; un l\u012bdz ar to ar\u012b de\u0123ener\u0101cija.<\/p>\n<p>\u201cBIOSWING\u201d tehnolo\u0123ija izmanto \u0161o atzi\u0146u un perfekti \u012bsteno to ar ritmisk\u0101 sv\u0101rsta principu 3D \u0161\u016bpo\u013cu meh\u0101nism\u0101.<\/p>\n<\/div><\/div><\/div><\/div><\/div><\/p>\n","protected":false},"excerpt":{"rendered":"","protected":false},"author":2,"featured_media":0,"parent":1788,"menu_order":0,"comment_status":"closed","ping_status":"closed","template":"100-width.php","meta":{"_acf_changed":false,"footnotes":""},"class_list":["post-1850","page","type-page","status-publish","hentry"],"acf":[],"yoast_head":"<!-- This site is optimized with the Yoast SEO plugin v24.3 - https:\/\/yoast.com\/wordpress\/plugins\/seo\/ -->\n<title>V\u012aZIJA - BIOSWING<\/title>\n<meta name=\"description\" content=\"Izmantojiet sev\u012b eso\u0161o ener\u0123iju!M\u016bsu \u0137ermenis ir \u012bsts dabas br\u012bnums.\" \/>\n<meta name=\"robots\" content=\"index, follow, max-snippet:-1, max-image-preview:large, max-video-preview:-1\" \/>\n<link rel=\"canonical\" href=\"https:\/\/bioswing.ee\/lv\/kapec-izveleties-bioswing\/vizija\/\" \/>\n<meta property=\"og:locale\" content=\"lv_LV\" \/>\n<meta property=\"og:type\" content=\"article\" \/>\n<meta property=\"og:title\" content=\"V\u012aZIJA - BIOSWING\" \/>\n<meta property=\"og:description\" content=\"Izmantojiet sev\u012b eso\u0161o ener\u0123iju!M\u016bsu \u0137ermenis ir \u012bsts dabas br\u012bnums.\" \/>\n<meta property=\"og:url\" content=\"https:\/\/bioswing.ee\/lv\/kapec-izveleties-bioswing\/vizija\/\" \/>\n<meta property=\"og:site_name\" content=\"BIOSWING\" \/>\n<meta property=\"article:modified_time\" content=\"2024-12-05T11:12:53+00:00\" \/>\n<meta name=\"twitter:card\" content=\"summary_large_image\" \/>\n<meta name=\"twitter:label1\" content=\"Est. reading time\" \/>\n\t<meta name=\"twitter:data1\" content=\"2 minutes\" \/>\n<script type=\"application\/ld+json\" class=\"yoast-schema-graph\">{\"@context\":\"https:\/\/schema.org\",\"@graph\":[{\"@type\":\"WebPage\",\"@id\":\"https:\/\/bioswing.ee\/lv\/kapec-izveleties-bioswing\/vizija\/\",\"url\":\"https:\/\/bioswing.ee\/lv\/kapec-izveleties-bioswing\/vizija\/\",\"name\":\"V\u012aZIJA - BIOSWING\",\"isPartOf\":{\"@id\":\"https:\/\/bioswing.ee\/#website\"},\"datePublished\":\"2023-04-13T12:11:49+00:00\",\"dateModified\":\"2024-12-05T11:12:53+00:00\",\"description\":\"Izmantojiet sev\u012b eso\u0161o ener\u0123iju!M\u016bsu \u0137ermenis ir \u012bsts dabas br\u012bnums.\",\"breadcrumb\":{\"@id\":\"https:\/\/bioswing.ee\/lv\/kapec-izveleties-bioswing\/vizija\/#breadcrumb\"},\"inLanguage\":\"lv-LV\",\"potentialAction\":[{\"@type\":\"ReadAction\",\"target\":[\"https:\/\/bioswing.ee\/lv\/kapec-izveleties-bioswing\/vizija\/\"]}]},{\"@type\":\"BreadcrumbList\",\"@id\":\"https:\/\/bioswing.ee\/lv\/kapec-izveleties-bioswing\/vizija\/#breadcrumb\",\"itemListElement\":[{\"@type\":\"ListItem\",\"position\":1,\"name\":\"Home\",\"item\":\"https:\/\/bioswing.ee\/lv\/\"},{\"@type\":\"ListItem\",\"position\":2,\"name\":\"K\u0100P\u0112C IZV\u0112L\u0112TIES \u201cBIOSWING\u201d?\",\"item\":\"https:\/\/bioswing.ee\/why-bioswing\/\"},{\"@type\":\"ListItem\",\"position\":3,\"name\":\"V\u012aZIJA\"}]},{\"@type\":\"WebSite\",\"@id\":\"https:\/\/bioswing.ee\/#website\",\"url\":\"https:\/\/bioswing.ee\/\",\"name\":\"BIOSWING\",\"description\":\"Smart solutions for healthy sitting\",\"publisher\":{\"@id\":\"https:\/\/bioswing.ee\/#organization\"},\"potentialAction\":[{\"@type\":\"SearchAction\",\"target\":{\"@type\":\"EntryPoint\",\"urlTemplate\":\"https:\/\/bioswing.ee\/?s={search_term_string}\"},\"query-input\":{\"@type\":\"PropertyValueSpecification\",\"valueRequired\":true,\"valueName\":\"search_term_string\"}}],\"inLanguage\":\"lv-LV\"},{\"@type\":\"Organization\",\"@id\":\"https:\/\/bioswing.ee\/#organization\",\"name\":\"BIOSWING\",\"url\":\"https:\/\/bioswing.ee\/\",\"logo\":{\"@type\":\"ImageObject\",\"inLanguage\":\"lv-LV\",\"@id\":\"https:\/\/bioswing.ee\/#\/schema\/logo\/image\/\",\"url\":\"https:\/\/bioswing.ee\/wp-content\/uploads\/2023\/04\/logo_web.png\",\"contentUrl\":\"https:\/\/bioswing.ee\/wp-content\/uploads\/2023\/04\/logo_web.png\",\"width\":140,\"height\":122,\"caption\":\"BIOSWING\"},\"image\":{\"@id\":\"https:\/\/bioswing.ee\/#\/schema\/logo\/image\/\"}}]}<\/script>\n<!-- \/ Yoast SEO plugin. -->","yoast_head_json":{"title":"V\u012aZIJA - BIOSWING","description":"Izmantojiet sev\u012b eso\u0161o ener\u0123iju!M\u016bsu \u0137ermenis ir \u012bsts dabas br\u012bnums.","robots":{"index":"index","follow":"follow","max-snippet":"max-snippet:-1","max-image-preview":"max-image-preview:large","max-video-preview":"max-video-preview:-1"},"canonical":"https:\/\/bioswing.ee\/lv\/kapec-izveleties-bioswing\/vizija\/","og_locale":"lv_LV","og_type":"article","og_title":"V\u012aZIJA - BIOSWING","og_description":"Izmantojiet sev\u012b eso\u0161o ener\u0123iju!M\u016bsu \u0137ermenis ir \u012bsts dabas br\u012bnums.","og_url":"https:\/\/bioswing.ee\/lv\/kapec-izveleties-bioswing\/vizija\/","og_site_name":"BIOSWING","article_modified_time":"2024-12-05T11:12:53+00:00","twitter_card":"summary_large_image","twitter_misc":{"Est. reading time":"2 minutes"},"schema":{"@context":"https:\/\/schema.org","@graph":[{"@type":"WebPage","@id":"https:\/\/bioswing.ee\/lv\/kapec-izveleties-bioswing\/vizija\/","url":"https:\/\/bioswing.ee\/lv\/kapec-izveleties-bioswing\/vizija\/","name":"V\u012aZIJA - BIOSWING","isPartOf":{"@id":"https:\/\/bioswing.ee\/#website"},"datePublished":"2023-04-13T12:11:49+00:00","dateModified":"2024-12-05T11:12:53+00:00","description":"Izmantojiet sev\u012b eso\u0161o ener\u0123iju!M\u016bsu \u0137ermenis ir \u012bsts dabas br\u012bnums.","breadcrumb":{"@id":"https:\/\/bioswing.ee\/lv\/kapec-izveleties-bioswing\/vizija\/#breadcrumb"},"inLanguage":"lv-LV","potentialAction":[{"@type":"ReadAction","target":["https:\/\/bioswing.ee\/lv\/kapec-izveleties-bioswing\/vizija\/"]}]},{"@type":"BreadcrumbList","@id":"https:\/\/bioswing.ee\/lv\/kapec-izveleties-bioswing\/vizija\/#breadcrumb","itemListElement":[{"@type":"ListItem","position":1,"name":"Home","item":"https:\/\/bioswing.ee\/lv\/"},{"@type":"ListItem","position":2,"name":"K\u0100P\u0112C IZV\u0112L\u0112TIES \u201cBIOSWING\u201d?","item":"https:\/\/bioswing.ee\/why-bioswing\/"},{"@type":"ListItem","position":3,"name":"V\u012aZIJA"}]},{"@type":"WebSite","@id":"https:\/\/bioswing.ee\/#website","url":"https:\/\/bioswing.ee\/","name":"BIOSWING","description":"Smart solutions for healthy sitting","publisher":{"@id":"https:\/\/bioswing.ee\/#organization"},"potentialAction":[{"@type":"SearchAction","target":{"@type":"EntryPoint","urlTemplate":"https:\/\/bioswing.ee\/?s={search_term_string}"},"query-input":{"@type":"PropertyValueSpecification","valueRequired":true,"valueName":"search_term_string"}}],"inLanguage":"lv-LV"},{"@type":"Organization","@id":"https:\/\/bioswing.ee\/#organization","name":"BIOSWING","url":"https:\/\/bioswing.ee\/","logo":{"@type":"ImageObject","inLanguage":"lv-LV","@id":"https:\/\/bioswing.ee\/#\/schema\/logo\/image\/","url":"https:\/\/bioswing.ee\/wp-content\/uploads\/2023\/04\/logo_web.png","contentUrl":"https:\/\/bioswing.ee\/wp-content\/uploads\/2023\/04\/logo_web.png","width":140,"height":122,"caption":"BIOSWING"},"image":{"@id":"https:\/\/bioswing.ee\/#\/schema\/logo\/image\/"}}]}},"_links":{"self":[{"href":"https:\/\/bioswing.ee\/lv\/wp-json\/wp\/v2\/pages\/1850"}],"collection":[{"href":"https:\/\/bioswing.ee\/lv\/wp-json\/wp\/v2\/pages"}],"about":[{"href":"https:\/\/bioswing.ee\/lv\/wp-json\/wp\/v2\/types\/page"}],"author":[{"embeddable":true,"href":"https:\/\/bioswing.ee\/lv\/wp-json\/wp\/v2\/users\/2"}],"replies":[{"embeddable":true,"href":"https:\/\/bioswing.ee\/lv\/wp-json\/wp\/v2\/comments?post=1850"}],"version-history":[{"count":4,"href":"https:\/\/bioswing.ee\/lv\/wp-json\/wp\/v2\/pages\/1850\/revisions"}],"predecessor-version":[{"id":19607,"href":"https:\/\/bioswing.ee\/lv\/wp-json\/wp\/v2\/pages\/1850\/revisions\/19607"}],"up":[{"embeddable":true,"href":"https:\/\/bioswing.ee\/lv\/wp-json\/wp\/v2\/pages\/1788"}],"wp:attachment":[{"href":"https:\/\/bioswing.ee\/lv\/wp-json\/wp\/v2\/media?parent=1850"}],"curies":[{"name":"wp","href":"https:\/\/api.w.org\/{rel}","templated":true}]}}