{"id":36225,"date":"2026-04-01T17:58:06","date_gmt":"2026-04-01T17:58:06","guid":{"rendered":"https:\/\/bioswing.ee\/?post_type=product&#038;p=36225"},"modified":"2026-04-01T18:07:42","modified_gmt":"2026-04-01T18:07:42","slug":"bioswing-260-iq-copy-copy-copy-copy-copy-copy-copy-copy-copy-copy-copy-copy-copy-copy-copy-copy","status":"publish","type":"product","link":"https:\/\/bioswing.ee\/lt\/toode\/bioswing-260-iq-copy-copy-copy-copy-copy-copy-copy-copy-copy-copy-copy-copy-copy-copy-copy-copy\/","title":{"rendered":"BIOSWING 260 iQ (Copy) (Copy) (Copy) (Copy) (Copy) (Copy) (Copy) (Copy) (Copy) (Copy) (Copy) (Copy) (Copy) (Copy) (Copy) (Copy)"},"content":{"rendered":"<h4>BIOSWING 260 iQ<\/h4>\n<ul>\n<li>Ergonomi\u0161ka, lanksti ortopedin\u0117 k\u0117d\u0117 biurui su ortopediniu efektu<\/li>\n<li>Integruotas prisitaikantis 3D k\u0117d\u0117s mechanizmas<\/li>\n<li>Sinchroninis mechanizmas su automatiniu (tiksliu) svorio reguliavimu<\/li>\n<li>Reguliuojamo auk\u0161\u010dio porankiai<\/li>\n<li>Individualus k\u0117d\u0117s posvyrio reguliavimas dubens stabilizatoriumi arba pneumatine spyruokle<\/li>\n<li>S\u0117d\u0117jimo gyl\u012f galima reguliuoti pagal koj\u0173 ilg\u012f<\/li>\n<li>Reguliuojamo auk\u0161\u010dio atlo\u0161as, papildomai su integruota juosmens formavimo funkcija<\/li>\n<li>Atlo\u0161o auk\u0161tis: 60 cm<\/li>\n<li>Med\u017eiagos sluoksnis: \u201eX-treme FR\u201c juodas<\/li>\n<li>\u017dvaig\u017ed\u0117s formos pagrindas: plastikinis, juodas<\/li>\n<\/ul>\n<p><iframe width=\"100%\" height=\"450\" src=\"https:\/\/www.youtube.com\/embed\/eWx3ptVNA2o\" title=\"YouTube video player\" frameborder=\"0\" allow=\"accelerometer; autoplay; clipboard-write; encrypted-media; gyroscope; picture-in-picture; web-share\" allowfullscreen=\"\"><\/iframe><\/p>\n<p><iframe width=\"100%\" height=\"450\" src=\"https:\/\/www.youtube.com\/embed\/RcO6lKibSxw?si=5Qcu97jkGHF27NOu\" title=\"YouTube video player\" frameborder=\"0\" allow=\"accelerometer; autoplay; clipboard-write; encrypted-media; gyroscope; picture-in-picture; web-share\" allowfullscreen=\"\"><\/iframe><\/p>\n","protected":false},"excerpt":{"rendered":"<h4>Motyvacija ir sveikata glaud\u017eiai susij\u0119 su tuo, kaip gerai k\u0117d\u0117 dera su \u017emogaus anatomija.<\/h4>\n<p>Kuo tiksliau biuro k\u0117d\u0119 galima pritaikyti asmeniniams poreikiams, tuo geriau, ypa\u010d jei tenka daug laiko praleisti s\u0117dint.<\/p>\n<p>Toliau pateikiame svarbiausias 2 serijos reguliavimo parinktis.<\/p>\n<h4>BIOSWING 2 serijos biuro k\u0117d\u0117 i\u0161laisvina daug papildom\u0173 judesi\u0173 s\u0117dint.<\/h4>\n<p>D\u0117l \u012fvairi\u0173 mechanizm\u0173 2 serijos modeliai ne tik reaguoja \u012f <strong>kiekvien\u0105 naudotojo judes\u012f<\/strong>, bet ir individualiai prisitaiko prie jo laikysen\u0173 ilgomis darbo dienomis. Juk geriausia laikysena visada yra sekanti.<\/p>\n<p>Stuburui patinka vertikali laikysena ir aktyvus jud\u0117jimas. Antros (populiariausios) serijos k\u0117d\u0117s turi individualiai reguliuojam\u0105 pasvirim\u0105 arba dubens stabilizatorius, kurie nuostabiai \u0161velniai reaguoja \u012f judesius, tod\u0117l paprasta i\u0161laikyti nat\u016brali\u0105 dubens, o kartu ir stuburo S form\u0105.<\/p>\n<p>Vienas i\u0161 daugelio m\u016bs\u0173 ergonomikos ekspert\u0173 mielai parodys jums \u0161i\u0173 dviej\u0173 mechanizm\u0173 skirtumus ir leis juos i\u0161bandyti.<\/p>\n<p>Aktyvus jud\u0117jimas ir vertikali laikysena yra naudingi stuburui. <strong>Individualiai reguliuodami k\u0117d\u0117s pasvirim\u0105<\/strong>, bet kur\u012f 2 serijos model\u012f galite pritaikyti taip, kad jis idealiai atitikt\u0173 j\u016bs\u0173 poreikius, o <strong>j\u016bs\u0173 stuburas i\u0161laikyt\u0173 nat\u016brali\u0105 S form\u0105<\/strong> d\u0117l taisyklingos dubens pad\u0117ties.<\/p>\n<p><img decoding=\"async\" class=\"alignnone wp-image-916\" src=\"https:\/\/bioswing.ee\/wp-content\/uploads\/2023\/04\/pdf.png\" alt=\"pdf\" width=\"19\" height=\"20\"> <a href=\"https:\/\/bioswing.ee\/wp-content\/uploads\/2023\/04\/produktblatt_260_v02_EN.pdf\" target=\"_blank\" rel=\"noopener\">Atsisi\u0173sti gaminio lap\u0105 (PDF)<\/a><\/p>\n","protected":false},"featured_media":36685,"template":"","meta":{"_acf_changed":false},"product_brand":[],"product_cat":[],"product_tag":[],"class_list":{"0":"post-36225","1":"product","2":"type-product","3":"status-publish","4":"has-post-thumbnail","7":"first","8":"instock","9":"sale","10":"taxable","11":"shipping-taxable","12":"purchasable","13":"product-type-simple"},"acf":[],"yoast_head":"<!-- This site is optimized with the Yoast SEO plugin v24.3 - https:\/\/yoast.com\/wordpress\/plugins\/seo\/ -->\n<title>BIOSWING 260 iQ (Copy) (Copy) (Copy) (Copy) (Copy) (Copy) (Copy) (Copy) (Copy) (Copy) (Copy) (Copy) (Copy) (Copy) (Copy) (Copy) - BIOSWING<\/title>\n<meta name=\"robots\" content=\"index, follow, max-snippet:-1, max-image-preview:large, max-video-preview:-1\" \/>\n<link rel=\"canonical\" href=\"https:\/\/bioswing.ee\/lt\/toode\/bioswing-260-iq-copy-copy-copy-copy-copy-copy-copy-copy-copy-copy-copy-copy-copy-copy-copy-copy\/\" \/>\n<meta property=\"og:locale\" content=\"lt_LT\" \/>\n<meta property=\"og:type\" content=\"article\" \/>\n<meta property=\"og:title\" content=\"BIOSWING 260 iQ (Copy) (Copy) (Copy) (Copy) (Copy) (Copy) (Copy) (Copy) (Copy) (Copy) (Copy) (Copy) (Copy) (Copy) (Copy) (Copy) - BIOSWING\" \/>\n<meta property=\"og:description\" content=\"Motyvacija ir sveikata glaud\u017eiai susij\u0119 su tuo, kaip gerai k\u0117d\u0117 dera su \u017emogaus anatomija. Kuo tiksliau biuro k\u0117d\u0119 galima pritaikyti asmeniniams poreikiams, tuo geriau, ypa\u010d jei tenka daug laiko praleisti s\u0117dint. Toliau pateikiame svarbiausias 2 serijos reguliavimo parinktis. BIOSWING 2 serijos biuro k\u0117d\u0117 i\u0161laisvina daug papildom\u0173 judesi\u0173 s\u0117dint. D\u0117l \u012fvairi\u0173 mechanizm\u0173 2 serijos modeliai ne tik reaguoja \u012f kiekvien\u0105 naudotojo judes\u012f, bet ir individualiai prisitaiko prie jo laikysen\u0173 ilgomis darbo dienomis. Juk geriausia laikysena visada yra sekanti. Stuburui patinka vertikali laikysena ir aktyvus jud\u0117jimas. Antros (populiariausios) serijos k\u0117d\u0117s turi individualiai reguliuojam\u0105 pasvirim\u0105 arba dubens stabilizatorius, kurie nuostabiai \u0161velniai reaguoja \u012f judesius, tod\u0117l paprasta i\u0161laikyti nat\u016brali\u0105 dubens, o kartu ir stuburo S form\u0105. Vienas i\u0161 daugelio m\u016bs\u0173 ergonomikos ekspert\u0173 mielai parodys jums \u0161i\u0173 dviej\u0173 mechanizm\u0173 skirtumus ir leis juos i\u0161bandyti. Aktyvus jud\u0117jimas ir vertikali laikysena yra naudingi stuburui. Individualiai reguliuodami k\u0117d\u0117s pasvirim\u0105, bet kur\u012f 2 serijos model\u012f galite pritaikyti taip, kad jis idealiai atitikt\u0173 j\u016bs\u0173 poreikius, o j\u016bs\u0173 stuburas i\u0161laikyt\u0173 nat\u016brali\u0105 S form\u0105 d\u0117l taisyklingos dubens pad\u0117ties.  Atsisi\u0173sti gaminio lap\u0105 (PDF)\" \/>\n<meta property=\"og:url\" content=\"https:\/\/bioswing.ee\/lt\/toode\/bioswing-260-iq-copy-copy-copy-copy-copy-copy-copy-copy-copy-copy-copy-copy-copy-copy-copy-copy\/\" \/>\n<meta property=\"og:site_name\" content=\"BIOSWING\" \/>\n<meta property=\"article:modified_time\" content=\"2026-04-01T18:07:42+00:00\" \/>\n<meta name=\"twitter:card\" content=\"summary_large_image\" \/>\n<script type=\"application\/ld+json\" class=\"yoast-schema-graph\">{\"@context\":\"https:\/\/schema.org\",\"@graph\":[{\"@type\":\"WebPage\",\"@id\":\"https:\/\/bioswing.ee\/lt\/toode\/bioswing-260-iq-copy-copy-copy-copy-copy-copy-copy-copy-copy-copy-copy-copy-copy-copy-copy-copy\/\",\"url\":\"https:\/\/bioswing.ee\/lt\/toode\/bioswing-260-iq-copy-copy-copy-copy-copy-copy-copy-copy-copy-copy-copy-copy-copy-copy-copy-copy\/\",\"name\":\"BIOSWING 260 iQ (Copy) (Copy) (Copy) (Copy) (Copy) (Copy) (Copy) (Copy) (Copy) (Copy) (Copy) (Copy) (Copy) (Copy) (Copy) (Copy) - BIOSWING\",\"isPartOf\":{\"@id\":\"https:\/\/bioswing.ee\/#website\"},\"primaryImageOfPage\":{\"@id\":\"https:\/\/bioswing.ee\/lt\/toode\/bioswing-260-iq-copy-copy-copy-copy-copy-copy-copy-copy-copy-copy-copy-copy-copy-copy-copy-copy\/#primaryimage\"},\"image\":{\"@id\":\"https:\/\/bioswing.ee\/lt\/toode\/bioswing-260-iq-copy-copy-copy-copy-copy-copy-copy-copy-copy-copy-copy-copy-copy-copy-copy-copy\/#primaryimage\"},\"thumbnailUrl\":\"https:\/\/bioswing.ee\/wp-content\/uploads\/2026\/04\/bioswing_oneup_easy_pelvic_main.jpg\",\"datePublished\":\"2026-04-01T17:58:06+00:00\",\"dateModified\":\"2026-04-01T18:07:42+00:00\",\"breadcrumb\":{\"@id\":\"https:\/\/bioswing.ee\/lt\/toode\/bioswing-260-iq-copy-copy-copy-copy-copy-copy-copy-copy-copy-copy-copy-copy-copy-copy-copy-copy\/#breadcrumb\"},\"inLanguage\":\"lt-LT\",\"potentialAction\":[{\"@type\":\"ReadAction\",\"target\":[\"https:\/\/bioswing.ee\/lt\/toode\/bioswing-260-iq-copy-copy-copy-copy-copy-copy-copy-copy-copy-copy-copy-copy-copy-copy-copy-copy\/\"]}]},{\"@type\":\"ImageObject\",\"inLanguage\":\"lt-LT\",\"@id\":\"https:\/\/bioswing.ee\/lt\/toode\/bioswing-260-iq-copy-copy-copy-copy-copy-copy-copy-copy-copy-copy-copy-copy-copy-copy-copy-copy\/#primaryimage\",\"url\":\"https:\/\/bioswing.ee\/wp-content\/uploads\/2026\/04\/bioswing_oneup_easy_pelvic_main.jpg\",\"contentUrl\":\"https:\/\/bioswing.ee\/wp-content\/uploads\/2026\/04\/bioswing_oneup_easy_pelvic_main.jpg\",\"width\":800,\"height\":1066},{\"@type\":\"BreadcrumbList\",\"@id\":\"https:\/\/bioswing.ee\/lt\/toode\/bioswing-260-iq-copy-copy-copy-copy-copy-copy-copy-copy-copy-copy-copy-copy-copy-copy-copy-copy\/#breadcrumb\",\"itemListElement\":[{\"@type\":\"ListItem\",\"position\":1,\"name\":\"Home\",\"item\":\"https:\/\/bioswing.ee\/\"},{\"@type\":\"ListItem\",\"position\":2,\"name\":\"Shop\",\"item\":\"https:\/\/bioswing.ee\/lt\/shop-2\/\"},{\"@type\":\"ListItem\",\"position\":3,\"name\":\"BIOSWING 260 iQ (Copy) (Copy) (Copy) (Copy) (Copy) (Copy) (Copy) (Copy) (Copy) (Copy) (Copy) (Copy) (Copy) (Copy) (Copy) (Copy)\"}]},{\"@type\":\"WebSite\",\"@id\":\"https:\/\/bioswing.ee\/#website\",\"url\":\"https:\/\/bioswing.ee\/\",\"name\":\"BIOSWING\",\"description\":\"Smart solutions for healthy sitting\",\"publisher\":{\"@id\":\"https:\/\/bioswing.ee\/#organization\"},\"potentialAction\":[{\"@type\":\"SearchAction\",\"target\":{\"@type\":\"EntryPoint\",\"urlTemplate\":\"https:\/\/bioswing.ee\/?s={search_term_string}\"},\"query-input\":{\"@type\":\"PropertyValueSpecification\",\"valueRequired\":true,\"valueName\":\"search_term_string\"}}],\"inLanguage\":\"lt-LT\"},{\"@type\":\"Organization\",\"@id\":\"https:\/\/bioswing.ee\/#organization\",\"name\":\"BIOSWING\",\"url\":\"https:\/\/bioswing.ee\/\",\"logo\":{\"@type\":\"ImageObject\",\"inLanguage\":\"lt-LT\",\"@id\":\"https:\/\/bioswing.ee\/#\/schema\/logo\/image\/\",\"url\":\"https:\/\/bioswing.ee\/wp-content\/uploads\/2023\/04\/logo_web.png\",\"contentUrl\":\"https:\/\/bioswing.ee\/wp-content\/uploads\/2023\/04\/logo_web.png\",\"width\":140,\"height\":122,\"caption\":\"BIOSWING\"},\"image\":{\"@id\":\"https:\/\/bioswing.ee\/#\/schema\/logo\/image\/\"}}]}<\/script>\n<!-- \/ Yoast SEO plugin. -->","yoast_head_json":{"title":"BIOSWING 260 iQ (Copy) (Copy) (Copy) (Copy) (Copy) (Copy) (Copy) (Copy) (Copy) (Copy) (Copy) (Copy) (Copy) (Copy) (Copy) (Copy) - BIOSWING","robots":{"index":"index","follow":"follow","max-snippet":"max-snippet:-1","max-image-preview":"max-image-preview:large","max-video-preview":"max-video-preview:-1"},"canonical":"https:\/\/bioswing.ee\/lt\/toode\/bioswing-260-iq-copy-copy-copy-copy-copy-copy-copy-copy-copy-copy-copy-copy-copy-copy-copy-copy\/","og_locale":"lt_LT","og_type":"article","og_title":"BIOSWING 260 iQ (Copy) (Copy) (Copy) (Copy) (Copy) (Copy) (Copy) (Copy) (Copy) (Copy) (Copy) (Copy) (Copy) (Copy) (Copy) (Copy) - BIOSWING","og_description":"Motyvacija ir sveikata glaud\u017eiai susij\u0119 su tuo, kaip gerai k\u0117d\u0117 dera su \u017emogaus anatomija. Kuo tiksliau biuro k\u0117d\u0119 galima pritaikyti asmeniniams poreikiams, tuo geriau, ypa\u010d jei tenka daug laiko praleisti s\u0117dint. Toliau pateikiame svarbiausias 2 serijos reguliavimo parinktis. BIOSWING 2 serijos biuro k\u0117d\u0117 i\u0161laisvina daug papildom\u0173 judesi\u0173 s\u0117dint. D\u0117l \u012fvairi\u0173 mechanizm\u0173 2 serijos modeliai ne tik reaguoja \u012f kiekvien\u0105 naudotojo judes\u012f, bet ir individualiai prisitaiko prie jo laikysen\u0173 ilgomis darbo dienomis. Juk geriausia laikysena visada yra sekanti. Stuburui patinka vertikali laikysena ir aktyvus jud\u0117jimas. Antros (populiariausios) serijos k\u0117d\u0117s turi individualiai reguliuojam\u0105 pasvirim\u0105 arba dubens stabilizatorius, kurie nuostabiai \u0161velniai reaguoja \u012f judesius, tod\u0117l paprasta i\u0161laikyti nat\u016brali\u0105 dubens, o kartu ir stuburo S form\u0105. Vienas i\u0161 daugelio m\u016bs\u0173 ergonomikos ekspert\u0173 mielai parodys jums \u0161i\u0173 dviej\u0173 mechanizm\u0173 skirtumus ir leis juos i\u0161bandyti. Aktyvus jud\u0117jimas ir vertikali laikysena yra naudingi stuburui. Individualiai reguliuodami k\u0117d\u0117s pasvirim\u0105, bet kur\u012f 2 serijos model\u012f galite pritaikyti taip, kad jis idealiai atitikt\u0173 j\u016bs\u0173 poreikius, o j\u016bs\u0173 stuburas i\u0161laikyt\u0173 nat\u016brali\u0105 S form\u0105 d\u0117l taisyklingos dubens pad\u0117ties.  Atsisi\u0173sti gaminio lap\u0105 (PDF)","og_url":"https:\/\/bioswing.ee\/lt\/toode\/bioswing-260-iq-copy-copy-copy-copy-copy-copy-copy-copy-copy-copy-copy-copy-copy-copy-copy-copy\/","og_site_name":"BIOSWING","article_modified_time":"2026-04-01T18:07:42+00:00","twitter_card":"summary_large_image","schema":{"@context":"https:\/\/schema.org","@graph":[{"@type":"WebPage","@id":"https:\/\/bioswing.ee\/lt\/toode\/bioswing-260-iq-copy-copy-copy-copy-copy-copy-copy-copy-copy-copy-copy-copy-copy-copy-copy-copy\/","url":"https:\/\/bioswing.ee\/lt\/toode\/bioswing-260-iq-copy-copy-copy-copy-copy-copy-copy-copy-copy-copy-copy-copy-copy-copy-copy-copy\/","name":"BIOSWING 260 iQ (Copy) (Copy) (Copy) (Copy) (Copy) (Copy) (Copy) (Copy) (Copy) (Copy) (Copy) (Copy) (Copy) (Copy) (Copy) (Copy) - BIOSWING","isPartOf":{"@id":"https:\/\/bioswing.ee\/#website"},"primaryImageOfPage":{"@id":"https:\/\/bioswing.ee\/lt\/toode\/bioswing-260-iq-copy-copy-copy-copy-copy-copy-copy-copy-copy-copy-copy-copy-copy-copy-copy-copy\/#primaryimage"},"image":{"@id":"https:\/\/bioswing.ee\/lt\/toode\/bioswing-260-iq-copy-copy-copy-copy-copy-copy-copy-copy-copy-copy-copy-copy-copy-copy-copy-copy\/#primaryimage"},"thumbnailUrl":"https:\/\/bioswing.ee\/wp-content\/uploads\/2026\/04\/bioswing_oneup_easy_pelvic_main.jpg","datePublished":"2026-04-01T17:58:06+00:00","dateModified":"2026-04-01T18:07:42+00:00","breadcrumb":{"@id":"https:\/\/bioswing.ee\/lt\/toode\/bioswing-260-iq-copy-copy-copy-copy-copy-copy-copy-copy-copy-copy-copy-copy-copy-copy-copy-copy\/#breadcrumb"},"inLanguage":"lt-LT","potentialAction":[{"@type":"ReadAction","target":["https:\/\/bioswing.ee\/lt\/toode\/bioswing-260-iq-copy-copy-copy-copy-copy-copy-copy-copy-copy-copy-copy-copy-copy-copy-copy-copy\/"]}]},{"@type":"ImageObject","inLanguage":"lt-LT","@id":"https:\/\/bioswing.ee\/lt\/toode\/bioswing-260-iq-copy-copy-copy-copy-copy-copy-copy-copy-copy-copy-copy-copy-copy-copy-copy-copy\/#primaryimage","url":"https:\/\/bioswing.ee\/wp-content\/uploads\/2026\/04\/bioswing_oneup_easy_pelvic_main.jpg","contentUrl":"https:\/\/bioswing.ee\/wp-content\/uploads\/2026\/04\/bioswing_oneup_easy_pelvic_main.jpg","width":800,"height":1066},{"@type":"BreadcrumbList","@id":"https:\/\/bioswing.ee\/lt\/toode\/bioswing-260-iq-copy-copy-copy-copy-copy-copy-copy-copy-copy-copy-copy-copy-copy-copy-copy-copy\/#breadcrumb","itemListElement":[{"@type":"ListItem","position":1,"name":"Home","item":"https:\/\/bioswing.ee\/"},{"@type":"ListItem","position":2,"name":"Shop","item":"https:\/\/bioswing.ee\/lt\/shop-2\/"},{"@type":"ListItem","position":3,"name":"BIOSWING 260 iQ (Copy) (Copy) (Copy) (Copy) (Copy) (Copy) (Copy) (Copy) (Copy) (Copy) (Copy) (Copy) (Copy) (Copy) (Copy) (Copy)"}]},{"@type":"WebSite","@id":"https:\/\/bioswing.ee\/#website","url":"https:\/\/bioswing.ee\/","name":"BIOSWING","description":"Smart solutions for healthy sitting","publisher":{"@id":"https:\/\/bioswing.ee\/#organization"},"potentialAction":[{"@type":"SearchAction","target":{"@type":"EntryPoint","urlTemplate":"https:\/\/bioswing.ee\/?s={search_term_string}"},"query-input":{"@type":"PropertyValueSpecification","valueRequired":true,"valueName":"search_term_string"}}],"inLanguage":"lt-LT"},{"@type":"Organization","@id":"https:\/\/bioswing.ee\/#organization","name":"BIOSWING","url":"https:\/\/bioswing.ee\/","logo":{"@type":"ImageObject","inLanguage":"lt-LT","@id":"https:\/\/bioswing.ee\/#\/schema\/logo\/image\/","url":"https:\/\/bioswing.ee\/wp-content\/uploads\/2023\/04\/logo_web.png","contentUrl":"https:\/\/bioswing.ee\/wp-content\/uploads\/2023\/04\/logo_web.png","width":140,"height":122,"caption":"BIOSWING"},"image":{"@id":"https:\/\/bioswing.ee\/#\/schema\/logo\/image\/"}}]}},"_links":{"self":[{"href":"https:\/\/bioswing.ee\/lt\/wp-json\/wp\/v2\/product\/36225"}],"collection":[{"href":"https:\/\/bioswing.ee\/lt\/wp-json\/wp\/v2\/product"}],"about":[{"href":"https:\/\/bioswing.ee\/lt\/wp-json\/wp\/v2\/types\/product"}],"wp:featuredmedia":[{"embeddable":true,"href":"https:\/\/bioswing.ee\/lt\/wp-json\/wp\/v2\/media\/36685"}],"wp:attachment":[{"href":"https:\/\/bioswing.ee\/lt\/wp-json\/wp\/v2\/media?parent=36225"}],"wp:term":[{"taxonomy":"product_brand","embeddable":true,"href":"https:\/\/bioswing.ee\/lt\/wp-json\/wp\/v2\/product_brand?post=36225"},{"taxonomy":"product_cat","embeddable":true,"href":"https:\/\/bioswing.ee\/lt\/wp-json\/wp\/v2\/product_cat?post=36225"},{"taxonomy":"product_tag","embeddable":true,"href":"https:\/\/bioswing.ee\/lt\/wp-json\/wp\/v2\/product_tag?post=36225"}],"curies":[{"name":"wp","href":"https:\/\/api.w.org\/{rel}","templated":true}]}}