{"id":2042,"date":"2023-07-13T13:13:28","date_gmt":"2023-07-13T13:13:28","guid":{"rendered":"https:\/\/bioswing.ee\/terms\/"},"modified":"2023-08-08T12:31:09","modified_gmt":"2023-08-08T12:31:09","slug":"pardavimo-salygos","status":"publish","type":"page","link":"https:\/\/bioswing.ee\/lt\/pardavimo-salygos\/","title":{"rendered":"PARDAVIMO S\u0104LYGOS"},"content":{"rendered":"<p><div class=\"fusion-fullwidth fullwidth-box fusion-builder-row-1 fusion-flex-container has-pattern-background has-mask-background nonhundred-percent-fullwidth non-hundred-percent-height-scrolling\" style=\"--awb-border-radius-top-left:0px;--awb-border-radius-top-right:0px;--awb-border-radius-bottom-right:0px;--awb-border-radius-bottom-left:0px;--awb-flex-wrap:wrap;\" ><div class=\"fusion-builder-row fusion-row fusion-flex-align-items-center fusion-flex-content-wrap\" style=\"max-width:1248px;margin-left: calc(-4% \/ 2 );margin-right: calc(-4% \/ 2 );\"><div class=\"fusion-layout-column fusion_builder_column fusion-builder-column-0 fusion_builder_column_1_5 1_5 fusion-flex-column\" style=\"--awb-bg-size:cover;--awb-width-large:20%;--awb-margin-top-large:0px;--awb-spacing-right-large:9.6%;--awb-margin-bottom-large:20px;--awb-spacing-left-large:9.6%;--awb-width-medium:20%;--awb-order-medium:0;--awb-spacing-right-medium:9.6%;--awb-spacing-left-medium:9.6%;--awb-width-small:100%;--awb-order-small:0;--awb-spacing-right-small:1.92%;--awb-spacing-left-small:1.92%;\"><div class=\"fusion-column-wrapper fusion-column-has-shadow fusion-flex-justify-content-flex-start fusion-content-layout-column\"><\/div><\/div><div class=\"fusion-layout-column fusion_builder_column fusion-builder-column-1 fusion_builder_column_3_5 3_5 fusion-flex-column\" style=\"--awb-bg-size:cover;--awb-width-large:60%;--awb-margin-top-large:0px;--awb-spacing-right-large:3.2%;--awb-margin-bottom-large:20px;--awb-spacing-left-large:3.2%;--awb-width-medium:60%;--awb-order-medium:0;--awb-spacing-right-medium:3.2%;--awb-spacing-left-medium:3.2%;--awb-width-small:100%;--awb-order-small:0;--awb-spacing-right-small:1.92%;--awb-spacing-left-small:1.92%;\"><div class=\"fusion-column-wrapper fusion-column-has-shadow fusion-flex-justify-content-flex-start fusion-content-layout-column\"><div class=\"fusion-title title fusion-title-1 fusion-sep-none fusion-title-text fusion-title-size-one\"><h1 class=\"fusion-title-heading title-heading-left\" style=\"margin:0;\">Pardavimo s\u0105lygos<\/h1><\/div><div class=\"fusion-text fusion-text-1\"><p><strong>Standartin\u0117s pardavimo s\u0105lygos<\/strong><\/p>\n<p>Internetin\u0117je parduotuv\u0117je galioja nuo 2023-06-01<\/p>\n<ol>\n<li><strong> Bendrosios nuostatos<br \/>\n<\/strong>1.1. Standartin\u0117se s\u0105lygose nustatomi pagrindiniai teisiniai santyki\u0173 tarp \u201eSKS V\u00f5ru O\u00dc\u201c (toliau \u2013 Pardav\u0117jas) ir Pirk\u0117jo principai bei bendrosios Pardav\u0117jo ir Pirk\u0117jo (toliau kartu \u2013 \u0160alys) sandori\u0173 sudarymo s\u0105lygos. Standartin\u0117s s\u0105lygos taikomos visiems \u0160ali\u0173 teisiniams santykiams.<br \/>\n1.2. Be standartini\u0173 s\u0105lyg\u0173, \u0160ali\u0173 teisinius santykius taip pat reglamentuoja Estijos Respublikos teis\u0117s normos ir u\u017esakymas arba sutartis, jei tokia yra.<br \/>\n1.3. Esant prie\u0161taravimui tarp standartini\u0173 s\u0105lyg\u0173 ir u\u017esakymo, taikomos u\u017esakymo nuostatos. Jei standartin\u0117s s\u0105lygos arba u\u017esakymas prie\u0161tarauja sutar\u010diai, taikomos sutarties nuostatos.<br \/>\nKai to reikalauja kontekstas, \u017eod\u017eiai vienaskaita apima daugiskait\u0105 ir atvirk\u0161\u010diai. Punkt\u0173 antra\u0161t\u0117s standartin\u0117se s\u0105lygose pateiktos tik tam, kad b\u016bt\u0173 lengviau skaityti, ir nedaro jokios \u012ftakos punkt\u0173 turinio ai\u0161kinimui.<br \/>\n1.4. Kiekviena standartini\u0173 s\u0105lyg\u0173 nuostata ai\u0161kinama kartu su kitomis standartini\u0173 s\u0105lyg\u0173 nuostatomis, atsi\u017evelgiant \u012f standartini\u0173 s\u0105lyg\u0173 prasm\u0119 ir tiksl\u0105.<\/li>\n<li><strong> S\u0105vokos<br \/>\n<\/strong>2.1. Pardav\u0117jas \u2013 \u201eSKS V\u00f5ru O\u00dc\u201c.<br \/>\n2.2. Pirk\u0117jas yra bet kuris fizinis ar juridinis asmuo, kuris \u012fsigyja ar nori \u012fsigyti Pardav\u0117jo si\u016blomas prekes ir (arba) paslaugas.<br \/>\n2.3. Prek\u0117 \u2013 tai bet kokie baldai ir kitos bald\u0173 prek\u0117s, kurias Pardav\u0117jas parduoda Pirk\u0117jui.<br \/>\n2.4. Paslauga \u2013 tai Pirk\u0117jo pra\u0161ymu Pardav\u0117jo parengtas patalpos planas arba interjero dizaino sprendimas, parduot\u0173 gamini\u0173 transportavimas \u012f Pirk\u0117jo nurodyt\u0105 viet\u0105, gaminio surinkimas ir sumontavimas.<br \/>\n2.5. Kainora\u0161tis \u2013 tai Pardav\u0117jo patvirtintas dokumentas, kuriame nurodomos preki\u0173 ir paslaug\u0173 kainos.<br \/>\n2.6. U\u017esakymo patvirtinimas laikomas Pirk\u0117jo ir Pardav\u0117jo pirkimo-pardavimo sutartimi.<br \/>\n2.7. U\u017esakymo \u012fvykdymo terminas \u2013 laikas, per kur\u012f prek\u0117 ir (arba) teikiama paslauga turi b\u016bti prieinama Pirk\u0117jui.<\/li>\n<li><strong> Kainodara<br \/>\n<\/strong>3.1. Preki\u0173 ir paslaug\u0173 kainos nurodytos Pardav\u0117jo sudarytame kainora\u0161tyje. \u012e kainora\u0161tyje nurodytas kainas \u012fskai\u010diuotas PVM, bet ne\u012fskai\u010diuota prek\u0117s pad\u0117klo kaina. \u012e kainora\u0161tyje nurodytas kainas \u012fskai\u010diuota pakuot\u0117s kaina.<br \/>\n3.2. Pardav\u0117jas turi teis\u0119 viena\u0161ali\u0161kai keisti kainora\u0161t\u012f. Pakeitimai \u012fsigalioja nuo j\u0173 atlikimo dienos arba nuo kito Pardav\u0117jo nustatyto termino. Kainora\u0161\u010dio pakeitimai atgaline data negalioja kain\u0173 pasi\u016blymams ir u\u017esakymams, sudarytiems iki kainora\u0161\u010dio pakeitimo.<\/li>\n<li><strong> Mok\u0117jimo s\u0105lygos<br \/>\n<\/strong>4.1. Pardav\u0117jas turi teis\u0119 reikalauti i\u0161 Pirk\u0117jo sumok\u0117ti avans\u0105 u\u017e prek\u0119 ir paslaug\u0105 tokia apimtimi, kokia buvo sutarta su Pirk\u0117ju prie\u0161 pradedant vykdyti u\u017esakym\u0105. Kad u\u017esakymas b\u016bt\u0173 priimtas vykdyti, internetin\u0117je parduotuv\u0117je pateikt\u0173 u\u017esakym\u0173 atveju turi b\u016bti visi\u0161kai apmok\u0117ta i\u0161ankstinio mok\u0117jimo s\u0105skaita.<br \/>\n4.2. Visos Pirk\u0117jo mok\u0117tinos sumos laikomos tinkamai sumok\u0117tomis Pardav\u0117jui, jei atitinkama suma buvo gauta Pardav\u0117jo banko s\u0105skaitoje.<\/li>\n<li><strong> Preki\u0173 ir paslaug\u0173 u\u017esakymas<br \/>\n<\/strong>5.1. Pirk\u0117jas, nor\u0117damas \u012fsigyti prek\u0119 ar paslaug\u0105, pateikia Pardav\u0117jui u\u017esakym\u0105 internetin\u0117s parduotuv\u0117s aplinkoje.<br \/>\n5.2 U\u017esakymas bus patikrintas, Pirk\u0117jui el. pa\u0161tu bus i\u0161si\u0173stas u\u017esakymo patvirtinimas ir i\u0161ankstinio apmok\u0117jimo s\u0105skaita fakt\u016bra, prireikus bus prid\u0117ta siuntimo kaina ir informacija apie pristatymo laik\u0105.<br \/>\n5.3. Apmok\u0117jus i\u0161ankstinio mok\u0117jimo s\u0105skait\u0105, Pirk\u0117jui el. pa\u0161tu i\u0161siun\u010diamas patvirtinimo lai\u0161kas apie u\u017esakymo \u012fvykdym\u0105. Patvirtinimo lai\u0161ke nurodoma, iki kada Pirk\u0117jo u\u017esakytos prek\u0117s bus paruo\u0161tos Pardav\u0117jo sand\u0117lyje ir kaip jos bus pristatytos \u012f Pirk\u0117jo nurodyt\u0105 viet\u0105. Jei Pirk\u0117jas vienu u\u017esakymu u\u017esisak\u0117 prekes, kuri\u0173 pristatymo terminai skiriasi, u\u017esakymo pristatymo terminas apskai\u010diuojamas pagal prek\u0119 su ilgiausiu pristatymo terminu.<\/li>\n<li><strong> U\u017esakymo vykdymas<br \/>\n<\/strong>6.1. Pardav\u0117jas prad\u0117s vykdyti u\u017esakym\u0105 po to, kai laiku bus sumok\u0117ta i\u0161ankstinio mok\u0117jimo s\u0105skaita.<br \/>\n6.2. Pirk\u0117jo u\u017esakymas ir s\u0105skaita fakt\u016bra bus anuliuoti, jei i\u0161ankstinio mok\u0117jimo s\u0105skaita nebus apmok\u0117ta per 7 dienas nuo jos i\u0161ra\u0161ymo.<\/li>\n<li><strong> Prek\u0117s ar paslaugos pristatymas<br \/>\n<\/strong>7.1. Prek\u0117s pristatymas \/ gavimas \u2013 tai prek\u0117s pateikimas Pirk\u0117jo dispozicijon, atsi\u017evelgiant \u012f u\u017esakyme sutartas siuntimo s\u0105lygas.<br \/>\n7.2. Prek\u0119 Pirk\u0117jui arba Pirk\u0117jo atstovui perduoda siuntimo \u012fmon\u0117s atstovas, patikrin\u0119s asmens tapatyb\u0119 patvirtinant\u012f dokument\u0105.<br \/>\n7.3. Pirk\u0117jas patvirtina, kad gavo prek\u0119, pasira\u0161ydamas va\u017etara\u0161tyje, kuriame nurodytas prek\u0117s pavadinimas ir kiekis. Pirk\u0117jo \u012fgaliotasis atstovas turi pateikti savo \u012fgaliojim\u0173 \u012frodym\u0105.<br \/>\n7.4. Pirk\u0117jui nepri\u0117mus prek\u0117s per pagr\u012fst\u0105 termin\u0105, ta\u010diau turint tam rimt\u0173 prie\u017eas\u010di\u0173, Pardav\u0117jas gali suteikti Pirk\u0117jui papildom\u0105 termin\u0105, apie tai \u0161iam prane\u0161damas ra\u0161tu. D\u0117l konkretaus termino \u0160alys susitaria kiekvienu konkre\u010diu atveju. Jei Pirk\u0117jas nepriima prek\u0117s per Pardav\u0117jo suteikt\u0105 papildom\u0105 termin\u0105, Pardav\u0117jas turi teis\u0119 at\u0161aukti u\u017esakym\u0105.<\/li>\n<li><strong> Rizikos per\u0117jimas<br \/>\n<\/strong>8.1. Prek\u0117s atsitiktinio sunaikinimo ir sugadinimo rizika pereina Pirk\u0117jui prek\u0117s pristatymo metu.<\/li>\n<li><strong> Intelektin\u0117s nuosavyb\u0117s apsauga<br \/>\n<\/strong>9.1. Pirk\u0117jui perduoti dokumentai (pvz., br\u0117\u017einiai, eskizai, planai ir kt.) yra ir liks Pardav\u0117jo intelektin\u0117 nuosavyb\u0117. \u0160i\u0173 dokument\u0173 negalima kopijuoti ar pateikti tre\u010diosioms \u0161alims.<\/li>\n<\/ol>\n<\/div><\/div><\/div><div class=\"fusion-layout-column fusion_builder_column fusion-builder-column-2 fusion_builder_column_1_5 1_5 fusion-flex-column\" style=\"--awb-bg-size:cover;--awb-width-large:20%;--awb-margin-top-large:0px;--awb-spacing-right-large:9.6%;--awb-margin-bottom-large:20px;--awb-spacing-left-large:9.6%;--awb-width-medium:20%;--awb-order-medium:0;--awb-spacing-right-medium:9.6%;--awb-spacing-left-medium:9.6%;--awb-width-small:100%;--awb-order-small:0;--awb-spacing-right-small:1.92%;--awb-spacing-left-small:1.92%;\"><div class=\"fusion-column-wrapper fusion-column-has-shadow fusion-flex-justify-content-flex-start fusion-content-layout-column\"><\/div><\/div><\/div><\/div><div class=\"fusion-fullwidth fullwidth-box fusion-builder-row-2 fusion-flex-container has-pattern-background has-mask-background nonhundred-percent-fullwidth non-hundred-percent-height-scrolling\" style=\"--awb-border-radius-top-left:0px;--awb-border-radius-top-right:0px;--awb-border-radius-bottom-right:0px;--awb-border-radius-bottom-left:0px;--awb-flex-wrap:wrap;\" ><div class=\"fusion-builder-row fusion-row fusion-flex-align-items-flex-start fusion-flex-content-wrap\" style=\"max-width:1248px;margin-left: calc(-4% \/ 2 );margin-right: calc(-4% \/ 2 );\"><\/div><\/div><\/p>\n","protected":false},"excerpt":{"rendered":"","protected":false},"author":2,"featured_media":0,"parent":0,"menu_order":0,"comment_status":"closed","ping_status":"closed","template":"100-width.php","meta":{"_acf_changed":false,"footnotes":""},"class_list":["post-2042","page","type-page","status-publish","hentry"],"acf":[],"yoast_head":"<!-- This site is optimized with the Yoast SEO plugin v24.3 - https:\/\/yoast.com\/wordpress\/plugins\/seo\/ -->\n<title>PARDAVIMO S\u0104LYGOS - BIOSWING<\/title>\n<meta name=\"robots\" content=\"index, follow, max-snippet:-1, max-image-preview:large, max-video-preview:-1\" \/>\n<link rel=\"canonical\" href=\"https:\/\/bioswing.ee\/terms\/\" \/>\n<meta property=\"og:locale\" content=\"lt_LT\" \/>\n<meta property=\"og:type\" content=\"article\" \/>\n<meta property=\"og:title\" content=\"PARDAVIMO S\u0104LYGOS - BIOSWING\" \/>\n<meta property=\"og:url\" content=\"https:\/\/bioswing.ee\/terms\/\" \/>\n<meta property=\"og:site_name\" content=\"BIOSWING\" \/>\n<meta property=\"article:modified_time\" content=\"2023-08-08T12:31:09+00:00\" \/>\n<meta name=\"twitter:card\" content=\"summary_large_image\" \/>\n<meta name=\"twitter:label1\" content=\"Est. reading time\" \/>\n\t<meta name=\"twitter:data1\" content=\"13 minu\u010di\u0173\" \/>\n<script type=\"application\/ld+json\" class=\"yoast-schema-graph\">{\"@context\":\"https:\/\/schema.org\",\"@graph\":[{\"@type\":\"WebPage\",\"@id\":\"https:\/\/bioswing.ee\/terms\/\",\"url\":\"https:\/\/bioswing.ee\/terms\/\",\"name\":\"PARDAVIMO S\u0104LYGOS - BIOSWING\",\"isPartOf\":{\"@id\":\"https:\/\/bioswing.ee\/#website\"},\"datePublished\":\"2023-07-13T13:13:28+00:00\",\"dateModified\":\"2023-08-08T12:31:09+00:00\",\"breadcrumb\":{\"@id\":\"https:\/\/bioswing.ee\/terms\/#breadcrumb\"},\"inLanguage\":\"lt-LT\",\"potentialAction\":[{\"@type\":\"ReadAction\",\"target\":[\"https:\/\/bioswing.ee\/terms\/\"]}]},{\"@type\":\"BreadcrumbList\",\"@id\":\"https:\/\/bioswing.ee\/terms\/#breadcrumb\",\"itemListElement\":[{\"@type\":\"ListItem\",\"position\":1,\"name\":\"Home\",\"item\":\"https:\/\/bioswing.ee\/lt\/\"},{\"@type\":\"ListItem\",\"position\":2,\"name\":\"PARDAVIMO S\u0104LYGOS\"}]},{\"@type\":\"WebSite\",\"@id\":\"https:\/\/bioswing.ee\/#website\",\"url\":\"https:\/\/bioswing.ee\/\",\"name\":\"BIOSWING\",\"description\":\"Smart solutions for healthy sitting\",\"publisher\":{\"@id\":\"https:\/\/bioswing.ee\/#organization\"},\"potentialAction\":[{\"@type\":\"SearchAction\",\"target\":{\"@type\":\"EntryPoint\",\"urlTemplate\":\"https:\/\/bioswing.ee\/?s={search_term_string}\"},\"query-input\":{\"@type\":\"PropertyValueSpecification\",\"valueRequired\":true,\"valueName\":\"search_term_string\"}}],\"inLanguage\":\"lt-LT\"},{\"@type\":\"Organization\",\"@id\":\"https:\/\/bioswing.ee\/#organization\",\"name\":\"BIOSWING\",\"url\":\"https:\/\/bioswing.ee\/\",\"logo\":{\"@type\":\"ImageObject\",\"inLanguage\":\"lt-LT\",\"@id\":\"https:\/\/bioswing.ee\/#\/schema\/logo\/image\/\",\"url\":\"https:\/\/bioswing.ee\/wp-content\/uploads\/2023\/04\/logo_web.png\",\"contentUrl\":\"https:\/\/bioswing.ee\/wp-content\/uploads\/2023\/04\/logo_web.png\",\"width\":140,\"height\":122,\"caption\":\"BIOSWING\"},\"image\":{\"@id\":\"https:\/\/bioswing.ee\/#\/schema\/logo\/image\/\"}}]}<\/script>\n<!-- \/ Yoast SEO plugin. -->","yoast_head_json":{"title":"PARDAVIMO S\u0104LYGOS - BIOSWING","robots":{"index":"index","follow":"follow","max-snippet":"max-snippet:-1","max-image-preview":"max-image-preview:large","max-video-preview":"max-video-preview:-1"},"canonical":"https:\/\/bioswing.ee\/terms\/","og_locale":"lt_LT","og_type":"article","og_title":"PARDAVIMO S\u0104LYGOS - BIOSWING","og_url":"https:\/\/bioswing.ee\/terms\/","og_site_name":"BIOSWING","article_modified_time":"2023-08-08T12:31:09+00:00","twitter_card":"summary_large_image","twitter_misc":{"Est. reading time":"13 minu\u010di\u0173"},"schema":{"@context":"https:\/\/schema.org","@graph":[{"@type":"WebPage","@id":"https:\/\/bioswing.ee\/terms\/","url":"https:\/\/bioswing.ee\/terms\/","name":"PARDAVIMO S\u0104LYGOS - BIOSWING","isPartOf":{"@id":"https:\/\/bioswing.ee\/#website"},"datePublished":"2023-07-13T13:13:28+00:00","dateModified":"2023-08-08T12:31:09+00:00","breadcrumb":{"@id":"https:\/\/bioswing.ee\/terms\/#breadcrumb"},"inLanguage":"lt-LT","potentialAction":[{"@type":"ReadAction","target":["https:\/\/bioswing.ee\/terms\/"]}]},{"@type":"BreadcrumbList","@id":"https:\/\/bioswing.ee\/terms\/#breadcrumb","itemListElement":[{"@type":"ListItem","position":1,"name":"Home","item":"https:\/\/bioswing.ee\/lt\/"},{"@type":"ListItem","position":2,"name":"PARDAVIMO S\u0104LYGOS"}]},{"@type":"WebSite","@id":"https:\/\/bioswing.ee\/#website","url":"https:\/\/bioswing.ee\/","name":"BIOSWING","description":"Smart solutions for healthy sitting","publisher":{"@id":"https:\/\/bioswing.ee\/#organization"},"potentialAction":[{"@type":"SearchAction","target":{"@type":"EntryPoint","urlTemplate":"https:\/\/bioswing.ee\/?s={search_term_string}"},"query-input":{"@type":"PropertyValueSpecification","valueRequired":true,"valueName":"search_term_string"}}],"inLanguage":"lt-LT"},{"@type":"Organization","@id":"https:\/\/bioswing.ee\/#organization","name":"BIOSWING","url":"https:\/\/bioswing.ee\/","logo":{"@type":"ImageObject","inLanguage":"lt-LT","@id":"https:\/\/bioswing.ee\/#\/schema\/logo\/image\/","url":"https:\/\/bioswing.ee\/wp-content\/uploads\/2023\/04\/logo_web.png","contentUrl":"https:\/\/bioswing.ee\/wp-content\/uploads\/2023\/04\/logo_web.png","width":140,"height":122,"caption":"BIOSWING"},"image":{"@id":"https:\/\/bioswing.ee\/#\/schema\/logo\/image\/"}}]}},"_links":{"self":[{"href":"https:\/\/bioswing.ee\/lt\/wp-json\/wp\/v2\/pages\/2042"}],"collection":[{"href":"https:\/\/bioswing.ee\/lt\/wp-json\/wp\/v2\/pages"}],"about":[{"href":"https:\/\/bioswing.ee\/lt\/wp-json\/wp\/v2\/types\/page"}],"author":[{"embeddable":true,"href":"https:\/\/bioswing.ee\/lt\/wp-json\/wp\/v2\/users\/2"}],"replies":[{"embeddable":true,"href":"https:\/\/bioswing.ee\/lt\/wp-json\/wp\/v2\/comments?post=2042"}],"version-history":[{"count":1,"href":"https:\/\/bioswing.ee\/lt\/wp-json\/wp\/v2\/pages\/2042\/revisions"}],"predecessor-version":[{"id":2049,"href":"https:\/\/bioswing.ee\/lt\/wp-json\/wp\/v2\/pages\/2042\/revisions\/2049"}],"wp:attachment":[{"href":"https:\/\/bioswing.ee\/lt\/wp-json\/wp\/v2\/media?parent=2042"}],"curies":[{"name":"wp","href":"https:\/\/api.w.org\/{rel}","templated":true}]}}