{"id":2027,"date":"2023-03-31T19:29:21","date_gmt":"2023-03-31T19:29:21","guid":{"rendered":"https:\/\/bioswing.ee\/privacy-policy\/"},"modified":"2023-08-08T12:20:02","modified_gmt":"2023-08-08T12:20:02","slug":"privatumo-politika","status":"publish","type":"page","link":"https:\/\/bioswing.ee\/lt\/privatumo-politika\/","title":{"rendered":"Privatumo politika"},"content":{"rendered":"<p><div class=\"fusion-fullwidth fullwidth-box fusion-builder-row-1 fusion-flex-container has-pattern-background has-mask-background nonhundred-percent-fullwidth non-hundred-percent-height-scrolling\" style=\"--awb-border-radius-top-left:0px;--awb-border-radius-top-right:0px;--awb-border-radius-bottom-right:0px;--awb-border-radius-bottom-left:0px;--awb-flex-wrap:wrap;\" ><div class=\"fusion-builder-row fusion-row fusion-flex-align-items-center fusion-flex-content-wrap\" style=\"max-width:1248px;margin-left: calc(-4% \/ 2 );margin-right: calc(-4% \/ 2 );\"><div class=\"fusion-layout-column fusion_builder_column fusion-builder-column-0 fusion_builder_column_1_5 1_5 fusion-flex-column\" style=\"--awb-bg-size:cover;--awb-width-large:20%;--awb-margin-top-large:0px;--awb-spacing-right-large:9.6%;--awb-margin-bottom-large:20px;--awb-spacing-left-large:9.6%;--awb-width-medium:20%;--awb-order-medium:0;--awb-spacing-right-medium:9.6%;--awb-spacing-left-medium:9.6%;--awb-width-small:100%;--awb-order-small:0;--awb-spacing-right-small:1.92%;--awb-spacing-left-small:1.92%;\"><div class=\"fusion-column-wrapper fusion-column-has-shadow fusion-flex-justify-content-flex-start fusion-content-layout-column\"><\/div><\/div><div class=\"fusion-layout-column fusion_builder_column fusion-builder-column-1 fusion_builder_column_3_5 3_5 fusion-flex-column\" style=\"--awb-bg-size:cover;--awb-width-large:60%;--awb-margin-top-large:0px;--awb-spacing-right-large:3.2%;--awb-margin-bottom-large:20px;--awb-spacing-left-large:3.2%;--awb-width-medium:60%;--awb-order-medium:0;--awb-spacing-right-medium:3.2%;--awb-spacing-left-medium:3.2%;--awb-width-small:100%;--awb-order-small:0;--awb-spacing-right-small:1.92%;--awb-spacing-left-small:1.92%;\"><div class=\"fusion-column-wrapper fusion-column-has-shadow fusion-flex-justify-content-flex-start fusion-content-layout-column\"><div class=\"fusion-title title fusion-title-1 fusion-sep-none fusion-title-text fusion-title-size-one\"><h1 class=\"fusion-title-heading title-heading-left\" style=\"margin:0;\">Privatumo politika<\/h1><\/div><div class=\"fusion-text fusion-text-1\"><p>Mums labai svarbus klient\u0173 ir partneri\u0173 pasitik\u0117jimas. Norime, kad visi, kurie dalijasi su mumis savo asmens duomenimis, b\u016bt\u0173 tikri, jog jais r\u016bpinsim\u0117s kuo geriau.<\/p>\n<p>\u0160i privatumo politika skirta buvusi\u0173, esam\u0173 ir b\u016bsim\u0173 \u201eSKS V\u00f5ru O\u00dc\u201c klient\u0173 privatumui apsaugoti. Remdamiesi ja, i\u0161d\u0117stome klient\u0173 asmens duomen\u0173 rinkimo, naudojimo, saugojimo, perdavimo ir skelbimo principus pagal Estijos Respublikos \u012fstatymus ir Europos S\u0105jungos teis\u0117s aktus.<\/p>\n<p><strong>Asmens duomen\u0173 rinkimas ir naudojimas<\/strong><\/p>\n<p>Duomenis, kuriais asmuo savanori\u0161kai dalijasi su mumis, laikome asmens duomenimis. Tai gali b\u016bti vardas, pavard\u0117, telefono numeris, el. pa\u0161to adresas, gatv\u0117s pavadinimas ir kita informacija.<\/p>\n<p>Asmens duomenis naudojame tik tam, kad gal\u0117tume savo klientams teikti naujausi\u0105 rinkos informacij\u0105, dalytis naujais pasiekimais, atsakyti \u012f klausimus, prane\u0161ti apie geriausius pasi\u016blymus ir si\u0173sti informacij\u0105 apie klient\u0173 dienas, taip pat kitiems tikslams, susijusiems su \u201eSKS V\u00f5ru O\u00dc\u201c veikla.<\/p>\n<p>\u201eSKS V\u00f5ru O\u00dc\u201c neplatina, neperduoda, nemodifikuoja ir nenaudoja joki\u0173 asmens duomen\u0173 nenumatytu b\u016bdu, i\u0161skyrus atvejus, kai klientas yra sudar\u0119s susitarim\u0105 arba kai informacijos atskleidimo b\u016btinyb\u0117 kyla i\u0161 Estijos Respublikos teis\u0117s akt\u0173.<\/p>\n<p>Jei \u0161i\u0105 informacij\u0105 i\u0161 m\u016bs\u0173 gavote nepaisant to, kad nepateik\u0117te savo asmens duomen\u0173, susisiekite su mumis adresu\u00a0<a href=\"about:blank\">info@bioswing.ee<\/a>.<\/p>\n<p>Asmuo turi teis\u0119 bet kada at\u0161aukti savo sutikim\u0105, i\u0161si\u0173sdamas pra\u0161ym\u0105 adresu\u00a0<a href=\"about:blank\">info@bioswing.ee<\/a>.<\/p>\n<p><strong>Slapukai<\/strong><\/p>\n<p>\u201eSKS V\u00f5ru O\u00dc\u201c savo svetain\u0117je naudoja slapukus j\u016bs\u0173 nar\u0161ymo istorijai analizuoti. Naudojame \u0161i\u0105 informacij\u0105, kad naudotojo patirtis b\u016bt\u0173 patogesn\u0117 ir labiau atitikt\u0173 j\u016bs\u0173 poreikius. Slapukus taip pat naudojame statistinei analizei atlikti ir reklamai rodyti per kruop\u0161\u010diai atrinktas tre\u010di\u0173j\u0173 \u0161ali\u0173 programas (pvz., \u201eGoogle\u201c, \u201eAdroll\u201c, \u201eFacebook\u201c, \u201eMailchimp\u201c ir kt.).<\/p>\n<p>Slapukas \u2013 tai tekstinis failas, kur\u012f siun\u010dia naudotojo lankomos svetain\u0117s ir kuris yra saugomas naudotojo kompiuteryje. Slapukas saugomas naudotojo \u017einiatinklio nar\u0161ykl\u0117s fail\u0173 kataloge. Jei naudotojas anks\u010diau lank\u0117si svetain\u0117je, nar\u0161ykl\u0117 perskaito slapuk\u0105 ir perduoda atitinkam\u0105 informacij\u0105 \u012f tinklalap\u012f arba element\u0105, kuris buvo i\u0161saugotas slapuko prad\u017eioje. Daugiau informacijos apie slapukus rasite adresu\u00a0<a href=\"about:blank\">www.aki.ee\/et\/kupsised<\/a>.<\/p>\n<p>Interneto nar\u0161ykl\u0117je yra galimyb\u0117 i\u0161jungti slapuk\u0173 naudojim\u0105. Jei norite tai padaryti, turite pakeisti savo interneto nar\u0161ykl\u0117s nuostatas.<\/p>\n<p><strong>Privatumo politikos s\u0105lygos<\/strong><\/p>\n<p>Perduodami savo duomenis ir toliau naudodamiesi m\u016bs\u0173 svetaine, sutinkate su m\u016bs\u0173 politika ir s\u0105lygomis bei \u012fsipareigojate j\u0173 laikytis. \u201eSKS V\u00f5ru O\u00dc\u201c pasilieka teis\u0119 prireikus keisti bendr\u0105sias privatumo politikos s\u0105lygas.<\/p>\n<p>Visais privatumo politikos klausimais kreipkit\u0117s adresu\u00a0<a href=\"about:blank\">info@bioswing.ee<\/a><\/p>\n<\/div><\/div><\/div><div class=\"fusion-layout-column fusion_builder_column fusion-builder-column-2 fusion_builder_column_1_5 1_5 fusion-flex-column\" style=\"--awb-bg-size:cover;--awb-width-large:20%;--awb-margin-top-large:0px;--awb-spacing-right-large:9.6%;--awb-margin-bottom-large:20px;--awb-spacing-left-large:9.6%;--awb-width-medium:20%;--awb-order-medium:0;--awb-spacing-right-medium:9.6%;--awb-spacing-left-medium:9.6%;--awb-width-small:100%;--awb-order-small:0;--awb-spacing-right-small:1.92%;--awb-spacing-left-small:1.92%;\"><div class=\"fusion-column-wrapper fusion-column-has-shadow fusion-flex-justify-content-flex-start fusion-content-layout-column\"><\/div><\/div><\/div><\/div><div class=\"fusion-fullwidth fullwidth-box fusion-builder-row-2 fusion-flex-container has-pattern-background has-mask-background nonhundred-percent-fullwidth non-hundred-percent-height-scrolling\" style=\"--awb-border-radius-top-left:0px;--awb-border-radius-top-right:0px;--awb-border-radius-bottom-right:0px;--awb-border-radius-bottom-left:0px;--awb-flex-wrap:wrap;\" ><div class=\"fusion-builder-row fusion-row fusion-flex-align-items-flex-start fusion-flex-content-wrap\" style=\"max-width:1248px;margin-left: calc(-4% \/ 2 );margin-right: calc(-4% \/ 2 );\"><\/div><\/div><\/p>\n","protected":false},"excerpt":{"rendered":"","protected":false},"author":1,"featured_media":0,"parent":0,"menu_order":0,"comment_status":"closed","ping_status":"open","template":"","meta":{"_acf_changed":false,"footnotes":""},"class_list":["post-2027","page","type-page","status-publish","hentry"],"acf":[],"yoast_head":"<!-- This site is optimized with the Yoast SEO plugin v24.3 - https:\/\/yoast.com\/wordpress\/plugins\/seo\/ -->\n<title>Privatumo politika - BIOSWING<\/title>\n<meta name=\"robots\" content=\"index, follow, max-snippet:-1, max-image-preview:large, max-video-preview:-1\" \/>\n<link rel=\"canonical\" href=\"https:\/\/bioswing.ee\/privacy-policy\/\" \/>\n<meta property=\"og:locale\" content=\"lt_LT\" \/>\n<meta property=\"og:type\" content=\"article\" \/>\n<meta property=\"og:title\" content=\"Privatumo politika - BIOSWING\" \/>\n<meta property=\"og:url\" content=\"https:\/\/bioswing.ee\/privacy-policy\/\" \/>\n<meta property=\"og:site_name\" content=\"BIOSWING\" \/>\n<meta property=\"article:modified_time\" content=\"2023-08-08T12:20:02+00:00\" \/>\n<meta name=\"twitter:card\" content=\"summary_large_image\" \/>\n<meta name=\"twitter:label1\" content=\"Est. reading time\" \/>\n\t<meta name=\"twitter:data1\" content=\"11 minu\u010di\u0173\" \/>\n<script type=\"application\/ld+json\" class=\"yoast-schema-graph\">{\"@context\":\"https:\/\/schema.org\",\"@graph\":[{\"@type\":\"WebPage\",\"@id\":\"https:\/\/bioswing.ee\/privacy-policy\/\",\"url\":\"https:\/\/bioswing.ee\/privacy-policy\/\",\"name\":\"Privatumo politika - BIOSWING\",\"isPartOf\":{\"@id\":\"https:\/\/bioswing.ee\/#website\"},\"datePublished\":\"2023-03-31T19:29:21+00:00\",\"dateModified\":\"2023-08-08T12:20:02+00:00\",\"breadcrumb\":{\"@id\":\"https:\/\/bioswing.ee\/privacy-policy\/#breadcrumb\"},\"inLanguage\":\"lt-LT\",\"potentialAction\":[{\"@type\":\"ReadAction\",\"target\":[\"https:\/\/bioswing.ee\/privacy-policy\/\"]}]},{\"@type\":\"BreadcrumbList\",\"@id\":\"https:\/\/bioswing.ee\/privacy-policy\/#breadcrumb\",\"itemListElement\":[{\"@type\":\"ListItem\",\"position\":1,\"name\":\"Home\",\"item\":\"https:\/\/bioswing.ee\/lt\/\"},{\"@type\":\"ListItem\",\"position\":2,\"name\":\"Privatumo politika\"}]},{\"@type\":\"WebSite\",\"@id\":\"https:\/\/bioswing.ee\/#website\",\"url\":\"https:\/\/bioswing.ee\/\",\"name\":\"BIOSWING\",\"description\":\"Smart solutions for healthy sitting\",\"publisher\":{\"@id\":\"https:\/\/bioswing.ee\/#organization\"},\"potentialAction\":[{\"@type\":\"SearchAction\",\"target\":{\"@type\":\"EntryPoint\",\"urlTemplate\":\"https:\/\/bioswing.ee\/?s={search_term_string}\"},\"query-input\":{\"@type\":\"PropertyValueSpecification\",\"valueRequired\":true,\"valueName\":\"search_term_string\"}}],\"inLanguage\":\"lt-LT\"},{\"@type\":\"Organization\",\"@id\":\"https:\/\/bioswing.ee\/#organization\",\"name\":\"BIOSWING\",\"url\":\"https:\/\/bioswing.ee\/\",\"logo\":{\"@type\":\"ImageObject\",\"inLanguage\":\"lt-LT\",\"@id\":\"https:\/\/bioswing.ee\/#\/schema\/logo\/image\/\",\"url\":\"https:\/\/bioswing.ee\/wp-content\/uploads\/2023\/04\/logo_web.png\",\"contentUrl\":\"https:\/\/bioswing.ee\/wp-content\/uploads\/2023\/04\/logo_web.png\",\"width\":140,\"height\":122,\"caption\":\"BIOSWING\"},\"image\":{\"@id\":\"https:\/\/bioswing.ee\/#\/schema\/logo\/image\/\"}}]}<\/script>\n<!-- \/ Yoast SEO plugin. -->","yoast_head_json":{"title":"Privatumo politika - BIOSWING","robots":{"index":"index","follow":"follow","max-snippet":"max-snippet:-1","max-image-preview":"max-image-preview:large","max-video-preview":"max-video-preview:-1"},"canonical":"https:\/\/bioswing.ee\/privacy-policy\/","og_locale":"lt_LT","og_type":"article","og_title":"Privatumo politika - BIOSWING","og_url":"https:\/\/bioswing.ee\/privacy-policy\/","og_site_name":"BIOSWING","article_modified_time":"2023-08-08T12:20:02+00:00","twitter_card":"summary_large_image","twitter_misc":{"Est. reading time":"11 minu\u010di\u0173"},"schema":{"@context":"https:\/\/schema.org","@graph":[{"@type":"WebPage","@id":"https:\/\/bioswing.ee\/privacy-policy\/","url":"https:\/\/bioswing.ee\/privacy-policy\/","name":"Privatumo politika - BIOSWING","isPartOf":{"@id":"https:\/\/bioswing.ee\/#website"},"datePublished":"2023-03-31T19:29:21+00:00","dateModified":"2023-08-08T12:20:02+00:00","breadcrumb":{"@id":"https:\/\/bioswing.ee\/privacy-policy\/#breadcrumb"},"inLanguage":"lt-LT","potentialAction":[{"@type":"ReadAction","target":["https:\/\/bioswing.ee\/privacy-policy\/"]}]},{"@type":"BreadcrumbList","@id":"https:\/\/bioswing.ee\/privacy-policy\/#breadcrumb","itemListElement":[{"@type":"ListItem","position":1,"name":"Home","item":"https:\/\/bioswing.ee\/lt\/"},{"@type":"ListItem","position":2,"name":"Privatumo politika"}]},{"@type":"WebSite","@id":"https:\/\/bioswing.ee\/#website","url":"https:\/\/bioswing.ee\/","name":"BIOSWING","description":"Smart solutions for healthy sitting","publisher":{"@id":"https:\/\/bioswing.ee\/#organization"},"potentialAction":[{"@type":"SearchAction","target":{"@type":"EntryPoint","urlTemplate":"https:\/\/bioswing.ee\/?s={search_term_string}"},"query-input":{"@type":"PropertyValueSpecification","valueRequired":true,"valueName":"search_term_string"}}],"inLanguage":"lt-LT"},{"@type":"Organization","@id":"https:\/\/bioswing.ee\/#organization","name":"BIOSWING","url":"https:\/\/bioswing.ee\/","logo":{"@type":"ImageObject","inLanguage":"lt-LT","@id":"https:\/\/bioswing.ee\/#\/schema\/logo\/image\/","url":"https:\/\/bioswing.ee\/wp-content\/uploads\/2023\/04\/logo_web.png","contentUrl":"https:\/\/bioswing.ee\/wp-content\/uploads\/2023\/04\/logo_web.png","width":140,"height":122,"caption":"BIOSWING"},"image":{"@id":"https:\/\/bioswing.ee\/#\/schema\/logo\/image\/"}}]}},"_links":{"self":[{"href":"https:\/\/bioswing.ee\/lt\/wp-json\/wp\/v2\/pages\/2027"}],"collection":[{"href":"https:\/\/bioswing.ee\/lt\/wp-json\/wp\/v2\/pages"}],"about":[{"href":"https:\/\/bioswing.ee\/lt\/wp-json\/wp\/v2\/types\/page"}],"author":[{"embeddable":true,"href":"https:\/\/bioswing.ee\/lt\/wp-json\/wp\/v2\/users\/1"}],"replies":[{"embeddable":true,"href":"https:\/\/bioswing.ee\/lt\/wp-json\/wp\/v2\/comments?post=2027"}],"version-history":[{"count":1,"href":"https:\/\/bioswing.ee\/lt\/wp-json\/wp\/v2\/pages\/2027\/revisions"}],"predecessor-version":[{"id":2035,"href":"https:\/\/bioswing.ee\/lt\/wp-json\/wp\/v2\/pages\/2027\/revisions\/2035"}],"wp:attachment":[{"href":"https:\/\/bioswing.ee\/lt\/wp-json\/wp\/v2\/media?parent=2027"}],"curies":[{"name":"wp","href":"https:\/\/api.w.org\/{rel}","templated":true}]}}