{"id":1975,"date":"2023-04-13T09:53:58","date_gmt":"2023-04-13T09:53:58","guid":{"rendered":"https:\/\/bioswing.ee\/about-us\/"},"modified":"2025-04-14T18:33:15","modified_gmt":"2025-04-14T18:33:15","slug":"apie-mus","status":"publish","type":"page","link":"https:\/\/bioswing.ee\/lt\/apie-mus\/","title":{"rendered":"APIE MUS"},"content":{"rendered":"<div class=\"fusion-fullwidth fullwidth-box fusion-builder-row-1 fusion-flex-container has-pattern-background has-mask-background nonhundred-percent-fullwidth non-hundred-percent-height-scrolling\" style=\"--awb-border-radius-top-left:0px;--awb-border-radius-top-right:0px;--awb-border-radius-bottom-right:0px;--awb-border-radius-bottom-left:0px;--awb-flex-wrap:wrap;\" ><div class=\"fusion-builder-row fusion-row fusion-flex-align-items-flex-start fusion-flex-content-wrap\" style=\"max-width:1248px;margin-left: calc(-4% \/ 2 );margin-right: calc(-4% \/ 2 );\"><div class=\"fusion-layout-column fusion_builder_column fusion-builder-column-0 fusion_builder_column_1_2 1_2 fusion-flex-column\" style=\"--awb-bg-size:cover;--awb-width-large:50%;--awb-margin-top-large:0px;--awb-spacing-right-large:3.84%;--awb-margin-bottom-large:20px;--awb-spacing-left-large:3.84%;--awb-width-medium:50%;--awb-order-medium:0;--awb-spacing-right-medium:3.84%;--awb-spacing-left-medium:3.84%;--awb-width-small:100%;--awb-order-small:0;--awb-spacing-right-small:1.92%;--awb-spacing-left-small:1.92%;\"><div class=\"fusion-column-wrapper fusion-column-has-shadow fusion-flex-justify-content-flex-start fusion-content-layout-column\"><div class=\"fusion-image-element \" style=\"--awb-caption-title-font-family:var(--h2_typography-font-family);--awb-caption-title-font-weight:var(--h2_typography-font-weight);--awb-caption-title-font-style:var(--h2_typography-font-style);--awb-caption-title-size:var(--h2_typography-font-size);--awb-caption-title-transform:var(--h2_typography-text-transform);--awb-caption-title-line-height:var(--h2_typography-line-height);--awb-caption-title-letter-spacing:var(--h2_typography-letter-spacing);\"><span class=\" fusion-imageframe imageframe-none imageframe-1 hover-type-none\"><img decoding=\"async\" width=\"688\" height=\"1000\" title=\"portrait_eduard_haider_2020-688&#215;1000\" src=\"https:\/\/bioswing.ee\/wp-content\/uploads\/2025\/04\/portrait_eduard_haider_2020-688x1000-1.jpg\" alt class=\"img-responsive wp-image-27768\" srcset=\"https:\/\/bioswing.ee\/wp-content\/uploads\/2025\/04\/portrait_eduard_haider_2020-688x1000-1-200x291.jpg 200w, https:\/\/bioswing.ee\/wp-content\/uploads\/2025\/04\/portrait_eduard_haider_2020-688x1000-1-400x581.jpg 400w, https:\/\/bioswing.ee\/wp-content\/uploads\/2025\/04\/portrait_eduard_haider_2020-688x1000-1-600x872.jpg 600w, https:\/\/bioswing.ee\/wp-content\/uploads\/2025\/04\/portrait_eduard_haider_2020-688x1000-1.jpg 688w\" sizes=\"(max-width: 640px) 100vw, 600px\" \/><\/span><\/div><\/div><\/div><div class=\"fusion-layout-column fusion_builder_column fusion-builder-column-1 fusion_builder_column_1_2 1_2 fusion-flex-column\" style=\"--awb-bg-size:cover;--awb-width-large:50%;--awb-margin-top-large:0px;--awb-spacing-right-large:3.84%;--awb-margin-bottom-large:20px;--awb-spacing-left-large:3.84%;--awb-width-medium:50%;--awb-order-medium:0;--awb-spacing-right-medium:3.84%;--awb-spacing-left-medium:3.84%;--awb-width-small:100%;--awb-order-small:0;--awb-spacing-right-small:1.92%;--awb-spacing-left-small:1.92%;\"><div class=\"fusion-column-wrapper fusion-column-has-shadow fusion-flex-justify-content-flex-start fusion-content-layout-column\"><div class=\"fusion-title title fusion-title-1 fusion-sep-none fusion-title-text fusion-title-size-one\"><h1 class=\"fusion-title-heading title-heading-left\" style=\"margin:0;\">I\u0161skirtinis pardavimo atstovas Baltijos ir \u0160iaur\u0117s \u0161alyse Haider Bioswing gaminiams<\/h1><\/div><div class=\"fusion-text fusion-text-1\"><p><strong>Atsidavimas sveikatos, ergonomikos ir \u017emoni\u0173 gerov\u0117s gerinimui.<\/strong><\/p>\n<p>\u012emon\u0117s \u012fk\u016br\u0117jas Eduardas Haideris, atsi\u017evelgdamas \u012f daugelio \u017emoni\u0173 patiriamus nugaros skausmus, a\u0161tuntojo de\u0161imtme\u010dio prad\u017eioje \u0161iaur\u0117s ryt\u0173 Bavarijoje esan\u010dioje \u012fmon\u0117s teritorijoje suk\u016br\u0117 ir suprojektavo pirm\u0105sias atsiejamas ir svyruojan\u010dias darbo k\u0117des.<\/p>\n<p>J\u012f \u012fkv\u0117p\u0117 amerikie\u010di\u0173 neurologo Denniso McGinty, kuris 1982 m. \u012frod\u0117, kad svyruojantys judesiai gali skatinti fizin\u012f ir protin\u012f darbingum\u0105, eksperimentai ir i\u0161vados.<\/p>\n<p>I\u0161rad\u0119s BIOSWING s\u0117d\u0117jimo sistem\u0105, jis \u012fgyvendino savo vizij\u0105 apie sveik\u0105 ir aktyvi\u0105 s\u0117d\u0117sen\u0105 ir 1983 m. j\u0105 u\u017epatentavo.<\/p>\n<p>Glaud\u017eiai bendradarbiaudamas su auk\u0161tosiomis mokyklomis, medicinos specialistais ir terapeutais, jis patobulino ir optimizavo pirmuosius gaminius, kad sukurt\u0173 naujas gamini\u0173 linijas ir papildomas taikymo sritis: \u0161ie novatori\u0161ki ir k\u016brybi\u0161ki pasiekimai buvo u\u017efiksuoti i\u0161 viso 10 patent\u0173.<\/p>\n<p>Per pastaruosius 35 metus atsiet\u0173j\u0173 osciliatori\u0173 pagrindu buvo sukurti nuostab\u016bs sprendimai, kuriuos dabar t\u016bkstan\u010diai fizioterapeut\u0173 naudoja savo pacientams kasdien\u0117je praktikoje.<\/p>\n<p>Iki \u0161i\u0173 dien\u0173 bendrov\u0117 i\u0161liko i\u0161tikima pagrindinei misijai: kurti ir gaminti auk\u0161\u010diausios klas\u0117s sprendimus, kurie gerina \u017emoni\u0173 sveikat\u0105, darbingum\u0105 ir gerov\u0119. \u0160\u012f tiksl\u0105 \u012fgyvendina kvalifikuota ir motyvuota ma\u017edaug 100 darbuotoj\u0173 komanda, kuri kasdien tam atiduoda visas j\u0117gas.<\/p>\n<p>Gamybos strategijos\u00a0<strong>pagaminta Vokietijoje<\/strong>\u00a0ir\u00a0<strong>viskas po vienu stogu<\/strong>\u00a0pasiteisino, nes visos s\u0117d\u0117jimo, treniravimo ir terapijos sistem\u0173 dalys kuriamos Pulenroito gamykloje ir gaminamos vietoje, naudojant kokybi\u0161kas med\u017eiagas. \u012egud\u0119 gamybos meistrai kartu, naudodami pa\u017eangiausias technologijas, sukuria ilgaam\u017eius ir auk\u0161tos kokyb\u0117s gaminius, kuriuos daugel\u012f met\u0173 naudoja terapeutai, sveikuoliai ir i\u0161rank\u016bs klientai.<\/p>\n<p>Didel\u0117 ergonomikos ekspert\u0173, dirban\u010di\u0173 ma\u017edaug 150 specializuot\u0173 ma\u017emenin\u0117s prekybos ir konsultavimo \u012fmoni\u0173 Vokietijoje, Austrijoje ir \u0160veicarijoje, komanda u\u017etikrina, kad visi klientai gaut\u0173 geriausius \u012fmanomus patarimus ir patikim\u0105 popardavimin\u012f aptarnavim\u0105.<\/p>\n<\/div><div class=\"fusion-text fusion-text-2\"><p style=\"text-align: left;\"><img decoding=\"async\" class=\"alignnone wp-image-4914 alignleft\" src=\"https:\/\/bioswing.ee\/wp-content\/uploads\/2023\/08\/pdf.png\" alt=\"\" width=\"24\" height=\"25\" \/>\u00a0<a href=\"https:\/\/bioswing.ee\/wp-content\/uploads\/2024\/10\/BIOSWING_Product_overview_2024_en.pdf\" target=\"_blank\" rel=\"noopener\">Bioswing produkt\u0173 ap\u017evalga<\/a><\/p>\n<\/div><\/div><\/div><\/div><\/div>\n","protected":false},"excerpt":{"rendered":"","protected":false},"author":2,"featured_media":0,"parent":0,"menu_order":0,"comment_status":"closed","ping_status":"closed","template":"100-width.php","meta":{"_acf_changed":false,"footnotes":""},"class_list":["post-1975","page","type-page","status-publish","hentry"],"acf":[],"yoast_head":"<!-- This site is optimized with the Yoast SEO plugin v24.3 - https:\/\/yoast.com\/wordpress\/plugins\/seo\/ -->\n<title>APIE MUS - BIOSWING<\/title>\n<meta name=\"robots\" content=\"index, follow, max-snippet:-1, max-image-preview:large, max-video-preview:-1\" \/>\n<link rel=\"canonical\" href=\"https:\/\/bioswing.ee\/lt\/apie-mus\/\" \/>\n<meta property=\"og:locale\" content=\"lt_LT\" \/>\n<meta property=\"og:type\" content=\"article\" \/>\n<meta property=\"og:title\" content=\"APIE MUS - BIOSWING\" \/>\n<meta property=\"og:url\" content=\"https:\/\/bioswing.ee\/lt\/apie-mus\/\" \/>\n<meta property=\"og:site_name\" content=\"BIOSWING\" \/>\n<meta property=\"article:modified_time\" content=\"2025-04-14T18:33:15+00:00\" \/>\n<meta property=\"og:image\" content=\"https:\/\/bioswing.ee\/wp-content\/uploads\/2023\/08\/pdf.png\" \/>\n<meta name=\"twitter:card\" content=\"summary_large_image\" \/>\n<meta name=\"twitter:label1\" content=\"Est. reading time\" \/>\n\t<meta name=\"twitter:data1\" content=\"2 minut\u0117s\" \/>\n<script type=\"application\/ld+json\" class=\"yoast-schema-graph\">{\"@context\":\"https:\/\/schema.org\",\"@graph\":[{\"@type\":\"WebPage\",\"@id\":\"https:\/\/bioswing.ee\/lt\/apie-mus\/\",\"url\":\"https:\/\/bioswing.ee\/lt\/apie-mus\/\",\"name\":\"APIE MUS - BIOSWING\",\"isPartOf\":{\"@id\":\"https:\/\/bioswing.ee\/#website\"},\"primaryImageOfPage\":{\"@id\":\"https:\/\/bioswing.ee\/lt\/apie-mus\/#primaryimage\"},\"image\":{\"@id\":\"https:\/\/bioswing.ee\/lt\/apie-mus\/#primaryimage\"},\"thumbnailUrl\":\"https:\/\/bioswing.ee\/wp-content\/uploads\/2023\/08\/pdf.png\",\"datePublished\":\"2023-04-13T09:53:58+00:00\",\"dateModified\":\"2025-04-14T18:33:15+00:00\",\"breadcrumb\":{\"@id\":\"https:\/\/bioswing.ee\/lt\/apie-mus\/#breadcrumb\"},\"inLanguage\":\"lt-LT\",\"potentialAction\":[{\"@type\":\"ReadAction\",\"target\":[\"https:\/\/bioswing.ee\/lt\/apie-mus\/\"]}]},{\"@type\":\"ImageObject\",\"inLanguage\":\"lt-LT\",\"@id\":\"https:\/\/bioswing.ee\/lt\/apie-mus\/#primaryimage\",\"url\":\"https:\/\/bioswing.ee\/wp-content\/uploads\/2023\/08\/pdf.png\",\"contentUrl\":\"https:\/\/bioswing.ee\/wp-content\/uploads\/2023\/08\/pdf.png\"},{\"@type\":\"BreadcrumbList\",\"@id\":\"https:\/\/bioswing.ee\/lt\/apie-mus\/#breadcrumb\",\"itemListElement\":[{\"@type\":\"ListItem\",\"position\":1,\"name\":\"Home\",\"item\":\"https:\/\/bioswing.ee\/lt\/\"},{\"@type\":\"ListItem\",\"position\":2,\"name\":\"APIE MUS\"}]},{\"@type\":\"WebSite\",\"@id\":\"https:\/\/bioswing.ee\/#website\",\"url\":\"https:\/\/bioswing.ee\/\",\"name\":\"BIOSWING\",\"description\":\"Smart solutions for healthy sitting\",\"publisher\":{\"@id\":\"https:\/\/bioswing.ee\/#organization\"},\"potentialAction\":[{\"@type\":\"SearchAction\",\"target\":{\"@type\":\"EntryPoint\",\"urlTemplate\":\"https:\/\/bioswing.ee\/?s={search_term_string}\"},\"query-input\":{\"@type\":\"PropertyValueSpecification\",\"valueRequired\":true,\"valueName\":\"search_term_string\"}}],\"inLanguage\":\"lt-LT\"},{\"@type\":\"Organization\",\"@id\":\"https:\/\/bioswing.ee\/#organization\",\"name\":\"BIOSWING\",\"url\":\"https:\/\/bioswing.ee\/\",\"logo\":{\"@type\":\"ImageObject\",\"inLanguage\":\"lt-LT\",\"@id\":\"https:\/\/bioswing.ee\/#\/schema\/logo\/image\/\",\"url\":\"https:\/\/bioswing.ee\/wp-content\/uploads\/2023\/04\/logo_web.png\",\"contentUrl\":\"https:\/\/bioswing.ee\/wp-content\/uploads\/2023\/04\/logo_web.png\",\"width\":140,\"height\":122,\"caption\":\"BIOSWING\"},\"image\":{\"@id\":\"https:\/\/bioswing.ee\/#\/schema\/logo\/image\/\"}}]}<\/script>\n<!-- \/ Yoast SEO plugin. -->","yoast_head_json":{"title":"APIE MUS - BIOSWING","robots":{"index":"index","follow":"follow","max-snippet":"max-snippet:-1","max-image-preview":"max-image-preview:large","max-video-preview":"max-video-preview:-1"},"canonical":"https:\/\/bioswing.ee\/lt\/apie-mus\/","og_locale":"lt_LT","og_type":"article","og_title":"APIE MUS - BIOSWING","og_url":"https:\/\/bioswing.ee\/lt\/apie-mus\/","og_site_name":"BIOSWING","article_modified_time":"2025-04-14T18:33:15+00:00","og_image":[{"url":"https:\/\/bioswing.ee\/wp-content\/uploads\/2023\/08\/pdf.png","type":"","width":"","height":""}],"twitter_card":"summary_large_image","twitter_misc":{"Est. reading time":"2 minut\u0117s"},"schema":{"@context":"https:\/\/schema.org","@graph":[{"@type":"WebPage","@id":"https:\/\/bioswing.ee\/lt\/apie-mus\/","url":"https:\/\/bioswing.ee\/lt\/apie-mus\/","name":"APIE MUS - BIOSWING","isPartOf":{"@id":"https:\/\/bioswing.ee\/#website"},"primaryImageOfPage":{"@id":"https:\/\/bioswing.ee\/lt\/apie-mus\/#primaryimage"},"image":{"@id":"https:\/\/bioswing.ee\/lt\/apie-mus\/#primaryimage"},"thumbnailUrl":"https:\/\/bioswing.ee\/wp-content\/uploads\/2023\/08\/pdf.png","datePublished":"2023-04-13T09:53:58+00:00","dateModified":"2025-04-14T18:33:15+00:00","breadcrumb":{"@id":"https:\/\/bioswing.ee\/lt\/apie-mus\/#breadcrumb"},"inLanguage":"lt-LT","potentialAction":[{"@type":"ReadAction","target":["https:\/\/bioswing.ee\/lt\/apie-mus\/"]}]},{"@type":"ImageObject","inLanguage":"lt-LT","@id":"https:\/\/bioswing.ee\/lt\/apie-mus\/#primaryimage","url":"https:\/\/bioswing.ee\/wp-content\/uploads\/2023\/08\/pdf.png","contentUrl":"https:\/\/bioswing.ee\/wp-content\/uploads\/2023\/08\/pdf.png"},{"@type":"BreadcrumbList","@id":"https:\/\/bioswing.ee\/lt\/apie-mus\/#breadcrumb","itemListElement":[{"@type":"ListItem","position":1,"name":"Home","item":"https:\/\/bioswing.ee\/lt\/"},{"@type":"ListItem","position":2,"name":"APIE MUS"}]},{"@type":"WebSite","@id":"https:\/\/bioswing.ee\/#website","url":"https:\/\/bioswing.ee\/","name":"BIOSWING","description":"Smart solutions for healthy sitting","publisher":{"@id":"https:\/\/bioswing.ee\/#organization"},"potentialAction":[{"@type":"SearchAction","target":{"@type":"EntryPoint","urlTemplate":"https:\/\/bioswing.ee\/?s={search_term_string}"},"query-input":{"@type":"PropertyValueSpecification","valueRequired":true,"valueName":"search_term_string"}}],"inLanguage":"lt-LT"},{"@type":"Organization","@id":"https:\/\/bioswing.ee\/#organization","name":"BIOSWING","url":"https:\/\/bioswing.ee\/","logo":{"@type":"ImageObject","inLanguage":"lt-LT","@id":"https:\/\/bioswing.ee\/#\/schema\/logo\/image\/","url":"https:\/\/bioswing.ee\/wp-content\/uploads\/2023\/04\/logo_web.png","contentUrl":"https:\/\/bioswing.ee\/wp-content\/uploads\/2023\/04\/logo_web.png","width":140,"height":122,"caption":"BIOSWING"},"image":{"@id":"https:\/\/bioswing.ee\/#\/schema\/logo\/image\/"}}]}},"_links":{"self":[{"href":"https:\/\/bioswing.ee\/lt\/wp-json\/wp\/v2\/pages\/1975"}],"collection":[{"href":"https:\/\/bioswing.ee\/lt\/wp-json\/wp\/v2\/pages"}],"about":[{"href":"https:\/\/bioswing.ee\/lt\/wp-json\/wp\/v2\/types\/page"}],"author":[{"embeddable":true,"href":"https:\/\/bioswing.ee\/lt\/wp-json\/wp\/v2\/users\/2"}],"replies":[{"embeddable":true,"href":"https:\/\/bioswing.ee\/lt\/wp-json\/wp\/v2\/comments?post=1975"}],"version-history":[{"count":7,"href":"https:\/\/bioswing.ee\/lt\/wp-json\/wp\/v2\/pages\/1975\/revisions"}],"predecessor-version":[{"id":27886,"href":"https:\/\/bioswing.ee\/lt\/wp-json\/wp\/v2\/pages\/1975\/revisions\/27886"}],"wp:attachment":[{"href":"https:\/\/bioswing.ee\/lt\/wp-json\/wp\/v2\/media?parent=1975"}],"curies":[{"name":"wp","href":"https:\/\/api.w.org\/{rel}","templated":true}]}}