{"id":38006,"date":"2026-04-13T10:10:52","date_gmt":"2026-04-13T10:10:52","guid":{"rendered":"https:\/\/bioswing.ee\/?post_type=product&#038;p=38006"},"modified":"2026-04-13T10:23:09","modified_gmt":"2026-04-13T10:23:09","slug":"bioswing-260-iq-copy-copy-copy-copy-copy-copy-copy-copy-copy-copy-copy-copy-copy-copy-copy-copy-copy-copy-copy-copy-copy-copy-copy-copy-copy-copy-c-15","status":"publish","type":"product","link":"https:\/\/bioswing.ee\/is\/toode\/bioswing-260-iq-copy-copy-copy-copy-copy-copy-copy-copy-copy-copy-copy-copy-copy-copy-copy-copy-copy-copy-copy-copy-copy-copy-copy-copy-copy-copy-c-15\/","title":{"rendered":"BIOSWING 260 iQ (Copy) (Copy) (Copy) (Copy) (Copy) (Copy) (Copy) (Copy) (Copy) (Copy) (Copy) (Copy) (Copy) (Copy) (Copy) (Copy) (Copy) (Copy) (Copy) (Copy) (Copy) (Copy) (Copy) (Copy) (Copy) (Copy) (Copy) (Copy) (Copy) (Copy) (Copy) (Copy) (Copy) (Copy) (Copy) (Copy)"},"content":{"rendered":"<h4>BIOSWING 260 iQ<\/h4>\n<ul>\n<li>Ergonom\u00edskur skrifstofu sn\u00faningsst\u00f3ll me\u00f0 ort\u00f3ped\u00edskum \u00e1hrifum<\/li>\n<li>Inniheldur a\u00f0l\u00f6gunarh\u00e6ft 3D s\u00e6ti me\u00f0f\u00e6ri<\/li>\n<li>Samstillt kerfi me\u00f0 sj\u00e1lfvirkri \u00feyngdarskilgreiningu (auk f\u00ednstillingar)<\/li>\n<li>Armp\u00fa\u00f0ar me\u00f0 einstaklingslega stillanlegri h\u00e6\u00f0<\/li>\n<li>Einstaklingslega stillanleg s\u00e6ti halla, me\u00f0 mja\u00f0mavog e\u00f0a gassfj\u00f6\u00f0run<\/li>\n<li>D\u00fdpt setu er h\u00e6gt a\u00f0 stilla til a\u00f0 passa vi\u00f0 f\u00f3talengd<\/li>\n<li>Bakstu\u00f0ningur me\u00f0 stillanlegri h\u00e6\u00f0, auk \u00feess me\u00f0 sam\u00fe\u00e6ttum lendarformun<\/li>\n<li>Bakstu\u00f0ningur h\u00e6\u00f0: 60 cm<\/li>\n<li>Efnis\u00e1kl\u00e6\u00f0i: X-treme FR svart<\/li>\n<li>Stj\u00f6rnugrunnur: Plast, svart<\/li>\n<\/ul>\n<p><iframe title=\"YouTube video player\" src=\"https:\/\/www.youtube.com\/embed\/eWx3ptVNA2o\" width=\"100%\" height=\"450\" frameborder=\"0\" allowfullscreen=\"allowfullscreen\"><\/iframe><\/p>\n<p><iframe title=\"YouTube video player\" src=\"https:\/\/www.youtube.com\/embed\/RdAkGYfQRU0?si=iZjPFPN7BfNfVNQH\" width=\"100%\" height=\"450\" frameborder=\"0\" allowfullscreen=\"allowfullscreen\"><\/iframe><\/p>\n","protected":false},"excerpt":{"rendered":"<h4>Hvatning og heilsa eru n\u00e1i\u00f0 tengd \u00fev\u00ed hversu vel st\u00f3llinn samr\u00e6mist l\u00edkamsskipan einstaklingsins.<\/h4>\n<p>\u00dev\u00ed n\u00e1kv\u00e6mari sem skrifstofust\u00f3llinn getur veri\u00f0 stilltur til a\u00f0 passa vi\u00f0 \u00fe\u00ednar pers\u00f3nulegu a\u00f0st\u00e6\u00f0ur, \u00fev\u00ed betra \u2013 s\u00e9rstaklega ef \u00fe\u00fa \u00fearft a\u00f0 sitja \u00ed langan t\u00edma. H\u00e9r a\u00f0 ne\u00f0an kynnum vi\u00f0 mikilv\u00e6gustu stillingarm\u00f6guleikana \u00ed 2 l\u00ednunni.<\/p>\n<h4>Skrifstofust\u00f3ll \u00far BIOSWING 2 l\u00ednunni veitir mikla aukna hreyfingu me\u00f0an \u00fe\u00fa situr.<\/h4>\n<p>\u00de\u00f6kk s\u00e9 mismunandi kerfum, bregst 2 l\u00ednan ekki a\u00f0eins vi\u00f0 <strong>hverri hreyfingu<\/strong> fr\u00e1 notandanum, heldur a\u00f0lagast h\u00fan einnig einstaklingslega vi\u00f0 hverja l\u00edkamsst\u00f6\u00f0u sem \u00fe\u00fa tekur yfir langan dag. Auk \u00feess er besta sta\u00f0an alltaf s\u00fa n\u00e6sta. Hryggurinn okkar elskar uppr\u00e9ttri st\u00f6\u00f0u \u00ed bland vi\u00f0 mikla virkni. 2 l\u00ednan (vins\u00e6lasti st\u00f3llinn) er \u00fatb\u00fain anna\u00f0 hvort me\u00f0 einstaklingslega stillanlegri s\u00e6ti halla e\u00f0a mja\u00f0mavog me\u00f0 \u00f3tr\u00falega mj\u00faku vi\u00f0brag\u00f0i, svo \u00fe\u00fa getur au\u00f0veldlega hreyft mja\u00f0mirnar og \u00fear me\u00f0 einnig hrygginn \u00ed n\u00e1tt\u00farulega S-formi\u00f0. Einn af m\u00f6rgum ergonom\u00edu s\u00e9rfr\u00e6\u00f0ingum okkar mun gla\u00f0ur \u00fatsk\u00fdra muninn \u00e1 \u00feessum tveimur kerfum og l\u00e1ta \u00feig pr\u00f3fa \u00feau \u00ed beinni. Virk hreyfing saman vi\u00f0 uppr\u00e9ttri l\u00edkamsst\u00f6\u00f0u er g\u00f3\u00f0 fyrir hrygginn. <strong>Me\u00f0 einstaklingslega stillanlegri s\u00e6ti<\/strong> halla getur\u00f0u a\u00f0laga\u00f0 hallann \u00e1 hva\u00f0a l\u00edkani sem er \u00far 2 l\u00ednunni svo \u00fea\u00f0 passi fullkomlega vi\u00f0 \u00fe\u00ednar \u00fearfir, \u00feannig a\u00f0 hryggurinn heldur n\u00e1tt\u00farulegu <strong>S-lagi<\/strong> s\u00ednu me\u00f0 mja\u00f0mavogunum. <\/p>\n<p><img decoding=\"async\" class=\"alignnone wp-image-916\" src=\"https:\/\/bioswing.ee\/wp-content\/uploads\/2023\/04\/pdf.png\" alt=\"pdf\" width=\"19\" height=\"20\"> <a href=\"https:\/\/bioswing.ee\/wp-content\/uploads\/2023\/04\/produktblatt_260_v02_EN.pdf\" target=\"_blank\" rel=\"noopener\">Hla\u00f0a ni\u00f0ur v\u00f6ruuppl\u00fdsingum (PDF) (\u00e1 ensku)<\/a><\/p>\n","protected":false},"featured_media":38054,"template":"","meta":{"_acf_changed":false},"product_brand":[],"product_cat":[],"product_tag":[],"class_list":{"0":"post-38006","1":"product","2":"type-product","3":"status-publish","4":"has-post-thumbnail","7":"first","8":"instock","9":"sale","10":"taxable","11":"shipping-taxable","12":"purchasable","13":"product-type-simple"},"acf":[],"yoast_head":"<!-- This site is optimized with the Yoast SEO plugin v24.3 - https:\/\/yoast.com\/wordpress\/plugins\/seo\/ -->\n<title>BIOSWING 260 iQ (Copy) (Copy) (Copy) (Copy) (Copy) (Copy) (Copy) (Copy) (Copy) (Copy) (Copy) (Copy) (Copy) (Copy) (Copy) (Copy) (Copy) (Copy) (Copy) (Copy) (Copy) (Copy) (Copy) (Copy) (Copy) (Copy) (Copy) (Copy) (Copy) (Copy) (Copy) (Copy) (Copy) (Copy) (Copy) (Copy) - BIOSWING<\/title>\n<meta name=\"robots\" content=\"index, follow, max-snippet:-1, max-image-preview:large, max-video-preview:-1\" \/>\n<link rel=\"canonical\" href=\"https:\/\/bioswing.ee\/is\/toode\/bioswing-260-iq-copy-copy-copy-copy-copy-copy-copy-copy-copy-copy-copy-copy-copy-copy-copy-copy-copy-copy-copy-copy-copy-copy-copy-copy-copy-copy-c-15\/\" \/>\n<meta property=\"og:locale\" content=\"is_IS\" \/>\n<meta property=\"og:type\" content=\"article\" \/>\n<meta property=\"og:title\" content=\"BIOSWING 260 iQ (Copy) (Copy) (Copy) (Copy) (Copy) (Copy) (Copy) (Copy) (Copy) (Copy) (Copy) (Copy) (Copy) (Copy) (Copy) (Copy) (Copy) (Copy) (Copy) (Copy) (Copy) (Copy) (Copy) (Copy) (Copy) (Copy) (Copy) (Copy) (Copy) (Copy) (Copy) (Copy) (Copy) (Copy) (Copy) (Copy) - BIOSWING\" \/>\n<meta property=\"og:description\" content=\"Hvatning og heilsa eru n\u00e1i\u00f0 tengd \u00fev\u00ed hversu vel st\u00f3llinn samr\u00e6mist l\u00edkamsskipan einstaklingsins. \u00dev\u00ed n\u00e1kv\u00e6mari sem skrifstofust\u00f3llinn getur veri\u00f0 stilltur til a\u00f0 passa vi\u00f0 \u00fe\u00ednar pers\u00f3nulegu a\u00f0st\u00e6\u00f0ur, \u00fev\u00ed betra \u2013 s\u00e9rstaklega ef \u00fe\u00fa \u00fearft a\u00f0 sitja \u00ed langan t\u00edma. H\u00e9r a\u00f0 ne\u00f0an kynnum vi\u00f0 mikilv\u00e6gustu stillingarm\u00f6guleikana \u00ed 2 l\u00ednunni.  Skrifstofust\u00f3ll \u00far BIOSWING 2 l\u00ednunni veitir mikla aukna hreyfingu me\u00f0an \u00fe\u00fa situr. \u00de\u00f6kk s\u00e9 mismunandi kerfum, bregst 2 l\u00ednan ekki a\u00f0eins vi\u00f0 hverri hreyfingu fr\u00e1 notandanum, heldur a\u00f0lagast h\u00fan einnig einstaklingslega vi\u00f0 hverja l\u00edkamsst\u00f6\u00f0u sem \u00fe\u00fa tekur yfir langan dag. Auk \u00feess er besta sta\u00f0an alltaf s\u00fa n\u00e6sta. Hryggurinn okkar elskar uppr\u00e9ttri st\u00f6\u00f0u \u00ed bland vi\u00f0 mikla virkni. 2 l\u00ednan (vins\u00e6lasti st\u00f3llinn) er \u00fatb\u00fain anna\u00f0 hvort me\u00f0 einstaklingslega stillanlegri s\u00e6ti halla e\u00f0a mja\u00f0mavog me\u00f0 \u00f3tr\u00falega mj\u00faku vi\u00f0brag\u00f0i, svo \u00fe\u00fa getur au\u00f0veldlega hreyft mja\u00f0mirnar og \u00fear me\u00f0 einnig hrygginn \u00ed n\u00e1tt\u00farulega S-formi\u00f0. Einn af m\u00f6rgum ergonom\u00edu s\u00e9rfr\u00e6\u00f0ingum okkar mun gla\u00f0ur \u00fatsk\u00fdra muninn \u00e1 \u00feessum tveimur kerfum og l\u00e1ta \u00feig pr\u00f3fa \u00feau \u00ed beinni. Virk hreyfing saman vi\u00f0 uppr\u00e9ttri l\u00edkamsst\u00f6\u00f0u er g\u00f3\u00f0 fyrir hrygginn. Me\u00f0 einstaklingslega stillanlegri s\u00e6ti halla getur\u00f0u a\u00f0laga\u00f0 hallann \u00e1 hva\u00f0a l\u00edkani sem er \u00far 2 l\u00ednunni svo \u00fea\u00f0 passi fullkomlega vi\u00f0 \u00fe\u00ednar \u00fearfir, \u00feannig a\u00f0 hryggurinn heldur n\u00e1tt\u00farulegu S-lagi s\u00ednu me\u00f0 mja\u00f0mavogunum.      Hla\u00f0a ni\u00f0ur v\u00f6ruuppl\u00fdsingum (PDF) (\u00e1 ensku)\" \/>\n<meta property=\"og:url\" content=\"https:\/\/bioswing.ee\/is\/toode\/bioswing-260-iq-copy-copy-copy-copy-copy-copy-copy-copy-copy-copy-copy-copy-copy-copy-copy-copy-copy-copy-copy-copy-copy-copy-copy-copy-copy-copy-c-15\/\" \/>\n<meta property=\"og:site_name\" content=\"BIOSWING\" \/>\n<meta property=\"article:modified_time\" content=\"2026-04-13T10:23:09+00:00\" \/>\n<meta property=\"og:image\" content=\"https:\/\/bioswing.ee\/wp-content\/uploads\/2026\/04\/bioswing_660_mesh_bestseller_1.jpg\" \/>\n\t<meta property=\"og:image:width\" content=\"800\" \/>\n\t<meta property=\"og:image:height\" content=\"1067\" \/>\n\t<meta property=\"og:image:type\" content=\"image\/jpeg\" \/>\n<meta name=\"twitter:card\" content=\"summary_large_image\" \/>\n<meta name=\"twitter:label1\" content=\"Est. reading time\" \/>\n\t<meta name=\"twitter:data1\" content=\"1 minute\" \/>\n<script type=\"application\/ld+json\" class=\"yoast-schema-graph\">{\"@context\":\"https:\/\/schema.org\",\"@graph\":[{\"@type\":\"WebPage\",\"@id\":\"https:\/\/bioswing.ee\/is\/toode\/bioswing-260-iq-copy-copy-copy-copy-copy-copy-copy-copy-copy-copy-copy-copy-copy-copy-copy-copy-copy-copy-copy-copy-copy-copy-copy-copy-copy-copy-c-15\/\",\"url\":\"https:\/\/bioswing.ee\/is\/toode\/bioswing-260-iq-copy-copy-copy-copy-copy-copy-copy-copy-copy-copy-copy-copy-copy-copy-copy-copy-copy-copy-copy-copy-copy-copy-copy-copy-copy-copy-c-15\/\",\"name\":\"BIOSWING 260 iQ (Copy) (Copy) (Copy) (Copy) (Copy) (Copy) (Copy) (Copy) (Copy) (Copy) (Copy) (Copy) (Copy) (Copy) (Copy) (Copy) (Copy) (Copy) (Copy) (Copy) (Copy) (Copy) (Copy) (Copy) (Copy) (Copy) (Copy) (Copy) (Copy) (Copy) (Copy) (Copy) (Copy) (Copy) (Copy) (Copy) - BIOSWING\",\"isPartOf\":{\"@id\":\"https:\/\/bioswing.ee\/#website\"},\"primaryImageOfPage\":{\"@id\":\"https:\/\/bioswing.ee\/is\/toode\/bioswing-260-iq-copy-copy-copy-copy-copy-copy-copy-copy-copy-copy-copy-copy-copy-copy-copy-copy-copy-copy-copy-copy-copy-copy-copy-copy-copy-copy-c-15\/#primaryimage\"},\"image\":{\"@id\":\"https:\/\/bioswing.ee\/is\/toode\/bioswing-260-iq-copy-copy-copy-copy-copy-copy-copy-copy-copy-copy-copy-copy-copy-copy-copy-copy-copy-copy-copy-copy-copy-copy-copy-copy-copy-copy-c-15\/#primaryimage\"},\"thumbnailUrl\":\"https:\/\/bioswing.ee\/wp-content\/uploads\/2026\/04\/bioswing_660_mesh_bestseller_1.jpg\",\"datePublished\":\"2026-04-13T10:10:52+00:00\",\"dateModified\":\"2026-04-13T10:23:09+00:00\",\"breadcrumb\":{\"@id\":\"https:\/\/bioswing.ee\/is\/toode\/bioswing-260-iq-copy-copy-copy-copy-copy-copy-copy-copy-copy-copy-copy-copy-copy-copy-copy-copy-copy-copy-copy-copy-copy-copy-copy-copy-copy-copy-c-15\/#breadcrumb\"},\"inLanguage\":\"is\",\"potentialAction\":[{\"@type\":\"ReadAction\",\"target\":[\"https:\/\/bioswing.ee\/is\/toode\/bioswing-260-iq-copy-copy-copy-copy-copy-copy-copy-copy-copy-copy-copy-copy-copy-copy-copy-copy-copy-copy-copy-copy-copy-copy-copy-copy-copy-copy-c-15\/\"]}]},{\"@type\":\"ImageObject\",\"inLanguage\":\"is\",\"@id\":\"https:\/\/bioswing.ee\/is\/toode\/bioswing-260-iq-copy-copy-copy-copy-copy-copy-copy-copy-copy-copy-copy-copy-copy-copy-copy-copy-copy-copy-copy-copy-copy-copy-copy-copy-copy-copy-c-15\/#primaryimage\",\"url\":\"https:\/\/bioswing.ee\/wp-content\/uploads\/2026\/04\/bioswing_660_mesh_bestseller_1.jpg\",\"contentUrl\":\"https:\/\/bioswing.ee\/wp-content\/uploads\/2026\/04\/bioswing_660_mesh_bestseller_1.jpg\",\"width\":800,\"height\":1067},{\"@type\":\"BreadcrumbList\",\"@id\":\"https:\/\/bioswing.ee\/is\/toode\/bioswing-260-iq-copy-copy-copy-copy-copy-copy-copy-copy-copy-copy-copy-copy-copy-copy-copy-copy-copy-copy-copy-copy-copy-copy-copy-copy-copy-copy-c-15\/#breadcrumb\",\"itemListElement\":[{\"@type\":\"ListItem\",\"position\":1,\"name\":\"Home\",\"item\":\"https:\/\/bioswing.ee\/\"},{\"@type\":\"ListItem\",\"position\":2,\"name\":\"SHOP\",\"item\":\"https:\/\/bioswing.ee\/shop\/\"},{\"@type\":\"ListItem\",\"position\":3,\"name\":\"BIOSWING 260 iQ (Copy) (Copy) (Copy) (Copy) (Copy) (Copy) (Copy) (Copy) (Copy) (Copy) (Copy) (Copy) (Copy) (Copy) (Copy) (Copy) (Copy) (Copy) (Copy) (Copy) (Copy) (Copy) (Copy) (Copy) (Copy) (Copy) (Copy) (Copy) (Copy) (Copy) (Copy) (Copy) (Copy) (Copy) (Copy) (Copy)\"}]},{\"@type\":\"WebSite\",\"@id\":\"https:\/\/bioswing.ee\/#website\",\"url\":\"https:\/\/bioswing.ee\/\",\"name\":\"BIOSWING\",\"description\":\"Smart solutions for healthy sitting\",\"publisher\":{\"@id\":\"https:\/\/bioswing.ee\/#organization\"},\"potentialAction\":[{\"@type\":\"SearchAction\",\"target\":{\"@type\":\"EntryPoint\",\"urlTemplate\":\"https:\/\/bioswing.ee\/?s={search_term_string}\"},\"query-input\":{\"@type\":\"PropertyValueSpecification\",\"valueRequired\":true,\"valueName\":\"search_term_string\"}}],\"inLanguage\":\"is\"},{\"@type\":\"Organization\",\"@id\":\"https:\/\/bioswing.ee\/#organization\",\"name\":\"BIOSWING\",\"url\":\"https:\/\/bioswing.ee\/\",\"logo\":{\"@type\":\"ImageObject\",\"inLanguage\":\"is\",\"@id\":\"https:\/\/bioswing.ee\/#\/schema\/logo\/image\/\",\"url\":\"https:\/\/bioswing.ee\/wp-content\/uploads\/2023\/04\/logo_web.png\",\"contentUrl\":\"https:\/\/bioswing.ee\/wp-content\/uploads\/2023\/04\/logo_web.png\",\"width\":140,\"height\":122,\"caption\":\"BIOSWING\"},\"image\":{\"@id\":\"https:\/\/bioswing.ee\/#\/schema\/logo\/image\/\"}}]}<\/script>\n<!-- \/ Yoast SEO plugin. -->","yoast_head_json":{"title":"BIOSWING 260 iQ (Copy) (Copy) (Copy) (Copy) (Copy) (Copy) (Copy) (Copy) (Copy) (Copy) (Copy) (Copy) (Copy) (Copy) (Copy) (Copy) (Copy) (Copy) (Copy) (Copy) (Copy) (Copy) (Copy) (Copy) (Copy) (Copy) (Copy) (Copy) (Copy) (Copy) (Copy) (Copy) (Copy) (Copy) (Copy) (Copy) - BIOSWING","robots":{"index":"index","follow":"follow","max-snippet":"max-snippet:-1","max-image-preview":"max-image-preview:large","max-video-preview":"max-video-preview:-1"},"canonical":"https:\/\/bioswing.ee\/is\/toode\/bioswing-260-iq-copy-copy-copy-copy-copy-copy-copy-copy-copy-copy-copy-copy-copy-copy-copy-copy-copy-copy-copy-copy-copy-copy-copy-copy-copy-copy-c-15\/","og_locale":"is_IS","og_type":"article","og_title":"BIOSWING 260 iQ (Copy) (Copy) (Copy) (Copy) (Copy) (Copy) (Copy) (Copy) (Copy) (Copy) (Copy) (Copy) (Copy) (Copy) (Copy) (Copy) (Copy) (Copy) (Copy) (Copy) (Copy) (Copy) (Copy) (Copy) (Copy) (Copy) (Copy) (Copy) (Copy) (Copy) (Copy) (Copy) (Copy) (Copy) (Copy) (Copy) - BIOSWING","og_description":"Hvatning og heilsa eru n\u00e1i\u00f0 tengd \u00fev\u00ed hversu vel st\u00f3llinn samr\u00e6mist l\u00edkamsskipan einstaklingsins. \u00dev\u00ed n\u00e1kv\u00e6mari sem skrifstofust\u00f3llinn getur veri\u00f0 stilltur til a\u00f0 passa vi\u00f0 \u00fe\u00ednar pers\u00f3nulegu a\u00f0st\u00e6\u00f0ur, \u00fev\u00ed betra \u2013 s\u00e9rstaklega ef \u00fe\u00fa \u00fearft a\u00f0 sitja \u00ed langan t\u00edma. H\u00e9r a\u00f0 ne\u00f0an kynnum vi\u00f0 mikilv\u00e6gustu stillingarm\u00f6guleikana \u00ed 2 l\u00ednunni.  Skrifstofust\u00f3ll \u00far BIOSWING 2 l\u00ednunni veitir mikla aukna hreyfingu me\u00f0an \u00fe\u00fa situr. \u00de\u00f6kk s\u00e9 mismunandi kerfum, bregst 2 l\u00ednan ekki a\u00f0eins vi\u00f0 hverri hreyfingu fr\u00e1 notandanum, heldur a\u00f0lagast h\u00fan einnig einstaklingslega vi\u00f0 hverja l\u00edkamsst\u00f6\u00f0u sem \u00fe\u00fa tekur yfir langan dag. Auk \u00feess er besta sta\u00f0an alltaf s\u00fa n\u00e6sta. Hryggurinn okkar elskar uppr\u00e9ttri st\u00f6\u00f0u \u00ed bland vi\u00f0 mikla virkni. 2 l\u00ednan (vins\u00e6lasti st\u00f3llinn) er \u00fatb\u00fain anna\u00f0 hvort me\u00f0 einstaklingslega stillanlegri s\u00e6ti halla e\u00f0a mja\u00f0mavog me\u00f0 \u00f3tr\u00falega mj\u00faku vi\u00f0brag\u00f0i, svo \u00fe\u00fa getur au\u00f0veldlega hreyft mja\u00f0mirnar og \u00fear me\u00f0 einnig hrygginn \u00ed n\u00e1tt\u00farulega S-formi\u00f0. Einn af m\u00f6rgum ergonom\u00edu s\u00e9rfr\u00e6\u00f0ingum okkar mun gla\u00f0ur \u00fatsk\u00fdra muninn \u00e1 \u00feessum tveimur kerfum og l\u00e1ta \u00feig pr\u00f3fa \u00feau \u00ed beinni. Virk hreyfing saman vi\u00f0 uppr\u00e9ttri l\u00edkamsst\u00f6\u00f0u er g\u00f3\u00f0 fyrir hrygginn. Me\u00f0 einstaklingslega stillanlegri s\u00e6ti halla getur\u00f0u a\u00f0laga\u00f0 hallann \u00e1 hva\u00f0a l\u00edkani sem er \u00far 2 l\u00ednunni svo \u00fea\u00f0 passi fullkomlega vi\u00f0 \u00fe\u00ednar \u00fearfir, \u00feannig a\u00f0 hryggurinn heldur n\u00e1tt\u00farulegu S-lagi s\u00ednu me\u00f0 mja\u00f0mavogunum.      Hla\u00f0a ni\u00f0ur v\u00f6ruuppl\u00fdsingum (PDF) (\u00e1 ensku)","og_url":"https:\/\/bioswing.ee\/is\/toode\/bioswing-260-iq-copy-copy-copy-copy-copy-copy-copy-copy-copy-copy-copy-copy-copy-copy-copy-copy-copy-copy-copy-copy-copy-copy-copy-copy-copy-copy-c-15\/","og_site_name":"BIOSWING","article_modified_time":"2026-04-13T10:23:09+00:00","og_image":[{"width":800,"height":1067,"url":"https:\/\/bioswing.ee\/wp-content\/uploads\/2026\/04\/bioswing_660_mesh_bestseller_1.jpg","type":"image\/jpeg"}],"twitter_card":"summary_large_image","twitter_misc":{"Est. reading time":"1 minute"},"schema":{"@context":"https:\/\/schema.org","@graph":[{"@type":"WebPage","@id":"https:\/\/bioswing.ee\/is\/toode\/bioswing-260-iq-copy-copy-copy-copy-copy-copy-copy-copy-copy-copy-copy-copy-copy-copy-copy-copy-copy-copy-copy-copy-copy-copy-copy-copy-copy-copy-c-15\/","url":"https:\/\/bioswing.ee\/is\/toode\/bioswing-260-iq-copy-copy-copy-copy-copy-copy-copy-copy-copy-copy-copy-copy-copy-copy-copy-copy-copy-copy-copy-copy-copy-copy-copy-copy-copy-copy-c-15\/","name":"BIOSWING 260 iQ (Copy) (Copy) (Copy) (Copy) (Copy) (Copy) (Copy) (Copy) (Copy) (Copy) (Copy) (Copy) (Copy) (Copy) (Copy) (Copy) (Copy) (Copy) (Copy) (Copy) (Copy) (Copy) (Copy) (Copy) (Copy) (Copy) (Copy) (Copy) (Copy) (Copy) (Copy) (Copy) (Copy) (Copy) (Copy) (Copy) - BIOSWING","isPartOf":{"@id":"https:\/\/bioswing.ee\/#website"},"primaryImageOfPage":{"@id":"https:\/\/bioswing.ee\/is\/toode\/bioswing-260-iq-copy-copy-copy-copy-copy-copy-copy-copy-copy-copy-copy-copy-copy-copy-copy-copy-copy-copy-copy-copy-copy-copy-copy-copy-copy-copy-c-15\/#primaryimage"},"image":{"@id":"https:\/\/bioswing.ee\/is\/toode\/bioswing-260-iq-copy-copy-copy-copy-copy-copy-copy-copy-copy-copy-copy-copy-copy-copy-copy-copy-copy-copy-copy-copy-copy-copy-copy-copy-copy-copy-c-15\/#primaryimage"},"thumbnailUrl":"https:\/\/bioswing.ee\/wp-content\/uploads\/2026\/04\/bioswing_660_mesh_bestseller_1.jpg","datePublished":"2026-04-13T10:10:52+00:00","dateModified":"2026-04-13T10:23:09+00:00","breadcrumb":{"@id":"https:\/\/bioswing.ee\/is\/toode\/bioswing-260-iq-copy-copy-copy-copy-copy-copy-copy-copy-copy-copy-copy-copy-copy-copy-copy-copy-copy-copy-copy-copy-copy-copy-copy-copy-copy-copy-c-15\/#breadcrumb"},"inLanguage":"is","potentialAction":[{"@type":"ReadAction","target":["https:\/\/bioswing.ee\/is\/toode\/bioswing-260-iq-copy-copy-copy-copy-copy-copy-copy-copy-copy-copy-copy-copy-copy-copy-copy-copy-copy-copy-copy-copy-copy-copy-copy-copy-copy-copy-c-15\/"]}]},{"@type":"ImageObject","inLanguage":"is","@id":"https:\/\/bioswing.ee\/is\/toode\/bioswing-260-iq-copy-copy-copy-copy-copy-copy-copy-copy-copy-copy-copy-copy-copy-copy-copy-copy-copy-copy-copy-copy-copy-copy-copy-copy-copy-copy-c-15\/#primaryimage","url":"https:\/\/bioswing.ee\/wp-content\/uploads\/2026\/04\/bioswing_660_mesh_bestseller_1.jpg","contentUrl":"https:\/\/bioswing.ee\/wp-content\/uploads\/2026\/04\/bioswing_660_mesh_bestseller_1.jpg","width":800,"height":1067},{"@type":"BreadcrumbList","@id":"https:\/\/bioswing.ee\/is\/toode\/bioswing-260-iq-copy-copy-copy-copy-copy-copy-copy-copy-copy-copy-copy-copy-copy-copy-copy-copy-copy-copy-copy-copy-copy-copy-copy-copy-copy-copy-c-15\/#breadcrumb","itemListElement":[{"@type":"ListItem","position":1,"name":"Home","item":"https:\/\/bioswing.ee\/"},{"@type":"ListItem","position":2,"name":"SHOP","item":"https:\/\/bioswing.ee\/shop\/"},{"@type":"ListItem","position":3,"name":"BIOSWING 260 iQ (Copy) (Copy) (Copy) (Copy) (Copy) (Copy) (Copy) (Copy) (Copy) (Copy) (Copy) (Copy) (Copy) (Copy) (Copy) (Copy) (Copy) (Copy) (Copy) (Copy) (Copy) (Copy) (Copy) (Copy) (Copy) (Copy) (Copy) (Copy) (Copy) (Copy) (Copy) (Copy) (Copy) (Copy) (Copy) (Copy)"}]},{"@type":"WebSite","@id":"https:\/\/bioswing.ee\/#website","url":"https:\/\/bioswing.ee\/","name":"BIOSWING","description":"Smart solutions for healthy sitting","publisher":{"@id":"https:\/\/bioswing.ee\/#organization"},"potentialAction":[{"@type":"SearchAction","target":{"@type":"EntryPoint","urlTemplate":"https:\/\/bioswing.ee\/?s={search_term_string}"},"query-input":{"@type":"PropertyValueSpecification","valueRequired":true,"valueName":"search_term_string"}}],"inLanguage":"is"},{"@type":"Organization","@id":"https:\/\/bioswing.ee\/#organization","name":"BIOSWING","url":"https:\/\/bioswing.ee\/","logo":{"@type":"ImageObject","inLanguage":"is","@id":"https:\/\/bioswing.ee\/#\/schema\/logo\/image\/","url":"https:\/\/bioswing.ee\/wp-content\/uploads\/2023\/04\/logo_web.png","contentUrl":"https:\/\/bioswing.ee\/wp-content\/uploads\/2023\/04\/logo_web.png","width":140,"height":122,"caption":"BIOSWING"},"image":{"@id":"https:\/\/bioswing.ee\/#\/schema\/logo\/image\/"}}]}},"_links":{"self":[{"href":"https:\/\/bioswing.ee\/is\/wp-json\/wp\/v2\/product\/38006"}],"collection":[{"href":"https:\/\/bioswing.ee\/is\/wp-json\/wp\/v2\/product"}],"about":[{"href":"https:\/\/bioswing.ee\/is\/wp-json\/wp\/v2\/types\/product"}],"wp:featuredmedia":[{"embeddable":true,"href":"https:\/\/bioswing.ee\/is\/wp-json\/wp\/v2\/media\/38054"}],"wp:attachment":[{"href":"https:\/\/bioswing.ee\/is\/wp-json\/wp\/v2\/media?parent=38006"}],"wp:term":[{"taxonomy":"product_brand","embeddable":true,"href":"https:\/\/bioswing.ee\/is\/wp-json\/wp\/v2\/product_brand?post=38006"},{"taxonomy":"product_cat","embeddable":true,"href":"https:\/\/bioswing.ee\/is\/wp-json\/wp\/v2\/product_cat?post=38006"},{"taxonomy":"product_tag","embeddable":true,"href":"https:\/\/bioswing.ee\/is\/wp-json\/wp\/v2\/product_tag?post=38006"}],"curies":[{"name":"wp","href":"https:\/\/api.w.org\/{rel}","templated":true}]}}