{"id":23986,"date":"2023-07-13T13:13:28","date_gmt":"2023-07-13T13:13:28","guid":{"rendered":"https:\/\/bioswing.ee\/terms\/"},"modified":"2025-01-28T11:42:43","modified_gmt":"2025-01-28T11:42:43","slug":"soluskilmalar","status":"publish","type":"page","link":"https:\/\/bioswing.ee\/is\/soluskilmalar\/","title":{"rendered":"S\u00f6luskilm\u00e1lar"},"content":{"rendered":"<p><div class=\"fusion-fullwidth fullwidth-box fusion-builder-row-1 fusion-flex-container has-pattern-background has-mask-background nonhundred-percent-fullwidth non-hundred-percent-height-scrolling\" style=\"--awb-border-radius-top-left:0px;--awb-border-radius-top-right:0px;--awb-border-radius-bottom-right:0px;--awb-border-radius-bottom-left:0px;--awb-flex-wrap:wrap;\" ><div class=\"fusion-builder-row fusion-row fusion-flex-align-items-center fusion-flex-content-wrap\" style=\"max-width:1248px;margin-left: calc(-4% \/ 2 );margin-right: calc(-4% \/ 2 );\"><div class=\"fusion-layout-column fusion_builder_column fusion-builder-column-0 fusion_builder_column_1_5 1_5 fusion-flex-column\" style=\"--awb-bg-size:cover;--awb-width-large:20%;--awb-margin-top-large:0px;--awb-spacing-right-large:9.6%;--awb-margin-bottom-large:20px;--awb-spacing-left-large:9.6%;--awb-width-medium:20%;--awb-order-medium:0;--awb-spacing-right-medium:9.6%;--awb-spacing-left-medium:9.6%;--awb-width-small:100%;--awb-order-small:0;--awb-spacing-right-small:1.92%;--awb-spacing-left-small:1.92%;\"><div class=\"fusion-column-wrapper fusion-column-has-shadow fusion-flex-justify-content-flex-start fusion-content-layout-column\"><\/div><\/div><div class=\"fusion-layout-column fusion_builder_column fusion-builder-column-1 fusion_builder_column_3_5 3_5 fusion-flex-column\" style=\"--awb-bg-size:cover;--awb-width-large:60%;--awb-margin-top-large:0px;--awb-spacing-right-large:3.2%;--awb-margin-bottom-large:20px;--awb-spacing-left-large:3.2%;--awb-width-medium:60%;--awb-order-medium:0;--awb-spacing-right-medium:3.2%;--awb-spacing-left-medium:3.2%;--awb-width-small:100%;--awb-order-small:0;--awb-spacing-right-small:1.92%;--awb-spacing-left-small:1.92%;\"><div class=\"fusion-column-wrapper fusion-column-has-shadow fusion-flex-justify-content-flex-start fusion-content-layout-column\"><div class=\"fusion-title title fusion-title-1 fusion-sep-none fusion-title-text fusion-title-size-one\"><h1 class=\"fusion-title-heading title-heading-left\" style=\"margin:0;\">S\u00f6luskilm\u00e1lar<\/h1><\/div><div class=\"fusion-text fusion-text-1\"><p><strong>Gildandi \u00ed netverslun fr\u00e1 01.06.2023<\/strong><\/p>\n<ol>\n<li><strong>Almenn \u00e1kv\u00e6\u00f0i<\/strong><br \/>\n1.1. \u00deessir S\u00f6luskilm\u00e1lar \u00e1kvar\u00f0a grundvallarprinsippin fyrir lagalegt samband milli SKS V\u00f5ru O\u00dc (h\u00e9r eftir \u201eSeljandi\u201c) og Kaupenda og almenna skilm\u00e1la vi\u00f0 s\u00f6lu og kaup \u00e1 milli Seljanda og Kaupenda (h\u00e9r eftir saman sem \u201eHli\u00f0ar\u201c). Skilm\u00e1larnir gilda fyrir \u00f6ll lagaleg samb\u00f6nd sem myndast milli Hli\u00f0anna.<br \/>\n1.2. Auk S\u00f6luskilm\u00e1lanna eru lagaleg tengsl Hli\u00f0anna regluger\u00f0 af l\u00f6gum L\u00fd\u00f0veldisins Eistlands og me\u00f0 Sam\u00feykki e\u00f0a Samningi ef sl\u00edkt er til sta\u00f0ar.<br \/>\n1.3. Ef \u00e1greiningur kemur upp milli S\u00f6luskilm\u00e1la og Samnings, skulu \u00e1kv\u00e6\u00f0i Samningsins gilda. Ef S\u00f6luskilm\u00e1lar e\u00f0a Samningur eru \u00f3samr\u00fdmanlegir me\u00f0 Samkomulagi, \u00fe\u00e1 gilda \u00e1kv\u00e6\u00f0i Samkomulagsins. \u00dear sem samhengi krefst \u00fea\u00f0, skal or\u00f0 \u00ed eint\u00f6lu innihalda fleirt\u00f6lu og \u00f6fugt. Fyrirsagnir \u00e1kv\u00e6\u00f0anna eru a\u00f0eins til a\u00f0 au\u00f0velda lestur og hafa ekki \u00e1hrif \u00e1 t\u00falkun efnis \u00e1kv\u00e6\u00f0anna.<br \/>\n1.4. Hvert \u00e1kv\u00e6\u00f0i S\u00f6luskilm\u00e1lanna skal t\u00falka\u00f0 \u00ed samhengi vi\u00f0 \u00f6nnur \u00e1kv\u00e6\u00f0i S\u00f6luskilm\u00e1lanna, byggt \u00e1 merkingu og tilgangi S\u00f6luskilm\u00e1lanna.<\/li>\n<li><strong>Skilgreiningar<\/strong><br \/>\n2.1. Seljandi er SKS V\u00f5ru O\u00dc.<br \/>\n2.2. Kaupandi er hva\u00f0a einstaklingur e\u00f0a l\u00f6ga\u00f0ili sem kaupir e\u00f0a vill kaupa V\u00f6rur og \/ e\u00f0a \u00dej\u00f3nustu sem Seljandi b\u00fd\u00f0ur.<br \/>\n2.3. Vara er hva\u00f0a h\u00fasgagn e\u00f0a \u00f6nnur \u00fatb\u00fana\u00f0ur sem Seljandi selur Kaupenda.<br \/>\n2.4. \u00dej\u00f3nusta er r\u00fdmi\u00e1\u00e6tlun e\u00f0a innanh\u00fash\u00f6nnun sem Seljandi framlei\u00f0ir \u00e1 bei\u00f0ni Kaupenda, flutningur \u00e1 seldum v\u00f6rum \u00e1 sta\u00f0 sem Kaupandi tilgreinir og samsetning og uppsetning v\u00f6runnar.<br \/>\n2.5. Ver\u00f0skr\u00e1 er skjal sem Seljandi hefur sta\u00f0fest og sem endurspeglar ver\u00f0 \u00e1 v\u00f6rum og \u00fej\u00f3nustu.<br \/>\n2.6. Sta\u00f0festing \u00e1 p\u00f6ntun er talin vera kaup- og s\u00f6lusamningur milli Kaupenda og Seljanda.<br \/>\n2.7. T\u00edmi fyrir uppfyllingu p\u00f6ntunar er s\u00e1 t\u00edmi sem Varan og \/ e\u00f0a \u00dej\u00f3nustan ver\u00f0ur tilb\u00fain og a\u00f0gengileg Kaupenda.<\/li>\n<li><strong>Ver\u00f0lagning<\/strong><br \/>\n3.1. Ver\u00f0in sem gilda fyrir V\u00f6rur og \u00dej\u00f3nustu eru gefin \u00ed Ver\u00f0skr\u00e1 sem Seljandi hefur sta\u00f0fest. Ver\u00f0in \u00ed Ver\u00f0skr\u00e1m eru me\u00f0 vir\u00f0isaukaskatti og \u00e1n kostna\u00f0ar vi\u00f0 v\u00f6rupallana. Ver\u00f0in \u00ed Ver\u00f0skr\u00e1m fela \u00ed s\u00e9r kostna\u00f0 vi\u00f0 p\u00f6kkun.<br \/>\n3.2. Seljandi hefur r\u00e9tt til a\u00f0 breyta Ver\u00f0skr\u00e1 einhli\u00f0a. Breytingarnar taka gildi fr\u00e1 \u00fev\u00ed a\u00f0 \u00fe\u00e6r eru ger\u00f0ar e\u00f0a fr\u00e1 \u00f6\u00f0rum t\u00edma sem Seljandi hefur \u00e1kve\u00f0i\u00f0. Breytingar \u00e1 Ver\u00f0skr\u00e1m hafa ekki afturvirka \u00e1hrif \u00e1 ver\u00f0tilbo\u00f0 og p\u00f6ntunum sem ger\u00f0ar voru fyrir breytingu \u00e1 Ver\u00f0skr\u00e1nni.<\/li>\n<li><strong>Grei\u00f0sluskilm\u00e1lar<\/strong><br \/>\n4.1. Seljandi hefur r\u00e9tt til a\u00f0 krefjast forskalsgrei\u00f0slu fyrir V\u00f6ru og \u00dej\u00f3nustu fr\u00e1 Kaupenda \u00e1 \u00feeirri umfang sem hefur veri\u00f0 sami\u00f0 vi\u00f0 Kaupenda \u00e1\u00f0ur en byrja\u00f0 er a\u00f0 framkv\u00e6ma P\u00f6ntun. Fyrir pantanir sem ger\u00f0ar eru \u00ed netverslun ver\u00f0ur forskalsreikningur a\u00f0 vera greiddur \u00ed fullu til a\u00f0 P\u00f6ntunin ver\u00f0i sam\u00feykkt til framkv\u00e6mdar.<br \/>\n4.2. \u00d6ll \u00feau fj\u00e1rh\u00e6\u00f0ir sem Kaupandi grei\u00f0ir skulu teljast hafa veri\u00f0 r\u00e9tt greiddar til Seljanda ef tiltekinn fj\u00e1rh\u00e6\u00f0 hefur veri\u00f0 m\u00f3ttekin \u00e1 bankareikning Seljanda.<\/li>\n<li><strong>P\u00f6ntun \u00e1 V\u00f6ru og \u00dej\u00f3nustu<\/strong><br \/>\n5.1. Kaupandi leggur inn p\u00f6ntun til Seljanda \u00ed gegnum netverslun til a\u00f0 kaupa V\u00f6ru e\u00f0a \u00dej\u00f3nustu.<br \/>\n5.2. P\u00f6ntunin ver\u00f0ur sko\u00f0u\u00f0, p\u00f6ntun sta\u00f0festing og forskalsreikningur ver\u00f0a sendir Kaupanda me\u00f0 t\u00f6lvup\u00f3sti, flutningskostna\u00f0ur og uppl\u00fdsingar um afhendingart\u00edma b\u00e6tt vi\u00f0 ef nau\u00f0synlegt.<br \/>\n5.3. Eftir a\u00f0 forskalsreikningurinn hefur veri\u00f0 greiddur, ver\u00f0ur sta\u00f0festingarskrifstofa send Kaupanda me\u00f0 t\u00f6lvup\u00f3sti var\u00f0andi framkv\u00e6md p\u00f6ntunarinnar. Sta\u00f0festingarskrifstofa gefur til kynna \u00feann t\u00edma sem v\u00f6rurnar sem Kaupandi hefur panta\u00f0 ver\u00f0a tilb\u00fanar \u00ed v\u00f6ruh\u00fasi Seljanda og hvernig varan ver\u00f0ur afhent \u00e1 \u00feann sta\u00f0 sem Kaupandi hefur tilgreint. Ef Kaupandi hefur panta\u00f0 v\u00f6rur me\u00f0 mismunandi afhendingart\u00edmum \u00ed einni p\u00f6ntun, er afhendingart\u00edmi P\u00f6ntunarinnar reikna\u00f0ur samkv\u00e6mt v\u00f6runni me\u00f0 lengsta afhendingart\u00edma.<\/li>\n<li><strong>Uppfylling p\u00f6ntunar<\/strong><br \/>\n6.1. Seljandi mun hefja framkv\u00e6md P\u00f6ntunarinnar eftir a\u00f0 forskalskr\u00f6funum hefur veri\u00f0 greidd.<br \/>\n6.2. P\u00f6ntun Kaupenda og reikningur ver\u00f0a afskr\u00e1\u00f0 ef forskalsreikningur hefur ekki veri\u00f0 greiddur innan 7 daga fr\u00e1 \u00fatg\u00e1fu reiknings.<\/li>\n<li><strong>Afhending V\u00f6ru e\u00f0a \u00dej\u00f3nustu<\/strong><br \/>\n7.1. Afhending \/ m\u00f3ttaka V\u00f6ru merkir a\u00f0 Varan ver\u00f0ur l\u00f6g\u00f0 til hli\u00f0ar hj\u00e1 Kaupanda \u00ed samr\u00e6mi vi\u00f0 flutningsskilm\u00e1la sem sami\u00f0 hefur veri\u00f0 um \u00ed P\u00f6ntun.<br \/>\n7.2. Varan er afhent Kaupanda e\u00f0a umbo\u00f0smanni Kaupenda af fulltr\u00faa flutningafyrirt\u00e6kis me\u00f0 vottor\u00f0i.<br \/>\n7.3. Kaupandi skal sta\u00f0festa m\u00f3tt\u00f6ku v\u00f6runnar me\u00f0 \u00fev\u00ed a\u00f0 skrifa undir afhendingarn\u00f3tuna me\u00f0 nafni og magni v\u00f6runnar. Umbo\u00f0smann Kaupenda ver\u00f0ur a\u00f0 s\u00fdna l\u00f6gm\u00e6ti umbo\u00f0sin.<br \/>\n7.4. Ef Kaupandi hefur ekki m\u00f3tteki\u00f0 V\u00f6runa innan e\u00f0lilegs t\u00edma, en hefur g\u00f3\u00f0ar \u00e1st\u00e6\u00f0ur fyrir \u00fev\u00ed, getur Seljandi veitt Kaupanda vi\u00f0b\u00f3tar t\u00edma me\u00f0 skriflegri tilkynningu til Kaupenda. Tilteknir t\u00edmar skulu vera samdir \u00e1 milli Hli\u00f0anna fyrir hvert tilfelli. Ef Kaupandi m\u00f3ttekur ekki V\u00f6runa innan vi\u00f0b\u00f3tar t\u00edmans sem Seljandi hefur gefi\u00f0, hefur Seljandi r\u00e9tt til a\u00f0 afturkalla P\u00f6ntunina.<\/li>\n<li><strong>Flutningur \u00e1h\u00e6ttu<\/strong><br \/>\n8.1. \u00c1h\u00e6tta af tilviljanakenndri ey\u00f0ileggingu og skemmdum \u00e1 V\u00f6ru fer til Kaupenda \u00feegar varan er afhent.<\/li>\n<li><strong>Vernd hugverka<\/strong><br \/>\n9.1. Skr\u00e1r sem afhentar eru Kaupanda (t.d. teikningar, skissur, \u00e1\u00e6tlanir o.s.frv.) eru og ver\u00f0a hugverkaeign Seljanda. \u00deessar skr\u00e1r m\u00e1 ekki afrita e\u00f0a gera a\u00f0gengilegar \u00feri\u00f0ja a\u00f0ila.<\/li>\n<\/ol>\n<\/div><\/div><\/div><div class=\"fusion-layout-column fusion_builder_column fusion-builder-column-2 fusion_builder_column_1_5 1_5 fusion-flex-column\" style=\"--awb-bg-size:cover;--awb-width-large:20%;--awb-margin-top-large:0px;--awb-spacing-right-large:9.6%;--awb-margin-bottom-large:20px;--awb-spacing-left-large:9.6%;--awb-width-medium:20%;--awb-order-medium:0;--awb-spacing-right-medium:9.6%;--awb-spacing-left-medium:9.6%;--awb-width-small:100%;--awb-order-small:0;--awb-spacing-right-small:1.92%;--awb-spacing-left-small:1.92%;\"><div class=\"fusion-column-wrapper fusion-column-has-shadow fusion-flex-justify-content-flex-start fusion-content-layout-column\"><\/div><\/div><\/div><\/div><div class=\"fusion-fullwidth fullwidth-box fusion-builder-row-2 fusion-flex-container has-pattern-background has-mask-background nonhundred-percent-fullwidth non-hundred-percent-height-scrolling\" style=\"--awb-border-radius-top-left:0px;--awb-border-radius-top-right:0px;--awb-border-radius-bottom-right:0px;--awb-border-radius-bottom-left:0px;--awb-flex-wrap:wrap;\" ><div class=\"fusion-builder-row fusion-row fusion-flex-align-items-flex-start fusion-flex-content-wrap\" style=\"max-width:1248px;margin-left: calc(-4% \/ 2 );margin-right: calc(-4% \/ 2 );\"><\/div><\/div><\/p>\n","protected":false},"excerpt":{"rendered":"","protected":false},"author":2,"featured_media":0,"parent":0,"menu_order":0,"comment_status":"closed","ping_status":"closed","template":"100-width.php","meta":{"_acf_changed":false,"footnotes":""},"class_list":["post-23986","page","type-page","status-publish","hentry"],"acf":[],"yoast_head":"<!-- This site is optimized with the Yoast SEO plugin v24.3 - https:\/\/yoast.com\/wordpress\/plugins\/seo\/ -->\n<title>S\u00f6luskilm\u00e1lar - BIOSWING<\/title>\n<meta name=\"robots\" content=\"index, follow, max-snippet:-1, max-image-preview:large, max-video-preview:-1\" \/>\n<link rel=\"canonical\" href=\"https:\/\/bioswing.ee\/is\/soluskilmalar\/\" \/>\n<meta property=\"og:locale\" content=\"is_IS\" \/>\n<meta property=\"og:type\" content=\"article\" \/>\n<meta property=\"og:title\" content=\"S\u00f6luskilm\u00e1lar - BIOSWING\" \/>\n<meta property=\"og:url\" content=\"https:\/\/bioswing.ee\/is\/soluskilmalar\/\" \/>\n<meta property=\"og:site_name\" content=\"BIOSWING\" \/>\n<meta property=\"article:modified_time\" content=\"2025-01-28T11:42:43+00:00\" \/>\n<meta name=\"twitter:card\" content=\"summary_large_image\" \/>\n<meta name=\"twitter:label1\" content=\"Est. reading time\" \/>\n\t<meta name=\"twitter:data1\" content=\"5 minutes\" \/>\n<script type=\"application\/ld+json\" class=\"yoast-schema-graph\">{\"@context\":\"https:\/\/schema.org\",\"@graph\":[{\"@type\":\"WebPage\",\"@id\":\"https:\/\/bioswing.ee\/is\/soluskilmalar\/\",\"url\":\"https:\/\/bioswing.ee\/is\/soluskilmalar\/\",\"name\":\"S\u00f6luskilm\u00e1lar - BIOSWING\",\"isPartOf\":{\"@id\":\"https:\/\/bioswing.ee\/#website\"},\"datePublished\":\"2023-07-13T13:13:28+00:00\",\"dateModified\":\"2025-01-28T11:42:43+00:00\",\"breadcrumb\":{\"@id\":\"https:\/\/bioswing.ee\/is\/soluskilmalar\/#breadcrumb\"},\"inLanguage\":\"is\",\"potentialAction\":[{\"@type\":\"ReadAction\",\"target\":[\"https:\/\/bioswing.ee\/is\/soluskilmalar\/\"]}]},{\"@type\":\"BreadcrumbList\",\"@id\":\"https:\/\/bioswing.ee\/is\/soluskilmalar\/#breadcrumb\",\"itemListElement\":[{\"@type\":\"ListItem\",\"position\":1,\"name\":\"Home\",\"item\":\"https:\/\/bioswing.ee\/is\/\"},{\"@type\":\"ListItem\",\"position\":2,\"name\":\"S\u00f6luskilm\u00e1lar\"}]},{\"@type\":\"WebSite\",\"@id\":\"https:\/\/bioswing.ee\/#website\",\"url\":\"https:\/\/bioswing.ee\/\",\"name\":\"BIOSWING\",\"description\":\"Smart solutions for healthy sitting\",\"publisher\":{\"@id\":\"https:\/\/bioswing.ee\/#organization\"},\"potentialAction\":[{\"@type\":\"SearchAction\",\"target\":{\"@type\":\"EntryPoint\",\"urlTemplate\":\"https:\/\/bioswing.ee\/?s={search_term_string}\"},\"query-input\":{\"@type\":\"PropertyValueSpecification\",\"valueRequired\":true,\"valueName\":\"search_term_string\"}}],\"inLanguage\":\"is\"},{\"@type\":\"Organization\",\"@id\":\"https:\/\/bioswing.ee\/#organization\",\"name\":\"BIOSWING\",\"url\":\"https:\/\/bioswing.ee\/\",\"logo\":{\"@type\":\"ImageObject\",\"inLanguage\":\"is\",\"@id\":\"https:\/\/bioswing.ee\/#\/schema\/logo\/image\/\",\"url\":\"https:\/\/bioswing.ee\/wp-content\/uploads\/2023\/04\/logo_web.png\",\"contentUrl\":\"https:\/\/bioswing.ee\/wp-content\/uploads\/2023\/04\/logo_web.png\",\"width\":140,\"height\":122,\"caption\":\"BIOSWING\"},\"image\":{\"@id\":\"https:\/\/bioswing.ee\/#\/schema\/logo\/image\/\"}}]}<\/script>\n<!-- \/ Yoast SEO plugin. -->","yoast_head_json":{"title":"S\u00f6luskilm\u00e1lar - BIOSWING","robots":{"index":"index","follow":"follow","max-snippet":"max-snippet:-1","max-image-preview":"max-image-preview:large","max-video-preview":"max-video-preview:-1"},"canonical":"https:\/\/bioswing.ee\/is\/soluskilmalar\/","og_locale":"is_IS","og_type":"article","og_title":"S\u00f6luskilm\u00e1lar - BIOSWING","og_url":"https:\/\/bioswing.ee\/is\/soluskilmalar\/","og_site_name":"BIOSWING","article_modified_time":"2025-01-28T11:42:43+00:00","twitter_card":"summary_large_image","twitter_misc":{"Est. reading time":"5 minutes"},"schema":{"@context":"https:\/\/schema.org","@graph":[{"@type":"WebPage","@id":"https:\/\/bioswing.ee\/is\/soluskilmalar\/","url":"https:\/\/bioswing.ee\/is\/soluskilmalar\/","name":"S\u00f6luskilm\u00e1lar - BIOSWING","isPartOf":{"@id":"https:\/\/bioswing.ee\/#website"},"datePublished":"2023-07-13T13:13:28+00:00","dateModified":"2025-01-28T11:42:43+00:00","breadcrumb":{"@id":"https:\/\/bioswing.ee\/is\/soluskilmalar\/#breadcrumb"},"inLanguage":"is","potentialAction":[{"@type":"ReadAction","target":["https:\/\/bioswing.ee\/is\/soluskilmalar\/"]}]},{"@type":"BreadcrumbList","@id":"https:\/\/bioswing.ee\/is\/soluskilmalar\/#breadcrumb","itemListElement":[{"@type":"ListItem","position":1,"name":"Home","item":"https:\/\/bioswing.ee\/is\/"},{"@type":"ListItem","position":2,"name":"S\u00f6luskilm\u00e1lar"}]},{"@type":"WebSite","@id":"https:\/\/bioswing.ee\/#website","url":"https:\/\/bioswing.ee\/","name":"BIOSWING","description":"Smart solutions for healthy sitting","publisher":{"@id":"https:\/\/bioswing.ee\/#organization"},"potentialAction":[{"@type":"SearchAction","target":{"@type":"EntryPoint","urlTemplate":"https:\/\/bioswing.ee\/?s={search_term_string}"},"query-input":{"@type":"PropertyValueSpecification","valueRequired":true,"valueName":"search_term_string"}}],"inLanguage":"is"},{"@type":"Organization","@id":"https:\/\/bioswing.ee\/#organization","name":"BIOSWING","url":"https:\/\/bioswing.ee\/","logo":{"@type":"ImageObject","inLanguage":"is","@id":"https:\/\/bioswing.ee\/#\/schema\/logo\/image\/","url":"https:\/\/bioswing.ee\/wp-content\/uploads\/2023\/04\/logo_web.png","contentUrl":"https:\/\/bioswing.ee\/wp-content\/uploads\/2023\/04\/logo_web.png","width":140,"height":122,"caption":"BIOSWING"},"image":{"@id":"https:\/\/bioswing.ee\/#\/schema\/logo\/image\/"}}]}},"_links":{"self":[{"href":"https:\/\/bioswing.ee\/is\/wp-json\/wp\/v2\/pages\/23986"}],"collection":[{"href":"https:\/\/bioswing.ee\/is\/wp-json\/wp\/v2\/pages"}],"about":[{"href":"https:\/\/bioswing.ee\/is\/wp-json\/wp\/v2\/types\/page"}],"author":[{"embeddable":true,"href":"https:\/\/bioswing.ee\/is\/wp-json\/wp\/v2\/users\/2"}],"replies":[{"embeddable":true,"href":"https:\/\/bioswing.ee\/is\/wp-json\/wp\/v2\/comments?post=23986"}],"version-history":[{"count":2,"href":"https:\/\/bioswing.ee\/is\/wp-json\/wp\/v2\/pages\/23986\/revisions"}],"predecessor-version":[{"id":23988,"href":"https:\/\/bioswing.ee\/is\/wp-json\/wp\/v2\/pages\/23986\/revisions\/23988"}],"wp:attachment":[{"href":"https:\/\/bioswing.ee\/is\/wp-json\/wp\/v2\/media?parent=23986"}],"curies":[{"name":"wp","href":"https:\/\/api.w.org\/{rel}","templated":true}]}}