{"id":23983,"date":"2023-03-31T19:29:21","date_gmt":"2023-03-31T19:29:21","guid":{"rendered":"https:\/\/bioswing.ee\/privacy-policy\/"},"modified":"2025-01-28T11:40:13","modified_gmt":"2025-01-28T11:40:13","slug":"personuverndarstefna","status":"publish","type":"page","link":"https:\/\/bioswing.ee\/is\/personuverndarstefna\/","title":{"rendered":"Pers\u00f3nuverndarstefna"},"content":{"rendered":"<p><div class=\"fusion-fullwidth fullwidth-box fusion-builder-row-1 fusion-flex-container has-pattern-background has-mask-background nonhundred-percent-fullwidth non-hundred-percent-height-scrolling\" style=\"--awb-border-radius-top-left:0px;--awb-border-radius-top-right:0px;--awb-border-radius-bottom-right:0px;--awb-border-radius-bottom-left:0px;--awb-flex-wrap:wrap;\" ><div class=\"fusion-builder-row fusion-row fusion-flex-align-items-center fusion-flex-content-wrap\" style=\"max-width:1248px;margin-left: calc(-4% \/ 2 );margin-right: calc(-4% \/ 2 );\"><div class=\"fusion-layout-column fusion_builder_column fusion-builder-column-0 fusion_builder_column_1_5 1_5 fusion-flex-column\" style=\"--awb-bg-size:cover;--awb-width-large:20%;--awb-margin-top-large:0px;--awb-spacing-right-large:9.6%;--awb-margin-bottom-large:20px;--awb-spacing-left-large:9.6%;--awb-width-medium:20%;--awb-order-medium:0;--awb-spacing-right-medium:9.6%;--awb-spacing-left-medium:9.6%;--awb-width-small:100%;--awb-order-small:0;--awb-spacing-right-small:1.92%;--awb-spacing-left-small:1.92%;\"><div class=\"fusion-column-wrapper fusion-column-has-shadow fusion-flex-justify-content-flex-start fusion-content-layout-column\"><\/div><\/div><div class=\"fusion-layout-column fusion_builder_column fusion-builder-column-1 fusion_builder_column_3_5 3_5 fusion-flex-column\" style=\"--awb-bg-size:cover;--awb-width-large:60%;--awb-margin-top-large:0px;--awb-spacing-right-large:3.2%;--awb-margin-bottom-large:20px;--awb-spacing-left-large:3.2%;--awb-width-medium:60%;--awb-order-medium:0;--awb-spacing-right-medium:3.2%;--awb-spacing-left-medium:3.2%;--awb-width-small:100%;--awb-order-small:0;--awb-spacing-right-small:1.92%;--awb-spacing-left-small:1.92%;\"><div class=\"fusion-column-wrapper fusion-column-has-shadow fusion-flex-justify-content-flex-start fusion-content-layout-column\"><div class=\"fusion-title title fusion-title-1 fusion-sep-none fusion-title-text fusion-title-size-one\"><h1 class=\"fusion-title-heading title-heading-left\" style=\"margin:0;\">Pers\u00f3nuverndarstefna<\/h1><\/div><div class=\"fusion-text fusion-text-1\"><p>Traust vi\u00f0skiptavina okkar og samstarfsa\u00f0ila skiptir okkur miklu m\u00e1li. Vi\u00f0 viljum a\u00f0 allir sem deila pers\u00f3nulegum uppl\u00fdsingum me\u00f0 okkur geti veri\u00f0 vissir um a\u00f0 vi\u00f0 tryggjum bestu m\u00f6gulegu me\u00f0fer\u00f0 \u00e1 \u00feessum g\u00f6gnum.<\/p>\n<p>\u00deessi pers\u00f3nuverndarstefna er h\u00f6nnu\u00f0 til a\u00f0 vernda fri\u00f0helgi fyrrverandi, n\u00faverandi og framt\u00ed\u00f0ar vi\u00f0skiptavina SKS V\u00f5ru O\u00dc. \u00cd henni \u00fatsk\u00fdrum vi\u00f0 \u00feau prinsipp sem vi\u00f0 fylgjum vi\u00f0 s\u00f6fnun, notkun, geymslu, mi\u00f0lun og birtingu pers\u00f3nuuppl\u00fdsinga vi\u00f0skiptavina \u00ed samr\u00e6mi vi\u00f0 l\u00f6g L\u00fd\u00f0veldisins Eistlands og Evr\u00f3pusambandsins.<\/p>\n<p><strong>S\u00f6fnun og notkun pers\u00f3nuuppl\u00fdsinga<\/strong><\/p>\n<p>Vi\u00f0 me\u00f0h\u00f6ndlum g\u00f6gn sem einstaklingur deilir me\u00f0 okkur viljandi sem pers\u00f3nuuppl\u00fdsingar. Pers\u00f3nuuppl\u00fdsingar geta fali\u00f0 \u00ed s\u00e9r nafn, s\u00edman\u00famer, netfang, heimilisfang og \u00f6nnur uppl\u00fdsingar.<\/p>\n<p>Vi\u00f0 notum pers\u00f3nuuppl\u00fdsingar einungis til a\u00f0 veita vi\u00f0skiptavinum okkar n\u00fdjustu marka\u00f0suppl\u00fdsingar, deila n\u00fdjum \u00fer\u00f3unum, svara spurningum, deila bestu tilbo\u00f0um og uppl\u00fdsingum um vi\u00f0skiptavinasdaga og a\u00f0rar tengdar starfsemi SKS V\u00f5ru O\u00dc.<\/p>\n<p>SKS V\u00f5ru O\u00dc dreifir ekki, mi\u00f0lar ekki, breytir ekki e\u00f0a notar pers\u00f3nuuppl\u00fdsingar \u00e1 \u00f3v\u00e6ntan h\u00e1tt, nema vi\u00f0skiptavinur hafi sam\u00feykkt e\u00f0a ef uppl\u00fdsinga\u00fe\u00f6rf kemur upp samkv\u00e6mt l\u00f6gum L\u00fd\u00f0veldisins Eistlands.<\/p>\n<p>Ef \u00fe\u00fa hefur fengi\u00f0 ofangreindar uppl\u00fdsingar fr\u00e1 okkur \u00e1n \u00feess a\u00f0 hafa deilt eigin pers\u00f3nuuppl\u00fdsingum, vinsamlegast haf\u00f0u samband vi\u00f0 <a href=\"mailto:info@bioswing.ee\" rel=\"noopener\">info@bioswing.ee<\/a>.<\/p>\n<p>Einstaklingur hefur r\u00e9tt til a\u00f0 afturkalla sam\u00feykki sitt hven\u00e6r sem er me\u00f0 \u00fev\u00ed a\u00f0 senda bei\u00f0ni \u00e1 <a href=\"mailto:info@bioswing.ee\" rel=\"noopener\">info@bioswing.ee<\/a>.<\/p>\n<p><strong>Vafrak\u00f6kur<\/strong><\/p>\n<p>SKS V\u00f5ru O\u00dc notar vafrak\u00f6kur \u00e1 vefs\u00ed\u00f0u sinni til a\u00f0 greina v\u00f6frunars\u00f6guna \u00fe\u00edna. Vi\u00f0 notum \u00feessar uppl\u00fdsingar til a\u00f0 gera notendaupplifunina \u00fe\u00e6gilegri og vi\u00f0eigandi fyrir \u00fearfir \u00fe\u00ednar. Vi\u00f0 notum einnig vafrak\u00f6kur fyrir t\u00f6lfr\u00e6\u00f0ian\u00e1l\u00fdsu og til a\u00f0 birta augl\u00fdsingar \u00ed gegnum vanda\u00f0 valdar \u00feri\u00f0ja a\u00f0ila forrit (eins og Google, Adroll, Facebook, Mailchimp o.s.frv.).<\/p>\n<p>Vafrakaka er textaskr\u00e1 sem vefs\u00ed\u00f0ur sem notandinn heims\u00e6kir sendir og er vista\u00f0 \u00e1 t\u00f6lvu notandans. Vafrakakan er vistu\u00f0 \u00ed skr\u00e1arsafni vafrans. Ef notandinn hefur heims\u00f3tt s\u00ed\u00f0una \u00e1\u00f0ur, les vafrinn vafrak\u00f6kuna og sendir vi\u00f0eigandi uppl\u00fdsingar \u00e1 vefs\u00ed\u00f0una e\u00f0a hlutinn sem var vistu\u00f0 vi\u00f0 upphaf vafrak\u00f6kunnar. N\u00e1nari uppl\u00fdsingar um vafrak\u00f6kur er a\u00f0 finna \u00e1 <a href=\"http:\/\/www.aki.ee\/et\/kupsised\" target=\"_blank\" rel=\"noopener\">www.aki.ee\/et\/kupsised<\/a>.<\/p>\n<p>Vafrinn hefur r\u00e9tt til a\u00f0 sl\u00f6kkva \u00e1 notkun vafrakaka. Ef \u00fe\u00fa vilt \u00fea\u00f0, ver\u00f0ur \u00fe\u00fa a\u00f0 breyta stillingum vafrans.<\/p>\n<p><strong>Skilm\u00e1lar pers\u00f3nuverndarstefnu<\/strong><\/p>\n<p>Me\u00f0 \u00fev\u00ed a\u00f0 senda g\u00f6gnin \u00fe\u00edn og halda \u00e1fram a\u00f0 nota vefs\u00ed\u00f0u okkar, sam\u00feykkir \u00fe\u00fa okkar stefnu og skilm\u00e1la. SKS V\u00f5ru O\u00dc \u00e1skilur s\u00e9r r\u00e9tt til a\u00f0 breyta almennt skilm\u00e1lum pers\u00f3nuverndarstefnunnar ef \u00fe\u00f6rf krefur.<\/p>\n<p>Fyrir allar spurningar um pers\u00f3nuverndarstefnu, vinsamlegast haf\u00f0u samband vi\u00f0 okkur \u00e1 <a href=\"mailto:info@bioswing.ee\" rel=\"noopener\">info@bioswing.ee<\/a>.<\/p>\n<\/div><\/div><\/div><div class=\"fusion-layout-column fusion_builder_column fusion-builder-column-2 fusion_builder_column_1_5 1_5 fusion-flex-column\" style=\"--awb-bg-size:cover;--awb-width-large:20%;--awb-margin-top-large:0px;--awb-spacing-right-large:9.6%;--awb-margin-bottom-large:20px;--awb-spacing-left-large:9.6%;--awb-width-medium:20%;--awb-order-medium:0;--awb-spacing-right-medium:9.6%;--awb-spacing-left-medium:9.6%;--awb-width-small:100%;--awb-order-small:0;--awb-spacing-right-small:1.92%;--awb-spacing-left-small:1.92%;\"><div class=\"fusion-column-wrapper fusion-column-has-shadow fusion-flex-justify-content-flex-start fusion-content-layout-column\"><\/div><\/div><\/div><\/div><div class=\"fusion-fullwidth fullwidth-box fusion-builder-row-2 fusion-flex-container has-pattern-background has-mask-background nonhundred-percent-fullwidth non-hundred-percent-height-scrolling\" style=\"--awb-border-radius-top-left:0px;--awb-border-radius-top-right:0px;--awb-border-radius-bottom-right:0px;--awb-border-radius-bottom-left:0px;--awb-flex-wrap:wrap;\" ><div class=\"fusion-builder-row fusion-row fusion-flex-align-items-flex-start fusion-flex-content-wrap\" style=\"max-width:1248px;margin-left: calc(-4% \/ 2 );margin-right: calc(-4% \/ 2 );\"><\/div><\/div><\/p>\n","protected":false},"excerpt":{"rendered":"","protected":false},"author":1,"featured_media":0,"parent":0,"menu_order":0,"comment_status":"closed","ping_status":"open","template":"","meta":{"_acf_changed":false,"footnotes":""},"class_list":["post-23983","page","type-page","status-publish","hentry"],"acf":[],"yoast_head":"<!-- This site is optimized with the Yoast SEO plugin v24.3 - https:\/\/yoast.com\/wordpress\/plugins\/seo\/ -->\n<title>Pers\u00f3nuverndarstefna - BIOSWING<\/title>\n<meta name=\"robots\" content=\"index, follow, max-snippet:-1, max-image-preview:large, max-video-preview:-1\" \/>\n<link rel=\"canonical\" href=\"https:\/\/bioswing.ee\/is\/personuverndarstefna\/\" \/>\n<meta property=\"og:locale\" content=\"is_IS\" \/>\n<meta property=\"og:type\" content=\"article\" \/>\n<meta property=\"og:title\" content=\"Pers\u00f3nuverndarstefna - BIOSWING\" \/>\n<meta property=\"og:url\" content=\"https:\/\/bioswing.ee\/is\/personuverndarstefna\/\" \/>\n<meta property=\"og:site_name\" content=\"BIOSWING\" \/>\n<meta property=\"article:modified_time\" content=\"2025-01-28T11:40:13+00:00\" \/>\n<meta name=\"twitter:card\" content=\"summary_large_image\" \/>\n<meta name=\"twitter:label1\" content=\"Est. reading time\" \/>\n\t<meta name=\"twitter:data1\" content=\"2 minutes\" \/>\n<script type=\"application\/ld+json\" class=\"yoast-schema-graph\">{\"@context\":\"https:\/\/schema.org\",\"@graph\":[{\"@type\":\"WebPage\",\"@id\":\"https:\/\/bioswing.ee\/is\/personuverndarstefna\/\",\"url\":\"https:\/\/bioswing.ee\/is\/personuverndarstefna\/\",\"name\":\"Pers\u00f3nuverndarstefna - BIOSWING\",\"isPartOf\":{\"@id\":\"https:\/\/bioswing.ee\/#website\"},\"datePublished\":\"2023-03-31T19:29:21+00:00\",\"dateModified\":\"2025-01-28T11:40:13+00:00\",\"breadcrumb\":{\"@id\":\"https:\/\/bioswing.ee\/is\/personuverndarstefna\/#breadcrumb\"},\"inLanguage\":\"is\",\"potentialAction\":[{\"@type\":\"ReadAction\",\"target\":[\"https:\/\/bioswing.ee\/is\/personuverndarstefna\/\"]}]},{\"@type\":\"BreadcrumbList\",\"@id\":\"https:\/\/bioswing.ee\/is\/personuverndarstefna\/#breadcrumb\",\"itemListElement\":[{\"@type\":\"ListItem\",\"position\":1,\"name\":\"Home\",\"item\":\"https:\/\/bioswing.ee\/is\/\"},{\"@type\":\"ListItem\",\"position\":2,\"name\":\"Pers\u00f3nuverndarstefna\"}]},{\"@type\":\"WebSite\",\"@id\":\"https:\/\/bioswing.ee\/#website\",\"url\":\"https:\/\/bioswing.ee\/\",\"name\":\"BIOSWING\",\"description\":\"Smart solutions for healthy sitting\",\"publisher\":{\"@id\":\"https:\/\/bioswing.ee\/#organization\"},\"potentialAction\":[{\"@type\":\"SearchAction\",\"target\":{\"@type\":\"EntryPoint\",\"urlTemplate\":\"https:\/\/bioswing.ee\/?s={search_term_string}\"},\"query-input\":{\"@type\":\"PropertyValueSpecification\",\"valueRequired\":true,\"valueName\":\"search_term_string\"}}],\"inLanguage\":\"is\"},{\"@type\":\"Organization\",\"@id\":\"https:\/\/bioswing.ee\/#organization\",\"name\":\"BIOSWING\",\"url\":\"https:\/\/bioswing.ee\/\",\"logo\":{\"@type\":\"ImageObject\",\"inLanguage\":\"is\",\"@id\":\"https:\/\/bioswing.ee\/#\/schema\/logo\/image\/\",\"url\":\"https:\/\/bioswing.ee\/wp-content\/uploads\/2023\/04\/logo_web.png\",\"contentUrl\":\"https:\/\/bioswing.ee\/wp-content\/uploads\/2023\/04\/logo_web.png\",\"width\":140,\"height\":122,\"caption\":\"BIOSWING\"},\"image\":{\"@id\":\"https:\/\/bioswing.ee\/#\/schema\/logo\/image\/\"}}]}<\/script>\n<!-- \/ Yoast SEO plugin. -->","yoast_head_json":{"title":"Pers\u00f3nuverndarstefna - BIOSWING","robots":{"index":"index","follow":"follow","max-snippet":"max-snippet:-1","max-image-preview":"max-image-preview:large","max-video-preview":"max-video-preview:-1"},"canonical":"https:\/\/bioswing.ee\/is\/personuverndarstefna\/","og_locale":"is_IS","og_type":"article","og_title":"Pers\u00f3nuverndarstefna - BIOSWING","og_url":"https:\/\/bioswing.ee\/is\/personuverndarstefna\/","og_site_name":"BIOSWING","article_modified_time":"2025-01-28T11:40:13+00:00","twitter_card":"summary_large_image","twitter_misc":{"Est. reading time":"2 minutes"},"schema":{"@context":"https:\/\/schema.org","@graph":[{"@type":"WebPage","@id":"https:\/\/bioswing.ee\/is\/personuverndarstefna\/","url":"https:\/\/bioswing.ee\/is\/personuverndarstefna\/","name":"Pers\u00f3nuverndarstefna - BIOSWING","isPartOf":{"@id":"https:\/\/bioswing.ee\/#website"},"datePublished":"2023-03-31T19:29:21+00:00","dateModified":"2025-01-28T11:40:13+00:00","breadcrumb":{"@id":"https:\/\/bioswing.ee\/is\/personuverndarstefna\/#breadcrumb"},"inLanguage":"is","potentialAction":[{"@type":"ReadAction","target":["https:\/\/bioswing.ee\/is\/personuverndarstefna\/"]}]},{"@type":"BreadcrumbList","@id":"https:\/\/bioswing.ee\/is\/personuverndarstefna\/#breadcrumb","itemListElement":[{"@type":"ListItem","position":1,"name":"Home","item":"https:\/\/bioswing.ee\/is\/"},{"@type":"ListItem","position":2,"name":"Pers\u00f3nuverndarstefna"}]},{"@type":"WebSite","@id":"https:\/\/bioswing.ee\/#website","url":"https:\/\/bioswing.ee\/","name":"BIOSWING","description":"Smart solutions for healthy sitting","publisher":{"@id":"https:\/\/bioswing.ee\/#organization"},"potentialAction":[{"@type":"SearchAction","target":{"@type":"EntryPoint","urlTemplate":"https:\/\/bioswing.ee\/?s={search_term_string}"},"query-input":{"@type":"PropertyValueSpecification","valueRequired":true,"valueName":"search_term_string"}}],"inLanguage":"is"},{"@type":"Organization","@id":"https:\/\/bioswing.ee\/#organization","name":"BIOSWING","url":"https:\/\/bioswing.ee\/","logo":{"@type":"ImageObject","inLanguage":"is","@id":"https:\/\/bioswing.ee\/#\/schema\/logo\/image\/","url":"https:\/\/bioswing.ee\/wp-content\/uploads\/2023\/04\/logo_web.png","contentUrl":"https:\/\/bioswing.ee\/wp-content\/uploads\/2023\/04\/logo_web.png","width":140,"height":122,"caption":"BIOSWING"},"image":{"@id":"https:\/\/bioswing.ee\/#\/schema\/logo\/image\/"}}]}},"_links":{"self":[{"href":"https:\/\/bioswing.ee\/is\/wp-json\/wp\/v2\/pages\/23983"}],"collection":[{"href":"https:\/\/bioswing.ee\/is\/wp-json\/wp\/v2\/pages"}],"about":[{"href":"https:\/\/bioswing.ee\/is\/wp-json\/wp\/v2\/types\/page"}],"author":[{"embeddable":true,"href":"https:\/\/bioswing.ee\/is\/wp-json\/wp\/v2\/users\/1"}],"replies":[{"embeddable":true,"href":"https:\/\/bioswing.ee\/is\/wp-json\/wp\/v2\/comments?post=23983"}],"version-history":[{"count":2,"href":"https:\/\/bioswing.ee\/is\/wp-json\/wp\/v2\/pages\/23983\/revisions"}],"predecessor-version":[{"id":23985,"href":"https:\/\/bioswing.ee\/is\/wp-json\/wp\/v2\/pages\/23983\/revisions\/23985"}],"wp:attachment":[{"href":"https:\/\/bioswing.ee\/is\/wp-json\/wp\/v2\/media?parent=23983"}],"curies":[{"name":"wp","href":"https:\/\/api.w.org\/{rel}","templated":true}]}}