{"id":23965,"date":"2023-04-13T09:53:58","date_gmt":"2023-04-13T09:53:58","guid":{"rendered":"https:\/\/bioswing.ee\/about-us\/"},"modified":"2025-04-14T18:35:19","modified_gmt":"2025-04-14T18:35:19","slug":"um-okkur","status":"publish","type":"page","link":"https:\/\/bioswing.ee\/is\/um-okkur\/","title":{"rendered":"UM OKKUR"},"content":{"rendered":"<div class=\"fusion-fullwidth fullwidth-box fusion-builder-row-1 fusion-flex-container has-pattern-background has-mask-background nonhundred-percent-fullwidth non-hundred-percent-height-scrolling\" style=\"--awb-border-radius-top-left:0px;--awb-border-radius-top-right:0px;--awb-border-radius-bottom-right:0px;--awb-border-radius-bottom-left:0px;--awb-flex-wrap:wrap;\" ><div class=\"fusion-builder-row fusion-row fusion-flex-align-items-flex-start fusion-flex-content-wrap\" style=\"max-width:1248px;margin-left: calc(-4% \/ 2 );margin-right: calc(-4% \/ 2 );\"><div class=\"fusion-layout-column fusion_builder_column fusion-builder-column-0 fusion_builder_column_1_2 1_2 fusion-flex-column\" style=\"--awb-bg-size:cover;--awb-width-large:50%;--awb-margin-top-large:0px;--awb-spacing-right-large:3.84%;--awb-margin-bottom-large:20px;--awb-spacing-left-large:3.84%;--awb-width-medium:50%;--awb-order-medium:0;--awb-spacing-right-medium:3.84%;--awb-spacing-left-medium:3.84%;--awb-width-small:100%;--awb-order-small:0;--awb-spacing-right-small:1.92%;--awb-spacing-left-small:1.92%;\"><div class=\"fusion-column-wrapper fusion-column-has-shadow fusion-flex-justify-content-flex-start fusion-content-layout-column\"><div class=\"fusion-image-element \" style=\"--awb-caption-title-font-family:var(--h2_typography-font-family);--awb-caption-title-font-weight:var(--h2_typography-font-weight);--awb-caption-title-font-style:var(--h2_typography-font-style);--awb-caption-title-size:var(--h2_typography-font-size);--awb-caption-title-transform:var(--h2_typography-text-transform);--awb-caption-title-line-height:var(--h2_typography-line-height);--awb-caption-title-letter-spacing:var(--h2_typography-letter-spacing);\"><span class=\" fusion-imageframe imageframe-none imageframe-1 hover-type-none\"><img decoding=\"async\" width=\"688\" height=\"1000\" title=\"portrait_eduard_haider_2020-688&#215;1000\" src=\"https:\/\/bioswing.ee\/wp-content\/uploads\/2025\/04\/portrait_eduard_haider_2020-688x1000-1.jpg\" alt class=\"img-responsive wp-image-27766\" srcset=\"https:\/\/bioswing.ee\/wp-content\/uploads\/2025\/04\/portrait_eduard_haider_2020-688x1000-1-200x291.jpg 200w, https:\/\/bioswing.ee\/wp-content\/uploads\/2025\/04\/portrait_eduard_haider_2020-688x1000-1-400x581.jpg 400w, https:\/\/bioswing.ee\/wp-content\/uploads\/2025\/04\/portrait_eduard_haider_2020-688x1000-1-600x872.jpg 600w, https:\/\/bioswing.ee\/wp-content\/uploads\/2025\/04\/portrait_eduard_haider_2020-688x1000-1.jpg 688w\" sizes=\"(max-width: 640px) 100vw, 600px\" \/><\/span><\/div><\/div><\/div><div class=\"fusion-layout-column fusion_builder_column fusion-builder-column-1 fusion_builder_column_1_2 1_2 fusion-flex-column\" style=\"--awb-bg-size:cover;--awb-width-large:50%;--awb-margin-top-large:0px;--awb-spacing-right-large:3.84%;--awb-margin-bottom-large:20px;--awb-spacing-left-large:3.84%;--awb-width-medium:50%;--awb-order-medium:0;--awb-spacing-right-medium:3.84%;--awb-spacing-left-medium:3.84%;--awb-width-small:100%;--awb-order-small:0;--awb-spacing-right-small:1.92%;--awb-spacing-left-small:1.92%;\"><div class=\"fusion-column-wrapper fusion-column-has-shadow fusion-flex-justify-content-flex-start fusion-content-layout-column\"><div class=\"fusion-title title fusion-title-1 fusion-sep-none fusion-title-text fusion-title-size-one\"><h1 class=\"fusion-title-heading title-heading-left\" style=\"margin:0;\">Einkas\u00f6lua\u00f0ili \u00e1 Eystrasaltsl\u00f6ndunum og Nor\u00f0url\u00f6ndunum fyrir Haider Bioswing v\u00f6rur<\/h1><\/div><div class=\"fusion-text fusion-text-1\"><p><strong>\u00c1str\u00ed\u00f0a fyrir heilsu, vinnuvistfr\u00e6\u00f0i og vell\u00ed\u00f0an f\u00f3lks.<\/strong><\/p>\n<p>Hreyktur af bakverkjum sem margir upplifa, \u00fer\u00f3a\u00f0i og hanna\u00f0i fyrirt\u00e6kjafundarinn Eduard Haider fyrstu a\u00f0skildu og sveiflandi vinnust\u00f3lana \u00e1 fyrirt\u00e6kjasv\u00e6\u00f0inu \u00ed nor\u00f0austur B\u00e6jaralandi snemma \u00e1 1980s.<\/p>\n<p>Hann var innbl\u00e1sinn af tilraunum og ni\u00f0urst\u00f6\u00f0um bandar\u00edska taugas\u00e9rfr\u00e6\u00f0ingsins Dennis McGinty, sem gat sanna\u00f0 \u00e1ri\u00f0 1982 a\u00f0 sveiflu-hreyfingar geta stu\u00f0la\u00f0 a\u00f0 l\u00edkamlegri og andlegri frammist\u00f6\u00f0u.<\/p>\n<p>Me\u00f0 uppfinningunni \u00e1 BIOSWING setukerfinu uppfyllti hann s\u00edna s\u00fdn um heilbrig\u00f0a og virka setu og f\u00e9kk einkaleyfi \u00e1 henni \u00e1ri\u00f0 1983.<\/p>\n<p>\u00cd n\u00e1nu samstarfi vi\u00f0 h\u00e1sk\u00f3lastofnanir, l\u00e6kna og me\u00f0fer\u00f0ara\u00f0ila fullkomna\u00f0i og b\u00e6tti hann fyrstu v\u00f6rur s\u00ednar til a\u00f0 b\u00faa til n\u00fdjar v\u00f6rul\u00ednur og vi\u00f0b\u00f3tar notkunarsvi\u00f0: \u00feessar n\u00fdst\u00e1rlegu og skapandi afrek voru skr\u00e1\u00f0 \u00ed samtals 10 einkaleyfi.<\/p>\n<p>Fr\u00e1b\u00e6rar lausnir hafa veri\u00f0 skapa\u00f0ar \u00e1 s\u00ed\u00f0ustu 35 \u00e1rum \u00e1 grunni a\u00f0skilinna sveiflaeininga, sem \u00fe\u00fasundir sj\u00fakra\u00fej\u00e1lfara nota n\u00fa me\u00f0 sj\u00faklingum s\u00ednum \u00ed daglegri starfsemi.<\/p>\n<p>Til dagsins \u00ed dag hefur fyrirt\u00e6ki\u00f0 haldist tr\u00far a\u00f0alkjarna s\u00ednum: a\u00f0 \u00fer\u00f3a og framlei\u00f0a fyrsta flokks lausnir sem sty\u00f0ja vi\u00f0 mannlega heilsu, frammist\u00f6\u00f0u og vell\u00ed\u00f0an. \u00deetta markmi\u00f0 hefur veri\u00f0 innri\u00fe\u00e1ttur \u00ed h\u00e6fum og hvetjandi h\u00f3pi um 100 starfsmanna, sem leggja sig fram dag eftir dag.<\/p>\n<p>Framlei\u00f0slustefnurnar <strong>\u201eframleitt \u00ed \u00de\u00fdskalandi\u201c<\/strong> og <strong>\u201eallt undir einu \u00feaki\u201c<\/strong> hafa reynst \u00e1rangursr\u00edkar, me\u00f0 \u00f6llum hlutum setu-, \u00fej\u00e1lfunar- og me\u00f0fer\u00f0arkerfanna \u00fer\u00f3u\u00f0um \u00e1 Pullenreuth verksmi\u00f0junni og framleiddum \u00e1 sta\u00f0num me\u00f0 h\u00e1g\u00e6\u00f0a efni. Vinnuf\u00e6rni og h\u00e1\u00fer\u00f3u\u00f0 t\u00e6kni saman skapa \u00fev\u00ed langvarandi og h\u00e1g\u00e6\u00f0a v\u00f6rur sem eru nota\u00f0ar af me\u00f0fer\u00f0ara\u00f0ilum, heilsufr\u00f6mu\u00f0um og kr\u00f6fuh\u00f6r\u00f0um vi\u00f0skiptavinum \u00ed m\u00f6rg \u00e1r.<\/p>\n<p>Margir ergonom\u00edu s\u00e9rfr\u00e6\u00f0ingar okkar \u00ed um 150 s\u00e9rh\u00e6f\u00f0um sm\u00e1s\u00f6lum og r\u00e1\u00f0gjafafyrirt\u00e6kjum \u00ed \u00de\u00fdskalandi, Austurr\u00edki og Sviss tryggja a\u00f0 allir vi\u00f0skiptavinir f\u00e1i bestu m\u00f6gulegu r\u00e1\u00f0gj\u00f6f og \u00e1rei\u00f0anlega eftir-s\u00f6lu \u00fej\u00f3nustu.<\/p>\n<\/div><div class=\"fusion-text fusion-text-2\"><p><img decoding=\"async\" class=\"alignnone wp-image-4908\" src=\"https:\/\/bioswing.ee\/wp-content\/uploads\/2023\/08\/pdf.png\" alt=\"\" width=\"21\" height=\"22\" \/> <a href=\"https:\/\/bioswing.ee\/wp-content\/uploads\/2024\/10\/BIOSWING_Product_overview_2024_en.pdf\" target=\"_blank\" rel=\"noopener\">Yfirlit yfir BIOSWING v\u00f6rur (\u00e1 ensku)<\/a><\/p>\n<\/div><\/div><\/div><\/div><\/div>\n","protected":false},"excerpt":{"rendered":"","protected":false},"author":2,"featured_media":0,"parent":0,"menu_order":0,"comment_status":"closed","ping_status":"closed","template":"100-width.php","meta":{"_acf_changed":false,"footnotes":""},"class_list":["post-23965","page","type-page","status-publish","hentry"],"acf":[],"yoast_head":"<!-- This site is optimized with the Yoast SEO plugin v24.3 - https:\/\/yoast.com\/wordpress\/plugins\/seo\/ -->\n<title>UM OKKUR - BIOSWING<\/title>\n<meta name=\"robots\" content=\"index, follow, max-snippet:-1, max-image-preview:large, max-video-preview:-1\" \/>\n<link rel=\"canonical\" href=\"https:\/\/bioswing.ee\/is\/um-okkur\/\" \/>\n<meta property=\"og:locale\" content=\"is_IS\" \/>\n<meta property=\"og:type\" content=\"article\" \/>\n<meta property=\"og:title\" content=\"UM OKKUR - BIOSWING\" \/>\n<meta property=\"og:url\" content=\"https:\/\/bioswing.ee\/is\/um-okkur\/\" \/>\n<meta property=\"og:site_name\" content=\"BIOSWING\" \/>\n<meta property=\"article:modified_time\" content=\"2025-04-14T18:35:19+00:00\" \/>\n<meta property=\"og:image\" content=\"https:\/\/bioswing.ee\/wp-content\/uploads\/2023\/08\/pdf.png\" \/>\n<meta name=\"twitter:card\" content=\"summary_large_image\" \/>\n<meta name=\"twitter:label1\" content=\"Est. reading time\" \/>\n\t<meta name=\"twitter:data1\" content=\"2 minutes\" \/>\n<script type=\"application\/ld+json\" class=\"yoast-schema-graph\">{\"@context\":\"https:\/\/schema.org\",\"@graph\":[{\"@type\":\"WebPage\",\"@id\":\"https:\/\/bioswing.ee\/is\/um-okkur\/\",\"url\":\"https:\/\/bioswing.ee\/is\/um-okkur\/\",\"name\":\"UM OKKUR - BIOSWING\",\"isPartOf\":{\"@id\":\"https:\/\/bioswing.ee\/#website\"},\"primaryImageOfPage\":{\"@id\":\"https:\/\/bioswing.ee\/is\/um-okkur\/#primaryimage\"},\"image\":{\"@id\":\"https:\/\/bioswing.ee\/is\/um-okkur\/#primaryimage\"},\"thumbnailUrl\":\"https:\/\/bioswing.ee\/wp-content\/uploads\/2023\/08\/pdf.png\",\"datePublished\":\"2023-04-13T09:53:58+00:00\",\"dateModified\":\"2025-04-14T18:35:19+00:00\",\"breadcrumb\":{\"@id\":\"https:\/\/bioswing.ee\/is\/um-okkur\/#breadcrumb\"},\"inLanguage\":\"is\",\"potentialAction\":[{\"@type\":\"ReadAction\",\"target\":[\"https:\/\/bioswing.ee\/is\/um-okkur\/\"]}]},{\"@type\":\"ImageObject\",\"inLanguage\":\"is\",\"@id\":\"https:\/\/bioswing.ee\/is\/um-okkur\/#primaryimage\",\"url\":\"https:\/\/bioswing.ee\/wp-content\/uploads\/2023\/08\/pdf.png\",\"contentUrl\":\"https:\/\/bioswing.ee\/wp-content\/uploads\/2023\/08\/pdf.png\"},{\"@type\":\"BreadcrumbList\",\"@id\":\"https:\/\/bioswing.ee\/is\/um-okkur\/#breadcrumb\",\"itemListElement\":[{\"@type\":\"ListItem\",\"position\":1,\"name\":\"Home\",\"item\":\"https:\/\/bioswing.ee\/is\/\"},{\"@type\":\"ListItem\",\"position\":2,\"name\":\"UM OKKUR\"}]},{\"@type\":\"WebSite\",\"@id\":\"https:\/\/bioswing.ee\/#website\",\"url\":\"https:\/\/bioswing.ee\/\",\"name\":\"BIOSWING\",\"description\":\"Smart solutions for healthy sitting\",\"publisher\":{\"@id\":\"https:\/\/bioswing.ee\/#organization\"},\"potentialAction\":[{\"@type\":\"SearchAction\",\"target\":{\"@type\":\"EntryPoint\",\"urlTemplate\":\"https:\/\/bioswing.ee\/?s={search_term_string}\"},\"query-input\":{\"@type\":\"PropertyValueSpecification\",\"valueRequired\":true,\"valueName\":\"search_term_string\"}}],\"inLanguage\":\"is\"},{\"@type\":\"Organization\",\"@id\":\"https:\/\/bioswing.ee\/#organization\",\"name\":\"BIOSWING\",\"url\":\"https:\/\/bioswing.ee\/\",\"logo\":{\"@type\":\"ImageObject\",\"inLanguage\":\"is\",\"@id\":\"https:\/\/bioswing.ee\/#\/schema\/logo\/image\/\",\"url\":\"https:\/\/bioswing.ee\/wp-content\/uploads\/2023\/04\/logo_web.png\",\"contentUrl\":\"https:\/\/bioswing.ee\/wp-content\/uploads\/2023\/04\/logo_web.png\",\"width\":140,\"height\":122,\"caption\":\"BIOSWING\"},\"image\":{\"@id\":\"https:\/\/bioswing.ee\/#\/schema\/logo\/image\/\"}}]}<\/script>\n<!-- \/ Yoast SEO plugin. -->","yoast_head_json":{"title":"UM OKKUR - BIOSWING","robots":{"index":"index","follow":"follow","max-snippet":"max-snippet:-1","max-image-preview":"max-image-preview:large","max-video-preview":"max-video-preview:-1"},"canonical":"https:\/\/bioswing.ee\/is\/um-okkur\/","og_locale":"is_IS","og_type":"article","og_title":"UM OKKUR - BIOSWING","og_url":"https:\/\/bioswing.ee\/is\/um-okkur\/","og_site_name":"BIOSWING","article_modified_time":"2025-04-14T18:35:19+00:00","og_image":[{"url":"https:\/\/bioswing.ee\/wp-content\/uploads\/2023\/08\/pdf.png","type":"","width":"","height":""}],"twitter_card":"summary_large_image","twitter_misc":{"Est. reading time":"2 minutes"},"schema":{"@context":"https:\/\/schema.org","@graph":[{"@type":"WebPage","@id":"https:\/\/bioswing.ee\/is\/um-okkur\/","url":"https:\/\/bioswing.ee\/is\/um-okkur\/","name":"UM OKKUR - BIOSWING","isPartOf":{"@id":"https:\/\/bioswing.ee\/#website"},"primaryImageOfPage":{"@id":"https:\/\/bioswing.ee\/is\/um-okkur\/#primaryimage"},"image":{"@id":"https:\/\/bioswing.ee\/is\/um-okkur\/#primaryimage"},"thumbnailUrl":"https:\/\/bioswing.ee\/wp-content\/uploads\/2023\/08\/pdf.png","datePublished":"2023-04-13T09:53:58+00:00","dateModified":"2025-04-14T18:35:19+00:00","breadcrumb":{"@id":"https:\/\/bioswing.ee\/is\/um-okkur\/#breadcrumb"},"inLanguage":"is","potentialAction":[{"@type":"ReadAction","target":["https:\/\/bioswing.ee\/is\/um-okkur\/"]}]},{"@type":"ImageObject","inLanguage":"is","@id":"https:\/\/bioswing.ee\/is\/um-okkur\/#primaryimage","url":"https:\/\/bioswing.ee\/wp-content\/uploads\/2023\/08\/pdf.png","contentUrl":"https:\/\/bioswing.ee\/wp-content\/uploads\/2023\/08\/pdf.png"},{"@type":"BreadcrumbList","@id":"https:\/\/bioswing.ee\/is\/um-okkur\/#breadcrumb","itemListElement":[{"@type":"ListItem","position":1,"name":"Home","item":"https:\/\/bioswing.ee\/is\/"},{"@type":"ListItem","position":2,"name":"UM OKKUR"}]},{"@type":"WebSite","@id":"https:\/\/bioswing.ee\/#website","url":"https:\/\/bioswing.ee\/","name":"BIOSWING","description":"Smart solutions for healthy sitting","publisher":{"@id":"https:\/\/bioswing.ee\/#organization"},"potentialAction":[{"@type":"SearchAction","target":{"@type":"EntryPoint","urlTemplate":"https:\/\/bioswing.ee\/?s={search_term_string}"},"query-input":{"@type":"PropertyValueSpecification","valueRequired":true,"valueName":"search_term_string"}}],"inLanguage":"is"},{"@type":"Organization","@id":"https:\/\/bioswing.ee\/#organization","name":"BIOSWING","url":"https:\/\/bioswing.ee\/","logo":{"@type":"ImageObject","inLanguage":"is","@id":"https:\/\/bioswing.ee\/#\/schema\/logo\/image\/","url":"https:\/\/bioswing.ee\/wp-content\/uploads\/2023\/04\/logo_web.png","contentUrl":"https:\/\/bioswing.ee\/wp-content\/uploads\/2023\/04\/logo_web.png","width":140,"height":122,"caption":"BIOSWING"},"image":{"@id":"https:\/\/bioswing.ee\/#\/schema\/logo\/image\/"}}]}},"_links":{"self":[{"href":"https:\/\/bioswing.ee\/is\/wp-json\/wp\/v2\/pages\/23965"}],"collection":[{"href":"https:\/\/bioswing.ee\/is\/wp-json\/wp\/v2\/pages"}],"about":[{"href":"https:\/\/bioswing.ee\/is\/wp-json\/wp\/v2\/types\/page"}],"author":[{"embeddable":true,"href":"https:\/\/bioswing.ee\/is\/wp-json\/wp\/v2\/users\/2"}],"replies":[{"embeddable":true,"href":"https:\/\/bioswing.ee\/is\/wp-json\/wp\/v2\/comments?post=23965"}],"version-history":[{"count":7,"href":"https:\/\/bioswing.ee\/is\/wp-json\/wp\/v2\/pages\/23965\/revisions"}],"predecessor-version":[{"id":27894,"href":"https:\/\/bioswing.ee\/is\/wp-json\/wp\/v2\/pages\/23965\/revisions\/27894"}],"wp:attachment":[{"href":"https:\/\/bioswing.ee\/is\/wp-json\/wp\/v2\/media?parent=23965"}],"curies":[{"name":"wp","href":"https:\/\/api.w.org\/{rel}","templated":true}]}}