{"id":37608,"date":"2026-04-02T13:52:24","date_gmt":"2026-04-02T13:52:24","guid":{"rendered":"https:\/\/bioswing.ee\/?post_type=product&#038;p=37608"},"modified":"2026-04-02T13:55:17","modified_gmt":"2026-04-02T13:55:17","slug":"bioswing-260-iq-copy-copy-copy-copy-copy-copy-copy-copy-copy-copy-copy-copy-copy-copy-copy-copy-copy-copy-copy-copy-copy-copy-copy-copy-copy-copy-c-10","status":"publish","type":"product","link":"https:\/\/bioswing.ee\/fr\/toode\/bioswing-260-iq-copy-copy-copy-copy-copy-copy-copy-copy-copy-copy-copy-copy-copy-copy-copy-copy-copy-copy-copy-copy-copy-copy-copy-copy-copy-copy-c-10\/","title":{"rendered":"BIOSWING 260 iQ (Copy) (Copy) (Copy) (Copy) (Copy) (Copy) (Copy) (Copy) (Copy) (Copy) (Copy) (Copy) (Copy) (Copy) (Copy) (Copy) (Copy) (Copy) (Copy) (Copy) (Copy) (Copy) (Copy) (Copy) (Copy) (Copy) (Copy) (Copy) (Copy) (Copy) (Copy) (Copy)"},"content":{"rendered":"<h4>BIOSWING 260 iQ<\/h4>\n<ul>\n<li>Chaise pivotante de bureau, ergonomique, avec effet orthop\u00e9dique<\/li>\n<li>M\u00e9canisme de si\u00e8ge 3D int\u00e9gr\u00e9 et adaptatif<\/li>\n<li>M\u00e9canisme synchrone avec r\u00e9glage automatique du poids (avec r\u00e9glage pr\u00e9cis)<\/li>\n<li>Accoudoirs avec r\u00e9glage individuel en hauteur<\/li>\n<li>R\u00e9glage individuel de l\u2019inclinaison du si\u00e8ge au moyen d\u2019un stabilisateur pelvien ou d\u2019un ressort \u00e0 gaz<\/li>\n<li>Profondeur d\u2019assise r\u00e9glable en fonction de la longueur des jambes<\/li>\n<li>Dossier r\u00e9glable en hauteur avec un modelage lombaire int\u00e9gr\u00e9<\/li>\n<li>Hauteur du dossier : 60 cm<\/li>\n<li>Rev\u00eatement en tissu : X-treme FR noir<\/li>\n<li>Pi\u00e8tement en \u00e9toile : Plastique, noir<\/li>\n<\/ul>\n<p><iframe width=\"100%\" height=\"450\" src=\"https:\/\/www.youtube.com\/embed\/eWx3ptVNA2o\" title=\"YouTube video player\" frameborder=\"0\" allow=\"accelerometer; autoplay; clipboard-write; encrypted-media; gyroscope; picture-in-picture; web-share\" allowfullscreen=\"\"><\/iframe><\/p>\n<p><iframe width=\"100%\" height=\"450\" src=\"https:\/\/www.youtube.com\/embed\/qK7H8w5w384?si=Agl9WEqG2YR7YQtd\" title=\"YouTube video player\" frameborder=\"0\" allow=\"accelerometer; autoplay; clipboard-write; encrypted-media; gyroscope; picture-in-picture; web-share\" allowfullscreen=\"\"><\/iframe><\/p>\n","protected":false},"excerpt":{"rendered":"<h4>La motivation et la sant\u00e9 sont \u00e9troitement li\u00e9es \u00e0 l\u2019harmonie du si\u00e8ge avec l&rsquo;anatomie de la personne.<\/h4>\n<p>Plus la chaise de bureau peut \u00eatre pr\u00e9cis\u00e9ment ajust\u00e9 \u00e0 vos besoins personnels, mieux c\u2019est \u2013 surtout si vous devez \u00eatre assis pendant longtemps.<\/p>\n<p>Les options principales de la s\u00e9rie 2 sont pr\u00e9sent\u00e9es ci-dessous.<\/p>\n<h4>La chaise de bureau BIOSWING de la s\u00e9rie 2 offre de nombreuses options de mouvement suppl\u00e9mentaire lorsque vous \u00eates assis.<\/h4>\n<p>Gr\u00e2ce \u00e0 l\u2019int\u00e9gration des diverses m\u00e9canismes, la s\u00e9rie 2 r\u00e9pond non seulement \u00e0 <strong>chaque mouvement<\/strong> de l&rsquo;utilisateur, mais s&rsquo;adapte \u00e9galement individuellement \u00e0 chaque posture que vous adoptez au cours d&rsquo;une longue journ\u00e9e. De plus, la meilleure posture est toujours la suivante.<\/p>\n<p>Notre colonne vert\u00e9brale appr\u00e9cie une posture droite en combinaison \u00e0 des nombreux mouvements actifs. La s\u00e9rie 2 (best-seller) est \u00e9quip\u00e9e soit d&rsquo;un r\u00e9glage individuel de l&rsquo;inclinaison du si\u00e8ge, soit d&rsquo;un stabilisateur pelvien avec un contact extr\u00eamement mou, de sorte que vous pouvez facilement bouger votre bassin et donc \u00e9galement votre colonne vert\u00e9brale dans la forme naturelle en S.<\/p>\n<p>Nos experts en ergonomie sont toujours \u00e0 votre disposition pour vous pr\u00e9senter en direct les diff\u00e9rences entre les deux m\u00e9canismes et pour vous les faire essayer.<\/p>\n<p>Les mouvements actifs combin\u00e9s \u00e0 une posture droite sont bons pour la colonne vert\u00e9brale. Gr\u00e2ce au <strong>r\u00e9glage individuel de l&rsquo;inclinaison du si\u00e8ge<\/strong>, vous pouvez parfaitement adapter l\u2019inclinaison de n\u2019importe quel mod\u00e8le de la s\u00e9rie 2 \u00e0 vos besoins afin que <strong>votre colonne vert\u00e9brale garde sa forme naturelle en S<\/strong> gr\u00e2ce \u00e0 votre alignement pelvien.<\/p>\n<p><img decoding=\"async\" class=\"alignnone wp-image-916\" src=\"https:\/\/bioswing.ee\/wp-content\/uploads\/2023\/04\/pdf.png\" alt=\"pdf\" width=\"19\" height=\"20\"> <a href=\"https:\/\/bioswing.ee\/wp-content\/uploads\/2023\/04\/produktblatt_260_v02_EN.pdf\" target=\"_blank\" rel=\"noopener\">T\u00e9l\u00e9charger la fiche produit (PDF)<\/a><\/p>\n","protected":false},"featured_media":37580,"template":"","meta":{"_acf_changed":false},"product_brand":[],"product_cat":[],"product_tag":[],"class_list":{"0":"post-37608","1":"product","2":"type-product","3":"status-publish","4":"has-post-thumbnail","7":"first","8":"instock","9":"sale","10":"taxable","11":"shipping-taxable","12":"purchasable","13":"product-type-simple"},"acf":[],"yoast_head":"<!-- This site is optimized with the Yoast SEO plugin v24.3 - https:\/\/yoast.com\/wordpress\/plugins\/seo\/ -->\n<title>BIOSWING 260 iQ (Copy) (Copy) (Copy) (Copy) (Copy) (Copy) (Copy) (Copy) (Copy) (Copy) (Copy) (Copy) (Copy) (Copy) (Copy) (Copy) (Copy) (Copy) (Copy) (Copy) (Copy) (Copy) (Copy) (Copy) (Copy) (Copy) (Copy) (Copy) (Copy) (Copy) (Copy) (Copy) - BIOSWING<\/title>\n<meta name=\"robots\" content=\"index, follow, max-snippet:-1, max-image-preview:large, max-video-preview:-1\" \/>\n<link rel=\"canonical\" href=\"https:\/\/bioswing.ee\/fr\/toode\/bioswing-260-iq-copy-copy-copy-copy-copy-copy-copy-copy-copy-copy-copy-copy-copy-copy-copy-copy-copy-copy-copy-copy-copy-copy-copy-copy-copy-copy-c-10\/\" \/>\n<meta property=\"og:locale\" content=\"fr_FR\" \/>\n<meta property=\"og:type\" content=\"article\" \/>\n<meta property=\"og:title\" content=\"BIOSWING 260 iQ (Copy) (Copy) (Copy) (Copy) (Copy) (Copy) (Copy) (Copy) (Copy) (Copy) (Copy) (Copy) (Copy) (Copy) (Copy) (Copy) (Copy) (Copy) (Copy) (Copy) (Copy) (Copy) (Copy) (Copy) (Copy) (Copy) (Copy) (Copy) (Copy) (Copy) (Copy) (Copy) - BIOSWING\" \/>\n<meta property=\"og:description\" content=\"La motivation et la sant\u00e9 sont \u00e9troitement li\u00e9es \u00e0 l\u2019harmonie du si\u00e8ge avec l&#039;anatomie de la personne. Plus la chaise de bureau peut \u00eatre pr\u00e9cis\u00e9ment ajust\u00e9 \u00e0 vos besoins personnels, mieux c\u2019est \u2013 surtout si vous devez \u00eatre assis pendant longtemps. Les options principales de la s\u00e9rie 2 sont pr\u00e9sent\u00e9es ci-dessous. La chaise de bureau BIOSWING de la s\u00e9rie 2 offre de nombreuses options de mouvement suppl\u00e9mentaire lorsque vous \u00eates assis. Gr\u00e2ce \u00e0 l\u2019int\u00e9gration des diverses m\u00e9canismes, la s\u00e9rie 2 r\u00e9pond non seulement \u00e0 chaque mouvement de l&#039;utilisateur, mais s&#039;adapte \u00e9galement individuellement \u00e0 chaque posture que vous adoptez au cours d&#039;une longue journ\u00e9e. De plus, la meilleure posture est toujours la suivante. Notre colonne vert\u00e9brale appr\u00e9cie une posture droite en combinaison \u00e0 des nombreux mouvements actifs. La s\u00e9rie 2 (best-seller) est \u00e9quip\u00e9e soit d&#039;un r\u00e9glage individuel de l&#039;inclinaison du si\u00e8ge, soit d&#039;un stabilisateur pelvien avec un contact extr\u00eamement mou, de sorte que vous pouvez facilement bouger votre bassin et donc \u00e9galement votre colonne vert\u00e9brale dans la forme naturelle en S. Nos experts en ergonomie sont toujours \u00e0 votre disposition pour vous pr\u00e9senter en direct les diff\u00e9rences entre les deux m\u00e9canismes et pour vous les faire essayer. Les mouvements actifs combin\u00e9s \u00e0 une posture droite sont bons pour la colonne vert\u00e9brale. Gr\u00e2ce au r\u00e9glage individuel de l&#039;inclinaison du si\u00e8ge, vous pouvez parfaitement adapter l\u2019inclinaison de n\u2019importe quel mod\u00e8le de la s\u00e9rie 2 \u00e0 vos besoins afin que votre colonne vert\u00e9brale garde sa forme naturelle en S gr\u00e2ce \u00e0 votre alignement pelvien.  T\u00e9l\u00e9charger la fiche produit (PDF)\" \/>\n<meta property=\"og:url\" content=\"https:\/\/bioswing.ee\/fr\/toode\/bioswing-260-iq-copy-copy-copy-copy-copy-copy-copy-copy-copy-copy-copy-copy-copy-copy-copy-copy-copy-copy-copy-copy-copy-copy-copy-copy-copy-copy-c-10\/\" \/>\n<meta property=\"og:site_name\" content=\"BIOSWING\" \/>\n<meta property=\"article:modified_time\" content=\"2026-04-02T13:55:17+00:00\" \/>\n<meta property=\"og:image\" content=\"https:\/\/bioswing.ee\/wp-content\/uploads\/2026\/04\/bioswing_560_1.jpg\" \/>\n\t<meta property=\"og:image:width\" content=\"800\" \/>\n\t<meta property=\"og:image:height\" content=\"1067\" \/>\n\t<meta property=\"og:image:type\" content=\"image\/jpeg\" \/>\n<meta name=\"twitter:card\" content=\"summary_large_image\" \/>\n<meta name=\"twitter:label1\" content=\"Dur\u00e9e de lecture estim\u00e9e\" \/>\n\t<meta name=\"twitter:data1\" content=\"1 minute\" \/>\n<script type=\"application\/ld+json\" class=\"yoast-schema-graph\">{\"@context\":\"https:\/\/schema.org\",\"@graph\":[{\"@type\":\"WebPage\",\"@id\":\"https:\/\/bioswing.ee\/fr\/toode\/bioswing-260-iq-copy-copy-copy-copy-copy-copy-copy-copy-copy-copy-copy-copy-copy-copy-copy-copy-copy-copy-copy-copy-copy-copy-copy-copy-copy-copy-c-10\/\",\"url\":\"https:\/\/bioswing.ee\/fr\/toode\/bioswing-260-iq-copy-copy-copy-copy-copy-copy-copy-copy-copy-copy-copy-copy-copy-copy-copy-copy-copy-copy-copy-copy-copy-copy-copy-copy-copy-copy-c-10\/\",\"name\":\"BIOSWING 260 iQ (Copy) (Copy) (Copy) (Copy) (Copy) (Copy) (Copy) (Copy) (Copy) (Copy) (Copy) (Copy) (Copy) (Copy) (Copy) (Copy) (Copy) (Copy) (Copy) (Copy) (Copy) (Copy) (Copy) (Copy) (Copy) (Copy) (Copy) (Copy) (Copy) (Copy) (Copy) (Copy) - BIOSWING\",\"isPartOf\":{\"@id\":\"https:\/\/bioswing.ee\/#website\"},\"primaryImageOfPage\":{\"@id\":\"https:\/\/bioswing.ee\/fr\/toode\/bioswing-260-iq-copy-copy-copy-copy-copy-copy-copy-copy-copy-copy-copy-copy-copy-copy-copy-copy-copy-copy-copy-copy-copy-copy-copy-copy-copy-copy-c-10\/#primaryimage\"},\"image\":{\"@id\":\"https:\/\/bioswing.ee\/fr\/toode\/bioswing-260-iq-copy-copy-copy-copy-copy-copy-copy-copy-copy-copy-copy-copy-copy-copy-copy-copy-copy-copy-copy-copy-copy-copy-copy-copy-copy-copy-c-10\/#primaryimage\"},\"thumbnailUrl\":\"https:\/\/bioswing.ee\/wp-content\/uploads\/2026\/04\/bioswing_560_1.jpg\",\"datePublished\":\"2026-04-02T13:52:24+00:00\",\"dateModified\":\"2026-04-02T13:55:17+00:00\",\"breadcrumb\":{\"@id\":\"https:\/\/bioswing.ee\/fr\/toode\/bioswing-260-iq-copy-copy-copy-copy-copy-copy-copy-copy-copy-copy-copy-copy-copy-copy-copy-copy-copy-copy-copy-copy-copy-copy-copy-copy-copy-copy-c-10\/#breadcrumb\"},\"inLanguage\":\"fr-FR\",\"potentialAction\":[{\"@type\":\"ReadAction\",\"target\":[\"https:\/\/bioswing.ee\/fr\/toode\/bioswing-260-iq-copy-copy-copy-copy-copy-copy-copy-copy-copy-copy-copy-copy-copy-copy-copy-copy-copy-copy-copy-copy-copy-copy-copy-copy-copy-copy-c-10\/\"]}]},{\"@type\":\"ImageObject\",\"inLanguage\":\"fr-FR\",\"@id\":\"https:\/\/bioswing.ee\/fr\/toode\/bioswing-260-iq-copy-copy-copy-copy-copy-copy-copy-copy-copy-copy-copy-copy-copy-copy-copy-copy-copy-copy-copy-copy-copy-copy-copy-copy-copy-copy-c-10\/#primaryimage\",\"url\":\"https:\/\/bioswing.ee\/wp-content\/uploads\/2026\/04\/bioswing_560_1.jpg\",\"contentUrl\":\"https:\/\/bioswing.ee\/wp-content\/uploads\/2026\/04\/bioswing_560_1.jpg\",\"width\":800,\"height\":1067},{\"@type\":\"BreadcrumbList\",\"@id\":\"https:\/\/bioswing.ee\/fr\/toode\/bioswing-260-iq-copy-copy-copy-copy-copy-copy-copy-copy-copy-copy-copy-copy-copy-copy-copy-copy-copy-copy-copy-copy-copy-copy-copy-copy-copy-copy-c-10\/#breadcrumb\",\"itemListElement\":[{\"@type\":\"ListItem\",\"position\":1,\"name\":\"Home\",\"item\":\"https:\/\/bioswing.ee\/\"},{\"@type\":\"ListItem\",\"position\":2,\"name\":\"BOUTIQUE\",\"item\":\"https:\/\/bioswing.ee\/fr\/shop\/\"},{\"@type\":\"ListItem\",\"position\":3,\"name\":\"BIOSWING 260 iQ (Copy) (Copy) (Copy) (Copy) (Copy) (Copy) (Copy) (Copy) (Copy) (Copy) (Copy) (Copy) (Copy) (Copy) (Copy) (Copy) (Copy) (Copy) (Copy) (Copy) (Copy) (Copy) (Copy) (Copy) (Copy) (Copy) (Copy) (Copy) (Copy) (Copy) (Copy) (Copy)\"}]},{\"@type\":\"WebSite\",\"@id\":\"https:\/\/bioswing.ee\/#website\",\"url\":\"https:\/\/bioswing.ee\/\",\"name\":\"BIOSWING\",\"description\":\"Smart solutions for healthy sitting\",\"publisher\":{\"@id\":\"https:\/\/bioswing.ee\/#organization\"},\"potentialAction\":[{\"@type\":\"SearchAction\",\"target\":{\"@type\":\"EntryPoint\",\"urlTemplate\":\"https:\/\/bioswing.ee\/?s={search_term_string}\"},\"query-input\":{\"@type\":\"PropertyValueSpecification\",\"valueRequired\":true,\"valueName\":\"search_term_string\"}}],\"inLanguage\":\"fr-FR\"},{\"@type\":\"Organization\",\"@id\":\"https:\/\/bioswing.ee\/#organization\",\"name\":\"BIOSWING\",\"url\":\"https:\/\/bioswing.ee\/\",\"logo\":{\"@type\":\"ImageObject\",\"inLanguage\":\"fr-FR\",\"@id\":\"https:\/\/bioswing.ee\/#\/schema\/logo\/image\/\",\"url\":\"https:\/\/bioswing.ee\/wp-content\/uploads\/2023\/04\/logo_web.png\",\"contentUrl\":\"https:\/\/bioswing.ee\/wp-content\/uploads\/2023\/04\/logo_web.png\",\"width\":140,\"height\":122,\"caption\":\"BIOSWING\"},\"image\":{\"@id\":\"https:\/\/bioswing.ee\/#\/schema\/logo\/image\/\"}}]}<\/script>\n<!-- \/ Yoast SEO plugin. -->","yoast_head_json":{"title":"BIOSWING 260 iQ (Copy) (Copy) (Copy) (Copy) (Copy) (Copy) (Copy) (Copy) (Copy) (Copy) (Copy) (Copy) (Copy) (Copy) (Copy) (Copy) (Copy) (Copy) (Copy) (Copy) (Copy) (Copy) (Copy) (Copy) (Copy) (Copy) (Copy) (Copy) (Copy) (Copy) (Copy) (Copy) - BIOSWING","robots":{"index":"index","follow":"follow","max-snippet":"max-snippet:-1","max-image-preview":"max-image-preview:large","max-video-preview":"max-video-preview:-1"},"canonical":"https:\/\/bioswing.ee\/fr\/toode\/bioswing-260-iq-copy-copy-copy-copy-copy-copy-copy-copy-copy-copy-copy-copy-copy-copy-copy-copy-copy-copy-copy-copy-copy-copy-copy-copy-copy-copy-c-10\/","og_locale":"fr_FR","og_type":"article","og_title":"BIOSWING 260 iQ (Copy) (Copy) (Copy) (Copy) (Copy) (Copy) (Copy) (Copy) (Copy) (Copy) (Copy) (Copy) (Copy) (Copy) (Copy) (Copy) (Copy) (Copy) (Copy) (Copy) (Copy) (Copy) (Copy) (Copy) (Copy) (Copy) (Copy) (Copy) (Copy) (Copy) (Copy) (Copy) - BIOSWING","og_description":"La motivation et la sant\u00e9 sont \u00e9troitement li\u00e9es \u00e0 l\u2019harmonie du si\u00e8ge avec l'anatomie de la personne. Plus la chaise de bureau peut \u00eatre pr\u00e9cis\u00e9ment ajust\u00e9 \u00e0 vos besoins personnels, mieux c\u2019est \u2013 surtout si vous devez \u00eatre assis pendant longtemps. Les options principales de la s\u00e9rie 2 sont pr\u00e9sent\u00e9es ci-dessous. La chaise de bureau BIOSWING de la s\u00e9rie 2 offre de nombreuses options de mouvement suppl\u00e9mentaire lorsque vous \u00eates assis. Gr\u00e2ce \u00e0 l\u2019int\u00e9gration des diverses m\u00e9canismes, la s\u00e9rie 2 r\u00e9pond non seulement \u00e0 chaque mouvement de l'utilisateur, mais s'adapte \u00e9galement individuellement \u00e0 chaque posture que vous adoptez au cours d'une longue journ\u00e9e. De plus, la meilleure posture est toujours la suivante. Notre colonne vert\u00e9brale appr\u00e9cie une posture droite en combinaison \u00e0 des nombreux mouvements actifs. La s\u00e9rie 2 (best-seller) est \u00e9quip\u00e9e soit d'un r\u00e9glage individuel de l'inclinaison du si\u00e8ge, soit d'un stabilisateur pelvien avec un contact extr\u00eamement mou, de sorte que vous pouvez facilement bouger votre bassin et donc \u00e9galement votre colonne vert\u00e9brale dans la forme naturelle en S. Nos experts en ergonomie sont toujours \u00e0 votre disposition pour vous pr\u00e9senter en direct les diff\u00e9rences entre les deux m\u00e9canismes et pour vous les faire essayer. Les mouvements actifs combin\u00e9s \u00e0 une posture droite sont bons pour la colonne vert\u00e9brale. Gr\u00e2ce au r\u00e9glage individuel de l'inclinaison du si\u00e8ge, vous pouvez parfaitement adapter l\u2019inclinaison de n\u2019importe quel mod\u00e8le de la s\u00e9rie 2 \u00e0 vos besoins afin que votre colonne vert\u00e9brale garde sa forme naturelle en S gr\u00e2ce \u00e0 votre alignement pelvien.  T\u00e9l\u00e9charger la fiche produit (PDF)","og_url":"https:\/\/bioswing.ee\/fr\/toode\/bioswing-260-iq-copy-copy-copy-copy-copy-copy-copy-copy-copy-copy-copy-copy-copy-copy-copy-copy-copy-copy-copy-copy-copy-copy-copy-copy-copy-copy-c-10\/","og_site_name":"BIOSWING","article_modified_time":"2026-04-02T13:55:17+00:00","og_image":[{"width":800,"height":1067,"url":"https:\/\/bioswing.ee\/wp-content\/uploads\/2026\/04\/bioswing_560_1.jpg","type":"image\/jpeg"}],"twitter_card":"summary_large_image","twitter_misc":{"Dur\u00e9e de lecture estim\u00e9e":"1 minute"},"schema":{"@context":"https:\/\/schema.org","@graph":[{"@type":"WebPage","@id":"https:\/\/bioswing.ee\/fr\/toode\/bioswing-260-iq-copy-copy-copy-copy-copy-copy-copy-copy-copy-copy-copy-copy-copy-copy-copy-copy-copy-copy-copy-copy-copy-copy-copy-copy-copy-copy-c-10\/","url":"https:\/\/bioswing.ee\/fr\/toode\/bioswing-260-iq-copy-copy-copy-copy-copy-copy-copy-copy-copy-copy-copy-copy-copy-copy-copy-copy-copy-copy-copy-copy-copy-copy-copy-copy-copy-copy-c-10\/","name":"BIOSWING 260 iQ (Copy) (Copy) (Copy) (Copy) (Copy) (Copy) (Copy) (Copy) (Copy) (Copy) (Copy) (Copy) (Copy) (Copy) (Copy) (Copy) (Copy) (Copy) (Copy) (Copy) (Copy) (Copy) (Copy) (Copy) (Copy) (Copy) (Copy) (Copy) (Copy) (Copy) (Copy) (Copy) - BIOSWING","isPartOf":{"@id":"https:\/\/bioswing.ee\/#website"},"primaryImageOfPage":{"@id":"https:\/\/bioswing.ee\/fr\/toode\/bioswing-260-iq-copy-copy-copy-copy-copy-copy-copy-copy-copy-copy-copy-copy-copy-copy-copy-copy-copy-copy-copy-copy-copy-copy-copy-copy-copy-copy-c-10\/#primaryimage"},"image":{"@id":"https:\/\/bioswing.ee\/fr\/toode\/bioswing-260-iq-copy-copy-copy-copy-copy-copy-copy-copy-copy-copy-copy-copy-copy-copy-copy-copy-copy-copy-copy-copy-copy-copy-copy-copy-copy-copy-c-10\/#primaryimage"},"thumbnailUrl":"https:\/\/bioswing.ee\/wp-content\/uploads\/2026\/04\/bioswing_560_1.jpg","datePublished":"2026-04-02T13:52:24+00:00","dateModified":"2026-04-02T13:55:17+00:00","breadcrumb":{"@id":"https:\/\/bioswing.ee\/fr\/toode\/bioswing-260-iq-copy-copy-copy-copy-copy-copy-copy-copy-copy-copy-copy-copy-copy-copy-copy-copy-copy-copy-copy-copy-copy-copy-copy-copy-copy-copy-c-10\/#breadcrumb"},"inLanguage":"fr-FR","potentialAction":[{"@type":"ReadAction","target":["https:\/\/bioswing.ee\/fr\/toode\/bioswing-260-iq-copy-copy-copy-copy-copy-copy-copy-copy-copy-copy-copy-copy-copy-copy-copy-copy-copy-copy-copy-copy-copy-copy-copy-copy-copy-copy-c-10\/"]}]},{"@type":"ImageObject","inLanguage":"fr-FR","@id":"https:\/\/bioswing.ee\/fr\/toode\/bioswing-260-iq-copy-copy-copy-copy-copy-copy-copy-copy-copy-copy-copy-copy-copy-copy-copy-copy-copy-copy-copy-copy-copy-copy-copy-copy-copy-copy-c-10\/#primaryimage","url":"https:\/\/bioswing.ee\/wp-content\/uploads\/2026\/04\/bioswing_560_1.jpg","contentUrl":"https:\/\/bioswing.ee\/wp-content\/uploads\/2026\/04\/bioswing_560_1.jpg","width":800,"height":1067},{"@type":"BreadcrumbList","@id":"https:\/\/bioswing.ee\/fr\/toode\/bioswing-260-iq-copy-copy-copy-copy-copy-copy-copy-copy-copy-copy-copy-copy-copy-copy-copy-copy-copy-copy-copy-copy-copy-copy-copy-copy-copy-copy-c-10\/#breadcrumb","itemListElement":[{"@type":"ListItem","position":1,"name":"Home","item":"https:\/\/bioswing.ee\/"},{"@type":"ListItem","position":2,"name":"BOUTIQUE","item":"https:\/\/bioswing.ee\/fr\/shop\/"},{"@type":"ListItem","position":3,"name":"BIOSWING 260 iQ (Copy) (Copy) (Copy) (Copy) (Copy) (Copy) (Copy) (Copy) (Copy) (Copy) (Copy) (Copy) (Copy) (Copy) (Copy) (Copy) (Copy) (Copy) (Copy) (Copy) (Copy) (Copy) (Copy) (Copy) (Copy) (Copy) (Copy) (Copy) (Copy) (Copy) (Copy) (Copy)"}]},{"@type":"WebSite","@id":"https:\/\/bioswing.ee\/#website","url":"https:\/\/bioswing.ee\/","name":"BIOSWING","description":"Smart solutions for healthy sitting","publisher":{"@id":"https:\/\/bioswing.ee\/#organization"},"potentialAction":[{"@type":"SearchAction","target":{"@type":"EntryPoint","urlTemplate":"https:\/\/bioswing.ee\/?s={search_term_string}"},"query-input":{"@type":"PropertyValueSpecification","valueRequired":true,"valueName":"search_term_string"}}],"inLanguage":"fr-FR"},{"@type":"Organization","@id":"https:\/\/bioswing.ee\/#organization","name":"BIOSWING","url":"https:\/\/bioswing.ee\/","logo":{"@type":"ImageObject","inLanguage":"fr-FR","@id":"https:\/\/bioswing.ee\/#\/schema\/logo\/image\/","url":"https:\/\/bioswing.ee\/wp-content\/uploads\/2023\/04\/logo_web.png","contentUrl":"https:\/\/bioswing.ee\/wp-content\/uploads\/2023\/04\/logo_web.png","width":140,"height":122,"caption":"BIOSWING"},"image":{"@id":"https:\/\/bioswing.ee\/#\/schema\/logo\/image\/"}}]}},"_links":{"self":[{"href":"https:\/\/bioswing.ee\/fr\/wp-json\/wp\/v2\/product\/37608"}],"collection":[{"href":"https:\/\/bioswing.ee\/fr\/wp-json\/wp\/v2\/product"}],"about":[{"href":"https:\/\/bioswing.ee\/fr\/wp-json\/wp\/v2\/types\/product"}],"wp:featuredmedia":[{"embeddable":true,"href":"https:\/\/bioswing.ee\/fr\/wp-json\/wp\/v2\/media\/37580"}],"wp:attachment":[{"href":"https:\/\/bioswing.ee\/fr\/wp-json\/wp\/v2\/media?parent=37608"}],"wp:term":[{"taxonomy":"product_brand","embeddable":true,"href":"https:\/\/bioswing.ee\/fr\/wp-json\/wp\/v2\/product_brand?post=37608"},{"taxonomy":"product_cat","embeddable":true,"href":"https:\/\/bioswing.ee\/fr\/wp-json\/wp\/v2\/product_cat?post=37608"},{"taxonomy":"product_tag","embeddable":true,"href":"https:\/\/bioswing.ee\/fr\/wp-json\/wp\/v2\/product_tag?post=37608"}],"curies":[{"name":"wp","href":"https:\/\/api.w.org\/{rel}","templated":true}]}}