{"id":4316,"date":"2023-07-13T13:13:28","date_gmt":"2023-07-13T13:13:28","guid":{"rendered":"https:\/\/bioswing.ee\/terms\/"},"modified":"2023-08-24T08:26:01","modified_gmt":"2023-08-24T08:26:01","slug":"conditions-de-vente","status":"publish","type":"page","link":"https:\/\/bioswing.ee\/fr\/conditions-de-vente\/","title":{"rendered":"CONDITIONS DE VENTE"},"content":{"rendered":"<p><div class=\"fusion-fullwidth fullwidth-box fusion-builder-row-1 fusion-flex-container has-pattern-background has-mask-background nonhundred-percent-fullwidth non-hundred-percent-height-scrolling\" style=\"--awb-border-radius-top-left:0px;--awb-border-radius-top-right:0px;--awb-border-radius-bottom-right:0px;--awb-border-radius-bottom-left:0px;--awb-flex-wrap:wrap;\" ><div class=\"fusion-builder-row fusion-row fusion-flex-align-items-center fusion-flex-content-wrap\" style=\"max-width:1248px;margin-left: calc(-4% \/ 2 );margin-right: calc(-4% \/ 2 );\"><div class=\"fusion-layout-column fusion_builder_column fusion-builder-column-0 fusion_builder_column_1_5 1_5 fusion-flex-column\" style=\"--awb-bg-size:cover;--awb-width-large:20%;--awb-margin-top-large:0px;--awb-spacing-right-large:9.6%;--awb-margin-bottom-large:20px;--awb-spacing-left-large:9.6%;--awb-width-medium:20%;--awb-order-medium:0;--awb-spacing-right-medium:9.6%;--awb-spacing-left-medium:9.6%;--awb-width-small:100%;--awb-order-small:0;--awb-spacing-right-small:1.92%;--awb-spacing-left-small:1.92%;\"><div class=\"fusion-column-wrapper fusion-column-has-shadow fusion-flex-justify-content-flex-start fusion-content-layout-column\"><\/div><\/div><div class=\"fusion-layout-column fusion_builder_column fusion-builder-column-1 fusion_builder_column_3_5 3_5 fusion-flex-column\" style=\"--awb-bg-size:cover;--awb-width-large:60%;--awb-margin-top-large:0px;--awb-spacing-right-large:3.2%;--awb-margin-bottom-large:20px;--awb-spacing-left-large:3.2%;--awb-width-medium:60%;--awb-order-medium:0;--awb-spacing-right-medium:3.2%;--awb-spacing-left-medium:3.2%;--awb-width-small:100%;--awb-order-small:0;--awb-spacing-right-small:1.92%;--awb-spacing-left-small:1.92%;\"><div class=\"fusion-column-wrapper fusion-column-has-shadow fusion-flex-justify-content-flex-start fusion-content-layout-column\"><div class=\"fusion-title title fusion-title-1 fusion-sep-none fusion-title-text fusion-title-size-one\"><h1 class=\"fusion-title-heading title-heading-left\" style=\"margin:0;\">Conditions de vente<\/h1><\/div><div class=\"fusion-text fusion-text-1\"><p><strong>Conditions g\u00e9n\u00e9rales des transactions de vente<\/strong><\/p>\n<p>Valable dans la boutique en ligne depuis le 01\/06\/2023<\/p>\n<ol>\n<li><strong> Dispositions g\u00e9n\u00e9rales<\/strong><br \/>\n1.1. Les pr\u00e9sentes Conditions G\u00e9n\u00e9rales d\u00e9terminent les principes de base de toute relation juridique entre la soci\u00e9t\u00e9 SKS V\u00f5ru O\u00dc (ci-apr\u00e8s le Vendeur) et l&rsquo;Acheteur, ainsi que les conditions g\u00e9n\u00e9rales de conclusion de transactions entre le Vendeur et l&rsquo;Acheteur (ci-apr\u00e8s conjointement les Parties). Les conditions g\u00e9n\u00e9rales s&rsquo;appliquent \u00e0 toutes les relations juridiques survenant entre les Parties.<br \/>\n1.2. Outre les Conditions G\u00e9n\u00e9rales, les relations juridiques entre les Parties sont r\u00e9gies par les normes juridiques de la R\u00e9publique d&rsquo;Estonie et par une Commande ou un Accord \u00e9ventuel.<br \/>\n1.3. En cas de conflit entre l\u2019interpr\u00e9tation des Conditions G\u00e9n\u00e9rales et la Commande, les dispositions de la Commande s&rsquo;appliqueront. En cas de conflit entre les Conditions G\u00e9n\u00e9rales ou la Commande et l&rsquo;Accord, les dispositions de l&rsquo;Accord s&rsquo;appliqueront.<br \/>\nLorsque le contexte l&rsquo;exige, la terminologie d\u00e9sign\u00e9e au singulier inclue \u00e9galement le pluriel, et vice versa. Les titres des clauses ne sont repris dans les Conditions G\u00e9n\u00e9rales que pour en faciliter la lecture et n&rsquo;affectent en rien l&rsquo;interpr\u00e9tation du contenu des clauses.<br \/>\n1.4. Toute clause des Conditions G\u00e9n\u00e9rales doit faire l\u2019objet de l\u2019interpr\u00e9tation conjointe avec les autres clauses des Conditions G\u00e9n\u00e9rales, suivant la signification et l&rsquo;objectif des Conditions G\u00e9n\u00e9rales.<\/li>\n<li><strong> Definitions<\/strong><br \/>\n2.1. Le Vendeur est la soci\u00e9t\u00e9 SKS V\u00f5ru O\u00dc.<br \/>\n2.2. L\u2019Acheteur est toute personne physique ou morale qui ach\u00e8te ou souhaite acheter les Produits et\/ou Services propos\u00e9s par le Vendeur.<br \/>\n2.3. Le Produit est tout meuble et tout autre article d&rsquo;ameublement vendu par le Vendeur \u00e0 l&rsquo;Acheteur.<br \/>\n2.4. Le service consiste en un plan de salle ou en une conception int\u00e9rieure r\u00e9alis\u00e9 par le Vendeur \u00e0 la demande de l&rsquo;Acheteur, le transport des produits vendus \u00e0 l&rsquo;endroit pr\u00e9vu par l&rsquo;Acheteur et le montage et l&rsquo;installation du produit.<br \/>\n2.5. La liste de prix est un document \u00e9tabli par le Vendeur et refl\u00e9tant les prix des produits et des services.<br \/>\n2.6. La confirmation de commande est consid\u00e9r\u00e9e comme un contrat d&rsquo;achat et de vente entre l&rsquo;Acheteur et le Vendeur.<br \/>\n2.7. Le d\u00e9lai d&rsquo;ex\u00e9cution de la commande est le d\u00e9lai pendant lequel le Produit et\/ou le service fourni doit \u00eatre disponible pour l&rsquo;Acheteur.<\/li>\n<li><strong> Tarification<\/strong><br \/>\n3.1. Les prix valables pour les Produits et Services sont indiqu\u00e9s dans la Liste de Prix \u00e9tablie par le Vendeur. Les prix indiqu\u00e9s dans la Liste de Prix incluent la TVA et n&rsquo;incluent pas le co\u00fbt de la palette. Les prix indiqu\u00e9s dans la Liste de Prix comprennent le co\u00fbt d\u2019emballage.<br \/>\n3.2. Le Vendeur se r\u00e9serve le droit d&rsquo;apporter unilat\u00e9ralement des modifications \u00e0 la Liste de Prix. Les dites modifications prennent effet \u00e0 compter de la date de r\u00e9alisation des modifications ou \u00e0 partir de tout autre moment \u00e9tabli par le Vendeur. Les modifications apport\u00e9es dans la Liste de Prix n&rsquo;ont pas d&rsquo;effet r\u00e9troactif sur les Offres de Prix et les Commandes conclues avant la modification de la Liste de Prix.<\/li>\n<li><strong> Conditions de paiement<\/strong><br \/>\n4.1. Le Vendeur se r\u00e9serve le droit d&rsquo;exiger de l&rsquo;Acheteur un paiement anticip\u00e9 pour le Produit et le Service dans la mesure convenue avec l&rsquo;Acheteur avant de lancer l\u2019ex\u00e9cution de la Commande. Concernant les commandes pass\u00e9es dans la boutique en ligne, une facture de pr\u00e9paiement doit \u00eatre regl\u00e9e en totalit\u00e9 avant que la commande ne soit accept\u00e9e pour l\u2019ex\u00e9cution.<br \/>\n4.2. Tous les montants dus par l&rsquo;Acheteur seront consid\u00e9r\u00e9s comme d\u00fbment r\u00e9gl\u00e9 au Vendeur \u00e0 partir de la r\u00e9ception du montant correspondant sur le compte bancaire du Vendeur.<\/li>\n<li><strong> Commande de Produits et des Services<\/strong><br \/>\n5.1. L&rsquo;Acheteur soumet la commande au Vendeur par la boutique en ligne des Produits et des Services.<br \/>\n5.2 La commande sera v\u00e9rifi\u00e9e, la confirmation de commande et la facture de pr\u00e9paiement seront envoy\u00e9es \u00e0 l&rsquo;Acheteur par e-mail et, si n\u00e9cessaire, le co\u00fbt du transport ainsi que les informations sur le d\u00e9lai de livraison seront ajout\u00e9s.<br \/>\n5.3. Suite au r\u00e8glement de la facture de pr\u00e9paiement, un courrier de confirmation sera envoy\u00e9 \u00e0 l&rsquo;Acheteur par e-mail concernant l&rsquo;ex\u00e9cution de la commande. La lettre de confirmation indique la date \u00e0 laquelle les produits command\u00e9s par l&rsquo;Acheteur seront pr\u00eats dans l&rsquo;entrep\u00f4t du Vendeur et la mani\u00e8re dont les marchandises seront livr\u00e9es au lieu sp\u00e9cifi\u00e9 par l&rsquo;Acheteur. Si l&rsquo;Acheteur a command\u00e9 des produits ayant des d\u00e9lais de livraison diff\u00e9rents en une seule commande, le d\u00e9lai de livraison de la Commande sera calcul\u00e9 en fonction du produit dont le d\u00e9lai de livraison est le plus long.<\/li>\n<li><strong> Ex\u00e9cution de la commande<\/strong><br \/>\n6.1. Le Vendeur lancera l\u2019ex\u00e9cution de la Commande suite au r\u00e8glement en temps de la facture de pr\u00e9paiement.<br \/>\n6.2. La commande de l&rsquo;Acheteur et la facture seront annul\u00e9es si la facture de pr\u00e9paiement n&rsquo;a pas \u00e9t\u00e9 r\u00e9gl\u00e9e dans les 7 jours suivant l&rsquo;\u00e9mission de la facture.<\/li>\n<li><strong> Livraison du produit ou du service<\/strong><br \/>\n7.1. La livraison\/r\u00e9ception du Produit signifie la mise du Produit \u00e0 la disposition de l&rsquo;Acheteur en fonction des conditions de transport fix\u00e9es dans la Commande.<br \/>\n7.2. Le Produit est remis \u00e0 l&rsquo;Acheteur ou \u00e0 son repr\u00e9sentant par un repr\u00e9sentant de la soci\u00e9t\u00e9 de transport sur la base d&rsquo;une pi\u00e8ce d&rsquo;identit\u00e9.<br \/>\n7.3. L&rsquo;Acheteur doit certifier la r\u00e9ception du produit en signant le bon de livraison contenant la description et la quantit\u00e9 du produit. Le repr\u00e9sentant autoris\u00e9 de l&rsquo;Acheteur doit prouver son droit de repr\u00e9sentation.<br \/>\n7.4. Si l&rsquo;Acheteur n&rsquo;aurait pas accept\u00e9 le Produit dans un d\u00e9lai raisonnable, mais dispose d\u2019une justification valide pour le faire, le Vendeur peut accorder un d\u00e9lai suppl\u00e9mentaire \u00e0 l&rsquo;Acheteur en le notifiant par \u00e9crit. Ledit d\u00e9lai sera convenu par les Parties au cas par cas. Si l&rsquo;Acheteur n&rsquo;accepte pas le Produit dans le d\u00e9lai suppl\u00e9mentaire accord\u00e9 par le Vendeur, le Vendeur se r\u00e9serve le droit de r\u00e9silier la Commande.<\/li>\n<li><strong> Transfert des risques<\/strong><br \/>\n8.1. Le risque de destruction accidentelle et d&rsquo;endommagement du Produit est transf\u00e9r\u00e9 \u00e0 l&rsquo;Acheteur au moment de la livraison du Produit.<\/li>\n<li><strong> Protection de la propri\u00e9t\u00e9 intellectuelle<\/strong><br \/>\n9.1. Les documents remis \u00e0 l&rsquo;Acheteur (par exemple dessins, croquis, plans, etc.) sont et resteront la propri\u00e9t\u00e9 intellectuelle du Vendeur. Les dits documents ne peuvent \u00eatre copi\u00e9s ni rendus accessibles \u00e0 des tiers.<\/li>\n<\/ol>\n<\/div><\/div><\/div><div class=\"fusion-layout-column fusion_builder_column fusion-builder-column-2 fusion_builder_column_1_5 1_5 fusion-flex-column\" style=\"--awb-bg-size:cover;--awb-width-large:20%;--awb-margin-top-large:0px;--awb-spacing-right-large:9.6%;--awb-margin-bottom-large:20px;--awb-spacing-left-large:9.6%;--awb-width-medium:20%;--awb-order-medium:0;--awb-spacing-right-medium:9.6%;--awb-spacing-left-medium:9.6%;--awb-width-small:100%;--awb-order-small:0;--awb-spacing-right-small:1.92%;--awb-spacing-left-small:1.92%;\"><div class=\"fusion-column-wrapper fusion-column-has-shadow fusion-flex-justify-content-flex-start fusion-content-layout-column\"><\/div><\/div><\/div><\/div><div class=\"fusion-fullwidth fullwidth-box fusion-builder-row-2 fusion-flex-container has-pattern-background has-mask-background nonhundred-percent-fullwidth non-hundred-percent-height-scrolling\" style=\"--awb-border-radius-top-left:0px;--awb-border-radius-top-right:0px;--awb-border-radius-bottom-right:0px;--awb-border-radius-bottom-left:0px;--awb-flex-wrap:wrap;\" ><div class=\"fusion-builder-row fusion-row fusion-flex-align-items-flex-start fusion-flex-content-wrap\" style=\"max-width:1248px;margin-left: calc(-4% \/ 2 );margin-right: calc(-4% \/ 2 );\"><\/div><\/div><\/p>\n","protected":false},"excerpt":{"rendered":"","protected":false},"author":2,"featured_media":0,"parent":0,"menu_order":0,"comment_status":"closed","ping_status":"closed","template":"100-width.php","meta":{"_acf_changed":false,"footnotes":""},"class_list":["post-4316","page","type-page","status-publish","hentry"],"acf":[],"yoast_head":"<!-- This site is optimized with the Yoast SEO plugin v24.3 - https:\/\/yoast.com\/wordpress\/plugins\/seo\/ -->\n<title>CONDITIONS DE VENTE - BIOSWING<\/title>\n<meta name=\"robots\" content=\"index, follow, max-snippet:-1, max-image-preview:large, max-video-preview:-1\" \/>\n<link rel=\"canonical\" href=\"https:\/\/bioswing.ee\/fr\/conditions-de-vente\/\" \/>\n<meta property=\"og:locale\" content=\"fr_FR\" \/>\n<meta property=\"og:type\" content=\"article\" \/>\n<meta property=\"og:title\" content=\"CONDITIONS DE VENTE - BIOSWING\" \/>\n<meta property=\"og:url\" content=\"https:\/\/bioswing.ee\/fr\/conditions-de-vente\/\" \/>\n<meta property=\"og:site_name\" content=\"BIOSWING\" \/>\n<meta property=\"article:modified_time\" content=\"2023-08-24T08:26:01+00:00\" \/>\n<meta name=\"twitter:card\" content=\"summary_large_image\" \/>\n<meta name=\"twitter:label1\" content=\"Dur\u00e9e de lecture estim\u00e9e\" \/>\n\t<meta name=\"twitter:data1\" content=\"8 minutes\" \/>\n<script type=\"application\/ld+json\" class=\"yoast-schema-graph\">{\"@context\":\"https:\/\/schema.org\",\"@graph\":[{\"@type\":\"WebPage\",\"@id\":\"https:\/\/bioswing.ee\/fr\/conditions-de-vente\/\",\"url\":\"https:\/\/bioswing.ee\/fr\/conditions-de-vente\/\",\"name\":\"CONDITIONS DE VENTE - BIOSWING\",\"isPartOf\":{\"@id\":\"https:\/\/bioswing.ee\/#website\"},\"datePublished\":\"2023-07-13T13:13:28+00:00\",\"dateModified\":\"2023-08-24T08:26:01+00:00\",\"breadcrumb\":{\"@id\":\"https:\/\/bioswing.ee\/fr\/conditions-de-vente\/#breadcrumb\"},\"inLanguage\":\"fr-FR\",\"potentialAction\":[{\"@type\":\"ReadAction\",\"target\":[\"https:\/\/bioswing.ee\/fr\/conditions-de-vente\/\"]}]},{\"@type\":\"BreadcrumbList\",\"@id\":\"https:\/\/bioswing.ee\/fr\/conditions-de-vente\/#breadcrumb\",\"itemListElement\":[{\"@type\":\"ListItem\",\"position\":1,\"name\":\"Home\",\"item\":\"https:\/\/bioswing.ee\/fr\/\"},{\"@type\":\"ListItem\",\"position\":2,\"name\":\"CONDITIONS DE VENTE\"}]},{\"@type\":\"WebSite\",\"@id\":\"https:\/\/bioswing.ee\/#website\",\"url\":\"https:\/\/bioswing.ee\/\",\"name\":\"BIOSWING\",\"description\":\"Smart solutions for healthy sitting\",\"publisher\":{\"@id\":\"https:\/\/bioswing.ee\/#organization\"},\"potentialAction\":[{\"@type\":\"SearchAction\",\"target\":{\"@type\":\"EntryPoint\",\"urlTemplate\":\"https:\/\/bioswing.ee\/?s={search_term_string}\"},\"query-input\":{\"@type\":\"PropertyValueSpecification\",\"valueRequired\":true,\"valueName\":\"search_term_string\"}}],\"inLanguage\":\"fr-FR\"},{\"@type\":\"Organization\",\"@id\":\"https:\/\/bioswing.ee\/#organization\",\"name\":\"BIOSWING\",\"url\":\"https:\/\/bioswing.ee\/\",\"logo\":{\"@type\":\"ImageObject\",\"inLanguage\":\"fr-FR\",\"@id\":\"https:\/\/bioswing.ee\/#\/schema\/logo\/image\/\",\"url\":\"https:\/\/bioswing.ee\/wp-content\/uploads\/2023\/04\/logo_web.png\",\"contentUrl\":\"https:\/\/bioswing.ee\/wp-content\/uploads\/2023\/04\/logo_web.png\",\"width\":140,\"height\":122,\"caption\":\"BIOSWING\"},\"image\":{\"@id\":\"https:\/\/bioswing.ee\/#\/schema\/logo\/image\/\"}}]}<\/script>\n<!-- \/ Yoast SEO plugin. -->","yoast_head_json":{"title":"CONDITIONS DE VENTE - BIOSWING","robots":{"index":"index","follow":"follow","max-snippet":"max-snippet:-1","max-image-preview":"max-image-preview:large","max-video-preview":"max-video-preview:-1"},"canonical":"https:\/\/bioswing.ee\/fr\/conditions-de-vente\/","og_locale":"fr_FR","og_type":"article","og_title":"CONDITIONS DE VENTE - BIOSWING","og_url":"https:\/\/bioswing.ee\/fr\/conditions-de-vente\/","og_site_name":"BIOSWING","article_modified_time":"2023-08-24T08:26:01+00:00","twitter_card":"summary_large_image","twitter_misc":{"Dur\u00e9e de lecture estim\u00e9e":"8 minutes"},"schema":{"@context":"https:\/\/schema.org","@graph":[{"@type":"WebPage","@id":"https:\/\/bioswing.ee\/fr\/conditions-de-vente\/","url":"https:\/\/bioswing.ee\/fr\/conditions-de-vente\/","name":"CONDITIONS DE VENTE - BIOSWING","isPartOf":{"@id":"https:\/\/bioswing.ee\/#website"},"datePublished":"2023-07-13T13:13:28+00:00","dateModified":"2023-08-24T08:26:01+00:00","breadcrumb":{"@id":"https:\/\/bioswing.ee\/fr\/conditions-de-vente\/#breadcrumb"},"inLanguage":"fr-FR","potentialAction":[{"@type":"ReadAction","target":["https:\/\/bioswing.ee\/fr\/conditions-de-vente\/"]}]},{"@type":"BreadcrumbList","@id":"https:\/\/bioswing.ee\/fr\/conditions-de-vente\/#breadcrumb","itemListElement":[{"@type":"ListItem","position":1,"name":"Home","item":"https:\/\/bioswing.ee\/fr\/"},{"@type":"ListItem","position":2,"name":"CONDITIONS DE VENTE"}]},{"@type":"WebSite","@id":"https:\/\/bioswing.ee\/#website","url":"https:\/\/bioswing.ee\/","name":"BIOSWING","description":"Smart solutions for healthy sitting","publisher":{"@id":"https:\/\/bioswing.ee\/#organization"},"potentialAction":[{"@type":"SearchAction","target":{"@type":"EntryPoint","urlTemplate":"https:\/\/bioswing.ee\/?s={search_term_string}"},"query-input":{"@type":"PropertyValueSpecification","valueRequired":true,"valueName":"search_term_string"}}],"inLanguage":"fr-FR"},{"@type":"Organization","@id":"https:\/\/bioswing.ee\/#organization","name":"BIOSWING","url":"https:\/\/bioswing.ee\/","logo":{"@type":"ImageObject","inLanguage":"fr-FR","@id":"https:\/\/bioswing.ee\/#\/schema\/logo\/image\/","url":"https:\/\/bioswing.ee\/wp-content\/uploads\/2023\/04\/logo_web.png","contentUrl":"https:\/\/bioswing.ee\/wp-content\/uploads\/2023\/04\/logo_web.png","width":140,"height":122,"caption":"BIOSWING"},"image":{"@id":"https:\/\/bioswing.ee\/#\/schema\/logo\/image\/"}}]}},"_links":{"self":[{"href":"https:\/\/bioswing.ee\/fr\/wp-json\/wp\/v2\/pages\/4316"}],"collection":[{"href":"https:\/\/bioswing.ee\/fr\/wp-json\/wp\/v2\/pages"}],"about":[{"href":"https:\/\/bioswing.ee\/fr\/wp-json\/wp\/v2\/types\/page"}],"author":[{"embeddable":true,"href":"https:\/\/bioswing.ee\/fr\/wp-json\/wp\/v2\/users\/2"}],"replies":[{"embeddable":true,"href":"https:\/\/bioswing.ee\/fr\/wp-json\/wp\/v2\/comments?post=4316"}],"version-history":[{"count":1,"href":"https:\/\/bioswing.ee\/fr\/wp-json\/wp\/v2\/pages\/4316\/revisions"}],"predecessor-version":[{"id":4317,"href":"https:\/\/bioswing.ee\/fr\/wp-json\/wp\/v2\/pages\/4316\/revisions\/4317"}],"wp:attachment":[{"href":"https:\/\/bioswing.ee\/fr\/wp-json\/wp\/v2\/media?parent=4316"}],"curies":[{"name":"wp","href":"https:\/\/api.w.org\/{rel}","templated":true}]}}