{"id":4313,"date":"2023-03-31T19:29:21","date_gmt":"2023-03-31T19:29:21","guid":{"rendered":"https:\/\/bioswing.ee\/privacy-policy\/"},"modified":"2023-08-24T08:22:08","modified_gmt":"2023-08-24T08:22:08","slug":"confidentialite","status":"publish","type":"page","link":"https:\/\/bioswing.ee\/fr\/confidentialite\/","title":{"rendered":"CONFIDENTIALIT\u00c9"},"content":{"rendered":"<p><div class=\"fusion-fullwidth fullwidth-box fusion-builder-row-1 fusion-flex-container has-pattern-background has-mask-background nonhundred-percent-fullwidth non-hundred-percent-height-scrolling\" style=\"--awb-border-radius-top-left:0px;--awb-border-radius-top-right:0px;--awb-border-radius-bottom-right:0px;--awb-border-radius-bottom-left:0px;--awb-flex-wrap:wrap;\" ><div class=\"fusion-builder-row fusion-row fusion-flex-align-items-center fusion-flex-content-wrap\" style=\"max-width:1248px;margin-left: calc(-4% \/ 2 );margin-right: calc(-4% \/ 2 );\"><div class=\"fusion-layout-column fusion_builder_column fusion-builder-column-0 fusion_builder_column_1_5 1_5 fusion-flex-column\" style=\"--awb-bg-size:cover;--awb-width-large:20%;--awb-margin-top-large:0px;--awb-spacing-right-large:9.6%;--awb-margin-bottom-large:20px;--awb-spacing-left-large:9.6%;--awb-width-medium:20%;--awb-order-medium:0;--awb-spacing-right-medium:9.6%;--awb-spacing-left-medium:9.6%;--awb-width-small:100%;--awb-order-small:0;--awb-spacing-right-small:1.92%;--awb-spacing-left-small:1.92%;\"><div class=\"fusion-column-wrapper fusion-column-has-shadow fusion-flex-justify-content-flex-start fusion-content-layout-column\"><\/div><\/div><div class=\"fusion-layout-column fusion_builder_column fusion-builder-column-1 fusion_builder_column_3_5 3_5 fusion-flex-column\" style=\"--awb-bg-size:cover;--awb-width-large:60%;--awb-margin-top-large:0px;--awb-spacing-right-large:3.2%;--awb-margin-bottom-large:20px;--awb-spacing-left-large:3.2%;--awb-width-medium:60%;--awb-order-medium:0;--awb-spacing-right-medium:3.2%;--awb-spacing-left-medium:3.2%;--awb-width-small:100%;--awb-order-small:0;--awb-spacing-right-small:1.92%;--awb-spacing-left-small:1.92%;\"><div class=\"fusion-column-wrapper fusion-column-has-shadow fusion-flex-justify-content-flex-start fusion-content-layout-column\"><div class=\"fusion-title title fusion-title-1 fusion-sep-none fusion-title-text fusion-title-size-one\"><h1 class=\"fusion-title-heading title-heading-left\" style=\"margin:0;\">Politique de confidentialit\u00e9<\/h1><\/div><div class=\"fusion-text fusion-text-1\"><p>La confiance de nos clients et partenaires est importante pour nous. Nous voulons que tous ceux qui partagent leurs donn\u00e9es personnelles avec nous soient s\u00fbrs que nous prenons soin de leurs donn\u00e9es de la meilleure fa\u00e7on possible.<\/p>\n<p>Ladite politique de confidentialit\u00e9 est \u00e9labor\u00e9e pour prot\u00e9ger la vie priv\u00e9e des anciens, actuels et futurs clients de la soci\u00e9t\u00e9 SKS V\u00f5ru O\u00dc. Sur cette base, nous assumons les principes de collecte, d&rsquo;utilisation, de stockage, de transmission, et de publication des donn\u00e9es personnelles des clients conform\u00e9ment aux lois de la R\u00e9publique d&rsquo;Estonie et \u00e0 la l\u00e9gislation de l&rsquo;Union europ\u00e9enne.<\/p>\n<p><strong>Collecte et utilisation des donn\u00e9es personnelles<\/strong><\/p>\n<p>Nous traitons les donn\u00e9es qui sont volontairement partag\u00e9es avec nous par une personne comme des donn\u00e9es personnelles. Les donn\u00e9es personnelles peuvent inclure un nom, un num\u00e9ro de t\u00e9l\u00e9phone, une adresse e-mail, une adresse postale, ainsi que d&rsquo;autres renseignements.<\/p>\n<p>Nous utilisons les donn\u00e9es personnelles uniquement pour fournir \u00e0 nos clients les derni\u00e8res informations sur le march\u00e9, pour partager les actualit\u00e9s sur les d\u00e9veloppements r\u00e9cents, pour r\u00e9pondre aux questions, pour divulguer les meilleures offres ainsi que des informations sur les journ\u00e9es clients et d&rsquo;autres activit\u00e9s li\u00e9es au fonctionnement de la soci\u00e9t\u00e9 SKS V\u00f5ru O\u00dc.<\/p>\n<p>La soci\u00e9t\u00e9 SKS V\u00f5ru O\u00dc ne distribue, ne transmet, ne modifie ni n&rsquo;utilise aucune donn\u00e9e personnelle de mani\u00e8re impr\u00e9vue, sauf si le client a donn\u00e9 l\u2019autorisation ou si la n\u00e9cessit\u00e9 de divulguer des informations r\u00e9sulte de la l\u00e9gislation en vigueur en R\u00e9publique d&rsquo;Estonie.<\/p>\n<p>Si vous recevez les informations ci-dessus de notre part sans nous avoir fourni vos informations personnelles, veuillez contacter <a href=\"mailto:info@bioswing.ee\">info@bioswing.ee<\/a>.<\/p>\n<p>Tout consentement peut \u00eatre retir\u00e9 \u00e0 tout moment en envoyant la demande respective \u00e0 l\u2019adresse <a href=\"mailto:info@bioswing.ee\">info@bioswing.ee<\/a>.<\/p>\n<p><strong>Cookies<\/strong><\/p>\n<p>La soci\u00e9t\u00e9 SKS V\u00f5ru O\u00dc utilise des cookies sur son site web pour analyser votre historique de navigation. Nous utilisons ces informations pour rendre l&rsquo;exp\u00e9rience de l\u2019utilisateur plus confortable et plus adapt\u00e9e \u00e0 vos besoins. Nous utilisons \u00e9galement des cookies pour l&rsquo;analyse statistique et pour vous montrer des publicit\u00e9s via des applications tierces soigneusement s\u00e9lectionn\u00e9es (telles que Google, Adroll, Facebook, Mailchimp, etc.).<\/p>\n<p>Un cookie est un fichier texte qui est envoy\u00e9 par les sites web que l&rsquo;utilisateur visite et qui est stock\u00e9 dans l&rsquo;ordinateur de l&rsquo;utilisateur. Un cookie est stock\u00e9 dans le r\u00e9pertoire de fichiers du navigateur web de l&rsquo;utilisateur. Si l&rsquo;utilisateur a d\u00e9j\u00e0 visit\u00e9 le site, le navigateur lit le cookie et transmet les informations pertinentes au site web ou \u00e0 l&rsquo;\u00e9l\u00e9ment qui a \u00e9t\u00e9 stock\u00e9 au d\u00e9but du cookie. Plus d&rsquo;informations sur les cookies sont disponibles sur <a href=\"http:\/\/www.aki.ee\/et\/kupsised\">www.aki.ee\/et\/kupsised<\/a>.<\/p>\n<p>Le navigateur web a le droit de d\u00e9sactiver l&rsquo;utilisation des cookies. Si tel est votre souhait, il vous suffit de modifier les param\u00e8tres de votre navigateur web.<\/p>\n<p><strong>Termes et conditions de la politique de confidentialit\u00e9<\/strong><\/p>\n<p>En transmettant vos donn\u00e9es et en continuant \u00e0 utiliser notre site web, vous suivez et acceptez nos politiques et conditions. La soci\u00e9t\u00e9 SKS V\u00f5ru O\u00dc se r\u00e9serve le droit, si n\u00e9cessaire, de modifier les conditions g\u00e9n\u00e9rales de la politique de confidentialit\u00e9.<\/p>\n<p>Pour toute question sur la politique de confidentialit\u00e9, veuillez nous contacter \u00e0 <a href=\"mailto:info@bioswing.ee\">info@bioswing.ee<\/a>.<\/p>\n<\/div><\/div><\/div><div class=\"fusion-layout-column fusion_builder_column fusion-builder-column-2 fusion_builder_column_1_5 1_5 fusion-flex-column\" style=\"--awb-bg-size:cover;--awb-width-large:20%;--awb-margin-top-large:0px;--awb-spacing-right-large:9.6%;--awb-margin-bottom-large:20px;--awb-spacing-left-large:9.6%;--awb-width-medium:20%;--awb-order-medium:0;--awb-spacing-right-medium:9.6%;--awb-spacing-left-medium:9.6%;--awb-width-small:100%;--awb-order-small:0;--awb-spacing-right-small:1.92%;--awb-spacing-left-small:1.92%;\"><div class=\"fusion-column-wrapper fusion-column-has-shadow fusion-flex-justify-content-flex-start fusion-content-layout-column\"><\/div><\/div><\/div><\/div><div class=\"fusion-fullwidth fullwidth-box fusion-builder-row-2 fusion-flex-container has-pattern-background has-mask-background nonhundred-percent-fullwidth non-hundred-percent-height-scrolling\" style=\"--awb-border-radius-top-left:0px;--awb-border-radius-top-right:0px;--awb-border-radius-bottom-right:0px;--awb-border-radius-bottom-left:0px;--awb-flex-wrap:wrap;\" ><div class=\"fusion-builder-row fusion-row fusion-flex-align-items-flex-start fusion-flex-content-wrap\" style=\"max-width:1248px;margin-left: calc(-4% \/ 2 );margin-right: calc(-4% \/ 2 );\"><\/div><\/div><\/p>\n","protected":false},"excerpt":{"rendered":"","protected":false},"author":1,"featured_media":0,"parent":0,"menu_order":0,"comment_status":"closed","ping_status":"open","template":"","meta":{"_acf_changed":false,"footnotes":""},"class_list":["post-4313","page","type-page","status-publish","hentry"],"acf":[],"yoast_head":"<!-- This site is optimized with the Yoast SEO plugin v24.3 - https:\/\/yoast.com\/wordpress\/plugins\/seo\/ -->\n<title>CONFIDENTIALIT\u00c9 - BIOSWING<\/title>\n<meta name=\"robots\" content=\"index, follow, max-snippet:-1, max-image-preview:large, max-video-preview:-1\" \/>\n<link rel=\"canonical\" href=\"https:\/\/bioswing.ee\/fr\/confidentialite\/\" \/>\n<meta property=\"og:locale\" content=\"fr_FR\" \/>\n<meta property=\"og:type\" content=\"article\" \/>\n<meta property=\"og:title\" content=\"CONFIDENTIALIT\u00c9 - BIOSWING\" \/>\n<meta property=\"og:url\" content=\"https:\/\/bioswing.ee\/fr\/confidentialite\/\" \/>\n<meta property=\"og:site_name\" content=\"BIOSWING\" \/>\n<meta property=\"article:modified_time\" content=\"2023-08-24T08:22:08+00:00\" \/>\n<meta name=\"twitter:card\" content=\"summary_large_image\" \/>\n<meta name=\"twitter:label1\" content=\"Dur\u00e9e de lecture estim\u00e9e\" \/>\n\t<meta name=\"twitter:data1\" content=\"5 minutes\" \/>\n<script type=\"application\/ld+json\" class=\"yoast-schema-graph\">{\"@context\":\"https:\/\/schema.org\",\"@graph\":[{\"@type\":\"WebPage\",\"@id\":\"https:\/\/bioswing.ee\/fr\/confidentialite\/\",\"url\":\"https:\/\/bioswing.ee\/fr\/confidentialite\/\",\"name\":\"CONFIDENTIALIT\u00c9 - BIOSWING\",\"isPartOf\":{\"@id\":\"https:\/\/bioswing.ee\/#website\"},\"datePublished\":\"2023-03-31T19:29:21+00:00\",\"dateModified\":\"2023-08-24T08:22:08+00:00\",\"breadcrumb\":{\"@id\":\"https:\/\/bioswing.ee\/fr\/confidentialite\/#breadcrumb\"},\"inLanguage\":\"fr-FR\",\"potentialAction\":[{\"@type\":\"ReadAction\",\"target\":[\"https:\/\/bioswing.ee\/fr\/confidentialite\/\"]}]},{\"@type\":\"BreadcrumbList\",\"@id\":\"https:\/\/bioswing.ee\/fr\/confidentialite\/#breadcrumb\",\"itemListElement\":[{\"@type\":\"ListItem\",\"position\":1,\"name\":\"Home\",\"item\":\"https:\/\/bioswing.ee\/fr\/\"},{\"@type\":\"ListItem\",\"position\":2,\"name\":\"CONFIDENTIALIT\u00c9\"}]},{\"@type\":\"WebSite\",\"@id\":\"https:\/\/bioswing.ee\/#website\",\"url\":\"https:\/\/bioswing.ee\/\",\"name\":\"BIOSWING\",\"description\":\"Smart solutions for healthy sitting\",\"publisher\":{\"@id\":\"https:\/\/bioswing.ee\/#organization\"},\"potentialAction\":[{\"@type\":\"SearchAction\",\"target\":{\"@type\":\"EntryPoint\",\"urlTemplate\":\"https:\/\/bioswing.ee\/?s={search_term_string}\"},\"query-input\":{\"@type\":\"PropertyValueSpecification\",\"valueRequired\":true,\"valueName\":\"search_term_string\"}}],\"inLanguage\":\"fr-FR\"},{\"@type\":\"Organization\",\"@id\":\"https:\/\/bioswing.ee\/#organization\",\"name\":\"BIOSWING\",\"url\":\"https:\/\/bioswing.ee\/\",\"logo\":{\"@type\":\"ImageObject\",\"inLanguage\":\"fr-FR\",\"@id\":\"https:\/\/bioswing.ee\/#\/schema\/logo\/image\/\",\"url\":\"https:\/\/bioswing.ee\/wp-content\/uploads\/2023\/04\/logo_web.png\",\"contentUrl\":\"https:\/\/bioswing.ee\/wp-content\/uploads\/2023\/04\/logo_web.png\",\"width\":140,\"height\":122,\"caption\":\"BIOSWING\"},\"image\":{\"@id\":\"https:\/\/bioswing.ee\/#\/schema\/logo\/image\/\"}}]}<\/script>\n<!-- \/ Yoast SEO plugin. -->","yoast_head_json":{"title":"CONFIDENTIALIT\u00c9 - BIOSWING","robots":{"index":"index","follow":"follow","max-snippet":"max-snippet:-1","max-image-preview":"max-image-preview:large","max-video-preview":"max-video-preview:-1"},"canonical":"https:\/\/bioswing.ee\/fr\/confidentialite\/","og_locale":"fr_FR","og_type":"article","og_title":"CONFIDENTIALIT\u00c9 - BIOSWING","og_url":"https:\/\/bioswing.ee\/fr\/confidentialite\/","og_site_name":"BIOSWING","article_modified_time":"2023-08-24T08:22:08+00:00","twitter_card":"summary_large_image","twitter_misc":{"Dur\u00e9e de lecture estim\u00e9e":"5 minutes"},"schema":{"@context":"https:\/\/schema.org","@graph":[{"@type":"WebPage","@id":"https:\/\/bioswing.ee\/fr\/confidentialite\/","url":"https:\/\/bioswing.ee\/fr\/confidentialite\/","name":"CONFIDENTIALIT\u00c9 - BIOSWING","isPartOf":{"@id":"https:\/\/bioswing.ee\/#website"},"datePublished":"2023-03-31T19:29:21+00:00","dateModified":"2023-08-24T08:22:08+00:00","breadcrumb":{"@id":"https:\/\/bioswing.ee\/fr\/confidentialite\/#breadcrumb"},"inLanguage":"fr-FR","potentialAction":[{"@type":"ReadAction","target":["https:\/\/bioswing.ee\/fr\/confidentialite\/"]}]},{"@type":"BreadcrumbList","@id":"https:\/\/bioswing.ee\/fr\/confidentialite\/#breadcrumb","itemListElement":[{"@type":"ListItem","position":1,"name":"Home","item":"https:\/\/bioswing.ee\/fr\/"},{"@type":"ListItem","position":2,"name":"CONFIDENTIALIT\u00c9"}]},{"@type":"WebSite","@id":"https:\/\/bioswing.ee\/#website","url":"https:\/\/bioswing.ee\/","name":"BIOSWING","description":"Smart solutions for healthy sitting","publisher":{"@id":"https:\/\/bioswing.ee\/#organization"},"potentialAction":[{"@type":"SearchAction","target":{"@type":"EntryPoint","urlTemplate":"https:\/\/bioswing.ee\/?s={search_term_string}"},"query-input":{"@type":"PropertyValueSpecification","valueRequired":true,"valueName":"search_term_string"}}],"inLanguage":"fr-FR"},{"@type":"Organization","@id":"https:\/\/bioswing.ee\/#organization","name":"BIOSWING","url":"https:\/\/bioswing.ee\/","logo":{"@type":"ImageObject","inLanguage":"fr-FR","@id":"https:\/\/bioswing.ee\/#\/schema\/logo\/image\/","url":"https:\/\/bioswing.ee\/wp-content\/uploads\/2023\/04\/logo_web.png","contentUrl":"https:\/\/bioswing.ee\/wp-content\/uploads\/2023\/04\/logo_web.png","width":140,"height":122,"caption":"BIOSWING"},"image":{"@id":"https:\/\/bioswing.ee\/#\/schema\/logo\/image\/"}}]}},"_links":{"self":[{"href":"https:\/\/bioswing.ee\/fr\/wp-json\/wp\/v2\/pages\/4313"}],"collection":[{"href":"https:\/\/bioswing.ee\/fr\/wp-json\/wp\/v2\/pages"}],"about":[{"href":"https:\/\/bioswing.ee\/fr\/wp-json\/wp\/v2\/types\/page"}],"author":[{"embeddable":true,"href":"https:\/\/bioswing.ee\/fr\/wp-json\/wp\/v2\/users\/1"}],"replies":[{"embeddable":true,"href":"https:\/\/bioswing.ee\/fr\/wp-json\/wp\/v2\/comments?post=4313"}],"version-history":[{"count":1,"href":"https:\/\/bioswing.ee\/fr\/wp-json\/wp\/v2\/pages\/4313\/revisions"}],"predecessor-version":[{"id":4314,"href":"https:\/\/bioswing.ee\/fr\/wp-json\/wp\/v2\/pages\/4313\/revisions\/4314"}],"wp:attachment":[{"href":"https:\/\/bioswing.ee\/fr\/wp-json\/wp\/v2\/media?parent=4313"}],"curies":[{"name":"wp","href":"https:\/\/api.w.org\/{rel}","templated":true}]}}