{"id":37832,"date":"2026-04-10T13:40:49","date_gmt":"2026-04-10T13:40:49","guid":{"rendered":"https:\/\/bioswing.ee\/?post_type=product&#038;p=37832"},"modified":"2026-04-10T13:51:54","modified_gmt":"2026-04-10T13:51:54","slug":"bioswing-260-iq-copy-copy-copy-copy-copy-copy-copy-copy-copy-copy-copy-copy-copy-copy-copy-copy-copy-copy-copy-copy-copy-copy-copy-copy-copy-copy-c-13","status":"publish","type":"product","link":"https:\/\/bioswing.ee\/fi\/toode\/bioswing-260-iq-copy-copy-copy-copy-copy-copy-copy-copy-copy-copy-copy-copy-copy-copy-copy-copy-copy-copy-copy-copy-copy-copy-copy-copy-copy-copy-c-13\/","title":{"rendered":"BIOSWING 260 iQ (Copy) (Copy) (Copy) (Copy) (Copy) (Copy) (Copy) (Copy) (Copy) (Copy) (Copy) (Copy) (Copy) (Copy) (Copy) (Copy) (Copy) (Copy) (Copy) (Copy) (Copy) (Copy) (Copy) (Copy) (Copy) (Copy) (Copy) (Copy) (Copy) (Copy) (Copy) (Copy) (Copy) (Copy)"},"content":{"rendered":"<h4>BIOSWING 260 iQ<\/h4>\n<ul>\n<li>Ergonominen py\u00f6riv\u00e4 toimistotuoli ortopedisell\u00e4 efektill\u00e4<\/li>\n<li>Sis\u00e4\u00e4n rakennettuna mukautuva 3D istuinmekanismi<\/li>\n<li>Synkronimekanismi automaattisella painos\u00e4\u00e4d\u00f6ll\u00e4 (hienos\u00e4\u00e4d\u00f6n lis\u00e4ksi)<\/li>\n<li>K\u00e4sinojat yksil\u00f6llisesti s\u00e4\u00e4dett\u00e4v\u00e4ll\u00e4 korkeudella<\/li>\n<li>Yksik\u00f6llinen istuimen kallistuksen s\u00e4\u00e4t\u00f6, joko lantion vakauttajalla tai kaasujousella<\/li>\n<li>Istumissyvyytt\u00e4 voi s\u00e4\u00e4t\u00e4\u00e4 jalkojen pituuden mukaan<\/li>\n<li>Selk\u00e4noja s\u00e4\u00e4dett\u00e4v\u00e4ll\u00e4 korkeudella, lis\u00e4ksi integroitu ristisel\u00e4n tuki<\/li>\n<li>Selk\u00e4nojan korkeus: 60 cm<\/li>\n<li>Kangasp\u00e4\u00e4llys: X-treme FR musta<\/li>\n<li>T\u00e4htijalka: Muovi, musta<\/li>\n<\/ul>\n<p><iframe width=\"100%\" height=\"450\" src=\"https:\/\/www.youtube.com\/embed\/eWx3ptVNA2o\" title=\"YouTube video player\" frameborder=\"0\" allow=\"accelerometer; autoplay; clipboard-write; encrypted-media; gyroscope; picture-in-picture; web-share\" allowfullscreen=\"\"><\/iframe><\/p>\n<p><iframe width=\"100%\" height=\"450\" src=\"https:\/\/www.youtube.com\/embed\/vBvp52qPDAI?si=n3jBuRxrQ_7U5sHV\" title=\"YouTube video player\" frameborder=\"0\" allow=\"accelerometer; autoplay; clipboard-write; encrypted-media; gyroscope; picture-in-picture; web-share\" allowfullscreen=\"\"><\/iframe><\/p>\n","protected":false},"excerpt":{"rendered":"<h4>Motivaatio ja terveys ovat suorassa yhteydess\u00e4 siihen, miten hyvin tuoli sopii yhteen yksik\u00f6n anatomian kanssa.<\/h4>\n<p>Mit\u00e4 t\u00e4sm\u00e4llisemmin ty\u00f6tuolin voidaan s\u00e4\u00e4t\u00e4\u00e4 yksil\u00f6llisten tarpeiden mukaan, sit\u00e4 parempaa \u2013 varsinkin jos joutuu istumaan pitki\u00e4 aikoja.<\/p>\n<p>Alla esittelemme 2-sarjan t\u00e4rkeimm\u00e4t s\u00e4\u00e4t\u00f6vaihtoehdot.<\/p>\n<h4>BIOSWING 2 -sarjan ty\u00f6tuoli tarjoaa runsaasti lis\u00e4liikett\u00e4 istuessasi.<\/h4>\n<p>2-sarjan tuoli reagoi eri mekanismien ansiosta <strong>k\u00e4ytt\u00e4j\u00e4n jokaiseen liikkeeseen<\/strong>, ja my\u00f6s mukautuu jokaiseen, pitk\u00e4n p\u00e4iv\u00e4n aikana otettuun asentoon. Sill\u00e4 t\u00e4rkeint\u00e4 on: paras asento on aina seuraava asento.<\/p>\n<p>Selk\u00e4rankamme pit\u00e4\u00e4 enint\u00e4\u00e4n pystyasennosta runsaaseen aktiiviseen liikkeeseen yhdistettyn\u00e4. 2-sarja (menestystuote) on varustettu joko yksil\u00f6llisesti s\u00e4\u00e4dett\u00e4v\u00e4ll\u00e4 istuimen kallistuksen s\u00e4\u00e4d\u00f6ll\u00e4 tai lantionvakaimella, joka reagoi kehon liikkeisiin ihanan pehme\u00e4ll\u00e4 tavalla, joten lantiosi ja my\u00f6s selk\u00e4rankasi asettuu helposti luonnolliseen S-muotoon.<\/p>\n<p>Joku meid\u00e4n monista ergonomian asiantuntijoistamme esittelee mielell\u00e4\u00e4n n\u00e4iden kahden mekanismin erot ja antaa sinun kokeilla niit\u00e4.<\/p>\n<p>Aktiivinen liike yhdistettyn\u00e4 pystyasentoon tekee hyv\u00e4\u00e4 selk\u00e4rangalle. Yksil\u00f6llisesti <strong>s\u00e4\u00e4dett\u00e4v\u00e4ll\u00e4 istuimen kallistuksen s\u00e4\u00e4d\u00f6ll\u00e4<\/strong> voi mukauttaa mink\u00e4 tahansa 2-sarjan mallin kallistuksen t\u00e4ydellisesti omiin tarpeisiin sopivaksi siten, ett\u00e4 selk\u00e4ranka s\u00e4ilytt\u00e4\u00e4 lantion vakaan asennon my\u00f6t\u00e4 luonnollisen <strong>S-muotonsa<\/strong>.<\/p>\n<p><img decoding=\"async\" class=\"alignnone wp-image-916\" src=\"https:\/\/bioswing.ee\/wp-content\/uploads\/2023\/04\/pdf.png\" alt=\"pdf\" width=\"19\" height=\"20\"> <a href=\"https:\/\/bioswing.ee\/wp-content\/uploads\/2023\/04\/produktblatt_260_v02_EN.pdf\" target=\"_blank\" rel=\"noopener\">Lataa tuotekuvaus (PDF)<\/a><\/p>\n","protected":false},"featured_media":37940,"template":"","meta":{"_acf_changed":false},"product_brand":[],"product_cat":[],"product_tag":[],"class_list":{"0":"post-37832","1":"product","2":"type-product","3":"status-publish","4":"has-post-thumbnail","7":"first","8":"instock","9":"sale","10":"taxable","11":"shipping-taxable","12":"purchasable","13":"product-type-simple"},"acf":[],"yoast_head":"<!-- This site is optimized with the Yoast SEO plugin v24.3 - https:\/\/yoast.com\/wordpress\/plugins\/seo\/ -->\n<title>BIOSWING 260 iQ (Copy) (Copy) (Copy) (Copy) (Copy) (Copy) (Copy) (Copy) (Copy) (Copy) (Copy) (Copy) (Copy) (Copy) (Copy) (Copy) (Copy) (Copy) (Copy) (Copy) (Copy) (Copy) (Copy) (Copy) (Copy) (Copy) (Copy) (Copy) (Copy) (Copy) (Copy) (Copy) (Copy) (Copy) - BIOSWING<\/title>\n<meta name=\"robots\" content=\"index, follow, max-snippet:-1, max-image-preview:large, max-video-preview:-1\" \/>\n<link rel=\"canonical\" href=\"https:\/\/bioswing.ee\/fi\/toode\/bioswing-260-iq-copy-copy-copy-copy-copy-copy-copy-copy-copy-copy-copy-copy-copy-copy-copy-copy-copy-copy-copy-copy-copy-copy-copy-copy-copy-copy-c-13\/\" \/>\n<meta property=\"og:locale\" content=\"fi_FI\" \/>\n<meta property=\"og:type\" content=\"article\" \/>\n<meta property=\"og:title\" content=\"BIOSWING 260 iQ (Copy) (Copy) (Copy) (Copy) (Copy) (Copy) (Copy) (Copy) (Copy) (Copy) (Copy) (Copy) (Copy) (Copy) (Copy) (Copy) (Copy) (Copy) (Copy) (Copy) (Copy) (Copy) (Copy) (Copy) (Copy) (Copy) (Copy) (Copy) (Copy) (Copy) (Copy) (Copy) (Copy) (Copy) - BIOSWING\" \/>\n<meta property=\"og:description\" content=\"Motivaatio ja terveys ovat suorassa yhteydess\u00e4 siihen, miten hyvin tuoli sopii yhteen yksik\u00f6n anatomian kanssa. Mit\u00e4 t\u00e4sm\u00e4llisemmin ty\u00f6tuolin voidaan s\u00e4\u00e4t\u00e4\u00e4 yksil\u00f6llisten tarpeiden mukaan, sit\u00e4 parempaa \u2013 varsinkin jos joutuu istumaan pitki\u00e4 aikoja. Alla esittelemme 2-sarjan t\u00e4rkeimm\u00e4t s\u00e4\u00e4t\u00f6vaihtoehdot. BIOSWING 2 -sarjan ty\u00f6tuoli tarjoaa runsaasti lis\u00e4liikett\u00e4 istuessasi. 2-sarjan tuoli reagoi eri mekanismien ansiosta k\u00e4ytt\u00e4j\u00e4n jokaiseen liikkeeseen, ja my\u00f6s mukautuu jokaiseen, pitk\u00e4n p\u00e4iv\u00e4n aikana otettuun asentoon. Sill\u00e4 t\u00e4rkeint\u00e4 on: paras asento on aina seuraava asento. Selk\u00e4rankamme pit\u00e4\u00e4 enint\u00e4\u00e4n pystyasennosta runsaaseen aktiiviseen liikkeeseen yhdistettyn\u00e4. 2-sarja (menestystuote) on varustettu joko yksil\u00f6llisesti s\u00e4\u00e4dett\u00e4v\u00e4ll\u00e4 istuimen kallistuksen s\u00e4\u00e4d\u00f6ll\u00e4 tai lantionvakaimella, joka reagoi kehon liikkeisiin ihanan pehme\u00e4ll\u00e4 tavalla, joten lantiosi ja my\u00f6s selk\u00e4rankasi asettuu helposti luonnolliseen S-muotoon. Joku meid\u00e4n monista ergonomian asiantuntijoistamme esittelee mielell\u00e4\u00e4n n\u00e4iden kahden mekanismin erot ja antaa sinun kokeilla niit\u00e4. Aktiivinen liike yhdistettyn\u00e4 pystyasentoon tekee hyv\u00e4\u00e4 selk\u00e4rangalle. Yksil\u00f6llisesti s\u00e4\u00e4dett\u00e4v\u00e4ll\u00e4 istuimen kallistuksen s\u00e4\u00e4d\u00f6ll\u00e4 voi mukauttaa mink\u00e4 tahansa 2-sarjan mallin kallistuksen t\u00e4ydellisesti omiin tarpeisiin sopivaksi siten, ett\u00e4 selk\u00e4ranka s\u00e4ilytt\u00e4\u00e4 lantion vakaan asennon my\u00f6t\u00e4 luonnollisen S-muotonsa.  Lataa tuotekuvaus (PDF)\" \/>\n<meta property=\"og:url\" content=\"https:\/\/bioswing.ee\/fi\/toode\/bioswing-260-iq-copy-copy-copy-copy-copy-copy-copy-copy-copy-copy-copy-copy-copy-copy-copy-copy-copy-copy-copy-copy-copy-copy-copy-copy-copy-copy-c-13\/\" \/>\n<meta property=\"og:site_name\" content=\"BIOSWING\" \/>\n<meta property=\"article:modified_time\" content=\"2026-04-10T13:51:54+00:00\" \/>\n<meta name=\"twitter:card\" content=\"summary_large_image\" \/>\n<script type=\"application\/ld+json\" class=\"yoast-schema-graph\">{\"@context\":\"https:\/\/schema.org\",\"@graph\":[{\"@type\":\"WebPage\",\"@id\":\"https:\/\/bioswing.ee\/fi\/toode\/bioswing-260-iq-copy-copy-copy-copy-copy-copy-copy-copy-copy-copy-copy-copy-copy-copy-copy-copy-copy-copy-copy-copy-copy-copy-copy-copy-copy-copy-c-13\/\",\"url\":\"https:\/\/bioswing.ee\/fi\/toode\/bioswing-260-iq-copy-copy-copy-copy-copy-copy-copy-copy-copy-copy-copy-copy-copy-copy-copy-copy-copy-copy-copy-copy-copy-copy-copy-copy-copy-copy-c-13\/\",\"name\":\"BIOSWING 260 iQ (Copy) (Copy) (Copy) (Copy) (Copy) (Copy) (Copy) (Copy) (Copy) (Copy) (Copy) (Copy) (Copy) (Copy) (Copy) (Copy) (Copy) (Copy) (Copy) (Copy) (Copy) (Copy) (Copy) (Copy) (Copy) (Copy) (Copy) (Copy) (Copy) (Copy) (Copy) (Copy) (Copy) (Copy) - BIOSWING\",\"isPartOf\":{\"@id\":\"https:\/\/bioswing.ee\/#website\"},\"primaryImageOfPage\":{\"@id\":\"https:\/\/bioswing.ee\/fi\/toode\/bioswing-260-iq-copy-copy-copy-copy-copy-copy-copy-copy-copy-copy-copy-copy-copy-copy-copy-copy-copy-copy-copy-copy-copy-copy-copy-copy-copy-copy-c-13\/#primaryimage\"},\"image\":{\"@id\":\"https:\/\/bioswing.ee\/fi\/toode\/bioswing-260-iq-copy-copy-copy-copy-copy-copy-copy-copy-copy-copy-copy-copy-copy-copy-copy-copy-copy-copy-copy-copy-copy-copy-copy-copy-copy-copy-c-13\/#primaryimage\"},\"thumbnailUrl\":\"https:\/\/bioswing.ee\/wp-content\/uploads\/2026\/04\/bioswing_660_1-1.jpg\",\"datePublished\":\"2026-04-10T13:40:49+00:00\",\"dateModified\":\"2026-04-10T13:51:54+00:00\",\"breadcrumb\":{\"@id\":\"https:\/\/bioswing.ee\/fi\/toode\/bioswing-260-iq-copy-copy-copy-copy-copy-copy-copy-copy-copy-copy-copy-copy-copy-copy-copy-copy-copy-copy-copy-copy-copy-copy-copy-copy-copy-copy-c-13\/#breadcrumb\"},\"inLanguage\":\"fi\",\"potentialAction\":[{\"@type\":\"ReadAction\",\"target\":[\"https:\/\/bioswing.ee\/fi\/toode\/bioswing-260-iq-copy-copy-copy-copy-copy-copy-copy-copy-copy-copy-copy-copy-copy-copy-copy-copy-copy-copy-copy-copy-copy-copy-copy-copy-copy-copy-c-13\/\"]}]},{\"@type\":\"ImageObject\",\"inLanguage\":\"fi\",\"@id\":\"https:\/\/bioswing.ee\/fi\/toode\/bioswing-260-iq-copy-copy-copy-copy-copy-copy-copy-copy-copy-copy-copy-copy-copy-copy-copy-copy-copy-copy-copy-copy-copy-copy-copy-copy-copy-copy-c-13\/#primaryimage\",\"url\":\"https:\/\/bioswing.ee\/wp-content\/uploads\/2026\/04\/bioswing_660_1-1.jpg\",\"contentUrl\":\"https:\/\/bioswing.ee\/wp-content\/uploads\/2026\/04\/bioswing_660_1-1.jpg\",\"width\":800,\"height\":1067},{\"@type\":\"BreadcrumbList\",\"@id\":\"https:\/\/bioswing.ee\/fi\/toode\/bioswing-260-iq-copy-copy-copy-copy-copy-copy-copy-copy-copy-copy-copy-copy-copy-copy-copy-copy-copy-copy-copy-copy-copy-copy-copy-copy-copy-copy-c-13\/#breadcrumb\",\"itemListElement\":[{\"@type\":\"ListItem\",\"position\":1,\"name\":\"Home\",\"item\":\"https:\/\/bioswing.ee\/\"},{\"@type\":\"ListItem\",\"position\":2,\"name\":\"Shop\",\"item\":\"https:\/\/bioswing.ee\/fi\/shop-2\/\"},{\"@type\":\"ListItem\",\"position\":3,\"name\":\"BIOSWING 260 iQ (Copy) (Copy) (Copy) (Copy) (Copy) (Copy) (Copy) (Copy) (Copy) (Copy) (Copy) (Copy) (Copy) (Copy) (Copy) (Copy) (Copy) (Copy) (Copy) (Copy) (Copy) (Copy) (Copy) (Copy) (Copy) (Copy) (Copy) (Copy) (Copy) (Copy) (Copy) (Copy) (Copy) (Copy)\"}]},{\"@type\":\"WebSite\",\"@id\":\"https:\/\/bioswing.ee\/#website\",\"url\":\"https:\/\/bioswing.ee\/\",\"name\":\"BIOSWING\",\"description\":\"Smart solutions for healthy sitting\",\"publisher\":{\"@id\":\"https:\/\/bioswing.ee\/#organization\"},\"potentialAction\":[{\"@type\":\"SearchAction\",\"target\":{\"@type\":\"EntryPoint\",\"urlTemplate\":\"https:\/\/bioswing.ee\/?s={search_term_string}\"},\"query-input\":{\"@type\":\"PropertyValueSpecification\",\"valueRequired\":true,\"valueName\":\"search_term_string\"}}],\"inLanguage\":\"fi\"},{\"@type\":\"Organization\",\"@id\":\"https:\/\/bioswing.ee\/#organization\",\"name\":\"BIOSWING\",\"url\":\"https:\/\/bioswing.ee\/\",\"logo\":{\"@type\":\"ImageObject\",\"inLanguage\":\"fi\",\"@id\":\"https:\/\/bioswing.ee\/#\/schema\/logo\/image\/\",\"url\":\"https:\/\/bioswing.ee\/wp-content\/uploads\/2023\/04\/logo_web.png\",\"contentUrl\":\"https:\/\/bioswing.ee\/wp-content\/uploads\/2023\/04\/logo_web.png\",\"width\":140,\"height\":122,\"caption\":\"BIOSWING\"},\"image\":{\"@id\":\"https:\/\/bioswing.ee\/#\/schema\/logo\/image\/\"}}]}<\/script>\n<!-- \/ Yoast SEO plugin. -->","yoast_head_json":{"title":"BIOSWING 260 iQ (Copy) (Copy) (Copy) (Copy) (Copy) (Copy) (Copy) (Copy) (Copy) (Copy) (Copy) (Copy) (Copy) (Copy) (Copy) (Copy) (Copy) (Copy) (Copy) (Copy) (Copy) (Copy) (Copy) (Copy) (Copy) (Copy) (Copy) (Copy) (Copy) (Copy) (Copy) (Copy) (Copy) (Copy) - BIOSWING","robots":{"index":"index","follow":"follow","max-snippet":"max-snippet:-1","max-image-preview":"max-image-preview:large","max-video-preview":"max-video-preview:-1"},"canonical":"https:\/\/bioswing.ee\/fi\/toode\/bioswing-260-iq-copy-copy-copy-copy-copy-copy-copy-copy-copy-copy-copy-copy-copy-copy-copy-copy-copy-copy-copy-copy-copy-copy-copy-copy-copy-copy-c-13\/","og_locale":"fi_FI","og_type":"article","og_title":"BIOSWING 260 iQ (Copy) (Copy) (Copy) (Copy) (Copy) (Copy) (Copy) (Copy) (Copy) (Copy) (Copy) (Copy) (Copy) (Copy) (Copy) (Copy) (Copy) (Copy) (Copy) (Copy) (Copy) (Copy) (Copy) (Copy) (Copy) (Copy) (Copy) (Copy) (Copy) (Copy) (Copy) (Copy) (Copy) (Copy) - BIOSWING","og_description":"Motivaatio ja terveys ovat suorassa yhteydess\u00e4 siihen, miten hyvin tuoli sopii yhteen yksik\u00f6n anatomian kanssa. Mit\u00e4 t\u00e4sm\u00e4llisemmin ty\u00f6tuolin voidaan s\u00e4\u00e4t\u00e4\u00e4 yksil\u00f6llisten tarpeiden mukaan, sit\u00e4 parempaa \u2013 varsinkin jos joutuu istumaan pitki\u00e4 aikoja. Alla esittelemme 2-sarjan t\u00e4rkeimm\u00e4t s\u00e4\u00e4t\u00f6vaihtoehdot. BIOSWING 2 -sarjan ty\u00f6tuoli tarjoaa runsaasti lis\u00e4liikett\u00e4 istuessasi. 2-sarjan tuoli reagoi eri mekanismien ansiosta k\u00e4ytt\u00e4j\u00e4n jokaiseen liikkeeseen, ja my\u00f6s mukautuu jokaiseen, pitk\u00e4n p\u00e4iv\u00e4n aikana otettuun asentoon. Sill\u00e4 t\u00e4rkeint\u00e4 on: paras asento on aina seuraava asento. Selk\u00e4rankamme pit\u00e4\u00e4 enint\u00e4\u00e4n pystyasennosta runsaaseen aktiiviseen liikkeeseen yhdistettyn\u00e4. 2-sarja (menestystuote) on varustettu joko yksil\u00f6llisesti s\u00e4\u00e4dett\u00e4v\u00e4ll\u00e4 istuimen kallistuksen s\u00e4\u00e4d\u00f6ll\u00e4 tai lantionvakaimella, joka reagoi kehon liikkeisiin ihanan pehme\u00e4ll\u00e4 tavalla, joten lantiosi ja my\u00f6s selk\u00e4rankasi asettuu helposti luonnolliseen S-muotoon. Joku meid\u00e4n monista ergonomian asiantuntijoistamme esittelee mielell\u00e4\u00e4n n\u00e4iden kahden mekanismin erot ja antaa sinun kokeilla niit\u00e4. Aktiivinen liike yhdistettyn\u00e4 pystyasentoon tekee hyv\u00e4\u00e4 selk\u00e4rangalle. Yksil\u00f6llisesti s\u00e4\u00e4dett\u00e4v\u00e4ll\u00e4 istuimen kallistuksen s\u00e4\u00e4d\u00f6ll\u00e4 voi mukauttaa mink\u00e4 tahansa 2-sarjan mallin kallistuksen t\u00e4ydellisesti omiin tarpeisiin sopivaksi siten, ett\u00e4 selk\u00e4ranka s\u00e4ilytt\u00e4\u00e4 lantion vakaan asennon my\u00f6t\u00e4 luonnollisen S-muotonsa.  Lataa tuotekuvaus (PDF)","og_url":"https:\/\/bioswing.ee\/fi\/toode\/bioswing-260-iq-copy-copy-copy-copy-copy-copy-copy-copy-copy-copy-copy-copy-copy-copy-copy-copy-copy-copy-copy-copy-copy-copy-copy-copy-copy-copy-c-13\/","og_site_name":"BIOSWING","article_modified_time":"2026-04-10T13:51:54+00:00","twitter_card":"summary_large_image","schema":{"@context":"https:\/\/schema.org","@graph":[{"@type":"WebPage","@id":"https:\/\/bioswing.ee\/fi\/toode\/bioswing-260-iq-copy-copy-copy-copy-copy-copy-copy-copy-copy-copy-copy-copy-copy-copy-copy-copy-copy-copy-copy-copy-copy-copy-copy-copy-copy-copy-c-13\/","url":"https:\/\/bioswing.ee\/fi\/toode\/bioswing-260-iq-copy-copy-copy-copy-copy-copy-copy-copy-copy-copy-copy-copy-copy-copy-copy-copy-copy-copy-copy-copy-copy-copy-copy-copy-copy-copy-c-13\/","name":"BIOSWING 260 iQ (Copy) (Copy) (Copy) (Copy) (Copy) (Copy) (Copy) (Copy) (Copy) (Copy) (Copy) (Copy) (Copy) (Copy) (Copy) (Copy) (Copy) (Copy) (Copy) (Copy) (Copy) (Copy) (Copy) (Copy) (Copy) (Copy) (Copy) (Copy) (Copy) (Copy) (Copy) (Copy) (Copy) (Copy) - BIOSWING","isPartOf":{"@id":"https:\/\/bioswing.ee\/#website"},"primaryImageOfPage":{"@id":"https:\/\/bioswing.ee\/fi\/toode\/bioswing-260-iq-copy-copy-copy-copy-copy-copy-copy-copy-copy-copy-copy-copy-copy-copy-copy-copy-copy-copy-copy-copy-copy-copy-copy-copy-copy-copy-c-13\/#primaryimage"},"image":{"@id":"https:\/\/bioswing.ee\/fi\/toode\/bioswing-260-iq-copy-copy-copy-copy-copy-copy-copy-copy-copy-copy-copy-copy-copy-copy-copy-copy-copy-copy-copy-copy-copy-copy-copy-copy-copy-copy-c-13\/#primaryimage"},"thumbnailUrl":"https:\/\/bioswing.ee\/wp-content\/uploads\/2026\/04\/bioswing_660_1-1.jpg","datePublished":"2026-04-10T13:40:49+00:00","dateModified":"2026-04-10T13:51:54+00:00","breadcrumb":{"@id":"https:\/\/bioswing.ee\/fi\/toode\/bioswing-260-iq-copy-copy-copy-copy-copy-copy-copy-copy-copy-copy-copy-copy-copy-copy-copy-copy-copy-copy-copy-copy-copy-copy-copy-copy-copy-copy-c-13\/#breadcrumb"},"inLanguage":"fi","potentialAction":[{"@type":"ReadAction","target":["https:\/\/bioswing.ee\/fi\/toode\/bioswing-260-iq-copy-copy-copy-copy-copy-copy-copy-copy-copy-copy-copy-copy-copy-copy-copy-copy-copy-copy-copy-copy-copy-copy-copy-copy-copy-copy-c-13\/"]}]},{"@type":"ImageObject","inLanguage":"fi","@id":"https:\/\/bioswing.ee\/fi\/toode\/bioswing-260-iq-copy-copy-copy-copy-copy-copy-copy-copy-copy-copy-copy-copy-copy-copy-copy-copy-copy-copy-copy-copy-copy-copy-copy-copy-copy-copy-c-13\/#primaryimage","url":"https:\/\/bioswing.ee\/wp-content\/uploads\/2026\/04\/bioswing_660_1-1.jpg","contentUrl":"https:\/\/bioswing.ee\/wp-content\/uploads\/2026\/04\/bioswing_660_1-1.jpg","width":800,"height":1067},{"@type":"BreadcrumbList","@id":"https:\/\/bioswing.ee\/fi\/toode\/bioswing-260-iq-copy-copy-copy-copy-copy-copy-copy-copy-copy-copy-copy-copy-copy-copy-copy-copy-copy-copy-copy-copy-copy-copy-copy-copy-copy-copy-c-13\/#breadcrumb","itemListElement":[{"@type":"ListItem","position":1,"name":"Home","item":"https:\/\/bioswing.ee\/"},{"@type":"ListItem","position":2,"name":"Shop","item":"https:\/\/bioswing.ee\/fi\/shop-2\/"},{"@type":"ListItem","position":3,"name":"BIOSWING 260 iQ (Copy) (Copy) (Copy) (Copy) (Copy) (Copy) (Copy) (Copy) (Copy) (Copy) (Copy) (Copy) (Copy) (Copy) (Copy) (Copy) (Copy) (Copy) (Copy) (Copy) (Copy) (Copy) (Copy) (Copy) (Copy) (Copy) (Copy) (Copy) (Copy) (Copy) (Copy) (Copy) (Copy) (Copy)"}]},{"@type":"WebSite","@id":"https:\/\/bioswing.ee\/#website","url":"https:\/\/bioswing.ee\/","name":"BIOSWING","description":"Smart solutions for healthy sitting","publisher":{"@id":"https:\/\/bioswing.ee\/#organization"},"potentialAction":[{"@type":"SearchAction","target":{"@type":"EntryPoint","urlTemplate":"https:\/\/bioswing.ee\/?s={search_term_string}"},"query-input":{"@type":"PropertyValueSpecification","valueRequired":true,"valueName":"search_term_string"}}],"inLanguage":"fi"},{"@type":"Organization","@id":"https:\/\/bioswing.ee\/#organization","name":"BIOSWING","url":"https:\/\/bioswing.ee\/","logo":{"@type":"ImageObject","inLanguage":"fi","@id":"https:\/\/bioswing.ee\/#\/schema\/logo\/image\/","url":"https:\/\/bioswing.ee\/wp-content\/uploads\/2023\/04\/logo_web.png","contentUrl":"https:\/\/bioswing.ee\/wp-content\/uploads\/2023\/04\/logo_web.png","width":140,"height":122,"caption":"BIOSWING"},"image":{"@id":"https:\/\/bioswing.ee\/#\/schema\/logo\/image\/"}}]}},"_links":{"self":[{"href":"https:\/\/bioswing.ee\/fi\/wp-json\/wp\/v2\/product\/37832"}],"collection":[{"href":"https:\/\/bioswing.ee\/fi\/wp-json\/wp\/v2\/product"}],"about":[{"href":"https:\/\/bioswing.ee\/fi\/wp-json\/wp\/v2\/types\/product"}],"wp:featuredmedia":[{"embeddable":true,"href":"https:\/\/bioswing.ee\/fi\/wp-json\/wp\/v2\/media\/37940"}],"wp:attachment":[{"href":"https:\/\/bioswing.ee\/fi\/wp-json\/wp\/v2\/media?parent=37832"}],"wp:term":[{"taxonomy":"product_brand","embeddable":true,"href":"https:\/\/bioswing.ee\/fi\/wp-json\/wp\/v2\/product_brand?post=37832"},{"taxonomy":"product_cat","embeddable":true,"href":"https:\/\/bioswing.ee\/fi\/wp-json\/wp\/v2\/product_cat?post=37832"},{"taxonomy":"product_tag","embeddable":true,"href":"https:\/\/bioswing.ee\/fi\/wp-json\/wp\/v2\/product_tag?post=37832"}],"curies":[{"name":"wp","href":"https:\/\/api.w.org\/{rel}","templated":true}]}}