{"id":2039,"date":"2023-07-13T13:13:28","date_gmt":"2023-07-13T13:13:28","guid":{"rendered":"https:\/\/bioswing.ee\/terms\/"},"modified":"2023-08-08T12:25:27","modified_gmt":"2023-08-08T12:25:27","slug":"myyntiehdot","status":"publish","type":"page","link":"https:\/\/bioswing.ee\/fi\/myyntiehdot\/","title":{"rendered":"MYYNTIEHDOT"},"content":{"rendered":"<p><div class=\"fusion-fullwidth fullwidth-box fusion-builder-row-1 fusion-flex-container has-pattern-background has-mask-background nonhundred-percent-fullwidth non-hundred-percent-height-scrolling\" style=\"--awb-border-radius-top-left:0px;--awb-border-radius-top-right:0px;--awb-border-radius-bottom-right:0px;--awb-border-radius-bottom-left:0px;--awb-flex-wrap:wrap;\" ><div class=\"fusion-builder-row fusion-row fusion-flex-align-items-center fusion-flex-content-wrap\" style=\"max-width:1248px;margin-left: calc(-4% \/ 2 );margin-right: calc(-4% \/ 2 );\"><div class=\"fusion-layout-column fusion_builder_column fusion-builder-column-0 fusion_builder_column_1_5 1_5 fusion-flex-column\" style=\"--awb-bg-size:cover;--awb-width-large:20%;--awb-margin-top-large:0px;--awb-spacing-right-large:9.6%;--awb-margin-bottom-large:20px;--awb-spacing-left-large:9.6%;--awb-width-medium:20%;--awb-order-medium:0;--awb-spacing-right-medium:9.6%;--awb-spacing-left-medium:9.6%;--awb-width-small:100%;--awb-order-small:0;--awb-spacing-right-small:1.92%;--awb-spacing-left-small:1.92%;\"><div class=\"fusion-column-wrapper fusion-column-has-shadow fusion-flex-justify-content-flex-start fusion-content-layout-column\"><\/div><\/div><div class=\"fusion-layout-column fusion_builder_column fusion-builder-column-1 fusion_builder_column_3_5 3_5 fusion-flex-column\" style=\"--awb-bg-size:cover;--awb-width-large:60%;--awb-margin-top-large:0px;--awb-spacing-right-large:3.2%;--awb-margin-bottom-large:20px;--awb-spacing-left-large:3.2%;--awb-width-medium:60%;--awb-order-medium:0;--awb-spacing-right-medium:3.2%;--awb-spacing-left-medium:3.2%;--awb-width-small:100%;--awb-order-small:0;--awb-spacing-right-small:1.92%;--awb-spacing-left-small:1.92%;\"><div class=\"fusion-column-wrapper fusion-column-has-shadow fusion-flex-justify-content-flex-start fusion-content-layout-column\"><div class=\"fusion-title title fusion-title-1 fusion-sep-none fusion-title-text fusion-title-size-one\"><h1 class=\"fusion-title-heading title-heading-left\" style=\"margin:0;\">Myyntiehdot<\/h1><\/div><div class=\"fusion-text fusion-text-1\"><p><strong>Myyntikauppojen vakioehdot<\/strong><\/p>\n<p>Voimassa verkkokaupassa 01.06.2023 alkaen<\/p>\n<ol>\n<li><strong> Yleiset s\u00e4\u00e4nn\u00f6kset<br \/>\n<\/strong>1.1. N\u00e4iss\u00e4 vakioehdoissa m\u00e4\u00e4ritell\u00e4\u00e4n SKS V\u00f5ru O\u00dc:n (j\u00e4ljemp\u00e4n\u00e4 myyj\u00e4) ja ostajan v\u00e4lisen oikeussuhteen perusperiaatteet sek\u00e4 myyj\u00e4n ja ostajan (j\u00e4ljemp\u00e4n\u00e4 yhdess\u00e4 osapuolet) v\u00e4listen liiketoimien suorittamisen yleiset ehdot. Vakioehtoja sovelletaan kaikkiin osapuolten v\u00e4lisiin oikeussuhteisiin.<\/li>\n<\/ol>\n<p>1.2. Osapuolten v\u00e4list\u00e4 oikeussuhteista on vakioehtojen lis\u00e4ksi s\u00e4\u00e4detty Viron lains\u00e4\u00e4d\u00e4nn\u00f6ss\u00e4 Viron tasavallan ja sen pohjalta tehdyss\u00e4 tilauksessa tai sopimuksessa.<\/p>\n<p>1.3. Jos Vakioehtojen ja m\u00e4\u00e4r\u00e4ysten v\u00e4liin syntyy ristiriita, sovelletaan tilauksen m\u00e4\u00e4r\u00e4yksi\u00e4. Jos vakioehdot tai tilaus ovat ristiriidassa sopimuksen kanssa, sovelletaan sopimuksen m\u00e4\u00e4r\u00e4yksi\u00e4.<br \/>\nAsiayhteyden niin vaatiessa sis\u00e4ltyy yksik\u00f6ss\u00e4 oleviin sanoihin monikko ja p\u00e4invastoin. Lausekkeiden otsikot on lis\u00e4tty vakioehtoihin vain luettavuuden helpottamiseen eiv\u00e4tk\u00e4 vaikuta mill\u00e4\u00e4n tavalla lausekkeiden sis\u00e4ll\u00f6n tulkintaan.<\/p>\n<p>1.4. Vakioehtojen kutakin lauseketta tulkitaan yhdess\u00e4 muiden Vakioehtojen lausekkeiden kanssa Vakioehtojen merkityksen ja tarkoituksen pohjalta.<\/p>\n<ol start=\"2\">\n<li><strong> K\u00e4sitteet<br \/>\n<\/strong>2.1. Myyj\u00e4 on SKS V\u00f5ru O\u00dc.<\/li>\n<\/ol>\n<p>2.2. Ostaja on luonnollinen henkil\u00f6 tai oikeushenkil\u00f6, joka ostaa tai haluaa ostaa myyj\u00e4n tarjoamia tuotteita ja \/ tai palveluita.<\/p>\n<p>2.3. Tuote tarkoittaa kaikkia huonekaluja ja muita sisustustuotteet, joita myyj\u00e4 ostajalle myy.<\/p>\n<p>2.4. Palvelu on Myyj\u00e4n Ostajan pyynn\u00f6st\u00e4 tuottama tilasuunnitelma tai sisustusratkaisu, myytyjen tuotteiden kuljetus Ostajan ilmoittamaan paikkaan sek\u00e4 tuotteen kokoaminen ja asentaminen.<\/p>\n<p>2.5. Hinnasto on myyj\u00e4n hyv\u00e4ksym\u00e4 asiakirja, jossa on kuvattu tuotteiden ja palveluiden hinnat.<\/p>\n<p>2.6. Tilausvahvistuksen katsotaan olevan Ostajan ja Myyj\u00e4n v\u00e4lisen kauppasopimuksen.<\/p>\n<p>2.7. Tilauksen t\u00e4ytt\u00e4misen ehtona on aika, jolloin tuotteen ja \/ tai tarjotun palvelun on oltava ostajan saatavilla.<\/p>\n<ol start=\"3\">\n<li><strong> Hinnoittelu<br \/>\n<\/strong>3.1. Tuotteiden ja palveluiden voimassa olevat hinnat on ilmoitettu myyj\u00e4n laatimassa hinnastossa. Hinnastossa m\u00e4\u00e4ritetyt hinnat sis\u00e4lt\u00e4v\u00e4t arvonlis\u00e4veron eiv\u00e4tk\u00e4 sis\u00e4ll\u00e4 kuljetuslavan kustannuksia. Hinnastossa ilmoitetut hinnat sis\u00e4lt\u00e4v\u00e4t paketin hinnan.<\/li>\n<\/ol>\n<p>3.2. Myyj\u00e4ll\u00e4 on oikeus Hinnastoon yksipuolisten muutosten tekemiseen. Muutokset astuvat voimaan niiden tekemisen p\u00e4iv\u00e4n\u00e4 tai muun Myyj\u00e4n ilmoittaman ehdon mukaisesti. Hinnaston muutoksilla ei ole taannehtivaa vaikutusta ennen Hinnaston muutosta tehtyihin Hintatarjouksiin ja Tilauksiin.<\/p>\n<ol start=\"4\">\n<li><strong> Maksuehdot<br \/>\n<\/strong>4.1. Myyj\u00e4ll\u00e4 on oikeus vaatia Ostajalta ennakkomaksua Tuotteesta ja Palvelusta Ostajan kanssa sovitussa m\u00e4\u00e4r\u00e4ss\u00e4 ennen Tilauksen toteuttamisen aloittamista. Verkkokaupassa tehdyist\u00e4 tilauksista on maksettava ennakkomaksulasku kokonaisuudessaan, se tilaus toteutettavaksi hyv\u00e4ksymisen edellytyksen\u00e4.<\/li>\n<\/ol>\n<p>4.2. Kaikki Ostajan maksettavaksi tulevat summat katsotaan asianmukaisesti Myyj\u00e4lle maksetun, jos vastaava summa on saapunut Myyj\u00e4n pankkitilille.<\/p>\n<ol start=\"5\">\n<li><strong> Tuotteen ja palvelun tilaaminen<br \/>\n<\/strong>5.1. Ostaja tekee tuotteen tai palvelun ostamisen tilauksen myyj\u00e4lle verkkokauppaymp\u00e4rist\u00f6ss\u00e4.<\/li>\n<\/ol>\n<p>5.2 Tilaus tarkistetaan, ostajalle l\u00e4hetet\u00e4\u00e4n tilausvahvistus ja ennakkomaksulasku s\u00e4hk\u00f6postitse, tarvittaessa lis\u00e4t\u00e4\u00e4n kuljetuskustannukset ja tiedot toimitusajasta.<\/p>\n<p>5.3. Ostajalle l\u00e4hetet\u00e4\u00e4n ennakkomaksulaskun k\u00e4sittelemisen j\u00e4lkeen s\u00e4hk\u00f6postitse tilauksen toteuttamisesta koskeva vahvistuskirje. Siin\u00e4 on kerrottu ajankohta, johon menness\u00e4 Ostajan tilaamat tuotteet ovat valmiina Myyj\u00e4n varastossa ja mik\u00e4 on tuotteiden Ostajan ilmoittamaan paikkaan toimittamisen tapa. Mik\u00e4li Ostaja on tilannut yhdell\u00e4 tilauksella tuotteita eri toimitusajoilla, lasketaan tilauksen toimitusaika pisimm\u00e4n toimitusajan tuotteen mukaan.<\/p>\n<ol start=\"6\">\n<li><strong> Tilauksen t\u00e4ytt\u00e4minen<br \/>\n<\/strong>6.1. Myyj\u00e4 aloittaa tilauksen t\u00e4ytt\u00e4misen, kun ennakkomaksuvaatimus on maksettu ajoissa.<\/li>\n<\/ol>\n<p>6.2. Ostajan tilaus ja lasku peruutetaan, jos ennakkomaksulaskua ei ole hoidettu 7 p\u00e4iv\u00e4n kuluessa laskun l\u00e4hett\u00e4misest\u00e4.<\/p>\n<ol start=\"7\">\n<li><strong> Tuotteen tai palvelun toimitus<br \/>\n<\/strong>7.1. Tuotteen toimitus \/ vastaanotto tarkoittaa tuotteen antamista ostajan k\u00e4ytt\u00f6\u00f6n tilauksessa sovittujen kuljetusolosuhteiden mukaisesti.<\/li>\n<\/ol>\n<p>7.2. Kuljetusyrityksen edustaja luovuttaa tuotteen ostajalle tai ostajan edustajalle rahtiasiakirjan perusteella.<\/p>\n<p>7.3. Ostaja vahvistaa tuotteen vastaanottamisen allekirjoittamalla tuotteen nimen ja m\u00e4\u00e4r\u00e4n sis\u00e4lt\u00e4m\u00e4n l\u00e4hetyslistan. Ostajan valtuutetun edustajan on osoitettava valtuutensa.<\/p>\n<p>7.4. Jos ostaja ei ole ota tuotetta kohtuullisessa ajassa vastaan, mutta h\u00e4nell\u00e4 on p\u00e4tev\u00e4 syy siihen, myyj\u00e4 voi my\u00f6nt\u00e4\u00e4 ostajalle lis\u00e4ajan, josta ilmoitetaan ostajalle kirjallisesti. Osapuolet sopivat erityisehdosta tapauskohtaisesti. Jos ostaja ei ota tuotetta vastaan myyj\u00e4n antaman lis\u00e4ajan sis\u00e4ll\u00e4, myyj\u00e4ll\u00e4 on oikeus peruuttaa tilaus.<\/p>\n<ol start=\"8\">\n<li><strong> Riskien siirt\u00e4minen<br \/>\n<\/strong>8.1. Tuotteen vahingossa tapahtuvan tuhoutumisen ja vahingoittumisen riski siirtyy ostajalle tuotteen toimittamisen hetkell\u00e4.<\/li>\n<li><strong> Teollisten ja tekij\u00e4noikeuksien suojaaminen<br \/>\n<\/strong>9.1. Ostajalle luovutetut asiakirjat (esim. piirustukset, luonnokset, suunnitelmat jne.) ovat ja pysyv\u00e4t myyj\u00e4n aineettomana omaisuutena. N\u00e4it\u00e4 asiakirjoja ei saa j\u00e4ljent\u00e4\u00e4 eik\u00e4 siirt\u00e4\u00e4 kolmansien osapuolten k\u00e4ytt\u00f6\u00f6n.<\/li>\n<\/ol>\n<\/div><\/div><\/div><div class=\"fusion-layout-column fusion_builder_column fusion-builder-column-2 fusion_builder_column_1_5 1_5 fusion-flex-column\" style=\"--awb-bg-size:cover;--awb-width-large:20%;--awb-margin-top-large:0px;--awb-spacing-right-large:9.6%;--awb-margin-bottom-large:20px;--awb-spacing-left-large:9.6%;--awb-width-medium:20%;--awb-order-medium:0;--awb-spacing-right-medium:9.6%;--awb-spacing-left-medium:9.6%;--awb-width-small:100%;--awb-order-small:0;--awb-spacing-right-small:1.92%;--awb-spacing-left-small:1.92%;\"><div class=\"fusion-column-wrapper fusion-column-has-shadow fusion-flex-justify-content-flex-start fusion-content-layout-column\"><\/div><\/div><\/div><\/div><div class=\"fusion-fullwidth fullwidth-box fusion-builder-row-2 fusion-flex-container has-pattern-background has-mask-background nonhundred-percent-fullwidth non-hundred-percent-height-scrolling\" style=\"--awb-border-radius-top-left:0px;--awb-border-radius-top-right:0px;--awb-border-radius-bottom-right:0px;--awb-border-radius-bottom-left:0px;--awb-flex-wrap:wrap;\" ><div class=\"fusion-builder-row fusion-row fusion-flex-align-items-flex-start fusion-flex-content-wrap\" style=\"max-width:1248px;margin-left: calc(-4% \/ 2 );margin-right: calc(-4% \/ 2 );\"><\/div><\/div><\/p>\n","protected":false},"excerpt":{"rendered":"","protected":false},"author":2,"featured_media":0,"parent":0,"menu_order":0,"comment_status":"closed","ping_status":"closed","template":"100-width.php","meta":{"_acf_changed":false,"footnotes":""},"class_list":["post-2039","page","type-page","status-publish","hentry"],"acf":[],"yoast_head":"<!-- This site is optimized with the Yoast SEO plugin v24.3 - https:\/\/yoast.com\/wordpress\/plugins\/seo\/ -->\n<title>MYYNTIEHDOT - BIOSWING<\/title>\n<meta name=\"robots\" content=\"index, follow, max-snippet:-1, max-image-preview:large, max-video-preview:-1\" \/>\n<link rel=\"canonical\" href=\"https:\/\/bioswing.ee\/fi\/myyntiehdot\/\" \/>\n<meta property=\"og:locale\" content=\"fi_FI\" \/>\n<meta property=\"og:type\" content=\"article\" \/>\n<meta property=\"og:title\" content=\"MYYNTIEHDOT - BIOSWING\" \/>\n<meta property=\"og:url\" content=\"https:\/\/bioswing.ee\/fi\/myyntiehdot\/\" \/>\n<meta property=\"og:site_name\" content=\"BIOSWING\" \/>\n<meta property=\"article:modified_time\" content=\"2023-08-08T12:25:27+00:00\" \/>\n<meta name=\"twitter:card\" content=\"summary_large_image\" \/>\n<meta name=\"twitter:label1\" content=\"Arvioitu lukuaika\" \/>\n\t<meta name=\"twitter:data1\" content=\"13 minuuttia\" \/>\n<script type=\"application\/ld+json\" class=\"yoast-schema-graph\">{\"@context\":\"https:\/\/schema.org\",\"@graph\":[{\"@type\":\"WebPage\",\"@id\":\"https:\/\/bioswing.ee\/fi\/myyntiehdot\/\",\"url\":\"https:\/\/bioswing.ee\/fi\/myyntiehdot\/\",\"name\":\"MYYNTIEHDOT - BIOSWING\",\"isPartOf\":{\"@id\":\"https:\/\/bioswing.ee\/#website\"},\"datePublished\":\"2023-07-13T13:13:28+00:00\",\"dateModified\":\"2023-08-08T12:25:27+00:00\",\"breadcrumb\":{\"@id\":\"https:\/\/bioswing.ee\/fi\/myyntiehdot\/#breadcrumb\"},\"inLanguage\":\"fi\",\"potentialAction\":[{\"@type\":\"ReadAction\",\"target\":[\"https:\/\/bioswing.ee\/fi\/myyntiehdot\/\"]}]},{\"@type\":\"BreadcrumbList\",\"@id\":\"https:\/\/bioswing.ee\/fi\/myyntiehdot\/#breadcrumb\",\"itemListElement\":[{\"@type\":\"ListItem\",\"position\":1,\"name\":\"Home\",\"item\":\"https:\/\/bioswing.ee\/fi\/\"},{\"@type\":\"ListItem\",\"position\":2,\"name\":\"MYYNTIEHDOT\"}]},{\"@type\":\"WebSite\",\"@id\":\"https:\/\/bioswing.ee\/#website\",\"url\":\"https:\/\/bioswing.ee\/\",\"name\":\"BIOSWING\",\"description\":\"Smart solutions for healthy sitting\",\"publisher\":{\"@id\":\"https:\/\/bioswing.ee\/#organization\"},\"potentialAction\":[{\"@type\":\"SearchAction\",\"target\":{\"@type\":\"EntryPoint\",\"urlTemplate\":\"https:\/\/bioswing.ee\/?s={search_term_string}\"},\"query-input\":{\"@type\":\"PropertyValueSpecification\",\"valueRequired\":true,\"valueName\":\"search_term_string\"}}],\"inLanguage\":\"fi\"},{\"@type\":\"Organization\",\"@id\":\"https:\/\/bioswing.ee\/#organization\",\"name\":\"BIOSWING\",\"url\":\"https:\/\/bioswing.ee\/\",\"logo\":{\"@type\":\"ImageObject\",\"inLanguage\":\"fi\",\"@id\":\"https:\/\/bioswing.ee\/#\/schema\/logo\/image\/\",\"url\":\"https:\/\/bioswing.ee\/wp-content\/uploads\/2023\/04\/logo_web.png\",\"contentUrl\":\"https:\/\/bioswing.ee\/wp-content\/uploads\/2023\/04\/logo_web.png\",\"width\":140,\"height\":122,\"caption\":\"BIOSWING\"},\"image\":{\"@id\":\"https:\/\/bioswing.ee\/#\/schema\/logo\/image\/\"}}]}<\/script>\n<!-- \/ Yoast SEO plugin. -->","yoast_head_json":{"title":"MYYNTIEHDOT - BIOSWING","robots":{"index":"index","follow":"follow","max-snippet":"max-snippet:-1","max-image-preview":"max-image-preview:large","max-video-preview":"max-video-preview:-1"},"canonical":"https:\/\/bioswing.ee\/fi\/myyntiehdot\/","og_locale":"fi_FI","og_type":"article","og_title":"MYYNTIEHDOT - BIOSWING","og_url":"https:\/\/bioswing.ee\/fi\/myyntiehdot\/","og_site_name":"BIOSWING","article_modified_time":"2023-08-08T12:25:27+00:00","twitter_card":"summary_large_image","twitter_misc":{"Arvioitu lukuaika":"13 minuuttia"},"schema":{"@context":"https:\/\/schema.org","@graph":[{"@type":"WebPage","@id":"https:\/\/bioswing.ee\/fi\/myyntiehdot\/","url":"https:\/\/bioswing.ee\/fi\/myyntiehdot\/","name":"MYYNTIEHDOT - BIOSWING","isPartOf":{"@id":"https:\/\/bioswing.ee\/#website"},"datePublished":"2023-07-13T13:13:28+00:00","dateModified":"2023-08-08T12:25:27+00:00","breadcrumb":{"@id":"https:\/\/bioswing.ee\/fi\/myyntiehdot\/#breadcrumb"},"inLanguage":"fi","potentialAction":[{"@type":"ReadAction","target":["https:\/\/bioswing.ee\/fi\/myyntiehdot\/"]}]},{"@type":"BreadcrumbList","@id":"https:\/\/bioswing.ee\/fi\/myyntiehdot\/#breadcrumb","itemListElement":[{"@type":"ListItem","position":1,"name":"Home","item":"https:\/\/bioswing.ee\/fi\/"},{"@type":"ListItem","position":2,"name":"MYYNTIEHDOT"}]},{"@type":"WebSite","@id":"https:\/\/bioswing.ee\/#website","url":"https:\/\/bioswing.ee\/","name":"BIOSWING","description":"Smart solutions for healthy sitting","publisher":{"@id":"https:\/\/bioswing.ee\/#organization"},"potentialAction":[{"@type":"SearchAction","target":{"@type":"EntryPoint","urlTemplate":"https:\/\/bioswing.ee\/?s={search_term_string}"},"query-input":{"@type":"PropertyValueSpecification","valueRequired":true,"valueName":"search_term_string"}}],"inLanguage":"fi"},{"@type":"Organization","@id":"https:\/\/bioswing.ee\/#organization","name":"BIOSWING","url":"https:\/\/bioswing.ee\/","logo":{"@type":"ImageObject","inLanguage":"fi","@id":"https:\/\/bioswing.ee\/#\/schema\/logo\/image\/","url":"https:\/\/bioswing.ee\/wp-content\/uploads\/2023\/04\/logo_web.png","contentUrl":"https:\/\/bioswing.ee\/wp-content\/uploads\/2023\/04\/logo_web.png","width":140,"height":122,"caption":"BIOSWING"},"image":{"@id":"https:\/\/bioswing.ee\/#\/schema\/logo\/image\/"}}]}},"_links":{"self":[{"href":"https:\/\/bioswing.ee\/fi\/wp-json\/wp\/v2\/pages\/2039"}],"collection":[{"href":"https:\/\/bioswing.ee\/fi\/wp-json\/wp\/v2\/pages"}],"about":[{"href":"https:\/\/bioswing.ee\/fi\/wp-json\/wp\/v2\/types\/page"}],"author":[{"embeddable":true,"href":"https:\/\/bioswing.ee\/fi\/wp-json\/wp\/v2\/users\/2"}],"replies":[{"embeddable":true,"href":"https:\/\/bioswing.ee\/fi\/wp-json\/wp\/v2\/comments?post=2039"}],"version-history":[{"count":1,"href":"https:\/\/bioswing.ee\/fi\/wp-json\/wp\/v2\/pages\/2039\/revisions"}],"predecessor-version":[{"id":2045,"href":"https:\/\/bioswing.ee\/fi\/wp-json\/wp\/v2\/pages\/2039\/revisions\/2045"}],"wp:attachment":[{"href":"https:\/\/bioswing.ee\/fi\/wp-json\/wp\/v2\/media?parent=2039"}],"curies":[{"name":"wp","href":"https:\/\/api.w.org\/{rel}","templated":true}]}}