{"id":2024,"date":"2023-03-31T19:29:21","date_gmt":"2023-03-31T19:29:21","guid":{"rendered":"https:\/\/bioswing.ee\/privacy-policy\/"},"modified":"2023-08-08T12:15:08","modified_gmt":"2023-08-08T12:15:08","slug":"tietosuojakaytanto","status":"publish","type":"page","link":"https:\/\/bioswing.ee\/fi\/tietosuojakaytanto\/","title":{"rendered":"Tietosuojak\u00e4yt\u00e4nt\u00f6"},"content":{"rendered":"<p><div class=\"fusion-fullwidth fullwidth-box fusion-builder-row-1 fusion-flex-container has-pattern-background has-mask-background nonhundred-percent-fullwidth non-hundred-percent-height-scrolling\" style=\"--awb-border-radius-top-left:0px;--awb-border-radius-top-right:0px;--awb-border-radius-bottom-right:0px;--awb-border-radius-bottom-left:0px;--awb-flex-wrap:wrap;\" ><div class=\"fusion-builder-row fusion-row fusion-flex-align-items-center fusion-flex-content-wrap\" style=\"max-width:1248px;margin-left: calc(-4% \/ 2 );margin-right: calc(-4% \/ 2 );\"><div class=\"fusion-layout-column fusion_builder_column fusion-builder-column-0 fusion_builder_column_1_5 1_5 fusion-flex-column\" style=\"--awb-bg-size:cover;--awb-width-large:20%;--awb-margin-top-large:0px;--awb-spacing-right-large:9.6%;--awb-margin-bottom-large:20px;--awb-spacing-left-large:9.6%;--awb-width-medium:20%;--awb-order-medium:0;--awb-spacing-right-medium:9.6%;--awb-spacing-left-medium:9.6%;--awb-width-small:100%;--awb-order-small:0;--awb-spacing-right-small:1.92%;--awb-spacing-left-small:1.92%;\"><div class=\"fusion-column-wrapper fusion-column-has-shadow fusion-flex-justify-content-flex-start fusion-content-layout-column\"><\/div><\/div><div class=\"fusion-layout-column fusion_builder_column fusion-builder-column-1 fusion_builder_column_3_5 3_5 fusion-flex-column\" style=\"--awb-bg-size:cover;--awb-width-large:60%;--awb-margin-top-large:0px;--awb-spacing-right-large:3.2%;--awb-margin-bottom-large:20px;--awb-spacing-left-large:3.2%;--awb-width-medium:60%;--awb-order-medium:0;--awb-spacing-right-medium:3.2%;--awb-spacing-left-medium:3.2%;--awb-width-small:100%;--awb-order-small:0;--awb-spacing-right-small:1.92%;--awb-spacing-left-small:1.92%;\"><div class=\"fusion-column-wrapper fusion-column-has-shadow fusion-flex-justify-content-flex-start fusion-content-layout-column\"><div class=\"fusion-title title fusion-title-1 fusion-sep-none fusion-title-text fusion-title-size-one\"><h1 class=\"fusion-title-heading title-heading-left\" style=\"margin:0;\">Tietosuojak\u00e4yt\u00e4nt\u00f6<\/h1><\/div><div class=\"fusion-text fusion-text-1\"><p>Asiakkaidemme ja yhteisty\u00f6kumppaneidemme luottamus on meille eritt\u00e4in t\u00e4rke\u00e4\u00e4. Haluamme, ett\u00e4 jokainen, joka antaa meille henkil\u00f6tietonsa, voi olla varma, ett\u00e4 huolehdimme heid\u00e4n tiedoistaan parhaalla mahdollisella tavalla.<\/p>\n<p>T\u00e4m\u00e4n tietosuojaselosteen tarkoituksena on SKS V\u00f5ru O\u00dc:n entisten, nykyisten ja tulevien asiakkaiden yksityisyyden suojelu. Sen perusteella m\u00e4\u00e4rittelemme asiakkaiden henkil\u00f6tietojen ker\u00e4\u00e4misen, k\u00e4yt\u00f6n, tallentamisen, l\u00e4hett\u00e4misen ja julkaisemisen periaatteet Viron tasavallan lakien ja Euroopan unionin lains\u00e4\u00e4d\u00e4nn\u00f6n mukaisesti.<\/p>\n<p><strong>Henkil\u00f6tietojen ker\u00e4\u00e4minen ja k\u00e4ytt\u00f6<\/strong><\/p>\n<p>K\u00e4sittelemme henkil\u00f6tietoja, jotka henkil\u00f6 on vapaaehtoisesti meille antanut. Henkil\u00f6tietoja voivat olla nimi, puhelinnumero, s\u00e4hk\u00f6postiosoite, katuosoite ja muut tiedot.<\/p>\n<p>K\u00e4yt\u00e4mme henkil\u00f6tietoja vain tarjotaksemme asiakkaillemme uusimpien markkinatietojen tarjoamiseen, uusimmista kehityksist\u00e4 kertomiseen, kysymyksiin vastaamiseen, parhaiten tarjousten ja asiakastapahtumista tietojen jakamiseen sek\u00e4 muihin SKS V\u00f5ru O\u00dc:n toimintaan liittyviin toimiin.<\/p>\n<p>SKS V\u00f5ru O\u00dc ei jaa, v\u00e4lit\u00e4, muokkaa tai k\u00e4yt\u00e4 henkil\u00f6tietoja ennakoimattomalla tavalla, ellei asiakkaan kanssa ole siit\u00e4 sovittu tai jos tietojen luovuttamisen tarpeesta on s\u00e4\u00e4detty Viron lains\u00e4\u00e4d\u00e4nn\u00f6ss\u00e4.<\/p>\n<p>Jos saat meilt\u00e4 edell\u00e4 mainitut tiedot ilman, ett\u00e4 olet antanut meille henkil\u00f6tietojasi, ota yhteytt\u00e4 <a href=\"mailto:info@bioswing.ee\">info@bioswing.ee<\/a>.<\/p>\n<p>Henkil\u00f6ll\u00e4 on oikeus peruuttaa suostumuksensa milloin tahansa l\u00e4hett\u00e4m\u00e4ll\u00e4 pyynt\u00f6 <a href=\"mailto:info@bioswing.ee\">info@bioswing.ee<\/a>.<\/p>\n<p><strong>Ev\u00e4steet<\/strong><\/p>\n<p>SKS V\u00f5ru O\u00dc k\u00e4ytt\u00e4\u00e4 sivustollaan selaushistoriasi analysoimiseen ev\u00e4steit\u00e4. K\u00e4yt\u00e4mme n\u00e4it\u00e4 tietoja, jotta k\u00e4ytt\u00e4j\u00e4kokemuksesi olisi mukavampi ja vastaisi paremmin tarpeitasi. K\u00e4yt\u00e4mme ev\u00e4steit\u00e4 my\u00f6s tilastolliseen analyysiin ja mainosten n\u00e4ytt\u00e4miseen huolellisesti valittujen kolmannen osapuolen sovellusten kautta (mm. Google, Adroll, Facebook, Mailchimp jne.).<\/p>\n<p>Ev\u00e4ste on tekstitiedosto, jonka l\u00e4hett\u00e4v\u00e4t verkkosivustot, joilla k\u00e4ytt\u00e4j\u00e4 vierailee ja ne tallennetaan k\u00e4ytt\u00e4j\u00e4n tietokoneelle. Ev\u00e4ste tallennetaan k\u00e4ytt\u00e4j\u00e4n verkkoselaimen tiedostohakemistoon. Jos k\u00e4ytt\u00e4j\u00e4 on vieraillut sivustolla aiemmin, selain lukee ev\u00e4steen ja l\u00e4hett\u00e4\u00e4 asiaankuuluvat tiedot verkkosivulle tai kohteeseen, joka tallennettiin ev\u00e4steen alussa. Lis\u00e4tietoja ev\u00e4steist\u00e4 on osoitteessa <a href=\"http:\/\/www.aki.ee\/et\/kupsised\">www.aki.ee\/et\/kupsised<\/a>.<\/p>\n<p>Verkkoselaimella voi est\u00e4\u00e4 ev\u00e4steiden k\u00e4yt\u00f6n. Jos haluat toimia n\u00e4in, sinun on muutettava verkkoselaimesi asetuksia.<\/p>\n<p><strong>Tietosuojak\u00e4yt\u00e4nt\u00f6 S\u00e4\u00e4nn\u00f6t ja ehdot<\/strong><\/p>\n<p>L\u00e4hett\u00e4m\u00e4ll\u00e4 tietosi ja jatkamalla verkkosivustomme k\u00e4ytt\u00f6\u00e4 noudatat ja hyv\u00e4ksyt k\u00e4yt\u00e4nt\u00f6mme ja ehtomme. SKS V\u00f5ru O\u00dc pid\u00e4tt\u00e4\u00e4 oikeuden tarvittaessa tietosuojaselosteen yleisten ehtojen muuttamiseen.<\/p>\n<p>Jos sinulla on kysytt\u00e4v\u00e4\u00e4 tietosuojak\u00e4yt\u00e4nn\u00f6st\u00e4, ota meihin yhteytt\u00e4 osoitteessa <a href=\"mailto:info@bioswing.ee\">info@bioswing.ee<\/a><\/p>\n<\/div><\/div><\/div><div class=\"fusion-layout-column fusion_builder_column fusion-builder-column-2 fusion_builder_column_1_5 1_5 fusion-flex-column\" style=\"--awb-bg-size:cover;--awb-width-large:20%;--awb-margin-top-large:0px;--awb-spacing-right-large:9.6%;--awb-margin-bottom-large:20px;--awb-spacing-left-large:9.6%;--awb-width-medium:20%;--awb-order-medium:0;--awb-spacing-right-medium:9.6%;--awb-spacing-left-medium:9.6%;--awb-width-small:100%;--awb-order-small:0;--awb-spacing-right-small:1.92%;--awb-spacing-left-small:1.92%;\"><div class=\"fusion-column-wrapper fusion-column-has-shadow fusion-flex-justify-content-flex-start fusion-content-layout-column\"><\/div><\/div><\/div><\/div><div class=\"fusion-fullwidth fullwidth-box fusion-builder-row-2 fusion-flex-container has-pattern-background has-mask-background nonhundred-percent-fullwidth non-hundred-percent-height-scrolling\" style=\"--awb-border-radius-top-left:0px;--awb-border-radius-top-right:0px;--awb-border-radius-bottom-right:0px;--awb-border-radius-bottom-left:0px;--awb-flex-wrap:wrap;\" ><div class=\"fusion-builder-row fusion-row fusion-flex-align-items-flex-start fusion-flex-content-wrap\" style=\"max-width:1248px;margin-left: calc(-4% \/ 2 );margin-right: calc(-4% \/ 2 );\"><\/div><\/div><\/p>\n","protected":false},"excerpt":{"rendered":"","protected":false},"author":1,"featured_media":0,"parent":0,"menu_order":0,"comment_status":"closed","ping_status":"open","template":"","meta":{"_acf_changed":false,"footnotes":""},"class_list":["post-2024","page","type-page","status-publish","hentry"],"acf":[],"yoast_head":"<!-- This site is optimized with the Yoast SEO plugin v24.3 - https:\/\/yoast.com\/wordpress\/plugins\/seo\/ -->\n<title>Tietosuojak\u00e4yt\u00e4nt\u00f6 - BIOSWING<\/title>\n<meta name=\"robots\" content=\"index, follow, max-snippet:-1, max-image-preview:large, max-video-preview:-1\" \/>\n<link rel=\"canonical\" href=\"https:\/\/bioswing.ee\/fi\/tietosuojakaytanto\/\" \/>\n<meta property=\"og:locale\" content=\"fi_FI\" \/>\n<meta property=\"og:type\" content=\"article\" \/>\n<meta property=\"og:title\" content=\"Tietosuojak\u00e4yt\u00e4nt\u00f6 - BIOSWING\" \/>\n<meta property=\"og:url\" content=\"https:\/\/bioswing.ee\/fi\/tietosuojakaytanto\/\" \/>\n<meta property=\"og:site_name\" content=\"BIOSWING\" \/>\n<meta property=\"article:modified_time\" content=\"2023-08-08T12:15:08+00:00\" \/>\n<meta name=\"twitter:card\" content=\"summary_large_image\" \/>\n<meta name=\"twitter:label1\" content=\"Arvioitu lukuaika\" \/>\n\t<meta name=\"twitter:data1\" content=\"11 minuuttia\" \/>\n<script type=\"application\/ld+json\" class=\"yoast-schema-graph\">{\"@context\":\"https:\/\/schema.org\",\"@graph\":[{\"@type\":\"WebPage\",\"@id\":\"https:\/\/bioswing.ee\/fi\/tietosuojakaytanto\/\",\"url\":\"https:\/\/bioswing.ee\/fi\/tietosuojakaytanto\/\",\"name\":\"Tietosuojak\u00e4yt\u00e4nt\u00f6 - BIOSWING\",\"isPartOf\":{\"@id\":\"https:\/\/bioswing.ee\/#website\"},\"datePublished\":\"2023-03-31T19:29:21+00:00\",\"dateModified\":\"2023-08-08T12:15:08+00:00\",\"breadcrumb\":{\"@id\":\"https:\/\/bioswing.ee\/fi\/tietosuojakaytanto\/#breadcrumb\"},\"inLanguage\":\"fi\",\"potentialAction\":[{\"@type\":\"ReadAction\",\"target\":[\"https:\/\/bioswing.ee\/fi\/tietosuojakaytanto\/\"]}]},{\"@type\":\"BreadcrumbList\",\"@id\":\"https:\/\/bioswing.ee\/fi\/tietosuojakaytanto\/#breadcrumb\",\"itemListElement\":[{\"@type\":\"ListItem\",\"position\":1,\"name\":\"Home\",\"item\":\"https:\/\/bioswing.ee\/fi\/\"},{\"@type\":\"ListItem\",\"position\":2,\"name\":\"Tietosuojak\u00e4yt\u00e4nt\u00f6\"}]},{\"@type\":\"WebSite\",\"@id\":\"https:\/\/bioswing.ee\/#website\",\"url\":\"https:\/\/bioswing.ee\/\",\"name\":\"BIOSWING\",\"description\":\"Smart solutions for healthy sitting\",\"publisher\":{\"@id\":\"https:\/\/bioswing.ee\/#organization\"},\"potentialAction\":[{\"@type\":\"SearchAction\",\"target\":{\"@type\":\"EntryPoint\",\"urlTemplate\":\"https:\/\/bioswing.ee\/?s={search_term_string}\"},\"query-input\":{\"@type\":\"PropertyValueSpecification\",\"valueRequired\":true,\"valueName\":\"search_term_string\"}}],\"inLanguage\":\"fi\"},{\"@type\":\"Organization\",\"@id\":\"https:\/\/bioswing.ee\/#organization\",\"name\":\"BIOSWING\",\"url\":\"https:\/\/bioswing.ee\/\",\"logo\":{\"@type\":\"ImageObject\",\"inLanguage\":\"fi\",\"@id\":\"https:\/\/bioswing.ee\/#\/schema\/logo\/image\/\",\"url\":\"https:\/\/bioswing.ee\/wp-content\/uploads\/2023\/04\/logo_web.png\",\"contentUrl\":\"https:\/\/bioswing.ee\/wp-content\/uploads\/2023\/04\/logo_web.png\",\"width\":140,\"height\":122,\"caption\":\"BIOSWING\"},\"image\":{\"@id\":\"https:\/\/bioswing.ee\/#\/schema\/logo\/image\/\"}}]}<\/script>\n<!-- \/ Yoast SEO plugin. -->","yoast_head_json":{"title":"Tietosuojak\u00e4yt\u00e4nt\u00f6 - BIOSWING","robots":{"index":"index","follow":"follow","max-snippet":"max-snippet:-1","max-image-preview":"max-image-preview:large","max-video-preview":"max-video-preview:-1"},"canonical":"https:\/\/bioswing.ee\/fi\/tietosuojakaytanto\/","og_locale":"fi_FI","og_type":"article","og_title":"Tietosuojak\u00e4yt\u00e4nt\u00f6 - BIOSWING","og_url":"https:\/\/bioswing.ee\/fi\/tietosuojakaytanto\/","og_site_name":"BIOSWING","article_modified_time":"2023-08-08T12:15:08+00:00","twitter_card":"summary_large_image","twitter_misc":{"Arvioitu lukuaika":"11 minuuttia"},"schema":{"@context":"https:\/\/schema.org","@graph":[{"@type":"WebPage","@id":"https:\/\/bioswing.ee\/fi\/tietosuojakaytanto\/","url":"https:\/\/bioswing.ee\/fi\/tietosuojakaytanto\/","name":"Tietosuojak\u00e4yt\u00e4nt\u00f6 - BIOSWING","isPartOf":{"@id":"https:\/\/bioswing.ee\/#website"},"datePublished":"2023-03-31T19:29:21+00:00","dateModified":"2023-08-08T12:15:08+00:00","breadcrumb":{"@id":"https:\/\/bioswing.ee\/fi\/tietosuojakaytanto\/#breadcrumb"},"inLanguage":"fi","potentialAction":[{"@type":"ReadAction","target":["https:\/\/bioswing.ee\/fi\/tietosuojakaytanto\/"]}]},{"@type":"BreadcrumbList","@id":"https:\/\/bioswing.ee\/fi\/tietosuojakaytanto\/#breadcrumb","itemListElement":[{"@type":"ListItem","position":1,"name":"Home","item":"https:\/\/bioswing.ee\/fi\/"},{"@type":"ListItem","position":2,"name":"Tietosuojak\u00e4yt\u00e4nt\u00f6"}]},{"@type":"WebSite","@id":"https:\/\/bioswing.ee\/#website","url":"https:\/\/bioswing.ee\/","name":"BIOSWING","description":"Smart solutions for healthy sitting","publisher":{"@id":"https:\/\/bioswing.ee\/#organization"},"potentialAction":[{"@type":"SearchAction","target":{"@type":"EntryPoint","urlTemplate":"https:\/\/bioswing.ee\/?s={search_term_string}"},"query-input":{"@type":"PropertyValueSpecification","valueRequired":true,"valueName":"search_term_string"}}],"inLanguage":"fi"},{"@type":"Organization","@id":"https:\/\/bioswing.ee\/#organization","name":"BIOSWING","url":"https:\/\/bioswing.ee\/","logo":{"@type":"ImageObject","inLanguage":"fi","@id":"https:\/\/bioswing.ee\/#\/schema\/logo\/image\/","url":"https:\/\/bioswing.ee\/wp-content\/uploads\/2023\/04\/logo_web.png","contentUrl":"https:\/\/bioswing.ee\/wp-content\/uploads\/2023\/04\/logo_web.png","width":140,"height":122,"caption":"BIOSWING"},"image":{"@id":"https:\/\/bioswing.ee\/#\/schema\/logo\/image\/"}}]}},"_links":{"self":[{"href":"https:\/\/bioswing.ee\/fi\/wp-json\/wp\/v2\/pages\/2024"}],"collection":[{"href":"https:\/\/bioswing.ee\/fi\/wp-json\/wp\/v2\/pages"}],"about":[{"href":"https:\/\/bioswing.ee\/fi\/wp-json\/wp\/v2\/types\/page"}],"author":[{"embeddable":true,"href":"https:\/\/bioswing.ee\/fi\/wp-json\/wp\/v2\/users\/1"}],"replies":[{"embeddable":true,"href":"https:\/\/bioswing.ee\/fi\/wp-json\/wp\/v2\/comments?post=2024"}],"version-history":[{"count":2,"href":"https:\/\/bioswing.ee\/fi\/wp-json\/wp\/v2\/pages\/2024\/revisions"}],"predecessor-version":[{"id":2032,"href":"https:\/\/bioswing.ee\/fi\/wp-json\/wp\/v2\/pages\/2024\/revisions\/2032"}],"wp:attachment":[{"href":"https:\/\/bioswing.ee\/fi\/wp-json\/wp\/v2\/media?parent=2024"}],"curies":[{"name":"wp","href":"https:\/\/api.w.org\/{rel}","templated":true}]}}