{"id":1971,"date":"2023-04-13T09:53:58","date_gmt":"2023-04-13T09:53:58","guid":{"rendered":"https:\/\/bioswing.ee\/about-us\/"},"modified":"2025-04-14T18:34:02","modified_gmt":"2025-04-14T18:34:02","slug":"meista","status":"publish","type":"page","link":"https:\/\/bioswing.ee\/fi\/meista\/","title":{"rendered":"MEIST\u00c4"},"content":{"rendered":"<div class=\"fusion-fullwidth fullwidth-box fusion-builder-row-1 fusion-flex-container has-pattern-background has-mask-background nonhundred-percent-fullwidth non-hundred-percent-height-scrolling\" style=\"--awb-border-radius-top-left:0px;--awb-border-radius-top-right:0px;--awb-border-radius-bottom-right:0px;--awb-border-radius-bottom-left:0px;--awb-flex-wrap:wrap;\" ><div class=\"fusion-builder-row fusion-row fusion-flex-align-items-flex-start fusion-flex-content-wrap\" style=\"max-width:1248px;margin-left: calc(-4% \/ 2 );margin-right: calc(-4% \/ 2 );\"><div class=\"fusion-layout-column fusion_builder_column fusion-builder-column-0 fusion_builder_column_1_2 1_2 fusion-flex-column\" style=\"--awb-bg-size:cover;--awb-width-large:50%;--awb-margin-top-large:0px;--awb-spacing-right-large:3.84%;--awb-margin-bottom-large:20px;--awb-spacing-left-large:3.84%;--awb-width-medium:50%;--awb-order-medium:0;--awb-spacing-right-medium:3.84%;--awb-spacing-left-medium:3.84%;--awb-width-small:100%;--awb-order-small:0;--awb-spacing-right-small:1.92%;--awb-spacing-left-small:1.92%;\"><div class=\"fusion-column-wrapper fusion-column-has-shadow fusion-flex-justify-content-flex-start fusion-content-layout-column\"><div class=\"fusion-image-element \" style=\"--awb-caption-title-font-family:var(--h2_typography-font-family);--awb-caption-title-font-weight:var(--h2_typography-font-weight);--awb-caption-title-font-style:var(--h2_typography-font-style);--awb-caption-title-size:var(--h2_typography-font-size);--awb-caption-title-transform:var(--h2_typography-text-transform);--awb-caption-title-line-height:var(--h2_typography-line-height);--awb-caption-title-letter-spacing:var(--h2_typography-letter-spacing);\"><span class=\" fusion-imageframe imageframe-none imageframe-1 hover-type-none\"><img decoding=\"async\" width=\"688\" height=\"1000\" title=\"portrait_eduard_haider_2020-688&#215;1000\" src=\"https:\/\/bioswing.ee\/wp-content\/uploads\/2025\/04\/portrait_eduard_haider_2020-688x1000-1.jpg\" alt class=\"img-responsive wp-image-27763\" srcset=\"https:\/\/bioswing.ee\/wp-content\/uploads\/2025\/04\/portrait_eduard_haider_2020-688x1000-1-200x291.jpg 200w, https:\/\/bioswing.ee\/wp-content\/uploads\/2025\/04\/portrait_eduard_haider_2020-688x1000-1-400x581.jpg 400w, https:\/\/bioswing.ee\/wp-content\/uploads\/2025\/04\/portrait_eduard_haider_2020-688x1000-1-600x872.jpg 600w, https:\/\/bioswing.ee\/wp-content\/uploads\/2025\/04\/portrait_eduard_haider_2020-688x1000-1.jpg 688w\" sizes=\"(max-width: 640px) 100vw, 600px\" \/><\/span><\/div><\/div><\/div><div class=\"fusion-layout-column fusion_builder_column fusion-builder-column-1 fusion_builder_column_1_2 1_2 fusion-flex-column\" style=\"--awb-bg-size:cover;--awb-width-large:50%;--awb-margin-top-large:0px;--awb-spacing-right-large:3.84%;--awb-margin-bottom-large:20px;--awb-spacing-left-large:3.84%;--awb-width-medium:50%;--awb-order-medium:0;--awb-spacing-right-medium:3.84%;--awb-spacing-left-medium:3.84%;--awb-width-small:100%;--awb-order-small:0;--awb-spacing-right-small:1.92%;--awb-spacing-left-small:1.92%;\"><div class=\"fusion-column-wrapper fusion-column-has-shadow fusion-flex-justify-content-flex-start fusion-content-layout-column\"><div class=\"fusion-title title fusion-title-1 fusion-sep-none fusion-title-text fusion-title-size-one\"><h1 class=\"fusion-title-heading title-heading-left\" style=\"margin:0;\">Yksinomainen myyntiedustaja Baltian ja Pohjoismaissa Haider Bioswing -tuotteille<\/h1><\/div><div class=\"fusion-text fusion-text-1\"><p><strong>Intohimona terveys, ergonomia ja ihmisten hyvinvointi.<\/strong><\/p>\n<p>Yrityksen perustaja Eduard Haider kehitti ja suunnitteli monien ihmisten kokeman selk\u00e4kivun lievitt\u00e4miseen ensimm\u00e4iset erilliset v\u00e4r\u00e4htelev\u00e4t ty\u00f6tuolit yrityksen tehtaalla Koillis-Baijerissa 1980-luvun alussa.<\/p>\n<p>H\u00e4n haki inspiraatiota amerikkalaisen neurologin Dennis McGintyn kokeista ja havainnoista, joissa oli vuonna 1982 todistettu, ett\u00e4 v\u00e4r\u00e4htelev\u00e4t liikkeet saattavat edist\u00e4\u00e4 fyysist\u00e4 ja henkist\u00e4 suorituskyky\u00e4.<\/p>\n<p>H\u00e4n toteutti keksim\u00e4ll\u00e4\u00e4n BIOSWING-istuinj\u00e4rjestelm\u00e4ll\u00e4 visionsa terveellisest\u00e4 ja aktiivisesta istumisesta ja patentoi keksint\u00f6ns\u00e4 vuonna 1983.<\/p>\n<p>H\u00e4n kehitti ja optimoi tiiviiss\u00e4 yhteisty\u00f6ss\u00e4 korkeakoulujen, l\u00e4\u00e4ketieteen asiantuntijoiden ja terapeuttien kanssa ensimm\u00e4isi\u00e4 tuotteitaan edelleen, luoden uusia tuotelinjoja ja sovellusalueita. Kaikki n\u00e4m\u00e4 innovatiiviset ja luovat saavutukset dokumentoitiin yhteens\u00e4 10 patentissa.<\/p>\n<p>Viime 35 vuoden aikana on erillisten oskillaattoreiden pohjalta luotu erinomaisia ratkaisuja, joita tuhannet fysioterapeutit k\u00e4ytt\u00e4v\u00e4t nyt p\u00e4ivitt\u00e4in potilasty\u00f6ss\u00e4\u00e4n.<\/p>\n<p>Yritys on t\u00e4h\u00e4n p\u00e4iv\u00e4\u00e4n asti pysynyt uskollisena ydinteht\u00e4v\u00e4lleen: kehitt\u00e4\u00e4 ja valmistaa ensiluokkaisten, ihmisten terveytt\u00e4, suorituskyky\u00e4 ja hyvinvointia tukevien ratkaisujen kehitt\u00e4minen ja valmistus. Noin 100 ty\u00f6ntekij\u00e4n p\u00e4tev\u00e4 ja motivoitunut tiimi on sitoutunut t\u00e4h\u00e4n tavoitteeseen ja antaa kaikkensa sen hyv\u00e4ksi.<\/p>\n<p>Tuotantostrategiat &#8221;<strong>valmistettu Saksassa<\/strong>&#8221; ja &#8221;<strong>kaikki saman katon alla&#8221; <\/strong>ovat osoittautuneet toimiviksi, sill\u00e4 kaikki istuma-, harjoittelu- ja hoitoj\u00e4rjestelmien osat on kehitetty Pullenreuthin tehtaalla ja valmistettu paikan p\u00e4\u00e4ll\u00e4 korkealaatuisista materiaaleista. Erilaisten, huipputeknologiaan yhdistettyjen k\u00e4sity\u00f6taitojen avulla luodaan n\u00e4in k\u00e4yt\u00f6ss\u00e4 kest\u00e4vi\u00e4 ja laadukkaita tuotteita, joita terapeutit, terveystietoiset ja vaativat asiakkaat voivat k\u00e4ytt\u00e4\u00e4 useiden vuosien ajan.<\/p>\n<p>Lukuisat ergonomia-asiantuntijamme noin 150 valtuutetun j\u00e4lleenmyyj\u00e4n ja konsulttiyrityksen palveluksessa Saksassa, It\u00e4vallassa ja Sveitsiss\u00e4 varmistavat, ett\u00e4 kaikki asiakkaat saavat parasta mahdollista neuvontaa ja luotettavaa myynnin j\u00e4lkeist\u00e4 tukea.<\/p>\n<\/div><div class=\"fusion-text fusion-text-2\"><p style=\"text-align: left;\"><img decoding=\"async\" class=\"alignnone wp-image-4908 alignleft\" src=\"https:\/\/bioswing.ee\/wp-content\/uploads\/2023\/08\/pdf.png\" alt=\"\" width=\"21\" height=\"22\" \/>\u00a0<a href=\"https:\/\/bioswing.ee\/wp-content\/uploads\/2024\/10\/BIOSWING_Product_overview_2024_fi.pdf\" target=\"_blank\" rel=\"noopener\">Bioswing-tuotekatsaus<\/a><\/p>\n<\/div><\/div><\/div><\/div><\/div>\n","protected":false},"excerpt":{"rendered":"","protected":false},"author":2,"featured_media":0,"parent":0,"menu_order":0,"comment_status":"closed","ping_status":"closed","template":"100-width.php","meta":{"_acf_changed":false,"footnotes":""},"class_list":["post-1971","page","type-page","status-publish","hentry"],"acf":[],"yoast_head":"<!-- This site is optimized with the Yoast SEO plugin v24.3 - https:\/\/yoast.com\/wordpress\/plugins\/seo\/ -->\n<title>MEIST\u00c4 - BIOSWING<\/title>\n<meta name=\"description\" content=\"Valmistettu SaksassaIntohimona terveys, ergonomia ja ihmisten hyvinvointi.\" \/>\n<meta name=\"robots\" content=\"index, follow, max-snippet:-1, max-image-preview:large, max-video-preview:-1\" \/>\n<link rel=\"canonical\" href=\"https:\/\/bioswing.ee\/fi\/meista\/\" \/>\n<meta property=\"og:locale\" content=\"fi_FI\" \/>\n<meta property=\"og:type\" content=\"article\" \/>\n<meta property=\"og:title\" content=\"MEIST\u00c4 - BIOSWING\" \/>\n<meta property=\"og:description\" content=\"Valmistettu SaksassaIntohimona terveys, ergonomia ja ihmisten hyvinvointi.\" \/>\n<meta property=\"og:url\" content=\"https:\/\/bioswing.ee\/fi\/meista\/\" \/>\n<meta property=\"og:site_name\" content=\"BIOSWING\" \/>\n<meta property=\"article:modified_time\" content=\"2025-04-14T18:34:02+00:00\" \/>\n<meta property=\"og:image\" content=\"https:\/\/bioswing.ee\/wp-content\/uploads\/2023\/08\/pdf.png\" \/>\n<meta name=\"twitter:card\" content=\"summary_large_image\" \/>\n<meta name=\"twitter:label1\" content=\"Arvioitu lukuaika\" \/>\n\t<meta name=\"twitter:data1\" content=\"2 minuuttia\" \/>\n<script type=\"application\/ld+json\" class=\"yoast-schema-graph\">{\"@context\":\"https:\/\/schema.org\",\"@graph\":[{\"@type\":\"WebPage\",\"@id\":\"https:\/\/bioswing.ee\/fi\/meista\/\",\"url\":\"https:\/\/bioswing.ee\/fi\/meista\/\",\"name\":\"MEIST\u00c4 - BIOSWING\",\"isPartOf\":{\"@id\":\"https:\/\/bioswing.ee\/#website\"},\"primaryImageOfPage\":{\"@id\":\"https:\/\/bioswing.ee\/fi\/meista\/#primaryimage\"},\"image\":{\"@id\":\"https:\/\/bioswing.ee\/fi\/meista\/#primaryimage\"},\"thumbnailUrl\":\"https:\/\/bioswing.ee\/wp-content\/uploads\/2023\/08\/pdf.png\",\"datePublished\":\"2023-04-13T09:53:58+00:00\",\"dateModified\":\"2025-04-14T18:34:02+00:00\",\"description\":\"Valmistettu SaksassaIntohimona terveys, ergonomia ja ihmisten hyvinvointi.\",\"breadcrumb\":{\"@id\":\"https:\/\/bioswing.ee\/fi\/meista\/#breadcrumb\"},\"inLanguage\":\"fi\",\"potentialAction\":[{\"@type\":\"ReadAction\",\"target\":[\"https:\/\/bioswing.ee\/fi\/meista\/\"]}]},{\"@type\":\"ImageObject\",\"inLanguage\":\"fi\",\"@id\":\"https:\/\/bioswing.ee\/fi\/meista\/#primaryimage\",\"url\":\"https:\/\/bioswing.ee\/wp-content\/uploads\/2023\/08\/pdf.png\",\"contentUrl\":\"https:\/\/bioswing.ee\/wp-content\/uploads\/2023\/08\/pdf.png\"},{\"@type\":\"BreadcrumbList\",\"@id\":\"https:\/\/bioswing.ee\/fi\/meista\/#breadcrumb\",\"itemListElement\":[{\"@type\":\"ListItem\",\"position\":1,\"name\":\"Home\",\"item\":\"https:\/\/bioswing.ee\/fi\/\"},{\"@type\":\"ListItem\",\"position\":2,\"name\":\"MEIST\u00c4\"}]},{\"@type\":\"WebSite\",\"@id\":\"https:\/\/bioswing.ee\/#website\",\"url\":\"https:\/\/bioswing.ee\/\",\"name\":\"BIOSWING\",\"description\":\"Smart solutions for healthy sitting\",\"publisher\":{\"@id\":\"https:\/\/bioswing.ee\/#organization\"},\"potentialAction\":[{\"@type\":\"SearchAction\",\"target\":{\"@type\":\"EntryPoint\",\"urlTemplate\":\"https:\/\/bioswing.ee\/?s={search_term_string}\"},\"query-input\":{\"@type\":\"PropertyValueSpecification\",\"valueRequired\":true,\"valueName\":\"search_term_string\"}}],\"inLanguage\":\"fi\"},{\"@type\":\"Organization\",\"@id\":\"https:\/\/bioswing.ee\/#organization\",\"name\":\"BIOSWING\",\"url\":\"https:\/\/bioswing.ee\/\",\"logo\":{\"@type\":\"ImageObject\",\"inLanguage\":\"fi\",\"@id\":\"https:\/\/bioswing.ee\/#\/schema\/logo\/image\/\",\"url\":\"https:\/\/bioswing.ee\/wp-content\/uploads\/2023\/04\/logo_web.png\",\"contentUrl\":\"https:\/\/bioswing.ee\/wp-content\/uploads\/2023\/04\/logo_web.png\",\"width\":140,\"height\":122,\"caption\":\"BIOSWING\"},\"image\":{\"@id\":\"https:\/\/bioswing.ee\/#\/schema\/logo\/image\/\"}}]}<\/script>\n<!-- \/ Yoast SEO plugin. -->","yoast_head_json":{"title":"MEIST\u00c4 - BIOSWING","description":"Valmistettu SaksassaIntohimona terveys, ergonomia ja ihmisten hyvinvointi.","robots":{"index":"index","follow":"follow","max-snippet":"max-snippet:-1","max-image-preview":"max-image-preview:large","max-video-preview":"max-video-preview:-1"},"canonical":"https:\/\/bioswing.ee\/fi\/meista\/","og_locale":"fi_FI","og_type":"article","og_title":"MEIST\u00c4 - BIOSWING","og_description":"Valmistettu SaksassaIntohimona terveys, ergonomia ja ihmisten hyvinvointi.","og_url":"https:\/\/bioswing.ee\/fi\/meista\/","og_site_name":"BIOSWING","article_modified_time":"2025-04-14T18:34:02+00:00","og_image":[{"url":"https:\/\/bioswing.ee\/wp-content\/uploads\/2023\/08\/pdf.png","type":"","width":"","height":""}],"twitter_card":"summary_large_image","twitter_misc":{"Arvioitu lukuaika":"2 minuuttia"},"schema":{"@context":"https:\/\/schema.org","@graph":[{"@type":"WebPage","@id":"https:\/\/bioswing.ee\/fi\/meista\/","url":"https:\/\/bioswing.ee\/fi\/meista\/","name":"MEIST\u00c4 - BIOSWING","isPartOf":{"@id":"https:\/\/bioswing.ee\/#website"},"primaryImageOfPage":{"@id":"https:\/\/bioswing.ee\/fi\/meista\/#primaryimage"},"image":{"@id":"https:\/\/bioswing.ee\/fi\/meista\/#primaryimage"},"thumbnailUrl":"https:\/\/bioswing.ee\/wp-content\/uploads\/2023\/08\/pdf.png","datePublished":"2023-04-13T09:53:58+00:00","dateModified":"2025-04-14T18:34:02+00:00","description":"Valmistettu SaksassaIntohimona terveys, ergonomia ja ihmisten hyvinvointi.","breadcrumb":{"@id":"https:\/\/bioswing.ee\/fi\/meista\/#breadcrumb"},"inLanguage":"fi","potentialAction":[{"@type":"ReadAction","target":["https:\/\/bioswing.ee\/fi\/meista\/"]}]},{"@type":"ImageObject","inLanguage":"fi","@id":"https:\/\/bioswing.ee\/fi\/meista\/#primaryimage","url":"https:\/\/bioswing.ee\/wp-content\/uploads\/2023\/08\/pdf.png","contentUrl":"https:\/\/bioswing.ee\/wp-content\/uploads\/2023\/08\/pdf.png"},{"@type":"BreadcrumbList","@id":"https:\/\/bioswing.ee\/fi\/meista\/#breadcrumb","itemListElement":[{"@type":"ListItem","position":1,"name":"Home","item":"https:\/\/bioswing.ee\/fi\/"},{"@type":"ListItem","position":2,"name":"MEIST\u00c4"}]},{"@type":"WebSite","@id":"https:\/\/bioswing.ee\/#website","url":"https:\/\/bioswing.ee\/","name":"BIOSWING","description":"Smart solutions for healthy sitting","publisher":{"@id":"https:\/\/bioswing.ee\/#organization"},"potentialAction":[{"@type":"SearchAction","target":{"@type":"EntryPoint","urlTemplate":"https:\/\/bioswing.ee\/?s={search_term_string}"},"query-input":{"@type":"PropertyValueSpecification","valueRequired":true,"valueName":"search_term_string"}}],"inLanguage":"fi"},{"@type":"Organization","@id":"https:\/\/bioswing.ee\/#organization","name":"BIOSWING","url":"https:\/\/bioswing.ee\/","logo":{"@type":"ImageObject","inLanguage":"fi","@id":"https:\/\/bioswing.ee\/#\/schema\/logo\/image\/","url":"https:\/\/bioswing.ee\/wp-content\/uploads\/2023\/04\/logo_web.png","contentUrl":"https:\/\/bioswing.ee\/wp-content\/uploads\/2023\/04\/logo_web.png","width":140,"height":122,"caption":"BIOSWING"},"image":{"@id":"https:\/\/bioswing.ee\/#\/schema\/logo\/image\/"}}]}},"_links":{"self":[{"href":"https:\/\/bioswing.ee\/fi\/wp-json\/wp\/v2\/pages\/1971"}],"collection":[{"href":"https:\/\/bioswing.ee\/fi\/wp-json\/wp\/v2\/pages"}],"about":[{"href":"https:\/\/bioswing.ee\/fi\/wp-json\/wp\/v2\/types\/page"}],"author":[{"embeddable":true,"href":"https:\/\/bioswing.ee\/fi\/wp-json\/wp\/v2\/users\/2"}],"replies":[{"embeddable":true,"href":"https:\/\/bioswing.ee\/fi\/wp-json\/wp\/v2\/comments?post=1971"}],"version-history":[{"count":7,"href":"https:\/\/bioswing.ee\/fi\/wp-json\/wp\/v2\/pages\/1971\/revisions"}],"predecessor-version":[{"id":27889,"href":"https:\/\/bioswing.ee\/fi\/wp-json\/wp\/v2\/pages\/1971\/revisions\/27889"}],"wp:attachment":[{"href":"https:\/\/bioswing.ee\/fi\/wp-json\/wp\/v2\/media?parent=1971"}],"curies":[{"name":"wp","href":"https:\/\/api.w.org\/{rel}","templated":true}]}}