{"id":1847,"date":"2023-04-13T12:11:49","date_gmt":"2023-04-13T12:11:49","guid":{"rendered":"https:\/\/bioswing.ee\/miksi-bioswing\/vision\/"},"modified":"2024-12-05T11:11:43","modified_gmt":"2024-12-05T11:11:43","slug":"visio","status":"publish","type":"page","link":"https:\/\/bioswing.ee\/fi\/miksi-bioswing\/visio\/","title":{"rendered":"VISIO"},"content":{"rendered":"<p><div class=\"fusion-fullwidth fullwidth-box fusion-builder-row-1 fusion-flex-container has-pattern-background has-mask-background nonhundred-percent-fullwidth non-hundred-percent-height-scrolling\" style=\"--awb-border-radius-top-left:0px;--awb-border-radius-top-right:0px;--awb-border-radius-bottom-right:0px;--awb-border-radius-bottom-left:0px;--awb-flex-wrap:wrap;\" ><div class=\"fusion-builder-row fusion-row fusion-flex-align-items-center fusion-flex-content-wrap\" style=\"max-width:1248px;margin-left: calc(-4% \/ 2 );margin-right: calc(-4% \/ 2 );\"><div class=\"fusion-layout-column fusion_builder_column fusion-builder-column-0 fusion_builder_column_1_2 1_2 fusion-flex-column\" style=\"--awb-bg-size:cover;--awb-width-large:50%;--awb-margin-top-large:0px;--awb-spacing-right-large:3.84%;--awb-margin-bottom-large:20px;--awb-spacing-left-large:3.84%;--awb-width-medium:50%;--awb-order-medium:0;--awb-spacing-right-medium:3.84%;--awb-spacing-left-medium:3.84%;--awb-width-small:100%;--awb-order-small:0;--awb-spacing-right-small:1.92%;--awb-spacing-left-small:1.92%;\"><div class=\"fusion-column-wrapper fusion-column-has-shadow fusion-flex-justify-content-flex-start fusion-content-layout-column\"><div class=\"fusion-image-element \" style=\"--awb-caption-title-font-family:var(--h2_typography-font-family);--awb-caption-title-font-weight:var(--h2_typography-font-weight);--awb-caption-title-font-style:var(--h2_typography-font-style);--awb-caption-title-size:var(--h2_typography-font-size);--awb-caption-title-transform:var(--h2_typography-text-transform);--awb-caption-title-line-height:var(--h2_typography-line-height);--awb-caption-title-letter-spacing:var(--h2_typography-letter-spacing);\"><span class=\" fusion-imageframe imageframe-none imageframe-1 hover-type-none\"><img decoding=\"async\" width=\"800\" height=\"800\" title=\"v1\" src=\"https:\/\/bioswing.ee\/wp-content\/uploads\/2023\/04\/v1.jpg\" alt class=\"img-responsive wp-image-1585\" srcset=\"https:\/\/bioswing.ee\/wp-content\/uploads\/2023\/04\/v1-200x200.jpg 200w, https:\/\/bioswing.ee\/wp-content\/uploads\/2023\/04\/v1-400x400.jpg 400w, https:\/\/bioswing.ee\/wp-content\/uploads\/2023\/04\/v1-600x600.jpg 600w, https:\/\/bioswing.ee\/wp-content\/uploads\/2023\/04\/v1.jpg 800w\" sizes=\"(max-width: 640px) 100vw, 600px\" \/><\/span><\/div><\/div><\/div><div class=\"fusion-layout-column fusion_builder_column fusion-builder-column-1 fusion_builder_column_1_2 1_2 fusion-flex-column\" style=\"--awb-bg-size:cover;--awb-width-large:50%;--awb-margin-top-large:0px;--awb-spacing-right-large:3.84%;--awb-margin-bottom-large:20px;--awb-spacing-left-large:3.84%;--awb-width-medium:50%;--awb-order-medium:0;--awb-spacing-right-medium:3.84%;--awb-spacing-left-medium:3.84%;--awb-width-small:100%;--awb-order-small:0;--awb-spacing-right-small:1.92%;--awb-spacing-left-small:1.92%;\"><div class=\"fusion-column-wrapper fusion-column-has-shadow fusion-flex-justify-content-flex-start fusion-content-layout-column\"><div class=\"fusion-title title fusion-title-1 fusion-sep-none fusion-title-text fusion-title-size-one\"><h1 class=\"fusion-title-heading title-heading-left\" style=\"margin:0;\">K\u00e4yt\u00e4 sis\u00e4ll\u00e4si olevaa energiaa!<\/h1><\/div><div class=\"fusion-text fusion-text-1\"><p>Kehomme on todellinen luonnon ihme. Kaikki toiminnot ovat t\u00e4ydellisesti koordinoituja ja luonnonlakeja noudattava. Lihasten, hermojen, aistielinten, verisuonten ja aivojen ohjausyksik\u00f6iden v\u00e4lill\u00e4 toimii saumaton vuorovaikutus, ne sykkiv\u00e4t lakkaamatta omaan rytmiins\u00e4 ja on suunniteltu el\u00e4m\u00e4\u00e4n (kreikaksi: <em>bios<\/em>) t\u00e4ydess\u00e4 vauhdissa.<\/p>\n<\/div><\/div><\/div><\/div><\/div><div class=\"fusion-fullwidth fullwidth-box fusion-builder-row-2 fusion-flex-container has-pattern-background has-mask-background nonhundred-percent-fullwidth non-hundred-percent-height-scrolling\" style=\"--awb-border-radius-top-left:0px;--awb-border-radius-top-right:0px;--awb-border-radius-bottom-right:0px;--awb-border-radius-bottom-left:0px;--awb-flex-wrap:wrap;\" ><div class=\"fusion-builder-row fusion-row fusion-flex-align-items-center fusion-flex-content-wrap\" style=\"max-width:1248px;margin-left: calc(-4% \/ 2 );margin-right: calc(-4% \/ 2 );\"><div class=\"fusion-layout-column fusion_builder_column fusion-builder-column-2 fusion_builder_column_1_2 1_2 fusion-flex-column\" style=\"--awb-bg-size:cover;--awb-width-large:50%;--awb-margin-top-large:0px;--awb-spacing-right-large:3.84%;--awb-margin-bottom-large:20px;--awb-spacing-left-large:3.84%;--awb-width-medium:50%;--awb-order-medium:0;--awb-spacing-right-medium:3.84%;--awb-spacing-left-medium:3.84%;--awb-width-small:100%;--awb-order-small:0;--awb-spacing-right-small:1.92%;--awb-spacing-left-small:1.92%;\"><div class=\"fusion-column-wrapper fusion-column-has-shadow fusion-flex-justify-content-flex-start fusion-content-layout-column\"><div class=\"fusion-title title fusion-title-2 fusion-sep-none fusion-title-text fusion-title-size-one\"><h1 class=\"fusion-title-heading title-heading-left\" style=\"margin:0;\">El\u00e4 omaa rytmi\u00e4si: BIOSWINGin avulla<\/h1><\/div><div class=\"fusion-text fusion-text-2\"><p>T\u00e4m\u00e4n tuoliin yhdistetyn BIOSWING-teknologian avulla voit olla varma, ett\u00e4 kaikki impulssisi heijastetaan \u2013 jatkuvasti, automaattisesti ja eritt\u00e4in tehokkaasti. Aina sykkeest\u00e4, hengityksest\u00e4 ja kehon liikkeist\u00e4 lyhyeen toimistotreeniin. Teknologia aktivoi, kouluttaa, mobilisoi, vakauttaa \u2013 ja tarjoaa ylellisen miellytt\u00e4v\u00e4n istumakokemuksen.<\/p>\n<\/div><\/div><\/div><div class=\"fusion-layout-column fusion_builder_column fusion-builder-column-3 fusion_builder_column_1_2 1_2 fusion-flex-column\" style=\"--awb-bg-size:cover;--awb-width-large:50%;--awb-margin-top-large:0px;--awb-spacing-right-large:3.84%;--awb-margin-bottom-large:20px;--awb-spacing-left-large:3.84%;--awb-width-medium:50%;--awb-order-medium:0;--awb-spacing-right-medium:3.84%;--awb-spacing-left-medium:3.84%;--awb-width-small:100%;--awb-order-small:0;--awb-spacing-right-small:1.92%;--awb-spacing-left-small:1.92%;\"><div class=\"fusion-column-wrapper fusion-column-has-shadow fusion-flex-justify-content-flex-start fusion-content-layout-column\"><div class=\"fusion-image-element \" style=\"--awb-caption-title-font-family:var(--h2_typography-font-family);--awb-caption-title-font-weight:var(--h2_typography-font-weight);--awb-caption-title-font-style:var(--h2_typography-font-style);--awb-caption-title-size:var(--h2_typography-font-size);--awb-caption-title-transform:var(--h2_typography-text-transform);--awb-caption-title-line-height:var(--h2_typography-line-height);--awb-caption-title-letter-spacing:var(--h2_typography-letter-spacing);\"><span class=\" fusion-imageframe imageframe-none imageframe-2 hover-type-none\"><img decoding=\"async\" width=\"800\" height=\"800\" title=\"v\" src=\"https:\/\/bioswing.ee\/wp-content\/uploads\/2023\/04\/v.jpg\" alt class=\"img-responsive wp-image-1590\" srcset=\"https:\/\/bioswing.ee\/wp-content\/uploads\/2023\/04\/v-200x200.jpg 200w, https:\/\/bioswing.ee\/wp-content\/uploads\/2023\/04\/v-400x400.jpg 400w, https:\/\/bioswing.ee\/wp-content\/uploads\/2023\/04\/v-600x600.jpg 600w, https:\/\/bioswing.ee\/wp-content\/uploads\/2023\/04\/v.jpg 800w\" sizes=\"(max-width: 640px) 100vw, 600px\" \/><\/span><\/div><\/div><\/div><\/div><\/div><div class=\"fusion-fullwidth fullwidth-box fusion-builder-row-3 fusion-flex-container has-pattern-background has-mask-background nonhundred-percent-fullwidth non-hundred-percent-height-scrolling\" style=\"--awb-border-radius-top-left:0px;--awb-border-radius-top-right:0px;--awb-border-radius-bottom-right:0px;--awb-border-radius-bottom-left:0px;--awb-flex-wrap:wrap;\" ><div class=\"fusion-builder-row fusion-row fusion-flex-align-items-center fusion-flex-content-wrap\" style=\"max-width:1248px;margin-left: calc(-4% \/ 2 );margin-right: calc(-4% \/ 2 );\"><div class=\"fusion-layout-column fusion_builder_column fusion-builder-column-4 fusion_builder_column_1_2 1_2 fusion-flex-column\" style=\"--awb-bg-size:cover;--awb-width-large:50%;--awb-margin-top-large:0px;--awb-spacing-right-large:3.84%;--awb-margin-bottom-large:20px;--awb-spacing-left-large:3.84%;--awb-width-medium:50%;--awb-order-medium:0;--awb-spacing-right-medium:3.84%;--awb-spacing-left-medium:3.84%;--awb-width-small:100%;--awb-order-small:0;--awb-spacing-right-small:1.92%;--awb-spacing-left-small:1.92%;\"><div class=\"fusion-column-wrapper fusion-column-has-shadow fusion-flex-justify-content-flex-start fusion-content-layout-column\"><div class=\"fusion-image-element \" style=\"--awb-caption-title-font-family:var(--h2_typography-font-family);--awb-caption-title-font-weight:var(--h2_typography-font-weight);--awb-caption-title-font-style:var(--h2_typography-font-style);--awb-caption-title-size:var(--h2_typography-font-size);--awb-caption-title-transform:var(--h2_typography-text-transform);--awb-caption-title-line-height:var(--h2_typography-line-height);--awb-caption-title-letter-spacing:var(--h2_typography-letter-spacing);\"><span class=\" fusion-imageframe imageframe-none imageframe-3 hover-type-none\"><img decoding=\"async\" width=\"800\" height=\"800\" title=\"v3\" src=\"https:\/\/bioswing.ee\/wp-content\/uploads\/2023\/04\/v3.jpg\" alt class=\"img-responsive wp-image-1595\" srcset=\"https:\/\/bioswing.ee\/wp-content\/uploads\/2023\/04\/v3-200x200.jpg 200w, https:\/\/bioswing.ee\/wp-content\/uploads\/2023\/04\/v3-400x400.jpg 400w, https:\/\/bioswing.ee\/wp-content\/uploads\/2023\/04\/v3-600x600.jpg 600w, https:\/\/bioswing.ee\/wp-content\/uploads\/2023\/04\/v3.jpg 800w\" sizes=\"(max-width: 640px) 100vw, 600px\" \/><\/span><\/div><\/div><\/div><div class=\"fusion-layout-column fusion_builder_column fusion-builder-column-5 fusion_builder_column_1_2 1_2 fusion-flex-column\" style=\"--awb-bg-size:cover;--awb-width-large:50%;--awb-margin-top-large:0px;--awb-spacing-right-large:3.84%;--awb-margin-bottom-large:20px;--awb-spacing-left-large:3.84%;--awb-width-medium:50%;--awb-order-medium:0;--awb-spacing-right-medium:3.84%;--awb-spacing-left-medium:3.84%;--awb-width-small:100%;--awb-order-small:0;--awb-spacing-right-small:1.92%;--awb-spacing-left-small:1.92%;\"><div class=\"fusion-column-wrapper fusion-column-has-shadow fusion-flex-justify-content-flex-start fusion-content-layout-column\"><div class=\"fusion-title title fusion-title-3 fusion-sep-none fusion-title-text fusion-title-size-one\"><h1 class=\"fusion-title-heading title-heading-left\" style=\"margin:0;\">Kaikki on rytmi\u00e4, rytmi on el\u00e4m\u00e4\u00e4.<\/h1><\/div><div class=\"fusion-text fusion-text-3\"><p>Mutta kun rytmi estettyn\u00e4 tai h\u00e4irittyn\u00e4 loppuu tai pys\u00e4htyy kokonaan, alkaa j\u00e4ykkyys\u2013 ja sen my\u00f6t\u00e4 my\u00f6s rappeutuminen.<\/p>\n<p>BIOSWING-tekniikassa hy\u00f6dynnet\u00e4\u00e4n t\u00e4t\u00e4 oivallusta ja toteutetaan t\u00e4ydellisesti 3D-k\u00e4\u00e4nt\u00f6mekanismissa rytmisen heiluriperiaatteen kautta.<\/p>\n<\/div><\/div><\/div><\/div><\/div><\/p>\n","protected":false},"excerpt":{"rendered":"","protected":false},"author":2,"featured_media":0,"parent":1786,"menu_order":0,"comment_status":"closed","ping_status":"closed","template":"100-width.php","meta":{"_acf_changed":false,"footnotes":""},"class_list":["post-1847","page","type-page","status-publish","hentry"],"acf":[],"yoast_head":"<!-- This site is optimized with the Yoast SEO plugin v24.3 - https:\/\/yoast.com\/wordpress\/plugins\/seo\/ -->\n<title>VISIO - BIOSWING<\/title>\n<meta name=\"description\" content=\"El\u00e4 omaa rytmi\u00e4si: BIOSWINGin avulla\" \/>\n<meta name=\"robots\" content=\"index, follow, max-snippet:-1, max-image-preview:large, max-video-preview:-1\" \/>\n<link rel=\"canonical\" href=\"https:\/\/bioswing.ee\/fi\/miksi-bioswing\/visio\/\" \/>\n<meta property=\"og:locale\" content=\"fi_FI\" \/>\n<meta property=\"og:type\" content=\"article\" \/>\n<meta property=\"og:title\" content=\"VISIO - BIOSWING\" \/>\n<meta property=\"og:description\" content=\"El\u00e4 omaa rytmi\u00e4si: BIOSWINGin avulla\" \/>\n<meta property=\"og:url\" content=\"https:\/\/bioswing.ee\/fi\/miksi-bioswing\/visio\/\" \/>\n<meta property=\"og:site_name\" content=\"BIOSWING\" \/>\n<meta property=\"article:modified_time\" content=\"2024-12-05T11:11:43+00:00\" \/>\n<meta name=\"twitter:card\" content=\"summary_large_image\" \/>\n<meta name=\"twitter:label1\" content=\"Arvioitu lukuaika\" \/>\n\t<meta name=\"twitter:data1\" content=\"2 minuuttia\" \/>\n<script type=\"application\/ld+json\" class=\"yoast-schema-graph\">{\"@context\":\"https:\/\/schema.org\",\"@graph\":[{\"@type\":\"WebPage\",\"@id\":\"https:\/\/bioswing.ee\/fi\/miksi-bioswing\/visio\/\",\"url\":\"https:\/\/bioswing.ee\/fi\/miksi-bioswing\/visio\/\",\"name\":\"VISIO - BIOSWING\",\"isPartOf\":{\"@id\":\"https:\/\/bioswing.ee\/#website\"},\"datePublished\":\"2023-04-13T12:11:49+00:00\",\"dateModified\":\"2024-12-05T11:11:43+00:00\",\"description\":\"El\u00e4 omaa rytmi\u00e4si: BIOSWINGin avulla\",\"breadcrumb\":{\"@id\":\"https:\/\/bioswing.ee\/fi\/miksi-bioswing\/visio\/#breadcrumb\"},\"inLanguage\":\"fi\",\"potentialAction\":[{\"@type\":\"ReadAction\",\"target\":[\"https:\/\/bioswing.ee\/fi\/miksi-bioswing\/visio\/\"]}]},{\"@type\":\"BreadcrumbList\",\"@id\":\"https:\/\/bioswing.ee\/fi\/miksi-bioswing\/visio\/#breadcrumb\",\"itemListElement\":[{\"@type\":\"ListItem\",\"position\":1,\"name\":\"Home\",\"item\":\"https:\/\/bioswing.ee\/fi\/\"},{\"@type\":\"ListItem\",\"position\":2,\"name\":\"MIKSI BIOSWING?\",\"item\":\"https:\/\/bioswing.ee\/fi\/miksi-bioswing\/\"},{\"@type\":\"ListItem\",\"position\":3,\"name\":\"VISIO\"}]},{\"@type\":\"WebSite\",\"@id\":\"https:\/\/bioswing.ee\/#website\",\"url\":\"https:\/\/bioswing.ee\/\",\"name\":\"BIOSWING\",\"description\":\"Smart solutions for healthy sitting\",\"publisher\":{\"@id\":\"https:\/\/bioswing.ee\/#organization\"},\"potentialAction\":[{\"@type\":\"SearchAction\",\"target\":{\"@type\":\"EntryPoint\",\"urlTemplate\":\"https:\/\/bioswing.ee\/?s={search_term_string}\"},\"query-input\":{\"@type\":\"PropertyValueSpecification\",\"valueRequired\":true,\"valueName\":\"search_term_string\"}}],\"inLanguage\":\"fi\"},{\"@type\":\"Organization\",\"@id\":\"https:\/\/bioswing.ee\/#organization\",\"name\":\"BIOSWING\",\"url\":\"https:\/\/bioswing.ee\/\",\"logo\":{\"@type\":\"ImageObject\",\"inLanguage\":\"fi\",\"@id\":\"https:\/\/bioswing.ee\/#\/schema\/logo\/image\/\",\"url\":\"https:\/\/bioswing.ee\/wp-content\/uploads\/2023\/04\/logo_web.png\",\"contentUrl\":\"https:\/\/bioswing.ee\/wp-content\/uploads\/2023\/04\/logo_web.png\",\"width\":140,\"height\":122,\"caption\":\"BIOSWING\"},\"image\":{\"@id\":\"https:\/\/bioswing.ee\/#\/schema\/logo\/image\/\"}}]}<\/script>\n<!-- \/ Yoast SEO plugin. -->","yoast_head_json":{"title":"VISIO - BIOSWING","description":"El\u00e4 omaa rytmi\u00e4si: BIOSWINGin avulla","robots":{"index":"index","follow":"follow","max-snippet":"max-snippet:-1","max-image-preview":"max-image-preview:large","max-video-preview":"max-video-preview:-1"},"canonical":"https:\/\/bioswing.ee\/fi\/miksi-bioswing\/visio\/","og_locale":"fi_FI","og_type":"article","og_title":"VISIO - BIOSWING","og_description":"El\u00e4 omaa rytmi\u00e4si: BIOSWINGin avulla","og_url":"https:\/\/bioswing.ee\/fi\/miksi-bioswing\/visio\/","og_site_name":"BIOSWING","article_modified_time":"2024-12-05T11:11:43+00:00","twitter_card":"summary_large_image","twitter_misc":{"Arvioitu lukuaika":"2 minuuttia"},"schema":{"@context":"https:\/\/schema.org","@graph":[{"@type":"WebPage","@id":"https:\/\/bioswing.ee\/fi\/miksi-bioswing\/visio\/","url":"https:\/\/bioswing.ee\/fi\/miksi-bioswing\/visio\/","name":"VISIO - BIOSWING","isPartOf":{"@id":"https:\/\/bioswing.ee\/#website"},"datePublished":"2023-04-13T12:11:49+00:00","dateModified":"2024-12-05T11:11:43+00:00","description":"El\u00e4 omaa rytmi\u00e4si: BIOSWINGin avulla","breadcrumb":{"@id":"https:\/\/bioswing.ee\/fi\/miksi-bioswing\/visio\/#breadcrumb"},"inLanguage":"fi","potentialAction":[{"@type":"ReadAction","target":["https:\/\/bioswing.ee\/fi\/miksi-bioswing\/visio\/"]}]},{"@type":"BreadcrumbList","@id":"https:\/\/bioswing.ee\/fi\/miksi-bioswing\/visio\/#breadcrumb","itemListElement":[{"@type":"ListItem","position":1,"name":"Home","item":"https:\/\/bioswing.ee\/fi\/"},{"@type":"ListItem","position":2,"name":"MIKSI BIOSWING?","item":"https:\/\/bioswing.ee\/fi\/miksi-bioswing\/"},{"@type":"ListItem","position":3,"name":"VISIO"}]},{"@type":"WebSite","@id":"https:\/\/bioswing.ee\/#website","url":"https:\/\/bioswing.ee\/","name":"BIOSWING","description":"Smart solutions for healthy sitting","publisher":{"@id":"https:\/\/bioswing.ee\/#organization"},"potentialAction":[{"@type":"SearchAction","target":{"@type":"EntryPoint","urlTemplate":"https:\/\/bioswing.ee\/?s={search_term_string}"},"query-input":{"@type":"PropertyValueSpecification","valueRequired":true,"valueName":"search_term_string"}}],"inLanguage":"fi"},{"@type":"Organization","@id":"https:\/\/bioswing.ee\/#organization","name":"BIOSWING","url":"https:\/\/bioswing.ee\/","logo":{"@type":"ImageObject","inLanguage":"fi","@id":"https:\/\/bioswing.ee\/#\/schema\/logo\/image\/","url":"https:\/\/bioswing.ee\/wp-content\/uploads\/2023\/04\/logo_web.png","contentUrl":"https:\/\/bioswing.ee\/wp-content\/uploads\/2023\/04\/logo_web.png","width":140,"height":122,"caption":"BIOSWING"},"image":{"@id":"https:\/\/bioswing.ee\/#\/schema\/logo\/image\/"}}]}},"_links":{"self":[{"href":"https:\/\/bioswing.ee\/fi\/wp-json\/wp\/v2\/pages\/1847"}],"collection":[{"href":"https:\/\/bioswing.ee\/fi\/wp-json\/wp\/v2\/pages"}],"about":[{"href":"https:\/\/bioswing.ee\/fi\/wp-json\/wp\/v2\/types\/page"}],"author":[{"embeddable":true,"href":"https:\/\/bioswing.ee\/fi\/wp-json\/wp\/v2\/users\/2"}],"replies":[{"embeddable":true,"href":"https:\/\/bioswing.ee\/fi\/wp-json\/wp\/v2\/comments?post=1847"}],"version-history":[{"count":4,"href":"https:\/\/bioswing.ee\/fi\/wp-json\/wp\/v2\/pages\/1847\/revisions"}],"predecessor-version":[{"id":19604,"href":"https:\/\/bioswing.ee\/fi\/wp-json\/wp\/v2\/pages\/1847\/revisions\/19604"}],"up":[{"embeddable":true,"href":"https:\/\/bioswing.ee\/fi\/wp-json\/wp\/v2\/pages\/1786"}],"wp:attachment":[{"href":"https:\/\/bioswing.ee\/fi\/wp-json\/wp\/v2\/media?parent=1847"}],"curies":[{"name":"wp","href":"https:\/\/api.w.org\/{rel}","templated":true}]}}