{"id":1760,"date":"2023-04-13T12:12:05","date_gmt":"2023-04-13T12:12:05","guid":{"rendered":"https:\/\/bioswing.ee\/technology\/"},"modified":"2025-01-23T15:48:34","modified_gmt":"2025-01-23T15:48:34","slug":"teknologia","status":"publish","type":"page","link":"https:\/\/bioswing.ee\/fi\/miksi-bioswing\/teknologia\/","title":{"rendered":"TEKNOLOGIA"},"content":{"rendered":"<p><div class=\"fusion-fullwidth fullwidth-box fusion-builder-row-1 fusion-flex-container has-pattern-background has-mask-background nonhundred-percent-fullwidth non-hundred-percent-height-scrolling\" style=\"--awb-border-radius-top-left:0px;--awb-border-radius-top-right:0px;--awb-border-radius-bottom-right:0px;--awb-border-radius-bottom-left:0px;--awb-flex-wrap:wrap;\" ><div class=\"fusion-builder-row fusion-row fusion-flex-align-items-center fusion-flex-content-wrap\" style=\"max-width:1248px;margin-left: calc(-4% \/ 2 );margin-right: calc(-4% \/ 2 );\"><div class=\"fusion-layout-column fusion_builder_column fusion-builder-column-0 fusion_builder_column_1_2 1_2 fusion-flex-column\" style=\"--awb-bg-size:cover;--awb-width-large:50%;--awb-margin-top-large:0px;--awb-spacing-right-large:3.84%;--awb-margin-bottom-large:20px;--awb-spacing-left-large:3.84%;--awb-width-medium:50%;--awb-order-medium:0;--awb-spacing-right-medium:3.84%;--awb-spacing-left-medium:3.84%;--awb-width-small:100%;--awb-order-small:0;--awb-spacing-right-small:1.92%;--awb-spacing-left-small:1.92%;\"><div class=\"fusion-column-wrapper fusion-column-has-shadow fusion-flex-justify-content-flex-start fusion-content-layout-column\"><div class=\"fusion-image-element \" style=\"--awb-caption-title-font-family:var(--h2_typography-font-family);--awb-caption-title-font-weight:var(--h2_typography-font-weight);--awb-caption-title-font-style:var(--h2_typography-font-style);--awb-caption-title-size:var(--h2_typography-font-size);--awb-caption-title-transform:var(--h2_typography-text-transform);--awb-caption-title-line-height:var(--h2_typography-line-height);--awb-caption-title-letter-spacing:var(--h2_typography-letter-spacing);\"><span class=\" fusion-imageframe imageframe-none imageframe-1 hover-type-none\"><img decoding=\"async\" width=\"800\" height=\"800\" title=\"tech_1\" src=\"https:\/\/bioswing.ee\/wp-content\/uploads\/2023\/04\/tech_1.jpg\" alt class=\"img-responsive wp-image-1560\" srcset=\"https:\/\/bioswing.ee\/wp-content\/uploads\/2023\/04\/tech_1-200x200.jpg 200w, https:\/\/bioswing.ee\/wp-content\/uploads\/2023\/04\/tech_1-400x400.jpg 400w, https:\/\/bioswing.ee\/wp-content\/uploads\/2023\/04\/tech_1-600x600.jpg 600w, https:\/\/bioswing.ee\/wp-content\/uploads\/2023\/04\/tech_1.jpg 800w\" sizes=\"(max-width: 640px) 100vw, 600px\" \/><\/span><\/div><\/div><\/div><div class=\"fusion-layout-column fusion_builder_column fusion-builder-column-1 fusion_builder_column_1_2 1_2 fusion-flex-column\" style=\"--awb-bg-size:cover;--awb-width-large:50%;--awb-margin-top-large:0px;--awb-spacing-right-large:3.84%;--awb-margin-bottom-large:20px;--awb-spacing-left-large:3.84%;--awb-width-medium:50%;--awb-order-medium:0;--awb-spacing-right-medium:3.84%;--awb-spacing-left-medium:3.84%;--awb-width-small:100%;--awb-order-small:0;--awb-spacing-right-small:1.92%;--awb-spacing-left-small:1.92%;\"><div class=\"fusion-column-wrapper fusion-column-has-shadow fusion-flex-justify-content-flex-start fusion-content-layout-column\"><div class=\"fusion-title title fusion-title-1 fusion-sep-none fusion-title-text fusion-title-size-one\"><h1 class=\"fusion-title-heading title-heading-left\" style=\"margin:0;\">Laatua ja t\u00e4ydellisyytt\u00e4 pienint\u00e4 yksityiskohtaa my\u00f6ten!<\/h1><\/div><div class=\"fusion-text fusion-text-1\"><p><strong>BIOSWING \u2013 \u00e4lyk\u00e4s, mukautuva 3D-liiketekniikka<\/strong><\/p>\n<p>Uraauurtava keksint\u00f6, BIOSWING:in v\u00e4r\u00e4htelev\u00e4 elementti 1980-luvulla mullisti sensomotorisen harjoittelun ja terapian. Siin\u00e4, miss\u00e4 j\u00e4yk\u00e4t liitokset laitteen ja lattian v\u00e4liset toimivat normina, on nyt olemassa patentoitu, heiluriperiaatteella toimiva elementti, jossa on t\u00e4sm\u00e4llisesti toimiva vaimennus, joka pystyy heijastamaan kehon rytmisi\u00e4 liikesyklej\u00e4 jatkuvasti ja tehokkaasti.<\/p>\n<p>Nerokas tapa sovittaa ergonomian, liikkeen ja rytmin t\u00e4ydellisesti yhteen sovittamiseen \u2013 n\u00e4in ihmiskeho luo taitavasti oman ytimens\u00e4.<\/p>\n<\/div><\/div><\/div><\/div><\/div><div class=\"fusion-fullwidth fullwidth-box fusion-builder-row-2 fusion-flex-container has-pattern-background has-mask-background nonhundred-percent-fullwidth non-hundred-percent-height-scrolling\" style=\"--awb-border-radius-top-left:0px;--awb-border-radius-top-right:0px;--awb-border-radius-bottom-right:0px;--awb-border-radius-bottom-left:0px;--awb-flex-wrap:wrap;\" ><div class=\"fusion-builder-row fusion-row fusion-flex-align-items-center fusion-flex-content-wrap\" style=\"max-width:1248px;margin-left: calc(-4% \/ 2 );margin-right: calc(-4% \/ 2 );\"><div class=\"fusion-layout-column fusion_builder_column fusion-builder-column-2 fusion_builder_column_1_2 1_2 fusion-flex-column\" style=\"--awb-bg-size:cover;--awb-width-large:50%;--awb-margin-top-large:0px;--awb-spacing-right-large:3.84%;--awb-margin-bottom-large:20px;--awb-spacing-left-large:3.84%;--awb-width-medium:50%;--awb-order-medium:0;--awb-spacing-right-medium:3.84%;--awb-spacing-left-medium:3.84%;--awb-width-small:100%;--awb-order-small:3;--awb-spacing-right-small:1.92%;--awb-spacing-left-small:1.92%;\"><div class=\"fusion-column-wrapper fusion-column-has-shadow fusion-flex-justify-content-flex-start fusion-content-layout-column\"><div class=\"fusion-title title fusion-title-2 fusion-sep-none fusion-title-text fusion-title-size-one\"><h1 class=\"fusion-title-heading title-heading-left\" style=\"margin:0;\">Mukautuva 3D istuinmekanismi<\/h1><\/div><div class=\"fusion-text fusion-text-2\"><p>BIOSWING-j\u00e4rjestelm\u00e4n mukautuva 3D-istuinmekanismi erottaa ja heijastaa ihmiskehon liikeimpulsseja sen istuessa \u2013 t\u00e4sm\u00e4llisesti ja johdonmukaisesti.<\/p>\n<p>J\u00e4rjestelm\u00e4 on suunniteltu vastaamaan ihmiskehon toiminnallista anatomiaa ja istuessa suorittamien liikkeiden koko kirjoa, sek\u00e4 mukautuu siten automaattisesti ja harmonisesti luonnollisiin 0,8\u20132,7 hertsin taajuuksiin.<\/p>\n<\/div><\/div><\/div><div class=\"fusion-layout-column fusion_builder_column fusion-builder-column-3 fusion_builder_column_1_2 1_2 fusion-flex-column\" style=\"--awb-bg-size:cover;--awb-width-large:50%;--awb-margin-top-large:0px;--awb-spacing-right-large:3.84%;--awb-margin-bottom-large:20px;--awb-spacing-left-large:3.84%;--awb-width-medium:50%;--awb-order-medium:0;--awb-spacing-right-medium:3.84%;--awb-spacing-left-medium:3.84%;--awb-width-small:100%;--awb-order-small:2;--awb-spacing-right-small:1.92%;--awb-spacing-left-small:1.92%;\"><div class=\"fusion-column-wrapper fusion-column-has-shadow fusion-flex-justify-content-flex-start fusion-content-layout-column\"><div class=\"fusion-image-element \" style=\"--awb-caption-title-font-family:var(--h2_typography-font-family);--awb-caption-title-font-weight:var(--h2_typography-font-weight);--awb-caption-title-font-style:var(--h2_typography-font-style);--awb-caption-title-size:var(--h2_typography-font-size);--awb-caption-title-transform:var(--h2_typography-text-transform);--awb-caption-title-line-height:var(--h2_typography-line-height);--awb-caption-title-letter-spacing:var(--h2_typography-letter-spacing);\"><span class=\" fusion-imageframe imageframe-none imageframe-2 hover-type-none\"><img decoding=\"async\" width=\"800\" height=\"800\" title=\"tech_2-fi\" src=\"https:\/\/bioswing.ee\/wp-content\/uploads\/2023\/08\/tech_2-fi.jpg\" alt class=\"img-responsive wp-image-1797\" srcset=\"https:\/\/bioswing.ee\/wp-content\/uploads\/2023\/08\/tech_2-fi-200x200.jpg 200w, https:\/\/bioswing.ee\/wp-content\/uploads\/2023\/08\/tech_2-fi-400x400.jpg 400w, https:\/\/bioswing.ee\/wp-content\/uploads\/2023\/08\/tech_2-fi-600x600.jpg 600w, https:\/\/bioswing.ee\/wp-content\/uploads\/2023\/08\/tech_2-fi.jpg 800w\" sizes=\"(max-width: 640px) 100vw, 600px\" \/><\/span><\/div><\/div><\/div><\/div><\/div><div id=\"p\" class=\"fusion-container-anchor\"><div class=\"fusion-fullwidth fullwidth-box fusion-builder-row-3 fusion-flex-container has-pattern-background has-mask-background nonhundred-percent-fullwidth non-hundred-percent-height-scrolling\" style=\"--awb-border-radius-top-left:0px;--awb-border-radius-top-right:0px;--awb-border-radius-bottom-right:0px;--awb-border-radius-bottom-left:0px;--awb-flex-wrap:wrap;\" ><div class=\"fusion-builder-row fusion-row fusion-flex-align-items-center fusion-flex-content-wrap\" style=\"max-width:1248px;margin-left: calc(-4% \/ 2 );margin-right: calc(-4% \/ 2 );\"><div class=\"fusion-layout-column fusion_builder_column fusion-builder-column-4 fusion_builder_column_1_2 1_2 fusion-flex-column\" style=\"--awb-bg-size:cover;--awb-width-large:50%;--awb-margin-top-large:0px;--awb-spacing-right-large:3.84%;--awb-margin-bottom-large:20px;--awb-spacing-left-large:3.84%;--awb-width-medium:50%;--awb-order-medium:0;--awb-spacing-right-medium:3.84%;--awb-spacing-left-medium:3.84%;--awb-width-small:100%;--awb-order-small:0;--awb-spacing-right-small:1.92%;--awb-spacing-left-small:1.92%;\"><div class=\"fusion-column-wrapper fusion-column-has-shadow fusion-flex-justify-content-flex-start fusion-content-layout-column\"><div class=\"fusion-image-element \" style=\"--awb-caption-title-font-family:var(--h2_typography-font-family);--awb-caption-title-font-weight:var(--h2_typography-font-weight);--awb-caption-title-font-style:var(--h2_typography-font-style);--awb-caption-title-size:var(--h2_typography-font-size);--awb-caption-title-transform:var(--h2_typography-text-transform);--awb-caption-title-line-height:var(--h2_typography-line-height);--awb-caption-title-letter-spacing:var(--h2_typography-letter-spacing);\"><span class=\" fusion-imageframe imageframe-none imageframe-3 hover-type-none\"><img decoding=\"async\" width=\"800\" height=\"800\" title=\"tech_3\" src=\"https:\/\/bioswing.ee\/wp-content\/uploads\/2023\/04\/tech_3.jpg\" alt class=\"img-responsive wp-image-1575\" srcset=\"https:\/\/bioswing.ee\/wp-content\/uploads\/2023\/04\/tech_3-200x200.jpg 200w, https:\/\/bioswing.ee\/wp-content\/uploads\/2023\/04\/tech_3-400x400.jpg 400w, https:\/\/bioswing.ee\/wp-content\/uploads\/2023\/04\/tech_3-600x600.jpg 600w, https:\/\/bioswing.ee\/wp-content\/uploads\/2023\/04\/tech_3.jpg 800w\" sizes=\"(max-width: 640px) 100vw, 600px\" \/><\/span><\/div><iframe width=\"100%\" height=\"315\" src=\"https:\/\/www.youtube.com\/embed\/VpiEfq9rTzQ?si=xJqWBkbkLBZiTJ3o\" title=\"YouTube video player\" frameborder=\"0\" allow=\"accelerometer; autoplay; clipboard-write; encrypted-media; gyroscope; picture-in-picture; web-share\" referrerpolicy=\"strict-origin-when-cross-origin\" allowfullscreen><\/iframe><\/div><\/div><div class=\"fusion-layout-column fusion_builder_column fusion-builder-column-5 fusion_builder_column_1_2 1_2 fusion-flex-column\" style=\"--awb-bg-size:cover;--awb-width-large:50%;--awb-margin-top-large:0px;--awb-spacing-right-large:3.84%;--awb-margin-bottom-large:20px;--awb-spacing-left-large:3.84%;--awb-width-medium:50%;--awb-order-medium:0;--awb-spacing-right-medium:3.84%;--awb-spacing-left-medium:3.84%;--awb-width-small:100%;--awb-order-small:0;--awb-spacing-right-small:1.92%;--awb-spacing-left-small:1.92%;\"><div class=\"fusion-column-wrapper fusion-column-has-shadow fusion-flex-justify-content-flex-start fusion-content-layout-column\"><div class=\"fusion-title title fusion-title-3 fusion-sep-none fusion-title-text fusion-title-size-one\"><h1 class=\"fusion-title-heading title-heading-left\" style=\"margin:0;\">Heiluriperiaate<\/h1><\/div><div class=\"fusion-text fusion-text-3\"><p>Vaikka suurin osa valmistajista p\u00e4\u00e4tyy rakenteeltaan helpommin toteutettavan kuulaperiaatteen (kallistusperiaatteen) k\u00e4ytt\u00e4miseen, BIOSWING-tekniikassa k\u00e4ytet\u00e4\u00e4n heiluriperiaatteeseen perustuvaa istuinmekanismia (katso kuva vasemmalla).<\/p>\n<p>Tuoliin on n\u00e4in integroitu &#8221;\u00e4lyk\u00e4s, fyysisesti tehokas liikeohjaus&#8221;.<\/p>\n<p>T\u00e4m\u00e4 johtuu siit\u00e4, ett\u00e4 heiluri toimii harmonisten ja kehokeskeisten heiluvien liikkeiden periaatteella.<\/p>\n<p>Jos tuolissa k\u00e4ytet\u00e4\u00e4n pallomaisia tai kallistuvia liikeratkaisuja (katso kuva vasemmalla), joudutaan kehoa koko ajan aktiivisesti kehonsa painovoimaa vastaan vakauttamaan. Se on t\u00e4ysin tarkoituksenmukaista ja hy\u00f6dyllist\u00e4 kuntoutustarkoituksissa ja lyhyiden istumisjaksojen aikana. Pallo- tai kallistusperiaatteeseen perustuva liikeratkaisu aiheuttaa pitk\u00e4\u00e4n jatkuessa kuitenkin v\u00e4symyst\u00e4 ja my\u00f6s lantion kroonisen virheasennon riskin.<\/p>\n<\/div><\/div><\/div><\/div><\/div><\/div><div class=\"fusion-fullwidth fullwidth-box fusion-builder-row-4 fusion-flex-container has-pattern-background has-mask-background nonhundred-percent-fullwidth non-hundred-percent-height-scrolling\" style=\"--awb-border-radius-top-left:0px;--awb-border-radius-top-right:0px;--awb-border-radius-bottom-right:0px;--awb-border-radius-bottom-left:0px;--awb-flex-wrap:wrap;\" ><div class=\"fusion-builder-row fusion-row fusion-flex-align-items-center fusion-flex-content-wrap\" style=\"max-width:1248px;margin-left: calc(-4% \/ 2 );margin-right: calc(-4% \/ 2 );\"><div class=\"fusion-layout-column fusion_builder_column fusion-builder-column-6 fusion_builder_column_1_2 1_2 fusion-flex-column\" style=\"--awb-bg-size:cover;--awb-width-large:50%;--awb-margin-top-large:0px;--awb-spacing-right-large:3.84%;--awb-margin-bottom-large:20px;--awb-spacing-left-large:3.84%;--awb-width-medium:50%;--awb-order-medium:0;--awb-spacing-right-medium:3.84%;--awb-spacing-left-medium:3.84%;--awb-width-small:100%;--awb-order-small:0;--awb-spacing-right-small:1.92%;--awb-spacing-left-small:1.92%;\"><div class=\"fusion-column-wrapper fusion-column-has-shadow fusion-flex-justify-content-flex-start fusion-content-layout-column\"><div class=\"fusion-title title fusion-title-4 fusion-sep-none fusion-title-text fusion-title-size-one\"><h1 class=\"fusion-title-heading title-heading-left\" style=\"margin:0;\">Vision\u00e4\u00e4ri jo runsaan 50 vuoden ajan, edelleen intohimoisesti ihmisten hyvinvointiin suhtautuva: Eduard Haider<\/h1><\/div><div class=\"fusion-text fusion-text-4\"><p>BIOSWING-idean keksij\u00e4 on t\u00e4n\u00e4kin p\u00e4iv\u00e4n\u00e4 t\u00e4ynn\u00e4 energiaa toimiessaan ty\u00f6paikkojen ja terapiatilojen optimoinnin parissa. H\u00e4n varmistaa Pullenreuthin tehtaalla Baijerissa suurella innostuksella ja tarmollaan, ett\u00e4 jokaiseen tuotteeseen kohdistetaan aikaa ja huomiota, jotta siit\u00e4 tulisi t\u00e4ydellinen \u2013 joka ikinen p\u00e4iv\u00e4. Jokainen tuote saa t\u00e4ll\u00e4 tavoin ik\u00e4\u00e4n kuin \u201dsielun\u201d.<\/p>\n<\/div><\/div><\/div><div class=\"fusion-layout-column fusion_builder_column fusion-builder-column-7 fusion_builder_column_1_2 1_2 fusion-flex-column\" style=\"--awb-bg-size:cover;--awb-width-large:50%;--awb-margin-top-large:0px;--awb-spacing-right-large:3.84%;--awb-margin-bottom-large:20px;--awb-spacing-left-large:3.84%;--awb-width-medium:50%;--awb-order-medium:0;--awb-spacing-right-medium:3.84%;--awb-spacing-left-medium:3.84%;--awb-width-small:100%;--awb-order-small:0;--awb-spacing-right-small:1.92%;--awb-spacing-left-small:1.92%;\"><div class=\"fusion-column-wrapper fusion-column-has-shadow fusion-flex-justify-content-flex-start fusion-content-layout-column\"><div class=\"fusion-image-element \" style=\"--awb-caption-title-font-family:var(--h2_typography-font-family);--awb-caption-title-font-weight:var(--h2_typography-font-weight);--awb-caption-title-font-style:var(--h2_typography-font-style);--awb-caption-title-size:var(--h2_typography-font-size);--awb-caption-title-transform:var(--h2_typography-text-transform);--awb-caption-title-line-height:var(--h2_typography-line-height);--awb-caption-title-letter-spacing:var(--h2_typography-letter-spacing);\"><span class=\" fusion-imageframe imageframe-none imageframe-4 hover-type-none\"><img decoding=\"async\" width=\"800\" height=\"800\" title=\"tech_4\" src=\"https:\/\/bioswing.ee\/wp-content\/uploads\/2023\/04\/tech_4.jpg\" alt class=\"img-responsive wp-image-1580\" srcset=\"https:\/\/bioswing.ee\/wp-content\/uploads\/2023\/04\/tech_4-200x200.jpg 200w, https:\/\/bioswing.ee\/wp-content\/uploads\/2023\/04\/tech_4-400x400.jpg 400w, https:\/\/bioswing.ee\/wp-content\/uploads\/2023\/04\/tech_4-600x600.jpg 600w, https:\/\/bioswing.ee\/wp-content\/uploads\/2023\/04\/tech_4.jpg 800w\" sizes=\"(max-width: 640px) 100vw, 600px\" \/><\/span><\/div><\/div><\/div><\/div><\/div><div class=\"fusion-fullwidth fullwidth-box fusion-builder-row-5 fusion-flex-container has-pattern-background has-mask-background nonhundred-percent-fullwidth non-hundred-percent-height-scrolling\" style=\"--awb-border-radius-top-left:0px;--awb-border-radius-top-right:0px;--awb-border-radius-bottom-right:0px;--awb-border-radius-bottom-left:0px;--awb-flex-wrap:wrap;\" ><div class=\"fusion-builder-row fusion-row fusion-flex-align-items-flex-start fusion-flex-content-wrap\" style=\"max-width:1248px;margin-left: calc(-4% \/ 2 );margin-right: calc(-4% \/ 2 );\"><div class=\"fusion-layout-column fusion_builder_column fusion-builder-column-8 fusion_builder_column_1_1 1_1 fusion-flex-column\" style=\"--awb-bg-size:cover;--awb-width-large:100%;--awb-margin-top-large:0px;--awb-spacing-right-large:1.92%;--awb-margin-bottom-large:20px;--awb-spacing-left-large:1.92%;--awb-width-medium:100%;--awb-order-medium:0;--awb-spacing-right-medium:1.92%;--awb-spacing-left-medium:1.92%;--awb-width-small:100%;--awb-order-small:0;--awb-spacing-right-small:1.92%;--awb-spacing-left-small:1.92%;\"><div class=\"fusion-column-wrapper fusion-column-has-shadow fusion-flex-justify-content-flex-start fusion-content-layout-column\"><iframe width=\"100%\" height=\"750\" src=\"https:\/\/www.youtube.com\/embed\/vBvp52qPDAI\" title=\"YouTube video player\" frameborder=\"0\" allow=\"accelerometer; autoplay; clipboard-write; encrypted-media; gyroscope; picture-in-picture; web-share\" allowfullscreen><\/iframe><\/div><\/div><\/div><\/div><\/p>\n","protected":false},"excerpt":{"rendered":"","protected":false},"author":2,"featured_media":0,"parent":1786,"menu_order":0,"comment_status":"closed","ping_status":"closed","template":"100-width.php","meta":{"_acf_changed":false,"footnotes":""},"class_list":["post-1760","page","type-page","status-publish","hentry"],"acf":[],"yoast_head":"<!-- This site is optimized with the Yoast SEO plugin v24.3 - https:\/\/yoast.com\/wordpress\/plugins\/seo\/ -->\n<title>TEKNOLOGIA - BIOSWING<\/title>\n<meta name=\"description\" content=\"Laatua ja t\u00e4ydellisyytt\u00e4 pienint\u00e4 yksityiskohtaa my\u00f6ten!\" \/>\n<meta name=\"robots\" content=\"index, follow, max-snippet:-1, max-image-preview:large, max-video-preview:-1\" \/>\n<link rel=\"canonical\" href=\"https:\/\/bioswing.ee\/fi\/miksi-bioswing\/teknologia\/\" \/>\n<meta property=\"og:locale\" content=\"fi_FI\" \/>\n<meta property=\"og:type\" content=\"article\" \/>\n<meta property=\"og:title\" content=\"TEKNOLOGIA - BIOSWING\" \/>\n<meta property=\"og:description\" content=\"Laatua ja t\u00e4ydellisyytt\u00e4 pienint\u00e4 yksityiskohtaa my\u00f6ten!\" \/>\n<meta property=\"og:url\" content=\"https:\/\/bioswing.ee\/fi\/miksi-bioswing\/teknologia\/\" \/>\n<meta property=\"og:site_name\" content=\"BIOSWING\" \/>\n<meta property=\"article:modified_time\" content=\"2025-01-23T15:48:34+00:00\" \/>\n<meta name=\"twitter:card\" content=\"summary_large_image\" \/>\n<meta name=\"twitter:label1\" content=\"Arvioitu lukuaika\" \/>\n\t<meta name=\"twitter:data1\" content=\"2 minuuttia\" \/>\n<script type=\"application\/ld+json\" class=\"yoast-schema-graph\">{\"@context\":\"https:\/\/schema.org\",\"@graph\":[{\"@type\":\"WebPage\",\"@id\":\"https:\/\/bioswing.ee\/fi\/miksi-bioswing\/teknologia\/\",\"url\":\"https:\/\/bioswing.ee\/fi\/miksi-bioswing\/teknologia\/\",\"name\":\"TEKNOLOGIA - BIOSWING\",\"isPartOf\":{\"@id\":\"https:\/\/bioswing.ee\/#website\"},\"datePublished\":\"2023-04-13T12:12:05+00:00\",\"dateModified\":\"2025-01-23T15:48:34+00:00\",\"description\":\"Laatua ja t\u00e4ydellisyytt\u00e4 pienint\u00e4 yksityiskohtaa my\u00f6ten!\",\"breadcrumb\":{\"@id\":\"https:\/\/bioswing.ee\/fi\/miksi-bioswing\/teknologia\/#breadcrumb\"},\"inLanguage\":\"fi\",\"potentialAction\":[{\"@type\":\"ReadAction\",\"target\":[\"https:\/\/bioswing.ee\/fi\/miksi-bioswing\/teknologia\/\"]}]},{\"@type\":\"BreadcrumbList\",\"@id\":\"https:\/\/bioswing.ee\/fi\/miksi-bioswing\/teknologia\/#breadcrumb\",\"itemListElement\":[{\"@type\":\"ListItem\",\"position\":1,\"name\":\"Home\",\"item\":\"https:\/\/bioswing.ee\/fi\/\"},{\"@type\":\"ListItem\",\"position\":2,\"name\":\"MIKSI BIOSWING?\",\"item\":\"https:\/\/bioswing.ee\/fi\/miksi-bioswing\/\"},{\"@type\":\"ListItem\",\"position\":3,\"name\":\"TEKNOLOGIA\"}]},{\"@type\":\"WebSite\",\"@id\":\"https:\/\/bioswing.ee\/#website\",\"url\":\"https:\/\/bioswing.ee\/\",\"name\":\"BIOSWING\",\"description\":\"Smart solutions for healthy sitting\",\"publisher\":{\"@id\":\"https:\/\/bioswing.ee\/#organization\"},\"potentialAction\":[{\"@type\":\"SearchAction\",\"target\":{\"@type\":\"EntryPoint\",\"urlTemplate\":\"https:\/\/bioswing.ee\/?s={search_term_string}\"},\"query-input\":{\"@type\":\"PropertyValueSpecification\",\"valueRequired\":true,\"valueName\":\"search_term_string\"}}],\"inLanguage\":\"fi\"},{\"@type\":\"Organization\",\"@id\":\"https:\/\/bioswing.ee\/#organization\",\"name\":\"BIOSWING\",\"url\":\"https:\/\/bioswing.ee\/\",\"logo\":{\"@type\":\"ImageObject\",\"inLanguage\":\"fi\",\"@id\":\"https:\/\/bioswing.ee\/#\/schema\/logo\/image\/\",\"url\":\"https:\/\/bioswing.ee\/wp-content\/uploads\/2023\/04\/logo_web.png\",\"contentUrl\":\"https:\/\/bioswing.ee\/wp-content\/uploads\/2023\/04\/logo_web.png\",\"width\":140,\"height\":122,\"caption\":\"BIOSWING\"},\"image\":{\"@id\":\"https:\/\/bioswing.ee\/#\/schema\/logo\/image\/\"}}]}<\/script>\n<!-- \/ Yoast SEO plugin. -->","yoast_head_json":{"title":"TEKNOLOGIA - BIOSWING","description":"Laatua ja t\u00e4ydellisyytt\u00e4 pienint\u00e4 yksityiskohtaa my\u00f6ten!","robots":{"index":"index","follow":"follow","max-snippet":"max-snippet:-1","max-image-preview":"max-image-preview:large","max-video-preview":"max-video-preview:-1"},"canonical":"https:\/\/bioswing.ee\/fi\/miksi-bioswing\/teknologia\/","og_locale":"fi_FI","og_type":"article","og_title":"TEKNOLOGIA - BIOSWING","og_description":"Laatua ja t\u00e4ydellisyytt\u00e4 pienint\u00e4 yksityiskohtaa my\u00f6ten!","og_url":"https:\/\/bioswing.ee\/fi\/miksi-bioswing\/teknologia\/","og_site_name":"BIOSWING","article_modified_time":"2025-01-23T15:48:34+00:00","twitter_card":"summary_large_image","twitter_misc":{"Arvioitu lukuaika":"2 minuuttia"},"schema":{"@context":"https:\/\/schema.org","@graph":[{"@type":"WebPage","@id":"https:\/\/bioswing.ee\/fi\/miksi-bioswing\/teknologia\/","url":"https:\/\/bioswing.ee\/fi\/miksi-bioswing\/teknologia\/","name":"TEKNOLOGIA - BIOSWING","isPartOf":{"@id":"https:\/\/bioswing.ee\/#website"},"datePublished":"2023-04-13T12:12:05+00:00","dateModified":"2025-01-23T15:48:34+00:00","description":"Laatua ja t\u00e4ydellisyytt\u00e4 pienint\u00e4 yksityiskohtaa my\u00f6ten!","breadcrumb":{"@id":"https:\/\/bioswing.ee\/fi\/miksi-bioswing\/teknologia\/#breadcrumb"},"inLanguage":"fi","potentialAction":[{"@type":"ReadAction","target":["https:\/\/bioswing.ee\/fi\/miksi-bioswing\/teknologia\/"]}]},{"@type":"BreadcrumbList","@id":"https:\/\/bioswing.ee\/fi\/miksi-bioswing\/teknologia\/#breadcrumb","itemListElement":[{"@type":"ListItem","position":1,"name":"Home","item":"https:\/\/bioswing.ee\/fi\/"},{"@type":"ListItem","position":2,"name":"MIKSI BIOSWING?","item":"https:\/\/bioswing.ee\/fi\/miksi-bioswing\/"},{"@type":"ListItem","position":3,"name":"TEKNOLOGIA"}]},{"@type":"WebSite","@id":"https:\/\/bioswing.ee\/#website","url":"https:\/\/bioswing.ee\/","name":"BIOSWING","description":"Smart solutions for healthy sitting","publisher":{"@id":"https:\/\/bioswing.ee\/#organization"},"potentialAction":[{"@type":"SearchAction","target":{"@type":"EntryPoint","urlTemplate":"https:\/\/bioswing.ee\/?s={search_term_string}"},"query-input":{"@type":"PropertyValueSpecification","valueRequired":true,"valueName":"search_term_string"}}],"inLanguage":"fi"},{"@type":"Organization","@id":"https:\/\/bioswing.ee\/#organization","name":"BIOSWING","url":"https:\/\/bioswing.ee\/","logo":{"@type":"ImageObject","inLanguage":"fi","@id":"https:\/\/bioswing.ee\/#\/schema\/logo\/image\/","url":"https:\/\/bioswing.ee\/wp-content\/uploads\/2023\/04\/logo_web.png","contentUrl":"https:\/\/bioswing.ee\/wp-content\/uploads\/2023\/04\/logo_web.png","width":140,"height":122,"caption":"BIOSWING"},"image":{"@id":"https:\/\/bioswing.ee\/#\/schema\/logo\/image\/"}}]}},"_links":{"self":[{"href":"https:\/\/bioswing.ee\/fi\/wp-json\/wp\/v2\/pages\/1760"}],"collection":[{"href":"https:\/\/bioswing.ee\/fi\/wp-json\/wp\/v2\/pages"}],"about":[{"href":"https:\/\/bioswing.ee\/fi\/wp-json\/wp\/v2\/types\/page"}],"author":[{"embeddable":true,"href":"https:\/\/bioswing.ee\/fi\/wp-json\/wp\/v2\/users\/2"}],"replies":[{"embeddable":true,"href":"https:\/\/bioswing.ee\/fi\/wp-json\/wp\/v2\/comments?post=1760"}],"version-history":[{"count":8,"href":"https:\/\/bioswing.ee\/fi\/wp-json\/wp\/v2\/pages\/1760\/revisions"}],"predecessor-version":[{"id":23029,"href":"https:\/\/bioswing.ee\/fi\/wp-json\/wp\/v2\/pages\/1760\/revisions\/23029"}],"up":[{"embeddable":true,"href":"https:\/\/bioswing.ee\/fi\/wp-json\/wp\/v2\/pages\/1786"}],"wp:attachment":[{"href":"https:\/\/bioswing.ee\/fi\/wp-json\/wp\/v2\/media?parent=1760"}],"curies":[{"name":"wp","href":"https:\/\/api.w.org\/{rel}","templated":true}]}}