{"id":39411,"date":"2023-04-13T11:45:56","date_gmt":"2023-04-13T11:45:56","guid":{"rendered":"https:\/\/bioswing.ee\/toode\/bioswing-360-iq-visco\/"},"modified":"2023-04-13T11:45:56","modified_gmt":"2023-04-13T11:45:56","slug":"bioswing-360-iq-visco","status":"publish","type":"product","link":"https:\/\/bioswing.ee\/et\/toode\/bioswing-360-iq-visco\/","title":{"rendered":"BIOSWING 360 IQ Visco"},"content":{"rendered":"","protected":false},"excerpt":{"rendered":"<p>Neile, kes hindavad istumise ajal liikumist, on BIOSWING olnud alati etalon. Mudeliga 360 iQ Visco viime selle kogemuse veelgi edasi, lisades t\u00e4iendava mugavustaseme ilma patenteeritud 3D-istmes\u00fcsteemi d\u00fcnaamilist toimivust kompromiteerimata.<br \/>Nii iste kui ka seljatugi on varustatud kvaliteetse hingava m\u00e4luvahuga, mis kohandub t\u00e4pselt sinu kehaga, tagades parema survejaotuse ja pikaajalise mugavuse kogu p\u00e4eva v\u00e4ltel. <\/p>\n<p>P\u00f5hinedes t\u00f5estatud 3-seeria platvormile on 360 iQ Visco standardvarustuses 3D-kaelatoega, samal ajal kui k\u00f5rgemate seeriate mudelitest inspireeritud 4F-k\u00e4etoed pakuvad laiendatud reguleerimisv\u00f5imalusi t\u00f5eliselt individuaalse ergonoomilise seadistuse jaoks.<br \/>Veelgi suuremaks toeks lisab valikuline vaagnatasakaalu mehhanism automaatse vaagnakalde, t\u00f6\u00f6tades koosk\u00f5las istmekalde funktsiooniga ning soodustades aktiivset ja tervislikku istumisasendit.<\/p>\n<p>Erimudelit t\u00e4iendavad viimistletud disainidetailid, sealhulgas poleeritud alumiiniumist jalarist ning kroomitud korpusega premium-rattad, mis annavad toolile erilise ja elegantse v\u00e4limuse. T\u00e4iuslik kombinatsioon liikumisest, toest ja mugavusest \u2014 loodud neile, kes ootavad oma istumiskogemuselt enamat. <\/p>\n<p><img decoding=\"async\" class=\"alignnone wp-image-916\" src=\"https:\/\/bioswing.ee\/wp-content\/uploads\/2023\/04\/pdf.png\" alt=\"pdf\" width=\"19\" height=\"20\"> <a href=\"https:\/\/bioswing.ee\/wp-content\/uploads\/2026\/04\/BIOSWING_360_iq_Visco_EN.pdf\" target=\"_blank\" rel=\"noopener\">Laadi alla tooteleht (PDF)<\/a><\/p>\n","protected":false},"featured_media":38772,"template":"","meta":{"_acf_changed":false},"product_brand":[],"product_cat":[2550],"product_tag":[],"class_list":{"0":"post-39411","1":"product","2":"type-product","3":"status-publish","4":"has-post-thumbnail","6":"product_cat-3-seeria","8":"first","9":"instock","10":"taxable","11":"shipping-taxable","12":"purchasable","13":"product-type-variable"},"acf":[],"yoast_head":"<!-- This site is optimized with the Yoast SEO plugin v24.3 - https:\/\/yoast.com\/wordpress\/plugins\/seo\/ -->\n<title>BIOSWING 360 IQ Visco - BIOSWING<\/title>\n<meta name=\"robots\" content=\"index, follow, max-snippet:-1, max-image-preview:large, max-video-preview:-1\" \/>\n<link rel=\"canonical\" href=\"https:\/\/bioswing.ee\/et\/toode\/bioswing-360-iq-visco\/\" \/>\n<meta property=\"og:locale\" content=\"et_EE\" \/>\n<meta property=\"og:type\" content=\"article\" \/>\n<meta property=\"og:title\" content=\"BIOSWING 360 IQ Visco - BIOSWING\" \/>\n<meta property=\"og:description\" content=\"Neile, kes hindavad istumise ajal liikumist, on BIOSWING olnud alati etalon. Mudeliga 360 iQ Visco viime selle kogemuse veelgi edasi, lisades t\u00e4iendava mugavustaseme ilma patenteeritud 3D-istmes\u00fcsteemi d\u00fcnaamilist toimivust kompromiteerimata.Nii iste kui ka seljatugi on varustatud kvaliteetse hingava m\u00e4luvahuga, mis kohandub t\u00e4pselt sinu kehaga, tagades parema survejaotuse ja pikaajalise mugavuse kogu p\u00e4eva v\u00e4ltel.  P\u00f5hinedes t\u00f5estatud 3-seeria platvormile on 360 iQ Visco standardvarustuses 3D-kaelatoega, samal ajal kui k\u00f5rgemate seeriate mudelitest inspireeritud 4F-k\u00e4etoed pakuvad laiendatud reguleerimisv\u00f5imalusi t\u00f5eliselt individuaalse ergonoomilise seadistuse jaoks.Veelgi suuremaks toeks lisab valikuline vaagnatasakaalu mehhanism automaatse vaagnakalde, t\u00f6\u00f6tades koosk\u00f5las istmekalde funktsiooniga ning soodustades aktiivset ja tervislikku istumisasendit. Erimudelit t\u00e4iendavad viimistletud disainidetailid, sealhulgas poleeritud alumiiniumist jalarist ning kroomitud korpusega premium-rattad, mis annavad toolile erilise ja elegantse v\u00e4limuse. T\u00e4iuslik kombinatsioon liikumisest, toest ja mugavusest \u2014 loodud neile, kes ootavad oma istumiskogemuselt enamat.  Laadi alla tooteleht (PDF)\" \/>\n<meta property=\"og:url\" content=\"https:\/\/bioswing.ee\/et\/toode\/bioswing-360-iq-visco\/\" \/>\n<meta property=\"og:site_name\" content=\"BIOSWING\" \/>\n<meta property=\"og:image\" content=\"https:\/\/bioswing.ee\/wp-content\/uploads\/2023\/04\/bioswing_360_visco.jpg\" \/>\n\t<meta property=\"og:image:width\" content=\"800\" \/>\n\t<meta property=\"og:image:height\" content=\"1067\" \/>\n\t<meta property=\"og:image:type\" content=\"image\/jpeg\" \/>\n<meta name=\"twitter:card\" content=\"summary_large_image\" \/>\n<script type=\"application\/ld+json\" class=\"yoast-schema-graph\">{\"@context\":\"https:\/\/schema.org\",\"@graph\":[{\"@type\":\"WebPage\",\"@id\":\"https:\/\/bioswing.ee\/et\/toode\/bioswing-360-iq-visco\/\",\"url\":\"https:\/\/bioswing.ee\/et\/toode\/bioswing-360-iq-visco\/\",\"name\":\"BIOSWING 360 IQ Visco - BIOSWING\",\"isPartOf\":{\"@id\":\"https:\/\/bioswing.ee\/#website\"},\"primaryImageOfPage\":{\"@id\":\"https:\/\/bioswing.ee\/et\/toode\/bioswing-360-iq-visco\/#primaryimage\"},\"image\":{\"@id\":\"https:\/\/bioswing.ee\/et\/toode\/bioswing-360-iq-visco\/#primaryimage\"},\"thumbnailUrl\":\"https:\/\/bioswing.ee\/wp-content\/uploads\/2023\/04\/bioswing_360_visco.jpg\",\"datePublished\":\"2023-04-13T11:45:56+00:00\",\"dateModified\":\"2023-04-13T11:45:56+00:00\",\"breadcrumb\":{\"@id\":\"https:\/\/bioswing.ee\/et\/toode\/bioswing-360-iq-visco\/#breadcrumb\"},\"inLanguage\":\"et\",\"potentialAction\":[{\"@type\":\"ReadAction\",\"target\":[\"https:\/\/bioswing.ee\/et\/toode\/bioswing-360-iq-visco\/\"]}]},{\"@type\":\"ImageObject\",\"inLanguage\":\"et\",\"@id\":\"https:\/\/bioswing.ee\/et\/toode\/bioswing-360-iq-visco\/#primaryimage\",\"url\":\"https:\/\/bioswing.ee\/wp-content\/uploads\/2023\/04\/bioswing_360_visco.jpg\",\"contentUrl\":\"https:\/\/bioswing.ee\/wp-content\/uploads\/2023\/04\/bioswing_360_visco.jpg\",\"width\":800,\"height\":1067},{\"@type\":\"BreadcrumbList\",\"@id\":\"https:\/\/bioswing.ee\/et\/toode\/bioswing-360-iq-visco\/#breadcrumb\",\"itemListElement\":[{\"@type\":\"ListItem\",\"position\":1,\"name\":\"Home\",\"item\":\"https:\/\/bioswing.ee\/et\/avaleht-2\/\"},{\"@type\":\"ListItem\",\"position\":2,\"name\":\"POOD\",\"item\":\"https:\/\/bioswing.ee\/et\/pood\/\"},{\"@type\":\"ListItem\",\"position\":3,\"name\":\"BIOSWING 360 IQ Visco\"}]},{\"@type\":\"WebSite\",\"@id\":\"https:\/\/bioswing.ee\/#website\",\"url\":\"https:\/\/bioswing.ee\/\",\"name\":\"BIOSWING\",\"description\":\"Smart solutions for healthy sitting\",\"publisher\":{\"@id\":\"https:\/\/bioswing.ee\/#organization\"},\"potentialAction\":[{\"@type\":\"SearchAction\",\"target\":{\"@type\":\"EntryPoint\",\"urlTemplate\":\"https:\/\/bioswing.ee\/?s={search_term_string}\"},\"query-input\":{\"@type\":\"PropertyValueSpecification\",\"valueRequired\":true,\"valueName\":\"search_term_string\"}}],\"inLanguage\":\"et\"},{\"@type\":\"Organization\",\"@id\":\"https:\/\/bioswing.ee\/#organization\",\"name\":\"BIOSWING\",\"url\":\"https:\/\/bioswing.ee\/\",\"logo\":{\"@type\":\"ImageObject\",\"inLanguage\":\"et\",\"@id\":\"https:\/\/bioswing.ee\/#\/schema\/logo\/image\/\",\"url\":\"https:\/\/bioswing.ee\/wp-content\/uploads\/2023\/04\/logo_web.png\",\"contentUrl\":\"https:\/\/bioswing.ee\/wp-content\/uploads\/2023\/04\/logo_web.png\",\"width\":140,\"height\":122,\"caption\":\"BIOSWING\"},\"image\":{\"@id\":\"https:\/\/bioswing.ee\/#\/schema\/logo\/image\/\"}}]}<\/script>\n<!-- \/ Yoast SEO plugin. -->","yoast_head_json":{"title":"BIOSWING 360 IQ Visco - BIOSWING","robots":{"index":"index","follow":"follow","max-snippet":"max-snippet:-1","max-image-preview":"max-image-preview:large","max-video-preview":"max-video-preview:-1"},"canonical":"https:\/\/bioswing.ee\/et\/toode\/bioswing-360-iq-visco\/","og_locale":"et_EE","og_type":"article","og_title":"BIOSWING 360 IQ Visco - BIOSWING","og_description":"Neile, kes hindavad istumise ajal liikumist, on BIOSWING olnud alati etalon. Mudeliga 360 iQ Visco viime selle kogemuse veelgi edasi, lisades t\u00e4iendava mugavustaseme ilma patenteeritud 3D-istmes\u00fcsteemi d\u00fcnaamilist toimivust kompromiteerimata.Nii iste kui ka seljatugi on varustatud kvaliteetse hingava m\u00e4luvahuga, mis kohandub t\u00e4pselt sinu kehaga, tagades parema survejaotuse ja pikaajalise mugavuse kogu p\u00e4eva v\u00e4ltel.  P\u00f5hinedes t\u00f5estatud 3-seeria platvormile on 360 iQ Visco standardvarustuses 3D-kaelatoega, samal ajal kui k\u00f5rgemate seeriate mudelitest inspireeritud 4F-k\u00e4etoed pakuvad laiendatud reguleerimisv\u00f5imalusi t\u00f5eliselt individuaalse ergonoomilise seadistuse jaoks.Veelgi suuremaks toeks lisab valikuline vaagnatasakaalu mehhanism automaatse vaagnakalde, t\u00f6\u00f6tades koosk\u00f5las istmekalde funktsiooniga ning soodustades aktiivset ja tervislikku istumisasendit. Erimudelit t\u00e4iendavad viimistletud disainidetailid, sealhulgas poleeritud alumiiniumist jalarist ning kroomitud korpusega premium-rattad, mis annavad toolile erilise ja elegantse v\u00e4limuse. T\u00e4iuslik kombinatsioon liikumisest, toest ja mugavusest \u2014 loodud neile, kes ootavad oma istumiskogemuselt enamat.  Laadi alla tooteleht (PDF)","og_url":"https:\/\/bioswing.ee\/et\/toode\/bioswing-360-iq-visco\/","og_site_name":"BIOSWING","og_image":[{"width":800,"height":1067,"url":"https:\/\/bioswing.ee\/wp-content\/uploads\/2023\/04\/bioswing_360_visco.jpg","type":"image\/jpeg"}],"twitter_card":"summary_large_image","schema":{"@context":"https:\/\/schema.org","@graph":[{"@type":"WebPage","@id":"https:\/\/bioswing.ee\/et\/toode\/bioswing-360-iq-visco\/","url":"https:\/\/bioswing.ee\/et\/toode\/bioswing-360-iq-visco\/","name":"BIOSWING 360 IQ Visco - BIOSWING","isPartOf":{"@id":"https:\/\/bioswing.ee\/#website"},"primaryImageOfPage":{"@id":"https:\/\/bioswing.ee\/et\/toode\/bioswing-360-iq-visco\/#primaryimage"},"image":{"@id":"https:\/\/bioswing.ee\/et\/toode\/bioswing-360-iq-visco\/#primaryimage"},"thumbnailUrl":"https:\/\/bioswing.ee\/wp-content\/uploads\/2023\/04\/bioswing_360_visco.jpg","datePublished":"2023-04-13T11:45:56+00:00","dateModified":"2023-04-13T11:45:56+00:00","breadcrumb":{"@id":"https:\/\/bioswing.ee\/et\/toode\/bioswing-360-iq-visco\/#breadcrumb"},"inLanguage":"et","potentialAction":[{"@type":"ReadAction","target":["https:\/\/bioswing.ee\/et\/toode\/bioswing-360-iq-visco\/"]}]},{"@type":"ImageObject","inLanguage":"et","@id":"https:\/\/bioswing.ee\/et\/toode\/bioswing-360-iq-visco\/#primaryimage","url":"https:\/\/bioswing.ee\/wp-content\/uploads\/2023\/04\/bioswing_360_visco.jpg","contentUrl":"https:\/\/bioswing.ee\/wp-content\/uploads\/2023\/04\/bioswing_360_visco.jpg","width":800,"height":1067},{"@type":"BreadcrumbList","@id":"https:\/\/bioswing.ee\/et\/toode\/bioswing-360-iq-visco\/#breadcrumb","itemListElement":[{"@type":"ListItem","position":1,"name":"Home","item":"https:\/\/bioswing.ee\/et\/avaleht-2\/"},{"@type":"ListItem","position":2,"name":"POOD","item":"https:\/\/bioswing.ee\/et\/pood\/"},{"@type":"ListItem","position":3,"name":"BIOSWING 360 IQ Visco"}]},{"@type":"WebSite","@id":"https:\/\/bioswing.ee\/#website","url":"https:\/\/bioswing.ee\/","name":"BIOSWING","description":"Smart solutions for healthy sitting","publisher":{"@id":"https:\/\/bioswing.ee\/#organization"},"potentialAction":[{"@type":"SearchAction","target":{"@type":"EntryPoint","urlTemplate":"https:\/\/bioswing.ee\/?s={search_term_string}"},"query-input":{"@type":"PropertyValueSpecification","valueRequired":true,"valueName":"search_term_string"}}],"inLanguage":"et"},{"@type":"Organization","@id":"https:\/\/bioswing.ee\/#organization","name":"BIOSWING","url":"https:\/\/bioswing.ee\/","logo":{"@type":"ImageObject","inLanguage":"et","@id":"https:\/\/bioswing.ee\/#\/schema\/logo\/image\/","url":"https:\/\/bioswing.ee\/wp-content\/uploads\/2023\/04\/logo_web.png","contentUrl":"https:\/\/bioswing.ee\/wp-content\/uploads\/2023\/04\/logo_web.png","width":140,"height":122,"caption":"BIOSWING"},"image":{"@id":"https:\/\/bioswing.ee\/#\/schema\/logo\/image\/"}}]}},"_links":{"self":[{"href":"https:\/\/bioswing.ee\/et\/wp-json\/wp\/v2\/product\/39411"}],"collection":[{"href":"https:\/\/bioswing.ee\/et\/wp-json\/wp\/v2\/product"}],"about":[{"href":"https:\/\/bioswing.ee\/et\/wp-json\/wp\/v2\/types\/product"}],"wp:featuredmedia":[{"embeddable":true,"href":"https:\/\/bioswing.ee\/et\/wp-json\/wp\/v2\/media\/38772"}],"wp:attachment":[{"href":"https:\/\/bioswing.ee\/et\/wp-json\/wp\/v2\/media?parent=39411"}],"wp:term":[{"taxonomy":"product_brand","embeddable":true,"href":"https:\/\/bioswing.ee\/et\/wp-json\/wp\/v2\/product_brand?post=39411"},{"taxonomy":"product_cat","embeddable":true,"href":"https:\/\/bioswing.ee\/et\/wp-json\/wp\/v2\/product_cat?post=39411"},{"taxonomy":"product_tag","embeddable":true,"href":"https:\/\/bioswing.ee\/et\/wp-json\/wp\/v2\/product_tag?post=39411"}],"curies":[{"name":"wp","href":"https:\/\/api.w.org\/{rel}","templated":true}]}}