{"id":39233,"date":"2026-04-13T10:35:59","date_gmt":"2026-04-13T10:35:59","guid":{"rendered":"https:\/\/bioswing.ee\/toode\/bioswing-670-iq-mesh\/"},"modified":"2026-04-13T10:35:59","modified_gmt":"2026-04-13T10:35:59","slug":"bioswing-670-iq-mesh","status":"publish","type":"product","link":"https:\/\/bioswing.ee\/et\/toode\/bioswing-670-iq-mesh\/","title":{"rendered":"BIOSWING 670 IQ MESH"},"content":{"rendered":"","protected":false},"excerpt":{"rendered":"<p data-start=\"0\" data-end=\"202\">Seal, kus t\u00f6\u00f6v\u00f5imekus kohtub kaasaegse kergusega. BIOSWING\u00ae 6-seeria Mesh \u00fchendab t\u00e4iustatud ergonoomilise insenerit\u00f6\u00f6 hingava ja viimistletud disainiga, sobides ideaalselt d\u00fcnaamilistesse t\u00f6\u00f6keskkondadesse ning pikkadeks tundideks t\u00f6\u00f6laua taga. <\/p>\n<p data-start=\"204\" data-end=\"601\" data-is-last-node=\"\" data-is-only-node=\"\">Integreeritud v\u00f5rkseljatugi tagab optimaalse \u00f5huringluse, s\u00e4ilitades samal ajal t\u00e4pse toe ning t\u00e4iendades patenteeritud adaptiivset 3D-istmemehhanismi, mis hoiab keha pidevas loomulikus mikroliikumises. T\u00e4pselt h\u00e4\u00e4lestatud reguleerimisv\u00f5imalused v\u00f5imaldavad toolil kohanduda pingutuseta sinu r\u00fchiga, pakkudes kogu p\u00e4eva v\u00e4ltel pidevat liikumist, tasakaalustatud tuge ning mugavat ja keskendumist toetavat istumiskogemust. <\/p>\n","protected":false},"featured_media":38977,"template":"","meta":{"_acf_changed":false},"product_brand":[],"product_cat":[2555,2546],"product_tag":[],"class_list":{"0":"post-39233","1":"product","2":"type-product","3":"status-publish","4":"has-post-thumbnail","6":"product_cat-6-seeria","7":"product_cat-pcon-product-et","9":"first","10":"instock","11":"sale","12":"taxable","13":"shipping-taxable","14":"purchasable","15":"product-type-simple"},"acf":[],"yoast_head":"<!-- This site is optimized with the Yoast SEO plugin v24.3 - https:\/\/yoast.com\/wordpress\/plugins\/seo\/ -->\n<title>BIOSWING 670 IQ MESH - BIOSWING<\/title>\n<meta name=\"robots\" content=\"index, follow, max-snippet:-1, max-image-preview:large, max-video-preview:-1\" \/>\n<link rel=\"canonical\" href=\"https:\/\/bioswing.ee\/et\/toode\/bioswing-670-iq-mesh\/\" \/>\n<meta property=\"og:locale\" content=\"et_EE\" \/>\n<meta property=\"og:type\" content=\"article\" \/>\n<meta property=\"og:title\" content=\"BIOSWING 670 IQ MESH - BIOSWING\" \/>\n<meta property=\"og:description\" content=\"Seal, kus t\u00f6\u00f6v\u00f5imekus kohtub kaasaegse kergusega. BIOSWING\u00ae 6-seeria Mesh \u00fchendab t\u00e4iustatud ergonoomilise insenerit\u00f6\u00f6 hingava ja viimistletud disainiga, sobides ideaalselt d\u00fcnaamilistesse t\u00f6\u00f6keskkondadesse ning pikkadeks tundideks t\u00f6\u00f6laua taga. Integreeritud v\u00f5rkseljatugi tagab optimaalse \u00f5huringluse, s\u00e4ilitades samal ajal t\u00e4pse toe ning t\u00e4iendades patenteeritud adaptiivset 3D-istmemehhanismi, mis hoiab keha pidevas loomulikus mikroliikumises. T\u00e4pselt h\u00e4\u00e4lestatud reguleerimisv\u00f5imalused v\u00f5imaldavad toolil kohanduda pingutuseta sinu r\u00fchiga, pakkudes kogu p\u00e4eva v\u00e4ltel pidevat liikumist, tasakaalustatud tuge ning mugavat ja keskendumist toetavat istumiskogemust.\" \/>\n<meta property=\"og:url\" content=\"https:\/\/bioswing.ee\/et\/toode\/bioswing-670-iq-mesh\/\" \/>\n<meta property=\"og:site_name\" content=\"BIOSWING\" \/>\n<meta property=\"og:image\" content=\"https:\/\/bioswing.ee\/wp-content\/uploads\/2026\/04\/bioswing_670_mesh_individual_1-1.jpg\" \/>\n\t<meta property=\"og:image:width\" content=\"800\" \/>\n\t<meta property=\"og:image:height\" content=\"1067\" \/>\n\t<meta property=\"og:image:type\" content=\"image\/jpeg\" \/>\n<meta name=\"twitter:card\" content=\"summary_large_image\" \/>\n<script type=\"application\/ld+json\" class=\"yoast-schema-graph\">{\"@context\":\"https:\/\/schema.org\",\"@graph\":[{\"@type\":\"WebPage\",\"@id\":\"https:\/\/bioswing.ee\/et\/toode\/bioswing-670-iq-mesh\/\",\"url\":\"https:\/\/bioswing.ee\/et\/toode\/bioswing-670-iq-mesh\/\",\"name\":\"BIOSWING 670 IQ MESH - BIOSWING\",\"isPartOf\":{\"@id\":\"https:\/\/bioswing.ee\/#website\"},\"primaryImageOfPage\":{\"@id\":\"https:\/\/bioswing.ee\/et\/toode\/bioswing-670-iq-mesh\/#primaryimage\"},\"image\":{\"@id\":\"https:\/\/bioswing.ee\/et\/toode\/bioswing-670-iq-mesh\/#primaryimage\"},\"thumbnailUrl\":\"https:\/\/bioswing.ee\/wp-content\/uploads\/2026\/04\/bioswing_670_mesh_individual_1-1.jpg\",\"datePublished\":\"2026-04-13T10:35:59+00:00\",\"dateModified\":\"2026-04-13T10:35:59+00:00\",\"breadcrumb\":{\"@id\":\"https:\/\/bioswing.ee\/et\/toode\/bioswing-670-iq-mesh\/#breadcrumb\"},\"inLanguage\":\"et\",\"potentialAction\":[{\"@type\":\"ReadAction\",\"target\":[\"https:\/\/bioswing.ee\/et\/toode\/bioswing-670-iq-mesh\/\"]}]},{\"@type\":\"ImageObject\",\"inLanguage\":\"et\",\"@id\":\"https:\/\/bioswing.ee\/et\/toode\/bioswing-670-iq-mesh\/#primaryimage\",\"url\":\"https:\/\/bioswing.ee\/wp-content\/uploads\/2026\/04\/bioswing_670_mesh_individual_1-1.jpg\",\"contentUrl\":\"https:\/\/bioswing.ee\/wp-content\/uploads\/2026\/04\/bioswing_670_mesh_individual_1-1.jpg\",\"width\":800,\"height\":1067},{\"@type\":\"BreadcrumbList\",\"@id\":\"https:\/\/bioswing.ee\/et\/toode\/bioswing-670-iq-mesh\/#breadcrumb\",\"itemListElement\":[{\"@type\":\"ListItem\",\"position\":1,\"name\":\"Home\",\"item\":\"https:\/\/bioswing.ee\/et\/avaleht-2\/\"},{\"@type\":\"ListItem\",\"position\":2,\"name\":\"POOD\",\"item\":\"https:\/\/bioswing.ee\/et\/pood\/\"},{\"@type\":\"ListItem\",\"position\":3,\"name\":\"BIOSWING 670 IQ MESH\"}]},{\"@type\":\"WebSite\",\"@id\":\"https:\/\/bioswing.ee\/#website\",\"url\":\"https:\/\/bioswing.ee\/\",\"name\":\"BIOSWING\",\"description\":\"Smart solutions for healthy sitting\",\"publisher\":{\"@id\":\"https:\/\/bioswing.ee\/#organization\"},\"potentialAction\":[{\"@type\":\"SearchAction\",\"target\":{\"@type\":\"EntryPoint\",\"urlTemplate\":\"https:\/\/bioswing.ee\/?s={search_term_string}\"},\"query-input\":{\"@type\":\"PropertyValueSpecification\",\"valueRequired\":true,\"valueName\":\"search_term_string\"}}],\"inLanguage\":\"et\"},{\"@type\":\"Organization\",\"@id\":\"https:\/\/bioswing.ee\/#organization\",\"name\":\"BIOSWING\",\"url\":\"https:\/\/bioswing.ee\/\",\"logo\":{\"@type\":\"ImageObject\",\"inLanguage\":\"et\",\"@id\":\"https:\/\/bioswing.ee\/#\/schema\/logo\/image\/\",\"url\":\"https:\/\/bioswing.ee\/wp-content\/uploads\/2023\/04\/logo_web.png\",\"contentUrl\":\"https:\/\/bioswing.ee\/wp-content\/uploads\/2023\/04\/logo_web.png\",\"width\":140,\"height\":122,\"caption\":\"BIOSWING\"},\"image\":{\"@id\":\"https:\/\/bioswing.ee\/#\/schema\/logo\/image\/\"}}]}<\/script>\n<!-- \/ Yoast SEO plugin. -->","yoast_head_json":{"title":"BIOSWING 670 IQ MESH - BIOSWING","robots":{"index":"index","follow":"follow","max-snippet":"max-snippet:-1","max-image-preview":"max-image-preview:large","max-video-preview":"max-video-preview:-1"},"canonical":"https:\/\/bioswing.ee\/et\/toode\/bioswing-670-iq-mesh\/","og_locale":"et_EE","og_type":"article","og_title":"BIOSWING 670 IQ MESH - BIOSWING","og_description":"Seal, kus t\u00f6\u00f6v\u00f5imekus kohtub kaasaegse kergusega. BIOSWING\u00ae 6-seeria Mesh \u00fchendab t\u00e4iustatud ergonoomilise insenerit\u00f6\u00f6 hingava ja viimistletud disainiga, sobides ideaalselt d\u00fcnaamilistesse t\u00f6\u00f6keskkondadesse ning pikkadeks tundideks t\u00f6\u00f6laua taga. Integreeritud v\u00f5rkseljatugi tagab optimaalse \u00f5huringluse, s\u00e4ilitades samal ajal t\u00e4pse toe ning t\u00e4iendades patenteeritud adaptiivset 3D-istmemehhanismi, mis hoiab keha pidevas loomulikus mikroliikumises. T\u00e4pselt h\u00e4\u00e4lestatud reguleerimisv\u00f5imalused v\u00f5imaldavad toolil kohanduda pingutuseta sinu r\u00fchiga, pakkudes kogu p\u00e4eva v\u00e4ltel pidevat liikumist, tasakaalustatud tuge ning mugavat ja keskendumist toetavat istumiskogemust.","og_url":"https:\/\/bioswing.ee\/et\/toode\/bioswing-670-iq-mesh\/","og_site_name":"BIOSWING","og_image":[{"width":800,"height":1067,"url":"https:\/\/bioswing.ee\/wp-content\/uploads\/2026\/04\/bioswing_670_mesh_individual_1-1.jpg","type":"image\/jpeg"}],"twitter_card":"summary_large_image","schema":{"@context":"https:\/\/schema.org","@graph":[{"@type":"WebPage","@id":"https:\/\/bioswing.ee\/et\/toode\/bioswing-670-iq-mesh\/","url":"https:\/\/bioswing.ee\/et\/toode\/bioswing-670-iq-mesh\/","name":"BIOSWING 670 IQ MESH - BIOSWING","isPartOf":{"@id":"https:\/\/bioswing.ee\/#website"},"primaryImageOfPage":{"@id":"https:\/\/bioswing.ee\/et\/toode\/bioswing-670-iq-mesh\/#primaryimage"},"image":{"@id":"https:\/\/bioswing.ee\/et\/toode\/bioswing-670-iq-mesh\/#primaryimage"},"thumbnailUrl":"https:\/\/bioswing.ee\/wp-content\/uploads\/2026\/04\/bioswing_670_mesh_individual_1-1.jpg","datePublished":"2026-04-13T10:35:59+00:00","dateModified":"2026-04-13T10:35:59+00:00","breadcrumb":{"@id":"https:\/\/bioswing.ee\/et\/toode\/bioswing-670-iq-mesh\/#breadcrumb"},"inLanguage":"et","potentialAction":[{"@type":"ReadAction","target":["https:\/\/bioswing.ee\/et\/toode\/bioswing-670-iq-mesh\/"]}]},{"@type":"ImageObject","inLanguage":"et","@id":"https:\/\/bioswing.ee\/et\/toode\/bioswing-670-iq-mesh\/#primaryimage","url":"https:\/\/bioswing.ee\/wp-content\/uploads\/2026\/04\/bioswing_670_mesh_individual_1-1.jpg","contentUrl":"https:\/\/bioswing.ee\/wp-content\/uploads\/2026\/04\/bioswing_670_mesh_individual_1-1.jpg","width":800,"height":1067},{"@type":"BreadcrumbList","@id":"https:\/\/bioswing.ee\/et\/toode\/bioswing-670-iq-mesh\/#breadcrumb","itemListElement":[{"@type":"ListItem","position":1,"name":"Home","item":"https:\/\/bioswing.ee\/et\/avaleht-2\/"},{"@type":"ListItem","position":2,"name":"POOD","item":"https:\/\/bioswing.ee\/et\/pood\/"},{"@type":"ListItem","position":3,"name":"BIOSWING 670 IQ MESH"}]},{"@type":"WebSite","@id":"https:\/\/bioswing.ee\/#website","url":"https:\/\/bioswing.ee\/","name":"BIOSWING","description":"Smart solutions for healthy sitting","publisher":{"@id":"https:\/\/bioswing.ee\/#organization"},"potentialAction":[{"@type":"SearchAction","target":{"@type":"EntryPoint","urlTemplate":"https:\/\/bioswing.ee\/?s={search_term_string}"},"query-input":{"@type":"PropertyValueSpecification","valueRequired":true,"valueName":"search_term_string"}}],"inLanguage":"et"},{"@type":"Organization","@id":"https:\/\/bioswing.ee\/#organization","name":"BIOSWING","url":"https:\/\/bioswing.ee\/","logo":{"@type":"ImageObject","inLanguage":"et","@id":"https:\/\/bioswing.ee\/#\/schema\/logo\/image\/","url":"https:\/\/bioswing.ee\/wp-content\/uploads\/2023\/04\/logo_web.png","contentUrl":"https:\/\/bioswing.ee\/wp-content\/uploads\/2023\/04\/logo_web.png","width":140,"height":122,"caption":"BIOSWING"},"image":{"@id":"https:\/\/bioswing.ee\/#\/schema\/logo\/image\/"}}]}},"_links":{"self":[{"href":"https:\/\/bioswing.ee\/et\/wp-json\/wp\/v2\/product\/39233"}],"collection":[{"href":"https:\/\/bioswing.ee\/et\/wp-json\/wp\/v2\/product"}],"about":[{"href":"https:\/\/bioswing.ee\/et\/wp-json\/wp\/v2\/types\/product"}],"wp:featuredmedia":[{"embeddable":true,"href":"https:\/\/bioswing.ee\/et\/wp-json\/wp\/v2\/media\/38977"}],"wp:attachment":[{"href":"https:\/\/bioswing.ee\/et\/wp-json\/wp\/v2\/media?parent=39233"}],"wp:term":[{"taxonomy":"product_brand","embeddable":true,"href":"https:\/\/bioswing.ee\/et\/wp-json\/wp\/v2\/product_brand?post=39233"},{"taxonomy":"product_cat","embeddable":true,"href":"https:\/\/bioswing.ee\/et\/wp-json\/wp\/v2\/product_cat?post=39233"},{"taxonomy":"product_tag","embeddable":true,"href":"https:\/\/bioswing.ee\/et\/wp-json\/wp\/v2\/product_tag?post=39233"}],"curies":[{"name":"wp","href":"https:\/\/api.w.org\/{rel}","templated":true}]}}