{"id":39232,"date":"2026-04-13T10:28:14","date_gmt":"2026-04-13T10:28:14","guid":{"rendered":"https:\/\/bioswing.ee\/toode\/bioswing-660-iq-mesh-2\/"},"modified":"2026-04-13T10:28:14","modified_gmt":"2026-04-13T10:28:14","slug":"bioswing-660-iq-mesh-2","status":"publish","type":"product","link":"https:\/\/bioswing.ee\/et\/toode\/bioswing-660-iq-mesh-2\/","title":{"rendered":"BIOSWING 660 IQ MESH"},"content":{"rendered":"","protected":false},"excerpt":{"rendered":"<p data-start=\"1371\" data-end=\"1577\">Seal, kus t\u00f6\u00f6v\u00f5imekus kohtub disainiga. BIOSWING\u00ae 6-seeria \u00fchendab t\u00e4iustatud ergonoomilise funktsionaalsuse viimistletud ja kaasaegse esteetikaga, muutes selle ideaalseks nii keskendunud t\u00f6\u00f6ks kui ka esinduslikesse kontorikeskkondadesse. <\/p>\n<p data-start=\"1579\" data-end=\"1815\">Adaptiivse 3D-liikumiss\u00fcsteemi ja t\u00e4psete reguleerimisv\u00f5imalustega pakub see pidevat liikumist, sihip\u00e4rast tuge ja ideaalselt tasakaalustatud istumiskogemust, mis hoiab sind kogu p\u00e4eva mugavas asendis, \u00f5igesti joondatuna ja t\u00e4ielikult t\u00f6\u00f6le keskendununa.<\/p>\n","protected":false},"featured_media":38102,"template":"","meta":{"_acf_changed":false},"product_brand":[],"product_cat":[2555,2546],"product_tag":[],"class_list":{"0":"post-39232","1":"product","2":"type-product","3":"status-publish","4":"has-post-thumbnail","6":"product_cat-6-seeria","7":"product_cat-pcon-product-et","9":"first","10":"instock","11":"sale","12":"taxable","13":"shipping-taxable","14":"purchasable","15":"product-type-simple"},"acf":[],"yoast_head":"<!-- This site is optimized with the Yoast SEO plugin v24.3 - https:\/\/yoast.com\/wordpress\/plugins\/seo\/ -->\n<title>BIOSWING 660 IQ MESH - BIOSWING<\/title>\n<meta name=\"robots\" content=\"index, follow, max-snippet:-1, max-image-preview:large, max-video-preview:-1\" \/>\n<link rel=\"canonical\" href=\"https:\/\/bioswing.ee\/et\/toode\/bioswing-660-iq-mesh-2\/\" \/>\n<meta property=\"og:locale\" content=\"et_EE\" \/>\n<meta property=\"og:type\" content=\"article\" \/>\n<meta property=\"og:title\" content=\"BIOSWING 660 IQ MESH - BIOSWING\" \/>\n<meta property=\"og:description\" content=\"Seal, kus t\u00f6\u00f6v\u00f5imekus kohtub disainiga. BIOSWING\u00ae 6-seeria \u00fchendab t\u00e4iustatud ergonoomilise funktsionaalsuse viimistletud ja kaasaegse esteetikaga, muutes selle ideaalseks nii keskendunud t\u00f6\u00f6ks kui ka esinduslikesse kontorikeskkondadesse. Adaptiivse 3D-liikumiss\u00fcsteemi ja t\u00e4psete reguleerimisv\u00f5imalustega pakub see pidevat liikumist, sihip\u00e4rast tuge ja ideaalselt tasakaalustatud istumiskogemust, mis hoiab sind kogu p\u00e4eva mugavas asendis, \u00f5igesti joondatuna ja t\u00e4ielikult t\u00f6\u00f6le keskendununa.\" \/>\n<meta property=\"og:url\" content=\"https:\/\/bioswing.ee\/et\/toode\/bioswing-660-iq-mesh-2\/\" \/>\n<meta property=\"og:site_name\" content=\"BIOSWING\" \/>\n<meta property=\"og:image\" content=\"https:\/\/bioswing.ee\/wp-content\/uploads\/2026\/04\/bioswing_660_mesh_individual_1.jpg\" \/>\n\t<meta property=\"og:image:width\" content=\"800\" \/>\n\t<meta property=\"og:image:height\" content=\"1067\" \/>\n\t<meta property=\"og:image:type\" content=\"image\/jpeg\" \/>\n<meta name=\"twitter:card\" content=\"summary_large_image\" \/>\n<script type=\"application\/ld+json\" class=\"yoast-schema-graph\">{\"@context\":\"https:\/\/schema.org\",\"@graph\":[{\"@type\":\"WebPage\",\"@id\":\"https:\/\/bioswing.ee\/et\/toode\/bioswing-660-iq-mesh-2\/\",\"url\":\"https:\/\/bioswing.ee\/et\/toode\/bioswing-660-iq-mesh-2\/\",\"name\":\"BIOSWING 660 IQ MESH - BIOSWING\",\"isPartOf\":{\"@id\":\"https:\/\/bioswing.ee\/#website\"},\"primaryImageOfPage\":{\"@id\":\"https:\/\/bioswing.ee\/et\/toode\/bioswing-660-iq-mesh-2\/#primaryimage\"},\"image\":{\"@id\":\"https:\/\/bioswing.ee\/et\/toode\/bioswing-660-iq-mesh-2\/#primaryimage\"},\"thumbnailUrl\":\"https:\/\/bioswing.ee\/wp-content\/uploads\/2026\/04\/bioswing_660_mesh_individual_1.jpg\",\"datePublished\":\"2026-04-13T10:28:14+00:00\",\"dateModified\":\"2026-04-13T10:28:14+00:00\",\"breadcrumb\":{\"@id\":\"https:\/\/bioswing.ee\/et\/toode\/bioswing-660-iq-mesh-2\/#breadcrumb\"},\"inLanguage\":\"et\",\"potentialAction\":[{\"@type\":\"ReadAction\",\"target\":[\"https:\/\/bioswing.ee\/et\/toode\/bioswing-660-iq-mesh-2\/\"]}]},{\"@type\":\"ImageObject\",\"inLanguage\":\"et\",\"@id\":\"https:\/\/bioswing.ee\/et\/toode\/bioswing-660-iq-mesh-2\/#primaryimage\",\"url\":\"https:\/\/bioswing.ee\/wp-content\/uploads\/2026\/04\/bioswing_660_mesh_individual_1.jpg\",\"contentUrl\":\"https:\/\/bioswing.ee\/wp-content\/uploads\/2026\/04\/bioswing_660_mesh_individual_1.jpg\",\"width\":800,\"height\":1067},{\"@type\":\"BreadcrumbList\",\"@id\":\"https:\/\/bioswing.ee\/et\/toode\/bioswing-660-iq-mesh-2\/#breadcrumb\",\"itemListElement\":[{\"@type\":\"ListItem\",\"position\":1,\"name\":\"Home\",\"item\":\"https:\/\/bioswing.ee\/et\/avaleht-2\/\"},{\"@type\":\"ListItem\",\"position\":2,\"name\":\"POOD\",\"item\":\"https:\/\/bioswing.ee\/et\/pood\/\"},{\"@type\":\"ListItem\",\"position\":3,\"name\":\"BIOSWING 660 IQ MESH\"}]},{\"@type\":\"WebSite\",\"@id\":\"https:\/\/bioswing.ee\/#website\",\"url\":\"https:\/\/bioswing.ee\/\",\"name\":\"BIOSWING\",\"description\":\"Smart solutions for healthy sitting\",\"publisher\":{\"@id\":\"https:\/\/bioswing.ee\/#organization\"},\"potentialAction\":[{\"@type\":\"SearchAction\",\"target\":{\"@type\":\"EntryPoint\",\"urlTemplate\":\"https:\/\/bioswing.ee\/?s={search_term_string}\"},\"query-input\":{\"@type\":\"PropertyValueSpecification\",\"valueRequired\":true,\"valueName\":\"search_term_string\"}}],\"inLanguage\":\"et\"},{\"@type\":\"Organization\",\"@id\":\"https:\/\/bioswing.ee\/#organization\",\"name\":\"BIOSWING\",\"url\":\"https:\/\/bioswing.ee\/\",\"logo\":{\"@type\":\"ImageObject\",\"inLanguage\":\"et\",\"@id\":\"https:\/\/bioswing.ee\/#\/schema\/logo\/image\/\",\"url\":\"https:\/\/bioswing.ee\/wp-content\/uploads\/2023\/04\/logo_web.png\",\"contentUrl\":\"https:\/\/bioswing.ee\/wp-content\/uploads\/2023\/04\/logo_web.png\",\"width\":140,\"height\":122,\"caption\":\"BIOSWING\"},\"image\":{\"@id\":\"https:\/\/bioswing.ee\/#\/schema\/logo\/image\/\"}}]}<\/script>\n<!-- \/ Yoast SEO plugin. -->","yoast_head_json":{"title":"BIOSWING 660 IQ MESH - BIOSWING","robots":{"index":"index","follow":"follow","max-snippet":"max-snippet:-1","max-image-preview":"max-image-preview:large","max-video-preview":"max-video-preview:-1"},"canonical":"https:\/\/bioswing.ee\/et\/toode\/bioswing-660-iq-mesh-2\/","og_locale":"et_EE","og_type":"article","og_title":"BIOSWING 660 IQ MESH - BIOSWING","og_description":"Seal, kus t\u00f6\u00f6v\u00f5imekus kohtub disainiga. BIOSWING\u00ae 6-seeria \u00fchendab t\u00e4iustatud ergonoomilise funktsionaalsuse viimistletud ja kaasaegse esteetikaga, muutes selle ideaalseks nii keskendunud t\u00f6\u00f6ks kui ka esinduslikesse kontorikeskkondadesse. Adaptiivse 3D-liikumiss\u00fcsteemi ja t\u00e4psete reguleerimisv\u00f5imalustega pakub see pidevat liikumist, sihip\u00e4rast tuge ja ideaalselt tasakaalustatud istumiskogemust, mis hoiab sind kogu p\u00e4eva mugavas asendis, \u00f5igesti joondatuna ja t\u00e4ielikult t\u00f6\u00f6le keskendununa.","og_url":"https:\/\/bioswing.ee\/et\/toode\/bioswing-660-iq-mesh-2\/","og_site_name":"BIOSWING","og_image":[{"width":800,"height":1067,"url":"https:\/\/bioswing.ee\/wp-content\/uploads\/2026\/04\/bioswing_660_mesh_individual_1.jpg","type":"image\/jpeg"}],"twitter_card":"summary_large_image","schema":{"@context":"https:\/\/schema.org","@graph":[{"@type":"WebPage","@id":"https:\/\/bioswing.ee\/et\/toode\/bioswing-660-iq-mesh-2\/","url":"https:\/\/bioswing.ee\/et\/toode\/bioswing-660-iq-mesh-2\/","name":"BIOSWING 660 IQ MESH - BIOSWING","isPartOf":{"@id":"https:\/\/bioswing.ee\/#website"},"primaryImageOfPage":{"@id":"https:\/\/bioswing.ee\/et\/toode\/bioswing-660-iq-mesh-2\/#primaryimage"},"image":{"@id":"https:\/\/bioswing.ee\/et\/toode\/bioswing-660-iq-mesh-2\/#primaryimage"},"thumbnailUrl":"https:\/\/bioswing.ee\/wp-content\/uploads\/2026\/04\/bioswing_660_mesh_individual_1.jpg","datePublished":"2026-04-13T10:28:14+00:00","dateModified":"2026-04-13T10:28:14+00:00","breadcrumb":{"@id":"https:\/\/bioswing.ee\/et\/toode\/bioswing-660-iq-mesh-2\/#breadcrumb"},"inLanguage":"et","potentialAction":[{"@type":"ReadAction","target":["https:\/\/bioswing.ee\/et\/toode\/bioswing-660-iq-mesh-2\/"]}]},{"@type":"ImageObject","inLanguage":"et","@id":"https:\/\/bioswing.ee\/et\/toode\/bioswing-660-iq-mesh-2\/#primaryimage","url":"https:\/\/bioswing.ee\/wp-content\/uploads\/2026\/04\/bioswing_660_mesh_individual_1.jpg","contentUrl":"https:\/\/bioswing.ee\/wp-content\/uploads\/2026\/04\/bioswing_660_mesh_individual_1.jpg","width":800,"height":1067},{"@type":"BreadcrumbList","@id":"https:\/\/bioswing.ee\/et\/toode\/bioswing-660-iq-mesh-2\/#breadcrumb","itemListElement":[{"@type":"ListItem","position":1,"name":"Home","item":"https:\/\/bioswing.ee\/et\/avaleht-2\/"},{"@type":"ListItem","position":2,"name":"POOD","item":"https:\/\/bioswing.ee\/et\/pood\/"},{"@type":"ListItem","position":3,"name":"BIOSWING 660 IQ MESH"}]},{"@type":"WebSite","@id":"https:\/\/bioswing.ee\/#website","url":"https:\/\/bioswing.ee\/","name":"BIOSWING","description":"Smart solutions for healthy sitting","publisher":{"@id":"https:\/\/bioswing.ee\/#organization"},"potentialAction":[{"@type":"SearchAction","target":{"@type":"EntryPoint","urlTemplate":"https:\/\/bioswing.ee\/?s={search_term_string}"},"query-input":{"@type":"PropertyValueSpecification","valueRequired":true,"valueName":"search_term_string"}}],"inLanguage":"et"},{"@type":"Organization","@id":"https:\/\/bioswing.ee\/#organization","name":"BIOSWING","url":"https:\/\/bioswing.ee\/","logo":{"@type":"ImageObject","inLanguage":"et","@id":"https:\/\/bioswing.ee\/#\/schema\/logo\/image\/","url":"https:\/\/bioswing.ee\/wp-content\/uploads\/2023\/04\/logo_web.png","contentUrl":"https:\/\/bioswing.ee\/wp-content\/uploads\/2023\/04\/logo_web.png","width":140,"height":122,"caption":"BIOSWING"},"image":{"@id":"https:\/\/bioswing.ee\/#\/schema\/logo\/image\/"}}]}},"_links":{"self":[{"href":"https:\/\/bioswing.ee\/et\/wp-json\/wp\/v2\/product\/39232"}],"collection":[{"href":"https:\/\/bioswing.ee\/et\/wp-json\/wp\/v2\/product"}],"about":[{"href":"https:\/\/bioswing.ee\/et\/wp-json\/wp\/v2\/types\/product"}],"wp:featuredmedia":[{"embeddable":true,"href":"https:\/\/bioswing.ee\/et\/wp-json\/wp\/v2\/media\/38102"}],"wp:attachment":[{"href":"https:\/\/bioswing.ee\/et\/wp-json\/wp\/v2\/media?parent=39232"}],"wp:term":[{"taxonomy":"product_brand","embeddable":true,"href":"https:\/\/bioswing.ee\/et\/wp-json\/wp\/v2\/product_brand?post=39232"},{"taxonomy":"product_cat","embeddable":true,"href":"https:\/\/bioswing.ee\/et\/wp-json\/wp\/v2\/product_cat?post=39232"},{"taxonomy":"product_tag","embeddable":true,"href":"https:\/\/bioswing.ee\/et\/wp-json\/wp\/v2\/product_tag?post=39232"}],"curies":[{"name":"wp","href":"https:\/\/api.w.org\/{rel}","templated":true}]}}