{"id":39228,"date":"2026-04-10T12:42:50","date_gmt":"2026-04-10T12:42:50","guid":{"rendered":"https:\/\/bioswing.ee\/toode\/bioswing-560-iq-detensor-2\/"},"modified":"2026-04-10T12:42:50","modified_gmt":"2026-04-10T12:42:50","slug":"bioswing-560-iq-detensor-2","status":"publish","type":"product","link":"https:\/\/bioswing.ee\/et\/toode\/bioswing-560-iq-detensor-2\/","title":{"rendered":"BIOSWING 560 IQ Detensor"},"content":{"rendered":"","protected":false},"excerpt":{"rendered":"<p data-start=\"1358\" data-end=\"1623\">Loodud liikumiseks ja t\u00e4psuseks \u2013 BIOSWING\u00ae 5-seeria pakub ideaalselt tasakaalustatud istumiskogemust. Selle adaptiivne 3D-mehhanism hoiab keha pidevas liikumises, samal ajal kui t\u00e4iustatud ergonoomilised reguleerimisv\u00f5imalused v\u00f5imaldavad toolil kohanduda sinuga \u2013 mitte vastupidi. <\/p>\n<p data-start=\"1625\" data-end=\"1779\">Valmistatud pikkadeks ja n\u00f5udlikeks t\u00f6\u00f6p\u00e4evadeks, \u00fchendades d\u00fcnaamilise liikumise sihip\u00e4rase toega, et aidata sul p\u00fcsida mugavas asendis, keskendununa ja parimas t\u00f6\u00f6vormis.<\/p>\n<p data-start=\"1625\" data-end=\"1779\">BIOSWING DETENSOR tehnoloogia kasutab struktureeritud ribidega seljatuge, mis aitab selgroogu \u00f5rnalt sirutada ja v\u00e4hendada survet l\u00fclivaheketastele. Reageerivad vahtribid loovad peeneid mikroliikumisi, mis toetavad loomulikku joondust ning pakuvad istumise ajal pidevat koormuse leevendust. Tulemuseks on parem mugavus, parem \u00f5huringlus ja suurem keskendumisv\u00f5ime pikkade t\u00f6\u00f6p\u00e4evade jooksul.  <\/p>\n","protected":false},"featured_media":37794,"template":"","meta":{"_acf_changed":false},"product_brand":[],"product_cat":[2554,2546],"product_tag":[],"class_list":{"0":"post-39228","1":"product","2":"type-product","3":"status-publish","4":"has-post-thumbnail","6":"product_cat-5-seeria","7":"product_cat-pcon-product-et","9":"first","10":"instock","11":"sale","12":"taxable","13":"shipping-taxable","14":"purchasable","15":"product-type-simple"},"acf":[],"yoast_head":"<!-- This site is optimized with the Yoast SEO plugin v24.3 - https:\/\/yoast.com\/wordpress\/plugins\/seo\/ -->\n<title>BIOSWING 560 IQ Detensor - BIOSWING<\/title>\n<meta name=\"robots\" content=\"index, follow, max-snippet:-1, max-image-preview:large, max-video-preview:-1\" \/>\n<link rel=\"canonical\" href=\"https:\/\/bioswing.ee\/et\/toode\/bioswing-560-iq-detensor-2\/\" \/>\n<meta property=\"og:locale\" content=\"et_EE\" \/>\n<meta property=\"og:type\" content=\"article\" \/>\n<meta property=\"og:title\" content=\"BIOSWING 560 IQ Detensor - BIOSWING\" \/>\n<meta property=\"og:description\" content=\"Loodud liikumiseks ja t\u00e4psuseks \u2013 BIOSWING\u00ae 5-seeria pakub ideaalselt tasakaalustatud istumiskogemust. Selle adaptiivne 3D-mehhanism hoiab keha pidevas liikumises, samal ajal kui t\u00e4iustatud ergonoomilised reguleerimisv\u00f5imalused v\u00f5imaldavad toolil kohanduda sinuga \u2013 mitte vastupidi. Valmistatud pikkadeks ja n\u00f5udlikeks t\u00f6\u00f6p\u00e4evadeks, \u00fchendades d\u00fcnaamilise liikumise sihip\u00e4rase toega, et aidata sul p\u00fcsida mugavas asendis, keskendununa ja parimas t\u00f6\u00f6vormis. BIOSWING DETENSOR tehnoloogia kasutab struktureeritud ribidega seljatuge, mis aitab selgroogu \u00f5rnalt sirutada ja v\u00e4hendada survet l\u00fclivaheketastele. Reageerivad vahtribid loovad peeneid mikroliikumisi, mis toetavad loomulikku joondust ning pakuvad istumise ajal pidevat koormuse leevendust. Tulemuseks on parem mugavus, parem \u00f5huringlus ja suurem keskendumisv\u00f5ime pikkade t\u00f6\u00f6p\u00e4evade jooksul.\" \/>\n<meta property=\"og:url\" content=\"https:\/\/bioswing.ee\/et\/toode\/bioswing-560-iq-detensor-2\/\" \/>\n<meta property=\"og:site_name\" content=\"BIOSWING\" \/>\n<meta property=\"og:image\" content=\"https:\/\/bioswing.ee\/wp-content\/uploads\/2026\/04\/bioswing_560_detensor_individual_1.jpg\" \/>\n\t<meta property=\"og:image:width\" content=\"800\" \/>\n\t<meta property=\"og:image:height\" content=\"1067\" \/>\n\t<meta property=\"og:image:type\" content=\"image\/jpeg\" \/>\n<meta name=\"twitter:card\" content=\"summary_large_image\" \/>\n<script type=\"application\/ld+json\" class=\"yoast-schema-graph\">{\"@context\":\"https:\/\/schema.org\",\"@graph\":[{\"@type\":\"WebPage\",\"@id\":\"https:\/\/bioswing.ee\/et\/toode\/bioswing-560-iq-detensor-2\/\",\"url\":\"https:\/\/bioswing.ee\/et\/toode\/bioswing-560-iq-detensor-2\/\",\"name\":\"BIOSWING 560 IQ Detensor - BIOSWING\",\"isPartOf\":{\"@id\":\"https:\/\/bioswing.ee\/#website\"},\"primaryImageOfPage\":{\"@id\":\"https:\/\/bioswing.ee\/et\/toode\/bioswing-560-iq-detensor-2\/#primaryimage\"},\"image\":{\"@id\":\"https:\/\/bioswing.ee\/et\/toode\/bioswing-560-iq-detensor-2\/#primaryimage\"},\"thumbnailUrl\":\"https:\/\/bioswing.ee\/wp-content\/uploads\/2026\/04\/bioswing_560_detensor_individual_1.jpg\",\"datePublished\":\"2026-04-10T12:42:50+00:00\",\"dateModified\":\"2026-04-10T12:42:50+00:00\",\"breadcrumb\":{\"@id\":\"https:\/\/bioswing.ee\/et\/toode\/bioswing-560-iq-detensor-2\/#breadcrumb\"},\"inLanguage\":\"et\",\"potentialAction\":[{\"@type\":\"ReadAction\",\"target\":[\"https:\/\/bioswing.ee\/et\/toode\/bioswing-560-iq-detensor-2\/\"]}]},{\"@type\":\"ImageObject\",\"inLanguage\":\"et\",\"@id\":\"https:\/\/bioswing.ee\/et\/toode\/bioswing-560-iq-detensor-2\/#primaryimage\",\"url\":\"https:\/\/bioswing.ee\/wp-content\/uploads\/2026\/04\/bioswing_560_detensor_individual_1.jpg\",\"contentUrl\":\"https:\/\/bioswing.ee\/wp-content\/uploads\/2026\/04\/bioswing_560_detensor_individual_1.jpg\",\"width\":800,\"height\":1067},{\"@type\":\"BreadcrumbList\",\"@id\":\"https:\/\/bioswing.ee\/et\/toode\/bioswing-560-iq-detensor-2\/#breadcrumb\",\"itemListElement\":[{\"@type\":\"ListItem\",\"position\":1,\"name\":\"Home\",\"item\":\"https:\/\/bioswing.ee\/et\/avaleht-2\/\"},{\"@type\":\"ListItem\",\"position\":2,\"name\":\"POOD\",\"item\":\"https:\/\/bioswing.ee\/et\/pood\/\"},{\"@type\":\"ListItem\",\"position\":3,\"name\":\"BIOSWING 560 IQ Detensor\"}]},{\"@type\":\"WebSite\",\"@id\":\"https:\/\/bioswing.ee\/#website\",\"url\":\"https:\/\/bioswing.ee\/\",\"name\":\"BIOSWING\",\"description\":\"Smart solutions for healthy sitting\",\"publisher\":{\"@id\":\"https:\/\/bioswing.ee\/#organization\"},\"potentialAction\":[{\"@type\":\"SearchAction\",\"target\":{\"@type\":\"EntryPoint\",\"urlTemplate\":\"https:\/\/bioswing.ee\/?s={search_term_string}\"},\"query-input\":{\"@type\":\"PropertyValueSpecification\",\"valueRequired\":true,\"valueName\":\"search_term_string\"}}],\"inLanguage\":\"et\"},{\"@type\":\"Organization\",\"@id\":\"https:\/\/bioswing.ee\/#organization\",\"name\":\"BIOSWING\",\"url\":\"https:\/\/bioswing.ee\/\",\"logo\":{\"@type\":\"ImageObject\",\"inLanguage\":\"et\",\"@id\":\"https:\/\/bioswing.ee\/#\/schema\/logo\/image\/\",\"url\":\"https:\/\/bioswing.ee\/wp-content\/uploads\/2023\/04\/logo_web.png\",\"contentUrl\":\"https:\/\/bioswing.ee\/wp-content\/uploads\/2023\/04\/logo_web.png\",\"width\":140,\"height\":122,\"caption\":\"BIOSWING\"},\"image\":{\"@id\":\"https:\/\/bioswing.ee\/#\/schema\/logo\/image\/\"}}]}<\/script>\n<!-- \/ Yoast SEO plugin. -->","yoast_head_json":{"title":"BIOSWING 560 IQ Detensor - BIOSWING","robots":{"index":"index","follow":"follow","max-snippet":"max-snippet:-1","max-image-preview":"max-image-preview:large","max-video-preview":"max-video-preview:-1"},"canonical":"https:\/\/bioswing.ee\/et\/toode\/bioswing-560-iq-detensor-2\/","og_locale":"et_EE","og_type":"article","og_title":"BIOSWING 560 IQ Detensor - BIOSWING","og_description":"Loodud liikumiseks ja t\u00e4psuseks \u2013 BIOSWING\u00ae 5-seeria pakub ideaalselt tasakaalustatud istumiskogemust. Selle adaptiivne 3D-mehhanism hoiab keha pidevas liikumises, samal ajal kui t\u00e4iustatud ergonoomilised reguleerimisv\u00f5imalused v\u00f5imaldavad toolil kohanduda sinuga \u2013 mitte vastupidi. Valmistatud pikkadeks ja n\u00f5udlikeks t\u00f6\u00f6p\u00e4evadeks, \u00fchendades d\u00fcnaamilise liikumise sihip\u00e4rase toega, et aidata sul p\u00fcsida mugavas asendis, keskendununa ja parimas t\u00f6\u00f6vormis. BIOSWING DETENSOR tehnoloogia kasutab struktureeritud ribidega seljatuge, mis aitab selgroogu \u00f5rnalt sirutada ja v\u00e4hendada survet l\u00fclivaheketastele. Reageerivad vahtribid loovad peeneid mikroliikumisi, mis toetavad loomulikku joondust ning pakuvad istumise ajal pidevat koormuse leevendust. Tulemuseks on parem mugavus, parem \u00f5huringlus ja suurem keskendumisv\u00f5ime pikkade t\u00f6\u00f6p\u00e4evade jooksul.","og_url":"https:\/\/bioswing.ee\/et\/toode\/bioswing-560-iq-detensor-2\/","og_site_name":"BIOSWING","og_image":[{"width":800,"height":1067,"url":"https:\/\/bioswing.ee\/wp-content\/uploads\/2026\/04\/bioswing_560_detensor_individual_1.jpg","type":"image\/jpeg"}],"twitter_card":"summary_large_image","schema":{"@context":"https:\/\/schema.org","@graph":[{"@type":"WebPage","@id":"https:\/\/bioswing.ee\/et\/toode\/bioswing-560-iq-detensor-2\/","url":"https:\/\/bioswing.ee\/et\/toode\/bioswing-560-iq-detensor-2\/","name":"BIOSWING 560 IQ Detensor - BIOSWING","isPartOf":{"@id":"https:\/\/bioswing.ee\/#website"},"primaryImageOfPage":{"@id":"https:\/\/bioswing.ee\/et\/toode\/bioswing-560-iq-detensor-2\/#primaryimage"},"image":{"@id":"https:\/\/bioswing.ee\/et\/toode\/bioswing-560-iq-detensor-2\/#primaryimage"},"thumbnailUrl":"https:\/\/bioswing.ee\/wp-content\/uploads\/2026\/04\/bioswing_560_detensor_individual_1.jpg","datePublished":"2026-04-10T12:42:50+00:00","dateModified":"2026-04-10T12:42:50+00:00","breadcrumb":{"@id":"https:\/\/bioswing.ee\/et\/toode\/bioswing-560-iq-detensor-2\/#breadcrumb"},"inLanguage":"et","potentialAction":[{"@type":"ReadAction","target":["https:\/\/bioswing.ee\/et\/toode\/bioswing-560-iq-detensor-2\/"]}]},{"@type":"ImageObject","inLanguage":"et","@id":"https:\/\/bioswing.ee\/et\/toode\/bioswing-560-iq-detensor-2\/#primaryimage","url":"https:\/\/bioswing.ee\/wp-content\/uploads\/2026\/04\/bioswing_560_detensor_individual_1.jpg","contentUrl":"https:\/\/bioswing.ee\/wp-content\/uploads\/2026\/04\/bioswing_560_detensor_individual_1.jpg","width":800,"height":1067},{"@type":"BreadcrumbList","@id":"https:\/\/bioswing.ee\/et\/toode\/bioswing-560-iq-detensor-2\/#breadcrumb","itemListElement":[{"@type":"ListItem","position":1,"name":"Home","item":"https:\/\/bioswing.ee\/et\/avaleht-2\/"},{"@type":"ListItem","position":2,"name":"POOD","item":"https:\/\/bioswing.ee\/et\/pood\/"},{"@type":"ListItem","position":3,"name":"BIOSWING 560 IQ Detensor"}]},{"@type":"WebSite","@id":"https:\/\/bioswing.ee\/#website","url":"https:\/\/bioswing.ee\/","name":"BIOSWING","description":"Smart solutions for healthy sitting","publisher":{"@id":"https:\/\/bioswing.ee\/#organization"},"potentialAction":[{"@type":"SearchAction","target":{"@type":"EntryPoint","urlTemplate":"https:\/\/bioswing.ee\/?s={search_term_string}"},"query-input":{"@type":"PropertyValueSpecification","valueRequired":true,"valueName":"search_term_string"}}],"inLanguage":"et"},{"@type":"Organization","@id":"https:\/\/bioswing.ee\/#organization","name":"BIOSWING","url":"https:\/\/bioswing.ee\/","logo":{"@type":"ImageObject","inLanguage":"et","@id":"https:\/\/bioswing.ee\/#\/schema\/logo\/image\/","url":"https:\/\/bioswing.ee\/wp-content\/uploads\/2023\/04\/logo_web.png","contentUrl":"https:\/\/bioswing.ee\/wp-content\/uploads\/2023\/04\/logo_web.png","width":140,"height":122,"caption":"BIOSWING"},"image":{"@id":"https:\/\/bioswing.ee\/#\/schema\/logo\/image\/"}}]}},"_links":{"self":[{"href":"https:\/\/bioswing.ee\/et\/wp-json\/wp\/v2\/product\/39228"}],"collection":[{"href":"https:\/\/bioswing.ee\/et\/wp-json\/wp\/v2\/product"}],"about":[{"href":"https:\/\/bioswing.ee\/et\/wp-json\/wp\/v2\/types\/product"}],"wp:featuredmedia":[{"embeddable":true,"href":"https:\/\/bioswing.ee\/et\/wp-json\/wp\/v2\/media\/37794"}],"wp:attachment":[{"href":"https:\/\/bioswing.ee\/et\/wp-json\/wp\/v2\/media?parent=39228"}],"wp:term":[{"taxonomy":"product_brand","embeddable":true,"href":"https:\/\/bioswing.ee\/et\/wp-json\/wp\/v2\/product_brand?post=39228"},{"taxonomy":"product_cat","embeddable":true,"href":"https:\/\/bioswing.ee\/et\/wp-json\/wp\/v2\/product_cat?post=39228"},{"taxonomy":"product_tag","embeddable":true,"href":"https:\/\/bioswing.ee\/et\/wp-json\/wp\/v2\/product_tag?post=39228"}],"curies":[{"name":"wp","href":"https:\/\/api.w.org\/{rel}","templated":true}]}}