{"id":39219,"date":"2026-04-02T11:31:30","date_gmt":"2026-04-02T11:31:30","guid":{"rendered":"https:\/\/bioswing.ee\/toode\/bioswing-780-iq\/"},"modified":"2026-04-02T11:31:30","modified_gmt":"2026-04-02T11:31:30","slug":"bioswing-780-iq","status":"publish","type":"product","link":"https:\/\/bioswing.ee\/et\/toode\/bioswing-780-iq\/","title":{"rendered":"BIOSWING 780 iQ"},"content":{"rendered":"","protected":false},"excerpt":{"rendered":"<p data-start=\"1297\" data-end=\"1551\">Tippklassi juhitool, kus t\u00f6\u00f6v\u00f5imekus kohtub luksusega. BIOSWING\u00ae 7-seeria \u00fchendab adaptiivse 3D-liikumiss\u00fcsteemi esmaklassiliste materjalide ja t\u00e4iustatud ergonoomiliste reguleerimisv\u00f5imalustega, pakkudes pidevat liikumist, t\u00e4pset tuge ja erakordset mugavust. <\/p>\n<p data-start=\"1553\" data-end=\"1705\">Loodud pikkadeks ja n\u00f5udlikeks t\u00f6\u00f6p\u00e4evadeks \u2013 see hoiab keha joondatuna, r\u00fchi toetatuna ja keskendumisv\u00f5ime teravana, tegemata j\u00e4releandmisi mugavuses ega esinduslikkuses.<\/p>\n","protected":false},"featured_media":37257,"template":"","meta":{"_acf_changed":false},"product_brand":[],"product_cat":[2553,2546],"product_tag":[],"class_list":{"0":"post-39219","1":"product","2":"type-product","3":"status-publish","4":"has-post-thumbnail","6":"product_cat-7-seeria","7":"product_cat-pcon-product-et","9":"first","10":"instock","11":"sale","12":"taxable","13":"shipping-taxable","14":"purchasable","15":"product-type-simple"},"acf":[],"yoast_head":"<!-- This site is optimized with the Yoast SEO plugin v24.3 - https:\/\/yoast.com\/wordpress\/plugins\/seo\/ -->\n<title>BIOSWING 780 iQ - BIOSWING<\/title>\n<meta name=\"robots\" content=\"index, follow, max-snippet:-1, max-image-preview:large, max-video-preview:-1\" \/>\n<link rel=\"canonical\" href=\"https:\/\/bioswing.ee\/et\/toode\/bioswing-780-iq\/\" \/>\n<meta property=\"og:locale\" content=\"et_EE\" \/>\n<meta property=\"og:type\" content=\"article\" \/>\n<meta property=\"og:title\" content=\"BIOSWING 780 iQ - BIOSWING\" \/>\n<meta property=\"og:description\" content=\"Tippklassi juhitool, kus t\u00f6\u00f6v\u00f5imekus kohtub luksusega. BIOSWING\u00ae 7-seeria \u00fchendab adaptiivse 3D-liikumiss\u00fcsteemi esmaklassiliste materjalide ja t\u00e4iustatud ergonoomiliste reguleerimisv\u00f5imalustega, pakkudes pidevat liikumist, t\u00e4pset tuge ja erakordset mugavust. Loodud pikkadeks ja n\u00f5udlikeks t\u00f6\u00f6p\u00e4evadeks \u2013 see hoiab keha joondatuna, r\u00fchi toetatuna ja keskendumisv\u00f5ime teravana, tegemata j\u00e4releandmisi mugavuses ega esinduslikkuses.\" \/>\n<meta property=\"og:url\" content=\"https:\/\/bioswing.ee\/et\/toode\/bioswing-780-iq\/\" \/>\n<meta property=\"og:site_name\" content=\"BIOSWING\" \/>\n<meta property=\"og:image\" content=\"https:\/\/bioswing.ee\/wp-content\/uploads\/2026\/04\/bioswing_780_1.jpg\" \/>\n\t<meta property=\"og:image:width\" content=\"800\" \/>\n\t<meta property=\"og:image:height\" content=\"1067\" \/>\n\t<meta property=\"og:image:type\" content=\"image\/jpeg\" \/>\n<meta name=\"twitter:card\" content=\"summary_large_image\" \/>\n<script type=\"application\/ld+json\" class=\"yoast-schema-graph\">{\"@context\":\"https:\/\/schema.org\",\"@graph\":[{\"@type\":\"WebPage\",\"@id\":\"https:\/\/bioswing.ee\/et\/toode\/bioswing-780-iq\/\",\"url\":\"https:\/\/bioswing.ee\/et\/toode\/bioswing-780-iq\/\",\"name\":\"BIOSWING 780 iQ - BIOSWING\",\"isPartOf\":{\"@id\":\"https:\/\/bioswing.ee\/#website\"},\"primaryImageOfPage\":{\"@id\":\"https:\/\/bioswing.ee\/et\/toode\/bioswing-780-iq\/#primaryimage\"},\"image\":{\"@id\":\"https:\/\/bioswing.ee\/et\/toode\/bioswing-780-iq\/#primaryimage\"},\"thumbnailUrl\":\"https:\/\/bioswing.ee\/wp-content\/uploads\/2026\/04\/bioswing_780_1.jpg\",\"datePublished\":\"2026-04-02T11:31:30+00:00\",\"dateModified\":\"2026-04-02T11:31:30+00:00\",\"breadcrumb\":{\"@id\":\"https:\/\/bioswing.ee\/et\/toode\/bioswing-780-iq\/#breadcrumb\"},\"inLanguage\":\"et\",\"potentialAction\":[{\"@type\":\"ReadAction\",\"target\":[\"https:\/\/bioswing.ee\/et\/toode\/bioswing-780-iq\/\"]}]},{\"@type\":\"ImageObject\",\"inLanguage\":\"et\",\"@id\":\"https:\/\/bioswing.ee\/et\/toode\/bioswing-780-iq\/#primaryimage\",\"url\":\"https:\/\/bioswing.ee\/wp-content\/uploads\/2026\/04\/bioswing_780_1.jpg\",\"contentUrl\":\"https:\/\/bioswing.ee\/wp-content\/uploads\/2026\/04\/bioswing_780_1.jpg\",\"width\":800,\"height\":1067},{\"@type\":\"BreadcrumbList\",\"@id\":\"https:\/\/bioswing.ee\/et\/toode\/bioswing-780-iq\/#breadcrumb\",\"itemListElement\":[{\"@type\":\"ListItem\",\"position\":1,\"name\":\"Home\",\"item\":\"https:\/\/bioswing.ee\/et\/avaleht-2\/\"},{\"@type\":\"ListItem\",\"position\":2,\"name\":\"POOD\",\"item\":\"https:\/\/bioswing.ee\/et\/pood\/\"},{\"@type\":\"ListItem\",\"position\":3,\"name\":\"BIOSWING 780 iQ\"}]},{\"@type\":\"WebSite\",\"@id\":\"https:\/\/bioswing.ee\/#website\",\"url\":\"https:\/\/bioswing.ee\/\",\"name\":\"BIOSWING\",\"description\":\"Smart solutions for healthy sitting\",\"publisher\":{\"@id\":\"https:\/\/bioswing.ee\/#organization\"},\"potentialAction\":[{\"@type\":\"SearchAction\",\"target\":{\"@type\":\"EntryPoint\",\"urlTemplate\":\"https:\/\/bioswing.ee\/?s={search_term_string}\"},\"query-input\":{\"@type\":\"PropertyValueSpecification\",\"valueRequired\":true,\"valueName\":\"search_term_string\"}}],\"inLanguage\":\"et\"},{\"@type\":\"Organization\",\"@id\":\"https:\/\/bioswing.ee\/#organization\",\"name\":\"BIOSWING\",\"url\":\"https:\/\/bioswing.ee\/\",\"logo\":{\"@type\":\"ImageObject\",\"inLanguage\":\"et\",\"@id\":\"https:\/\/bioswing.ee\/#\/schema\/logo\/image\/\",\"url\":\"https:\/\/bioswing.ee\/wp-content\/uploads\/2023\/04\/logo_web.png\",\"contentUrl\":\"https:\/\/bioswing.ee\/wp-content\/uploads\/2023\/04\/logo_web.png\",\"width\":140,\"height\":122,\"caption\":\"BIOSWING\"},\"image\":{\"@id\":\"https:\/\/bioswing.ee\/#\/schema\/logo\/image\/\"}}]}<\/script>\n<!-- \/ Yoast SEO plugin. -->","yoast_head_json":{"title":"BIOSWING 780 iQ - BIOSWING","robots":{"index":"index","follow":"follow","max-snippet":"max-snippet:-1","max-image-preview":"max-image-preview:large","max-video-preview":"max-video-preview:-1"},"canonical":"https:\/\/bioswing.ee\/et\/toode\/bioswing-780-iq\/","og_locale":"et_EE","og_type":"article","og_title":"BIOSWING 780 iQ - BIOSWING","og_description":"Tippklassi juhitool, kus t\u00f6\u00f6v\u00f5imekus kohtub luksusega. BIOSWING\u00ae 7-seeria \u00fchendab adaptiivse 3D-liikumiss\u00fcsteemi esmaklassiliste materjalide ja t\u00e4iustatud ergonoomiliste reguleerimisv\u00f5imalustega, pakkudes pidevat liikumist, t\u00e4pset tuge ja erakordset mugavust. Loodud pikkadeks ja n\u00f5udlikeks t\u00f6\u00f6p\u00e4evadeks \u2013 see hoiab keha joondatuna, r\u00fchi toetatuna ja keskendumisv\u00f5ime teravana, tegemata j\u00e4releandmisi mugavuses ega esinduslikkuses.","og_url":"https:\/\/bioswing.ee\/et\/toode\/bioswing-780-iq\/","og_site_name":"BIOSWING","og_image":[{"width":800,"height":1067,"url":"https:\/\/bioswing.ee\/wp-content\/uploads\/2026\/04\/bioswing_780_1.jpg","type":"image\/jpeg"}],"twitter_card":"summary_large_image","schema":{"@context":"https:\/\/schema.org","@graph":[{"@type":"WebPage","@id":"https:\/\/bioswing.ee\/et\/toode\/bioswing-780-iq\/","url":"https:\/\/bioswing.ee\/et\/toode\/bioswing-780-iq\/","name":"BIOSWING 780 iQ - BIOSWING","isPartOf":{"@id":"https:\/\/bioswing.ee\/#website"},"primaryImageOfPage":{"@id":"https:\/\/bioswing.ee\/et\/toode\/bioswing-780-iq\/#primaryimage"},"image":{"@id":"https:\/\/bioswing.ee\/et\/toode\/bioswing-780-iq\/#primaryimage"},"thumbnailUrl":"https:\/\/bioswing.ee\/wp-content\/uploads\/2026\/04\/bioswing_780_1.jpg","datePublished":"2026-04-02T11:31:30+00:00","dateModified":"2026-04-02T11:31:30+00:00","breadcrumb":{"@id":"https:\/\/bioswing.ee\/et\/toode\/bioswing-780-iq\/#breadcrumb"},"inLanguage":"et","potentialAction":[{"@type":"ReadAction","target":["https:\/\/bioswing.ee\/et\/toode\/bioswing-780-iq\/"]}]},{"@type":"ImageObject","inLanguage":"et","@id":"https:\/\/bioswing.ee\/et\/toode\/bioswing-780-iq\/#primaryimage","url":"https:\/\/bioswing.ee\/wp-content\/uploads\/2026\/04\/bioswing_780_1.jpg","contentUrl":"https:\/\/bioswing.ee\/wp-content\/uploads\/2026\/04\/bioswing_780_1.jpg","width":800,"height":1067},{"@type":"BreadcrumbList","@id":"https:\/\/bioswing.ee\/et\/toode\/bioswing-780-iq\/#breadcrumb","itemListElement":[{"@type":"ListItem","position":1,"name":"Home","item":"https:\/\/bioswing.ee\/et\/avaleht-2\/"},{"@type":"ListItem","position":2,"name":"POOD","item":"https:\/\/bioswing.ee\/et\/pood\/"},{"@type":"ListItem","position":3,"name":"BIOSWING 780 iQ"}]},{"@type":"WebSite","@id":"https:\/\/bioswing.ee\/#website","url":"https:\/\/bioswing.ee\/","name":"BIOSWING","description":"Smart solutions for healthy sitting","publisher":{"@id":"https:\/\/bioswing.ee\/#organization"},"potentialAction":[{"@type":"SearchAction","target":{"@type":"EntryPoint","urlTemplate":"https:\/\/bioswing.ee\/?s={search_term_string}"},"query-input":{"@type":"PropertyValueSpecification","valueRequired":true,"valueName":"search_term_string"}}],"inLanguage":"et"},{"@type":"Organization","@id":"https:\/\/bioswing.ee\/#organization","name":"BIOSWING","url":"https:\/\/bioswing.ee\/","logo":{"@type":"ImageObject","inLanguage":"et","@id":"https:\/\/bioswing.ee\/#\/schema\/logo\/image\/","url":"https:\/\/bioswing.ee\/wp-content\/uploads\/2023\/04\/logo_web.png","contentUrl":"https:\/\/bioswing.ee\/wp-content\/uploads\/2023\/04\/logo_web.png","width":140,"height":122,"caption":"BIOSWING"},"image":{"@id":"https:\/\/bioswing.ee\/#\/schema\/logo\/image\/"}}]}},"_links":{"self":[{"href":"https:\/\/bioswing.ee\/et\/wp-json\/wp\/v2\/product\/39219"}],"collection":[{"href":"https:\/\/bioswing.ee\/et\/wp-json\/wp\/v2\/product"}],"about":[{"href":"https:\/\/bioswing.ee\/et\/wp-json\/wp\/v2\/types\/product"}],"wp:featuredmedia":[{"embeddable":true,"href":"https:\/\/bioswing.ee\/et\/wp-json\/wp\/v2\/media\/37257"}],"wp:attachment":[{"href":"https:\/\/bioswing.ee\/et\/wp-json\/wp\/v2\/media?parent=39219"}],"wp:term":[{"taxonomy":"product_brand","embeddable":true,"href":"https:\/\/bioswing.ee\/et\/wp-json\/wp\/v2\/product_brand?post=39219"},{"taxonomy":"product_cat","embeddable":true,"href":"https:\/\/bioswing.ee\/et\/wp-json\/wp\/v2\/product_cat?post=39219"},{"taxonomy":"product_tag","embeddable":true,"href":"https:\/\/bioswing.ee\/et\/wp-json\/wp\/v2\/product_tag?post=39219"}],"curies":[{"name":"wp","href":"https:\/\/api.w.org\/{rel}","templated":true}]}}