{"id":39216,"date":"2026-04-17T20:21:49","date_gmt":"2026-04-17T20:21:49","guid":{"rendered":"https:\/\/bioswing.ee\/toode\/tugevdatud-versioon-kuni-160-kg-4-5-seeria\/"},"modified":"2026-04-17T20:21:49","modified_gmt":"2026-04-17T20:21:49","slug":"tugevdatud-versioon-kuni-160-kg-4-5-seeria","status":"publish","type":"product","link":"https:\/\/bioswing.ee\/et\/toode\/tugevdatud-versioon-kuni-160-kg-4-5-seeria\/","title":{"rendered":"Tugevdatud versioon kuni 160 kg (4.\u20135. seeria)"},"content":{"rendered":"","protected":false},"excerpt":{"rendered":"<p>BIOSWING mudeliseeriad on oma olemuselt vastupidavad ning sobivad ka suurema kehakaaluga kasutajatele.<\/p>\n<p>Kui koormus \u00fcletab 140 kg v\u00f5i tool on m\u00f5eldud \u00f6\u00f6p\u00e4evaringseks kasutuseks, soovitame tugevdatud versiooni. 4., 5. ja 7. seeria mudelitel on lisatugevdused k\u00e4etugedes ning seljatoe gaasivedrus, pakkudes t\u00e4iendavat stabiilsust kuni 160 kg kaaluvatele kasutajatele. <\/p>\n<ul>\n<li data-section-id=\"dqy7ne\" data-start=\"52\" data-end=\"90\">Ei \u00fchildu vaagnatasakaalu funktsiooniga<\/li>\n<li data-section-id=\"1e5niwz\" data-start=\"91\" data-end=\"140\">Istmekalle ilma p\u00fcsikontakti mehhanismita<\/li>\n<li data-section-id=\"1m24rjp\" data-start=\"141\" data-end=\"172\">Tugevdatud seljatoe tugi<\/li>\n<li data-section-id=\"1y584n0\" data-start=\"173\" data-end=\"194\" data-is-last-node=\"\">Tugevdatud k\u00e4etoed<\/li>\n<\/ul>\n","protected":false},"featured_media":39113,"template":"","meta":{"_acf_changed":false},"product_brand":[],"product_cat":[2552],"product_tag":[],"class_list":{"0":"post-39216","1":"product","2":"type-product","3":"status-publish","4":"has-post-thumbnail","6":"product_cat-lisafunktsioonid","8":"first","9":"instock","10":"taxable","11":"shipping-taxable","12":"purchasable","13":"product-type-simple"},"acf":[],"yoast_head":"<!-- This site is optimized with the Yoast SEO plugin v24.3 - https:\/\/yoast.com\/wordpress\/plugins\/seo\/ -->\n<title>Tugevdatud versioon kuni 160 kg (4.\u20135. seeria) - BIOSWING<\/title>\n<meta name=\"robots\" content=\"index, follow, max-snippet:-1, max-image-preview:large, max-video-preview:-1\" \/>\n<link rel=\"canonical\" href=\"https:\/\/bioswing.ee\/et\/toode\/tugevdatud-versioon-kuni-160-kg-4-5-seeria\/\" \/>\n<meta property=\"og:locale\" content=\"et_EE\" \/>\n<meta property=\"og:type\" content=\"article\" \/>\n<meta property=\"og:title\" content=\"Tugevdatud versioon kuni 160 kg (4.\u20135. seeria) - BIOSWING\" \/>\n<meta property=\"og:description\" content=\"BIOSWING mudeliseeriad on oma olemuselt vastupidavad ning sobivad ka suurema kehakaaluga kasutajatele. Kui koormus \u00fcletab 140 kg v\u00f5i tool on m\u00f5eldud \u00f6\u00f6p\u00e4evaringseks kasutuseks, soovitame tugevdatud versiooni. 4., 5. ja 7. seeria mudelitel on lisatugevdused k\u00e4etugedes ning seljatoe gaasivedrus, pakkudes t\u00e4iendavat stabiilsust kuni 160 kg kaaluvatele kasutajatele.   Ei \u00fchildu vaagnatasakaalu funktsiooniga  Istmekalle ilma p\u00fcsikontakti mehhanismita  Tugevdatud seljatoe tugi  Tugevdatud k\u00e4etoed\" \/>\n<meta property=\"og:url\" content=\"https:\/\/bioswing.ee\/et\/toode\/tugevdatud-versioon-kuni-160-kg-4-5-seeria\/\" \/>\n<meta property=\"og:site_name\" content=\"BIOSWING\" \/>\n<meta property=\"og:image\" content=\"https:\/\/bioswing.ee\/wp-content\/uploads\/2026\/04\/heavy_duty.jpg\" \/>\n\t<meta property=\"og:image:width\" content=\"800\" \/>\n\t<meta property=\"og:image:height\" content=\"802\" \/>\n\t<meta property=\"og:image:type\" content=\"image\/jpeg\" \/>\n<meta name=\"twitter:card\" content=\"summary_large_image\" \/>\n<script type=\"application\/ld+json\" class=\"yoast-schema-graph\">{\"@context\":\"https:\/\/schema.org\",\"@graph\":[{\"@type\":\"WebPage\",\"@id\":\"https:\/\/bioswing.ee\/et\/toode\/tugevdatud-versioon-kuni-160-kg-4-5-seeria\/\",\"url\":\"https:\/\/bioswing.ee\/et\/toode\/tugevdatud-versioon-kuni-160-kg-4-5-seeria\/\",\"name\":\"Tugevdatud versioon kuni 160 kg (4.\u20135. seeria) - BIOSWING\",\"isPartOf\":{\"@id\":\"https:\/\/bioswing.ee\/#website\"},\"primaryImageOfPage\":{\"@id\":\"https:\/\/bioswing.ee\/et\/toode\/tugevdatud-versioon-kuni-160-kg-4-5-seeria\/#primaryimage\"},\"image\":{\"@id\":\"https:\/\/bioswing.ee\/et\/toode\/tugevdatud-versioon-kuni-160-kg-4-5-seeria\/#primaryimage\"},\"thumbnailUrl\":\"https:\/\/bioswing.ee\/wp-content\/uploads\/2026\/04\/heavy_duty.jpg\",\"datePublished\":\"2026-04-17T20:21:49+00:00\",\"dateModified\":\"2026-04-17T20:21:49+00:00\",\"breadcrumb\":{\"@id\":\"https:\/\/bioswing.ee\/et\/toode\/tugevdatud-versioon-kuni-160-kg-4-5-seeria\/#breadcrumb\"},\"inLanguage\":\"et\",\"potentialAction\":[{\"@type\":\"ReadAction\",\"target\":[\"https:\/\/bioswing.ee\/et\/toode\/tugevdatud-versioon-kuni-160-kg-4-5-seeria\/\"]}]},{\"@type\":\"ImageObject\",\"inLanguage\":\"et\",\"@id\":\"https:\/\/bioswing.ee\/et\/toode\/tugevdatud-versioon-kuni-160-kg-4-5-seeria\/#primaryimage\",\"url\":\"https:\/\/bioswing.ee\/wp-content\/uploads\/2026\/04\/heavy_duty.jpg\",\"contentUrl\":\"https:\/\/bioswing.ee\/wp-content\/uploads\/2026\/04\/heavy_duty.jpg\",\"width\":800,\"height\":802},{\"@type\":\"BreadcrumbList\",\"@id\":\"https:\/\/bioswing.ee\/et\/toode\/tugevdatud-versioon-kuni-160-kg-4-5-seeria\/#breadcrumb\",\"itemListElement\":[{\"@type\":\"ListItem\",\"position\":1,\"name\":\"Home\",\"item\":\"https:\/\/bioswing.ee\/et\/avaleht-2\/\"},{\"@type\":\"ListItem\",\"position\":2,\"name\":\"POOD\",\"item\":\"https:\/\/bioswing.ee\/et\/pood\/\"},{\"@type\":\"ListItem\",\"position\":3,\"name\":\"Tugevdatud versioon kuni 160 kg (4.\u20135. seeria)\"}]},{\"@type\":\"WebSite\",\"@id\":\"https:\/\/bioswing.ee\/#website\",\"url\":\"https:\/\/bioswing.ee\/\",\"name\":\"BIOSWING\",\"description\":\"Smart solutions for healthy sitting\",\"publisher\":{\"@id\":\"https:\/\/bioswing.ee\/#organization\"},\"potentialAction\":[{\"@type\":\"SearchAction\",\"target\":{\"@type\":\"EntryPoint\",\"urlTemplate\":\"https:\/\/bioswing.ee\/?s={search_term_string}\"},\"query-input\":{\"@type\":\"PropertyValueSpecification\",\"valueRequired\":true,\"valueName\":\"search_term_string\"}}],\"inLanguage\":\"et\"},{\"@type\":\"Organization\",\"@id\":\"https:\/\/bioswing.ee\/#organization\",\"name\":\"BIOSWING\",\"url\":\"https:\/\/bioswing.ee\/\",\"logo\":{\"@type\":\"ImageObject\",\"inLanguage\":\"et\",\"@id\":\"https:\/\/bioswing.ee\/#\/schema\/logo\/image\/\",\"url\":\"https:\/\/bioswing.ee\/wp-content\/uploads\/2023\/04\/logo_web.png\",\"contentUrl\":\"https:\/\/bioswing.ee\/wp-content\/uploads\/2023\/04\/logo_web.png\",\"width\":140,\"height\":122,\"caption\":\"BIOSWING\"},\"image\":{\"@id\":\"https:\/\/bioswing.ee\/#\/schema\/logo\/image\/\"}}]}<\/script>\n<!-- \/ Yoast SEO plugin. -->","yoast_head_json":{"title":"Tugevdatud versioon kuni 160 kg (4.\u20135. seeria) - BIOSWING","robots":{"index":"index","follow":"follow","max-snippet":"max-snippet:-1","max-image-preview":"max-image-preview:large","max-video-preview":"max-video-preview:-1"},"canonical":"https:\/\/bioswing.ee\/et\/toode\/tugevdatud-versioon-kuni-160-kg-4-5-seeria\/","og_locale":"et_EE","og_type":"article","og_title":"Tugevdatud versioon kuni 160 kg (4.\u20135. seeria) - BIOSWING","og_description":"BIOSWING mudeliseeriad on oma olemuselt vastupidavad ning sobivad ka suurema kehakaaluga kasutajatele. Kui koormus \u00fcletab 140 kg v\u00f5i tool on m\u00f5eldud \u00f6\u00f6p\u00e4evaringseks kasutuseks, soovitame tugevdatud versiooni. 4., 5. ja 7. seeria mudelitel on lisatugevdused k\u00e4etugedes ning seljatoe gaasivedrus, pakkudes t\u00e4iendavat stabiilsust kuni 160 kg kaaluvatele kasutajatele.   Ei \u00fchildu vaagnatasakaalu funktsiooniga  Istmekalle ilma p\u00fcsikontakti mehhanismita  Tugevdatud seljatoe tugi  Tugevdatud k\u00e4etoed","og_url":"https:\/\/bioswing.ee\/et\/toode\/tugevdatud-versioon-kuni-160-kg-4-5-seeria\/","og_site_name":"BIOSWING","og_image":[{"width":800,"height":802,"url":"https:\/\/bioswing.ee\/wp-content\/uploads\/2026\/04\/heavy_duty.jpg","type":"image\/jpeg"}],"twitter_card":"summary_large_image","schema":{"@context":"https:\/\/schema.org","@graph":[{"@type":"WebPage","@id":"https:\/\/bioswing.ee\/et\/toode\/tugevdatud-versioon-kuni-160-kg-4-5-seeria\/","url":"https:\/\/bioswing.ee\/et\/toode\/tugevdatud-versioon-kuni-160-kg-4-5-seeria\/","name":"Tugevdatud versioon kuni 160 kg (4.\u20135. seeria) - BIOSWING","isPartOf":{"@id":"https:\/\/bioswing.ee\/#website"},"primaryImageOfPage":{"@id":"https:\/\/bioswing.ee\/et\/toode\/tugevdatud-versioon-kuni-160-kg-4-5-seeria\/#primaryimage"},"image":{"@id":"https:\/\/bioswing.ee\/et\/toode\/tugevdatud-versioon-kuni-160-kg-4-5-seeria\/#primaryimage"},"thumbnailUrl":"https:\/\/bioswing.ee\/wp-content\/uploads\/2026\/04\/heavy_duty.jpg","datePublished":"2026-04-17T20:21:49+00:00","dateModified":"2026-04-17T20:21:49+00:00","breadcrumb":{"@id":"https:\/\/bioswing.ee\/et\/toode\/tugevdatud-versioon-kuni-160-kg-4-5-seeria\/#breadcrumb"},"inLanguage":"et","potentialAction":[{"@type":"ReadAction","target":["https:\/\/bioswing.ee\/et\/toode\/tugevdatud-versioon-kuni-160-kg-4-5-seeria\/"]}]},{"@type":"ImageObject","inLanguage":"et","@id":"https:\/\/bioswing.ee\/et\/toode\/tugevdatud-versioon-kuni-160-kg-4-5-seeria\/#primaryimage","url":"https:\/\/bioswing.ee\/wp-content\/uploads\/2026\/04\/heavy_duty.jpg","contentUrl":"https:\/\/bioswing.ee\/wp-content\/uploads\/2026\/04\/heavy_duty.jpg","width":800,"height":802},{"@type":"BreadcrumbList","@id":"https:\/\/bioswing.ee\/et\/toode\/tugevdatud-versioon-kuni-160-kg-4-5-seeria\/#breadcrumb","itemListElement":[{"@type":"ListItem","position":1,"name":"Home","item":"https:\/\/bioswing.ee\/et\/avaleht-2\/"},{"@type":"ListItem","position":2,"name":"POOD","item":"https:\/\/bioswing.ee\/et\/pood\/"},{"@type":"ListItem","position":3,"name":"Tugevdatud versioon kuni 160 kg (4.\u20135. seeria)"}]},{"@type":"WebSite","@id":"https:\/\/bioswing.ee\/#website","url":"https:\/\/bioswing.ee\/","name":"BIOSWING","description":"Smart solutions for healthy sitting","publisher":{"@id":"https:\/\/bioswing.ee\/#organization"},"potentialAction":[{"@type":"SearchAction","target":{"@type":"EntryPoint","urlTemplate":"https:\/\/bioswing.ee\/?s={search_term_string}"},"query-input":{"@type":"PropertyValueSpecification","valueRequired":true,"valueName":"search_term_string"}}],"inLanguage":"et"},{"@type":"Organization","@id":"https:\/\/bioswing.ee\/#organization","name":"BIOSWING","url":"https:\/\/bioswing.ee\/","logo":{"@type":"ImageObject","inLanguage":"et","@id":"https:\/\/bioswing.ee\/#\/schema\/logo\/image\/","url":"https:\/\/bioswing.ee\/wp-content\/uploads\/2023\/04\/logo_web.png","contentUrl":"https:\/\/bioswing.ee\/wp-content\/uploads\/2023\/04\/logo_web.png","width":140,"height":122,"caption":"BIOSWING"},"image":{"@id":"https:\/\/bioswing.ee\/#\/schema\/logo\/image\/"}}]}},"_links":{"self":[{"href":"https:\/\/bioswing.ee\/et\/wp-json\/wp\/v2\/product\/39216"}],"collection":[{"href":"https:\/\/bioswing.ee\/et\/wp-json\/wp\/v2\/product"}],"about":[{"href":"https:\/\/bioswing.ee\/et\/wp-json\/wp\/v2\/types\/product"}],"wp:featuredmedia":[{"embeddable":true,"href":"https:\/\/bioswing.ee\/et\/wp-json\/wp\/v2\/media\/39113"}],"wp:attachment":[{"href":"https:\/\/bioswing.ee\/et\/wp-json\/wp\/v2\/media?parent=39216"}],"wp:term":[{"taxonomy":"product_brand","embeddable":true,"href":"https:\/\/bioswing.ee\/et\/wp-json\/wp\/v2\/product_brand?post=39216"},{"taxonomy":"product_cat","embeddable":true,"href":"https:\/\/bioswing.ee\/et\/wp-json\/wp\/v2\/product_cat?post=39216"},{"taxonomy":"product_tag","embeddable":true,"href":"https:\/\/bioswing.ee\/et\/wp-json\/wp\/v2\/product_tag?post=39216"}],"curies":[{"name":"wp","href":"https:\/\/api.w.org\/{rel}","templated":true}]}}