{"id":39215,"date":"2026-04-17T20:14:38","date_gmt":"2026-04-17T20:14:38","guid":{"rendered":"https:\/\/bioswing.ee\/toode\/kufoosi-leevendusava-kohandatud-tugi-selgroole\/"},"modified":"2026-04-17T20:14:38","modified_gmt":"2026-04-17T20:14:38","slug":"kufoosi-leevendusava-kohandatud-tugi-selgroole","status":"publish","type":"product","link":"https:\/\/bioswing.ee\/et\/toode\/kufoosi-leevendusava-kohandatud-tugi-selgroole\/","title":{"rendered":"K\u00fcfoosi leevendusava: kohandatud tugi selgroole"},"content":{"rendered":"","protected":false},"excerpt":{"rendered":"<p>K\u00fcfoosi leevendusava: kohandatud tugi selgroole<br \/>K\u00fcfoosiga inimestele, kellel esineb \u00fclaselja liigne kumerus, v\u00f5ib istumine tekitada eriliseid v\u00e4ljakutseid. Nende vajaduste toetamiseks pakub 4.\u20137. seeria toolide seljatoesse integreeritav k\u00fcfoosi leevendusava t\u00f5husat lahendust. See spetsiaalselt kujundatud avaus pakub selgroole sihip\u00e4rast tuge ja leevendust ning parandab m\u00e4rgatavalt istumismugavust.  <\/p>\n<p>Seljatoes olev k\u00fcfoosi leevendusava on loodud kompenseerima k\u00fcfoosiga seotud selgroo loomulikku kumerust. See spetsiaalne kohandus aitab v\u00e4hendada survepunkte ja hoida selgroogu neutraalsemas asendis. Selle eelised on mitmek\u00fclgsed:  <\/p>\n<p>Surve v\u00e4hendamine: Avaus v\u00e4hendab survet esiletungivatele selgrool\u00fclidele, aidates leevendada valu ja ebamugavust.<br \/>\nErgonoomiline tugi: Toetab selgroo loomulikku kuju, soodustab tervislikku r\u00fchti ja aitab v\u00e4ltida lisapinget seljalihastes.<br \/>\nParanenud hingamine: Selgroole avalduva surve v\u00e4henemisel paraneb rindkere liikuvus, v\u00f5imaldades s\u00fcgavamat ja t\u00f5husamat hingamist.<br \/>\nSuurem mugavus: K\u00fcfoosiga inimesed saavad istuda kauem ja mugavamalt, parandades seel\u00e4bi oma igap\u00e4evast elukvaliteeti.<br \/>\nK\u00fcfoosi leevendusava kuju ja paigutus seljatoes kohandatakse vastavalt kasutaja vajadustele, arvestades j\u00e4rgmisi tegureid:<\/p>\n<p>Avause suurus ja s\u00fcgavus: Kohandatakse vastavalt k\u00fcfoosi ulatusele ning kasutaja kehakujule.<br \/>Seljatoe materjal: Kvaliteetsed ergonoomilised materjalid pakuvad t\u00e4iendavat tuge ja mugavust.<br \/>Paindlikkus: Meie toolidel on reguleeritavad seljatoed, mis v\u00f5imaldavad k\u00fcfoosi leevendusaval kohanduda erinevate istumisasenditega.<\/p>\n","protected":false},"featured_media":39100,"template":"","meta":{"_acf_changed":false},"product_brand":[],"product_cat":[2552],"product_tag":[],"class_list":{"0":"post-39215","1":"product","2":"type-product","3":"status-publish","4":"has-post-thumbnail","6":"product_cat-lisafunktsioonid","8":"first","9":"instock","10":"taxable","11":"shipping-taxable","12":"purchasable","13":"product-type-simple"},"acf":[],"yoast_head":"<!-- This site is optimized with the Yoast SEO plugin v24.3 - https:\/\/yoast.com\/wordpress\/plugins\/seo\/ -->\n<title>K\u00fcfoosi leevendusava: kohandatud tugi selgroole - BIOSWING<\/title>\n<meta name=\"robots\" content=\"index, follow, max-snippet:-1, max-image-preview:large, max-video-preview:-1\" \/>\n<link rel=\"canonical\" href=\"https:\/\/bioswing.ee\/et\/toode\/kufoosi-leevendusava-kohandatud-tugi-selgroole\/\" \/>\n<meta property=\"og:locale\" content=\"et_EE\" \/>\n<meta property=\"og:type\" content=\"article\" \/>\n<meta property=\"og:title\" content=\"K\u00fcfoosi leevendusava: kohandatud tugi selgroole - BIOSWING\" \/>\n<meta property=\"og:description\" content=\"K\u00fcfoosi leevendusava: kohandatud tugi selgrooleK\u00fcfoosiga inimestele, kellel esineb \u00fclaselja liigne kumerus, v\u00f5ib istumine tekitada eriliseid v\u00e4ljakutseid. Nende vajaduste toetamiseks pakub 4.\u20137. seeria toolide seljatoesse integreeritav k\u00fcfoosi leevendusava t\u00f5husat lahendust. See spetsiaalselt kujundatud avaus pakub selgroole sihip\u00e4rast tuge ja leevendust ning parandab m\u00e4rgatavalt istumismugavust.  Seljatoes olev k\u00fcfoosi leevendusava on loodud kompenseerima k\u00fcfoosiga seotud selgroo loomulikku kumerust. See spetsiaalne kohandus aitab v\u00e4hendada survepunkte ja hoida selgroogu neutraalsemas asendis. Selle eelised on mitmek\u00fclgsed:  Surve v\u00e4hendamine: Avaus v\u00e4hendab survet esiletungivatele selgrool\u00fclidele, aidates leevendada valu ja ebamugavust. Ergonoomiline tugi: Toetab selgroo loomulikku kuju, soodustab tervislikku r\u00fchti ja aitab v\u00e4ltida lisapinget seljalihastes. Paranenud hingamine: Selgroole avalduva surve v\u00e4henemisel paraneb rindkere liikuvus, v\u00f5imaldades s\u00fcgavamat ja t\u00f5husamat hingamist. Suurem mugavus: K\u00fcfoosiga inimesed saavad istuda kauem ja mugavamalt, parandades seel\u00e4bi oma igap\u00e4evast elukvaliteeti. K\u00fcfoosi leevendusava kuju ja paigutus seljatoes kohandatakse vastavalt kasutaja vajadustele, arvestades j\u00e4rgmisi tegureid: Avause suurus ja s\u00fcgavus: Kohandatakse vastavalt k\u00fcfoosi ulatusele ning kasutaja kehakujule.Seljatoe materjal: Kvaliteetsed ergonoomilised materjalid pakuvad t\u00e4iendavat tuge ja mugavust.Paindlikkus: Meie toolidel on reguleeritavad seljatoed, mis v\u00f5imaldavad k\u00fcfoosi leevendusaval kohanduda erinevate istumisasenditega.\" \/>\n<meta property=\"og:url\" content=\"https:\/\/bioswing.ee\/et\/toode\/kufoosi-leevendusava-kohandatud-tugi-selgroole\/\" \/>\n<meta property=\"og:site_name\" content=\"BIOSWING\" \/>\n<meta property=\"og:image\" content=\"https:\/\/bioswing.ee\/wp-content\/uploads\/2026\/04\/kyphosis-cutout.jpg\" \/>\n\t<meta property=\"og:image:width\" content=\"800\" \/>\n\t<meta property=\"og:image:height\" content=\"802\" \/>\n\t<meta property=\"og:image:type\" content=\"image\/jpeg\" \/>\n<meta name=\"twitter:card\" content=\"summary_large_image\" \/>\n<script type=\"application\/ld+json\" class=\"yoast-schema-graph\">{\"@context\":\"https:\/\/schema.org\",\"@graph\":[{\"@type\":\"WebPage\",\"@id\":\"https:\/\/bioswing.ee\/et\/toode\/kufoosi-leevendusava-kohandatud-tugi-selgroole\/\",\"url\":\"https:\/\/bioswing.ee\/et\/toode\/kufoosi-leevendusava-kohandatud-tugi-selgroole\/\",\"name\":\"K\u00fcfoosi leevendusava: kohandatud tugi selgroole - BIOSWING\",\"isPartOf\":{\"@id\":\"https:\/\/bioswing.ee\/#website\"},\"primaryImageOfPage\":{\"@id\":\"https:\/\/bioswing.ee\/et\/toode\/kufoosi-leevendusava-kohandatud-tugi-selgroole\/#primaryimage\"},\"image\":{\"@id\":\"https:\/\/bioswing.ee\/et\/toode\/kufoosi-leevendusava-kohandatud-tugi-selgroole\/#primaryimage\"},\"thumbnailUrl\":\"https:\/\/bioswing.ee\/wp-content\/uploads\/2026\/04\/kyphosis-cutout.jpg\",\"datePublished\":\"2026-04-17T20:14:38+00:00\",\"dateModified\":\"2026-04-17T20:14:38+00:00\",\"breadcrumb\":{\"@id\":\"https:\/\/bioswing.ee\/et\/toode\/kufoosi-leevendusava-kohandatud-tugi-selgroole\/#breadcrumb\"},\"inLanguage\":\"et\",\"potentialAction\":[{\"@type\":\"ReadAction\",\"target\":[\"https:\/\/bioswing.ee\/et\/toode\/kufoosi-leevendusava-kohandatud-tugi-selgroole\/\"]}]},{\"@type\":\"ImageObject\",\"inLanguage\":\"et\",\"@id\":\"https:\/\/bioswing.ee\/et\/toode\/kufoosi-leevendusava-kohandatud-tugi-selgroole\/#primaryimage\",\"url\":\"https:\/\/bioswing.ee\/wp-content\/uploads\/2026\/04\/kyphosis-cutout.jpg\",\"contentUrl\":\"https:\/\/bioswing.ee\/wp-content\/uploads\/2026\/04\/kyphosis-cutout.jpg\",\"width\":800,\"height\":802},{\"@type\":\"BreadcrumbList\",\"@id\":\"https:\/\/bioswing.ee\/et\/toode\/kufoosi-leevendusava-kohandatud-tugi-selgroole\/#breadcrumb\",\"itemListElement\":[{\"@type\":\"ListItem\",\"position\":1,\"name\":\"Home\",\"item\":\"https:\/\/bioswing.ee\/et\/avaleht-2\/\"},{\"@type\":\"ListItem\",\"position\":2,\"name\":\"POOD\",\"item\":\"https:\/\/bioswing.ee\/et\/pood\/\"},{\"@type\":\"ListItem\",\"position\":3,\"name\":\"K\u00fcfoosi leevendusava: kohandatud tugi selgroole\"}]},{\"@type\":\"WebSite\",\"@id\":\"https:\/\/bioswing.ee\/#website\",\"url\":\"https:\/\/bioswing.ee\/\",\"name\":\"BIOSWING\",\"description\":\"Smart solutions for healthy sitting\",\"publisher\":{\"@id\":\"https:\/\/bioswing.ee\/#organization\"},\"potentialAction\":[{\"@type\":\"SearchAction\",\"target\":{\"@type\":\"EntryPoint\",\"urlTemplate\":\"https:\/\/bioswing.ee\/?s={search_term_string}\"},\"query-input\":{\"@type\":\"PropertyValueSpecification\",\"valueRequired\":true,\"valueName\":\"search_term_string\"}}],\"inLanguage\":\"et\"},{\"@type\":\"Organization\",\"@id\":\"https:\/\/bioswing.ee\/#organization\",\"name\":\"BIOSWING\",\"url\":\"https:\/\/bioswing.ee\/\",\"logo\":{\"@type\":\"ImageObject\",\"inLanguage\":\"et\",\"@id\":\"https:\/\/bioswing.ee\/#\/schema\/logo\/image\/\",\"url\":\"https:\/\/bioswing.ee\/wp-content\/uploads\/2023\/04\/logo_web.png\",\"contentUrl\":\"https:\/\/bioswing.ee\/wp-content\/uploads\/2023\/04\/logo_web.png\",\"width\":140,\"height\":122,\"caption\":\"BIOSWING\"},\"image\":{\"@id\":\"https:\/\/bioswing.ee\/#\/schema\/logo\/image\/\"}}]}<\/script>\n<!-- \/ Yoast SEO plugin. -->","yoast_head_json":{"title":"K\u00fcfoosi leevendusava: kohandatud tugi selgroole - BIOSWING","robots":{"index":"index","follow":"follow","max-snippet":"max-snippet:-1","max-image-preview":"max-image-preview:large","max-video-preview":"max-video-preview:-1"},"canonical":"https:\/\/bioswing.ee\/et\/toode\/kufoosi-leevendusava-kohandatud-tugi-selgroole\/","og_locale":"et_EE","og_type":"article","og_title":"K\u00fcfoosi leevendusava: kohandatud tugi selgroole - BIOSWING","og_description":"K\u00fcfoosi leevendusava: kohandatud tugi selgrooleK\u00fcfoosiga inimestele, kellel esineb \u00fclaselja liigne kumerus, v\u00f5ib istumine tekitada eriliseid v\u00e4ljakutseid. Nende vajaduste toetamiseks pakub 4.\u20137. seeria toolide seljatoesse integreeritav k\u00fcfoosi leevendusava t\u00f5husat lahendust. See spetsiaalselt kujundatud avaus pakub selgroole sihip\u00e4rast tuge ja leevendust ning parandab m\u00e4rgatavalt istumismugavust.  Seljatoes olev k\u00fcfoosi leevendusava on loodud kompenseerima k\u00fcfoosiga seotud selgroo loomulikku kumerust. See spetsiaalne kohandus aitab v\u00e4hendada survepunkte ja hoida selgroogu neutraalsemas asendis. Selle eelised on mitmek\u00fclgsed:  Surve v\u00e4hendamine: Avaus v\u00e4hendab survet esiletungivatele selgrool\u00fclidele, aidates leevendada valu ja ebamugavust. Ergonoomiline tugi: Toetab selgroo loomulikku kuju, soodustab tervislikku r\u00fchti ja aitab v\u00e4ltida lisapinget seljalihastes. Paranenud hingamine: Selgroole avalduva surve v\u00e4henemisel paraneb rindkere liikuvus, v\u00f5imaldades s\u00fcgavamat ja t\u00f5husamat hingamist. Suurem mugavus: K\u00fcfoosiga inimesed saavad istuda kauem ja mugavamalt, parandades seel\u00e4bi oma igap\u00e4evast elukvaliteeti. K\u00fcfoosi leevendusava kuju ja paigutus seljatoes kohandatakse vastavalt kasutaja vajadustele, arvestades j\u00e4rgmisi tegureid: Avause suurus ja s\u00fcgavus: Kohandatakse vastavalt k\u00fcfoosi ulatusele ning kasutaja kehakujule.Seljatoe materjal: Kvaliteetsed ergonoomilised materjalid pakuvad t\u00e4iendavat tuge ja mugavust.Paindlikkus: Meie toolidel on reguleeritavad seljatoed, mis v\u00f5imaldavad k\u00fcfoosi leevendusaval kohanduda erinevate istumisasenditega.","og_url":"https:\/\/bioswing.ee\/et\/toode\/kufoosi-leevendusava-kohandatud-tugi-selgroole\/","og_site_name":"BIOSWING","og_image":[{"width":800,"height":802,"url":"https:\/\/bioswing.ee\/wp-content\/uploads\/2026\/04\/kyphosis-cutout.jpg","type":"image\/jpeg"}],"twitter_card":"summary_large_image","schema":{"@context":"https:\/\/schema.org","@graph":[{"@type":"WebPage","@id":"https:\/\/bioswing.ee\/et\/toode\/kufoosi-leevendusava-kohandatud-tugi-selgroole\/","url":"https:\/\/bioswing.ee\/et\/toode\/kufoosi-leevendusava-kohandatud-tugi-selgroole\/","name":"K\u00fcfoosi leevendusava: kohandatud tugi selgroole - BIOSWING","isPartOf":{"@id":"https:\/\/bioswing.ee\/#website"},"primaryImageOfPage":{"@id":"https:\/\/bioswing.ee\/et\/toode\/kufoosi-leevendusava-kohandatud-tugi-selgroole\/#primaryimage"},"image":{"@id":"https:\/\/bioswing.ee\/et\/toode\/kufoosi-leevendusava-kohandatud-tugi-selgroole\/#primaryimage"},"thumbnailUrl":"https:\/\/bioswing.ee\/wp-content\/uploads\/2026\/04\/kyphosis-cutout.jpg","datePublished":"2026-04-17T20:14:38+00:00","dateModified":"2026-04-17T20:14:38+00:00","breadcrumb":{"@id":"https:\/\/bioswing.ee\/et\/toode\/kufoosi-leevendusava-kohandatud-tugi-selgroole\/#breadcrumb"},"inLanguage":"et","potentialAction":[{"@type":"ReadAction","target":["https:\/\/bioswing.ee\/et\/toode\/kufoosi-leevendusava-kohandatud-tugi-selgroole\/"]}]},{"@type":"ImageObject","inLanguage":"et","@id":"https:\/\/bioswing.ee\/et\/toode\/kufoosi-leevendusava-kohandatud-tugi-selgroole\/#primaryimage","url":"https:\/\/bioswing.ee\/wp-content\/uploads\/2026\/04\/kyphosis-cutout.jpg","contentUrl":"https:\/\/bioswing.ee\/wp-content\/uploads\/2026\/04\/kyphosis-cutout.jpg","width":800,"height":802},{"@type":"BreadcrumbList","@id":"https:\/\/bioswing.ee\/et\/toode\/kufoosi-leevendusava-kohandatud-tugi-selgroole\/#breadcrumb","itemListElement":[{"@type":"ListItem","position":1,"name":"Home","item":"https:\/\/bioswing.ee\/et\/avaleht-2\/"},{"@type":"ListItem","position":2,"name":"POOD","item":"https:\/\/bioswing.ee\/et\/pood\/"},{"@type":"ListItem","position":3,"name":"K\u00fcfoosi leevendusava: kohandatud tugi selgroole"}]},{"@type":"WebSite","@id":"https:\/\/bioswing.ee\/#website","url":"https:\/\/bioswing.ee\/","name":"BIOSWING","description":"Smart solutions for healthy sitting","publisher":{"@id":"https:\/\/bioswing.ee\/#organization"},"potentialAction":[{"@type":"SearchAction","target":{"@type":"EntryPoint","urlTemplate":"https:\/\/bioswing.ee\/?s={search_term_string}"},"query-input":{"@type":"PropertyValueSpecification","valueRequired":true,"valueName":"search_term_string"}}],"inLanguage":"et"},{"@type":"Organization","@id":"https:\/\/bioswing.ee\/#organization","name":"BIOSWING","url":"https:\/\/bioswing.ee\/","logo":{"@type":"ImageObject","inLanguage":"et","@id":"https:\/\/bioswing.ee\/#\/schema\/logo\/image\/","url":"https:\/\/bioswing.ee\/wp-content\/uploads\/2023\/04\/logo_web.png","contentUrl":"https:\/\/bioswing.ee\/wp-content\/uploads\/2023\/04\/logo_web.png","width":140,"height":122,"caption":"BIOSWING"},"image":{"@id":"https:\/\/bioswing.ee\/#\/schema\/logo\/image\/"}}]}},"_links":{"self":[{"href":"https:\/\/bioswing.ee\/et\/wp-json\/wp\/v2\/product\/39215"}],"collection":[{"href":"https:\/\/bioswing.ee\/et\/wp-json\/wp\/v2\/product"}],"about":[{"href":"https:\/\/bioswing.ee\/et\/wp-json\/wp\/v2\/types\/product"}],"wp:featuredmedia":[{"embeddable":true,"href":"https:\/\/bioswing.ee\/et\/wp-json\/wp\/v2\/media\/39100"}],"wp:attachment":[{"href":"https:\/\/bioswing.ee\/et\/wp-json\/wp\/v2\/media?parent=39215"}],"wp:term":[{"taxonomy":"product_brand","embeddable":true,"href":"https:\/\/bioswing.ee\/et\/wp-json\/wp\/v2\/product_brand?post=39215"},{"taxonomy":"product_cat","embeddable":true,"href":"https:\/\/bioswing.ee\/et\/wp-json\/wp\/v2\/product_cat?post=39215"},{"taxonomy":"product_tag","embeddable":true,"href":"https:\/\/bioswing.ee\/et\/wp-json\/wp\/v2\/product_tag?post=39215"}],"curies":[{"name":"wp","href":"https:\/\/api.w.org\/{rel}","templated":true}]}}