{"id":39214,"date":"2026-04-17T20:02:27","date_gmt":"2026-04-17T20:02:27","guid":{"rendered":"https:\/\/bioswing.ee\/toode\/sabaluu-survet-leevendav-avaus-istmes-mittenahtav-eritellimusel\/"},"modified":"2026-04-17T20:02:27","modified_gmt":"2026-04-17T20:02:27","slug":"sabaluu-survet-leevendav-avaus-istmes-mittenahtav-eritellimusel","status":"publish","type":"product","link":"https:\/\/bioswing.ee\/et\/toode\/sabaluu-survet-leevendav-avaus-istmes-mittenahtav-eritellimusel\/","title":{"rendered":"Sabaluu survet leevendav avaus istmes (mitten\u00e4htav \/ eritellimusel)"},"content":{"rendered":"","protected":false},"excerpt":{"rendered":"<p>Individuaalne avaus sabaluu surve leevendamiseks<\/p>\n<p>Oluline lisav\u00f5imalus erivajadustega kasutajatele m\u00f5eldud tooli puhul on spetsiaalse avause lisamine istmepinnale, et v\u00e4hendada survet sabaluule. See avaus, tuntud ka kui sabaluu leevendusava, pakub sihip\u00e4rast tuge ja suurendab m\u00e4rgatavalt istumismugavust, eriti neile, kes kannatavad sabaluu valu v\u00f5i muude alaselja vaevuste all. <\/p>\n<p>Sabaluu leevendusava integreeritakse 4.\u20137. seeria toolide istmepinda, et v\u00e4hendada survet sabaluu piirkonnale. See on eriti kasulik inimestele, kes: <\/p>\n<p>Kannatavad kroonilise sabaluu valu all<br \/>\nTaastuvad sabaluu vigastusest<br \/>\nPeavad istuma pikki perioode t\u00f6\u00f6 v\u00f5i igap\u00e4evaelu t\u00f5ttu<br \/>\nKogevad rasedusega seotud seljavalu<br \/>\nSabaluu leevendusava eelised<\/p>\n<p>Surve v\u00e4hendamine: Avaus v\u00e4hendab otsest survet sabaluule, aidates leevendada valu ja ebamugavust.<br \/>Paranenud vereringe: Surve v\u00e4henemine parandab vereringet alaselja piirkonnas, toetades taastumist ja \u00fcldist heaolu.<br \/>Toetab tervislikku r\u00fchti: Sabaluu avaus aitab s\u00e4ilitada ergonoomiliselt \u00f5iget istumisasendit, hoides vaagna neutraalses asendis ja toetades selgroo loomulikku kumerust.<br \/>Suurem mugavus: Inimesed, kes peavad pikalt istuma, kogevad sabaluu avausega istmel m\u00e4rgatavalt suuremat mugavust, parandades nii istumise kestust kui kvaliteeti.<\/p>\n","protected":false},"featured_media":39085,"template":"","meta":{"_acf_changed":false},"product_brand":[],"product_cat":[2552],"product_tag":[],"class_list":{"0":"post-39214","1":"product","2":"type-product","3":"status-publish","4":"has-post-thumbnail","6":"product_cat-lisafunktsioonid","8":"first","9":"instock","10":"taxable","11":"shipping-taxable","12":"purchasable","13":"product-type-simple"},"acf":[],"yoast_head":"<!-- This site is optimized with the Yoast SEO plugin v24.3 - https:\/\/yoast.com\/wordpress\/plugins\/seo\/ -->\n<title>Sabaluu survet leevendav avaus istmes (mitten\u00e4htav \/ eritellimusel) - BIOSWING<\/title>\n<meta name=\"robots\" content=\"index, follow, max-snippet:-1, max-image-preview:large, max-video-preview:-1\" \/>\n<link rel=\"canonical\" href=\"https:\/\/bioswing.ee\/et\/toode\/sabaluu-survet-leevendav-avaus-istmes-mittenahtav-eritellimusel\/\" \/>\n<meta property=\"og:locale\" content=\"et_EE\" \/>\n<meta property=\"og:type\" content=\"article\" \/>\n<meta property=\"og:title\" content=\"Sabaluu survet leevendav avaus istmes (mitten\u00e4htav \/ eritellimusel) - BIOSWING\" \/>\n<meta property=\"og:description\" content=\"Individuaalne avaus sabaluu surve leevendamiseks Oluline lisav\u00f5imalus erivajadustega kasutajatele m\u00f5eldud tooli puhul on spetsiaalse avause lisamine istmepinnale, et v\u00e4hendada survet sabaluule. See avaus, tuntud ka kui sabaluu leevendusava, pakub sihip\u00e4rast tuge ja suurendab m\u00e4rgatavalt istumismugavust, eriti neile, kes kannatavad sabaluu valu v\u00f5i muude alaselja vaevuste all.  Sabaluu leevendusava integreeritakse 4.\u20137. seeria toolide istmepinda, et v\u00e4hendada survet sabaluu piirkonnale. See on eriti kasulik inimestele, kes:  Kannatavad kroonilise sabaluu valu all Taastuvad sabaluu vigastusest Peavad istuma pikki perioode t\u00f6\u00f6 v\u00f5i igap\u00e4evaelu t\u00f5ttu Kogevad rasedusega seotud seljavalu Sabaluu leevendusava eelised Surve v\u00e4hendamine: Avaus v\u00e4hendab otsest survet sabaluule, aidates leevendada valu ja ebamugavust.Paranenud vereringe: Surve v\u00e4henemine parandab vereringet alaselja piirkonnas, toetades taastumist ja \u00fcldist heaolu.Toetab tervislikku r\u00fchti: Sabaluu avaus aitab s\u00e4ilitada ergonoomiliselt \u00f5iget istumisasendit, hoides vaagna neutraalses asendis ja toetades selgroo loomulikku kumerust.Suurem mugavus: Inimesed, kes peavad pikalt istuma, kogevad sabaluu avausega istmel m\u00e4rgatavalt suuremat mugavust, parandades nii istumise kestust kui kvaliteeti.\" \/>\n<meta property=\"og:url\" content=\"https:\/\/bioswing.ee\/et\/toode\/sabaluu-survet-leevendav-avaus-istmes-mittenahtav-eritellimusel\/\" \/>\n<meta property=\"og:site_name\" content=\"BIOSWING\" \/>\n<meta property=\"og:image\" content=\"https:\/\/bioswing.ee\/wp-content\/uploads\/2026\/04\/tailbone_relife.jpg\" \/>\n\t<meta property=\"og:image:width\" content=\"800\" \/>\n\t<meta property=\"og:image:height\" content=\"802\" \/>\n\t<meta property=\"og:image:type\" content=\"image\/jpeg\" \/>\n<meta name=\"twitter:card\" content=\"summary_large_image\" \/>\n<script type=\"application\/ld+json\" class=\"yoast-schema-graph\">{\"@context\":\"https:\/\/schema.org\",\"@graph\":[{\"@type\":\"WebPage\",\"@id\":\"https:\/\/bioswing.ee\/et\/toode\/sabaluu-survet-leevendav-avaus-istmes-mittenahtav-eritellimusel\/\",\"url\":\"https:\/\/bioswing.ee\/et\/toode\/sabaluu-survet-leevendav-avaus-istmes-mittenahtav-eritellimusel\/\",\"name\":\"Sabaluu survet leevendav avaus istmes (mitten\u00e4htav \/ eritellimusel) - BIOSWING\",\"isPartOf\":{\"@id\":\"https:\/\/bioswing.ee\/#website\"},\"primaryImageOfPage\":{\"@id\":\"https:\/\/bioswing.ee\/et\/toode\/sabaluu-survet-leevendav-avaus-istmes-mittenahtav-eritellimusel\/#primaryimage\"},\"image\":{\"@id\":\"https:\/\/bioswing.ee\/et\/toode\/sabaluu-survet-leevendav-avaus-istmes-mittenahtav-eritellimusel\/#primaryimage\"},\"thumbnailUrl\":\"https:\/\/bioswing.ee\/wp-content\/uploads\/2026\/04\/tailbone_relife.jpg\",\"datePublished\":\"2026-04-17T20:02:27+00:00\",\"dateModified\":\"2026-04-17T20:02:27+00:00\",\"breadcrumb\":{\"@id\":\"https:\/\/bioswing.ee\/et\/toode\/sabaluu-survet-leevendav-avaus-istmes-mittenahtav-eritellimusel\/#breadcrumb\"},\"inLanguage\":\"et\",\"potentialAction\":[{\"@type\":\"ReadAction\",\"target\":[\"https:\/\/bioswing.ee\/et\/toode\/sabaluu-survet-leevendav-avaus-istmes-mittenahtav-eritellimusel\/\"]}]},{\"@type\":\"ImageObject\",\"inLanguage\":\"et\",\"@id\":\"https:\/\/bioswing.ee\/et\/toode\/sabaluu-survet-leevendav-avaus-istmes-mittenahtav-eritellimusel\/#primaryimage\",\"url\":\"https:\/\/bioswing.ee\/wp-content\/uploads\/2026\/04\/tailbone_relife.jpg\",\"contentUrl\":\"https:\/\/bioswing.ee\/wp-content\/uploads\/2026\/04\/tailbone_relife.jpg\",\"width\":800,\"height\":802},{\"@type\":\"BreadcrumbList\",\"@id\":\"https:\/\/bioswing.ee\/et\/toode\/sabaluu-survet-leevendav-avaus-istmes-mittenahtav-eritellimusel\/#breadcrumb\",\"itemListElement\":[{\"@type\":\"ListItem\",\"position\":1,\"name\":\"Home\",\"item\":\"https:\/\/bioswing.ee\/et\/avaleht-2\/\"},{\"@type\":\"ListItem\",\"position\":2,\"name\":\"POOD\",\"item\":\"https:\/\/bioswing.ee\/et\/pood\/\"},{\"@type\":\"ListItem\",\"position\":3,\"name\":\"Sabaluu survet leevendav avaus istmes (mitten\u00e4htav \/ eritellimusel)\"}]},{\"@type\":\"WebSite\",\"@id\":\"https:\/\/bioswing.ee\/#website\",\"url\":\"https:\/\/bioswing.ee\/\",\"name\":\"BIOSWING\",\"description\":\"Smart solutions for healthy sitting\",\"publisher\":{\"@id\":\"https:\/\/bioswing.ee\/#organization\"},\"potentialAction\":[{\"@type\":\"SearchAction\",\"target\":{\"@type\":\"EntryPoint\",\"urlTemplate\":\"https:\/\/bioswing.ee\/?s={search_term_string}\"},\"query-input\":{\"@type\":\"PropertyValueSpecification\",\"valueRequired\":true,\"valueName\":\"search_term_string\"}}],\"inLanguage\":\"et\"},{\"@type\":\"Organization\",\"@id\":\"https:\/\/bioswing.ee\/#organization\",\"name\":\"BIOSWING\",\"url\":\"https:\/\/bioswing.ee\/\",\"logo\":{\"@type\":\"ImageObject\",\"inLanguage\":\"et\",\"@id\":\"https:\/\/bioswing.ee\/#\/schema\/logo\/image\/\",\"url\":\"https:\/\/bioswing.ee\/wp-content\/uploads\/2023\/04\/logo_web.png\",\"contentUrl\":\"https:\/\/bioswing.ee\/wp-content\/uploads\/2023\/04\/logo_web.png\",\"width\":140,\"height\":122,\"caption\":\"BIOSWING\"},\"image\":{\"@id\":\"https:\/\/bioswing.ee\/#\/schema\/logo\/image\/\"}}]}<\/script>\n<!-- \/ Yoast SEO plugin. -->","yoast_head_json":{"title":"Sabaluu survet leevendav avaus istmes (mitten\u00e4htav \/ eritellimusel) - BIOSWING","robots":{"index":"index","follow":"follow","max-snippet":"max-snippet:-1","max-image-preview":"max-image-preview:large","max-video-preview":"max-video-preview:-1"},"canonical":"https:\/\/bioswing.ee\/et\/toode\/sabaluu-survet-leevendav-avaus-istmes-mittenahtav-eritellimusel\/","og_locale":"et_EE","og_type":"article","og_title":"Sabaluu survet leevendav avaus istmes (mitten\u00e4htav \/ eritellimusel) - BIOSWING","og_description":"Individuaalne avaus sabaluu surve leevendamiseks Oluline lisav\u00f5imalus erivajadustega kasutajatele m\u00f5eldud tooli puhul on spetsiaalse avause lisamine istmepinnale, et v\u00e4hendada survet sabaluule. See avaus, tuntud ka kui sabaluu leevendusava, pakub sihip\u00e4rast tuge ja suurendab m\u00e4rgatavalt istumismugavust, eriti neile, kes kannatavad sabaluu valu v\u00f5i muude alaselja vaevuste all.  Sabaluu leevendusava integreeritakse 4.\u20137. seeria toolide istmepinda, et v\u00e4hendada survet sabaluu piirkonnale. See on eriti kasulik inimestele, kes:  Kannatavad kroonilise sabaluu valu all Taastuvad sabaluu vigastusest Peavad istuma pikki perioode t\u00f6\u00f6 v\u00f5i igap\u00e4evaelu t\u00f5ttu Kogevad rasedusega seotud seljavalu Sabaluu leevendusava eelised Surve v\u00e4hendamine: Avaus v\u00e4hendab otsest survet sabaluule, aidates leevendada valu ja ebamugavust.Paranenud vereringe: Surve v\u00e4henemine parandab vereringet alaselja piirkonnas, toetades taastumist ja \u00fcldist heaolu.Toetab tervislikku r\u00fchti: Sabaluu avaus aitab s\u00e4ilitada ergonoomiliselt \u00f5iget istumisasendit, hoides vaagna neutraalses asendis ja toetades selgroo loomulikku kumerust.Suurem mugavus: Inimesed, kes peavad pikalt istuma, kogevad sabaluu avausega istmel m\u00e4rgatavalt suuremat mugavust, parandades nii istumise kestust kui kvaliteeti.","og_url":"https:\/\/bioswing.ee\/et\/toode\/sabaluu-survet-leevendav-avaus-istmes-mittenahtav-eritellimusel\/","og_site_name":"BIOSWING","og_image":[{"width":800,"height":802,"url":"https:\/\/bioswing.ee\/wp-content\/uploads\/2026\/04\/tailbone_relife.jpg","type":"image\/jpeg"}],"twitter_card":"summary_large_image","schema":{"@context":"https:\/\/schema.org","@graph":[{"@type":"WebPage","@id":"https:\/\/bioswing.ee\/et\/toode\/sabaluu-survet-leevendav-avaus-istmes-mittenahtav-eritellimusel\/","url":"https:\/\/bioswing.ee\/et\/toode\/sabaluu-survet-leevendav-avaus-istmes-mittenahtav-eritellimusel\/","name":"Sabaluu survet leevendav avaus istmes (mitten\u00e4htav \/ eritellimusel) - BIOSWING","isPartOf":{"@id":"https:\/\/bioswing.ee\/#website"},"primaryImageOfPage":{"@id":"https:\/\/bioswing.ee\/et\/toode\/sabaluu-survet-leevendav-avaus-istmes-mittenahtav-eritellimusel\/#primaryimage"},"image":{"@id":"https:\/\/bioswing.ee\/et\/toode\/sabaluu-survet-leevendav-avaus-istmes-mittenahtav-eritellimusel\/#primaryimage"},"thumbnailUrl":"https:\/\/bioswing.ee\/wp-content\/uploads\/2026\/04\/tailbone_relife.jpg","datePublished":"2026-04-17T20:02:27+00:00","dateModified":"2026-04-17T20:02:27+00:00","breadcrumb":{"@id":"https:\/\/bioswing.ee\/et\/toode\/sabaluu-survet-leevendav-avaus-istmes-mittenahtav-eritellimusel\/#breadcrumb"},"inLanguage":"et","potentialAction":[{"@type":"ReadAction","target":["https:\/\/bioswing.ee\/et\/toode\/sabaluu-survet-leevendav-avaus-istmes-mittenahtav-eritellimusel\/"]}]},{"@type":"ImageObject","inLanguage":"et","@id":"https:\/\/bioswing.ee\/et\/toode\/sabaluu-survet-leevendav-avaus-istmes-mittenahtav-eritellimusel\/#primaryimage","url":"https:\/\/bioswing.ee\/wp-content\/uploads\/2026\/04\/tailbone_relife.jpg","contentUrl":"https:\/\/bioswing.ee\/wp-content\/uploads\/2026\/04\/tailbone_relife.jpg","width":800,"height":802},{"@type":"BreadcrumbList","@id":"https:\/\/bioswing.ee\/et\/toode\/sabaluu-survet-leevendav-avaus-istmes-mittenahtav-eritellimusel\/#breadcrumb","itemListElement":[{"@type":"ListItem","position":1,"name":"Home","item":"https:\/\/bioswing.ee\/et\/avaleht-2\/"},{"@type":"ListItem","position":2,"name":"POOD","item":"https:\/\/bioswing.ee\/et\/pood\/"},{"@type":"ListItem","position":3,"name":"Sabaluu survet leevendav avaus istmes (mitten\u00e4htav \/ eritellimusel)"}]},{"@type":"WebSite","@id":"https:\/\/bioswing.ee\/#website","url":"https:\/\/bioswing.ee\/","name":"BIOSWING","description":"Smart solutions for healthy sitting","publisher":{"@id":"https:\/\/bioswing.ee\/#organization"},"potentialAction":[{"@type":"SearchAction","target":{"@type":"EntryPoint","urlTemplate":"https:\/\/bioswing.ee\/?s={search_term_string}"},"query-input":{"@type":"PropertyValueSpecification","valueRequired":true,"valueName":"search_term_string"}}],"inLanguage":"et"},{"@type":"Organization","@id":"https:\/\/bioswing.ee\/#organization","name":"BIOSWING","url":"https:\/\/bioswing.ee\/","logo":{"@type":"ImageObject","inLanguage":"et","@id":"https:\/\/bioswing.ee\/#\/schema\/logo\/image\/","url":"https:\/\/bioswing.ee\/wp-content\/uploads\/2023\/04\/logo_web.png","contentUrl":"https:\/\/bioswing.ee\/wp-content\/uploads\/2023\/04\/logo_web.png","width":140,"height":122,"caption":"BIOSWING"},"image":{"@id":"https:\/\/bioswing.ee\/#\/schema\/logo\/image\/"}}]}},"_links":{"self":[{"href":"https:\/\/bioswing.ee\/et\/wp-json\/wp\/v2\/product\/39214"}],"collection":[{"href":"https:\/\/bioswing.ee\/et\/wp-json\/wp\/v2\/product"}],"about":[{"href":"https:\/\/bioswing.ee\/et\/wp-json\/wp\/v2\/types\/product"}],"wp:featuredmedia":[{"embeddable":true,"href":"https:\/\/bioswing.ee\/et\/wp-json\/wp\/v2\/media\/39085"}],"wp:attachment":[{"href":"https:\/\/bioswing.ee\/et\/wp-json\/wp\/v2\/media?parent=39214"}],"wp:term":[{"taxonomy":"product_brand","embeddable":true,"href":"https:\/\/bioswing.ee\/et\/wp-json\/wp\/v2\/product_brand?post=39214"},{"taxonomy":"product_cat","embeddable":true,"href":"https:\/\/bioswing.ee\/et\/wp-json\/wp\/v2\/product_cat?post=39214"},{"taxonomy":"product_tag","embeddable":true,"href":"https:\/\/bioswing.ee\/et\/wp-json\/wp\/v2\/product_tag?post=39214"}],"curies":[{"name":"wp","href":"https:\/\/api.w.org\/{rel}","templated":true}]}}