{"id":39213,"date":"2026-04-17T19:51:34","date_gmt":"2026-04-17T19:51:34","guid":{"rendered":"https:\/\/bioswing.ee\/toode\/pehme-polsterdusega-iste\/"},"modified":"2026-04-17T19:51:34","modified_gmt":"2026-04-17T19:51:34","slug":"pehme-polsterdusega-iste","status":"publish","type":"product","link":"https:\/\/bioswing.ee\/et\/toode\/pehme-polsterdusega-iste\/","title":{"rendered":"Pehme polsterdusega iste"},"content":{"rendered":"","protected":false},"excerpt":{"rendered":"<p>Pehme polsterdus istmepinnal \u2013 maksimaalne mugavus ja tugi kogu t\u00f6\u00f6p\u00e4evaks<\/p>\n<p>Pehme polsterdus on ideaalne lahendus neile, kes veedavad palju tunde istudes ja soovivad 4.\u20137. seeria toolide niigi suurep\u00e4rast mugavust veelgi t\u00e4iustada.<\/p>\n<p>Pehme polsterdus on valmistatud spetsiaalselt loodud pehmendusmaterjalidest, mis on \u00fchtaegu pehmed ja toetavad ning aitavad s\u00e4ilitada mugavat ja tervislikku istumisasendit.<\/p>\n<p>Silmapaistev mugavus: Pehme polsterdus pakub pehmet istmepinda, mis kohandub \u00f5rnalt keha kujuga. See v\u00e4hendab survepunkte ja suurendab mugavust ka pikaajalise istumise korral.<br \/>Ergonoomiline tugi: Pehmuse ja toe tasakaal aitab s\u00e4ilitada tervislikku istumisasendit. See aitab ennetada seljavalu ja pingeid, mis tekivad sageli pikast istumisest.<br \/>Kohanduvus: Pehme polsterdus j\u00e4rgib keha kuju, pakkudes individuaalset tuge. See on eriti kasulik alaselja piirkonnale, mis on sageli suurema koormuse all.<br \/>Vastupidavus: Kvaliteetne pehme polsterdus s\u00e4ilitab oma kuju ja omadused ka intensiivsel kasutamisel. See teeb sellest vastupidava ja kulut\u00f5husa valiku kontoritoolidele.    <\/p>\n","protected":false},"featured_media":39072,"template":"","meta":{"_acf_changed":false},"product_brand":[],"product_cat":[2552],"product_tag":[],"class_list":{"0":"post-39213","1":"product","2":"type-product","3":"status-publish","4":"has-post-thumbnail","6":"product_cat-lisafunktsioonid","8":"first","9":"instock","10":"taxable","11":"shipping-taxable","12":"purchasable","13":"product-type-simple"},"acf":[],"yoast_head":"<!-- This site is optimized with the Yoast SEO plugin v24.3 - https:\/\/yoast.com\/wordpress\/plugins\/seo\/ -->\n<title>Pehme polsterdusega iste - BIOSWING<\/title>\n<meta name=\"robots\" content=\"index, follow, max-snippet:-1, max-image-preview:large, max-video-preview:-1\" \/>\n<link rel=\"canonical\" href=\"https:\/\/bioswing.ee\/et\/toode\/pehme-polsterdusega-iste\/\" \/>\n<meta property=\"og:locale\" content=\"et_EE\" \/>\n<meta property=\"og:type\" content=\"article\" \/>\n<meta property=\"og:title\" content=\"Pehme polsterdusega iste - BIOSWING\" \/>\n<meta property=\"og:description\" content=\"Pehme polsterdus istmepinnal \u2013 maksimaalne mugavus ja tugi kogu t\u00f6\u00f6p\u00e4evaks Pehme polsterdus on ideaalne lahendus neile, kes veedavad palju tunde istudes ja soovivad 4.\u20137. seeria toolide niigi suurep\u00e4rast mugavust veelgi t\u00e4iustada. Pehme polsterdus on valmistatud spetsiaalselt loodud pehmendusmaterjalidest, mis on \u00fchtaegu pehmed ja toetavad ning aitavad s\u00e4ilitada mugavat ja tervislikku istumisasendit. Silmapaistev mugavus: Pehme polsterdus pakub pehmet istmepinda, mis kohandub \u00f5rnalt keha kujuga. See v\u00e4hendab survepunkte ja suurendab mugavust ka pikaajalise istumise korral.Ergonoomiline tugi: Pehmuse ja toe tasakaal aitab s\u00e4ilitada tervislikku istumisasendit. See aitab ennetada seljavalu ja pingeid, mis tekivad sageli pikast istumisest.Kohanduvus: Pehme polsterdus j\u00e4rgib keha kuju, pakkudes individuaalset tuge. See on eriti kasulik alaselja piirkonnale, mis on sageli suurema koormuse all.Vastupidavus: Kvaliteetne pehme polsterdus s\u00e4ilitab oma kuju ja omadused ka intensiivsel kasutamisel. See teeb sellest vastupidava ja kulut\u00f5husa valiku kontoritoolidele.\" \/>\n<meta property=\"og:url\" content=\"https:\/\/bioswing.ee\/et\/toode\/pehme-polsterdusega-iste\/\" \/>\n<meta property=\"og:site_name\" content=\"BIOSWING\" \/>\n<meta property=\"og:image\" content=\"https:\/\/bioswing.ee\/wp-content\/uploads\/2026\/04\/bioswing_soft_padding.jpg\" \/>\n\t<meta property=\"og:image:width\" content=\"800\" \/>\n\t<meta property=\"og:image:height\" content=\"802\" \/>\n\t<meta property=\"og:image:type\" content=\"image\/jpeg\" \/>\n<meta name=\"twitter:card\" content=\"summary_large_image\" \/>\n<script type=\"application\/ld+json\" class=\"yoast-schema-graph\">{\"@context\":\"https:\/\/schema.org\",\"@graph\":[{\"@type\":\"WebPage\",\"@id\":\"https:\/\/bioswing.ee\/et\/toode\/pehme-polsterdusega-iste\/\",\"url\":\"https:\/\/bioswing.ee\/et\/toode\/pehme-polsterdusega-iste\/\",\"name\":\"Pehme polsterdusega iste - BIOSWING\",\"isPartOf\":{\"@id\":\"https:\/\/bioswing.ee\/#website\"},\"primaryImageOfPage\":{\"@id\":\"https:\/\/bioswing.ee\/et\/toode\/pehme-polsterdusega-iste\/#primaryimage\"},\"image\":{\"@id\":\"https:\/\/bioswing.ee\/et\/toode\/pehme-polsterdusega-iste\/#primaryimage\"},\"thumbnailUrl\":\"https:\/\/bioswing.ee\/wp-content\/uploads\/2026\/04\/bioswing_soft_padding.jpg\",\"datePublished\":\"2026-04-17T19:51:34+00:00\",\"dateModified\":\"2026-04-17T19:51:34+00:00\",\"breadcrumb\":{\"@id\":\"https:\/\/bioswing.ee\/et\/toode\/pehme-polsterdusega-iste\/#breadcrumb\"},\"inLanguage\":\"et\",\"potentialAction\":[{\"@type\":\"ReadAction\",\"target\":[\"https:\/\/bioswing.ee\/et\/toode\/pehme-polsterdusega-iste\/\"]}]},{\"@type\":\"ImageObject\",\"inLanguage\":\"et\",\"@id\":\"https:\/\/bioswing.ee\/et\/toode\/pehme-polsterdusega-iste\/#primaryimage\",\"url\":\"https:\/\/bioswing.ee\/wp-content\/uploads\/2026\/04\/bioswing_soft_padding.jpg\",\"contentUrl\":\"https:\/\/bioswing.ee\/wp-content\/uploads\/2026\/04\/bioswing_soft_padding.jpg\",\"width\":800,\"height\":802},{\"@type\":\"BreadcrumbList\",\"@id\":\"https:\/\/bioswing.ee\/et\/toode\/pehme-polsterdusega-iste\/#breadcrumb\",\"itemListElement\":[{\"@type\":\"ListItem\",\"position\":1,\"name\":\"Home\",\"item\":\"https:\/\/bioswing.ee\/et\/avaleht-2\/\"},{\"@type\":\"ListItem\",\"position\":2,\"name\":\"POOD\",\"item\":\"https:\/\/bioswing.ee\/et\/pood\/\"},{\"@type\":\"ListItem\",\"position\":3,\"name\":\"Pehme polsterdusega iste\"}]},{\"@type\":\"WebSite\",\"@id\":\"https:\/\/bioswing.ee\/#website\",\"url\":\"https:\/\/bioswing.ee\/\",\"name\":\"BIOSWING\",\"description\":\"Smart solutions for healthy sitting\",\"publisher\":{\"@id\":\"https:\/\/bioswing.ee\/#organization\"},\"potentialAction\":[{\"@type\":\"SearchAction\",\"target\":{\"@type\":\"EntryPoint\",\"urlTemplate\":\"https:\/\/bioswing.ee\/?s={search_term_string}\"},\"query-input\":{\"@type\":\"PropertyValueSpecification\",\"valueRequired\":true,\"valueName\":\"search_term_string\"}}],\"inLanguage\":\"et\"},{\"@type\":\"Organization\",\"@id\":\"https:\/\/bioswing.ee\/#organization\",\"name\":\"BIOSWING\",\"url\":\"https:\/\/bioswing.ee\/\",\"logo\":{\"@type\":\"ImageObject\",\"inLanguage\":\"et\",\"@id\":\"https:\/\/bioswing.ee\/#\/schema\/logo\/image\/\",\"url\":\"https:\/\/bioswing.ee\/wp-content\/uploads\/2023\/04\/logo_web.png\",\"contentUrl\":\"https:\/\/bioswing.ee\/wp-content\/uploads\/2023\/04\/logo_web.png\",\"width\":140,\"height\":122,\"caption\":\"BIOSWING\"},\"image\":{\"@id\":\"https:\/\/bioswing.ee\/#\/schema\/logo\/image\/\"}}]}<\/script>\n<!-- \/ Yoast SEO plugin. -->","yoast_head_json":{"title":"Pehme polsterdusega iste - BIOSWING","robots":{"index":"index","follow":"follow","max-snippet":"max-snippet:-1","max-image-preview":"max-image-preview:large","max-video-preview":"max-video-preview:-1"},"canonical":"https:\/\/bioswing.ee\/et\/toode\/pehme-polsterdusega-iste\/","og_locale":"et_EE","og_type":"article","og_title":"Pehme polsterdusega iste - BIOSWING","og_description":"Pehme polsterdus istmepinnal \u2013 maksimaalne mugavus ja tugi kogu t\u00f6\u00f6p\u00e4evaks Pehme polsterdus on ideaalne lahendus neile, kes veedavad palju tunde istudes ja soovivad 4.\u20137. seeria toolide niigi suurep\u00e4rast mugavust veelgi t\u00e4iustada. Pehme polsterdus on valmistatud spetsiaalselt loodud pehmendusmaterjalidest, mis on \u00fchtaegu pehmed ja toetavad ning aitavad s\u00e4ilitada mugavat ja tervislikku istumisasendit. Silmapaistev mugavus: Pehme polsterdus pakub pehmet istmepinda, mis kohandub \u00f5rnalt keha kujuga. See v\u00e4hendab survepunkte ja suurendab mugavust ka pikaajalise istumise korral.Ergonoomiline tugi: Pehmuse ja toe tasakaal aitab s\u00e4ilitada tervislikku istumisasendit. See aitab ennetada seljavalu ja pingeid, mis tekivad sageli pikast istumisest.Kohanduvus: Pehme polsterdus j\u00e4rgib keha kuju, pakkudes individuaalset tuge. See on eriti kasulik alaselja piirkonnale, mis on sageli suurema koormuse all.Vastupidavus: Kvaliteetne pehme polsterdus s\u00e4ilitab oma kuju ja omadused ka intensiivsel kasutamisel. See teeb sellest vastupidava ja kulut\u00f5husa valiku kontoritoolidele.","og_url":"https:\/\/bioswing.ee\/et\/toode\/pehme-polsterdusega-iste\/","og_site_name":"BIOSWING","og_image":[{"width":800,"height":802,"url":"https:\/\/bioswing.ee\/wp-content\/uploads\/2026\/04\/bioswing_soft_padding.jpg","type":"image\/jpeg"}],"twitter_card":"summary_large_image","schema":{"@context":"https:\/\/schema.org","@graph":[{"@type":"WebPage","@id":"https:\/\/bioswing.ee\/et\/toode\/pehme-polsterdusega-iste\/","url":"https:\/\/bioswing.ee\/et\/toode\/pehme-polsterdusega-iste\/","name":"Pehme polsterdusega iste - BIOSWING","isPartOf":{"@id":"https:\/\/bioswing.ee\/#website"},"primaryImageOfPage":{"@id":"https:\/\/bioswing.ee\/et\/toode\/pehme-polsterdusega-iste\/#primaryimage"},"image":{"@id":"https:\/\/bioswing.ee\/et\/toode\/pehme-polsterdusega-iste\/#primaryimage"},"thumbnailUrl":"https:\/\/bioswing.ee\/wp-content\/uploads\/2026\/04\/bioswing_soft_padding.jpg","datePublished":"2026-04-17T19:51:34+00:00","dateModified":"2026-04-17T19:51:34+00:00","breadcrumb":{"@id":"https:\/\/bioswing.ee\/et\/toode\/pehme-polsterdusega-iste\/#breadcrumb"},"inLanguage":"et","potentialAction":[{"@type":"ReadAction","target":["https:\/\/bioswing.ee\/et\/toode\/pehme-polsterdusega-iste\/"]}]},{"@type":"ImageObject","inLanguage":"et","@id":"https:\/\/bioswing.ee\/et\/toode\/pehme-polsterdusega-iste\/#primaryimage","url":"https:\/\/bioswing.ee\/wp-content\/uploads\/2026\/04\/bioswing_soft_padding.jpg","contentUrl":"https:\/\/bioswing.ee\/wp-content\/uploads\/2026\/04\/bioswing_soft_padding.jpg","width":800,"height":802},{"@type":"BreadcrumbList","@id":"https:\/\/bioswing.ee\/et\/toode\/pehme-polsterdusega-iste\/#breadcrumb","itemListElement":[{"@type":"ListItem","position":1,"name":"Home","item":"https:\/\/bioswing.ee\/et\/avaleht-2\/"},{"@type":"ListItem","position":2,"name":"POOD","item":"https:\/\/bioswing.ee\/et\/pood\/"},{"@type":"ListItem","position":3,"name":"Pehme polsterdusega iste"}]},{"@type":"WebSite","@id":"https:\/\/bioswing.ee\/#website","url":"https:\/\/bioswing.ee\/","name":"BIOSWING","description":"Smart solutions for healthy sitting","publisher":{"@id":"https:\/\/bioswing.ee\/#organization"},"potentialAction":[{"@type":"SearchAction","target":{"@type":"EntryPoint","urlTemplate":"https:\/\/bioswing.ee\/?s={search_term_string}"},"query-input":{"@type":"PropertyValueSpecification","valueRequired":true,"valueName":"search_term_string"}}],"inLanguage":"et"},{"@type":"Organization","@id":"https:\/\/bioswing.ee\/#organization","name":"BIOSWING","url":"https:\/\/bioswing.ee\/","logo":{"@type":"ImageObject","inLanguage":"et","@id":"https:\/\/bioswing.ee\/#\/schema\/logo\/image\/","url":"https:\/\/bioswing.ee\/wp-content\/uploads\/2023\/04\/logo_web.png","contentUrl":"https:\/\/bioswing.ee\/wp-content\/uploads\/2023\/04\/logo_web.png","width":140,"height":122,"caption":"BIOSWING"},"image":{"@id":"https:\/\/bioswing.ee\/#\/schema\/logo\/image\/"}}]}},"_links":{"self":[{"href":"https:\/\/bioswing.ee\/et\/wp-json\/wp\/v2\/product\/39213"}],"collection":[{"href":"https:\/\/bioswing.ee\/et\/wp-json\/wp\/v2\/product"}],"about":[{"href":"https:\/\/bioswing.ee\/et\/wp-json\/wp\/v2\/types\/product"}],"wp:featuredmedia":[{"embeddable":true,"href":"https:\/\/bioswing.ee\/et\/wp-json\/wp\/v2\/media\/39072"}],"wp:attachment":[{"href":"https:\/\/bioswing.ee\/et\/wp-json\/wp\/v2\/media?parent=39213"}],"wp:term":[{"taxonomy":"product_brand","embeddable":true,"href":"https:\/\/bioswing.ee\/et\/wp-json\/wp\/v2\/product_brand?post=39213"},{"taxonomy":"product_cat","embeddable":true,"href":"https:\/\/bioswing.ee\/et\/wp-json\/wp\/v2\/product_cat?post=39213"},{"taxonomy":"product_tag","embeddable":true,"href":"https:\/\/bioswing.ee\/et\/wp-json\/wp\/v2\/product_tag?post=39213"}],"curies":[{"name":"wp","href":"https:\/\/api.w.org\/{rel}","templated":true}]}}