{"id":39211,"date":"2026-04-17T18:27:20","date_gmt":"2026-04-17T18:27:20","guid":{"rendered":"https:\/\/bioswing.ee\/toode\/maluvahust-polsterdusega-iste-ainult-3-seeriale\/"},"modified":"2026-04-17T18:27:20","modified_gmt":"2026-04-17T18:27:20","slug":"maluvahust-polsterdusega-iste-ainult-3-seeriale","status":"publish","type":"product","link":"https:\/\/bioswing.ee\/et\/toode\/maluvahust-polsterdusega-iste-ainult-3-seeriale\/","title":{"rendered":"M\u00e4luvahust polsterdusega iste (ainult 3-seeriale)"},"content":{"rendered":"","protected":false},"excerpt":{"rendered":"<p>Mugavus ja tugi m\u00e4luvahuga \u2013 ideaalne iste individuaalsetele vajadustele<\/p>\n<p>M\u00e4luvahuga kohandatud iste on ideaalne lahendus neile, kes hindavad mugavust ja ergonoomilist tuge. M\u00e4luvaht ehk viskoelastne vahtmaterjal pakub mitmeid eeliseid, mis teevad sellest eelistatud materjali personaalselt kohandatud istmelahendustes 3-seeriale. <\/p>\n<p>M\u00e4luvaht on spetsiaalne pol\u00fcuretaanvaht, mida iseloomustab k\u00f5rge viskoelastsus. See t\u00e4hendab, et materjal reageerib survele ja soojusele, kohandudes keha kujuga ning taastades surve v\u00e4henemisel oma algse vormi. Need omadused muudavad m\u00e4luvahu suurep\u00e4raseks valikuks istmepindade ja seljatugede jaoks, mis on loodud individuaalseid vajadusi silmas pidades.  <\/p>\n<p>M\u00e4luvahuga istme eelised (ainult 3-seeriale)<\/p>\n<p>Kohanduvus: M\u00e4luvaht j\u00e4rgib t\u00e4pselt keha kuju, pakkudes individuaalset tuge, mis v\u00e4hendab survepunkte ja suurendab istumismugavust.<br \/>Surve leevendamine: Kehakaalu \u00fchtlase jaotumise kaudu aitab m\u00e4luvaht ennetada survepunkte ning parandada vereringet. See on eriti kasulik neile, kes istuvad pikka aega v\u00f5i kogevad seljavalu ja vereringeh\u00e4ireid.<br \/>Ergonoomiline tugi: M\u00e4luvahuga iste toetab tervislikku r\u00fchti, s\u00e4ilitades selgroo loomuliku kumeruse ja hoides selja ergonoomiliselt \u00f5iges asendis.<br \/>Mugavus: M\u00e4luvaht pakub pehmet, kuid toetavat istumiskogemust, parandades m\u00e4rgatavalt igap\u00e4evast kasutusmugavust.<br \/>Vastupidavus: Kvaliteetne m\u00e4luvaht on kauakestev ning s\u00e4ilitab oma kuju ja omadused ka pikaajalisel kasutamisel. See teeb sellest j\u00e4tkusuutliku investeeringu kohandatud istmelahendusse.  <\/p>\n","protected":false},"featured_media":39036,"template":"","meta":{"_acf_changed":false},"product_brand":[],"product_cat":[2552],"product_tag":[],"class_list":{"0":"post-39211","1":"product","2":"type-product","3":"status-publish","4":"has-post-thumbnail","6":"product_cat-lisafunktsioonid","8":"first","9":"instock","10":"taxable","11":"shipping-taxable","12":"purchasable","13":"product-type-simple"},"acf":[],"yoast_head":"<!-- This site is optimized with the Yoast SEO plugin v24.3 - https:\/\/yoast.com\/wordpress\/plugins\/seo\/ -->\n<title>M\u00e4luvahust polsterdusega iste (ainult 3-seeriale) - BIOSWING<\/title>\n<meta name=\"robots\" content=\"index, follow, max-snippet:-1, max-image-preview:large, max-video-preview:-1\" \/>\n<link rel=\"canonical\" href=\"https:\/\/bioswing.ee\/et\/toode\/maluvahust-polsterdusega-iste-ainult-3-seeriale\/\" \/>\n<meta property=\"og:locale\" content=\"et_EE\" \/>\n<meta property=\"og:type\" content=\"article\" \/>\n<meta property=\"og:title\" content=\"M\u00e4luvahust polsterdusega iste (ainult 3-seeriale) - BIOSWING\" \/>\n<meta property=\"og:description\" content=\"Mugavus ja tugi m\u00e4luvahuga \u2013 ideaalne iste individuaalsetele vajadustele M\u00e4luvahuga kohandatud iste on ideaalne lahendus neile, kes hindavad mugavust ja ergonoomilist tuge. M\u00e4luvaht ehk viskoelastne vahtmaterjal pakub mitmeid eeliseid, mis teevad sellest eelistatud materjali personaalselt kohandatud istmelahendustes 3-seeriale.  M\u00e4luvaht on spetsiaalne pol\u00fcuretaanvaht, mida iseloomustab k\u00f5rge viskoelastsus. See t\u00e4hendab, et materjal reageerib survele ja soojusele, kohandudes keha kujuga ning taastades surve v\u00e4henemisel oma algse vormi. Need omadused muudavad m\u00e4luvahu suurep\u00e4raseks valikuks istmepindade ja seljatugede jaoks, mis on loodud individuaalseid vajadusi silmas pidades.  M\u00e4luvahuga istme eelised (ainult 3-seeriale) Kohanduvus: M\u00e4luvaht j\u00e4rgib t\u00e4pselt keha kuju, pakkudes individuaalset tuge, mis v\u00e4hendab survepunkte ja suurendab istumismugavust.Surve leevendamine: Kehakaalu \u00fchtlase jaotumise kaudu aitab m\u00e4luvaht ennetada survepunkte ning parandada vereringet. See on eriti kasulik neile, kes istuvad pikka aega v\u00f5i kogevad seljavalu ja vereringeh\u00e4ireid.Ergonoomiline tugi: M\u00e4luvahuga iste toetab tervislikku r\u00fchti, s\u00e4ilitades selgroo loomuliku kumeruse ja hoides selja ergonoomiliselt \u00f5iges asendis.Mugavus: M\u00e4luvaht pakub pehmet, kuid toetavat istumiskogemust, parandades m\u00e4rgatavalt igap\u00e4evast kasutusmugavust.Vastupidavus: Kvaliteetne m\u00e4luvaht on kauakestev ning s\u00e4ilitab oma kuju ja omadused ka pikaajalisel kasutamisel. See teeb sellest j\u00e4tkusuutliku investeeringu kohandatud istmelahendusse.\" \/>\n<meta property=\"og:url\" content=\"https:\/\/bioswing.ee\/et\/toode\/maluvahust-polsterdusega-iste-ainult-3-seeriale\/\" \/>\n<meta property=\"og:site_name\" content=\"BIOSWING\" \/>\n<meta property=\"og:image\" content=\"https:\/\/bioswing.ee\/wp-content\/uploads\/2026\/04\/bioswing_visco_foam-1.jpg\" \/>\n\t<meta property=\"og:image:width\" content=\"800\" \/>\n\t<meta property=\"og:image:height\" content=\"802\" \/>\n\t<meta property=\"og:image:type\" content=\"image\/jpeg\" \/>\n<meta name=\"twitter:card\" content=\"summary_large_image\" \/>\n<script type=\"application\/ld+json\" class=\"yoast-schema-graph\">{\"@context\":\"https:\/\/schema.org\",\"@graph\":[{\"@type\":\"WebPage\",\"@id\":\"https:\/\/bioswing.ee\/et\/toode\/maluvahust-polsterdusega-iste-ainult-3-seeriale\/\",\"url\":\"https:\/\/bioswing.ee\/et\/toode\/maluvahust-polsterdusega-iste-ainult-3-seeriale\/\",\"name\":\"M\u00e4luvahust polsterdusega iste (ainult 3-seeriale) - BIOSWING\",\"isPartOf\":{\"@id\":\"https:\/\/bioswing.ee\/#website\"},\"primaryImageOfPage\":{\"@id\":\"https:\/\/bioswing.ee\/et\/toode\/maluvahust-polsterdusega-iste-ainult-3-seeriale\/#primaryimage\"},\"image\":{\"@id\":\"https:\/\/bioswing.ee\/et\/toode\/maluvahust-polsterdusega-iste-ainult-3-seeriale\/#primaryimage\"},\"thumbnailUrl\":\"https:\/\/bioswing.ee\/wp-content\/uploads\/2026\/04\/bioswing_visco_foam-1.jpg\",\"datePublished\":\"2026-04-17T18:27:20+00:00\",\"dateModified\":\"2026-04-17T18:27:20+00:00\",\"breadcrumb\":{\"@id\":\"https:\/\/bioswing.ee\/et\/toode\/maluvahust-polsterdusega-iste-ainult-3-seeriale\/#breadcrumb\"},\"inLanguage\":\"et\",\"potentialAction\":[{\"@type\":\"ReadAction\",\"target\":[\"https:\/\/bioswing.ee\/et\/toode\/maluvahust-polsterdusega-iste-ainult-3-seeriale\/\"]}]},{\"@type\":\"ImageObject\",\"inLanguage\":\"et\",\"@id\":\"https:\/\/bioswing.ee\/et\/toode\/maluvahust-polsterdusega-iste-ainult-3-seeriale\/#primaryimage\",\"url\":\"https:\/\/bioswing.ee\/wp-content\/uploads\/2026\/04\/bioswing_visco_foam-1.jpg\",\"contentUrl\":\"https:\/\/bioswing.ee\/wp-content\/uploads\/2026\/04\/bioswing_visco_foam-1.jpg\",\"width\":800,\"height\":802},{\"@type\":\"BreadcrumbList\",\"@id\":\"https:\/\/bioswing.ee\/et\/toode\/maluvahust-polsterdusega-iste-ainult-3-seeriale\/#breadcrumb\",\"itemListElement\":[{\"@type\":\"ListItem\",\"position\":1,\"name\":\"Home\",\"item\":\"https:\/\/bioswing.ee\/et\/avaleht-2\/\"},{\"@type\":\"ListItem\",\"position\":2,\"name\":\"POOD\",\"item\":\"https:\/\/bioswing.ee\/et\/pood\/\"},{\"@type\":\"ListItem\",\"position\":3,\"name\":\"M\u00e4luvahust polsterdusega iste (ainult 3-seeriale)\"}]},{\"@type\":\"WebSite\",\"@id\":\"https:\/\/bioswing.ee\/#website\",\"url\":\"https:\/\/bioswing.ee\/\",\"name\":\"BIOSWING\",\"description\":\"Smart solutions for healthy sitting\",\"publisher\":{\"@id\":\"https:\/\/bioswing.ee\/#organization\"},\"potentialAction\":[{\"@type\":\"SearchAction\",\"target\":{\"@type\":\"EntryPoint\",\"urlTemplate\":\"https:\/\/bioswing.ee\/?s={search_term_string}\"},\"query-input\":{\"@type\":\"PropertyValueSpecification\",\"valueRequired\":true,\"valueName\":\"search_term_string\"}}],\"inLanguage\":\"et\"},{\"@type\":\"Organization\",\"@id\":\"https:\/\/bioswing.ee\/#organization\",\"name\":\"BIOSWING\",\"url\":\"https:\/\/bioswing.ee\/\",\"logo\":{\"@type\":\"ImageObject\",\"inLanguage\":\"et\",\"@id\":\"https:\/\/bioswing.ee\/#\/schema\/logo\/image\/\",\"url\":\"https:\/\/bioswing.ee\/wp-content\/uploads\/2023\/04\/logo_web.png\",\"contentUrl\":\"https:\/\/bioswing.ee\/wp-content\/uploads\/2023\/04\/logo_web.png\",\"width\":140,\"height\":122,\"caption\":\"BIOSWING\"},\"image\":{\"@id\":\"https:\/\/bioswing.ee\/#\/schema\/logo\/image\/\"}}]}<\/script>\n<!-- \/ Yoast SEO plugin. -->","yoast_head_json":{"title":"M\u00e4luvahust polsterdusega iste (ainult 3-seeriale) - BIOSWING","robots":{"index":"index","follow":"follow","max-snippet":"max-snippet:-1","max-image-preview":"max-image-preview:large","max-video-preview":"max-video-preview:-1"},"canonical":"https:\/\/bioswing.ee\/et\/toode\/maluvahust-polsterdusega-iste-ainult-3-seeriale\/","og_locale":"et_EE","og_type":"article","og_title":"M\u00e4luvahust polsterdusega iste (ainult 3-seeriale) - BIOSWING","og_description":"Mugavus ja tugi m\u00e4luvahuga \u2013 ideaalne iste individuaalsetele vajadustele M\u00e4luvahuga kohandatud iste on ideaalne lahendus neile, kes hindavad mugavust ja ergonoomilist tuge. M\u00e4luvaht ehk viskoelastne vahtmaterjal pakub mitmeid eeliseid, mis teevad sellest eelistatud materjali personaalselt kohandatud istmelahendustes 3-seeriale.  M\u00e4luvaht on spetsiaalne pol\u00fcuretaanvaht, mida iseloomustab k\u00f5rge viskoelastsus. See t\u00e4hendab, et materjal reageerib survele ja soojusele, kohandudes keha kujuga ning taastades surve v\u00e4henemisel oma algse vormi. Need omadused muudavad m\u00e4luvahu suurep\u00e4raseks valikuks istmepindade ja seljatugede jaoks, mis on loodud individuaalseid vajadusi silmas pidades.  M\u00e4luvahuga istme eelised (ainult 3-seeriale) Kohanduvus: M\u00e4luvaht j\u00e4rgib t\u00e4pselt keha kuju, pakkudes individuaalset tuge, mis v\u00e4hendab survepunkte ja suurendab istumismugavust.Surve leevendamine: Kehakaalu \u00fchtlase jaotumise kaudu aitab m\u00e4luvaht ennetada survepunkte ning parandada vereringet. See on eriti kasulik neile, kes istuvad pikka aega v\u00f5i kogevad seljavalu ja vereringeh\u00e4ireid.Ergonoomiline tugi: M\u00e4luvahuga iste toetab tervislikku r\u00fchti, s\u00e4ilitades selgroo loomuliku kumeruse ja hoides selja ergonoomiliselt \u00f5iges asendis.Mugavus: M\u00e4luvaht pakub pehmet, kuid toetavat istumiskogemust, parandades m\u00e4rgatavalt igap\u00e4evast kasutusmugavust.Vastupidavus: Kvaliteetne m\u00e4luvaht on kauakestev ning s\u00e4ilitab oma kuju ja omadused ka pikaajalisel kasutamisel. See teeb sellest j\u00e4tkusuutliku investeeringu kohandatud istmelahendusse.","og_url":"https:\/\/bioswing.ee\/et\/toode\/maluvahust-polsterdusega-iste-ainult-3-seeriale\/","og_site_name":"BIOSWING","og_image":[{"width":800,"height":802,"url":"https:\/\/bioswing.ee\/wp-content\/uploads\/2026\/04\/bioswing_visco_foam-1.jpg","type":"image\/jpeg"}],"twitter_card":"summary_large_image","schema":{"@context":"https:\/\/schema.org","@graph":[{"@type":"WebPage","@id":"https:\/\/bioswing.ee\/et\/toode\/maluvahust-polsterdusega-iste-ainult-3-seeriale\/","url":"https:\/\/bioswing.ee\/et\/toode\/maluvahust-polsterdusega-iste-ainult-3-seeriale\/","name":"M\u00e4luvahust polsterdusega iste (ainult 3-seeriale) - BIOSWING","isPartOf":{"@id":"https:\/\/bioswing.ee\/#website"},"primaryImageOfPage":{"@id":"https:\/\/bioswing.ee\/et\/toode\/maluvahust-polsterdusega-iste-ainult-3-seeriale\/#primaryimage"},"image":{"@id":"https:\/\/bioswing.ee\/et\/toode\/maluvahust-polsterdusega-iste-ainult-3-seeriale\/#primaryimage"},"thumbnailUrl":"https:\/\/bioswing.ee\/wp-content\/uploads\/2026\/04\/bioswing_visco_foam-1.jpg","datePublished":"2026-04-17T18:27:20+00:00","dateModified":"2026-04-17T18:27:20+00:00","breadcrumb":{"@id":"https:\/\/bioswing.ee\/et\/toode\/maluvahust-polsterdusega-iste-ainult-3-seeriale\/#breadcrumb"},"inLanguage":"et","potentialAction":[{"@type":"ReadAction","target":["https:\/\/bioswing.ee\/et\/toode\/maluvahust-polsterdusega-iste-ainult-3-seeriale\/"]}]},{"@type":"ImageObject","inLanguage":"et","@id":"https:\/\/bioswing.ee\/et\/toode\/maluvahust-polsterdusega-iste-ainult-3-seeriale\/#primaryimage","url":"https:\/\/bioswing.ee\/wp-content\/uploads\/2026\/04\/bioswing_visco_foam-1.jpg","contentUrl":"https:\/\/bioswing.ee\/wp-content\/uploads\/2026\/04\/bioswing_visco_foam-1.jpg","width":800,"height":802},{"@type":"BreadcrumbList","@id":"https:\/\/bioswing.ee\/et\/toode\/maluvahust-polsterdusega-iste-ainult-3-seeriale\/#breadcrumb","itemListElement":[{"@type":"ListItem","position":1,"name":"Home","item":"https:\/\/bioswing.ee\/et\/avaleht-2\/"},{"@type":"ListItem","position":2,"name":"POOD","item":"https:\/\/bioswing.ee\/et\/pood\/"},{"@type":"ListItem","position":3,"name":"M\u00e4luvahust polsterdusega iste (ainult 3-seeriale)"}]},{"@type":"WebSite","@id":"https:\/\/bioswing.ee\/#website","url":"https:\/\/bioswing.ee\/","name":"BIOSWING","description":"Smart solutions for healthy sitting","publisher":{"@id":"https:\/\/bioswing.ee\/#organization"},"potentialAction":[{"@type":"SearchAction","target":{"@type":"EntryPoint","urlTemplate":"https:\/\/bioswing.ee\/?s={search_term_string}"},"query-input":{"@type":"PropertyValueSpecification","valueRequired":true,"valueName":"search_term_string"}}],"inLanguage":"et"},{"@type":"Organization","@id":"https:\/\/bioswing.ee\/#organization","name":"BIOSWING","url":"https:\/\/bioswing.ee\/","logo":{"@type":"ImageObject","inLanguage":"et","@id":"https:\/\/bioswing.ee\/#\/schema\/logo\/image\/","url":"https:\/\/bioswing.ee\/wp-content\/uploads\/2023\/04\/logo_web.png","contentUrl":"https:\/\/bioswing.ee\/wp-content\/uploads\/2023\/04\/logo_web.png","width":140,"height":122,"caption":"BIOSWING"},"image":{"@id":"https:\/\/bioswing.ee\/#\/schema\/logo\/image\/"}}]}},"_links":{"self":[{"href":"https:\/\/bioswing.ee\/et\/wp-json\/wp\/v2\/product\/39211"}],"collection":[{"href":"https:\/\/bioswing.ee\/et\/wp-json\/wp\/v2\/product"}],"about":[{"href":"https:\/\/bioswing.ee\/et\/wp-json\/wp\/v2\/types\/product"}],"wp:featuredmedia":[{"embeddable":true,"href":"https:\/\/bioswing.ee\/et\/wp-json\/wp\/v2\/media\/39036"}],"wp:attachment":[{"href":"https:\/\/bioswing.ee\/et\/wp-json\/wp\/v2\/media?parent=39211"}],"wp:term":[{"taxonomy":"product_brand","embeddable":true,"href":"https:\/\/bioswing.ee\/et\/wp-json\/wp\/v2\/product_brand?post=39211"},{"taxonomy":"product_cat","embeddable":true,"href":"https:\/\/bioswing.ee\/et\/wp-json\/wp\/v2\/product_cat?post=39211"},{"taxonomy":"product_tag","embeddable":true,"href":"https:\/\/bioswing.ee\/et\/wp-json\/wp\/v2\/product_tag?post=39211"}],"curies":[{"name":"wp","href":"https:\/\/api.w.org\/{rel}","templated":true}]}}