{"id":39196,"date":"2026-04-01T17:58:06","date_gmt":"2026-04-01T17:58:06","guid":{"rendered":"https:\/\/bioswing.ee\/toode\/bioswing-oneup-easy-vaagnatoega\/"},"modified":"2026-04-01T17:58:06","modified_gmt":"2026-04-01T17:58:06","slug":"bioswing-oneup-easy-vaagnatoega","status":"publish","type":"product","link":"https:\/\/bioswing.ee\/et\/toode\/bioswing-oneup-easy-vaagnatoega\/","title":{"rendered":"BIOSWING oneUP EASY vaagnatoega"},"content":{"rendered":"","protected":false},"excerpt":{"rendered":"<p data-start=\"21\" data-end=\"241\">D\u00fcnaamiline istu-seisa lahendus kaasaegseks t\u00f6\u00f6ks. Adaptiivne 3D-istmemehhanism ja sadulaiste hoiavad keha pidevas loomulikus liikumises, v\u00e4hendades koormust, parandades r\u00fchti ning toetades keskendumisv\u00f5imet kogu p\u00e4eva v\u00e4ltel. <\/p>\n<p data-start=\"243\" data-end=\"412\" data-is-last-node=\"\" data-is-only-node=\"\">Paindlik, intuitiivne ja ergonoomiliselt t\u00f5hus oneUP kohandub sujuvalt muutuvate t\u00f6\u00f6asenditega, olles ideaalne valik kontoritesse, kliinikutesse ja tulemustele suunatud t\u00f6\u00f6keskkondadesse.<\/p>\n","protected":false},"featured_media":36679,"template":"","meta":{"_acf_changed":false},"product_brand":[],"product_cat":[2549,2546],"product_tag":[],"class_list":{"0":"post-39196","1":"product","2":"type-product","3":"status-publish","4":"has-post-thumbnail","6":"product_cat-oneup-et","7":"product_cat-pcon-product-et","9":"first","10":"instock","11":"sale","12":"taxable","13":"shipping-taxable","14":"purchasable","15":"product-type-simple"},"acf":[],"yoast_head":"<!-- This site is optimized with the Yoast SEO plugin v24.3 - https:\/\/yoast.com\/wordpress\/plugins\/seo\/ -->\n<title>BIOSWING oneUP EASY vaagnatoega - BIOSWING<\/title>\n<meta name=\"robots\" content=\"index, follow, max-snippet:-1, max-image-preview:large, max-video-preview:-1\" \/>\n<link rel=\"canonical\" href=\"https:\/\/bioswing.ee\/et\/toode\/bioswing-oneup-easy-vaagnatoega\/\" \/>\n<meta property=\"og:locale\" content=\"et_EE\" \/>\n<meta property=\"og:type\" content=\"article\" \/>\n<meta property=\"og:title\" content=\"BIOSWING oneUP EASY vaagnatoega - BIOSWING\" \/>\n<meta property=\"og:description\" content=\"D\u00fcnaamiline istu-seisa lahendus kaasaegseks t\u00f6\u00f6ks. Adaptiivne 3D-istmemehhanism ja sadulaiste hoiavad keha pidevas loomulikus liikumises, v\u00e4hendades koormust, parandades r\u00fchti ning toetades keskendumisv\u00f5imet kogu p\u00e4eva v\u00e4ltel. Paindlik, intuitiivne ja ergonoomiliselt t\u00f5hus oneUP kohandub sujuvalt muutuvate t\u00f6\u00f6asenditega, olles ideaalne valik kontoritesse, kliinikutesse ja tulemustele suunatud t\u00f6\u00f6keskkondadesse.\" \/>\n<meta property=\"og:url\" content=\"https:\/\/bioswing.ee\/et\/toode\/bioswing-oneup-easy-vaagnatoega\/\" \/>\n<meta property=\"og:site_name\" content=\"BIOSWING\" \/>\n<meta property=\"og:image\" content=\"https:\/\/bioswing.ee\/wp-content\/uploads\/2026\/04\/bioswing_oneup_easy_pelvic_main.jpg\" \/>\n\t<meta property=\"og:image:width\" content=\"800\" \/>\n\t<meta property=\"og:image:height\" content=\"1066\" \/>\n\t<meta property=\"og:image:type\" content=\"image\/jpeg\" \/>\n<meta name=\"twitter:card\" content=\"summary_large_image\" \/>\n<script type=\"application\/ld+json\" class=\"yoast-schema-graph\">{\"@context\":\"https:\/\/schema.org\",\"@graph\":[{\"@type\":\"WebPage\",\"@id\":\"https:\/\/bioswing.ee\/et\/toode\/bioswing-oneup-easy-vaagnatoega\/\",\"url\":\"https:\/\/bioswing.ee\/et\/toode\/bioswing-oneup-easy-vaagnatoega\/\",\"name\":\"BIOSWING oneUP EASY vaagnatoega - BIOSWING\",\"isPartOf\":{\"@id\":\"https:\/\/bioswing.ee\/#website\"},\"primaryImageOfPage\":{\"@id\":\"https:\/\/bioswing.ee\/et\/toode\/bioswing-oneup-easy-vaagnatoega\/#primaryimage\"},\"image\":{\"@id\":\"https:\/\/bioswing.ee\/et\/toode\/bioswing-oneup-easy-vaagnatoega\/#primaryimage\"},\"thumbnailUrl\":\"https:\/\/bioswing.ee\/wp-content\/uploads\/2026\/04\/bioswing_oneup_easy_pelvic_main.jpg\",\"datePublished\":\"2026-04-01T17:58:06+00:00\",\"dateModified\":\"2026-04-01T17:58:06+00:00\",\"breadcrumb\":{\"@id\":\"https:\/\/bioswing.ee\/et\/toode\/bioswing-oneup-easy-vaagnatoega\/#breadcrumb\"},\"inLanguage\":\"et\",\"potentialAction\":[{\"@type\":\"ReadAction\",\"target\":[\"https:\/\/bioswing.ee\/et\/toode\/bioswing-oneup-easy-vaagnatoega\/\"]}]},{\"@type\":\"ImageObject\",\"inLanguage\":\"et\",\"@id\":\"https:\/\/bioswing.ee\/et\/toode\/bioswing-oneup-easy-vaagnatoega\/#primaryimage\",\"url\":\"https:\/\/bioswing.ee\/wp-content\/uploads\/2026\/04\/bioswing_oneup_easy_pelvic_main.jpg\",\"contentUrl\":\"https:\/\/bioswing.ee\/wp-content\/uploads\/2026\/04\/bioswing_oneup_easy_pelvic_main.jpg\",\"width\":800,\"height\":1066},{\"@type\":\"BreadcrumbList\",\"@id\":\"https:\/\/bioswing.ee\/et\/toode\/bioswing-oneup-easy-vaagnatoega\/#breadcrumb\",\"itemListElement\":[{\"@type\":\"ListItem\",\"position\":1,\"name\":\"Home\",\"item\":\"https:\/\/bioswing.ee\/et\/avaleht-2\/\"},{\"@type\":\"ListItem\",\"position\":2,\"name\":\"POOD\",\"item\":\"https:\/\/bioswing.ee\/et\/pood\/\"},{\"@type\":\"ListItem\",\"position\":3,\"name\":\"BIOSWING oneUP EASY vaagnatoega\"}]},{\"@type\":\"WebSite\",\"@id\":\"https:\/\/bioswing.ee\/#website\",\"url\":\"https:\/\/bioswing.ee\/\",\"name\":\"BIOSWING\",\"description\":\"Smart solutions for healthy sitting\",\"publisher\":{\"@id\":\"https:\/\/bioswing.ee\/#organization\"},\"potentialAction\":[{\"@type\":\"SearchAction\",\"target\":{\"@type\":\"EntryPoint\",\"urlTemplate\":\"https:\/\/bioswing.ee\/?s={search_term_string}\"},\"query-input\":{\"@type\":\"PropertyValueSpecification\",\"valueRequired\":true,\"valueName\":\"search_term_string\"}}],\"inLanguage\":\"et\"},{\"@type\":\"Organization\",\"@id\":\"https:\/\/bioswing.ee\/#organization\",\"name\":\"BIOSWING\",\"url\":\"https:\/\/bioswing.ee\/\",\"logo\":{\"@type\":\"ImageObject\",\"inLanguage\":\"et\",\"@id\":\"https:\/\/bioswing.ee\/#\/schema\/logo\/image\/\",\"url\":\"https:\/\/bioswing.ee\/wp-content\/uploads\/2023\/04\/logo_web.png\",\"contentUrl\":\"https:\/\/bioswing.ee\/wp-content\/uploads\/2023\/04\/logo_web.png\",\"width\":140,\"height\":122,\"caption\":\"BIOSWING\"},\"image\":{\"@id\":\"https:\/\/bioswing.ee\/#\/schema\/logo\/image\/\"}}]}<\/script>\n<!-- \/ Yoast SEO plugin. -->","yoast_head_json":{"title":"BIOSWING oneUP EASY vaagnatoega - BIOSWING","robots":{"index":"index","follow":"follow","max-snippet":"max-snippet:-1","max-image-preview":"max-image-preview:large","max-video-preview":"max-video-preview:-1"},"canonical":"https:\/\/bioswing.ee\/et\/toode\/bioswing-oneup-easy-vaagnatoega\/","og_locale":"et_EE","og_type":"article","og_title":"BIOSWING oneUP EASY vaagnatoega - BIOSWING","og_description":"D\u00fcnaamiline istu-seisa lahendus kaasaegseks t\u00f6\u00f6ks. Adaptiivne 3D-istmemehhanism ja sadulaiste hoiavad keha pidevas loomulikus liikumises, v\u00e4hendades koormust, parandades r\u00fchti ning toetades keskendumisv\u00f5imet kogu p\u00e4eva v\u00e4ltel. Paindlik, intuitiivne ja ergonoomiliselt t\u00f5hus oneUP kohandub sujuvalt muutuvate t\u00f6\u00f6asenditega, olles ideaalne valik kontoritesse, kliinikutesse ja tulemustele suunatud t\u00f6\u00f6keskkondadesse.","og_url":"https:\/\/bioswing.ee\/et\/toode\/bioswing-oneup-easy-vaagnatoega\/","og_site_name":"BIOSWING","og_image":[{"width":800,"height":1066,"url":"https:\/\/bioswing.ee\/wp-content\/uploads\/2026\/04\/bioswing_oneup_easy_pelvic_main.jpg","type":"image\/jpeg"}],"twitter_card":"summary_large_image","schema":{"@context":"https:\/\/schema.org","@graph":[{"@type":"WebPage","@id":"https:\/\/bioswing.ee\/et\/toode\/bioswing-oneup-easy-vaagnatoega\/","url":"https:\/\/bioswing.ee\/et\/toode\/bioswing-oneup-easy-vaagnatoega\/","name":"BIOSWING oneUP EASY vaagnatoega - BIOSWING","isPartOf":{"@id":"https:\/\/bioswing.ee\/#website"},"primaryImageOfPage":{"@id":"https:\/\/bioswing.ee\/et\/toode\/bioswing-oneup-easy-vaagnatoega\/#primaryimage"},"image":{"@id":"https:\/\/bioswing.ee\/et\/toode\/bioswing-oneup-easy-vaagnatoega\/#primaryimage"},"thumbnailUrl":"https:\/\/bioswing.ee\/wp-content\/uploads\/2026\/04\/bioswing_oneup_easy_pelvic_main.jpg","datePublished":"2026-04-01T17:58:06+00:00","dateModified":"2026-04-01T17:58:06+00:00","breadcrumb":{"@id":"https:\/\/bioswing.ee\/et\/toode\/bioswing-oneup-easy-vaagnatoega\/#breadcrumb"},"inLanguage":"et","potentialAction":[{"@type":"ReadAction","target":["https:\/\/bioswing.ee\/et\/toode\/bioswing-oneup-easy-vaagnatoega\/"]}]},{"@type":"ImageObject","inLanguage":"et","@id":"https:\/\/bioswing.ee\/et\/toode\/bioswing-oneup-easy-vaagnatoega\/#primaryimage","url":"https:\/\/bioswing.ee\/wp-content\/uploads\/2026\/04\/bioswing_oneup_easy_pelvic_main.jpg","contentUrl":"https:\/\/bioswing.ee\/wp-content\/uploads\/2026\/04\/bioswing_oneup_easy_pelvic_main.jpg","width":800,"height":1066},{"@type":"BreadcrumbList","@id":"https:\/\/bioswing.ee\/et\/toode\/bioswing-oneup-easy-vaagnatoega\/#breadcrumb","itemListElement":[{"@type":"ListItem","position":1,"name":"Home","item":"https:\/\/bioswing.ee\/et\/avaleht-2\/"},{"@type":"ListItem","position":2,"name":"POOD","item":"https:\/\/bioswing.ee\/et\/pood\/"},{"@type":"ListItem","position":3,"name":"BIOSWING oneUP EASY vaagnatoega"}]},{"@type":"WebSite","@id":"https:\/\/bioswing.ee\/#website","url":"https:\/\/bioswing.ee\/","name":"BIOSWING","description":"Smart solutions for healthy sitting","publisher":{"@id":"https:\/\/bioswing.ee\/#organization"},"potentialAction":[{"@type":"SearchAction","target":{"@type":"EntryPoint","urlTemplate":"https:\/\/bioswing.ee\/?s={search_term_string}"},"query-input":{"@type":"PropertyValueSpecification","valueRequired":true,"valueName":"search_term_string"}}],"inLanguage":"et"},{"@type":"Organization","@id":"https:\/\/bioswing.ee\/#organization","name":"BIOSWING","url":"https:\/\/bioswing.ee\/","logo":{"@type":"ImageObject","inLanguage":"et","@id":"https:\/\/bioswing.ee\/#\/schema\/logo\/image\/","url":"https:\/\/bioswing.ee\/wp-content\/uploads\/2023\/04\/logo_web.png","contentUrl":"https:\/\/bioswing.ee\/wp-content\/uploads\/2023\/04\/logo_web.png","width":140,"height":122,"caption":"BIOSWING"},"image":{"@id":"https:\/\/bioswing.ee\/#\/schema\/logo\/image\/"}}]}},"_links":{"self":[{"href":"https:\/\/bioswing.ee\/et\/wp-json\/wp\/v2\/product\/39196"}],"collection":[{"href":"https:\/\/bioswing.ee\/et\/wp-json\/wp\/v2\/product"}],"about":[{"href":"https:\/\/bioswing.ee\/et\/wp-json\/wp\/v2\/types\/product"}],"wp:featuredmedia":[{"embeddable":true,"href":"https:\/\/bioswing.ee\/et\/wp-json\/wp\/v2\/media\/36679"}],"wp:attachment":[{"href":"https:\/\/bioswing.ee\/et\/wp-json\/wp\/v2\/media?parent=39196"}],"wp:term":[{"taxonomy":"product_brand","embeddable":true,"href":"https:\/\/bioswing.ee\/et\/wp-json\/wp\/v2\/product_brand?post=39196"},{"taxonomy":"product_cat","embeddable":true,"href":"https:\/\/bioswing.ee\/et\/wp-json\/wp\/v2\/product_cat?post=39196"},{"taxonomy":"product_tag","embeddable":true,"href":"https:\/\/bioswing.ee\/et\/wp-json\/wp\/v2\/product_tag?post=39196"}],"curies":[{"name":"wp","href":"https:\/\/api.w.org\/{rel}","templated":true}]}}