{"id":39186,"date":"2026-03-31T14:34:04","date_gmt":"2026-03-31T14:34:04","guid":{"rendered":"https:\/\/bioswing.ee\/toode\/bioswing-foxy-vaagnatoega\/"},"modified":"2026-03-31T14:34:04","modified_gmt":"2026-03-31T14:34:04","slug":"bioswing-foxy-vaagnatoega","status":"publish","type":"product","link":"https:\/\/bioswing.ee\/et\/toode\/bioswing-foxy-vaagnatoega\/","title":{"rendered":"BIOSWING Foxy vaagnatoega"},"content":{"rendered":"","protected":false},"excerpt":{"rendered":"<p data-start=\"19\" data-end=\"192\">Kompaktne ja loodud pidevaks liikumiseks. Patenteeritud 3D-istumiss\u00fcsteem reageerib ka k\u00f5ige v\u00e4iksematele kehaimpulssidele, toetades aktiivset istumist ja v\u00e4hendades staatilist koormust. <\/p>\n<p data-start=\"194\" data-end=\"409\">Ergonoomiline iste stabiliseeriva polsterduse ja summutatud liikumismehhanismiga tagab sujuva ning kontrollitud liikumise, mida keha loomulikult tasakaalustab. K\u00f5rgus on reguleeritav ning toolil on stabiilne liikuv alus piduritega ratastega. <\/p>\n<p data-start=\"411\" data-end=\"559\" data-is-last-node=\"\" data-is-only-node=\"\">Vastupidavust ja h\u00fcgieeni silmas pidades loodud kvaliteetne polsterdus on kauakestev, lihtsasti hooldatav ning sobib professionaalseks ja meditsiiniliseks kasutuseks.<\/p>\n","protected":false},"featured_media":35533,"template":"","meta":{"_acf_changed":false},"product_brand":[],"product_cat":[2547,2546],"product_tag":[],"class_list":{"0":"post-39186","1":"product","2":"type-product","3":"status-publish","4":"has-post-thumbnail","6":"product_cat-foxter-foxy-loop-et","7":"product_cat-pcon-product-et","9":"first","10":"instock","11":"sale","12":"taxable","13":"shipping-taxable","14":"purchasable","15":"product-type-simple"},"acf":[],"yoast_head":"<!-- This site is optimized with the Yoast SEO plugin v24.3 - https:\/\/yoast.com\/wordpress\/plugins\/seo\/ -->\n<title>BIOSWING Foxy vaagnatoega - BIOSWING<\/title>\n<meta name=\"robots\" content=\"index, follow, max-snippet:-1, max-image-preview:large, max-video-preview:-1\" \/>\n<link rel=\"canonical\" href=\"https:\/\/bioswing.ee\/et\/toode\/bioswing-foxy-vaagnatoega\/\" \/>\n<meta property=\"og:locale\" content=\"et_EE\" \/>\n<meta property=\"og:type\" content=\"article\" \/>\n<meta property=\"og:title\" content=\"BIOSWING Foxy vaagnatoega - BIOSWING\" \/>\n<meta property=\"og:description\" content=\"Kompaktne ja loodud pidevaks liikumiseks. Patenteeritud 3D-istumiss\u00fcsteem reageerib ka k\u00f5ige v\u00e4iksematele kehaimpulssidele, toetades aktiivset istumist ja v\u00e4hendades staatilist koormust. Ergonoomiline iste stabiliseeriva polsterduse ja summutatud liikumismehhanismiga tagab sujuva ning kontrollitud liikumise, mida keha loomulikult tasakaalustab. K\u00f5rgus on reguleeritav ning toolil on stabiilne liikuv alus piduritega ratastega. Vastupidavust ja h\u00fcgieeni silmas pidades loodud kvaliteetne polsterdus on kauakestev, lihtsasti hooldatav ning sobib professionaalseks ja meditsiiniliseks kasutuseks.\" \/>\n<meta property=\"og:url\" content=\"https:\/\/bioswing.ee\/et\/toode\/bioswing-foxy-vaagnatoega\/\" \/>\n<meta property=\"og:site_name\" content=\"BIOSWING\" \/>\n<meta property=\"og:image\" content=\"https:\/\/bioswing.ee\/wp-content\/uploads\/2026\/03\/bioswing_foxy_with_pelvic_support_1.jpg\" \/>\n\t<meta property=\"og:image:width\" content=\"800\" \/>\n\t<meta property=\"og:image:height\" content=\"1066\" \/>\n\t<meta property=\"og:image:type\" content=\"image\/jpeg\" \/>\n<meta name=\"twitter:card\" content=\"summary_large_image\" \/>\n<script type=\"application\/ld+json\" class=\"yoast-schema-graph\">{\"@context\":\"https:\/\/schema.org\",\"@graph\":[{\"@type\":\"WebPage\",\"@id\":\"https:\/\/bioswing.ee\/et\/toode\/bioswing-foxy-vaagnatoega\/\",\"url\":\"https:\/\/bioswing.ee\/et\/toode\/bioswing-foxy-vaagnatoega\/\",\"name\":\"BIOSWING Foxy vaagnatoega - BIOSWING\",\"isPartOf\":{\"@id\":\"https:\/\/bioswing.ee\/#website\"},\"primaryImageOfPage\":{\"@id\":\"https:\/\/bioswing.ee\/et\/toode\/bioswing-foxy-vaagnatoega\/#primaryimage\"},\"image\":{\"@id\":\"https:\/\/bioswing.ee\/et\/toode\/bioswing-foxy-vaagnatoega\/#primaryimage\"},\"thumbnailUrl\":\"https:\/\/bioswing.ee\/wp-content\/uploads\/2026\/03\/bioswing_foxy_with_pelvic_support_1.jpg\",\"datePublished\":\"2026-03-31T14:34:04+00:00\",\"dateModified\":\"2026-03-31T14:34:04+00:00\",\"breadcrumb\":{\"@id\":\"https:\/\/bioswing.ee\/et\/toode\/bioswing-foxy-vaagnatoega\/#breadcrumb\"},\"inLanguage\":\"et\",\"potentialAction\":[{\"@type\":\"ReadAction\",\"target\":[\"https:\/\/bioswing.ee\/et\/toode\/bioswing-foxy-vaagnatoega\/\"]}]},{\"@type\":\"ImageObject\",\"inLanguage\":\"et\",\"@id\":\"https:\/\/bioswing.ee\/et\/toode\/bioswing-foxy-vaagnatoega\/#primaryimage\",\"url\":\"https:\/\/bioswing.ee\/wp-content\/uploads\/2026\/03\/bioswing_foxy_with_pelvic_support_1.jpg\",\"contentUrl\":\"https:\/\/bioswing.ee\/wp-content\/uploads\/2026\/03\/bioswing_foxy_with_pelvic_support_1.jpg\",\"width\":800,\"height\":1066},{\"@type\":\"BreadcrumbList\",\"@id\":\"https:\/\/bioswing.ee\/et\/toode\/bioswing-foxy-vaagnatoega\/#breadcrumb\",\"itemListElement\":[{\"@type\":\"ListItem\",\"position\":1,\"name\":\"Home\",\"item\":\"https:\/\/bioswing.ee\/et\/avaleht-2\/\"},{\"@type\":\"ListItem\",\"position\":2,\"name\":\"POOD\",\"item\":\"https:\/\/bioswing.ee\/et\/pood\/\"},{\"@type\":\"ListItem\",\"position\":3,\"name\":\"BIOSWING Foxy vaagnatoega\"}]},{\"@type\":\"WebSite\",\"@id\":\"https:\/\/bioswing.ee\/#website\",\"url\":\"https:\/\/bioswing.ee\/\",\"name\":\"BIOSWING\",\"description\":\"Smart solutions for healthy sitting\",\"publisher\":{\"@id\":\"https:\/\/bioswing.ee\/#organization\"},\"potentialAction\":[{\"@type\":\"SearchAction\",\"target\":{\"@type\":\"EntryPoint\",\"urlTemplate\":\"https:\/\/bioswing.ee\/?s={search_term_string}\"},\"query-input\":{\"@type\":\"PropertyValueSpecification\",\"valueRequired\":true,\"valueName\":\"search_term_string\"}}],\"inLanguage\":\"et\"},{\"@type\":\"Organization\",\"@id\":\"https:\/\/bioswing.ee\/#organization\",\"name\":\"BIOSWING\",\"url\":\"https:\/\/bioswing.ee\/\",\"logo\":{\"@type\":\"ImageObject\",\"inLanguage\":\"et\",\"@id\":\"https:\/\/bioswing.ee\/#\/schema\/logo\/image\/\",\"url\":\"https:\/\/bioswing.ee\/wp-content\/uploads\/2023\/04\/logo_web.png\",\"contentUrl\":\"https:\/\/bioswing.ee\/wp-content\/uploads\/2023\/04\/logo_web.png\",\"width\":140,\"height\":122,\"caption\":\"BIOSWING\"},\"image\":{\"@id\":\"https:\/\/bioswing.ee\/#\/schema\/logo\/image\/\"}}]}<\/script>\n<!-- \/ Yoast SEO plugin. -->","yoast_head_json":{"title":"BIOSWING Foxy vaagnatoega - BIOSWING","robots":{"index":"index","follow":"follow","max-snippet":"max-snippet:-1","max-image-preview":"max-image-preview:large","max-video-preview":"max-video-preview:-1"},"canonical":"https:\/\/bioswing.ee\/et\/toode\/bioswing-foxy-vaagnatoega\/","og_locale":"et_EE","og_type":"article","og_title":"BIOSWING Foxy vaagnatoega - BIOSWING","og_description":"Kompaktne ja loodud pidevaks liikumiseks. Patenteeritud 3D-istumiss\u00fcsteem reageerib ka k\u00f5ige v\u00e4iksematele kehaimpulssidele, toetades aktiivset istumist ja v\u00e4hendades staatilist koormust. Ergonoomiline iste stabiliseeriva polsterduse ja summutatud liikumismehhanismiga tagab sujuva ning kontrollitud liikumise, mida keha loomulikult tasakaalustab. K\u00f5rgus on reguleeritav ning toolil on stabiilne liikuv alus piduritega ratastega. Vastupidavust ja h\u00fcgieeni silmas pidades loodud kvaliteetne polsterdus on kauakestev, lihtsasti hooldatav ning sobib professionaalseks ja meditsiiniliseks kasutuseks.","og_url":"https:\/\/bioswing.ee\/et\/toode\/bioswing-foxy-vaagnatoega\/","og_site_name":"BIOSWING","og_image":[{"width":800,"height":1066,"url":"https:\/\/bioswing.ee\/wp-content\/uploads\/2026\/03\/bioswing_foxy_with_pelvic_support_1.jpg","type":"image\/jpeg"}],"twitter_card":"summary_large_image","schema":{"@context":"https:\/\/schema.org","@graph":[{"@type":"WebPage","@id":"https:\/\/bioswing.ee\/et\/toode\/bioswing-foxy-vaagnatoega\/","url":"https:\/\/bioswing.ee\/et\/toode\/bioswing-foxy-vaagnatoega\/","name":"BIOSWING Foxy vaagnatoega - BIOSWING","isPartOf":{"@id":"https:\/\/bioswing.ee\/#website"},"primaryImageOfPage":{"@id":"https:\/\/bioswing.ee\/et\/toode\/bioswing-foxy-vaagnatoega\/#primaryimage"},"image":{"@id":"https:\/\/bioswing.ee\/et\/toode\/bioswing-foxy-vaagnatoega\/#primaryimage"},"thumbnailUrl":"https:\/\/bioswing.ee\/wp-content\/uploads\/2026\/03\/bioswing_foxy_with_pelvic_support_1.jpg","datePublished":"2026-03-31T14:34:04+00:00","dateModified":"2026-03-31T14:34:04+00:00","breadcrumb":{"@id":"https:\/\/bioswing.ee\/et\/toode\/bioswing-foxy-vaagnatoega\/#breadcrumb"},"inLanguage":"et","potentialAction":[{"@type":"ReadAction","target":["https:\/\/bioswing.ee\/et\/toode\/bioswing-foxy-vaagnatoega\/"]}]},{"@type":"ImageObject","inLanguage":"et","@id":"https:\/\/bioswing.ee\/et\/toode\/bioswing-foxy-vaagnatoega\/#primaryimage","url":"https:\/\/bioswing.ee\/wp-content\/uploads\/2026\/03\/bioswing_foxy_with_pelvic_support_1.jpg","contentUrl":"https:\/\/bioswing.ee\/wp-content\/uploads\/2026\/03\/bioswing_foxy_with_pelvic_support_1.jpg","width":800,"height":1066},{"@type":"BreadcrumbList","@id":"https:\/\/bioswing.ee\/et\/toode\/bioswing-foxy-vaagnatoega\/#breadcrumb","itemListElement":[{"@type":"ListItem","position":1,"name":"Home","item":"https:\/\/bioswing.ee\/et\/avaleht-2\/"},{"@type":"ListItem","position":2,"name":"POOD","item":"https:\/\/bioswing.ee\/et\/pood\/"},{"@type":"ListItem","position":3,"name":"BIOSWING Foxy vaagnatoega"}]},{"@type":"WebSite","@id":"https:\/\/bioswing.ee\/#website","url":"https:\/\/bioswing.ee\/","name":"BIOSWING","description":"Smart solutions for healthy sitting","publisher":{"@id":"https:\/\/bioswing.ee\/#organization"},"potentialAction":[{"@type":"SearchAction","target":{"@type":"EntryPoint","urlTemplate":"https:\/\/bioswing.ee\/?s={search_term_string}"},"query-input":{"@type":"PropertyValueSpecification","valueRequired":true,"valueName":"search_term_string"}}],"inLanguage":"et"},{"@type":"Organization","@id":"https:\/\/bioswing.ee\/#organization","name":"BIOSWING","url":"https:\/\/bioswing.ee\/","logo":{"@type":"ImageObject","inLanguage":"et","@id":"https:\/\/bioswing.ee\/#\/schema\/logo\/image\/","url":"https:\/\/bioswing.ee\/wp-content\/uploads\/2023\/04\/logo_web.png","contentUrl":"https:\/\/bioswing.ee\/wp-content\/uploads\/2023\/04\/logo_web.png","width":140,"height":122,"caption":"BIOSWING"},"image":{"@id":"https:\/\/bioswing.ee\/#\/schema\/logo\/image\/"}}]}},"_links":{"self":[{"href":"https:\/\/bioswing.ee\/et\/wp-json\/wp\/v2\/product\/39186"}],"collection":[{"href":"https:\/\/bioswing.ee\/et\/wp-json\/wp\/v2\/product"}],"about":[{"href":"https:\/\/bioswing.ee\/et\/wp-json\/wp\/v2\/types\/product"}],"wp:featuredmedia":[{"embeddable":true,"href":"https:\/\/bioswing.ee\/et\/wp-json\/wp\/v2\/media\/35533"}],"wp:attachment":[{"href":"https:\/\/bioswing.ee\/et\/wp-json\/wp\/v2\/media?parent=39186"}],"wp:term":[{"taxonomy":"product_brand","embeddable":true,"href":"https:\/\/bioswing.ee\/et\/wp-json\/wp\/v2\/product_brand?post=39186"},{"taxonomy":"product_cat","embeddable":true,"href":"https:\/\/bioswing.ee\/et\/wp-json\/wp\/v2\/product_cat?post=39186"},{"taxonomy":"product_tag","embeddable":true,"href":"https:\/\/bioswing.ee\/et\/wp-json\/wp\/v2\/product_tag?post=39186"}],"curies":[{"name":"wp","href":"https:\/\/api.w.org\/{rel}","templated":true}]}}