{"id":36034,"date":"2026-04-01T16:31:17","date_gmt":"2026-04-01T16:31:17","guid":{"rendered":"https:\/\/bioswing.ee\/?post_type=product&#038;p=36034"},"modified":"2026-04-01T16:31:44","modified_gmt":"2026-04-01T16:31:44","slug":"bioswing-260-iq-copy-copy-copy-copy-copy-copy-copy-copy-copy-copy-copy-copy-copy","status":"publish","type":"product","link":"https:\/\/bioswing.ee\/et\/toode\/bioswing-260-iq-copy-copy-copy-copy-copy-copy-copy-copy-copy-copy-copy-copy-copy\/","title":{"rendered":"BIOSWING 260 iQ (Copy) (Copy) (Copy) (Copy) (Copy) (Copy) (Copy) (Copy) (Copy) (Copy) (Copy) (Copy) (Copy)"},"content":{"rendered":"<h4>BIOSWING 260 iQ<\/h4>\n<ul>\n<li>Ergonoomiline ortopeedilise toimega p\u00f6\u00f6rdtool kontorisse<\/li>\n<li>Integreeritud reguleeritava 3D-toolimehhanismiga<\/li>\n<li>Automaatse kaalukohandusega s\u00fcnkroonmehhanism (peenh\u00e4\u00e4lestusega)<\/li>\n<li>Individuaalsetele vajadustele vastavaks reguleeritava k\u00f5rgusega k\u00e4etoed<\/li>\n<li>Individuaalseks kohandatav istme kalle kas vaagnapiirkonna stabiliseerija v\u00f5i gaasvedruga<\/li>\n<li>Jalgade pikkusele sobivaks reguleeritav istmes\u00fcgavus<\/li>\n<li>Reguleeritava k\u00f5rgusega seljatugi, lisaks sisseehitatud l\u00fclisambatugi<\/li>\n<li>Seljatoe k\u00f5rgus: 60 cm<\/li>\n<li>Kattekangas: X-treme FR, must<\/li>\n<li>Viieharuline alus: plastik, must<\/li>\n<\/ul>\n<p><iframe width=\"100%\" height=\"450\" src=\"https:\/\/www.youtube.com\/embed\/eWx3ptVNA2o\" title=\"YouTube video player\" frameborder=\"0\" allow=\"accelerometer; autoplay; clipboard-write; encrypted-media; gyroscope; picture-in-picture; web-share\" allowfullscreen=\"\"><\/iframe><\/p>\n<p><iframe width=\"100%\" height=\"450\" src=\"https:\/\/www.youtube.com\/embed\/uaDd-9wsIHc?si=veDAb3pf3vOby3uj\" title=\"YouTube video player\" frameborder=\"0\" allow=\"accelerometer; autoplay; clipboard-write; encrypted-media; gyroscope; picture-in-picture; web-share\" allowfullscreen=\"\"><\/iframe><\/p>\n","protected":false},"excerpt":{"rendered":"<h4>Motivatsioon ja tervis on tihedalt seotud sellega, kui harmooniliselt toetab tool inimese kehaehitust.<\/h4>\n<p>Mida t\u00e4psemalt saab kontoritooli oma isiklikele vajadustele vastavaks kohandada, seda parem \u2013 eriti, kui peate pikki perioode istuvas asendis veetma.<\/p>\n<p>Allpool tutvustame 2. seeria k\u00f5ige olulisemaid kohandamisv\u00f5imalusi.<\/p>\n<h4>BIOSWINGi 2. seeria kontoritool pakub istumise ajal rohkesti lisaliikumise v\u00f5imalusi.<\/h4>\n<p>T\u00e4nu erinevatele mehhanismidele vastab 2. seeria tool <strong>igale kasutaja liigutusele<\/strong> ja kohandub lisaks igale kehaasendile, mille j\u00f5uate pika t\u00f6\u00f6p\u00e4eva jooksul v\u00f5tta. L\u00f5ppude l\u00f5puks on parim kehaasend alati see, mille j\u00e4rgmisena v\u00f5tate.<\/p>\n<p>L\u00fclisambale on kasulik p\u00fcstine istumisasend kombineerituna piisava aktiivse liikumisega. M\u00fc\u00fcgihitist 2. seeria toolidesse on sisse ehitatud kas individuaalsetele vajadustele vastavaks reguleeritav istme kalle v\u00f5i imeliselt sujuva mehhanismiga vaagnapiirkonna stabiliseerija, et teil oleks oma vaagnapiirkonna asendit kergem s\u00e4ttida ja tagada seel\u00e4bi l\u00fclisamba loomulik S-kuju.<\/p>\n<p>M\u00f5ni meie paljudest ergonoomikaekspertidest esitleb teile meeleldi kahe mehhanismi erinevusi ja laseb teil neid j\u00e4rgi proovida.<\/p>\n<p>Aktiivne liigutamine koos p\u00fcstise kehahoiakuga on l\u00fclisambale hea. <strong>Individuaalselt reguleeritava istme kalde<\/strong> abil saate kohandada k\u00f5ikide 2. seeria toolide istmekallet oma vajaduste j\u00e4rgi, et teie <strong>l\u00fclisammas s\u00e4ilitaks on loomuliku S-kuju<\/strong> t\u00e4nu vaagnapiirkonna asendi korrigeerimisele.<\/p>\n<p><img decoding=\"async\" class=\"alignnone wp-image-916\" src=\"https:\/\/bioswing.ee\/wp-content\/uploads\/2023\/04\/pdf.png\" alt=\"pdf\" width=\"19\" height=\"20\"> <a href=\"https:\/\/bioswing.ee\/wp-content\/uploads\/2023\/04\/produktblatt_260_v02_EN.pdf\" target=\"_blank\" rel=\"noopener\">Laadi alla tooteleht (PDF)<\/a><\/p>\n","protected":false},"featured_media":36057,"template":"","meta":{"_acf_changed":false},"product_brand":[],"product_cat":[],"product_tag":[],"class_list":{"0":"post-36034","1":"product","2":"type-product","3":"status-publish","4":"has-post-thumbnail","7":"first","8":"instock","9":"sale","10":"taxable","11":"shipping-taxable","12":"purchasable","13":"product-type-simple"},"acf":[],"yoast_head":"<!-- This site is optimized with the Yoast SEO plugin v24.3 - https:\/\/yoast.com\/wordpress\/plugins\/seo\/ -->\n<title>BIOSWING 260 iQ (Copy) (Copy) (Copy) (Copy) (Copy) (Copy) (Copy) (Copy) (Copy) (Copy) (Copy) (Copy) (Copy) - BIOSWING<\/title>\n<meta name=\"robots\" content=\"index, follow, max-snippet:-1, max-image-preview:large, max-video-preview:-1\" \/>\n<link rel=\"canonical\" href=\"https:\/\/bioswing.ee\/et\/toode\/bioswing-260-iq-copy-copy-copy-copy-copy-copy-copy-copy-copy-copy-copy-copy-copy\/\" \/>\n<meta property=\"og:locale\" content=\"et_EE\" \/>\n<meta property=\"og:type\" content=\"article\" \/>\n<meta property=\"og:title\" content=\"BIOSWING 260 iQ (Copy) (Copy) (Copy) (Copy) (Copy) (Copy) (Copy) (Copy) (Copy) (Copy) (Copy) (Copy) (Copy) - BIOSWING\" \/>\n<meta property=\"og:description\" content=\"Motivatsioon ja tervis on tihedalt seotud sellega, kui harmooniliselt toetab tool inimese kehaehitust. Mida t\u00e4psemalt saab kontoritooli oma isiklikele vajadustele vastavaks kohandada, seda parem \u2013 eriti, kui peate pikki perioode istuvas asendis veetma. Allpool tutvustame 2. seeria k\u00f5ige olulisemaid kohandamisv\u00f5imalusi. BIOSWINGi 2. seeria kontoritool pakub istumise ajal rohkesti lisaliikumise v\u00f5imalusi. T\u00e4nu erinevatele mehhanismidele vastab 2. seeria tool igale kasutaja liigutusele ja kohandub lisaks igale kehaasendile, mille j\u00f5uate pika t\u00f6\u00f6p\u00e4eva jooksul v\u00f5tta. L\u00f5ppude l\u00f5puks on parim kehaasend alati see, mille j\u00e4rgmisena v\u00f5tate. L\u00fclisambale on kasulik p\u00fcstine istumisasend kombineerituna piisava aktiivse liikumisega. M\u00fc\u00fcgihitist 2. seeria toolidesse on sisse ehitatud kas individuaalsetele vajadustele vastavaks reguleeritav istme kalle v\u00f5i imeliselt sujuva mehhanismiga vaagnapiirkonna stabiliseerija, et teil oleks oma vaagnapiirkonna asendit kergem s\u00e4ttida ja tagada seel\u00e4bi l\u00fclisamba loomulik S-kuju. M\u00f5ni meie paljudest ergonoomikaekspertidest esitleb teile meeleldi kahe mehhanismi erinevusi ja laseb teil neid j\u00e4rgi proovida. Aktiivne liigutamine koos p\u00fcstise kehahoiakuga on l\u00fclisambale hea. Individuaalselt reguleeritava istme kalde abil saate kohandada k\u00f5ikide 2. seeria toolide istmekallet oma vajaduste j\u00e4rgi, et teie l\u00fclisammas s\u00e4ilitaks on loomuliku S-kuju t\u00e4nu vaagnapiirkonna asendi korrigeerimisele.  Laadi alla tooteleht (PDF)\" \/>\n<meta property=\"og:url\" content=\"https:\/\/bioswing.ee\/et\/toode\/bioswing-260-iq-copy-copy-copy-copy-copy-copy-copy-copy-copy-copy-copy-copy-copy\/\" \/>\n<meta property=\"og:site_name\" content=\"BIOSWING\" \/>\n<meta property=\"article:modified_time\" content=\"2026-04-01T16:31:44+00:00\" \/>\n<meta property=\"og:image\" content=\"https:\/\/bioswing.ee\/wp-content\/uploads\/2026\/04\/bioswing_boogie_switch_1_individual.jpg\" \/>\n\t<meta property=\"og:image:width\" content=\"800\" \/>\n\t<meta property=\"og:image:height\" content=\"1066\" \/>\n\t<meta property=\"og:image:type\" content=\"image\/jpeg\" \/>\n<meta name=\"twitter:card\" content=\"summary_large_image\" \/>\n<script type=\"application\/ld+json\" class=\"yoast-schema-graph\">{\"@context\":\"https:\/\/schema.org\",\"@graph\":[{\"@type\":\"WebPage\",\"@id\":\"https:\/\/bioswing.ee\/et\/toode\/bioswing-260-iq-copy-copy-copy-copy-copy-copy-copy-copy-copy-copy-copy-copy-copy\/\",\"url\":\"https:\/\/bioswing.ee\/et\/toode\/bioswing-260-iq-copy-copy-copy-copy-copy-copy-copy-copy-copy-copy-copy-copy-copy\/\",\"name\":\"BIOSWING 260 iQ (Copy) (Copy) (Copy) (Copy) (Copy) (Copy) (Copy) (Copy) (Copy) (Copy) (Copy) (Copy) (Copy) - BIOSWING\",\"isPartOf\":{\"@id\":\"https:\/\/bioswing.ee\/#website\"},\"primaryImageOfPage\":{\"@id\":\"https:\/\/bioswing.ee\/et\/toode\/bioswing-260-iq-copy-copy-copy-copy-copy-copy-copy-copy-copy-copy-copy-copy-copy\/#primaryimage\"},\"image\":{\"@id\":\"https:\/\/bioswing.ee\/et\/toode\/bioswing-260-iq-copy-copy-copy-copy-copy-copy-copy-copy-copy-copy-copy-copy-copy\/#primaryimage\"},\"thumbnailUrl\":\"https:\/\/bioswing.ee\/wp-content\/uploads\/2026\/04\/bioswing_boogie_stretch_1.jpg\",\"datePublished\":\"2026-04-01T16:31:17+00:00\",\"dateModified\":\"2026-04-01T16:31:44+00:00\",\"breadcrumb\":{\"@id\":\"https:\/\/bioswing.ee\/et\/toode\/bioswing-260-iq-copy-copy-copy-copy-copy-copy-copy-copy-copy-copy-copy-copy-copy\/#breadcrumb\"},\"inLanguage\":\"et\",\"potentialAction\":[{\"@type\":\"ReadAction\",\"target\":[\"https:\/\/bioswing.ee\/et\/toode\/bioswing-260-iq-copy-copy-copy-copy-copy-copy-copy-copy-copy-copy-copy-copy-copy\/\"]}]},{\"@type\":\"ImageObject\",\"inLanguage\":\"et\",\"@id\":\"https:\/\/bioswing.ee\/et\/toode\/bioswing-260-iq-copy-copy-copy-copy-copy-copy-copy-copy-copy-copy-copy-copy-copy\/#primaryimage\",\"url\":\"https:\/\/bioswing.ee\/wp-content\/uploads\/2026\/04\/bioswing_boogie_stretch_1.jpg\",\"contentUrl\":\"https:\/\/bioswing.ee\/wp-content\/uploads\/2026\/04\/bioswing_boogie_stretch_1.jpg\",\"width\":800,\"height\":1066},{\"@type\":\"BreadcrumbList\",\"@id\":\"https:\/\/bioswing.ee\/et\/toode\/bioswing-260-iq-copy-copy-copy-copy-copy-copy-copy-copy-copy-copy-copy-copy-copy\/#breadcrumb\",\"itemListElement\":[{\"@type\":\"ListItem\",\"position\":1,\"name\":\"Home\",\"item\":\"https:\/\/bioswing.ee\/\"},{\"@type\":\"ListItem\",\"position\":2,\"name\":\"POOD\",\"item\":\"https:\/\/bioswing.ee\/et\/pood\/\"},{\"@type\":\"ListItem\",\"position\":3,\"name\":\"BIOSWING 260 iQ (Copy) (Copy) (Copy) (Copy) (Copy) (Copy) (Copy) (Copy) (Copy) (Copy) (Copy) (Copy) (Copy)\"}]},{\"@type\":\"WebSite\",\"@id\":\"https:\/\/bioswing.ee\/#website\",\"url\":\"https:\/\/bioswing.ee\/\",\"name\":\"BIOSWING\",\"description\":\"Smart solutions for healthy sitting\",\"publisher\":{\"@id\":\"https:\/\/bioswing.ee\/#organization\"},\"potentialAction\":[{\"@type\":\"SearchAction\",\"target\":{\"@type\":\"EntryPoint\",\"urlTemplate\":\"https:\/\/bioswing.ee\/?s={search_term_string}\"},\"query-input\":{\"@type\":\"PropertyValueSpecification\",\"valueRequired\":true,\"valueName\":\"search_term_string\"}}],\"inLanguage\":\"et\"},{\"@type\":\"Organization\",\"@id\":\"https:\/\/bioswing.ee\/#organization\",\"name\":\"BIOSWING\",\"url\":\"https:\/\/bioswing.ee\/\",\"logo\":{\"@type\":\"ImageObject\",\"inLanguage\":\"et\",\"@id\":\"https:\/\/bioswing.ee\/#\/schema\/logo\/image\/\",\"url\":\"https:\/\/bioswing.ee\/wp-content\/uploads\/2023\/04\/logo_web.png\",\"contentUrl\":\"https:\/\/bioswing.ee\/wp-content\/uploads\/2023\/04\/logo_web.png\",\"width\":140,\"height\":122,\"caption\":\"BIOSWING\"},\"image\":{\"@id\":\"https:\/\/bioswing.ee\/#\/schema\/logo\/image\/\"}}]}<\/script>\n<!-- \/ Yoast SEO plugin. -->","yoast_head_json":{"title":"BIOSWING 260 iQ (Copy) (Copy) (Copy) (Copy) (Copy) (Copy) (Copy) (Copy) (Copy) (Copy) (Copy) (Copy) (Copy) - BIOSWING","robots":{"index":"index","follow":"follow","max-snippet":"max-snippet:-1","max-image-preview":"max-image-preview:large","max-video-preview":"max-video-preview:-1"},"canonical":"https:\/\/bioswing.ee\/et\/toode\/bioswing-260-iq-copy-copy-copy-copy-copy-copy-copy-copy-copy-copy-copy-copy-copy\/","og_locale":"et_EE","og_type":"article","og_title":"BIOSWING 260 iQ (Copy) (Copy) (Copy) (Copy) (Copy) (Copy) (Copy) (Copy) (Copy) (Copy) (Copy) (Copy) (Copy) - BIOSWING","og_description":"Motivatsioon ja tervis on tihedalt seotud sellega, kui harmooniliselt toetab tool inimese kehaehitust. Mida t\u00e4psemalt saab kontoritooli oma isiklikele vajadustele vastavaks kohandada, seda parem \u2013 eriti, kui peate pikki perioode istuvas asendis veetma. Allpool tutvustame 2. seeria k\u00f5ige olulisemaid kohandamisv\u00f5imalusi. BIOSWINGi 2. seeria kontoritool pakub istumise ajal rohkesti lisaliikumise v\u00f5imalusi. T\u00e4nu erinevatele mehhanismidele vastab 2. seeria tool igale kasutaja liigutusele ja kohandub lisaks igale kehaasendile, mille j\u00f5uate pika t\u00f6\u00f6p\u00e4eva jooksul v\u00f5tta. L\u00f5ppude l\u00f5puks on parim kehaasend alati see, mille j\u00e4rgmisena v\u00f5tate. L\u00fclisambale on kasulik p\u00fcstine istumisasend kombineerituna piisava aktiivse liikumisega. M\u00fc\u00fcgihitist 2. seeria toolidesse on sisse ehitatud kas individuaalsetele vajadustele vastavaks reguleeritav istme kalle v\u00f5i imeliselt sujuva mehhanismiga vaagnapiirkonna stabiliseerija, et teil oleks oma vaagnapiirkonna asendit kergem s\u00e4ttida ja tagada seel\u00e4bi l\u00fclisamba loomulik S-kuju. M\u00f5ni meie paljudest ergonoomikaekspertidest esitleb teile meeleldi kahe mehhanismi erinevusi ja laseb teil neid j\u00e4rgi proovida. Aktiivne liigutamine koos p\u00fcstise kehahoiakuga on l\u00fclisambale hea. Individuaalselt reguleeritava istme kalde abil saate kohandada k\u00f5ikide 2. seeria toolide istmekallet oma vajaduste j\u00e4rgi, et teie l\u00fclisammas s\u00e4ilitaks on loomuliku S-kuju t\u00e4nu vaagnapiirkonna asendi korrigeerimisele.  Laadi alla tooteleht (PDF)","og_url":"https:\/\/bioswing.ee\/et\/toode\/bioswing-260-iq-copy-copy-copy-copy-copy-copy-copy-copy-copy-copy-copy-copy-copy\/","og_site_name":"BIOSWING","article_modified_time":"2026-04-01T16:31:44+00:00","og_image":[{"width":800,"height":1066,"url":"https:\/\/bioswing.ee\/wp-content\/uploads\/2026\/04\/bioswing_boogie_switch_1_individual.jpg","type":"image\/jpeg"}],"twitter_card":"summary_large_image","schema":{"@context":"https:\/\/schema.org","@graph":[{"@type":"WebPage","@id":"https:\/\/bioswing.ee\/et\/toode\/bioswing-260-iq-copy-copy-copy-copy-copy-copy-copy-copy-copy-copy-copy-copy-copy\/","url":"https:\/\/bioswing.ee\/et\/toode\/bioswing-260-iq-copy-copy-copy-copy-copy-copy-copy-copy-copy-copy-copy-copy-copy\/","name":"BIOSWING 260 iQ (Copy) (Copy) (Copy) (Copy) (Copy) (Copy) (Copy) (Copy) (Copy) (Copy) (Copy) (Copy) (Copy) - BIOSWING","isPartOf":{"@id":"https:\/\/bioswing.ee\/#website"},"primaryImageOfPage":{"@id":"https:\/\/bioswing.ee\/et\/toode\/bioswing-260-iq-copy-copy-copy-copy-copy-copy-copy-copy-copy-copy-copy-copy-copy\/#primaryimage"},"image":{"@id":"https:\/\/bioswing.ee\/et\/toode\/bioswing-260-iq-copy-copy-copy-copy-copy-copy-copy-copy-copy-copy-copy-copy-copy\/#primaryimage"},"thumbnailUrl":"https:\/\/bioswing.ee\/wp-content\/uploads\/2026\/04\/bioswing_boogie_stretch_1.jpg","datePublished":"2026-04-01T16:31:17+00:00","dateModified":"2026-04-01T16:31:44+00:00","breadcrumb":{"@id":"https:\/\/bioswing.ee\/et\/toode\/bioswing-260-iq-copy-copy-copy-copy-copy-copy-copy-copy-copy-copy-copy-copy-copy\/#breadcrumb"},"inLanguage":"et","potentialAction":[{"@type":"ReadAction","target":["https:\/\/bioswing.ee\/et\/toode\/bioswing-260-iq-copy-copy-copy-copy-copy-copy-copy-copy-copy-copy-copy-copy-copy\/"]}]},{"@type":"ImageObject","inLanguage":"et","@id":"https:\/\/bioswing.ee\/et\/toode\/bioswing-260-iq-copy-copy-copy-copy-copy-copy-copy-copy-copy-copy-copy-copy-copy\/#primaryimage","url":"https:\/\/bioswing.ee\/wp-content\/uploads\/2026\/04\/bioswing_boogie_stretch_1.jpg","contentUrl":"https:\/\/bioswing.ee\/wp-content\/uploads\/2026\/04\/bioswing_boogie_stretch_1.jpg","width":800,"height":1066},{"@type":"BreadcrumbList","@id":"https:\/\/bioswing.ee\/et\/toode\/bioswing-260-iq-copy-copy-copy-copy-copy-copy-copy-copy-copy-copy-copy-copy-copy\/#breadcrumb","itemListElement":[{"@type":"ListItem","position":1,"name":"Home","item":"https:\/\/bioswing.ee\/"},{"@type":"ListItem","position":2,"name":"POOD","item":"https:\/\/bioswing.ee\/et\/pood\/"},{"@type":"ListItem","position":3,"name":"BIOSWING 260 iQ (Copy) (Copy) (Copy) (Copy) (Copy) (Copy) (Copy) (Copy) (Copy) (Copy) (Copy) (Copy) (Copy)"}]},{"@type":"WebSite","@id":"https:\/\/bioswing.ee\/#website","url":"https:\/\/bioswing.ee\/","name":"BIOSWING","description":"Smart solutions for healthy sitting","publisher":{"@id":"https:\/\/bioswing.ee\/#organization"},"potentialAction":[{"@type":"SearchAction","target":{"@type":"EntryPoint","urlTemplate":"https:\/\/bioswing.ee\/?s={search_term_string}"},"query-input":{"@type":"PropertyValueSpecification","valueRequired":true,"valueName":"search_term_string"}}],"inLanguage":"et"},{"@type":"Organization","@id":"https:\/\/bioswing.ee\/#organization","name":"BIOSWING","url":"https:\/\/bioswing.ee\/","logo":{"@type":"ImageObject","inLanguage":"et","@id":"https:\/\/bioswing.ee\/#\/schema\/logo\/image\/","url":"https:\/\/bioswing.ee\/wp-content\/uploads\/2023\/04\/logo_web.png","contentUrl":"https:\/\/bioswing.ee\/wp-content\/uploads\/2023\/04\/logo_web.png","width":140,"height":122,"caption":"BIOSWING"},"image":{"@id":"https:\/\/bioswing.ee\/#\/schema\/logo\/image\/"}}]}},"_links":{"self":[{"href":"https:\/\/bioswing.ee\/et\/wp-json\/wp\/v2\/product\/36034"}],"collection":[{"href":"https:\/\/bioswing.ee\/et\/wp-json\/wp\/v2\/product"}],"about":[{"href":"https:\/\/bioswing.ee\/et\/wp-json\/wp\/v2\/types\/product"}],"wp:featuredmedia":[{"embeddable":true,"href":"https:\/\/bioswing.ee\/et\/wp-json\/wp\/v2\/media\/36057"}],"wp:attachment":[{"href":"https:\/\/bioswing.ee\/et\/wp-json\/wp\/v2\/media?parent=36034"}],"wp:term":[{"taxonomy":"product_brand","embeddable":true,"href":"https:\/\/bioswing.ee\/et\/wp-json\/wp\/v2\/product_brand?post=36034"},{"taxonomy":"product_cat","embeddable":true,"href":"https:\/\/bioswing.ee\/et\/wp-json\/wp\/v2\/product_cat?post=36034"},{"taxonomy":"product_tag","embeddable":true,"href":"https:\/\/bioswing.ee\/et\/wp-json\/wp\/v2\/product_tag?post=36034"}],"curies":[{"name":"wp","href":"https:\/\/api.w.org\/{rel}","templated":true}]}}