{"id":39325,"date":"2026-04-15T12:14:47","date_gmt":"2026-04-15T12:14:47","guid":{"rendered":"https:\/\/bioswing.ee\/bestseller-vs-individual-selgitus\/"},"modified":"2026-04-21T07:32:43","modified_gmt":"2026-04-21T07:32:43","slug":"bestseller-vs-individual-selgitus","status":"publish","type":"page","link":"https:\/\/bioswing.ee\/et\/bestseller-vs-individual-selgitus\/","title":{"rendered":"Bestseller vs Individual selgitus"},"content":{"rendered":"<p><div id=\"posturomed\" class=\"fusion-container-anchor\"><div class=\"fusion-fullwidth fullwidth-box fusion-builder-row-1 fusion-flex-container has-pattern-background has-mask-background nonhundred-percent-fullwidth non-hundred-percent-height-scrolling\" style=\"--awb-border-radius-top-left:0px;--awb-border-radius-top-right:0px;--awb-border-radius-bottom-right:0px;--awb-border-radius-bottom-left:0px;--awb-margin-top:80px;--awb-flex-wrap:wrap;\" ><div class=\"fusion-builder-row fusion-row fusion-flex-align-items-flex-start fusion-flex-content-wrap\" style=\"max-width:1248px;margin-left: calc(-4% \/ 2 );margin-right: calc(-4% \/ 2 );\"><div class=\"fusion-layout-column fusion_builder_column fusion-builder-column-0 fusion_builder_column_1_1 1_1 fusion-flex-column\" style=\"--awb-padding-right-medium:0px;--awb-padding-left-medium:0px;--awb-bg-size:cover;--awb-width-large:100%;--awb-margin-top-large:0px;--awb-spacing-right-large:1.92%;--awb-margin-bottom-large:20px;--awb-spacing-left-large:1.92%;--awb-width-medium:100%;--awb-order-medium:0;--awb-spacing-right-medium:1.92%;--awb-spacing-left-medium:1.92%;--awb-width-small:100%;--awb-order-small:0;--awb-spacing-right-small:1.92%;--awb-spacing-left-small:1.92%;\" data-scroll-devices=\"small-visibility,medium-visibility,large-visibility\"><div class=\"fusion-column-wrapper fusion-column-has-shadow fusion-flex-justify-content-flex-start fusion-content-layout-column\"><div class=\"fusion-title title fusion-title-1 fusion-sep-none fusion-title-text fusion-title-size-one\" style=\"--awb-text-color:var(--awb-color8);--awb-margin-top:0px;--awb-margin-bottom:16px;--awb-font-size:45px;\"><h1 class=\"fusion-title-heading title-heading-left\" style=\"font-family:&quot;Red Hat Display&quot;;font-style:normal;font-weight:500;margin:0;font-size:1em;text-transform:none;\">Bestseller vs Individual selgitus<\/h1><\/div><div class=\"fusion-text fusion-text-1\"><p><strong>L\u00fchidalt<\/strong><br \/>\nBESTSELLER = ekspertide poolt konfigureeritud, kiire, usaldusv\u00e4\u00e4rne ja soodsam valik<br \/>\nINDIVIDUAL = t\u00e4ielikult kohandatav, paindlik ja premium-klassi valik<\/p>\n<\/div><\/div><\/div><\/div><\/div><\/div><div class=\"fusion-fullwidth fullwidth-box fusion-builder-row-2 fusion-flex-container has-pattern-background has-mask-background nonhundred-percent-fullwidth non-hundred-percent-height-scrolling\" style=\"--awb-border-radius-top-left:0px;--awb-border-radius-top-right:0px;--awb-border-radius-bottom-right:0px;--awb-border-radius-bottom-left:0px;--awb-margin-bottom:44px;--awb-flex-wrap:wrap;\" ><div class=\"fusion-builder-row fusion-row fusion-flex-align-items-stretch fusion-flex-content-wrap\" style=\"max-width:1248px;margin-left: calc(-4% \/ 2 );margin-right: calc(-4% \/ 2 );\"><div class=\"fusion-layout-column fusion_builder_column fusion-builder-column-1 fusion_builder_column_1_1 1_1 fusion-flex-column\" style=\"--awb-padding-top:32px;--awb-padding-right:32px;--awb-padding-bottom:32px;--awb-padding-left:32px;--awb-bg-color:var(--awb-color1);--awb-bg-color-hover:var(--awb-color1);--awb-bg-size:cover;--awb-width-large:100%;--awb-margin-top-large:0px;--awb-spacing-right-large:1.92%;--awb-margin-bottom-large:20px;--awb-spacing-left-large:1.92%;--awb-width-medium:100%;--awb-order-medium:0;--awb-spacing-right-medium:1.92%;--awb-spacing-left-medium:1.92%;--awb-width-small:100%;--awb-order-small:0;--awb-spacing-right-small:1.92%;--awb-spacing-left-small:1.92%;\" data-scroll-devices=\"small-visibility,medium-visibility,large-visibility\"><div class=\"fusion-column-wrapper fusion-column-has-shadow fusion-flex-justify-content-flex-start fusion-content-layout-column\">\n<div class=\"table-2 comparison-table\">\n<table width=\"100%\">\n<tbody>\n<tr>\n<td align=\"left\" width=\"50%\"><img decoding=\"async\" class=\"wp-image-38677 aligncenter\" src=\"https:\/\/bioswing.ee\/wp-content\/uploads\/2026\/04\/bioswing_3er_reihe-standard.jpg\" alt=\"\" width=\"200\" height=\"357\" srcset=\"https:\/\/bioswing.ee\/wp-content\/uploads\/2026\/04\/bioswing_3er_reihe-standard-168x300.jpg 168w, https:\/\/bioswing.ee\/wp-content\/uploads\/2026\/04\/bioswing_3er_reihe-standard-200x357.jpg 200w, https:\/\/bioswing.ee\/wp-content\/uploads\/2026\/04\/bioswing_3er_reihe-standard-400x713.jpg 400w, https:\/\/bioswing.ee\/wp-content\/uploads\/2026\/04\/bioswing_3er_reihe-standard.jpg 405w\" sizes=\"(max-width: 200px) 100vw, 200px\" \/><\/p>\n<p style=\"text-align: center;\"><strong>BESTSELLER<\/strong><\/p>\n<\/td>\n<td align=\"left\" width=\"50%\"><img decoding=\"async\" class=\"wp-image-38665 aligncenter\" src=\"https:\/\/bioswing.ee\/wp-content\/uploads\/2026\/04\/bioswing_3er_reihe-49310.jpg\" alt=\"\" width=\"200\" height=\"357\" srcset=\"https:\/\/bioswing.ee\/wp-content\/uploads\/2026\/04\/bioswing_3er_reihe-49310-168x300.jpg 168w, https:\/\/bioswing.ee\/wp-content\/uploads\/2026\/04\/bioswing_3er_reihe-49310-200x357.jpg 200w, https:\/\/bioswing.ee\/wp-content\/uploads\/2026\/04\/bioswing_3er_reihe-49310-400x713.jpg 400w, https:\/\/bioswing.ee\/wp-content\/uploads\/2026\/04\/bioswing_3er_reihe-49310.jpg 405w\" sizes=\"(max-width: 200px) 100vw, 200px\" \/><\/p>\n<p style=\"text-align: center;\"><strong>INDIVIDUAL<\/strong><\/p>\n<\/td>\n<\/tr>\n<tr>\n<td style=\"text-align: center;\" align=\"left\"><strong>Eelkonfigureeritud lahendus<\/strong><br \/>\nEkspertide valitud ja t\u00f5estatud kombinatsioonid<\/td>\n<td style=\"text-align: center;\" align=\"left\"><strong>T\u00e4ielikult kohandatav lahendus<\/strong><br \/>\nValmistatud vastavalt isiklikele eelistustele ja vajadustele<\/td>\n<\/tr>\n<tr>\n<td style=\"text-align: center;\" align=\"left\">Kiire ja lihtne valik<br \/>\nKeerulisi otsuseid pole vaja teha<\/td>\n<td style=\"text-align: center;\" align=\"left\"><strong>Detailne konfigureerimine<\/strong><br \/>\nKasutaja valib komponendid, funktsioonid ja viimistluse<\/td>\n<\/tr>\n<tr>\n<td style=\"text-align: center;\" align=\"left\"><strong>Standardne ergonoomiline sobivus<\/strong><br \/>\nOptimeeritud enamikele kasutajatele<\/td>\n<td style=\"text-align: center;\" align=\"left\"><strong>Personaalseks kohandatud ergonoomika<\/strong><br \/>\nKohandatud kehale ja t\u00f6\u00f6stiilile<\/td>\n<\/tr>\n<tr>\n<td style=\"text-align: center;\" align=\"left\"><strong>P\u00f5hireguleerimised kaasas<\/strong><br \/>\nK\u00f5ik olulised ergonoomilised funktsioonid olemas<\/td>\n<td style=\"text-align: center;\" align=\"left\"><strong>Laiendatud reguleeritavus<\/strong><br \/>\nT\u00e4iustatud valikud enamiku komponentide puhul<\/td>\n<\/tr>\n<tr>\n<td style=\"text-align: center;\" align=\"left\"><strong>Piiratud disainivalikud<\/strong><br \/>\nEelm\u00e4\u00e4ratud v\u00e4rvid ja materjalid<\/td>\n<td style=\"text-align: center;\" align=\"left\"><strong>Lai disainivabadus<\/strong><br \/>\nSuur valik kangaid, v\u00e4rve ja viimistlusi<\/td>\n<\/tr>\n<tr>\n<td style=\"text-align: center;\" align=\"left\"><strong>Kiire saadavus<\/strong><br \/>\nL\u00fchikesed tarneajad<\/td>\n<td style=\"text-align: center;\" align=\"left\">Valmistatakse tellimisel<br \/>\nPikem tarneaeg t\u00e4nu kohandamisele<\/td>\n<\/tr>\n<tr>\n<td style=\"text-align: center;\" align=\"left\"><strong>Soodne terviklahendus<\/strong><br \/>\nFikseeritud ja atraktiivne hind<\/td>\n<td style=\"text-align: center;\" align=\"left\"><strong>Premium hinnastus<\/strong><br \/>\nHind s\u00f5ltub valitud lisadest<\/td>\n<\/tr>\n<tr>\n<td style=\"text-align: center;\" align=\"left\"><strong>Parim lihtsuse jaoks<\/strong><br \/>\nIdeaalne kiireks ja kindlaks otsuseks<\/td>\n<td style=\"text-align: center;\" align=\"left\"><strong>Parim t\u00e4psuse jaoks<\/strong><br \/>\nIdeaalne personaalseks premium-lahenduseks<\/td>\n<\/tr>\n<tr>\n<td style=\"text-align: center;\" align=\"left\"><strong>Piiratud paindlikkus<\/strong><br \/>\nKonfiguratsiooni ei saa oluliselt muuta<\/td>\n<td style=\"text-align: center;\" align=\"left\"><strong>Maksimaalne paindlikkus<\/strong><br \/>\nPeaaegu iga detaili saab m\u00e4\u00e4rata<\/td>\n<\/tr>\n<tr>\n<td style=\"text-align: center;\" align=\"left\"><strong>K\u00f5ige populaarsem valik<\/strong><br \/>\nTasakaalus v\u00e4\u00e4rtus ja j\u00f5udlus<\/td>\n<td style=\"text-align: center;\" align=\"left\"><strong>Eritellimuslahendus<\/strong><br \/>\nTippklassi personaalsus ja eksklusiivsus<\/td>\n<\/tr>\n<\/tbody>\n<\/table>\n<\/div>\n<\/div><\/div><\/div><\/div><\/p>\n","protected":false},"excerpt":{"rendered":"","protected":false},"author":3,"featured_media":0,"parent":0,"menu_order":0,"comment_status":"closed","ping_status":"closed","template":"100-width.php","meta":{"_acf_changed":false,"footnotes":""},"class_list":["post-39325","page","type-page","status-publish","hentry"],"acf":[],"yoast_head":"<!-- This site is optimized with the Yoast SEO plugin v24.3 - https:\/\/yoast.com\/wordpress\/plugins\/seo\/ -->\n<title>Bestseller vs Individual selgitus - BIOSWING<\/title>\n<meta name=\"robots\" content=\"index, follow, max-snippet:-1, max-image-preview:large, max-video-preview:-1\" \/>\n<link rel=\"canonical\" href=\"https:\/\/bioswing.ee\/et\/bestseller-vs-individual-selgitus\/\" \/>\n<meta property=\"og:locale\" content=\"et_EE\" \/>\n<meta property=\"og:type\" content=\"article\" \/>\n<meta property=\"og:title\" content=\"Bestseller vs Individual selgitus - BIOSWING\" \/>\n<meta property=\"og:url\" content=\"https:\/\/bioswing.ee\/et\/bestseller-vs-individual-selgitus\/\" \/>\n<meta property=\"og:site_name\" content=\"BIOSWING\" \/>\n<meta property=\"article:modified_time\" content=\"2026-04-21T07:32:43+00:00\" \/>\n<meta property=\"og:image\" content=\"https:\/\/bioswing.ee\/wp-content\/uploads\/2026\/04\/bioswing_3er_reihe-standard.jpg\" \/>\n\t<meta property=\"og:image:width\" content=\"405\" \/>\n\t<meta property=\"og:image:height\" content=\"722\" \/>\n\t<meta property=\"og:image:type\" content=\"image\/jpeg\" \/>\n<meta name=\"twitter:card\" content=\"summary_large_image\" \/>\n<meta name=\"twitter:label1\" content=\"Est. reading time\" \/>\n\t<meta name=\"twitter:data1\" content=\"13 minutit\" \/>\n<script type=\"application\/ld+json\" class=\"yoast-schema-graph\">{\"@context\":\"https:\/\/schema.org\",\"@graph\":[{\"@type\":\"WebPage\",\"@id\":\"https:\/\/bioswing.ee\/et\/bestseller-vs-individual-selgitus\/\",\"url\":\"https:\/\/bioswing.ee\/et\/bestseller-vs-individual-selgitus\/\",\"name\":\"Bestseller vs Individual selgitus - BIOSWING\",\"isPartOf\":{\"@id\":\"https:\/\/bioswing.ee\/#website\"},\"primaryImageOfPage\":{\"@id\":\"https:\/\/bioswing.ee\/et\/bestseller-vs-individual-selgitus\/#primaryimage\"},\"image\":{\"@id\":\"https:\/\/bioswing.ee\/et\/bestseller-vs-individual-selgitus\/#primaryimage\"},\"thumbnailUrl\":\"https:\/\/bioswing.ee\/wp-content\/uploads\/2026\/04\/bioswing_3er_reihe-standard.jpg\",\"datePublished\":\"2026-04-15T12:14:47+00:00\",\"dateModified\":\"2026-04-21T07:32:43+00:00\",\"breadcrumb\":{\"@id\":\"https:\/\/bioswing.ee\/et\/bestseller-vs-individual-selgitus\/#breadcrumb\"},\"inLanguage\":\"et\",\"potentialAction\":[{\"@type\":\"ReadAction\",\"target\":[\"https:\/\/bioswing.ee\/et\/bestseller-vs-individual-selgitus\/\"]}]},{\"@type\":\"ImageObject\",\"inLanguage\":\"et\",\"@id\":\"https:\/\/bioswing.ee\/et\/bestseller-vs-individual-selgitus\/#primaryimage\",\"url\":\"https:\/\/bioswing.ee\/wp-content\/uploads\/2026\/04\/bioswing_3er_reihe-standard.jpg\",\"contentUrl\":\"https:\/\/bioswing.ee\/wp-content\/uploads\/2026\/04\/bioswing_3er_reihe-standard.jpg\"},{\"@type\":\"BreadcrumbList\",\"@id\":\"https:\/\/bioswing.ee\/et\/bestseller-vs-individual-selgitus\/#breadcrumb\",\"itemListElement\":[{\"@type\":\"ListItem\",\"position\":1,\"name\":\"Home\",\"item\":\"https:\/\/bioswing.ee\/et\/avaleht-2\/\"},{\"@type\":\"ListItem\",\"position\":2,\"name\":\"Bestseller vs Individual selgitus\"}]},{\"@type\":\"WebSite\",\"@id\":\"https:\/\/bioswing.ee\/#website\",\"url\":\"https:\/\/bioswing.ee\/\",\"name\":\"BIOSWING\",\"description\":\"Smart solutions for healthy sitting\",\"publisher\":{\"@id\":\"https:\/\/bioswing.ee\/#organization\"},\"potentialAction\":[{\"@type\":\"SearchAction\",\"target\":{\"@type\":\"EntryPoint\",\"urlTemplate\":\"https:\/\/bioswing.ee\/?s={search_term_string}\"},\"query-input\":{\"@type\":\"PropertyValueSpecification\",\"valueRequired\":true,\"valueName\":\"search_term_string\"}}],\"inLanguage\":\"et\"},{\"@type\":\"Organization\",\"@id\":\"https:\/\/bioswing.ee\/#organization\",\"name\":\"BIOSWING\",\"url\":\"https:\/\/bioswing.ee\/\",\"logo\":{\"@type\":\"ImageObject\",\"inLanguage\":\"et\",\"@id\":\"https:\/\/bioswing.ee\/#\/schema\/logo\/image\/\",\"url\":\"https:\/\/bioswing.ee\/wp-content\/uploads\/2023\/04\/logo_web.png\",\"contentUrl\":\"https:\/\/bioswing.ee\/wp-content\/uploads\/2023\/04\/logo_web.png\",\"width\":140,\"height\":122,\"caption\":\"BIOSWING\"},\"image\":{\"@id\":\"https:\/\/bioswing.ee\/#\/schema\/logo\/image\/\"}}]}<\/script>\n<!-- \/ Yoast SEO plugin. -->","yoast_head_json":{"title":"Bestseller vs Individual selgitus - BIOSWING","robots":{"index":"index","follow":"follow","max-snippet":"max-snippet:-1","max-image-preview":"max-image-preview:large","max-video-preview":"max-video-preview:-1"},"canonical":"https:\/\/bioswing.ee\/et\/bestseller-vs-individual-selgitus\/","og_locale":"et_EE","og_type":"article","og_title":"Bestseller vs Individual selgitus - BIOSWING","og_url":"https:\/\/bioswing.ee\/et\/bestseller-vs-individual-selgitus\/","og_site_name":"BIOSWING","article_modified_time":"2026-04-21T07:32:43+00:00","og_image":[{"width":405,"height":722,"url":"https:\/\/bioswing.ee\/wp-content\/uploads\/2026\/04\/bioswing_3er_reihe-standard.jpg","type":"image\/jpeg"}],"twitter_card":"summary_large_image","twitter_misc":{"Est. reading time":"13 minutit"},"schema":{"@context":"https:\/\/schema.org","@graph":[{"@type":"WebPage","@id":"https:\/\/bioswing.ee\/et\/bestseller-vs-individual-selgitus\/","url":"https:\/\/bioswing.ee\/et\/bestseller-vs-individual-selgitus\/","name":"Bestseller vs Individual selgitus - BIOSWING","isPartOf":{"@id":"https:\/\/bioswing.ee\/#website"},"primaryImageOfPage":{"@id":"https:\/\/bioswing.ee\/et\/bestseller-vs-individual-selgitus\/#primaryimage"},"image":{"@id":"https:\/\/bioswing.ee\/et\/bestseller-vs-individual-selgitus\/#primaryimage"},"thumbnailUrl":"https:\/\/bioswing.ee\/wp-content\/uploads\/2026\/04\/bioswing_3er_reihe-standard.jpg","datePublished":"2026-04-15T12:14:47+00:00","dateModified":"2026-04-21T07:32:43+00:00","breadcrumb":{"@id":"https:\/\/bioswing.ee\/et\/bestseller-vs-individual-selgitus\/#breadcrumb"},"inLanguage":"et","potentialAction":[{"@type":"ReadAction","target":["https:\/\/bioswing.ee\/et\/bestseller-vs-individual-selgitus\/"]}]},{"@type":"ImageObject","inLanguage":"et","@id":"https:\/\/bioswing.ee\/et\/bestseller-vs-individual-selgitus\/#primaryimage","url":"https:\/\/bioswing.ee\/wp-content\/uploads\/2026\/04\/bioswing_3er_reihe-standard.jpg","contentUrl":"https:\/\/bioswing.ee\/wp-content\/uploads\/2026\/04\/bioswing_3er_reihe-standard.jpg"},{"@type":"BreadcrumbList","@id":"https:\/\/bioswing.ee\/et\/bestseller-vs-individual-selgitus\/#breadcrumb","itemListElement":[{"@type":"ListItem","position":1,"name":"Home","item":"https:\/\/bioswing.ee\/et\/avaleht-2\/"},{"@type":"ListItem","position":2,"name":"Bestseller vs Individual selgitus"}]},{"@type":"WebSite","@id":"https:\/\/bioswing.ee\/#website","url":"https:\/\/bioswing.ee\/","name":"BIOSWING","description":"Smart solutions for healthy sitting","publisher":{"@id":"https:\/\/bioswing.ee\/#organization"},"potentialAction":[{"@type":"SearchAction","target":{"@type":"EntryPoint","urlTemplate":"https:\/\/bioswing.ee\/?s={search_term_string}"},"query-input":{"@type":"PropertyValueSpecification","valueRequired":true,"valueName":"search_term_string"}}],"inLanguage":"et"},{"@type":"Organization","@id":"https:\/\/bioswing.ee\/#organization","name":"BIOSWING","url":"https:\/\/bioswing.ee\/","logo":{"@type":"ImageObject","inLanguage":"et","@id":"https:\/\/bioswing.ee\/#\/schema\/logo\/image\/","url":"https:\/\/bioswing.ee\/wp-content\/uploads\/2023\/04\/logo_web.png","contentUrl":"https:\/\/bioswing.ee\/wp-content\/uploads\/2023\/04\/logo_web.png","width":140,"height":122,"caption":"BIOSWING"},"image":{"@id":"https:\/\/bioswing.ee\/#\/schema\/logo\/image\/"}}]}},"_links":{"self":[{"href":"https:\/\/bioswing.ee\/et\/wp-json\/wp\/v2\/pages\/39325"}],"collection":[{"href":"https:\/\/bioswing.ee\/et\/wp-json\/wp\/v2\/pages"}],"about":[{"href":"https:\/\/bioswing.ee\/et\/wp-json\/wp\/v2\/types\/page"}],"author":[{"embeddable":true,"href":"https:\/\/bioswing.ee\/et\/wp-json\/wp\/v2\/users\/3"}],"replies":[{"embeddable":true,"href":"https:\/\/bioswing.ee\/et\/wp-json\/wp\/v2\/comments?post=39325"}],"version-history":[{"count":2,"href":"https:\/\/bioswing.ee\/et\/wp-json\/wp\/v2\/pages\/39325\/revisions"}],"predecessor-version":[{"id":39327,"href":"https:\/\/bioswing.ee\/et\/wp-json\/wp\/v2\/pages\/39325\/revisions\/39327"}],"wp:attachment":[{"href":"https:\/\/bioswing.ee\/et\/wp-json\/wp\/v2\/media?parent=39325"}],"curies":[{"name":"wp","href":"https:\/\/api.w.org\/{rel}","templated":true}]}}