{"id":39313,"date":"2026-04-13T13:41:03","date_gmt":"2026-04-13T13:41:03","guid":{"rendered":"https:\/\/bioswing.ee\/kliiniliselt-uuritud-ja-tunnustatud\/"},"modified":"2026-04-21T06:57:10","modified_gmt":"2026-04-21T06:57:10","slug":"kliiniliselt-uuritud-ja-tunnustatud","status":"publish","type":"page","link":"https:\/\/bioswing.ee\/et\/kliiniliselt-uuritud-ja-tunnustatud\/","title":{"rendered":"Kliiniliselt uuritud ja tunnustatud"},"content":{"rendered":"<div class=\"fusion-fullwidth fullwidth-box fusion-builder-row-1 fusion-flex-container has-pattern-background has-mask-background nonhundred-percent-fullwidth non-hundred-percent-height-scrolling fusion-custom-z-index\" style=\"--awb-border-radius-top-left:0px;--awb-border-radius-top-right:0px;--awb-border-radius-bottom-right:0px;--awb-border-radius-bottom-left:0px;--awb-z-index:0;--awb-margin-top:64px;--awb-margin-bottom:64px;--awb-flex-wrap:wrap;\" ><div class=\"fusion-builder-row fusion-row fusion-flex-align-items-stretch fusion-flex-content-wrap\" style=\"max-width:1248px;margin-left: calc(-4% \/ 2 );margin-right: calc(-4% \/ 2 );\"><div class=\"fusion-layout-column fusion_builder_column fusion-builder-column-0 fusion_builder_column_1_1 1_1 fusion-flex-column fusion-flex-align-self-stretch\" style=\"--awb-padding-top:32px;--awb-padding-right:32px;--awb-padding-bottom:32px;--awb-padding-left:32px;--awb-bg-color:#ffffff;--awb-bg-color-hover:#ffffff;--awb-bg-size:cover;--awb-width-large:100%;--awb-margin-top-large:0px;--awb-spacing-right-large:1.92%;--awb-margin-bottom-large:20px;--awb-spacing-left-large:1.92%;--awb-width-medium:100%;--awb-order-medium:0;--awb-spacing-right-medium:1.92%;--awb-spacing-left-medium:1.92%;--awb-width-small:100%;--awb-order-small:0;--awb-spacing-right-small:1.92%;--awb-spacing-left-small:1.92%;\" data-scroll-devices=\"small-visibility,medium-visibility,large-visibility\"><div class=\"fusion-column-wrapper fusion-column-has-shadow fusion-flex-justify-content-flex-start fusion-content-layout-row\"><div class=\"fusion-title title fusion-title-1 fusion-sep-none fusion-title-text fusion-title-size-one\" style=\"--awb-text-color:#000000;--awb-font-size:45px;\"><h1 class=\"fusion-title-heading title-heading-left\" style=\"font-family:&quot;Red Hat Display&quot;;font-style:normal;font-weight:500;margin:0;font-size:1em;\">Kliiniliselt uuritud. <br \/>Praktikas t\u00f5estatud. <br \/>Auhinnatud disain.<\/h1><\/div><div class=\"fusion-image-element \" style=\"--awb-margin-bottom:64px;--awb-caption-title-font-family:var(--h2_typography-font-family);--awb-caption-title-font-weight:var(--h2_typography-font-weight);--awb-caption-title-font-style:var(--h2_typography-font-style);--awb-caption-title-size:var(--h2_typography-font-size);--awb-caption-title-transform:var(--h2_typography-text-transform);--awb-caption-title-line-height:var(--h2_typography-line-height);--awb-caption-title-letter-spacing:var(--h2_typography-letter-spacing);\"><span class=\" fusion-imageframe imageframe-none imageframe-1 hover-type-none\"><img decoding=\"async\" width=\"1528\" height=\"816\" title=\"bioswing_medical\" src=\"https:\/\/bioswing.ee\/wp-content\/uploads\/2026\/03\/bioswing_medical.jpg\" alt class=\"img-responsive wp-image-34313\" srcset=\"https:\/\/bioswing.ee\/wp-content\/uploads\/2026\/03\/bioswing_medical-200x107.jpg 200w, https:\/\/bioswing.ee\/wp-content\/uploads\/2026\/03\/bioswing_medical-400x214.jpg 400w, https:\/\/bioswing.ee\/wp-content\/uploads\/2026\/03\/bioswing_medical-600x320.jpg 600w, https:\/\/bioswing.ee\/wp-content\/uploads\/2026\/03\/bioswing_medical-800x427.jpg 800w, https:\/\/bioswing.ee\/wp-content\/uploads\/2026\/03\/bioswing_medical-1200x641.jpg 1200w, https:\/\/bioswing.ee\/wp-content\/uploads\/2026\/03\/bioswing_medical.jpg 1528w\" sizes=\"(max-width: 640px) 100vw, 1200px\" \/><\/span><\/div><div class=\"fusion-text fusion-text-1\"><p data-start=\"73\" data-end=\"387\">BIOSWING\u00ae p\u00f5hineb aastak\u00fcmnete pikkusel teadust\u00f6\u00f6l ning tihedal koost\u00f6\u00f6l meditsiini- ja teraapiavaldkonna spetsialistidega. Selle keskmes on patenteeritud 3D-pendlis\u00fcsteem, mis peegeldab keha loomulikke mikroliikumisi, aktiveerides s\u00fcvalihaseid, parandades koordinatsiooni ja toetades tervislikku selgroogu istumise ajal. <\/p>\n<p data-start=\"389\" data-end=\"766\">Kuid BIOSWING ei piirdu ainult teooriaga. Selle t\u00f5husust on s\u00f5ltumatult kinnitatud \u00fches Saksamaa Sotsiaalse \u00d5nnetusjuhtumikindlustuse (DGUV) k\u00f5ige p\u00f5hjalikumas ergonoomikauuringus. Reaalsetes t\u00f6\u00f6keskkonna testides saavutas BIOSWING esikoha k\u00f5igis kategooriates ning mudel 460 tunnistati \u00fcldv\u00f5itjaks mugavuse, liikumisd\u00fcnaamika ja m\u00f5\u00f5detava tervisem\u00f5ju poolest.  <\/p>\n<p data-start=\"768\" data-end=\"1051\" data-is-last-node=\"\" data-is-only-node=\"\">Igap\u00e4evaselt terapeutide, kliinikute ja inimkeha toimimist h\u00e4sti tundvate spetsialistide poolt kasutatav BIOSWING \u00fchendab haruldasel viisil teaduse, praktilise rakenduse ja t\u00f5estatud tulemused, pakkudes istumiskogemust, mis ei ole \u00fcksnes ergonoomiline, vaid ka kliiniliselt p\u00f5hjendatud ja s\u00f5ltumatult tunnustatud.<\/p>\n<\/div><\/div><\/div><\/div><\/div>\n","protected":false},"excerpt":{"rendered":"","protected":false},"author":2,"featured_media":0,"parent":0,"menu_order":0,"comment_status":"closed","ping_status":"closed","template":"100-width.php","meta":{"_acf_changed":false,"footnotes":""},"class_list":["post-39313","page","type-page","status-publish","hentry"],"acf":[],"yoast_head":"<!-- This site is optimized with the Yoast SEO plugin v24.3 - https:\/\/yoast.com\/wordpress\/plugins\/seo\/ -->\n<title>Kliiniliselt uuritud ja tunnustatud - BIOSWING<\/title>\n<meta name=\"robots\" content=\"index, follow, max-snippet:-1, max-image-preview:large, max-video-preview:-1\" \/>\n<link rel=\"canonical\" href=\"https:\/\/bioswing.ee\/et\/kliiniliselt-uuritud-ja-tunnustatud\/\" \/>\n<meta property=\"og:locale\" content=\"et_EE\" \/>\n<meta property=\"og:type\" content=\"article\" \/>\n<meta property=\"og:title\" content=\"Kliiniliselt uuritud ja tunnustatud - BIOSWING\" \/>\n<meta property=\"og:url\" content=\"https:\/\/bioswing.ee\/et\/kliiniliselt-uuritud-ja-tunnustatud\/\" \/>\n<meta property=\"og:site_name\" content=\"BIOSWING\" \/>\n<meta property=\"article:modified_time\" content=\"2026-04-21T06:57:10+00:00\" \/>\n<meta name=\"twitter:card\" content=\"summary_large_image\" \/>\n<meta name=\"twitter:label1\" content=\"Est. reading time\" \/>\n\t<meta name=\"twitter:data1\" content=\"9 minutit\" \/>\n<script type=\"application\/ld+json\" class=\"yoast-schema-graph\">{\"@context\":\"https:\/\/schema.org\",\"@graph\":[{\"@type\":\"WebPage\",\"@id\":\"https:\/\/bioswing.ee\/et\/kliiniliselt-uuritud-ja-tunnustatud\/\",\"url\":\"https:\/\/bioswing.ee\/et\/kliiniliselt-uuritud-ja-tunnustatud\/\",\"name\":\"Kliiniliselt uuritud ja tunnustatud - BIOSWING\",\"isPartOf\":{\"@id\":\"https:\/\/bioswing.ee\/#website\"},\"datePublished\":\"2026-04-13T13:41:03+00:00\",\"dateModified\":\"2026-04-21T06:57:10+00:00\",\"breadcrumb\":{\"@id\":\"https:\/\/bioswing.ee\/et\/kliiniliselt-uuritud-ja-tunnustatud\/#breadcrumb\"},\"inLanguage\":\"et\",\"potentialAction\":[{\"@type\":\"ReadAction\",\"target\":[\"https:\/\/bioswing.ee\/et\/kliiniliselt-uuritud-ja-tunnustatud\/\"]}]},{\"@type\":\"BreadcrumbList\",\"@id\":\"https:\/\/bioswing.ee\/et\/kliiniliselt-uuritud-ja-tunnustatud\/#breadcrumb\",\"itemListElement\":[{\"@type\":\"ListItem\",\"position\":1,\"name\":\"Home\",\"item\":\"https:\/\/bioswing.ee\/et\/avaleht-2\/\"},{\"@type\":\"ListItem\",\"position\":2,\"name\":\"Kliiniliselt uuritud ja tunnustatud\"}]},{\"@type\":\"WebSite\",\"@id\":\"https:\/\/bioswing.ee\/#website\",\"url\":\"https:\/\/bioswing.ee\/\",\"name\":\"BIOSWING\",\"description\":\"Smart solutions for healthy sitting\",\"publisher\":{\"@id\":\"https:\/\/bioswing.ee\/#organization\"},\"potentialAction\":[{\"@type\":\"SearchAction\",\"target\":{\"@type\":\"EntryPoint\",\"urlTemplate\":\"https:\/\/bioswing.ee\/?s={search_term_string}\"},\"query-input\":{\"@type\":\"PropertyValueSpecification\",\"valueRequired\":true,\"valueName\":\"search_term_string\"}}],\"inLanguage\":\"et\"},{\"@type\":\"Organization\",\"@id\":\"https:\/\/bioswing.ee\/#organization\",\"name\":\"BIOSWING\",\"url\":\"https:\/\/bioswing.ee\/\",\"logo\":{\"@type\":\"ImageObject\",\"inLanguage\":\"et\",\"@id\":\"https:\/\/bioswing.ee\/#\/schema\/logo\/image\/\",\"url\":\"https:\/\/bioswing.ee\/wp-content\/uploads\/2023\/04\/logo_web.png\",\"contentUrl\":\"https:\/\/bioswing.ee\/wp-content\/uploads\/2023\/04\/logo_web.png\",\"width\":140,\"height\":122,\"caption\":\"BIOSWING\"},\"image\":{\"@id\":\"https:\/\/bioswing.ee\/#\/schema\/logo\/image\/\"}}]}<\/script>\n<!-- \/ Yoast SEO plugin. -->","yoast_head_json":{"title":"Kliiniliselt uuritud ja tunnustatud - BIOSWING","robots":{"index":"index","follow":"follow","max-snippet":"max-snippet:-1","max-image-preview":"max-image-preview:large","max-video-preview":"max-video-preview:-1"},"canonical":"https:\/\/bioswing.ee\/et\/kliiniliselt-uuritud-ja-tunnustatud\/","og_locale":"et_EE","og_type":"article","og_title":"Kliiniliselt uuritud ja tunnustatud - BIOSWING","og_url":"https:\/\/bioswing.ee\/et\/kliiniliselt-uuritud-ja-tunnustatud\/","og_site_name":"BIOSWING","article_modified_time":"2026-04-21T06:57:10+00:00","twitter_card":"summary_large_image","twitter_misc":{"Est. reading time":"9 minutit"},"schema":{"@context":"https:\/\/schema.org","@graph":[{"@type":"WebPage","@id":"https:\/\/bioswing.ee\/et\/kliiniliselt-uuritud-ja-tunnustatud\/","url":"https:\/\/bioswing.ee\/et\/kliiniliselt-uuritud-ja-tunnustatud\/","name":"Kliiniliselt uuritud ja tunnustatud - BIOSWING","isPartOf":{"@id":"https:\/\/bioswing.ee\/#website"},"datePublished":"2026-04-13T13:41:03+00:00","dateModified":"2026-04-21T06:57:10+00:00","breadcrumb":{"@id":"https:\/\/bioswing.ee\/et\/kliiniliselt-uuritud-ja-tunnustatud\/#breadcrumb"},"inLanguage":"et","potentialAction":[{"@type":"ReadAction","target":["https:\/\/bioswing.ee\/et\/kliiniliselt-uuritud-ja-tunnustatud\/"]}]},{"@type":"BreadcrumbList","@id":"https:\/\/bioswing.ee\/et\/kliiniliselt-uuritud-ja-tunnustatud\/#breadcrumb","itemListElement":[{"@type":"ListItem","position":1,"name":"Home","item":"https:\/\/bioswing.ee\/et\/avaleht-2\/"},{"@type":"ListItem","position":2,"name":"Kliiniliselt uuritud ja tunnustatud"}]},{"@type":"WebSite","@id":"https:\/\/bioswing.ee\/#website","url":"https:\/\/bioswing.ee\/","name":"BIOSWING","description":"Smart solutions for healthy sitting","publisher":{"@id":"https:\/\/bioswing.ee\/#organization"},"potentialAction":[{"@type":"SearchAction","target":{"@type":"EntryPoint","urlTemplate":"https:\/\/bioswing.ee\/?s={search_term_string}"},"query-input":{"@type":"PropertyValueSpecification","valueRequired":true,"valueName":"search_term_string"}}],"inLanguage":"et"},{"@type":"Organization","@id":"https:\/\/bioswing.ee\/#organization","name":"BIOSWING","url":"https:\/\/bioswing.ee\/","logo":{"@type":"ImageObject","inLanguage":"et","@id":"https:\/\/bioswing.ee\/#\/schema\/logo\/image\/","url":"https:\/\/bioswing.ee\/wp-content\/uploads\/2023\/04\/logo_web.png","contentUrl":"https:\/\/bioswing.ee\/wp-content\/uploads\/2023\/04\/logo_web.png","width":140,"height":122,"caption":"BIOSWING"},"image":{"@id":"https:\/\/bioswing.ee\/#\/schema\/logo\/image\/"}}]}},"_links":{"self":[{"href":"https:\/\/bioswing.ee\/et\/wp-json\/wp\/v2\/pages\/39313"}],"collection":[{"href":"https:\/\/bioswing.ee\/et\/wp-json\/wp\/v2\/pages"}],"about":[{"href":"https:\/\/bioswing.ee\/et\/wp-json\/wp\/v2\/types\/page"}],"author":[{"embeddable":true,"href":"https:\/\/bioswing.ee\/et\/wp-json\/wp\/v2\/users\/2"}],"replies":[{"embeddable":true,"href":"https:\/\/bioswing.ee\/et\/wp-json\/wp\/v2\/comments?post=39313"}],"version-history":[{"count":3,"href":"https:\/\/bioswing.ee\/et\/wp-json\/wp\/v2\/pages\/39313\/revisions"}],"predecessor-version":[{"id":39316,"href":"https:\/\/bioswing.ee\/et\/wp-json\/wp\/v2\/pages\/39313\/revisions\/39316"}],"wp:attachment":[{"href":"https:\/\/bioswing.ee\/et\/wp-json\/wp\/v2\/media?parent=39313"}],"curies":[{"name":"wp","href":"https:\/\/api.w.org\/{rel}","templated":true}]}}