{"id":39308,"date":"2026-04-13T12:17:20","date_gmt":"2026-04-13T12:17:20","guid":{"rendered":"https:\/\/bioswing.ee\/tehnoloogia-tervislikuks-istumiseks\/"},"modified":"2026-04-21T06:52:42","modified_gmt":"2026-04-21T06:52:42","slug":"tehnoloogia-tervislikuks-istumiseks","status":"publish","type":"page","link":"https:\/\/bioswing.ee\/et\/tehnoloogia-tervislikuks-istumiseks\/","title":{"rendered":"Tehnoloogia tervislikuks istumiseks"},"content":{"rendered":"<p><div class=\"fusion-fullwidth fullwidth-box fusion-builder-row-1 fusion-flex-container has-pattern-background has-mask-background nonhundred-percent-fullwidth non-hundred-percent-height-scrolling fusion-custom-z-index\" style=\"--awb-border-radius-top-left:0px;--awb-border-radius-top-right:0px;--awb-border-radius-bottom-right:0px;--awb-border-radius-bottom-left:0px;--awb-z-index:0;--awb-margin-top:64px;--awb-flex-wrap:wrap;\" ><div class=\"fusion-builder-row fusion-row fusion-flex-align-items-stretch fusion-flex-justify-content-flex-end fusion-flex-content-wrap\" style=\"max-width:1248px;margin-left: calc(-4% \/ 2 );margin-right: calc(-4% \/ 2 );\"><div class=\"fusion-layout-column fusion_builder_column fusion-builder-column-0 fusion_builder_column_1_2 1_2 fusion-flex-column fusion-flex-align-self-stretch\" style=\"--awb-padding-top:8%;--awb-padding-right:8%;--awb-padding-bottom:8%;--awb-padding-left:8%;--awb-bg-color:#ffffff;--awb-bg-color-hover:#ffffff;--awb-bg-size:cover;--awb-width-large:50%;--awb-margin-top-large:0px;--awb-spacing-right-large:0px;--awb-margin-bottom-large:20px;--awb-spacing-left-large:3.84%;--awb-width-medium:50%;--awb-order-medium:0;--awb-spacing-right-medium:0px;--awb-spacing-left-medium:3.84%;--awb-width-small:100%;--awb-order-small:0;--awb-spacing-right-small:1.92%;--awb-spacing-left-small:1.92%;\" data-scroll-devices=\"small-visibility,medium-visibility,large-visibility\"><div class=\"fusion-column-wrapper fusion-column-has-shadow fusion-flex-justify-content-space-evenly fusion-content-layout-column\"><div class=\"fusion-title title fusion-title-1 fusion-sep-none fusion-title-text fusion-title-size-one\" style=\"--awb-text-color:#000000;--awb-font-size:45px;\"><h1 class=\"fusion-title-heading title-heading-left\" style=\"font-family:&quot;Red Hat Display&quot;;font-style:normal;font-weight:500;margin:0;font-size:1em;\">K\u00e4sit\u00f6\u00f6na valmistatud Saksamaal. Arendatud aastak\u00fcmnete jooksul.<\/h1><\/div><div class=\"fusion-text fusion-text-1\"><p data-start=\"1481\" data-end=\"1780\">Iga BIOSWING tool valmib k\u00e4sit\u00f6\u00f6na Saksamaal, p\u00f6\u00f6rates kompromissitut t\u00e4helepanu detailidele, kvaliteedile ja vastupidavusele. Meditsiini, biomehaanika ja neuroloogia aastak\u00fcmnete pikkusele teadust\u00f6\u00f6le tuginev tehnoloogia t\u00f6\u00f6tati algselt v\u00e4lja teraapilisteks rakendusteks, kus t\u00e4psus ja t\u00f6\u00f6kindlus on m\u00e4\u00e4rava t\u00e4htsusega. <\/p>\n<p data-start=\"1782\" data-end=\"2022\">See p\u00e4rand on iga toote keskmes ka t\u00e4nap\u00e4eval. Iga komponent on hoolikalt projekteeritud, testitud ja kokku pandud vastavalt k\u00f5rgeimatele standarditele, tagades pikaajalise t\u00f6\u00f6kindluse ja \u00fchtlase liikumisk\u00e4itumise aastatepikkuse igap\u00e4evase kasutuse jooksul. <\/p>\n<p data-start=\"2024\" data-end=\"2147\">Tulemuseks ei ole lihtsalt tool, vaid peenh\u00e4\u00e4lestatud s\u00fcsteem, mis on loodud toetama inimkeha v\u00f5imalikult loomulikul viisil.<\/p>\n<\/div><\/div><\/div><div class=\"fusion-layout-column fusion_builder_column fusion-builder-column-1 fusion_builder_column_1_2 1_2 fusion-flex-column fusion-flex-align-self-stretch\" style=\"--awb-bg-size:cover;--awb-width-large:50%;--awb-margin-top-large:0px;--awb-spacing-right-large:3.84%;--awb-margin-bottom-large:20px;--awb-spacing-left-large:0px;--awb-width-medium:50%;--awb-order-medium:0;--awb-spacing-right-medium:3.84%;--awb-spacing-left-medium:0px;--awb-width-small:100%;--awb-order-small:0;--awb-spacing-right-small:1.92%;--awb-spacing-left-small:1.92%;\" data-scroll-devices=\"small-visibility,medium-visibility,large-visibility\"><div class=\"fusion-column-wrapper fusion-column-has-shadow fusion-flex-justify-content-flex-end fusion-content-layout-row fusion-flex-align-items-stretch\"><div class=\"fusion-image-element \" style=\"--awb-caption-title-font-family:var(--h2_typography-font-family);--awb-caption-title-font-weight:var(--h2_typography-font-weight);--awb-caption-title-font-style:var(--h2_typography-font-style);--awb-caption-title-size:var(--h2_typography-font-size);--awb-caption-title-transform:var(--h2_typography-text-transform);--awb-caption-title-line-height:var(--h2_typography-line-height);--awb-caption-title-letter-spacing:var(--h2_typography-letter-spacing);\"><span class=\" fusion-imageframe imageframe-none imageframe-1 hover-type-none\"><img decoding=\"async\" width=\"800\" height=\"800\" title=\"tech_1\" src=\"https:\/\/bioswing.ee\/wp-content\/uploads\/2026\/04\/tech_1.jpg\" alt class=\"img-responsive wp-image-38174\" srcset=\"https:\/\/bioswing.ee\/wp-content\/uploads\/2026\/04\/tech_1-200x200.jpg 200w, https:\/\/bioswing.ee\/wp-content\/uploads\/2026\/04\/tech_1-400x400.jpg 400w, https:\/\/bioswing.ee\/wp-content\/uploads\/2026\/04\/tech_1-600x600.jpg 600w, https:\/\/bioswing.ee\/wp-content\/uploads\/2026\/04\/tech_1.jpg 800w\" sizes=\"(max-width: 640px) 100vw, 600px\" \/><\/span><\/div><\/div><\/div><\/div><\/div><div class=\"fusion-fullwidth fullwidth-box fusion-builder-row-2 fusion-flex-container has-pattern-background has-mask-background nonhundred-percent-fullwidth non-hundred-percent-height-scrolling fusion-custom-z-index\" style=\"--awb-border-radius-top-left:0px;--awb-border-radius-top-right:0px;--awb-border-radius-bottom-right:0px;--awb-border-radius-bottom-left:0px;--awb-z-index:0;--awb-margin-top:64px;--awb-flex-wrap:wrap;\" ><div class=\"fusion-builder-row fusion-row fusion-flex-align-items-stretch fusion-flex-justify-content-flex-end fusion-flex-content-wrap\" style=\"max-width:1248px;margin-left: calc(-4% \/ 2 );margin-right: calc(-4% \/ 2 );\"><div class=\"fusion-layout-column fusion_builder_column fusion-builder-column-2 fusion_builder_column_1_2 1_2 fusion-flex-column fusion-flex-align-self-stretch\" style=\"--awb-bg-size:cover;--awb-width-large:50%;--awb-margin-top-large:0px;--awb-spacing-right-large:0px;--awb-margin-bottom-large:20px;--awb-spacing-left-large:3.84%;--awb-width-medium:50%;--awb-order-medium:0;--awb-spacing-right-medium:0px;--awb-spacing-left-medium:3.84%;--awb-width-small:100%;--awb-order-small:0;--awb-spacing-right-small:1.92%;--awb-spacing-left-small:1.92%;\" data-scroll-devices=\"small-visibility,medium-visibility,large-visibility\"><div class=\"fusion-column-wrapper fusion-column-has-shadow fusion-flex-justify-content-flex-end fusion-content-layout-row fusion-flex-align-items-stretch\"><div class=\"fusion-image-element \" style=\"--awb-caption-title-font-family:var(--h2_typography-font-family);--awb-caption-title-font-weight:var(--h2_typography-font-weight);--awb-caption-title-font-style:var(--h2_typography-font-style);--awb-caption-title-size:var(--h2_typography-font-size);--awb-caption-title-transform:var(--h2_typography-text-transform);--awb-caption-title-line-height:var(--h2_typography-line-height);--awb-caption-title-letter-spacing:var(--h2_typography-letter-spacing);\"><span class=\" fusion-imageframe imageframe-none imageframe-2 hover-type-none\"><img decoding=\"async\" width=\"800\" height=\"800\" title=\"bioswing_technology_3D_4\" src=\"https:\/\/bioswing.ee\/wp-content\/uploads\/2026\/03\/bioswing_technology_3D_4.png\" alt class=\"img-responsive wp-image-34035\" srcset=\"https:\/\/bioswing.ee\/wp-content\/uploads\/2026\/03\/bioswing_technology_3D_4-200x200.png 200w, https:\/\/bioswing.ee\/wp-content\/uploads\/2026\/03\/bioswing_technology_3D_4-400x400.png 400w, https:\/\/bioswing.ee\/wp-content\/uploads\/2026\/03\/bioswing_technology_3D_4-600x600.png 600w, https:\/\/bioswing.ee\/wp-content\/uploads\/2026\/03\/bioswing_technology_3D_4.png 800w\" sizes=\"(max-width: 640px) 100vw, 600px\" \/><\/span><\/div><\/div><\/div><div class=\"fusion-layout-column fusion_builder_column fusion-builder-column-3 fusion_builder_column_1_2 1_2 fusion-flex-column fusion-flex-align-self-stretch\" style=\"--awb-padding-top:8%;--awb-padding-right:8%;--awb-padding-bottom:8%;--awb-padding-left:8%;--awb-bg-color:#ffffff;--awb-bg-color-hover:#ffffff;--awb-bg-size:cover;--awb-width-large:50%;--awb-margin-top-large:0px;--awb-spacing-right-large:3.84%;--awb-margin-bottom-large:20px;--awb-spacing-left-large:0px;--awb-width-medium:50%;--awb-order-medium:0;--awb-spacing-right-medium:3.84%;--awb-spacing-left-medium:0px;--awb-width-small:100%;--awb-order-small:0;--awb-spacing-right-small:1.92%;--awb-spacing-left-small:1.92%;\" data-scroll-devices=\"small-visibility,medium-visibility,large-visibility\"><div class=\"fusion-column-wrapper fusion-column-has-shadow fusion-flex-justify-content-space-evenly fusion-content-layout-column\"><div class=\"fusion-title title fusion-title-2 fusion-sep-none fusion-title-text fusion-title-size-one\" style=\"--awb-text-color:#000000;--awb-font-size:45px;\"><h1 class=\"fusion-title-heading title-heading-left\" style=\"font-family:&quot;Red Hat Display&quot;;font-style:normal;font-weight:500;margin:0;font-size:1em;\">Adaptiivne 3D-istmemehhanism<\/h1><\/div><div class=\"fusion-text fusion-text-2\"><p data-start=\"32\" data-end=\"163\">Iga BIOSWING\u00ae tooli keskmes on adaptiivne 3D-istmemehhanism \u2014 s\u00fcsteem, mis ei t\u00f6\u00f6ta kehale vastu, vaid liigub koos sellega.<\/p>\n<p data-start=\"165\" data-end=\"413\">Selle asemel, et lukustada sind fikseeritud asendisse, lahutab see keha j\u00e4igast pinnast, neelab loomulikud liikumisimpulsid ning suunab need tagasi kontrollitud ja tasakaalustatud kujul. Tulemuseks on sujuv ja pidev mikroliikumine, mis hoiab keha aktiivsena ka istumise ajal. <\/p>\n<p data-start=\"415\" data-end=\"688\" data-is-last-node=\"\" data-is-only-node=\"\">S\u00fcsteem on loodud koosk\u00f5las inimese funktsionaalse anatoomiaga ning kohandub intuitiivselt keha loomulike liikumismustrite ja sagedustega (0,8\u20132,7 Hz). See reageerib automaatselt ja reaalajas, pakkudes d\u00fcnaamilist istumiskogemust, mis tundub pingutuseta, loomulik ja elav. <\/p>\n<\/div><\/div><\/div><\/div><\/div><div class=\"fusion-fullwidth fullwidth-box fusion-builder-row-3 fusion-flex-container has-pattern-background has-mask-background nonhundred-percent-fullwidth non-hundred-percent-height-scrolling fusion-custom-z-index\" style=\"--awb-border-radius-top-left:0px;--awb-border-radius-top-right:0px;--awb-border-radius-bottom-right:0px;--awb-border-radius-bottom-left:0px;--awb-z-index:0;--awb-margin-top:64px;--awb-margin-bottom:32px;--awb-flex-wrap:wrap;\" ><div class=\"fusion-builder-row fusion-row fusion-flex-align-items-stretch fusion-flex-content-wrap\" style=\"max-width:1248px;margin-left: calc(-4% \/ 2 );margin-right: calc(-4% \/ 2 );\"><div class=\"fusion-layout-column fusion_builder_column fusion-builder-column-4 fusion_builder_column_1_1 1_1 fusion-flex-column fusion-flex-align-self-stretch\" style=\"--awb-padding-top:8%;--awb-padding-right:8%;--awb-padding-bottom:8%;--awb-padding-left:8%;--awb-bg-color:#ffffff;--awb-bg-color-hover:#ffffff;--awb-bg-size:cover;--awb-width-large:100%;--awb-margin-top-large:0px;--awb-spacing-right-large:1.92%;--awb-margin-bottom-large:20px;--awb-spacing-left-large:1.92%;--awb-width-medium:100%;--awb-order-medium:0;--awb-spacing-right-medium:1.92%;--awb-spacing-left-medium:1.92%;--awb-width-small:100%;--awb-order-small:0;--awb-spacing-right-small:1.92%;--awb-spacing-left-small:1.92%;\" data-scroll-devices=\"small-visibility,medium-visibility,large-visibility\"><div class=\"fusion-column-wrapper fusion-column-has-shadow fusion-flex-justify-content-space-evenly fusion-content-layout-column\"><div class=\"fusion-text fusion-text-3\"><p data-start=\"166\" data-end=\"434\">BIOSWING\u00ae tehnoloogia muudab arusaama istumisest, muutes staatilise asendi pidevaks ja loomulikuks liikumiseks. Selle keskmes on patenteeritud adaptiivne 3D-istmemehhanism, mis eraldab keha j\u00e4ikadest pindadest, v\u00f5imaldades liikumisel kulgeda vabalt, t\u00e4pselt ja pingutuseta. <\/p>\n<p data-start=\"436\" data-end=\"656\">Erinevalt tavap\u00e4rastest toolidest, mis sunnivad keha fikseeritud asenditesse, reageerib BIOSWING ka k\u00f5ige v\u00e4iksematele impulssidele \u2014 sinu hingamisele, s\u00fcdamel\u00f6\u00f6kidele ja loomulikule r\u00fctmile \u2014 ning muudab need sujuvaks ja kontrollitud liikumiseks.<\/p>\n<h3 data-section-id=\"8kvatj\" data-start=\"658\" data-end=\"700\">Nutikas liikumine. Automaatselt. <\/h3>\n<p data-start=\"701\" data-end=\"903\">S\u00fcsteem t\u00f6\u00f6tab pendli p\u00f5him\u00f5ttel, mitte lihtsa kallutus- v\u00f5i tasakaalumehhanismina. See t\u00e4hendab, et keha p\u00fcsib keskel, stabiilsena ja toetatuna, olles samal ajal pidevas liikumises \u2014 ilma teadliku pingutuse v\u00f5i v\u00e4simuseta. <\/p>\n<h3 data-section-id=\"v6hphc\" data-start=\"905\" data-end=\"941\">Loodud inimkeha j\u00e4rgi<\/h3>\n<p data-start=\"942\" data-end=\"1120\">BIOSWING tehnoloogia on koosk\u00f5las inimkeha loomulike sageduste ja liikumismustritega, luues harmoonilise \u00fchenduse istumise, tasakaalu ja koordinatsiooni vahel.<\/p>\n<h3 data-section-id=\"pnzdr8\" data-start=\"1122\" data-end=\"1168\">Mikroliikumine, mis loob erinevuse<\/h3>\n<p data-start=\"1169\" data-end=\"1420\">Iga peen liigutus aktiveerib s\u00fcvalihaseid, v\u00e4hendab survet selgroole ning hoiab \u00e4ra keha liiga pikaks ajaks staatilisse asendisse j\u00e4\u00e4mise. Tulemuseks on parem r\u00fcht, suurem keskendumisv\u00f5ime ja tervislikum viis istuda kogu p\u00e4eva v\u00e4ltel. <\/p>\n<\/div><\/div><\/div><\/div><\/div><\/p>\n","protected":false},"excerpt":{"rendered":"","protected":false},"author":2,"featured_media":0,"parent":0,"menu_order":0,"comment_status":"closed","ping_status":"closed","template":"100-width.php","meta":{"_acf_changed":false,"footnotes":""},"class_list":["post-39308","page","type-page","status-publish","hentry"],"acf":[],"yoast_head":"<!-- This site is optimized with the Yoast SEO plugin v24.3 - https:\/\/yoast.com\/wordpress\/plugins\/seo\/ -->\n<title>Tehnoloogia tervislikuks istumiseks - BIOSWING<\/title>\n<meta name=\"robots\" content=\"index, follow, max-snippet:-1, max-image-preview:large, max-video-preview:-1\" \/>\n<link rel=\"canonical\" href=\"https:\/\/bioswing.ee\/et\/tehnoloogia-tervislikuks-istumiseks\/\" \/>\n<meta property=\"og:locale\" content=\"et_EE\" \/>\n<meta property=\"og:type\" content=\"article\" \/>\n<meta property=\"og:title\" content=\"Tehnoloogia tervislikuks istumiseks - BIOSWING\" \/>\n<meta property=\"og:url\" content=\"https:\/\/bioswing.ee\/et\/tehnoloogia-tervislikuks-istumiseks\/\" \/>\n<meta property=\"og:site_name\" content=\"BIOSWING\" \/>\n<meta property=\"article:modified_time\" content=\"2026-04-21T06:52:42+00:00\" \/>\n<meta name=\"twitter:card\" content=\"summary_large_image\" \/>\n<meta name=\"twitter:label1\" content=\"Est. reading time\" \/>\n\t<meta name=\"twitter:data1\" content=\"29 minutit\" \/>\n<script type=\"application\/ld+json\" class=\"yoast-schema-graph\">{\"@context\":\"https:\/\/schema.org\",\"@graph\":[{\"@type\":\"WebPage\",\"@id\":\"https:\/\/bioswing.ee\/et\/tehnoloogia-tervislikuks-istumiseks\/\",\"url\":\"https:\/\/bioswing.ee\/et\/tehnoloogia-tervislikuks-istumiseks\/\",\"name\":\"Tehnoloogia tervislikuks istumiseks - BIOSWING\",\"isPartOf\":{\"@id\":\"https:\/\/bioswing.ee\/#website\"},\"datePublished\":\"2026-04-13T12:17:20+00:00\",\"dateModified\":\"2026-04-21T06:52:42+00:00\",\"breadcrumb\":{\"@id\":\"https:\/\/bioswing.ee\/et\/tehnoloogia-tervislikuks-istumiseks\/#breadcrumb\"},\"inLanguage\":\"et\",\"potentialAction\":[{\"@type\":\"ReadAction\",\"target\":[\"https:\/\/bioswing.ee\/et\/tehnoloogia-tervislikuks-istumiseks\/\"]}]},{\"@type\":\"BreadcrumbList\",\"@id\":\"https:\/\/bioswing.ee\/et\/tehnoloogia-tervislikuks-istumiseks\/#breadcrumb\",\"itemListElement\":[{\"@type\":\"ListItem\",\"position\":1,\"name\":\"Home\",\"item\":\"https:\/\/bioswing.ee\/et\/avaleht-2\/\"},{\"@type\":\"ListItem\",\"position\":2,\"name\":\"Tehnoloogia tervislikuks istumiseks\"}]},{\"@type\":\"WebSite\",\"@id\":\"https:\/\/bioswing.ee\/#website\",\"url\":\"https:\/\/bioswing.ee\/\",\"name\":\"BIOSWING\",\"description\":\"Smart solutions for healthy sitting\",\"publisher\":{\"@id\":\"https:\/\/bioswing.ee\/#organization\"},\"potentialAction\":[{\"@type\":\"SearchAction\",\"target\":{\"@type\":\"EntryPoint\",\"urlTemplate\":\"https:\/\/bioswing.ee\/?s={search_term_string}\"},\"query-input\":{\"@type\":\"PropertyValueSpecification\",\"valueRequired\":true,\"valueName\":\"search_term_string\"}}],\"inLanguage\":\"et\"},{\"@type\":\"Organization\",\"@id\":\"https:\/\/bioswing.ee\/#organization\",\"name\":\"BIOSWING\",\"url\":\"https:\/\/bioswing.ee\/\",\"logo\":{\"@type\":\"ImageObject\",\"inLanguage\":\"et\",\"@id\":\"https:\/\/bioswing.ee\/#\/schema\/logo\/image\/\",\"url\":\"https:\/\/bioswing.ee\/wp-content\/uploads\/2023\/04\/logo_web.png\",\"contentUrl\":\"https:\/\/bioswing.ee\/wp-content\/uploads\/2023\/04\/logo_web.png\",\"width\":140,\"height\":122,\"caption\":\"BIOSWING\"},\"image\":{\"@id\":\"https:\/\/bioswing.ee\/#\/schema\/logo\/image\/\"}}]}<\/script>\n<!-- \/ Yoast SEO plugin. -->","yoast_head_json":{"title":"Tehnoloogia tervislikuks istumiseks - BIOSWING","robots":{"index":"index","follow":"follow","max-snippet":"max-snippet:-1","max-image-preview":"max-image-preview:large","max-video-preview":"max-video-preview:-1"},"canonical":"https:\/\/bioswing.ee\/et\/tehnoloogia-tervislikuks-istumiseks\/","og_locale":"et_EE","og_type":"article","og_title":"Tehnoloogia tervislikuks istumiseks - BIOSWING","og_url":"https:\/\/bioswing.ee\/et\/tehnoloogia-tervislikuks-istumiseks\/","og_site_name":"BIOSWING","article_modified_time":"2026-04-21T06:52:42+00:00","twitter_card":"summary_large_image","twitter_misc":{"Est. reading time":"29 minutit"},"schema":{"@context":"https:\/\/schema.org","@graph":[{"@type":"WebPage","@id":"https:\/\/bioswing.ee\/et\/tehnoloogia-tervislikuks-istumiseks\/","url":"https:\/\/bioswing.ee\/et\/tehnoloogia-tervislikuks-istumiseks\/","name":"Tehnoloogia tervislikuks istumiseks - BIOSWING","isPartOf":{"@id":"https:\/\/bioswing.ee\/#website"},"datePublished":"2026-04-13T12:17:20+00:00","dateModified":"2026-04-21T06:52:42+00:00","breadcrumb":{"@id":"https:\/\/bioswing.ee\/et\/tehnoloogia-tervislikuks-istumiseks\/#breadcrumb"},"inLanguage":"et","potentialAction":[{"@type":"ReadAction","target":["https:\/\/bioswing.ee\/et\/tehnoloogia-tervislikuks-istumiseks\/"]}]},{"@type":"BreadcrumbList","@id":"https:\/\/bioswing.ee\/et\/tehnoloogia-tervislikuks-istumiseks\/#breadcrumb","itemListElement":[{"@type":"ListItem","position":1,"name":"Home","item":"https:\/\/bioswing.ee\/et\/avaleht-2\/"},{"@type":"ListItem","position":2,"name":"Tehnoloogia tervislikuks istumiseks"}]},{"@type":"WebSite","@id":"https:\/\/bioswing.ee\/#website","url":"https:\/\/bioswing.ee\/","name":"BIOSWING","description":"Smart solutions for healthy sitting","publisher":{"@id":"https:\/\/bioswing.ee\/#organization"},"potentialAction":[{"@type":"SearchAction","target":{"@type":"EntryPoint","urlTemplate":"https:\/\/bioswing.ee\/?s={search_term_string}"},"query-input":{"@type":"PropertyValueSpecification","valueRequired":true,"valueName":"search_term_string"}}],"inLanguage":"et"},{"@type":"Organization","@id":"https:\/\/bioswing.ee\/#organization","name":"BIOSWING","url":"https:\/\/bioswing.ee\/","logo":{"@type":"ImageObject","inLanguage":"et","@id":"https:\/\/bioswing.ee\/#\/schema\/logo\/image\/","url":"https:\/\/bioswing.ee\/wp-content\/uploads\/2023\/04\/logo_web.png","contentUrl":"https:\/\/bioswing.ee\/wp-content\/uploads\/2023\/04\/logo_web.png","width":140,"height":122,"caption":"BIOSWING"},"image":{"@id":"https:\/\/bioswing.ee\/#\/schema\/logo\/image\/"}}]}},"_links":{"self":[{"href":"https:\/\/bioswing.ee\/et\/wp-json\/wp\/v2\/pages\/39308"}],"collection":[{"href":"https:\/\/bioswing.ee\/et\/wp-json\/wp\/v2\/pages"}],"about":[{"href":"https:\/\/bioswing.ee\/et\/wp-json\/wp\/v2\/types\/page"}],"author":[{"embeddable":true,"href":"https:\/\/bioswing.ee\/et\/wp-json\/wp\/v2\/users\/2"}],"replies":[{"embeddable":true,"href":"https:\/\/bioswing.ee\/et\/wp-json\/wp\/v2\/comments?post=39308"}],"version-history":[{"count":3,"href":"https:\/\/bioswing.ee\/et\/wp-json\/wp\/v2\/pages\/39308\/revisions"}],"predecessor-version":[{"id":39311,"href":"https:\/\/bioswing.ee\/et\/wp-json\/wp\/v2\/pages\/39308\/revisions\/39311"}],"wp:attachment":[{"href":"https:\/\/bioswing.ee\/et\/wp-json\/wp\/v2\/media?parent=39308"}],"curies":[{"name":"wp","href":"https:\/\/api.w.org\/{rel}","templated":true}]}}