{"id":21096,"date":"2024-12-19T11:01:11","date_gmt":"2024-12-19T11:01:11","guid":{"rendered":"https:\/\/bioswing.ee\/?page_id=21096"},"modified":"2024-12-19T11:42:28","modified_gmt":"2024-12-19T11:42:28","slug":"makseviisid","status":"publish","type":"page","link":"https:\/\/bioswing.ee\/et\/makseviisid\/","title":{"rendered":"Makseviisid"},"content":{"rendered":"<p><div class=\"fusion-fullwidth fullwidth-box fusion-builder-row-1 fusion-flex-container has-pattern-background has-mask-background nonhundred-percent-fullwidth non-hundred-percent-height-scrolling\" style=\"--awb-border-radius-top-left:0px;--awb-border-radius-top-right:0px;--awb-border-radius-bottom-right:0px;--awb-border-radius-bottom-left:0px;--awb-flex-wrap:wrap;\" ><div class=\"fusion-builder-row fusion-row fusion-flex-align-items-flex-start fusion-flex-content-wrap\" style=\"max-width:1248px;margin-left: calc(-4% \/ 2 );margin-right: calc(-4% \/ 2 );\"><div class=\"fusion-layout-column fusion_builder_column fusion-builder-column-0 fusion_builder_column_1_1 1_1 fusion-flex-column\" style=\"--awb-bg-size:cover;--awb-width-large:100%;--awb-margin-top-large:0px;--awb-spacing-right-large:1.92%;--awb-margin-bottom-large:20px;--awb-spacing-left-large:1.92%;--awb-width-medium:100%;--awb-order-medium:0;--awb-spacing-right-medium:1.92%;--awb-spacing-left-medium:1.92%;--awb-width-small:100%;--awb-order-small:0;--awb-spacing-right-small:1.92%;--awb-spacing-left-small:1.92%;\"><div class=\"fusion-column-wrapper fusion-column-has-shadow fusion-flex-justify-content-flex-start fusion-content-layout-column\"><div class=\"fusion-title title fusion-title-1 fusion-sep-none fusion-title-text fusion-title-size-one\"><h1 class=\"fusion-title-heading title-heading-left\" style=\"margin:0;\">Makseviisid<\/h1><\/div><div class=\"fusion-text fusion-text-1\" style=\"--awb-text-transform:uppercase;\"><p><a class=\"fusion-one-page-text-link\" href=\"#pangamaksed\">Pangamaksed<\/a> | <a class=\"fusion-one-page-text-link\" href=\"#kaardimaksed\">Kaardimaksed<\/a> |\u00a0<a class=\"fusion-one-page-text-link\" href=\"#jagaosadeks\">Jaga osadeks<\/a> |\u00a0<a class=\"fusion-one-page-text-link\" href=\"#jarelmaks\">J\u00e4relmaks<\/a> | <a class=\"fusion-one-page-text-link\" href=\"#ariklient\">Tenor kasutusrent \u00e4rikliendile<\/a><\/p>\n<\/div><\/div><\/div><\/div><\/div><div id=\"pangamaksed\" class=\"fusion-container-anchor\"><div class=\"fusion-fullwidth fullwidth-box fusion-builder-row-2 fusion-flex-container has-pattern-background has-mask-background nonhundred-percent-fullwidth non-hundred-percent-height-scrolling\" style=\"--awb-border-radius-top-left:0px;--awb-border-radius-top-right:0px;--awb-border-radius-bottom-right:0px;--awb-border-radius-bottom-left:0px;--awb-flex-wrap:wrap;\" ><div class=\"fusion-builder-row fusion-row fusion-flex-align-items-flex-start fusion-flex-content-wrap\" style=\"max-width:1248px;margin-left: calc(-4% \/ 2 );margin-right: calc(-4% \/ 2 );\"><div class=\"fusion-layout-column fusion_builder_column fusion-builder-column-1 fusion_builder_column_1_1 1_1 fusion-flex-column\" style=\"--awb-bg-size:cover;--awb-border-color:var(--awb-color3);--awb-border-top:1px;--awb-border-style:solid;--awb-width-large:100%;--awb-margin-top-large:0px;--awb-spacing-right-large:1.92%;--awb-margin-bottom-large:20px;--awb-spacing-left-large:1.92%;--awb-width-medium:100%;--awb-order-medium:0;--awb-spacing-right-medium:1.92%;--awb-spacing-left-medium:1.92%;--awb-width-small:100%;--awb-order-small:0;--awb-spacing-right-small:1.92%;--awb-spacing-left-small:1.92%;\" data-scroll-devices=\"small-visibility,medium-visibility,large-visibility\"><div class=\"fusion-column-wrapper fusion-column-has-shadow fusion-flex-justify-content-flex-start fusion-content-layout-column\"><div class=\"fusion-title title fusion-title-2 fusion-sep-none fusion-title-text fusion-title-size-two\"><h2 class=\"fusion-title-heading title-heading-left\" style=\"margin:0;\">Pangamaksed<\/h2><\/div><div class=\"fusion-title title fusion-title-3 fusion-sep-none fusion-title-text fusion-title-size-div\" style=\"--awb-text-color:var(--awb-color5);--awb-font-size:14px;\"><div class=\"fusion-title-heading title-heading-left title-heading-tag\" style=\"font-family:&quot;Inter&quot;;font-style:normal;font-weight:600;margin:0;font-size:1em;text-transform:uppercase;\">Antud lahendus toimib j\u00e4rgnevates riikides: Eesti, L\u00e4ti, Leedu ja Soome<\/div><\/div><div class=\"fusion-text fusion-text-2\"><p>Teil on v\u00f5imalus tasuda kauba eest internetipanga kaudu. Peale tellimuse esitamist valige soovitud pangalink, mis suunab Teid valitud internetipanka.<\/p>\n<\/div><\/div><\/div><\/div><\/div><\/div><div id=\"kaardimaksed\" class=\"fusion-container-anchor\"><div class=\"fusion-fullwidth fullwidth-box fusion-builder-row-3 fusion-flex-container has-pattern-background has-mask-background nonhundred-percent-fullwidth non-hundred-percent-height-scrolling\" style=\"--awb-border-radius-top-left:0px;--awb-border-radius-top-right:0px;--awb-border-radius-bottom-right:0px;--awb-border-radius-bottom-left:0px;--awb-flex-wrap:wrap;\" ><div class=\"fusion-builder-row fusion-row fusion-flex-align-items-flex-start fusion-flex-content-wrap\" style=\"max-width:1248px;margin-left: calc(-4% \/ 2 );margin-right: calc(-4% \/ 2 );\"><div class=\"fusion-layout-column fusion_builder_column fusion-builder-column-2 fusion_builder_column_1_1 1_1 fusion-flex-column\" style=\"--awb-bg-size:cover;--awb-border-color:var(--awb-color3);--awb-border-top:1px;--awb-border-style:solid;--awb-width-large:100%;--awb-margin-top-large:0px;--awb-spacing-right-large:1.92%;--awb-margin-bottom-large:20px;--awb-spacing-left-large:1.92%;--awb-width-medium:100%;--awb-order-medium:0;--awb-spacing-right-medium:1.92%;--awb-spacing-left-medium:1.92%;--awb-width-small:100%;--awb-order-small:0;--awb-spacing-right-small:1.92%;--awb-spacing-left-small:1.92%;\" data-scroll-devices=\"small-visibility,medium-visibility,large-visibility\"><div class=\"fusion-column-wrapper fusion-column-has-shadow fusion-flex-justify-content-flex-start fusion-content-layout-column\"><div class=\"fusion-title title fusion-title-4 fusion-sep-none fusion-title-text fusion-title-size-two\"><h2 class=\"fusion-title-heading title-heading-left\" style=\"margin:0;\">Kaardimaksed<\/h2><\/div><div class=\"fusion-title title fusion-title-5 fusion-sep-none fusion-title-text fusion-title-size-div\" style=\"--awb-text-color:var(--awb-color5);--awb-font-size:14px;\"><div class=\"fusion-title-heading title-heading-left title-heading-tag\" style=\"font-family:&quot;Inter&quot;;font-style:normal;font-weight:600;margin:0;font-size:1em;text-transform:uppercase;\">Antud lahendus toimib j\u00e4rgnevates riikides: Euroopa Liidu riigid + Island, Liechtenstein, Norra ja \u0160veits<\/div><\/div><div class=\"fusion-text fusion-text-3\"><p>Teil on v\u00f5imalus tasuda kauba eest kaardimaksetega: deebetkaart, krediitkaart, Apple Pay v\u00f5i Google Pay.<\/p>\n<\/div><\/div><\/div><\/div><\/div><\/div><div id=\"jagaosadeks\" class=\"fusion-container-anchor\"><div class=\"fusion-fullwidth fullwidth-box fusion-builder-row-4 fusion-flex-container has-pattern-background has-mask-background nonhundred-percent-fullwidth non-hundred-percent-height-scrolling\" style=\"--awb-border-radius-top-left:0px;--awb-border-radius-top-right:0px;--awb-border-radius-bottom-right:0px;--awb-border-radius-bottom-left:0px;--awb-flex-wrap:wrap;\" ><div class=\"fusion-builder-row fusion-row fusion-flex-align-items-flex-start fusion-flex-content-wrap\" style=\"max-width:1248px;margin-left: calc(-4% \/ 2 );margin-right: calc(-4% \/ 2 );\"><div class=\"fusion-layout-column fusion_builder_column fusion-builder-column-3 fusion_builder_column_1_1 1_1 fusion-flex-column\" style=\"--awb-bg-size:cover;--awb-border-color:var(--awb-color3);--awb-border-top:1px;--awb-border-style:solid;--awb-width-large:100%;--awb-margin-top-large:0px;--awb-spacing-right-large:1.92%;--awb-margin-bottom-large:20px;--awb-spacing-left-large:1.92%;--awb-width-medium:100%;--awb-order-medium:0;--awb-spacing-right-medium:1.92%;--awb-spacing-left-medium:1.92%;--awb-width-small:100%;--awb-order-small:0;--awb-spacing-right-small:1.92%;--awb-spacing-left-small:1.92%;\" data-scroll-devices=\"small-visibility,medium-visibility,large-visibility\"><div class=\"fusion-column-wrapper fusion-column-has-shadow fusion-flex-justify-content-flex-start fusion-content-layout-column\"><div class=\"fusion-title title fusion-title-6 fusion-sep-none fusion-title-text fusion-title-size-two\"><h2 class=\"fusion-title-heading title-heading-left\" style=\"margin:0;\">Jaga osadeks<\/h2><\/div><div class=\"fusion-title title fusion-title-7 fusion-sep-none fusion-title-text fusion-title-size-div\" style=\"--awb-text-color:var(--awb-color5);--awb-font-size:14px;\"><div class=\"fusion-title-heading title-heading-left title-heading-tag\" style=\"font-family:&quot;Inter&quot;;font-style:normal;font-weight:600;margin:0;font-size:1em;text-transform:uppercase;\">Antud lahendus toimib j\u00e4rgnevates riikides: Eesti, L\u00e4ti ja Leedu<\/div><\/div><div class=\"fusion-text fusion-text-4\"><p>Koost\u00f6\u00f6s Inbankiga pakume makseviisi, mis aitab ostude eest veelgi mugavamalt tasuda. Tasuge oma ostu eest 3 v\u00f5rdses osas lihtsalt ja ilma \u00fchegi lisatasuta.<br \/>\nEsimene makse alles kuu aja p\u00e4rast.<\/p>\n<p><strong>Tingimused:<\/strong><\/p>\n<ul>\n<li>50 \u2013 2500 \u20ac ostudele<\/li>\n<li>Periood 3 kuud<\/li>\n<li>0 \u20ac lisatasu<\/li>\n<\/ul>\n<p><strong>Miks valida Inbanki makseviis?<\/strong><\/p>\n<ul>\n<li>Lihtne ja lisatasudeta &#8211; pole intressi, lepingutasu ega igakuist haldustasu.<\/li>\n<li>Nutikas viis soetada kohe k\u00f5ik, mida vajad, tegemata valikute arvelt j\u00e4releandmisi. Maksmist alustad alles j\u00e4rgmisel kuul.<\/li>\n<li>Inbanki maksa hiljem makseviiside puhul ei ole tegu j\u00e4relmaksuga, vaid krediidivabade makseviisidega \u2013 need ei m\u00f5juta sinu krediidiskoori.<\/li>\n<li>Inbanki makseviisiga tasumine on lihtne!<\/li>\n<\/ul>\n<\/div><\/div><\/div><\/div><\/div><\/div><div id=\"jarelmaks\" class=\"fusion-container-anchor\"><div class=\"fusion-fullwidth fullwidth-box fusion-builder-row-5 fusion-flex-container has-pattern-background has-mask-background nonhundred-percent-fullwidth non-hundred-percent-height-scrolling\" style=\"--awb-border-radius-top-left:0px;--awb-border-radius-top-right:0px;--awb-border-radius-bottom-right:0px;--awb-border-radius-bottom-left:0px;--awb-flex-wrap:wrap;\" ><div class=\"fusion-builder-row fusion-row fusion-flex-align-items-flex-start fusion-flex-content-wrap\" style=\"max-width:1248px;margin-left: calc(-4% \/ 2 );margin-right: calc(-4% \/ 2 );\"><div class=\"fusion-layout-column fusion_builder_column fusion-builder-column-4 fusion_builder_column_1_1 1_1 fusion-flex-column\" style=\"--awb-bg-size:cover;--awb-border-color:var(--awb-color3);--awb-border-top:1px;--awb-border-style:solid;--awb-width-large:100%;--awb-margin-top-large:0px;--awb-spacing-right-large:1.92%;--awb-margin-bottom-large:20px;--awb-spacing-left-large:1.92%;--awb-width-medium:100%;--awb-order-medium:0;--awb-spacing-right-medium:1.92%;--awb-spacing-left-medium:1.92%;--awb-width-small:100%;--awb-order-small:0;--awb-spacing-right-small:1.92%;--awb-spacing-left-small:1.92%;\" data-scroll-devices=\"small-visibility,medium-visibility,large-visibility\"><div class=\"fusion-column-wrapper fusion-column-has-shadow fusion-flex-justify-content-flex-start fusion-content-layout-column\"><div class=\"fusion-title title fusion-title-8 fusion-sep-none fusion-title-text fusion-title-size-two\"><h2 class=\"fusion-title-heading title-heading-left\" style=\"margin:0;\">J\u00e4relmaks<\/h2><\/div><div class=\"fusion-title title fusion-title-9 fusion-sep-none fusion-title-text fusion-title-size-div\" style=\"--awb-text-color:var(--awb-color5);--awb-font-size:14px;\"><div class=\"fusion-title-heading title-heading-left title-heading-tag\" style=\"font-family:&quot;Inter&quot;;font-style:normal;font-weight:600;margin:0;font-size:1em;text-transform:uppercase;\">Antud lahendus toimib j\u00e4rgnevates riikides: Eesti, L\u00e4ti ja Leedu<\/div><\/div><div class=\"fusion-text fusion-text-5\"><p>J\u00e4relmaks v\u00f5imaldab sul muuta suur \u00fchekordne v\u00e4ljaminek igakuiseks v\u00e4ikeseks kuluks ning tasuda toodete eest osade kaupa. Esimene makse alles kuu aja p\u00e4rast.<\/p>\n<p>Tooteid tellides palun t\u00e4itke j\u00e4relmaksutaotlus meie kodulehel.<\/p>\n<ol>\n<li>Valige toode ja lisage ostukorvi.<\/li>\n<li>Valige makseviisiks \u201cJ\u00e4relmaksuga\u201d. Taotlusvormi t\u00e4ites palutakse teil esitada vajalik teave ja tutvuda tingimustega. P\u00e4rast taotluse esitamist j\u00e4rgige juhiseid ja kontrollige oma e-posti.<br \/>\nPositiivse vastuse korral saate automaatse kirja koos lingiga lepingu s\u00f5lmimiseks AS Inbank Finance\u2019iga. Leping palume allkirjastada digitaalselt. Juhul, kui teil puudub lepingu digiallkirjastamise v\u00f5imalus, v\u00f5tke meiega \u00fchendust, et saaksime korraldada allkirjastamise v\u00f5imaluse paberkandjal. Kui olete lepingu edukalt allkirjastanud, l\u00e4heb teie tellimus t\u00f6\u00f6tlemisele.<br \/>\nMeie meeskond v\u00f5i j\u00e4relmaksu pakkuv pank v\u00f5ib teiega \u00fchendust v\u00f5tta, et saada t\u00e4iendavaid dokumente v\u00f5i teavet, kui see on taotluse hindamiseks vajalik.<br \/>\nKui teie taotluse vastus on eitav, saad selle kohta e-kirja.<\/li>\n<li>NB! Kauba saab k\u00e4tte ainult j\u00e4relmaksu lepingus m\u00e4rgitud isik.<\/li>\n<li>J\u00e4relmaksu pakutakse ainult f\u00fc\u00fcsilistele isikutele, juriidilistele isikutele see ei kohaldu.<\/li>\n<li>P\u00e4rast k\u00f5ikide j\u00e4relmaksu lepingu j\u00e4rgsete tingimuste t\u00e4itmist saatete toote omanikuks.<\/li>\n<\/ol>\n<p>Iga laen on finantskohustus. Kaaluge oma otsust hoolikalt &#8211; tutvuge j\u00e4relmaksu lepingu tingimustega ning vajadusel pidage n\u00f5u asjatundjatega.<\/p>\n<p>J\u00e4relmaksu tingimused ja lisainfo<\/p>\n<ul>\n<li>J\u00e4relmaksu v\u00f5ivad taotleda k\u00f5ik v\u00e4hemalt 18-aastased Eesti Vabariigi kodanikud v\u00f5i Eestis elamisluba omavad isikud.<\/li>\n<li>Lepingu kestus v\u00f5ib olla 9 kuni 60 kuud. Lepingu periood on erinev ja s\u00f5ltub sinu ostu summast.<\/li>\n<li>Intress on 22%.<\/li>\n<li>Lepingutasu 0 \u20ac.<\/li>\n<li>Teil on v\u00f5imalus taotleda maksepuhkust ja l\u00fckata esimene tagasimakse 6 kuud edasi. Pidage meeles, et 6-kuulise maksepuhkuse perioodi eest arvestatakse intressim\u00e4\u00e4ra.<\/li>\n<li>J\u00e4relmaksuga tasumine on v\u00f5imalik ainult juhul, kui sinu tellimuse ostusumma on v\u00e4hemalt 50 eurot.<br \/>\nT\u00fc\u00fcpn\u00e4ide: j\u00e4relmaksu krediidi kulukuse m\u00e4\u00e4r on 45,77% aastas j\u00e4rgmistel n\u00e4idistingimustel: j\u00e4relmaksu summa 300 \u20ac, lepinguperiood kuudes 12, intressim\u00e4\u00e4r 22% ostusummalt, sissemakse 0%, haldustasu 0%, igakuine osamakse 30,50 \u20ac, krediidi kogukulu 366 \u20ac. Teenuse pakkujaks on AS Inbank Finance. Enne lepingu s\u00f5lmimist soovitame tutvuda finantsteenuse tingimustega ja vajadusel konsulteerida spetsialistiga.<br \/>\nTeile pakutav tarbijakrediidi lepingu t\u00e4htaeg v\u00f5ib vastutustundliku laenamise tingimustest tulenevalt erineda teie poolt valitud t\u00e4htajast.<\/li>\n<\/ul>\n<\/div><\/div><\/div><\/div><\/div><\/div><div id=\"ariklient\" class=\"fusion-container-anchor\"><div class=\"fusion-fullwidth fullwidth-box fusion-builder-row-6 fusion-flex-container has-pattern-background has-mask-background nonhundred-percent-fullwidth non-hundred-percent-height-scrolling\" style=\"--awb-border-radius-top-left:0px;--awb-border-radius-top-right:0px;--awb-border-radius-bottom-right:0px;--awb-border-radius-bottom-left:0px;--awb-flex-wrap:wrap;\" ><div class=\"fusion-builder-row fusion-row fusion-flex-align-items-flex-start fusion-flex-content-wrap\" style=\"max-width:1248px;margin-left: calc(-4% \/ 2 );margin-right: calc(-4% \/ 2 );\"><div class=\"fusion-layout-column fusion_builder_column fusion-builder-column-5 fusion_builder_column_1_1 1_1 fusion-flex-column\" style=\"--awb-bg-size:cover;--awb-border-color:var(--awb-color3);--awb-border-top:1px;--awb-border-style:solid;--awb-width-large:100%;--awb-margin-top-large:0px;--awb-spacing-right-large:1.92%;--awb-margin-bottom-large:20px;--awb-spacing-left-large:1.92%;--awb-width-medium:100%;--awb-order-medium:0;--awb-spacing-right-medium:1.92%;--awb-spacing-left-medium:1.92%;--awb-width-small:100%;--awb-order-small:0;--awb-spacing-right-small:1.92%;--awb-spacing-left-small:1.92%;\" data-scroll-devices=\"small-visibility,medium-visibility,large-visibility\"><div class=\"fusion-column-wrapper fusion-column-has-shadow fusion-flex-justify-content-flex-start fusion-content-layout-column\"><div class=\"fusion-title title fusion-title-10 fusion-sep-none fusion-title-text fusion-title-size-two\"><h2 class=\"fusion-title-heading title-heading-left\" style=\"margin:0;\">Tenor kasutusrent \u00e4rikliendile<\/h2><\/div><div class=\"fusion-title title fusion-title-11 fusion-sep-none fusion-title-text fusion-title-size-div\" style=\"--awb-text-color:var(--awb-color5);--awb-font-size:14px;\"><div class=\"fusion-title-heading title-heading-left title-heading-tag\" style=\"font-family:&quot;Inter&quot;;font-style:normal;font-weight:600;margin:0;font-size:1em;text-transform:uppercase;\">Antud lahendus toimib j\u00e4rgnevates riikides: Eesti<\/div><\/div><div class=\"fusion-text fusion-text-6\"><p>Koost\u00f6\u00f6s Tenor O\u00dc&#8217;ga pakume \u00e4rikliendile renditeenuse v\u00f5imalust.<br \/>Tenori renditeenusega saate osta tooteid allj\u00e4rgnevatel rendi tingimustel:<\/p>\n<ul>\n<li>Summa alates 400 \u20ac *<\/li>\n<li>Rendiperiood vahemikus 3 &#8211; 60 kuud<\/li>\n<li>Rendimakse arvestab seadme j\u00e4\u00e4kv\u00e4\u00e4rtust<\/li>\n<li>Lepingutasu alates 0 \u20ac<\/li>\n<li>Lepingut\u00fc\u00fcp: kasutusrent.<\/li>\n<li>Rendiperioodi l\u00f5pus tooted tagastatakse v\u00f5i on v\u00f5imalik kliendil need v\u00e4lja osta.<\/li>\n<li>Lepingut saab s\u00f5lmimida Eestis registreeritud juriidiline isik.<\/li>\n<\/ul>\n<p><em>* k\u00f5ik summad k\u00e4ibemaksuta.<\/em><\/p>\n<p><strong>Miks eelistada Tenori renditeenust?<\/strong><\/p>\n<ul>\n<li>Krediidilimiit<br \/>Saate Tenori renditeenuse taotlusele vastuse kohe. Rendilepingu vormistamine on kiire l\u00e4bi Tenori portaali. Kliendina saate \u00fclevaate s\u00f5lmitud rendilepingutest ja rendiseadmetest l\u00e4bi Tenori portaali.<\/li>\n<li>Arveldamine<br \/>Rendi tasumine toimub arvete alusel, kogu rendiperioodi jooksul on \u00fcks fikseeritud kuumakse, millele lisandub KM.<\/li>\n<li>Ennet\u00e4htaegne l\u00f5petamine<br \/>Soovi korral saate rendi maksta tagasi ennet\u00e4htaegselt ilma t\u00e4iendavate kulude ja tulevaste intressideta. Piisab kui esitate kirjaliku avalduse Tenori lepingu l\u00f5petamiseks. Ennet\u00e4htaegsel l\u00f5petamisel lisatakse rendi osamaksete j\u00e4\u00e4k Tenori v\u00e4ljaostu arvele.<\/li>\n<\/ul>\n<p>Tutvu teenusega l\u00e4hemalt <a href=\"https:\/\/app.tenor.ee\/\" target=\"_blank\" rel=\"noopener\">Tenori kodulehel<\/a>.<\/p>\n<p>Toodetega seotud k\u00fcsimuste korral (garantiijuhtumid, puudusega seadmed, tarned jne.) p\u00f6\u00f6rduge meie poole. Rendilepinguga seotud k\u00fcsimuste korral p\u00f6\u00f6rduge Tenori klienditeeninduse poole <a href=\"mailto:info@tenor.ee\">info@tenor.ee<\/a> v\u00f5i tel <a href=\"tel:+3726201170\">620 1170<\/a>.<\/p>\n<p>\u00a0<\/p>\n<\/div><\/div><\/div><\/div><\/div><\/div><\/p>\n","protected":false},"excerpt":{"rendered":"","protected":false},"author":3,"featured_media":0,"parent":0,"menu_order":0,"comment_status":"closed","ping_status":"closed","template":"100-width.php","meta":{"_acf_changed":false,"footnotes":""},"class_list":["post-21096","page","type-page","status-publish","hentry"],"acf":[],"yoast_head":"<!-- This site is optimized with the Yoast SEO plugin v24.3 - https:\/\/yoast.com\/wordpress\/plugins\/seo\/ -->\n<title>Makseviisid - BIOSWING<\/title>\n<meta name=\"robots\" content=\"index, follow, max-snippet:-1, max-image-preview:large, max-video-preview:-1\" \/>\n<link rel=\"canonical\" href=\"https:\/\/bioswing.ee\/et\/makseviisid\/\" \/>\n<meta property=\"og:locale\" content=\"et_EE\" \/>\n<meta property=\"og:type\" content=\"article\" \/>\n<meta property=\"og:title\" content=\"Makseviisid - BIOSWING\" \/>\n<meta property=\"og:url\" content=\"https:\/\/bioswing.ee\/et\/makseviisid\/\" \/>\n<meta property=\"og:site_name\" content=\"BIOSWING\" \/>\n<meta property=\"article:modified_time\" content=\"2024-12-19T11:42:28+00:00\" \/>\n<meta name=\"twitter:card\" content=\"summary_large_image\" \/>\n<meta name=\"twitter:label1\" content=\"Est. reading time\" \/>\n\t<meta name=\"twitter:data1\" content=\"4 minutit\" \/>\n<script type=\"application\/ld+json\" class=\"yoast-schema-graph\">{\"@context\":\"https:\/\/schema.org\",\"@graph\":[{\"@type\":\"WebPage\",\"@id\":\"https:\/\/bioswing.ee\/et\/makseviisid\/\",\"url\":\"https:\/\/bioswing.ee\/et\/makseviisid\/\",\"name\":\"Makseviisid - BIOSWING\",\"isPartOf\":{\"@id\":\"https:\/\/bioswing.ee\/#website\"},\"datePublished\":\"2024-12-19T11:01:11+00:00\",\"dateModified\":\"2024-12-19T11:42:28+00:00\",\"breadcrumb\":{\"@id\":\"https:\/\/bioswing.ee\/et\/makseviisid\/#breadcrumb\"},\"inLanguage\":\"et\",\"potentialAction\":[{\"@type\":\"ReadAction\",\"target\":[\"https:\/\/bioswing.ee\/et\/makseviisid\/\"]}]},{\"@type\":\"BreadcrumbList\",\"@id\":\"https:\/\/bioswing.ee\/et\/makseviisid\/#breadcrumb\",\"itemListElement\":[{\"@type\":\"ListItem\",\"position\":1,\"name\":\"Home\",\"item\":\"https:\/\/bioswing.ee\/et\/\"},{\"@type\":\"ListItem\",\"position\":2,\"name\":\"Makseviisid\"}]},{\"@type\":\"WebSite\",\"@id\":\"https:\/\/bioswing.ee\/#website\",\"url\":\"https:\/\/bioswing.ee\/\",\"name\":\"BIOSWING\",\"description\":\"Smart solutions for healthy sitting\",\"publisher\":{\"@id\":\"https:\/\/bioswing.ee\/#organization\"},\"potentialAction\":[{\"@type\":\"SearchAction\",\"target\":{\"@type\":\"EntryPoint\",\"urlTemplate\":\"https:\/\/bioswing.ee\/?s={search_term_string}\"},\"query-input\":{\"@type\":\"PropertyValueSpecification\",\"valueRequired\":true,\"valueName\":\"search_term_string\"}}],\"inLanguage\":\"et\"},{\"@type\":\"Organization\",\"@id\":\"https:\/\/bioswing.ee\/#organization\",\"name\":\"BIOSWING\",\"url\":\"https:\/\/bioswing.ee\/\",\"logo\":{\"@type\":\"ImageObject\",\"inLanguage\":\"et\",\"@id\":\"https:\/\/bioswing.ee\/#\/schema\/logo\/image\/\",\"url\":\"https:\/\/bioswing.ee\/wp-content\/uploads\/2023\/04\/logo_web.png\",\"contentUrl\":\"https:\/\/bioswing.ee\/wp-content\/uploads\/2023\/04\/logo_web.png\",\"width\":140,\"height\":122,\"caption\":\"BIOSWING\"},\"image\":{\"@id\":\"https:\/\/bioswing.ee\/#\/schema\/logo\/image\/\"}}]}<\/script>\n<!-- \/ Yoast SEO plugin. -->","yoast_head_json":{"title":"Makseviisid - BIOSWING","robots":{"index":"index","follow":"follow","max-snippet":"max-snippet:-1","max-image-preview":"max-image-preview:large","max-video-preview":"max-video-preview:-1"},"canonical":"https:\/\/bioswing.ee\/et\/makseviisid\/","og_locale":"et_EE","og_type":"article","og_title":"Makseviisid - BIOSWING","og_url":"https:\/\/bioswing.ee\/et\/makseviisid\/","og_site_name":"BIOSWING","article_modified_time":"2024-12-19T11:42:28+00:00","twitter_card":"summary_large_image","twitter_misc":{"Est. reading time":"4 minutit"},"schema":{"@context":"https:\/\/schema.org","@graph":[{"@type":"WebPage","@id":"https:\/\/bioswing.ee\/et\/makseviisid\/","url":"https:\/\/bioswing.ee\/et\/makseviisid\/","name":"Makseviisid - BIOSWING","isPartOf":{"@id":"https:\/\/bioswing.ee\/#website"},"datePublished":"2024-12-19T11:01:11+00:00","dateModified":"2024-12-19T11:42:28+00:00","breadcrumb":{"@id":"https:\/\/bioswing.ee\/et\/makseviisid\/#breadcrumb"},"inLanguage":"et","potentialAction":[{"@type":"ReadAction","target":["https:\/\/bioswing.ee\/et\/makseviisid\/"]}]},{"@type":"BreadcrumbList","@id":"https:\/\/bioswing.ee\/et\/makseviisid\/#breadcrumb","itemListElement":[{"@type":"ListItem","position":1,"name":"Home","item":"https:\/\/bioswing.ee\/et\/"},{"@type":"ListItem","position":2,"name":"Makseviisid"}]},{"@type":"WebSite","@id":"https:\/\/bioswing.ee\/#website","url":"https:\/\/bioswing.ee\/","name":"BIOSWING","description":"Smart solutions for healthy sitting","publisher":{"@id":"https:\/\/bioswing.ee\/#organization"},"potentialAction":[{"@type":"SearchAction","target":{"@type":"EntryPoint","urlTemplate":"https:\/\/bioswing.ee\/?s={search_term_string}"},"query-input":{"@type":"PropertyValueSpecification","valueRequired":true,"valueName":"search_term_string"}}],"inLanguage":"et"},{"@type":"Organization","@id":"https:\/\/bioswing.ee\/#organization","name":"BIOSWING","url":"https:\/\/bioswing.ee\/","logo":{"@type":"ImageObject","inLanguage":"et","@id":"https:\/\/bioswing.ee\/#\/schema\/logo\/image\/","url":"https:\/\/bioswing.ee\/wp-content\/uploads\/2023\/04\/logo_web.png","contentUrl":"https:\/\/bioswing.ee\/wp-content\/uploads\/2023\/04\/logo_web.png","width":140,"height":122,"caption":"BIOSWING"},"image":{"@id":"https:\/\/bioswing.ee\/#\/schema\/logo\/image\/"}}]}},"_links":{"self":[{"href":"https:\/\/bioswing.ee\/et\/wp-json\/wp\/v2\/pages\/21096"}],"collection":[{"href":"https:\/\/bioswing.ee\/et\/wp-json\/wp\/v2\/pages"}],"about":[{"href":"https:\/\/bioswing.ee\/et\/wp-json\/wp\/v2\/types\/page"}],"author":[{"embeddable":true,"href":"https:\/\/bioswing.ee\/et\/wp-json\/wp\/v2\/users\/3"}],"replies":[{"embeddable":true,"href":"https:\/\/bioswing.ee\/et\/wp-json\/wp\/v2\/comments?post=21096"}],"version-history":[{"count":14,"href":"https:\/\/bioswing.ee\/et\/wp-json\/wp\/v2\/pages\/21096\/revisions"}],"predecessor-version":[{"id":21110,"href":"https:\/\/bioswing.ee\/et\/wp-json\/wp\/v2\/pages\/21096\/revisions\/21110"}],"wp:attachment":[{"href":"https:\/\/bioswing.ee\/et\/wp-json\/wp\/v2\/media?parent=21096"}],"curies":[{"name":"wp","href":"https:\/\/api.w.org\/{rel}","templated":true}]}}