{"id":2038,"date":"2023-07-13T13:13:28","date_gmt":"2023-07-13T13:13:28","guid":{"rendered":"https:\/\/bioswing.ee\/terms\/"},"modified":"2023-08-08T12:24:07","modified_gmt":"2023-08-08T12:24:07","slug":"muugitingimused","status":"publish","type":"page","link":"https:\/\/bioswing.ee\/et\/muugitingimused\/","title":{"rendered":"M\u00dc\u00dcGITINGIMUSED"},"content":{"rendered":"<p><div class=\"fusion-fullwidth fullwidth-box fusion-builder-row-1 fusion-flex-container has-pattern-background has-mask-background nonhundred-percent-fullwidth non-hundred-percent-height-scrolling\" style=\"--awb-border-radius-top-left:0px;--awb-border-radius-top-right:0px;--awb-border-radius-bottom-right:0px;--awb-border-radius-bottom-left:0px;--awb-flex-wrap:wrap;\" ><div class=\"fusion-builder-row fusion-row fusion-flex-align-items-center fusion-flex-content-wrap\" style=\"max-width:1248px;margin-left: calc(-4% \/ 2 );margin-right: calc(-4% \/ 2 );\"><div class=\"fusion-layout-column fusion_builder_column fusion-builder-column-0 fusion_builder_column_1_5 1_5 fusion-flex-column\" style=\"--awb-bg-size:cover;--awb-width-large:20%;--awb-margin-top-large:0px;--awb-spacing-right-large:9.6%;--awb-margin-bottom-large:20px;--awb-spacing-left-large:9.6%;--awb-width-medium:20%;--awb-order-medium:0;--awb-spacing-right-medium:9.6%;--awb-spacing-left-medium:9.6%;--awb-width-small:100%;--awb-order-small:0;--awb-spacing-right-small:1.92%;--awb-spacing-left-small:1.92%;\"><div class=\"fusion-column-wrapper fusion-column-has-shadow fusion-flex-justify-content-flex-start fusion-content-layout-column\"><\/div><\/div><div class=\"fusion-layout-column fusion_builder_column fusion-builder-column-1 fusion_builder_column_3_5 3_5 fusion-flex-column\" style=\"--awb-bg-size:cover;--awb-width-large:60%;--awb-margin-top-large:0px;--awb-spacing-right-large:3.2%;--awb-margin-bottom-large:20px;--awb-spacing-left-large:3.2%;--awb-width-medium:60%;--awb-order-medium:0;--awb-spacing-right-medium:3.2%;--awb-spacing-left-medium:3.2%;--awb-width-small:100%;--awb-order-small:0;--awb-spacing-right-small:1.92%;--awb-spacing-left-small:1.92%;\"><div class=\"fusion-column-wrapper fusion-column-has-shadow fusion-flex-justify-content-flex-start fusion-content-layout-column\"><div class=\"fusion-title title fusion-title-1 fusion-sep-none fusion-title-text fusion-title-size-one\"><h1 class=\"fusion-title-heading title-heading-left\" style=\"margin:0;\">M\u00fc\u00fcgitingimused<\/h1><\/div><div class=\"fusion-text fusion-text-1\"><p><strong>M\u00fc\u00fcgitehingute standardtingimused<\/strong><\/p>\n<p>Kehtivad veebipoes alates 1. juuni 2023.<\/p>\n<ol>\n<li><strong> \u00dclds\u00e4tted<\/strong><\/li>\n<\/ol>\n<p>1.1. Nende standardtingimustega m\u00e4\u00e4ratletakse SKS V\u00f5ru O\u00dc (edaspidi \u201em\u00fc\u00fcja\u201c) ning ostja vahelise \u00f5igussuhte \u00fcldp\u00f5him\u00f5tted ning ostja ja m\u00fc\u00fcja (edaspidi koos \u201epooled\u201c) vaheliste tehingute standardtingimused. Standardtingimused kehtivad k\u00f5ikidele poolte vahel tekkinud \u00f5igussuhetele.<\/p>\n<p>1.2. Lisaks standardtingimustele reguleerivad poolte vahelisi \u00f5igussuhteid Eesti Vabariigi \u00f5igusnormid ning mistahes muud eksisteerivad tellimused v\u00f5i lepingud, kui need on olemas.<\/p>\n<p>1.3. Standardtingimuste ja tellimuse vahel tekkivate vastuolude korral kehtivad tellimuse s\u00e4tted. Standardtingimuste v\u00f5i tellimuse ja lepingu vahel tekkivate vastuolude korral kehtivad lepingu punktid.<\/p>\n<p>Kui kontekst seda n\u00f5uab, h\u00f5lmavad ainsuses kasutatavad s\u00f5nad ka mitmust ja vastupidi. Standardtingimustesse lugemismugavuse tagamiseks lisatud pealkirjad ei m\u00f5juta mingil viisil punktide sisu t\u00f5lgendamist.<\/p>\n<p>1.4. Standardtingimuste iga punkti t\u00f5lgendatakse koos teiste standardtingimuste punktidega standardtingimuste t\u00e4henduse ja eesm\u00e4rgi alusel.<\/p>\n<ol start=\"2\">\n<li><strong> M\u00f5isted<\/strong><\/li>\n<\/ol>\n<p>2.1. M\u00fc\u00fcja on SKS V\u00f5ru O\u00dc.<\/p>\n<p>2.2. Ostja on mistahes f\u00fc\u00fcsiline v\u00f5i juriidiline isik, kes ostab v\u00f5i soovib osta m\u00fc\u00fcja pakutavaid tooteid ja\/v\u00f5i teenuseid.<\/p>\n<p>2.3. Toode on mistahes m\u00f6\u00f6bliese v\u00f5i muu m\u00f6\u00f6blitoode, mille m\u00fc\u00fcja ostjale m\u00fc\u00fcb.<\/p>\n<p>2.4. Teenus on m\u00fc\u00fcja poolt ostja soovil koostatud ruumiplaan v\u00f5i sisekujunduslahendus, m\u00fc\u00fcjapoolne m\u00fc\u00fcdud toodete transport ostja antud aadressile ning toote kokkumonteerimine ja paigaldamine.<\/p>\n<p>2.5. Hinnakiri on m\u00fc\u00fcja kinnitatud dokument, mis kajastab toodete ja teenuste hindu.<\/p>\n<p>2.6. Tellimuse kinnitus loetakse ostja ja m\u00fc\u00fcja vaheliseks ostulepinguks.<\/p>\n<p>2.7. Tellimuse t\u00e4itmise t\u00e4htaeg on aeg, milleks peab toode ja\/v\u00f5i ostutatud teenus olema ostjale k\u00e4ttesaadavaks tehtud.<\/p>\n<ol start=\"3\">\n<li><strong> Hinnastamine<\/strong><\/li>\n<\/ol>\n<p>3.1. Toodetele ja teenustele kehtivad hinnad on toodud m\u00fc\u00fcja kehtestatud hinnakirjas. Hinnakirjas toodud hinnad sisaldavad k\u00e4ibemaksu, kuid ei sisalda kaubaaluse hinda. Hinnakirjas toodud hinnad sisaldavad pakendi hinda.<\/p>\n<p>3.2. M\u00fc\u00fcjal on \u00f5igus hinnakirja \u00fchepoolselt muudatusi teha. Muudatused hakkavad kehtima nende tegemise kuup\u00e4evast v\u00f5i muust m\u00fc\u00fcja seatud kuup\u00e4evast. Hinnakirja muudatustel ei ole tagasiulatuvat m\u00f5ju enne hinnakirja muudatust tehtud hinnapakkumistele ja esitatud tellimustele.<\/p>\n<ol start=\"4\">\n<li><strong> Maksetingimused<\/strong><\/li>\n<\/ol>\n<p>4.1. M\u00fc\u00fcjal on \u00f5igus n\u00f5uda ostjalt enne tellimuse t\u00e4itma asumist toote v\u00f5i teenuse eest ettemaksu m\u00fc\u00fcja m\u00e4\u00e4ratud mahus. Veebipoes esitatud tellimuste puhul tuleb t\u00e4ies mahus tasuda ettemaksuarve ning alles seej\u00e4rel v\u00f5etakse tellimus t\u00e4itmiseks vastu.<\/p>\n<p>4.2. K\u00f5ik ostja tasutavad summad loetakse n\u00f5uetekohaselt m\u00fc\u00fcjale makstuks, kui vastavad summad on laekunud m\u00fc\u00fcja pangakontole.<\/p>\n<ol start=\"5\">\n<li><strong> Toote ja teenuse tellimine<\/strong><\/li>\n<\/ol>\n<p>5.1. Toote v\u00f5i teenuse ostmiseks esitab ostja m\u00fc\u00fcjale tellimuse l\u00e4bi veebipoe keskkonna.<\/p>\n<p>5.2. Tellimus kontrollitakse \u00fcle ning ostjale saadetakse e-posti teel tellimuse kinnitus ja ettemaksuarve, vajaduse korral lisatakse info transporditasu ning kohaletoimetamise aja kohta.<\/p>\n<p>5.3. P\u00e4rast ettemaksuarve tasumist saadetakse ostjale e-posti teel kinnituskiri tellimuse t\u00e4itmisele saatmise kohta. Kinnituskiri sisaldab ostja tellitud toodete saabumisaega m\u00fc\u00fcja lattu ning infot tellimuse kohaletoimetamise kohta ostja t\u00e4psustatud asukohta. Kui ostja \u00fcks tellimus sisaldab erineva tarneajaga tooteid, siis arvestatakse kohaletoimetamisaega k\u00f5ige pikema tarneajaga toote j\u00e4rgi.<\/p>\n<ol start=\"6\">\n<li><strong> Tellimuse t\u00e4itmine<\/strong><\/li>\n<\/ol>\n<p>6.1. M\u00fc\u00fcja hakkab tellimust t\u00e4itma p\u00e4rast ettemaksuarve \u00f5igeaegset tasumist.<\/p>\n<p>6.2. Kui ettemaksuarvet ei tasuta 7 p\u00e4eva jooksul arve esitamisest, siis ostja tellimus ja ettemaksuarve t\u00fchistatakse.<\/p>\n<ol start=\"7\">\n<li><strong> Toote v\u00f5i teenuse kohaletoimetamine<\/strong><\/li>\n<\/ol>\n<p>7.1. Toote \u00fcleandmine\/vastuv\u00f5tmine t\u00e4hendab toote \u00fcleandmist ostjale tellimuses kokku lepitud transporditingimuste alusel.<\/p>\n<p>7.2. Toote annab ostjale v\u00f5i ostja esindajale \u00fcle transpordifirma esindaja isikut t\u00f5endava dokumendi alusel.<\/p>\n<p>7.3. Ostja kinnitab toote k\u00e4ttesaamist toote nimetust ja kogust sisaldava saatedokumendi allkirjastamisega. Ostja volitatud isik peab oma volitusi t\u00f5endama.<\/p>\n<p>7.4. Kui ostja ei ole toodet m\u00f5istliku aja jooksul vastu v\u00f5tnud, kuid tal on selleks m\u00f5juvad p\u00f5hjused, v\u00f5ib m\u00fc\u00fcja anda ostjale lisaaega, ostjat sellest kirjalikult teavitades. Konkreetse lisaaja lepivad pooled kokku juhtumip\u00f5hiselt. Kui ostja ei v\u00f5ta toodet m\u00fc\u00fcja antud lisaaja jooksul vastu, on m\u00fc\u00fcjal \u00f5igus tellimus tagasi v\u00f5tta.<\/p>\n<ol start=\"8\">\n<li><strong> Riskide \u00fcleandmine<\/strong><\/li>\n<\/ol>\n<p>8.1. Toote juhusliku h\u00e4vimise v\u00f5i kahjustumise risk l\u00e4heb m\u00fc\u00fcjalt ostjale \u00fcle toote \u00fcleandmise hetkel.<\/p>\n<ol start=\"9\">\n<li><strong> Intellektuaalomandi kaitse<\/strong><\/li>\n<\/ol>\n<p>9.1. Ostjale \u00fcle antud dokumendid (n\u00e4iteks joonised, eskiisid, plaanid jne) on m\u00fc\u00fcja intellektuaalomand ja j\u00e4\u00e4vad selleks. Neid dokumente ei ole lubatud kopeerida ega kolmandatele isikutele k\u00e4ttesaadavaks teha.<\/p>\n<\/div><\/div><\/div><div class=\"fusion-layout-column fusion_builder_column fusion-builder-column-2 fusion_builder_column_1_5 1_5 fusion-flex-column\" style=\"--awb-bg-size:cover;--awb-width-large:20%;--awb-margin-top-large:0px;--awb-spacing-right-large:9.6%;--awb-margin-bottom-large:20px;--awb-spacing-left-large:9.6%;--awb-width-medium:20%;--awb-order-medium:0;--awb-spacing-right-medium:9.6%;--awb-spacing-left-medium:9.6%;--awb-width-small:100%;--awb-order-small:0;--awb-spacing-right-small:1.92%;--awb-spacing-left-small:1.92%;\"><div class=\"fusion-column-wrapper fusion-column-has-shadow fusion-flex-justify-content-flex-start fusion-content-layout-column\"><\/div><\/div><\/div><\/div><div class=\"fusion-fullwidth fullwidth-box fusion-builder-row-2 fusion-flex-container has-pattern-background has-mask-background nonhundred-percent-fullwidth non-hundred-percent-height-scrolling\" style=\"--awb-border-radius-top-left:0px;--awb-border-radius-top-right:0px;--awb-border-radius-bottom-right:0px;--awb-border-radius-bottom-left:0px;--awb-flex-wrap:wrap;\" ><div class=\"fusion-builder-row fusion-row fusion-flex-align-items-flex-start fusion-flex-content-wrap\" style=\"max-width:1248px;margin-left: calc(-4% \/ 2 );margin-right: calc(-4% \/ 2 );\"><\/div><\/div><\/p>\n","protected":false},"excerpt":{"rendered":"","protected":false},"author":2,"featured_media":0,"parent":0,"menu_order":0,"comment_status":"closed","ping_status":"closed","template":"100-width.php","meta":{"_acf_changed":false,"footnotes":""},"class_list":["post-2038","page","type-page","status-publish","hentry"],"acf":[],"yoast_head":"<!-- This site is optimized with the Yoast SEO plugin v24.3 - https:\/\/yoast.com\/wordpress\/plugins\/seo\/ -->\n<title>M\u00dc\u00dcGITINGIMUSED - BIOSWING<\/title>\n<meta name=\"robots\" content=\"index, follow, max-snippet:-1, max-image-preview:large, max-video-preview:-1\" \/>\n<link rel=\"canonical\" href=\"https:\/\/bioswing.ee\/et\/muugitingimused\/\" \/>\n<meta property=\"og:locale\" content=\"et_EE\" \/>\n<meta property=\"og:type\" content=\"article\" \/>\n<meta property=\"og:title\" content=\"M\u00dc\u00dcGITINGIMUSED - BIOSWING\" \/>\n<meta property=\"og:url\" content=\"https:\/\/bioswing.ee\/et\/muugitingimused\/\" \/>\n<meta property=\"og:site_name\" content=\"BIOSWING\" \/>\n<meta property=\"article:modified_time\" content=\"2023-08-08T12:24:07+00:00\" \/>\n<meta name=\"twitter:card\" content=\"summary_large_image\" \/>\n<meta name=\"twitter:label1\" content=\"Est. reading time\" \/>\n\t<meta name=\"twitter:data1\" content=\"13 minutit\" \/>\n<script type=\"application\/ld+json\" class=\"yoast-schema-graph\">{\"@context\":\"https:\/\/schema.org\",\"@graph\":[{\"@type\":\"WebPage\",\"@id\":\"https:\/\/bioswing.ee\/et\/muugitingimused\/\",\"url\":\"https:\/\/bioswing.ee\/et\/muugitingimused\/\",\"name\":\"M\u00dc\u00dcGITINGIMUSED - BIOSWING\",\"isPartOf\":{\"@id\":\"https:\/\/bioswing.ee\/#website\"},\"datePublished\":\"2023-07-13T13:13:28+00:00\",\"dateModified\":\"2023-08-08T12:24:07+00:00\",\"breadcrumb\":{\"@id\":\"https:\/\/bioswing.ee\/et\/muugitingimused\/#breadcrumb\"},\"inLanguage\":\"et\",\"potentialAction\":[{\"@type\":\"ReadAction\",\"target\":[\"https:\/\/bioswing.ee\/et\/muugitingimused\/\"]}]},{\"@type\":\"BreadcrumbList\",\"@id\":\"https:\/\/bioswing.ee\/et\/muugitingimused\/#breadcrumb\",\"itemListElement\":[{\"@type\":\"ListItem\",\"position\":1,\"name\":\"Home\",\"item\":\"https:\/\/bioswing.ee\/et\/\"},{\"@type\":\"ListItem\",\"position\":2,\"name\":\"M\u00dc\u00dcGITINGIMUSED\"}]},{\"@type\":\"WebSite\",\"@id\":\"https:\/\/bioswing.ee\/#website\",\"url\":\"https:\/\/bioswing.ee\/\",\"name\":\"BIOSWING\",\"description\":\"Smart solutions for healthy sitting\",\"publisher\":{\"@id\":\"https:\/\/bioswing.ee\/#organization\"},\"potentialAction\":[{\"@type\":\"SearchAction\",\"target\":{\"@type\":\"EntryPoint\",\"urlTemplate\":\"https:\/\/bioswing.ee\/?s={search_term_string}\"},\"query-input\":{\"@type\":\"PropertyValueSpecification\",\"valueRequired\":true,\"valueName\":\"search_term_string\"}}],\"inLanguage\":\"et\"},{\"@type\":\"Organization\",\"@id\":\"https:\/\/bioswing.ee\/#organization\",\"name\":\"BIOSWING\",\"url\":\"https:\/\/bioswing.ee\/\",\"logo\":{\"@type\":\"ImageObject\",\"inLanguage\":\"et\",\"@id\":\"https:\/\/bioswing.ee\/#\/schema\/logo\/image\/\",\"url\":\"https:\/\/bioswing.ee\/wp-content\/uploads\/2023\/04\/logo_web.png\",\"contentUrl\":\"https:\/\/bioswing.ee\/wp-content\/uploads\/2023\/04\/logo_web.png\",\"width\":140,\"height\":122,\"caption\":\"BIOSWING\"},\"image\":{\"@id\":\"https:\/\/bioswing.ee\/#\/schema\/logo\/image\/\"}}]}<\/script>\n<!-- \/ Yoast SEO plugin. -->","yoast_head_json":{"title":"M\u00dc\u00dcGITINGIMUSED - BIOSWING","robots":{"index":"index","follow":"follow","max-snippet":"max-snippet:-1","max-image-preview":"max-image-preview:large","max-video-preview":"max-video-preview:-1"},"canonical":"https:\/\/bioswing.ee\/et\/muugitingimused\/","og_locale":"et_EE","og_type":"article","og_title":"M\u00dc\u00dcGITINGIMUSED - BIOSWING","og_url":"https:\/\/bioswing.ee\/et\/muugitingimused\/","og_site_name":"BIOSWING","article_modified_time":"2023-08-08T12:24:07+00:00","twitter_card":"summary_large_image","twitter_misc":{"Est. reading time":"13 minutit"},"schema":{"@context":"https:\/\/schema.org","@graph":[{"@type":"WebPage","@id":"https:\/\/bioswing.ee\/et\/muugitingimused\/","url":"https:\/\/bioswing.ee\/et\/muugitingimused\/","name":"M\u00dc\u00dcGITINGIMUSED - BIOSWING","isPartOf":{"@id":"https:\/\/bioswing.ee\/#website"},"datePublished":"2023-07-13T13:13:28+00:00","dateModified":"2023-08-08T12:24:07+00:00","breadcrumb":{"@id":"https:\/\/bioswing.ee\/et\/muugitingimused\/#breadcrumb"},"inLanguage":"et","potentialAction":[{"@type":"ReadAction","target":["https:\/\/bioswing.ee\/et\/muugitingimused\/"]}]},{"@type":"BreadcrumbList","@id":"https:\/\/bioswing.ee\/et\/muugitingimused\/#breadcrumb","itemListElement":[{"@type":"ListItem","position":1,"name":"Home","item":"https:\/\/bioswing.ee\/et\/"},{"@type":"ListItem","position":2,"name":"M\u00dc\u00dcGITINGIMUSED"}]},{"@type":"WebSite","@id":"https:\/\/bioswing.ee\/#website","url":"https:\/\/bioswing.ee\/","name":"BIOSWING","description":"Smart solutions for healthy sitting","publisher":{"@id":"https:\/\/bioswing.ee\/#organization"},"potentialAction":[{"@type":"SearchAction","target":{"@type":"EntryPoint","urlTemplate":"https:\/\/bioswing.ee\/?s={search_term_string}"},"query-input":{"@type":"PropertyValueSpecification","valueRequired":true,"valueName":"search_term_string"}}],"inLanguage":"et"},{"@type":"Organization","@id":"https:\/\/bioswing.ee\/#organization","name":"BIOSWING","url":"https:\/\/bioswing.ee\/","logo":{"@type":"ImageObject","inLanguage":"et","@id":"https:\/\/bioswing.ee\/#\/schema\/logo\/image\/","url":"https:\/\/bioswing.ee\/wp-content\/uploads\/2023\/04\/logo_web.png","contentUrl":"https:\/\/bioswing.ee\/wp-content\/uploads\/2023\/04\/logo_web.png","width":140,"height":122,"caption":"BIOSWING"},"image":{"@id":"https:\/\/bioswing.ee\/#\/schema\/logo\/image\/"}}]}},"_links":{"self":[{"href":"https:\/\/bioswing.ee\/et\/wp-json\/wp\/v2\/pages\/2038"}],"collection":[{"href":"https:\/\/bioswing.ee\/et\/wp-json\/wp\/v2\/pages"}],"about":[{"href":"https:\/\/bioswing.ee\/et\/wp-json\/wp\/v2\/types\/page"}],"author":[{"embeddable":true,"href":"https:\/\/bioswing.ee\/et\/wp-json\/wp\/v2\/users\/2"}],"replies":[{"embeddable":true,"href":"https:\/\/bioswing.ee\/et\/wp-json\/wp\/v2\/comments?post=2038"}],"version-history":[{"count":1,"href":"https:\/\/bioswing.ee\/et\/wp-json\/wp\/v2\/pages\/2038\/revisions"}],"predecessor-version":[{"id":2044,"href":"https:\/\/bioswing.ee\/et\/wp-json\/wp\/v2\/pages\/2038\/revisions\/2044"}],"wp:attachment":[{"href":"https:\/\/bioswing.ee\/et\/wp-json\/wp\/v2\/media?parent=2038"}],"curies":[{"name":"wp","href":"https:\/\/api.w.org\/{rel}","templated":true}]}}