{"id":2023,"date":"2023-03-31T19:29:21","date_gmt":"2023-03-31T19:29:21","guid":{"rendered":"https:\/\/bioswing.ee\/privacy-policy\/"},"modified":"2023-08-08T12:13:06","modified_gmt":"2023-08-08T12:13:06","slug":"privaatsuspoliitika","status":"publish","type":"page","link":"https:\/\/bioswing.ee\/et\/privaatsuspoliitika\/","title":{"rendered":"Privaatsuspoliitika"},"content":{"rendered":"<p><div class=\"fusion-fullwidth fullwidth-box fusion-builder-row-1 fusion-flex-container has-pattern-background has-mask-background nonhundred-percent-fullwidth non-hundred-percent-height-scrolling\" style=\"--awb-border-radius-top-left:0px;--awb-border-radius-top-right:0px;--awb-border-radius-bottom-right:0px;--awb-border-radius-bottom-left:0px;--awb-flex-wrap:wrap;\" ><div class=\"fusion-builder-row fusion-row fusion-flex-align-items-center fusion-flex-content-wrap\" style=\"max-width:1248px;margin-left: calc(-4% \/ 2 );margin-right: calc(-4% \/ 2 );\"><div class=\"fusion-layout-column fusion_builder_column fusion-builder-column-0 fusion_builder_column_1_5 1_5 fusion-flex-column\" style=\"--awb-bg-size:cover;--awb-width-large:20%;--awb-margin-top-large:0px;--awb-spacing-right-large:9.6%;--awb-margin-bottom-large:20px;--awb-spacing-left-large:9.6%;--awb-width-medium:20%;--awb-order-medium:0;--awb-spacing-right-medium:9.6%;--awb-spacing-left-medium:9.6%;--awb-width-small:100%;--awb-order-small:0;--awb-spacing-right-small:1.92%;--awb-spacing-left-small:1.92%;\"><div class=\"fusion-column-wrapper fusion-column-has-shadow fusion-flex-justify-content-flex-start fusion-content-layout-column\"><\/div><\/div><div class=\"fusion-layout-column fusion_builder_column fusion-builder-column-1 fusion_builder_column_3_5 3_5 fusion-flex-column\" style=\"--awb-bg-size:cover;--awb-width-large:60%;--awb-margin-top-large:0px;--awb-spacing-right-large:3.2%;--awb-margin-bottom-large:20px;--awb-spacing-left-large:3.2%;--awb-width-medium:60%;--awb-order-medium:0;--awb-spacing-right-medium:3.2%;--awb-spacing-left-medium:3.2%;--awb-width-small:100%;--awb-order-small:0;--awb-spacing-right-small:1.92%;--awb-spacing-left-small:1.92%;\"><div class=\"fusion-column-wrapper fusion-column-has-shadow fusion-flex-justify-content-flex-start fusion-content-layout-column\"><div class=\"fusion-title title fusion-title-1 fusion-sep-none fusion-title-text fusion-title-size-one\"><h1 class=\"fusion-title-heading title-heading-left\" style=\"margin:0;\">Privaatsuspoliitika<\/h1><\/div><div class=\"fusion-text fusion-text-1\"><p><strong>Andmekaitsep\u00f5him\u00f5tted<\/strong><\/p>\n<p>Meie klientide ja partnerite usaldus on meile \u00e4\u00e4rmiselt oluline. Soovime, et k\u00f5ik, kes meiega oma isikuandmeid jagavad, saaksid olla kindlad, et hoiame neid andmeid parimal v\u00f5imalikul viisil.<\/p>\n<p>Andmekaitsep\u00f5him\u00f5tted on koostatud SKS V\u00f5ru O\u00dc endiste, praeguste ja tulevaste klientide privaatsuse kaitsmiseks. Selle alusel m\u00e4\u00e4ratleme klientide isikuandmete kogumise, kasutamise, s\u00e4ilitamise, edastamise ja avaldamise p\u00f5him\u00f5tted koosk\u00f5las Eesti Vabariigi ja Euroopa Liidu seadusandlusega.<\/p>\n<p><strong>Isikuandmete kogumine ja kasutamine<\/strong><\/p>\n<p>Me k\u00e4itleme meiega vabatahtlikult jagatud andmeid isikuandmetena. Isikuandmete hulka v\u00f5ivad kuuluda nimi, telefoninumber, e-posti aadress, elukoha aadress ja muu info.<\/p>\n<p>Me kasutame isikuandmeid ainult selleks, et pakkuda oma klientidele v\u00e4rskeimat turundusinfot, jagada uusi arendusi, vastata k\u00fcsimustele, jagada parimaid pakkumisi ning infot kliendip\u00e4evade ja muude SKS V\u00f5ru O\u00dc-ga seotud tegevuste kohta.<\/p>\n<p>SKS V\u00f5ru O\u00dc ei jaga, edasta, muuda ega kasuta isikuandmeid kunagi ettearvamatul viisil, v\u00e4lja arvatud juhul, kui see on kliendiga kokku lepitud v\u00f5i teabe avaldamine on vajalik Eesti Vabariigi seadusandlusest tulenevatel p\u00f5hjustel.<\/p>\n<p>Kui saate meilt \u00fclaltoodud teavet ilma, et oleksite meiega oma isikuandmeid jaganud, siis palun v\u00f5tke \u00fchendust aadressil <a href=\"mailto:info@bioswing.ee\">info@bioswing.ee<\/a>.<\/p>\n<p>Isikul on \u00f5igus mistahes hetkel oma luba tagasi v\u00f5tta, saates selleks p\u00e4ringu aadressil <a href=\"mailto:info@bioswing.ee\">info@bioswing.ee<\/a>.<\/p>\n<p><strong>K\u00fcpsised<\/strong><\/p>\n<p>SKS V\u00f5ru O\u00dc kasutab oma kodulehel k\u00fcpsiseid teie sirvimisajaloo anal\u00fc\u00fcsimiseks. Me kasutame seda teavet, et muuta teie kasutajakogemus mugavamaks ning teie vajadustele paremini vastavaks. Samuti kasutame k\u00fcpsiseid statistiliseks anal\u00fc\u00fcsiks ning et n\u00e4idata teile reklaame hoolikalt valitud kolmandate poolte rakenduste kaudu (nagu Google, Adroll, Facebook, Mailchimp jne).<\/p>\n<p>K\u00fcpsis on tekstifail, mille edastab sirvitav veebileht ning mida s\u00e4ilitatakse kasutaja arvutis. K\u00fcpsiseid s\u00e4ilitatakse kasutaja veebibrauseri failikataloogis. Kui kasutaja on lehte varem k\u00fclastanud, loeb brauser k\u00fcpsist ning edastab asjakohase info veebilehele v\u00f5i \u00fcksusele, mis k\u00fcpsise algusesse salvestati. Rohkem infot k\u00fcpsiste kohta on saadaval aadressil <a href=\"http:\/\/www.aki.ee\/et\/kupsised\">www.aki.ee\/et\/kupsised<\/a>.<\/p>\n<p>Veebilehitsejal on \u00f5igus k\u00fcpsiste kasutamine blokeerida. Kui soovite seda teha, peate oma brauseri seadeid muutma.<\/p>\n<p><strong>Andmekaitsep\u00f5him\u00f5tete tingimused<\/strong><\/p>\n<p>Oma andmeid edastades ning veebilehe kasutamist j\u00e4tkates kinnitate, et j\u00e4rgite meie eeskirju ja kasutamistingimusi ja n\u00f5ustute nendega. SKS V\u00f5ru O\u00dc j\u00e4tab endale \u00f5iguse vajaduse korral andmekaitsep\u00f5him\u00f5tete \u00fcldtingimusi muuta.<\/p>\n<p>Andmekaitsep\u00f5him\u00f5tetega seotud k\u00fcsimuste korral v\u00f5tke meiega \u00fchendust aadressil <a href=\"mailto:info@bioswing.ee\">info@bioswing.ee<\/a>.<\/p>\n<\/div><\/div><\/div><div class=\"fusion-layout-column fusion_builder_column fusion-builder-column-2 fusion_builder_column_1_5 1_5 fusion-flex-column\" style=\"--awb-bg-size:cover;--awb-width-large:20%;--awb-margin-top-large:0px;--awb-spacing-right-large:9.6%;--awb-margin-bottom-large:20px;--awb-spacing-left-large:9.6%;--awb-width-medium:20%;--awb-order-medium:0;--awb-spacing-right-medium:9.6%;--awb-spacing-left-medium:9.6%;--awb-width-small:100%;--awb-order-small:0;--awb-spacing-right-small:1.92%;--awb-spacing-left-small:1.92%;\"><div class=\"fusion-column-wrapper fusion-column-has-shadow fusion-flex-justify-content-flex-start fusion-content-layout-column\"><\/div><\/div><\/div><\/div><div class=\"fusion-fullwidth fullwidth-box fusion-builder-row-2 fusion-flex-container has-pattern-background has-mask-background nonhundred-percent-fullwidth non-hundred-percent-height-scrolling\" style=\"--awb-border-radius-top-left:0px;--awb-border-radius-top-right:0px;--awb-border-radius-bottom-right:0px;--awb-border-radius-bottom-left:0px;--awb-flex-wrap:wrap;\" ><div class=\"fusion-builder-row fusion-row fusion-flex-align-items-flex-start fusion-flex-content-wrap\" style=\"max-width:1248px;margin-left: calc(-4% \/ 2 );margin-right: calc(-4% \/ 2 );\"><\/div><\/div><\/p>\n","protected":false},"excerpt":{"rendered":"","protected":false},"author":1,"featured_media":0,"parent":0,"menu_order":0,"comment_status":"closed","ping_status":"open","template":"","meta":{"_acf_changed":false,"footnotes":""},"class_list":["post-2023","page","type-page","status-publish","hentry"],"acf":[],"yoast_head":"<!-- This site is optimized with the Yoast SEO plugin v24.3 - https:\/\/yoast.com\/wordpress\/plugins\/seo\/ -->\n<title>Privaatsuspoliitika - BIOSWING<\/title>\n<meta name=\"robots\" content=\"index, follow, max-snippet:-1, max-image-preview:large, max-video-preview:-1\" \/>\n<link rel=\"canonical\" href=\"https:\/\/bioswing.ee\/et\/privaatsuspoliitika\/\" \/>\n<meta property=\"og:locale\" content=\"et_EE\" \/>\n<meta property=\"og:type\" content=\"article\" \/>\n<meta property=\"og:title\" content=\"Privaatsuspoliitika - BIOSWING\" \/>\n<meta property=\"og:url\" content=\"https:\/\/bioswing.ee\/et\/privaatsuspoliitika\/\" \/>\n<meta property=\"og:site_name\" content=\"BIOSWING\" \/>\n<meta property=\"article:modified_time\" content=\"2023-08-08T12:13:06+00:00\" \/>\n<meta name=\"twitter:card\" content=\"summary_large_image\" \/>\n<meta name=\"twitter:label1\" content=\"Est. reading time\" \/>\n\t<meta name=\"twitter:data1\" content=\"11 minutit\" \/>\n<script type=\"application\/ld+json\" class=\"yoast-schema-graph\">{\"@context\":\"https:\/\/schema.org\",\"@graph\":[{\"@type\":\"WebPage\",\"@id\":\"https:\/\/bioswing.ee\/et\/privaatsuspoliitika\/\",\"url\":\"https:\/\/bioswing.ee\/et\/privaatsuspoliitika\/\",\"name\":\"Privaatsuspoliitika - BIOSWING\",\"isPartOf\":{\"@id\":\"https:\/\/bioswing.ee\/#website\"},\"datePublished\":\"2023-03-31T19:29:21+00:00\",\"dateModified\":\"2023-08-08T12:13:06+00:00\",\"breadcrumb\":{\"@id\":\"https:\/\/bioswing.ee\/et\/privaatsuspoliitika\/#breadcrumb\"},\"inLanguage\":\"et\",\"potentialAction\":[{\"@type\":\"ReadAction\",\"target\":[\"https:\/\/bioswing.ee\/et\/privaatsuspoliitika\/\"]}]},{\"@type\":\"BreadcrumbList\",\"@id\":\"https:\/\/bioswing.ee\/et\/privaatsuspoliitika\/#breadcrumb\",\"itemListElement\":[{\"@type\":\"ListItem\",\"position\":1,\"name\":\"Home\",\"item\":\"https:\/\/bioswing.ee\/et\/\"},{\"@type\":\"ListItem\",\"position\":2,\"name\":\"Privaatsuspoliitika\"}]},{\"@type\":\"WebSite\",\"@id\":\"https:\/\/bioswing.ee\/#website\",\"url\":\"https:\/\/bioswing.ee\/\",\"name\":\"BIOSWING\",\"description\":\"Smart solutions for healthy sitting\",\"publisher\":{\"@id\":\"https:\/\/bioswing.ee\/#organization\"},\"potentialAction\":[{\"@type\":\"SearchAction\",\"target\":{\"@type\":\"EntryPoint\",\"urlTemplate\":\"https:\/\/bioswing.ee\/?s={search_term_string}\"},\"query-input\":{\"@type\":\"PropertyValueSpecification\",\"valueRequired\":true,\"valueName\":\"search_term_string\"}}],\"inLanguage\":\"et\"},{\"@type\":\"Organization\",\"@id\":\"https:\/\/bioswing.ee\/#organization\",\"name\":\"BIOSWING\",\"url\":\"https:\/\/bioswing.ee\/\",\"logo\":{\"@type\":\"ImageObject\",\"inLanguage\":\"et\",\"@id\":\"https:\/\/bioswing.ee\/#\/schema\/logo\/image\/\",\"url\":\"https:\/\/bioswing.ee\/wp-content\/uploads\/2023\/04\/logo_web.png\",\"contentUrl\":\"https:\/\/bioswing.ee\/wp-content\/uploads\/2023\/04\/logo_web.png\",\"width\":140,\"height\":122,\"caption\":\"BIOSWING\"},\"image\":{\"@id\":\"https:\/\/bioswing.ee\/#\/schema\/logo\/image\/\"}}]}<\/script>\n<!-- \/ Yoast SEO plugin. -->","yoast_head_json":{"title":"Privaatsuspoliitika - BIOSWING","robots":{"index":"index","follow":"follow","max-snippet":"max-snippet:-1","max-image-preview":"max-image-preview:large","max-video-preview":"max-video-preview:-1"},"canonical":"https:\/\/bioswing.ee\/et\/privaatsuspoliitika\/","og_locale":"et_EE","og_type":"article","og_title":"Privaatsuspoliitika - BIOSWING","og_url":"https:\/\/bioswing.ee\/et\/privaatsuspoliitika\/","og_site_name":"BIOSWING","article_modified_time":"2023-08-08T12:13:06+00:00","twitter_card":"summary_large_image","twitter_misc":{"Est. reading time":"11 minutit"},"schema":{"@context":"https:\/\/schema.org","@graph":[{"@type":"WebPage","@id":"https:\/\/bioswing.ee\/et\/privaatsuspoliitika\/","url":"https:\/\/bioswing.ee\/et\/privaatsuspoliitika\/","name":"Privaatsuspoliitika - BIOSWING","isPartOf":{"@id":"https:\/\/bioswing.ee\/#website"},"datePublished":"2023-03-31T19:29:21+00:00","dateModified":"2023-08-08T12:13:06+00:00","breadcrumb":{"@id":"https:\/\/bioswing.ee\/et\/privaatsuspoliitika\/#breadcrumb"},"inLanguage":"et","potentialAction":[{"@type":"ReadAction","target":["https:\/\/bioswing.ee\/et\/privaatsuspoliitika\/"]}]},{"@type":"BreadcrumbList","@id":"https:\/\/bioswing.ee\/et\/privaatsuspoliitika\/#breadcrumb","itemListElement":[{"@type":"ListItem","position":1,"name":"Home","item":"https:\/\/bioswing.ee\/et\/"},{"@type":"ListItem","position":2,"name":"Privaatsuspoliitika"}]},{"@type":"WebSite","@id":"https:\/\/bioswing.ee\/#website","url":"https:\/\/bioswing.ee\/","name":"BIOSWING","description":"Smart solutions for healthy sitting","publisher":{"@id":"https:\/\/bioswing.ee\/#organization"},"potentialAction":[{"@type":"SearchAction","target":{"@type":"EntryPoint","urlTemplate":"https:\/\/bioswing.ee\/?s={search_term_string}"},"query-input":{"@type":"PropertyValueSpecification","valueRequired":true,"valueName":"search_term_string"}}],"inLanguage":"et"},{"@type":"Organization","@id":"https:\/\/bioswing.ee\/#organization","name":"BIOSWING","url":"https:\/\/bioswing.ee\/","logo":{"@type":"ImageObject","inLanguage":"et","@id":"https:\/\/bioswing.ee\/#\/schema\/logo\/image\/","url":"https:\/\/bioswing.ee\/wp-content\/uploads\/2023\/04\/logo_web.png","contentUrl":"https:\/\/bioswing.ee\/wp-content\/uploads\/2023\/04\/logo_web.png","width":140,"height":122,"caption":"BIOSWING"},"image":{"@id":"https:\/\/bioswing.ee\/#\/schema\/logo\/image\/"}}]}},"_links":{"self":[{"href":"https:\/\/bioswing.ee\/et\/wp-json\/wp\/v2\/pages\/2023"}],"collection":[{"href":"https:\/\/bioswing.ee\/et\/wp-json\/wp\/v2\/pages"}],"about":[{"href":"https:\/\/bioswing.ee\/et\/wp-json\/wp\/v2\/types\/page"}],"author":[{"embeddable":true,"href":"https:\/\/bioswing.ee\/et\/wp-json\/wp\/v2\/users\/1"}],"replies":[{"embeddable":true,"href":"https:\/\/bioswing.ee\/et\/wp-json\/wp\/v2\/comments?post=2023"}],"version-history":[{"count":2,"href":"https:\/\/bioswing.ee\/et\/wp-json\/wp\/v2\/pages\/2023\/revisions"}],"predecessor-version":[{"id":2030,"href":"https:\/\/bioswing.ee\/et\/wp-json\/wp\/v2\/pages\/2023\/revisions\/2030"}],"wp:attachment":[{"href":"https:\/\/bioswing.ee\/et\/wp-json\/wp\/v2\/media?parent=2023"}],"curies":[{"name":"wp","href":"https:\/\/api.w.org\/{rel}","templated":true}]}}