{"id":35921,"date":"2026-04-01T16:05:38","date_gmt":"2026-04-01T16:05:38","guid":{"rendered":"https:\/\/bioswing.ee\/?post_type=product&#038;p=35921"},"modified":"2026-04-01T16:06:13","modified_gmt":"2026-04-01T16:06:13","slug":"bioswing-260-iq-copy-copy-copy-copy-copy-copy-copy-copy-copy-copy-copy","status":"publish","type":"product","link":"https:\/\/bioswing.ee\/de\/toode\/bioswing-260-iq-copy-copy-copy-copy-copy-copy-copy-copy-copy-copy-copy\/","title":{"rendered":"BIOSWING 260 iQ (Copy) (Copy) (Copy) (Copy) (Copy) (Copy) (Copy) (Copy) (Copy) (Copy) (Copy)"},"content":{"rendered":"<h4>BIOSWING 260 iQ<\/h4>\n<ul>\n<li>Ergonomischer und orthop\u00e4disch wirksamer B\u00fcrodrehstuhl<\/li>\n<li>Integriertes, adaptives 3D-Sitzwerk<\/li>\n<li>Synchronmechanik mit automatischer Gewichtsanpassung (sowie Feinjustierung)<\/li>\n<li>Armlehnen in der H\u00f6he individuell einstellbar<\/li>\n<li>Individuelle Sitzneigungsverstellung, wahlweise mit Beckenbalance oder Gasfeder<\/li>\n<li>Sitztiefenanpassung f\u00fcr unterschiedlich lange Beinl\u00e4ngen<\/li>\n<li>R\u00fcckenlehne mit integrierter Lumbalausformung, individuell in der H\u00f6he einstellbar<\/li>\n<li>R\u00fcckenlehnenh\u00f6he: 60 cm<\/li>\n<li>Stoffbezug: X-treme FR schwarz<\/li>\n<li>Fu\u00dfkreuz: Kunststoff, schwarz<\/li>\n<\/ul>\n<p><iframe width=\"100%\" height=\"450\" src=\"https:\/\/www.youtube.com\/embed\/eWx3ptVNA2o\" title=\"YouTube video player\" frameborder=\"0\" allow=\"accelerometer; autoplay; clipboard-write; encrypted-media; gyroscope; picture-in-picture; web-share\" allowfullscreen=\"\"><\/iframe><\/p>\n<p><iframe width=\"100%\" height=\"450\" src=\"https:\/\/www.youtube.com\/embed\/BT8pISMfc4A?si=t-7XvezoVs5aMeyF\" title=\"YouTube video player\" frameborder=\"0\" allow=\"accelerometer; autoplay; clipboard-write; encrypted-media; gyroscope; picture-in-picture; web-share\" allowfullscreen=\"\"><\/iframe><\/p>\n","protected":false},"excerpt":{"rendered":"<h4>Leistungsbereitschaft und Gesundheit h\u00e4ngen eng mit der Anpassung des Stuhles an die individuelle Anatomie zusammen.<\/h4>\n<p>Je exakter sich ein B\u00fcrostuhl an die pers\u00f6nlichen Gegebenheiten anpassen l\u00e4sst, umso besser, vor allem wenn Sie lange sitzen m\u00fcssen.<\/p>\n<p>Wir stellen Ihnen im Folgenden die wichtigsten Einstellm\u00f6glichkeiten bei der 2er-Reihe vor.<\/p>\n<h4>Ein BIOSWING-B\u00fcrostuhl der 2er-Reihe bietet viel zus\u00e4tzliche Bewegung beim Sitzen.<\/h4>\n<p>Denn durch die unterschiedlichen Mechaniken reagiert der 2er nicht nur auf <strong>jeden Bewegungsimpuls<\/strong> des Nutzers, sondern passt sich auch individuell an jede K\u00f6rperhaltung an, die Sie im Laufe eines langen Tages einnehmen. Und zus\u00e4tzlich gilt: Die beste Haltung ist immer die n\u00e4chste.<\/p>\n<p>Eine aufrechte K\u00f6rperhaltung in Verbindung viel aktiver Bewegung liebt unsere Wirbels\u00e4ule. Serienm\u00e4\u00dfig ist die 2er-Reihe (Bestseller) wahlweise mit einer individuell einstellbaren Sitzneigungsverstellung oder einer wunderbar weich reagieren Beckenbalance ausgestattet, so dass Sie leicht Ihr Becken und damit auch Ihre Wirbels\u00e4ule in die nat\u00fcrliche S-Form bringen k\u00f6nnen.<\/p>\n<p>Die Unterschiede der beiden Mechaniken sollten Sie sich live bei einem unserer vielen Ergonomie-Experten zeigen lassen und ausprobieren.<\/p>\n<p>Aktive Bewegung in Verbindung mit einer aufrechten K\u00f6rperhaltung tun der Wirbels\u00e4ule gut. Mit der <strong>individuell einstellbaren Sitzneigungsverstellung<\/strong> k\u00f6nnen Sie jedes Modell aus der 2er-Reihe in der Neigung so Ihren W\u00fcnschen anpassen, dass Dank der Beckenaufrichtung auch die <strong>nat\u00fcrliche S-Form Ihrer Wirbels\u00e4ule erhalten<\/strong> bleibt.<\/p>\n<p><img decoding=\"async\" class=\"alignnone wp-image-916\" src=\"https:\/\/bioswing.ee\/wp-content\/uploads\/2023\/04\/pdf.png\" alt=\"pdf\" width=\"19\" height=\"20\"> <a href=\"https:\/\/bioswing.ee\/wp-content\/uploads\/2023\/04\/produktblatt_260_v02_EN.pdf\" target=\"_blank\" rel=\"noopener\">Produktblatt herunterladen (PDF)<\/a><\/p>\n","protected":false},"featured_media":35948,"template":"","meta":{"_acf_changed":false},"product_brand":[],"product_cat":[],"product_tag":[],"class_list":{"0":"post-35921","1":"product","2":"type-product","3":"status-publish","4":"has-post-thumbnail","7":"first","8":"instock","9":"sale","10":"taxable","11":"shipping-taxable","12":"purchasable","13":"product-type-simple"},"acf":[],"yoast_head":"<!-- This site is optimized with the Yoast SEO plugin v24.3 - https:\/\/yoast.com\/wordpress\/plugins\/seo\/ -->\n<title>BIOSWING 260 iQ (Copy) (Copy) (Copy) (Copy) (Copy) (Copy) (Copy) (Copy) (Copy) (Copy) (Copy) - BIOSWING<\/title>\n<meta name=\"robots\" content=\"index, follow, max-snippet:-1, max-image-preview:large, max-video-preview:-1\" \/>\n<link rel=\"canonical\" href=\"https:\/\/bioswing.ee\/de\/toode\/bioswing-260-iq-copy-copy-copy-copy-copy-copy-copy-copy-copy-copy-copy\/\" \/>\n<meta property=\"og:locale\" content=\"de_DE\" \/>\n<meta property=\"og:type\" content=\"article\" \/>\n<meta property=\"og:title\" content=\"BIOSWING 260 iQ (Copy) (Copy) (Copy) (Copy) (Copy) (Copy) (Copy) (Copy) (Copy) (Copy) (Copy) - BIOSWING\" \/>\n<meta property=\"og:description\" content=\"Leistungsbereitschaft und Gesundheit h\u00e4ngen eng mit der Anpassung des Stuhles an die individuelle Anatomie zusammen. Je exakter sich ein B\u00fcrostuhl an die pers\u00f6nlichen Gegebenheiten anpassen l\u00e4sst, umso besser, vor allem wenn Sie lange sitzen m\u00fcssen. Wir stellen Ihnen im Folgenden die wichtigsten Einstellm\u00f6glichkeiten bei der 2er-Reihe vor. Ein BIOSWING-B\u00fcrostuhl der 2er-Reihe bietet viel zus\u00e4tzliche Bewegung beim Sitzen. Denn durch die unterschiedlichen Mechaniken reagiert der 2er nicht nur auf jeden Bewegungsimpuls des Nutzers, sondern passt sich auch individuell an jede K\u00f6rperhaltung an, die Sie im Laufe eines langen Tages einnehmen. Und zus\u00e4tzlich gilt: Die beste Haltung ist immer die n\u00e4chste. Eine aufrechte K\u00f6rperhaltung in Verbindung viel aktiver Bewegung liebt unsere Wirbels\u00e4ule. Serienm\u00e4\u00dfig ist die 2er-Reihe (Bestseller) wahlweise mit einer individuell einstellbaren Sitzneigungsverstellung oder einer wunderbar weich reagieren Beckenbalance ausgestattet, so dass Sie leicht Ihr Becken und damit auch Ihre Wirbels\u00e4ule in die nat\u00fcrliche S-Form bringen k\u00f6nnen. Die Unterschiede der beiden Mechaniken sollten Sie sich live bei einem unserer vielen Ergonomie-Experten zeigen lassen und ausprobieren. Aktive Bewegung in Verbindung mit einer aufrechten K\u00f6rperhaltung tun der Wirbels\u00e4ule gut. Mit der individuell einstellbaren Sitzneigungsverstellung k\u00f6nnen Sie jedes Modell aus der 2er-Reihe in der Neigung so Ihren W\u00fcnschen anpassen, dass Dank der Beckenaufrichtung auch die nat\u00fcrliche S-Form Ihrer Wirbels\u00e4ule erhalten bleibt.  Produktblatt herunterladen (PDF)\" \/>\n<meta property=\"og:url\" content=\"https:\/\/bioswing.ee\/de\/toode\/bioswing-260-iq-copy-copy-copy-copy-copy-copy-copy-copy-copy-copy-copy\/\" \/>\n<meta property=\"og:site_name\" content=\"BIOSWING\" \/>\n<meta property=\"article:modified_time\" content=\"2026-04-01T16:06:13+00:00\" \/>\n<meta property=\"og:image\" content=\"https:\/\/bioswing.ee\/wp-content\/uploads\/2026\/04\/bioswing_boogie_classic_1.jpg\" \/>\n\t<meta property=\"og:image:width\" content=\"800\" \/>\n\t<meta property=\"og:image:height\" content=\"1066\" \/>\n\t<meta property=\"og:image:type\" content=\"image\/jpeg\" \/>\n<meta name=\"twitter:card\" content=\"summary_large_image\" \/>\n<script type=\"application\/ld+json\" class=\"yoast-schema-graph\">{\"@context\":\"https:\/\/schema.org\",\"@graph\":[{\"@type\":\"WebPage\",\"@id\":\"https:\/\/bioswing.ee\/de\/toode\/bioswing-260-iq-copy-copy-copy-copy-copy-copy-copy-copy-copy-copy-copy\/\",\"url\":\"https:\/\/bioswing.ee\/de\/toode\/bioswing-260-iq-copy-copy-copy-copy-copy-copy-copy-copy-copy-copy-copy\/\",\"name\":\"BIOSWING 260 iQ (Copy) (Copy) (Copy) (Copy) (Copy) (Copy) (Copy) (Copy) (Copy) (Copy) (Copy) - BIOSWING\",\"isPartOf\":{\"@id\":\"https:\/\/bioswing.ee\/#website\"},\"primaryImageOfPage\":{\"@id\":\"https:\/\/bioswing.ee\/de\/toode\/bioswing-260-iq-copy-copy-copy-copy-copy-copy-copy-copy-copy-copy-copy\/#primaryimage\"},\"image\":{\"@id\":\"https:\/\/bioswing.ee\/de\/toode\/bioswing-260-iq-copy-copy-copy-copy-copy-copy-copy-copy-copy-copy-copy\/#primaryimage\"},\"thumbnailUrl\":\"https:\/\/bioswing.ee\/wp-content\/uploads\/2026\/04\/bioswing_boogie_switch_1.jpg\",\"datePublished\":\"2026-04-01T16:05:38+00:00\",\"dateModified\":\"2026-04-01T16:06:13+00:00\",\"breadcrumb\":{\"@id\":\"https:\/\/bioswing.ee\/de\/toode\/bioswing-260-iq-copy-copy-copy-copy-copy-copy-copy-copy-copy-copy-copy\/#breadcrumb\"},\"inLanguage\":\"de-DE\",\"potentialAction\":[{\"@type\":\"ReadAction\",\"target\":[\"https:\/\/bioswing.ee\/de\/toode\/bioswing-260-iq-copy-copy-copy-copy-copy-copy-copy-copy-copy-copy-copy\/\"]}]},{\"@type\":\"ImageObject\",\"inLanguage\":\"de-DE\",\"@id\":\"https:\/\/bioswing.ee\/de\/toode\/bioswing-260-iq-copy-copy-copy-copy-copy-copy-copy-copy-copy-copy-copy\/#primaryimage\",\"url\":\"https:\/\/bioswing.ee\/wp-content\/uploads\/2026\/04\/bioswing_boogie_switch_1.jpg\",\"contentUrl\":\"https:\/\/bioswing.ee\/wp-content\/uploads\/2026\/04\/bioswing_boogie_switch_1.jpg\",\"width\":800,\"height\":1066},{\"@type\":\"BreadcrumbList\",\"@id\":\"https:\/\/bioswing.ee\/de\/toode\/bioswing-260-iq-copy-copy-copy-copy-copy-copy-copy-copy-copy-copy-copy\/#breadcrumb\",\"itemListElement\":[{\"@type\":\"ListItem\",\"position\":1,\"name\":\"Home\",\"item\":\"https:\/\/bioswing.ee\/\"},{\"@type\":\"ListItem\",\"position\":2,\"name\":\"SHOP\",\"item\":\"https:\/\/bioswing.ee\/de\/shop\/\"},{\"@type\":\"ListItem\",\"position\":3,\"name\":\"BIOSWING 260 iQ (Copy) (Copy) (Copy) (Copy) (Copy) (Copy) (Copy) (Copy) (Copy) (Copy) (Copy)\"}]},{\"@type\":\"WebSite\",\"@id\":\"https:\/\/bioswing.ee\/#website\",\"url\":\"https:\/\/bioswing.ee\/\",\"name\":\"BIOSWING\",\"description\":\"Smart solutions for healthy sitting\",\"publisher\":{\"@id\":\"https:\/\/bioswing.ee\/#organization\"},\"potentialAction\":[{\"@type\":\"SearchAction\",\"target\":{\"@type\":\"EntryPoint\",\"urlTemplate\":\"https:\/\/bioswing.ee\/?s={search_term_string}\"},\"query-input\":{\"@type\":\"PropertyValueSpecification\",\"valueRequired\":true,\"valueName\":\"search_term_string\"}}],\"inLanguage\":\"de-DE\"},{\"@type\":\"Organization\",\"@id\":\"https:\/\/bioswing.ee\/#organization\",\"name\":\"BIOSWING\",\"url\":\"https:\/\/bioswing.ee\/\",\"logo\":{\"@type\":\"ImageObject\",\"inLanguage\":\"de-DE\",\"@id\":\"https:\/\/bioswing.ee\/#\/schema\/logo\/image\/\",\"url\":\"https:\/\/bioswing.ee\/wp-content\/uploads\/2023\/04\/logo_web.png\",\"contentUrl\":\"https:\/\/bioswing.ee\/wp-content\/uploads\/2023\/04\/logo_web.png\",\"width\":140,\"height\":122,\"caption\":\"BIOSWING\"},\"image\":{\"@id\":\"https:\/\/bioswing.ee\/#\/schema\/logo\/image\/\"}}]}<\/script>\n<!-- \/ Yoast SEO plugin. -->","yoast_head_json":{"title":"BIOSWING 260 iQ (Copy) (Copy) (Copy) (Copy) (Copy) (Copy) (Copy) (Copy) (Copy) (Copy) (Copy) - BIOSWING","robots":{"index":"index","follow":"follow","max-snippet":"max-snippet:-1","max-image-preview":"max-image-preview:large","max-video-preview":"max-video-preview:-1"},"canonical":"https:\/\/bioswing.ee\/de\/toode\/bioswing-260-iq-copy-copy-copy-copy-copy-copy-copy-copy-copy-copy-copy\/","og_locale":"de_DE","og_type":"article","og_title":"BIOSWING 260 iQ (Copy) (Copy) (Copy) (Copy) (Copy) (Copy) (Copy) (Copy) (Copy) (Copy) (Copy) - BIOSWING","og_description":"Leistungsbereitschaft und Gesundheit h\u00e4ngen eng mit der Anpassung des Stuhles an die individuelle Anatomie zusammen. Je exakter sich ein B\u00fcrostuhl an die pers\u00f6nlichen Gegebenheiten anpassen l\u00e4sst, umso besser, vor allem wenn Sie lange sitzen m\u00fcssen. Wir stellen Ihnen im Folgenden die wichtigsten Einstellm\u00f6glichkeiten bei der 2er-Reihe vor. Ein BIOSWING-B\u00fcrostuhl der 2er-Reihe bietet viel zus\u00e4tzliche Bewegung beim Sitzen. Denn durch die unterschiedlichen Mechaniken reagiert der 2er nicht nur auf jeden Bewegungsimpuls des Nutzers, sondern passt sich auch individuell an jede K\u00f6rperhaltung an, die Sie im Laufe eines langen Tages einnehmen. Und zus\u00e4tzlich gilt: Die beste Haltung ist immer die n\u00e4chste. Eine aufrechte K\u00f6rperhaltung in Verbindung viel aktiver Bewegung liebt unsere Wirbels\u00e4ule. Serienm\u00e4\u00dfig ist die 2er-Reihe (Bestseller) wahlweise mit einer individuell einstellbaren Sitzneigungsverstellung oder einer wunderbar weich reagieren Beckenbalance ausgestattet, so dass Sie leicht Ihr Becken und damit auch Ihre Wirbels\u00e4ule in die nat\u00fcrliche S-Form bringen k\u00f6nnen. Die Unterschiede der beiden Mechaniken sollten Sie sich live bei einem unserer vielen Ergonomie-Experten zeigen lassen und ausprobieren. Aktive Bewegung in Verbindung mit einer aufrechten K\u00f6rperhaltung tun der Wirbels\u00e4ule gut. Mit der individuell einstellbaren Sitzneigungsverstellung k\u00f6nnen Sie jedes Modell aus der 2er-Reihe in der Neigung so Ihren W\u00fcnschen anpassen, dass Dank der Beckenaufrichtung auch die nat\u00fcrliche S-Form Ihrer Wirbels\u00e4ule erhalten bleibt.  Produktblatt herunterladen (PDF)","og_url":"https:\/\/bioswing.ee\/de\/toode\/bioswing-260-iq-copy-copy-copy-copy-copy-copy-copy-copy-copy-copy-copy\/","og_site_name":"BIOSWING","article_modified_time":"2026-04-01T16:06:13+00:00","og_image":[{"width":800,"height":1066,"url":"https:\/\/bioswing.ee\/wp-content\/uploads\/2026\/04\/bioswing_boogie_classic_1.jpg","type":"image\/jpeg"}],"twitter_card":"summary_large_image","schema":{"@context":"https:\/\/schema.org","@graph":[{"@type":"WebPage","@id":"https:\/\/bioswing.ee\/de\/toode\/bioswing-260-iq-copy-copy-copy-copy-copy-copy-copy-copy-copy-copy-copy\/","url":"https:\/\/bioswing.ee\/de\/toode\/bioswing-260-iq-copy-copy-copy-copy-copy-copy-copy-copy-copy-copy-copy\/","name":"BIOSWING 260 iQ (Copy) (Copy) (Copy) (Copy) (Copy) (Copy) (Copy) (Copy) (Copy) (Copy) (Copy) - BIOSWING","isPartOf":{"@id":"https:\/\/bioswing.ee\/#website"},"primaryImageOfPage":{"@id":"https:\/\/bioswing.ee\/de\/toode\/bioswing-260-iq-copy-copy-copy-copy-copy-copy-copy-copy-copy-copy-copy\/#primaryimage"},"image":{"@id":"https:\/\/bioswing.ee\/de\/toode\/bioswing-260-iq-copy-copy-copy-copy-copy-copy-copy-copy-copy-copy-copy\/#primaryimage"},"thumbnailUrl":"https:\/\/bioswing.ee\/wp-content\/uploads\/2026\/04\/bioswing_boogie_switch_1.jpg","datePublished":"2026-04-01T16:05:38+00:00","dateModified":"2026-04-01T16:06:13+00:00","breadcrumb":{"@id":"https:\/\/bioswing.ee\/de\/toode\/bioswing-260-iq-copy-copy-copy-copy-copy-copy-copy-copy-copy-copy-copy\/#breadcrumb"},"inLanguage":"de-DE","potentialAction":[{"@type":"ReadAction","target":["https:\/\/bioswing.ee\/de\/toode\/bioswing-260-iq-copy-copy-copy-copy-copy-copy-copy-copy-copy-copy-copy\/"]}]},{"@type":"ImageObject","inLanguage":"de-DE","@id":"https:\/\/bioswing.ee\/de\/toode\/bioswing-260-iq-copy-copy-copy-copy-copy-copy-copy-copy-copy-copy-copy\/#primaryimage","url":"https:\/\/bioswing.ee\/wp-content\/uploads\/2026\/04\/bioswing_boogie_switch_1.jpg","contentUrl":"https:\/\/bioswing.ee\/wp-content\/uploads\/2026\/04\/bioswing_boogie_switch_1.jpg","width":800,"height":1066},{"@type":"BreadcrumbList","@id":"https:\/\/bioswing.ee\/de\/toode\/bioswing-260-iq-copy-copy-copy-copy-copy-copy-copy-copy-copy-copy-copy\/#breadcrumb","itemListElement":[{"@type":"ListItem","position":1,"name":"Home","item":"https:\/\/bioswing.ee\/"},{"@type":"ListItem","position":2,"name":"SHOP","item":"https:\/\/bioswing.ee\/de\/shop\/"},{"@type":"ListItem","position":3,"name":"BIOSWING 260 iQ (Copy) (Copy) (Copy) (Copy) (Copy) (Copy) (Copy) (Copy) (Copy) (Copy) (Copy)"}]},{"@type":"WebSite","@id":"https:\/\/bioswing.ee\/#website","url":"https:\/\/bioswing.ee\/","name":"BIOSWING","description":"Smart solutions for healthy sitting","publisher":{"@id":"https:\/\/bioswing.ee\/#organization"},"potentialAction":[{"@type":"SearchAction","target":{"@type":"EntryPoint","urlTemplate":"https:\/\/bioswing.ee\/?s={search_term_string}"},"query-input":{"@type":"PropertyValueSpecification","valueRequired":true,"valueName":"search_term_string"}}],"inLanguage":"de-DE"},{"@type":"Organization","@id":"https:\/\/bioswing.ee\/#organization","name":"BIOSWING","url":"https:\/\/bioswing.ee\/","logo":{"@type":"ImageObject","inLanguage":"de-DE","@id":"https:\/\/bioswing.ee\/#\/schema\/logo\/image\/","url":"https:\/\/bioswing.ee\/wp-content\/uploads\/2023\/04\/logo_web.png","contentUrl":"https:\/\/bioswing.ee\/wp-content\/uploads\/2023\/04\/logo_web.png","width":140,"height":122,"caption":"BIOSWING"},"image":{"@id":"https:\/\/bioswing.ee\/#\/schema\/logo\/image\/"}}]}},"_links":{"self":[{"href":"https:\/\/bioswing.ee\/de\/wp-json\/wp\/v2\/product\/35921"}],"collection":[{"href":"https:\/\/bioswing.ee\/de\/wp-json\/wp\/v2\/product"}],"about":[{"href":"https:\/\/bioswing.ee\/de\/wp-json\/wp\/v2\/types\/product"}],"wp:featuredmedia":[{"embeddable":true,"href":"https:\/\/bioswing.ee\/de\/wp-json\/wp\/v2\/media\/35948"}],"wp:attachment":[{"href":"https:\/\/bioswing.ee\/de\/wp-json\/wp\/v2\/media?parent=35921"}],"wp:term":[{"taxonomy":"product_brand","embeddable":true,"href":"https:\/\/bioswing.ee\/de\/wp-json\/wp\/v2\/product_brand?post=35921"},{"taxonomy":"product_cat","embeddable":true,"href":"https:\/\/bioswing.ee\/de\/wp-json\/wp\/v2\/product_cat?post=35921"},{"taxonomy":"product_tag","embeddable":true,"href":"https:\/\/bioswing.ee\/de\/wp-json\/wp\/v2\/product_tag?post=35921"}],"curies":[{"name":"wp","href":"https:\/\/api.w.org\/{rel}","templated":true}]}}